{"id":6928,"date":"2020-05-04T16:41:47","date_gmt":"2020-05-04T14:41:47","guid":{"rendered":"https:\/\/www.hausamstrom.de\/dum\/vystava\/"},"modified":"2025-10-24T11:48:23","modified_gmt":"2025-10-24T09:48:23","slug":"vystava","status":"publish","type":"page","link":"https:\/\/www.hausamstrom.de\/cs\/dum\/vystava\/","title":{"rendered":"V\u00fdstava"},"content":{"rendered":"<div class=\"wpb-content-wrapper\"><p>[vc_row][vc_column][vc_row_inner][vc_column_inner width=\u201d1\/2\u2033][vc_single_image image=\u201d1831\u2033 img_size=\u201dmedium\u201d alignment=\u201dcenter\u201d][\/vc_column_inner][vc_column_inner width=\u201d1\/2\u2033][vc_single_image image=\u201d1836\u2033 img_size=\u201dmedium\u201d alignment=\u201dcenter\u201d][\/vc_column_inner][\/vc_row_inner][vc_column_text]<strong>Hr\u00e1t si a ovl\u00e1dat s\u00e1m nebo jen v klidu pozorovat a poslouchat <\/strong><\/p>\n<p>Nov\u00e1 z\u00e1\u017eitkov\u00e1 v\u00fdstava v Dom\u011b u proudu \u0159eky nab\u00edz\u00ed vesel\u00fd a jednoduch\u00fd p\u0159\u00edstup k d\u016fle\u017eit\u00fdm t\u00e9mat\u016fm pasovsk\u00e9ho sev\u0159en\u00e9ho \u00fadol\u00ed Dunaje: p\u0159\u00edroda, energie a voda. Vodn\u00ed v\u00fdtah v dom\u011b ukazuje, jak se p\u0159\u00edroda a technika, ekologie a ekonomie st\u00e1vaj\u00ed symbi\u00f3zou \u2013 zabalen\u00e1 v unik\u00e1tn\u00ed architektu\u0159e, kter\u00e1 vizu\u00e1ln\u011b odr\u00e1\u017e\u00ed t\u00e9ma vody.<br \/>\n[\/vc_column_text][\/vc_column][\/vc_row][vc_row][vc_column]<div id=\"1559488187703-bff3bdfd-8a78\" class=\"dt-sc-empty-space\"><\/div>[vc_custom_heading text=\u201dM\u00edstnost 1\u2033 font_container=\u201dtag:h2|font_size:30px|text_align:left\u201d google_fonts=\u201dfont_family:Bubblegum%20Sans%3Aregular|font_style:400%20regular%3A400%3Anormal\u201d][\/vc_column][\/vc_row][vc_row content_placement=\u201dmiddle\u201d][vc_column width=\u201d1\/3\u2033][vc_single_image image=\u201d7814\u2033 img_size=\u201dmedium\u201d alignment=\u201dcenter\u201d][\/vc_column][vc_column width=\u201d2\/3\u2033][vc_column_text]Model krajiny poskytne rychl\u00fd p\u0159ehled a prost\u0159ednictv\u00edm velk\u00fdch obr\u00e1zk\u016f m\u00e1te chu\u0165 objevovat. Pozorujte zem\u011bpisn\u00e9 podm\u00ednky a prozkoum\u00e1vejte region. Sv\u011bt Dunajsk\u00e9ho \u00fadol\u00ed je zde pro V\u00e1s otev\u0159en\u00fd na p\u00e1r m2. Jako \u017eiv\u00fd drahokam se v t\u00e9to v\u00fdstav\u011b skr\u00fdv\u00e1 exempl\u00e1\u0159 je\u0161t\u011brky zelen\u00e9, m\u016f\u017eete tak\u00e9 obdivovat u\u017eovku stromovou. Pro v\u0161echny zv\u011bdavce je zde i pokladnice Natura 2000, kter\u00e1 obsahuje mnoho r\u016fzn\u00fdch informac\u00ed o okol\u00ed.[\/vc_column_text][\/vc_column][\/vc_row][vc_row][vc_column]<div id=\"1559488439413-0b12d341-9cd1\" class=\"dt-sc-empty-space\"><\/div>[vc_custom_heading text=\u201dM\u00edstnost 2\u2033 font_container=\u201dtag:h2|font_size:30px|text_align:left\u201d google_fonts=\u201dfont_family:Bubblegum%20Sans%3Aregular|font_style:400%20regular%3A400%3Anormal\u201d][\/vc_column][\/vc_row][vc_row content_placement=\u201dmiddle\u201d][vc_column width=\u201d1\/3\u2033][vc_single_image image=\u201d5038\u2033 img_size=\u201dmedium\u201d alignment=\u201dcenter\u201d][\/vc_column][vc_column width=\u201d2\/3\u2033][vc_column_text]<br \/>\nDejte nohy na ped\u00e1ly a vyr\u00e1b\u011bjte sami energii b\u011bhem j\u00edzdy Pasovem: vynalo\u017een\u00e1 s\u00edla rozsv\u00edt\u00ed sv\u011btlo. V t\u00e9to stanici m\u016f\u017eete na \u0161lapadle cestovat Pasovem a krom\u011b v\u00fdhledu na m\u011bsto se tak\u00e9 m\u016f\u017eete dozv\u011bd\u011bt, kolik energie je pot\u0159eba k uveden\u00ed elektrick\u00fdch za\u0159\u00edzen\u00ed do provozu. Vyzkou\u0161ejte to!<\/p>\n<p>Pono\u0159te Pasov pomoc\u00ed povod\u0148ov\u00e9ho modelu pod vodu a pod\u00edvejte se, jak se Pasov v pr\u016fb\u011bhu let musel vypo\u0159\u00e1dat s povodn\u011bmi. Jako mana\u017eer \u00faspory energie se dozv\u00edte, jak obt\u00ed\u017en\u00e9 je z\u00e1sobovat region dostate\u010dnou elekt\u0159inou. Pro ty, kte\u0159\u00ed maj\u00ed r\u00e1di n\u011bco v ruce, je geodrom se vzorky hornin to prav\u00e9. A pokud d\u00e1v\u00e1te p\u0159ednost d\u0159evu ne\u017e kameni, m\u016f\u017eete to zkusit jako bobr!<br \/>\n[\/vc_column_text][\/vc_column][\/vc_row][vc_row][vc_column]<div id=\"1559488535447-c0991454-6aab\" class=\"dt-sc-empty-space\"><\/div>[vc_custom_heading text=\u201dM\u00edstnost 3\u2033 font_container=\u201dtag:h2|font_size:30px|text_align:left\u201d google_fonts=\u201dfont_family:Bubblegum%20Sans%3Aregular|font_style:400%20regular%3A400%3Anormal\u201d][\/vc_column][\/vc_row][vc_row content_placement=\u201dmiddle\u201d][vc_column width=\u201d1\/3\u2033][vc_single_image image=\u201d5039\u2033 img_size=\u201dmedium\u201d alignment=\u201dcenter\u201d][\/vc_column][vc_column width=\u201d2\/3\u2033][vc_column_text]Jak se vyv\u00edjela kultura na Dunaji? Jak \u010dlov\u011bk vyu\u017e\u00edv\u00e1 Dunaj? Magnetem pro ve\u0159ejnost je model vyzy velk\u00e9, obra Dunaje, v \u017eivotn\u00ed velikost. Mal\u00fd p\u0159\u00edbuzn\u00fd tohoto obra se nach\u00e1z\u00ed v akv\u00e1riu, kter\u00e9 dom\u00e1c\u00edmi i p\u0159ist\u011bhovaleck\u00fdmi druhy ryb nab\u00edz\u00ed nahl\u00e9dnout do podvodn\u00edho sv\u011bta. Pomoc\u00ed simulace m\u016f\u017eete prozkoumat Dunaj a p\u0159ilehl\u00e9 pam\u00e1tky po cel\u00e9 Evrop\u011b lod\u00ed.<br \/>\n[\/vc_column_text][\/vc_column][\/vc_row][vc_row][vc_column]<div id=\"1559488610504-cd0b6eed-28b2\" class=\"dt-sc-empty-space\"><\/div>[vc_custom_heading text=\u201dM\u00edstnost 4\u2033 font_container=\u201dtag:h2|font_size:30px|text_align:left\u201d google_fonts=\u201dfont_family:Bubblegum%20Sans%3Aregular|font_style:400%20regular%3A400%3Anormal\u201d][\/vc_column][\/vc_row][vc_row content_placement=\u201dmiddle\u201d][vc_column width=\u201d1\/3\u2033][vc_single_image image=\u201d5040\u2033 img_size=\u201dmedium\u201d alignment=\u201dcenter\u201d][\/vc_column][vc_column width=\u201d2\/3\u2033][vc_column_text css=\u201d\u201d]A\u0165 u\u017e na po\u010d\u00edta\u010di nebo mikroskopem, sb\u00edrat poznatky o \u017eivotn\u011b d\u016fle\u017eit\u00e9m prvku vody je nap\u00ednav\u00e9 a z\u00e1bavn\u00e9. Netou\u017eili jste v\u017edy po tom plavat jako ryba v akv\u00e1riu? Vyfo\u0165te se a \u017easn\u011bte![\/vc_column_text][\/vc_column][\/vc_row]<\/p>\n<\/div>","protected":false},"excerpt":{"rendered":"<p>[vc_row][vc_column][vc_row_inner][vc_column_inner width=\u201d1\/2\u2033][vc_single_image image=\u201d1831\u2033 img_size=\u201dmedium\u201d alignment=\u201dcenter\u201d][\/vc_column_inner][vc_column_inner width=\u201d1\/2\u2033][vc_single_image image=\u201d1836\u2033 img_size=\u201dmedium\u201d alignment=\u201dcenter\u201d][\/vc_column_inner][\/vc_row_inner][vc_column_text]Hr\u00e1t si a ovl\u00e1dat s\u00e1m nebo jen v klidu pozorovat a poslouchat Nov\u00e1 z\u00e1\u017eitkov\u00e1 v\u00fdstava v Dom\u011b u proudu \u0159eky nab\u00edz\u00ed vesel\u00fd a jednoduch\u00fd p\u0159\u00edstup k d\u016fle\u017eit\u00fdm t\u00e9mat\u016fm pasovsk\u00e9ho sev\u0159en\u00e9ho \u00fadol\u00ed Dunaje: p\u0159\u00edroda, energie a voda. Vodn\u00ed v\u00fdtah v dom\u011b ukazuje, jak se p\u0159\u00edroda a technika, ekologie [&hellip;]<\/p>\n","protected":false},"author":1,"featured_media":0,"parent":6912,"menu_order":2,"comment_status":"closed","ping_status":"closed","template":"","meta":{"footnotes":""},"class_list":["post-6928","page","type-page","status-publish","hentry"],"yoast_head":"<!-- This site is optimized with the Yoast SEO plugin v27.6 - https:\/\/yoast.com\/product\/yoast-seo-wordpress\/ -->\n<title>V\u00fdstava - Haus am Strom<\/title>\n<meta name=\"robots\" content=\"index, follow, max-snippet:-1, max-image-preview:large, max-video-preview:-1\" \/>\n<link rel=\"canonical\" href=\"https:\/\/www.hausamstrom.de\/cs\/dum\/vystava\/\" \/>\n<meta property=\"og:locale\" content=\"cs_CZ\" \/>\n<meta property=\"og:type\" content=\"article\" \/>\n<meta property=\"og:title\" content=\"V\u00fdstava - Haus am Strom\" \/>\n<meta property=\"og:description\" content=\"[vc_row][vc_column][vc_row_inner][vc_column_inner width=\u201d1\/2\u2033][vc_single_image image=\u201d1831\u2033 img_size=\u201dmedium\u201d alignment=\u201dcenter\u201d][\/vc_column_inner][vc_column_inner width=\u201d1\/2\u2033][vc_single_image image=\u201d1836\u2033 img_size=\u201dmedium\u201d alignment=\u201dcenter\u201d][\/vc_column_inner][\/vc_row_inner][vc_column_text]Hr\u00e1t si a ovl\u00e1dat s\u00e1m nebo jen v klidu pozorovat a poslouchat Nov\u00e1 z\u00e1\u017eitkov\u00e1 v\u00fdstava v Dom\u011b u proudu \u0159eky nab\u00edz\u00ed vesel\u00fd a jednoduch\u00fd p\u0159\u00edstup k d\u016fle\u017eit\u00fdm t\u00e9mat\u016fm pasovsk\u00e9ho sev\u0159en\u00e9ho \u00fadol\u00ed Dunaje: p\u0159\u00edroda, energie a voda. Vodn\u00ed v\u00fdtah v dom\u011b ukazuje, jak se p\u0159\u00edroda a technika, ekologie [&hellip;]\" \/>\n<meta property=\"og:url\" content=\"https:\/\/www.hausamstrom.de\/cs\/dum\/vystava\/\" \/>\n<meta property=\"og:site_name\" content=\"Haus am Strom\" \/>\n<meta property=\"article:publisher\" content=\"https:\/\/www.facebook.com\/hausamstrom\" \/>\n<meta property=\"article:modified_time\" content=\"2025-10-24T09:48:23+00:00\" \/>\n<meta name=\"twitter:card\" content=\"summary_large_image\" \/>\n<meta name=\"twitter:label1\" content=\"Odhadovan\u00e1 doba \u010dten\u00ed\" \/>\n\t<meta name=\"twitter:data1\" content=\"4 minuty\" \/>\n<script type=\"application\/ld+json\" class=\"yoast-schema-graph\">{\"@context\":\"https:\\\/\\\/schema.org\",\"@graph\":[{\"@type\":\"WebPage\",\"@id\":\"https:\\\/\\\/www.hausamstrom.de\\\/cs\\\/dum\\\/vystava\\\/\",\"url\":\"https:\\\/\\\/www.hausamstrom.de\\\/cs\\\/dum\\\/vystava\\\/\",\"name\":\"V\u00fdstava - Haus am Strom\",\"isPartOf\":{\"@id\":\"https:\\\/\\\/www.hausamstrom.de\\\/de\\\/#website\"},\"datePublished\":\"2020-05-04T14:41:47+00:00\",\"dateModified\":\"2025-10-24T09:48:23+00:00\",\"breadcrumb\":{\"@id\":\"https:\\\/\\\/www.hausamstrom.de\\\/cs\\\/dum\\\/vystava\\\/#breadcrumb\"},\"inLanguage\":\"cs\",\"potentialAction\":[{\"@type\":\"ReadAction\",\"target\":[\"https:\\\/\\\/www.hausamstrom.de\\\/cs\\\/dum\\\/vystava\\\/\"]}]},{\"@type\":\"BreadcrumbList\",\"@id\":\"https:\\\/\\\/www.hausamstrom.de\\\/cs\\\/dum\\\/vystava\\\/#breadcrumb\",\"itemListElement\":[{\"@type\":\"ListItem\",\"position\":1,\"name\":\"Home\",\"item\":\"https:\\\/\\\/www.hausamstrom.de\\\/cs\\\/\"},{\"@type\":\"ListItem\",\"position\":2,\"name\":\"D\u016fm\",\"item\":\"https:\\\/\\\/www.hausamstrom.de\\\/cs\\\/dum\\\/\"},{\"@type\":\"ListItem\",\"position\":3,\"name\":\"V\u00fdstava\"}]},{\"@type\":\"WebSite\",\"@id\":\"https:\\\/\\\/www.hausamstrom.de\\\/de\\\/#website\",\"url\":\"https:\\\/\\\/www.hausamstrom.de\\\/de\\\/\",\"name\":\"Haus am Strom\",\"description\":\"Umweltbildungsstation im Passauer Donautal. Umweltbildung und Naturschutz f\u00fcr Kinder und Erwachsenen.\",\"publisher\":{\"@id\":\"https:\\\/\\\/www.hausamstrom.de\\\/de\\\/#organization\"},\"potentialAction\":[{\"@type\":\"SearchAction\",\"target\":{\"@type\":\"EntryPoint\",\"urlTemplate\":\"https:\\\/\\\/www.hausamstrom.de\\\/de\\\/?s={search_term_string}\"},\"query-input\":{\"@type\":\"PropertyValueSpecification\",\"valueRequired\":true,\"valueName\":\"search_term_string\"}}],\"inLanguage\":\"cs\"},{\"@type\":\"Organization\",\"@id\":\"https:\\\/\\\/www.hausamstrom.de\\\/de\\\/#organization\",\"name\":\"Haus am Strom\",\"url\":\"https:\\\/\\\/www.hausamstrom.de\\\/de\\\/\",\"logo\":{\"@type\":\"ImageObject\",\"inLanguage\":\"cs\",\"@id\":\"https:\\\/\\\/www.hausamstrom.de\\\/de\\\/#\\\/schema\\\/logo\\\/image\\\/\",\"url\":\"https:\\\/\\\/www.hausamstrom.de\\\/wp-content\\\/uploads\\\/2025\\\/06\\\/Logo-quadratisch-1024x1024.jpg\",\"contentUrl\":\"https:\\\/\\\/www.hausamstrom.de\\\/wp-content\\\/uploads\\\/2025\\\/06\\\/Logo-quadratisch-1024x1024.jpg\",\"width\":1024,\"height\":1024,\"caption\":\"Haus am Strom\"},\"image\":{\"@id\":\"https:\\\/\\\/www.hausamstrom.de\\\/de\\\/#\\\/schema\\\/logo\\\/image\\\/\"},\"sameAs\":[\"https:\\\/\\\/www.facebook.com\\\/hausamstrom\",\"https:\\\/\\\/www.instagram.com\\\/\"]}]}<\/script>\n<!-- \/ Yoast SEO plugin. -->","yoast_head_json":{"title":"V\u00fdstava - Haus am Strom","robots":{"index":"index","follow":"follow","max-snippet":"max-snippet:-1","max-image-preview":"max-image-preview:large","max-video-preview":"max-video-preview:-1"},"canonical":"https:\/\/www.hausamstrom.de\/cs\/dum\/vystava\/","og_locale":"cs_CZ","og_type":"article","og_title":"V\u00fdstava - Haus am Strom","og_description":"[vc_row][vc_column][vc_row_inner][vc_column_inner width=\u201d1\/2\u2033][vc_single_image image=\u201d1831\u2033 img_size=\u201dmedium\u201d alignment=\u201dcenter\u201d][\/vc_column_inner][vc_column_inner width=\u201d1\/2\u2033][vc_single_image image=\u201d1836\u2033 img_size=\u201dmedium\u201d alignment=\u201dcenter\u201d][\/vc_column_inner][\/vc_row_inner][vc_column_text]Hr\u00e1t si a ovl\u00e1dat s\u00e1m nebo jen v klidu pozorovat a poslouchat Nov\u00e1 z\u00e1\u017eitkov\u00e1 v\u00fdstava v Dom\u011b u proudu \u0159eky nab\u00edz\u00ed vesel\u00fd a jednoduch\u00fd p\u0159\u00edstup k d\u016fle\u017eit\u00fdm t\u00e9mat\u016fm pasovsk\u00e9ho sev\u0159en\u00e9ho \u00fadol\u00ed Dunaje: p\u0159\u00edroda, energie a voda. Vodn\u00ed v\u00fdtah v dom\u011b ukazuje, jak se p\u0159\u00edroda a technika, ekologie [&hellip;]","og_url":"https:\/\/www.hausamstrom.de\/cs\/dum\/vystava\/","og_site_name":"Haus am Strom","article_publisher":"https:\/\/www.facebook.com\/hausamstrom","article_modified_time":"2025-10-24T09:48:23+00:00","twitter_card":"summary_large_image","twitter_misc":{"Odhadovan\u00e1 doba \u010dten\u00ed":"4 minuty"},"schema":{"@context":"https:\/\/schema.org","@graph":[{"@type":"WebPage","@id":"https:\/\/www.hausamstrom.de\/cs\/dum\/vystava\/","url":"https:\/\/www.hausamstrom.de\/cs\/dum\/vystava\/","name":"V\u00fdstava - Haus am Strom","isPartOf":{"@id":"https:\/\/www.hausamstrom.de\/de\/#website"},"datePublished":"2020-05-04T14:41:47+00:00","dateModified":"2025-10-24T09:48:23+00:00","breadcrumb":{"@id":"https:\/\/www.hausamstrom.de\/cs\/dum\/vystava\/#breadcrumb"},"inLanguage":"cs","potentialAction":[{"@type":"ReadAction","target":["https:\/\/www.hausamstrom.de\/cs\/dum\/vystava\/"]}]},{"@type":"BreadcrumbList","@id":"https:\/\/www.hausamstrom.de\/cs\/dum\/vystava\/#breadcrumb","itemListElement":[{"@type":"ListItem","position":1,"name":"Home","item":"https:\/\/www.hausamstrom.de\/cs\/"},{"@type":"ListItem","position":2,"name":"D\u016fm","item":"https:\/\/www.hausamstrom.de\/cs\/dum\/"},{"@type":"ListItem","position":3,"name":"V\u00fdstava"}]},{"@type":"WebSite","@id":"https:\/\/www.hausamstrom.de\/de\/#website","url":"https:\/\/www.hausamstrom.de\/de\/","name":"Haus am Strom","description":"Umweltbildungsstation im Passauer Donautal. Umweltbildung und Naturschutz f\u00fcr Kinder und Erwachsenen.","publisher":{"@id":"https:\/\/www.hausamstrom.de\/de\/#organization"},"potentialAction":[{"@type":"SearchAction","target":{"@type":"EntryPoint","urlTemplate":"https:\/\/www.hausamstrom.de\/de\/?s={search_term_string}"},"query-input":{"@type":"PropertyValueSpecification","valueRequired":true,"valueName":"search_term_string"}}],"inLanguage":"cs"},{"@type":"Organization","@id":"https:\/\/www.hausamstrom.de\/de\/#organization","name":"Haus am Strom","url":"https:\/\/www.hausamstrom.de\/de\/","logo":{"@type":"ImageObject","inLanguage":"cs","@id":"https:\/\/www.hausamstrom.de\/de\/#\/schema\/logo\/image\/","url":"https:\/\/www.hausamstrom.de\/wp-content\/uploads\/2025\/06\/Logo-quadratisch-1024x1024.jpg","contentUrl":"https:\/\/www.hausamstrom.de\/wp-content\/uploads\/2025\/06\/Logo-quadratisch-1024x1024.jpg","width":1024,"height":1024,"caption":"Haus am Strom"},"image":{"@id":"https:\/\/www.hausamstrom.de\/de\/#\/schema\/logo\/image\/"},"sameAs":["https:\/\/www.facebook.com\/hausamstrom","https:\/\/www.instagram.com\/"]}]}},"_links":{"self":[{"href":"https:\/\/www.hausamstrom.de\/cs\/wp-json\/wp\/v2\/pages\/6928","targetHints":{"allow":["GET"]}}],"collection":[{"href":"https:\/\/www.hausamstrom.de\/cs\/wp-json\/wp\/v2\/pages"}],"about":[{"href":"https:\/\/www.hausamstrom.de\/cs\/wp-json\/wp\/v2\/types\/page"}],"author":[{"embeddable":true,"href":"https:\/\/www.hausamstrom.de\/cs\/wp-json\/wp\/v2\/users\/1"}],"replies":[{"embeddable":true,"href":"https:\/\/www.hausamstrom.de\/cs\/wp-json\/wp\/v2\/comments?post=6928"}],"version-history":[{"count":8,"href":"https:\/\/www.hausamstrom.de\/cs\/wp-json\/wp\/v2\/pages\/6928\/revisions"}],"predecessor-version":[{"id":13598,"href":"https:\/\/www.hausamstrom.de\/cs\/wp-json\/wp\/v2\/pages\/6928\/revisions\/13598"}],"up":[{"embeddable":true,"href":"https:\/\/www.hausamstrom.de\/cs\/wp-json\/wp\/v2\/pages\/6912"}],"wp:attachment":[{"href":"https:\/\/www.hausamstrom.de\/cs\/wp-json\/wp\/v2\/media?parent=6928"}],"curies":[{"name":"wp","href":"https:\/\/api.w.org\/{rel}","templated":true}]}}