{"id":6931,"date":"2020-05-04T16:42:35","date_gmt":"2020-05-04T14:42:35","guid":{"rendered":"https:\/\/www.hausamstrom.de\/dum\/hriste\/"},"modified":"2020-08-26T15:38:21","modified_gmt":"2020-08-26T13:38:21","slug":"hriste","status":"publish","type":"page","link":"https:\/\/www.hausamstrom.de\/cs\/dum\/hriste\/","title":{"rendered":"H\u0159i\u0161t\u011b"},"content":{"rendered":"<div class=\"wpb-content-wrapper\"><p>[vc_row][vc_column width=\u201d1\/2\u2033][vc_single_image image=\u201d5048\u2033 img_size=\u201dlarge\u201d][\/vc_column][vc_column width=\u201d1\/2\u2033][vc_column_text]Ve venkovn\u00edm prostoru mohou d\u011bti dov\u00e1d\u011bt na na\u0161em velk\u00e9m h\u0159i\u0161ti s \u0159adou mo\u017enost\u00ed na lezen\u00ed a hran\u00ed. \u0160t\u011brkov\u00fd baz\u00e9nek, vodn\u00ed p\u0159\u00edtoky a lo\u010f zvou k dobrodru\u017estv\u00ed.[\/vc_column_text][\/vc_column][\/vc_row]<\/p>\n<\/div>","protected":false},"excerpt":{"rendered":"<p>[vc_row][vc_column width=\u201d1\/2\u2033][vc_single_image image=\u201d5048\u2033 img_size=\u201dlarge\u201d][\/vc_column][vc_column width=\u201d1\/2\u2033][vc_column_text]Ve venkovn\u00edm prostoru mohou d\u011bti dov\u00e1d\u011bt na na\u0161em velk\u00e9m h\u0159i\u0161ti s \u0159adou mo\u017enost\u00ed na lezen\u00ed a hran\u00ed. \u0160t\u011brkov\u00fd baz\u00e9nek, vodn\u00ed p\u0159\u00edtoky a lo\u010f zvou k dobrodru\u017estv\u00ed.[\/vc_column_text][\/vc_column][\/vc_row]<\/p>\n","protected":false},"author":1,"featured_media":0,"parent":6912,"menu_order":3,"comment_status":"closed","ping_status":"closed","template":"","meta":{"footnotes":""},"class_list":["post-6931","page","type-page","status-publish","hentry"],"yoast_head":"<!-- This site is optimized with the Yoast SEO plugin v27.5 - https:\/\/yoast.com\/product\/yoast-seo-wordpress\/ -->\n<title>H\u0159i\u0161t\u011b - Haus am Strom<\/title>\n<meta name=\"robots\" content=\"index, follow, max-snippet:-1, max-image-preview:large, max-video-preview:-1\" \/>\n<link rel=\"canonical\" href=\"https:\/\/www.hausamstrom.de\/cs\/dum\/hriste\/\" \/>\n<meta property=\"og:locale\" content=\"cs_CZ\" \/>\n<meta property=\"og:type\" content=\"article\" \/>\n<meta property=\"og:title\" content=\"H\u0159i\u0161t\u011b - Haus am Strom\" \/>\n<meta property=\"og:description\" content=\"[vc_row][vc_column width=\u201d1\/2\u2033][vc_single_image image=\u201d5048\u2033 img_size=\u201dlarge\u201d][\/vc_column][vc_column width=\u201d1\/2\u2033][vc_column_text]Ve venkovn\u00edm prostoru mohou d\u011bti dov\u00e1d\u011bt na na\u0161em velk\u00e9m h\u0159i\u0161ti s \u0159adou mo\u017enost\u00ed na lezen\u00ed a hran\u00ed. \u0160t\u011brkov\u00fd baz\u00e9nek, vodn\u00ed p\u0159\u00edtoky a lo\u010f zvou k dobrodru\u017estv\u00ed.[\/vc_column_text][\/vc_column][\/vc_row]\" \/>\n<meta property=\"og:url\" content=\"https:\/\/www.hausamstrom.de\/cs\/dum\/hriste\/\" \/>\n<meta property=\"og:site_name\" content=\"Haus am Strom\" \/>\n<meta property=\"article:publisher\" content=\"https:\/\/www.facebook.com\/hausamstrom\" \/>\n<meta property=\"article:modified_time\" content=\"2020-08-26T13:38:21+00:00\" \/>\n<meta name=\"twitter:card\" content=\"summary_large_image\" \/>\n<script type=\"application\/ld+json\" class=\"yoast-schema-graph\">{\"@context\":\"https:\\\/\\\/schema.org\",\"@graph\":[{\"@type\":\"WebPage\",\"@id\":\"https:\\\/\\\/www.hausamstrom.de\\\/cs\\\/dum\\\/hriste\\\/\",\"url\":\"https:\\\/\\\/www.hausamstrom.de\\\/cs\\\/dum\\\/hriste\\\/\",\"name\":\"H\u0159i\u0161t\u011b - Haus am Strom\",\"isPartOf\":{\"@id\":\"https:\\\/\\\/www.hausamstrom.de\\\/de\\\/#website\"},\"datePublished\":\"2020-05-04T14:42:35+00:00\",\"dateModified\":\"2020-08-26T13:38:21+00:00\",\"breadcrumb\":{\"@id\":\"https:\\\/\\\/www.hausamstrom.de\\\/cs\\\/dum\\\/hriste\\\/#breadcrumb\"},\"inLanguage\":\"cs\",\"potentialAction\":[{\"@type\":\"ReadAction\",\"target\":[\"https:\\\/\\\/www.hausamstrom.de\\\/cs\\\/dum\\\/hriste\\\/\"]}]},{\"@type\":\"BreadcrumbList\",\"@id\":\"https:\\\/\\\/www.hausamstrom.de\\\/cs\\\/dum\\\/hriste\\\/#breadcrumb\",\"itemListElement\":[{\"@type\":\"ListItem\",\"position\":1,\"name\":\"Home\",\"item\":\"https:\\\/\\\/www.hausamstrom.de\\\/cs\\\/\"},{\"@type\":\"ListItem\",\"position\":2,\"name\":\"D\u016fm\",\"item\":\"https:\\\/\\\/www.hausamstrom.de\\\/cs\\\/dum\\\/\"},{\"@type\":\"ListItem\",\"position\":3,\"name\":\"H\u0159i\u0161t\u011b\"}]},{\"@type\":\"WebSite\",\"@id\":\"https:\\\/\\\/www.hausamstrom.de\\\/de\\\/#website\",\"url\":\"https:\\\/\\\/www.hausamstrom.de\\\/de\\\/\",\"name\":\"Haus am Strom\",\"description\":\"Umweltbildungsstation im Passauer Donautal. Umweltbildung und Naturschutz f\u00fcr Kinder und Erwachsenen.\",\"publisher\":{\"@id\":\"https:\\\/\\\/www.hausamstrom.de\\\/de\\\/#organization\"},\"potentialAction\":[{\"@type\":\"SearchAction\",\"target\":{\"@type\":\"EntryPoint\",\"urlTemplate\":\"https:\\\/\\\/www.hausamstrom.de\\\/de\\\/?s={search_term_string}\"},\"query-input\":{\"@type\":\"PropertyValueSpecification\",\"valueRequired\":true,\"valueName\":\"search_term_string\"}}],\"inLanguage\":\"cs\"},{\"@type\":\"Organization\",\"@id\":\"https:\\\/\\\/www.hausamstrom.de\\\/de\\\/#organization\",\"name\":\"Haus am Strom\",\"url\":\"https:\\\/\\\/www.hausamstrom.de\\\/de\\\/\",\"logo\":{\"@type\":\"ImageObject\",\"inLanguage\":\"cs\",\"@id\":\"https:\\\/\\\/www.hausamstrom.de\\\/de\\\/#\\\/schema\\\/logo\\\/image\\\/\",\"url\":\"https:\\\/\\\/www.hausamstrom.de\\\/wp-content\\\/uploads\\\/2025\\\/06\\\/Logo-quadratisch-1024x1024.jpg\",\"contentUrl\":\"https:\\\/\\\/www.hausamstrom.de\\\/wp-content\\\/uploads\\\/2025\\\/06\\\/Logo-quadratisch-1024x1024.jpg\",\"width\":1024,\"height\":1024,\"caption\":\"Haus am Strom\"},\"image\":{\"@id\":\"https:\\\/\\\/www.hausamstrom.de\\\/de\\\/#\\\/schema\\\/logo\\\/image\\\/\"},\"sameAs\":[\"https:\\\/\\\/www.facebook.com\\\/hausamstrom\",\"https:\\\/\\\/www.instagram.com\\\/\"]}]}<\/script>\n<!-- \/ Yoast SEO plugin. -->","yoast_head_json":{"title":"H\u0159i\u0161t\u011b - Haus am Strom","robots":{"index":"index","follow":"follow","max-snippet":"max-snippet:-1","max-image-preview":"max-image-preview:large","max-video-preview":"max-video-preview:-1"},"canonical":"https:\/\/www.hausamstrom.de\/cs\/dum\/hriste\/","og_locale":"cs_CZ","og_type":"article","og_title":"H\u0159i\u0161t\u011b - Haus am Strom","og_description":"[vc_row][vc_column width=\u201d1\/2\u2033][vc_single_image image=\u201d5048\u2033 img_size=\u201dlarge\u201d][\/vc_column][vc_column width=\u201d1\/2\u2033][vc_column_text]Ve venkovn\u00edm prostoru mohou d\u011bti dov\u00e1d\u011bt na na\u0161em velk\u00e9m h\u0159i\u0161ti s \u0159adou mo\u017enost\u00ed na lezen\u00ed a hran\u00ed. \u0160t\u011brkov\u00fd baz\u00e9nek, vodn\u00ed p\u0159\u00edtoky a lo\u010f zvou k dobrodru\u017estv\u00ed.[\/vc_column_text][\/vc_column][\/vc_row]","og_url":"https:\/\/www.hausamstrom.de\/cs\/dum\/hriste\/","og_site_name":"Haus am Strom","article_publisher":"https:\/\/www.facebook.com\/hausamstrom","article_modified_time":"2020-08-26T13:38:21+00:00","twitter_card":"summary_large_image","schema":{"@context":"https:\/\/schema.org","@graph":[{"@type":"WebPage","@id":"https:\/\/www.hausamstrom.de\/cs\/dum\/hriste\/","url":"https:\/\/www.hausamstrom.de\/cs\/dum\/hriste\/","name":"H\u0159i\u0161t\u011b - Haus am Strom","isPartOf":{"@id":"https:\/\/www.hausamstrom.de\/de\/#website"},"datePublished":"2020-05-04T14:42:35+00:00","dateModified":"2020-08-26T13:38:21+00:00","breadcrumb":{"@id":"https:\/\/www.hausamstrom.de\/cs\/dum\/hriste\/#breadcrumb"},"inLanguage":"cs","potentialAction":[{"@type":"ReadAction","target":["https:\/\/www.hausamstrom.de\/cs\/dum\/hriste\/"]}]},{"@type":"BreadcrumbList","@id":"https:\/\/www.hausamstrom.de\/cs\/dum\/hriste\/#breadcrumb","itemListElement":[{"@type":"ListItem","position":1,"name":"Home","item":"https:\/\/www.hausamstrom.de\/cs\/"},{"@type":"ListItem","position":2,"name":"D\u016fm","item":"https:\/\/www.hausamstrom.de\/cs\/dum\/"},{"@type":"ListItem","position":3,"name":"H\u0159i\u0161t\u011b"}]},{"@type":"WebSite","@id":"https:\/\/www.hausamstrom.de\/de\/#website","url":"https:\/\/www.hausamstrom.de\/de\/","name":"Haus am Strom","description":"Umweltbildungsstation im Passauer Donautal. Umweltbildung und Naturschutz f\u00fcr Kinder und Erwachsenen.","publisher":{"@id":"https:\/\/www.hausamstrom.de\/de\/#organization"},"potentialAction":[{"@type":"SearchAction","target":{"@type":"EntryPoint","urlTemplate":"https:\/\/www.hausamstrom.de\/de\/?s={search_term_string}"},"query-input":{"@type":"PropertyValueSpecification","valueRequired":true,"valueName":"search_term_string"}}],"inLanguage":"cs"},{"@type":"Organization","@id":"https:\/\/www.hausamstrom.de\/de\/#organization","name":"Haus am Strom","url":"https:\/\/www.hausamstrom.de\/de\/","logo":{"@type":"ImageObject","inLanguage":"cs","@id":"https:\/\/www.hausamstrom.de\/de\/#\/schema\/logo\/image\/","url":"https:\/\/www.hausamstrom.de\/wp-content\/uploads\/2025\/06\/Logo-quadratisch-1024x1024.jpg","contentUrl":"https:\/\/www.hausamstrom.de\/wp-content\/uploads\/2025\/06\/Logo-quadratisch-1024x1024.jpg","width":1024,"height":1024,"caption":"Haus am Strom"},"image":{"@id":"https:\/\/www.hausamstrom.de\/de\/#\/schema\/logo\/image\/"},"sameAs":["https:\/\/www.facebook.com\/hausamstrom","https:\/\/www.instagram.com\/"]}]}},"_links":{"self":[{"href":"https:\/\/www.hausamstrom.de\/cs\/wp-json\/wp\/v2\/pages\/6931","targetHints":{"allow":["GET"]}}],"collection":[{"href":"https:\/\/www.hausamstrom.de\/cs\/wp-json\/wp\/v2\/pages"}],"about":[{"href":"https:\/\/www.hausamstrom.de\/cs\/wp-json\/wp\/v2\/types\/page"}],"author":[{"embeddable":true,"href":"https:\/\/www.hausamstrom.de\/cs\/wp-json\/wp\/v2\/users\/1"}],"replies":[{"embeddable":true,"href":"https:\/\/www.hausamstrom.de\/cs\/wp-json\/wp\/v2\/comments?post=6931"}],"version-history":[{"count":4,"href":"https:\/\/www.hausamstrom.de\/cs\/wp-json\/wp\/v2\/pages\/6931\/revisions"}],"predecessor-version":[{"id":8617,"href":"https:\/\/www.hausamstrom.de\/cs\/wp-json\/wp\/v2\/pages\/6931\/revisions\/8617"}],"up":[{"embeddable":true,"href":"https:\/\/www.hausamstrom.de\/cs\/wp-json\/wp\/v2\/pages\/6912"}],"wp:attachment":[{"href":"https:\/\/www.hausamstrom.de\/cs\/wp-json\/wp\/v2\/media?parent=6931"}],"curies":[{"name":"wp","href":"https:\/\/api.w.org\/{rel}","templated":true}]}}