{"id":6936,"date":"2020-05-04T16:49:29","date_gmt":"2020-05-04T14:49:29","guid":{"rendered":"https:\/\/www.hausamstrom.de\/dum\/bistro\/"},"modified":"2020-08-26T15:15:19","modified_gmt":"2020-08-26T13:15:19","slug":"bistro","status":"publish","type":"page","link":"https:\/\/www.hausamstrom.de\/cs\/dum\/bistro\/","title":{"rendered":"Bistro"},"content":{"rendered":"<h1><strong>V\u00edtejte v bistru, jeho\u017e sou\u010d\u00e1st\u00ed je i zahr\u00e1dka!<\/strong><\/h1>\n<p>Na\u0161e bistro nab\u00edz\u00ed region\u00e1ln\u00ed lah\u016fdky za p\u0159\u00edzniv\u00e9 ceny v \u00fatuln\u00e9m prost\u0159ed\u00ed. Tak\u00e9 na\u0161e zahr\u00e1dka je tajn\u00fd tip pro ka\u017ed\u00e9ho, kdo si chce v klidn\u00e9m prost\u0159ed\u00ed u\u017e\u00edvat slun\u00ed\u010dka. Jako hrd\u00ed hostitel\u00e9 db\u00e1me zvl\u00e1\u0161t\u011b na regionalitu a sna\u017e\u00edme se co nejv\u00edce udr\u017eet na\u0161e v\u00fdrobky \u010dist\u011b organick\u00e9.<\/p>\n<p>&nbsp;<\/p>\n<p>A\u0165 u\u017e m\u00e1te mal\u00fd nebo velk\u00fd hlad, na\u0161e bistro m\u00e1 n\u011bco pro ka\u017ed\u00e9ho. Katja Fischer a cel\u00fd t\u00fdm \u201eHaus am Strom\u201c se t\u011b\u0161\u00ed na V\u00e1\u0161 p\u0159\u00edchod.<\/p>\n<p>Kontaktujte n\u00e1s: 0049 (0) 8591-4629962<\/p>\n<p>&nbsp;<\/p>\n<p><img loading=\"lazy\" decoding=\"async\" class=\"alignnone size-medium wp-image-1294\" src=\"https:\/\/www.hausamstrom.de\/wp-content\/uploads\/2016\/03\/Katja-Homepage-400x266.jpg\" alt=\"Katja Homepage\" width=\"400\" height=\"266\" srcset=\"https:\/\/www.hausamstrom.de\/wp-content\/uploads\/2016\/03\/Katja-Homepage-400x266.jpg 400w, https:\/\/www.hausamstrom.de\/wp-content\/uploads\/2016\/03\/Katja-Homepage.jpg 960w\" sizes=\"auto, (max-width: 400px) 100vw, 400px\" \/><\/p>\n<p>Katja Fischer<\/p>\n","protected":false},"excerpt":{"rendered":"<p>V\u00edtejte v bistru, jeho\u017e sou\u010d\u00e1st\u00ed je i zahr\u00e1dka! Na\u0161e bistro nab\u00edz\u00ed region\u00e1ln\u00ed lah\u016fdky za p\u0159\u00edzniv\u00e9 ceny v \u00fatuln\u00e9m prost\u0159ed\u00ed. Tak\u00e9 na\u0161e zahr\u00e1dka je tajn\u00fd tip pro ka\u017ed\u00e9ho, kdo si chce v klidn\u00e9m prost\u0159ed\u00ed u\u017e\u00edvat slun\u00ed\u010dka. Jako hrd\u00ed hostitel\u00e9 db\u00e1me zvl\u00e1\u0161t\u011b na regionalitu a sna\u017e\u00edme se co nejv\u00edce udr\u017eet na\u0161e v\u00fdrobky \u010dist\u011b organick\u00e9. &nbsp; A\u0165 u\u017e [&hellip;]<\/p>\n","protected":false},"author":1,"featured_media":0,"parent":6912,"menu_order":5,"comment_status":"closed","ping_status":"closed","template":"","meta":{"footnotes":""},"class_list":["post-6936","page","type-page","status-publish","hentry"],"yoast_head":"<!-- This site is optimized with the Yoast SEO plugin v27.5 - https:\/\/yoast.com\/product\/yoast-seo-wordpress\/ -->\n<title>Bistro - Haus am Strom<\/title>\n<meta name=\"robots\" content=\"index, follow, max-snippet:-1, max-image-preview:large, max-video-preview:-1\" \/>\n<link rel=\"canonical\" href=\"https:\/\/www.hausamstrom.de\/cs\/dum\/bistro\/\" \/>\n<meta property=\"og:locale\" content=\"cs_CZ\" \/>\n<meta property=\"og:type\" content=\"article\" \/>\n<meta property=\"og:title\" content=\"Bistro - Haus am Strom\" \/>\n<meta property=\"og:description\" content=\"V\u00edtejte v bistru, jeho\u017e sou\u010d\u00e1st\u00ed je i zahr\u00e1dka! Na\u0161e bistro nab\u00edz\u00ed region\u00e1ln\u00ed lah\u016fdky za p\u0159\u00edzniv\u00e9 ceny v \u00fatuln\u00e9m prost\u0159ed\u00ed. Tak\u00e9 na\u0161e zahr\u00e1dka je tajn\u00fd tip pro ka\u017ed\u00e9ho, kdo si chce v klidn\u00e9m prost\u0159ed\u00ed u\u017e\u00edvat slun\u00ed\u010dka. Jako hrd\u00ed hostitel\u00e9 db\u00e1me zvl\u00e1\u0161t\u011b na regionalitu a sna\u017e\u00edme se co nejv\u00edce udr\u017eet na\u0161e v\u00fdrobky \u010dist\u011b organick\u00e9. &nbsp; A\u0165 u\u017e [&hellip;]\" \/>\n<meta property=\"og:url\" content=\"https:\/\/www.hausamstrom.de\/cs\/dum\/bistro\/\" \/>\n<meta property=\"og:site_name\" content=\"Haus am Strom\" \/>\n<meta property=\"article:publisher\" content=\"https:\/\/www.facebook.com\/hausamstrom\" \/>\n<meta property=\"article:modified_time\" content=\"2020-08-26T13:15:19+00:00\" \/>\n<meta property=\"og:image\" content=\"https:\/\/www.hausamstrom.de\/wp-content\/uploads\/2016\/03\/Katja-Homepage-400x266.jpg\" \/>\n<meta name=\"twitter:card\" content=\"summary_large_image\" \/>\n<meta name=\"twitter:label1\" content=\"Odhadovan\u00e1 doba \u010dten\u00ed\" \/>\n\t<meta name=\"twitter:data1\" content=\"1 minuta\" \/>\n<script type=\"application\/ld+json\" class=\"yoast-schema-graph\">{\"@context\":\"https:\\\/\\\/schema.org\",\"@graph\":[{\"@type\":\"WebPage\",\"@id\":\"https:\\\/\\\/www.hausamstrom.de\\\/cs\\\/dum\\\/bistro\\\/\",\"url\":\"https:\\\/\\\/www.hausamstrom.de\\\/cs\\\/dum\\\/bistro\\\/\",\"name\":\"Bistro - Haus am Strom\",\"isPartOf\":{\"@id\":\"https:\\\/\\\/www.hausamstrom.de\\\/de\\\/#website\"},\"primaryImageOfPage\":{\"@id\":\"https:\\\/\\\/www.hausamstrom.de\\\/cs\\\/dum\\\/bistro\\\/#primaryimage\"},\"image\":{\"@id\":\"https:\\\/\\\/www.hausamstrom.de\\\/cs\\\/dum\\\/bistro\\\/#primaryimage\"},\"thumbnailUrl\":\"https:\\\/\\\/www.hausamstrom.de\\\/wp-content\\\/uploads\\\/2016\\\/03\\\/Katja-Homepage-400x266.jpg\",\"datePublished\":\"2020-05-04T14:49:29+00:00\",\"dateModified\":\"2020-08-26T13:15:19+00:00\",\"breadcrumb\":{\"@id\":\"https:\\\/\\\/www.hausamstrom.de\\\/cs\\\/dum\\\/bistro\\\/#breadcrumb\"},\"inLanguage\":\"cs\",\"potentialAction\":[{\"@type\":\"ReadAction\",\"target\":[\"https:\\\/\\\/www.hausamstrom.de\\\/cs\\\/dum\\\/bistro\\\/\"]}]},{\"@type\":\"ImageObject\",\"inLanguage\":\"cs\",\"@id\":\"https:\\\/\\\/www.hausamstrom.de\\\/cs\\\/dum\\\/bistro\\\/#primaryimage\",\"url\":\"https:\\\/\\\/www.hausamstrom.de\\\/wp-content\\\/uploads\\\/2016\\\/03\\\/Katja-Homepage-400x266.jpg\",\"contentUrl\":\"https:\\\/\\\/www.hausamstrom.de\\\/wp-content\\\/uploads\\\/2016\\\/03\\\/Katja-Homepage-400x266.jpg\"},{\"@type\":\"BreadcrumbList\",\"@id\":\"https:\\\/\\\/www.hausamstrom.de\\\/cs\\\/dum\\\/bistro\\\/#breadcrumb\",\"itemListElement\":[{\"@type\":\"ListItem\",\"position\":1,\"name\":\"Home\",\"item\":\"https:\\\/\\\/www.hausamstrom.de\\\/cs\\\/\"},{\"@type\":\"ListItem\",\"position\":2,\"name\":\"D\u016fm\",\"item\":\"https:\\\/\\\/www.hausamstrom.de\\\/cs\\\/dum\\\/\"},{\"@type\":\"ListItem\",\"position\":3,\"name\":\"Bistro\"}]},{\"@type\":\"WebSite\",\"@id\":\"https:\\\/\\\/www.hausamstrom.de\\\/de\\\/#website\",\"url\":\"https:\\\/\\\/www.hausamstrom.de\\\/de\\\/\",\"name\":\"Haus am Strom\",\"description\":\"Umweltbildungsstation im Passauer Donautal. Umweltbildung und Naturschutz f\u00fcr Kinder und Erwachsenen.\",\"publisher\":{\"@id\":\"https:\\\/\\\/www.hausamstrom.de\\\/de\\\/#organization\"},\"potentialAction\":[{\"@type\":\"SearchAction\",\"target\":{\"@type\":\"EntryPoint\",\"urlTemplate\":\"https:\\\/\\\/www.hausamstrom.de\\\/de\\\/?s={search_term_string}\"},\"query-input\":{\"@type\":\"PropertyValueSpecification\",\"valueRequired\":true,\"valueName\":\"search_term_string\"}}],\"inLanguage\":\"cs\"},{\"@type\":\"Organization\",\"@id\":\"https:\\\/\\\/www.hausamstrom.de\\\/de\\\/#organization\",\"name\":\"Haus am Strom\",\"url\":\"https:\\\/\\\/www.hausamstrom.de\\\/de\\\/\",\"logo\":{\"@type\":\"ImageObject\",\"inLanguage\":\"cs\",\"@id\":\"https:\\\/\\\/www.hausamstrom.de\\\/de\\\/#\\\/schema\\\/logo\\\/image\\\/\",\"url\":\"https:\\\/\\\/www.hausamstrom.de\\\/wp-content\\\/uploads\\\/2025\\\/06\\\/Logo-quadratisch-1024x1024.jpg\",\"contentUrl\":\"https:\\\/\\\/www.hausamstrom.de\\\/wp-content\\\/uploads\\\/2025\\\/06\\\/Logo-quadratisch-1024x1024.jpg\",\"width\":1024,\"height\":1024,\"caption\":\"Haus am Strom\"},\"image\":{\"@id\":\"https:\\\/\\\/www.hausamstrom.de\\\/de\\\/#\\\/schema\\\/logo\\\/image\\\/\"},\"sameAs\":[\"https:\\\/\\\/www.facebook.com\\\/hausamstrom\",\"https:\\\/\\\/www.instagram.com\\\/\"]}]}<\/script>\n<!-- \/ Yoast SEO plugin. -->","yoast_head_json":{"title":"Bistro - Haus am Strom","robots":{"index":"index","follow":"follow","max-snippet":"max-snippet:-1","max-image-preview":"max-image-preview:large","max-video-preview":"max-video-preview:-1"},"canonical":"https:\/\/www.hausamstrom.de\/cs\/dum\/bistro\/","og_locale":"cs_CZ","og_type":"article","og_title":"Bistro - Haus am Strom","og_description":"V\u00edtejte v bistru, jeho\u017e sou\u010d\u00e1st\u00ed je i zahr\u00e1dka! Na\u0161e bistro nab\u00edz\u00ed region\u00e1ln\u00ed lah\u016fdky za p\u0159\u00edzniv\u00e9 ceny v \u00fatuln\u00e9m prost\u0159ed\u00ed. Tak\u00e9 na\u0161e zahr\u00e1dka je tajn\u00fd tip pro ka\u017ed\u00e9ho, kdo si chce v klidn\u00e9m prost\u0159ed\u00ed u\u017e\u00edvat slun\u00ed\u010dka. Jako hrd\u00ed hostitel\u00e9 db\u00e1me zvl\u00e1\u0161t\u011b na regionalitu a sna\u017e\u00edme se co nejv\u00edce udr\u017eet na\u0161e v\u00fdrobky \u010dist\u011b organick\u00e9. &nbsp; A\u0165 u\u017e [&hellip;]","og_url":"https:\/\/www.hausamstrom.de\/cs\/dum\/bistro\/","og_site_name":"Haus am Strom","article_publisher":"https:\/\/www.facebook.com\/hausamstrom","article_modified_time":"2020-08-26T13:15:19+00:00","og_image":[{"url":"https:\/\/www.hausamstrom.de\/wp-content\/uploads\/2016\/03\/Katja-Homepage-400x266.jpg","type":"","width":"","height":""}],"twitter_card":"summary_large_image","twitter_misc":{"Odhadovan\u00e1 doba \u010dten\u00ed":"1 minuta"},"schema":{"@context":"https:\/\/schema.org","@graph":[{"@type":"WebPage","@id":"https:\/\/www.hausamstrom.de\/cs\/dum\/bistro\/","url":"https:\/\/www.hausamstrom.de\/cs\/dum\/bistro\/","name":"Bistro - Haus am Strom","isPartOf":{"@id":"https:\/\/www.hausamstrom.de\/de\/#website"},"primaryImageOfPage":{"@id":"https:\/\/www.hausamstrom.de\/cs\/dum\/bistro\/#primaryimage"},"image":{"@id":"https:\/\/www.hausamstrom.de\/cs\/dum\/bistro\/#primaryimage"},"thumbnailUrl":"https:\/\/www.hausamstrom.de\/wp-content\/uploads\/2016\/03\/Katja-Homepage-400x266.jpg","datePublished":"2020-05-04T14:49:29+00:00","dateModified":"2020-08-26T13:15:19+00:00","breadcrumb":{"@id":"https:\/\/www.hausamstrom.de\/cs\/dum\/bistro\/#breadcrumb"},"inLanguage":"cs","potentialAction":[{"@type":"ReadAction","target":["https:\/\/www.hausamstrom.de\/cs\/dum\/bistro\/"]}]},{"@type":"ImageObject","inLanguage":"cs","@id":"https:\/\/www.hausamstrom.de\/cs\/dum\/bistro\/#primaryimage","url":"https:\/\/www.hausamstrom.de\/wp-content\/uploads\/2016\/03\/Katja-Homepage-400x266.jpg","contentUrl":"https:\/\/www.hausamstrom.de\/wp-content\/uploads\/2016\/03\/Katja-Homepage-400x266.jpg"},{"@type":"BreadcrumbList","@id":"https:\/\/www.hausamstrom.de\/cs\/dum\/bistro\/#breadcrumb","itemListElement":[{"@type":"ListItem","position":1,"name":"Home","item":"https:\/\/www.hausamstrom.de\/cs\/"},{"@type":"ListItem","position":2,"name":"D\u016fm","item":"https:\/\/www.hausamstrom.de\/cs\/dum\/"},{"@type":"ListItem","position":3,"name":"Bistro"}]},{"@type":"WebSite","@id":"https:\/\/www.hausamstrom.de\/de\/#website","url":"https:\/\/www.hausamstrom.de\/de\/","name":"Haus am Strom","description":"Umweltbildungsstation im Passauer Donautal. Umweltbildung und Naturschutz f\u00fcr Kinder und Erwachsenen.","publisher":{"@id":"https:\/\/www.hausamstrom.de\/de\/#organization"},"potentialAction":[{"@type":"SearchAction","target":{"@type":"EntryPoint","urlTemplate":"https:\/\/www.hausamstrom.de\/de\/?s={search_term_string}"},"query-input":{"@type":"PropertyValueSpecification","valueRequired":true,"valueName":"search_term_string"}}],"inLanguage":"cs"},{"@type":"Organization","@id":"https:\/\/www.hausamstrom.de\/de\/#organization","name":"Haus am Strom","url":"https:\/\/www.hausamstrom.de\/de\/","logo":{"@type":"ImageObject","inLanguage":"cs","@id":"https:\/\/www.hausamstrom.de\/de\/#\/schema\/logo\/image\/","url":"https:\/\/www.hausamstrom.de\/wp-content\/uploads\/2025\/06\/Logo-quadratisch-1024x1024.jpg","contentUrl":"https:\/\/www.hausamstrom.de\/wp-content\/uploads\/2025\/06\/Logo-quadratisch-1024x1024.jpg","width":1024,"height":1024,"caption":"Haus am Strom"},"image":{"@id":"https:\/\/www.hausamstrom.de\/de\/#\/schema\/logo\/image\/"},"sameAs":["https:\/\/www.facebook.com\/hausamstrom","https:\/\/www.instagram.com\/"]}]}},"_links":{"self":[{"href":"https:\/\/www.hausamstrom.de\/cs\/wp-json\/wp\/v2\/pages\/6936","targetHints":{"allow":["GET"]}}],"collection":[{"href":"https:\/\/www.hausamstrom.de\/cs\/wp-json\/wp\/v2\/pages"}],"about":[{"href":"https:\/\/www.hausamstrom.de\/cs\/wp-json\/wp\/v2\/types\/page"}],"author":[{"embeddable":true,"href":"https:\/\/www.hausamstrom.de\/cs\/wp-json\/wp\/v2\/users\/1"}],"replies":[{"embeddable":true,"href":"https:\/\/www.hausamstrom.de\/cs\/wp-json\/wp\/v2\/comments?post=6936"}],"version-history":[{"count":1,"href":"https:\/\/www.hausamstrom.de\/cs\/wp-json\/wp\/v2\/pages\/6936\/revisions"}],"predecessor-version":[{"id":8607,"href":"https:\/\/www.hausamstrom.de\/cs\/wp-json\/wp\/v2\/pages\/6936\/revisions\/8607"}],"up":[{"embeddable":true,"href":"https:\/\/www.hausamstrom.de\/cs\/wp-json\/wp\/v2\/pages\/6912"}],"wp:attachment":[{"href":"https:\/\/www.hausamstrom.de\/cs\/wp-json\/wp\/v2\/media?parent=6936"}],"curies":[{"name":"wp","href":"https:\/\/api.w.org\/{rel}","templated":true}]}}