{"id":6937,"date":"2020-05-04T16:52:47","date_gmt":"2020-05-04T14:52:47","guid":{"rendered":"https:\/\/www.hausamstrom.de\/dum\/tym\/"},"modified":"2026-02-25T10:15:37","modified_gmt":"2026-02-25T09:15:37","slug":"tym","status":"publish","type":"page","link":"https:\/\/www.hausamstrom.de\/cs\/dum\/tym\/","title":{"rendered":"T\u00fdm"},"content":{"rendered":"<div class=\"wpb-content-wrapper\"><p>[vc_row equal_height=&#8221;yes&#8221; content_placement=&#8221;middle&#8221;][vc_column width=&#8221;1\/2&#8243;]<div class='dt-sc-team type2 '><div class='dt-sc-team-thumb'><img loading=\"lazy\" decoding=\"async\" width=\"1752\" height=\"1752\" src=\"https:\/\/www.hausamstrom.de\/wp-content\/uploads\/2022\/05\/Heisl_quadrat.jpg\" class=\"attachment-full\" alt=\"\" title=\"Text lang\" srcset=\"https:\/\/www.hausamstrom.de\/wp-content\/uploads\/2022\/05\/Heisl_quadrat.jpg 1752w, https:\/\/www.hausamstrom.de\/wp-content\/uploads\/2022\/05\/Heisl_quadrat-400x400.jpg 400w, https:\/\/www.hausamstrom.de\/wp-content\/uploads\/2022\/05\/Heisl_quadrat-1024x1024.jpg 1024w, https:\/\/www.hausamstrom.de\/wp-content\/uploads\/2022\/05\/Heisl_quadrat-150x150.jpg 150w, https:\/\/www.hausamstrom.de\/wp-content\/uploads\/2022\/05\/Heisl_quadrat-1536x1536.jpg 1536w, https:\/\/www.hausamstrom.de\/wp-content\/uploads\/2022\/05\/Heisl_quadrat-750x750.jpg 750w, https:\/\/www.hausamstrom.de\/wp-content\/uploads\/2022\/05\/Heisl_quadrat-540x540.jpg 540w\" sizes=\"auto, (max-width: 1752px) 100vw, 1752px\" \/><div class='dt-sc-team-thumb-overlay'><\/div><\/div><div class='dt-sc-team-details'><h4>Josef Heisl<\/h4><h5>\u0158editel a krajsk\u00fd hejtman v okrese Passau<\/h5><p><\/p><\/div><\/div>[\/vc_column][vc_column width=&#8221;1\/2&#8243;]<div class='dt-sc-team type2 '><div class='dt-sc-team-thumb'><img loading=\"lazy\" decoding=\"async\" width=\"1326\" height=\"1326\" src=\"https:\/\/www.hausamstrom.de\/wp-content\/uploads\/2020\/03\/Christiane-Kotz.jpg\" class=\"attachment-full\" alt=\"\" title=\"Christiane Kotz\" srcset=\"https:\/\/www.hausamstrom.de\/wp-content\/uploads\/2020\/03\/Christiane-Kotz.jpg 1326w, https:\/\/www.hausamstrom.de\/wp-content\/uploads\/2020\/03\/Christiane-Kotz-400x400.jpg 400w, https:\/\/www.hausamstrom.de\/wp-content\/uploads\/2020\/03\/Christiane-Kotz-1024x1024.jpg 1024w, https:\/\/www.hausamstrom.de\/wp-content\/uploads\/2020\/03\/Christiane-Kotz-150x150.jpg 150w, https:\/\/www.hausamstrom.de\/wp-content\/uploads\/2020\/03\/Christiane-Kotz-750x750.jpg 750w, https:\/\/www.hausamstrom.de\/wp-content\/uploads\/2020\/03\/Christiane-Kotz-540x540.jpg 540w\" sizes=\"auto, (max-width: 1326px) 100vw, 1326px\" \/><div class='dt-sc-team-thumb-overlay'><\/div><\/div><div class='dt-sc-team-details'><h4>Christiane Kotz<\/h4><h5>Diplomovan\u00e1 in\u017een\u00fdrka, vedouc\u00ed ni\u017e\u0161\u00edho \u00fa\u0159adu pro ochranu p\u0159\u00edrody LRA Passau<\/h5><p><\/p><\/div><\/div>[\/vc_column][\/vc_row][vc_row][vc_column]<div id=\"1559489352670-21b9f603-93d3\" class=\"dt-sc-empty-space\"><\/div>[\/vc_column][\/vc_row][vc_row equal_height=&#8221;yes&#8221; content_placement=&#8221;middle&#8221;][vc_column width=&#8221;1\/2&#8243;]<div class='dt-sc-team type2 '><div class='dt-sc-team-thumb'><img loading=\"lazy\" decoding=\"async\" width=\"2560\" height=\"2560\" src=\"https:\/\/www.hausamstrom.de\/wp-content\/uploads\/2020\/08\/braun2-scaled-e1759312318780.jpg\" class=\"attachment-full\" alt=\"\" title=\"braun2\" \/><div class='dt-sc-team-thumb-overlay'><\/div><\/div><div class='dt-sc-team-details'><h4>Ralf Braun-Reichert<\/h4><h5>Diplomovan\u00fd biolog, vedouc\u00ed centra<\/h5><p><\/p><\/div><\/div>[\/vc_column][vc_column width=&#8221;1\/2&#8243;]<div class='dt-sc-team type2 '><div class='dt-sc-team-thumb'><img loading=\"lazy\" decoding=\"async\" width=\"2560\" height=\"1707\" src=\"https:\/\/www.hausamstrom.de\/wp-content\/uploads\/2025\/10\/IMG_3462-scaled.jpg\" class=\"attachment-full\" alt=\"\" title=\"IMG_3462\" srcset=\"https:\/\/www.hausamstrom.de\/wp-content\/uploads\/2025\/10\/IMG_3462-scaled.jpg 2560w, https:\/\/www.hausamstrom.de\/wp-content\/uploads\/2025\/10\/IMG_3462-400x267.jpg 400w, https:\/\/www.hausamstrom.de\/wp-content\/uploads\/2025\/10\/IMG_3462-1024x683.jpg 1024w, https:\/\/www.hausamstrom.de\/wp-content\/uploads\/2025\/10\/IMG_3462-1536x1024.jpg 1536w, https:\/\/www.hausamstrom.de\/wp-content\/uploads\/2025\/10\/IMG_3462-2048x1365.jpg 2048w, https:\/\/www.hausamstrom.de\/wp-content\/uploads\/2025\/10\/IMG_3462-540x360.jpg 540w, https:\/\/www.hausamstrom.de\/wp-content\/uploads\/2025\/10\/IMG_3462-600x400.jpg 600w, https:\/\/www.hausamstrom.de\/wp-content\/uploads\/2025\/10\/IMG_3462-750x500.jpg 750w\" sizes=\"auto, (max-width: 2560px) 100vw, 2560px\" \/><div class='dt-sc-team-thumb-overlay'><\/div><\/div><div class='dt-sc-team-details'><h4>Rebecca Kohnert<\/h4><h5>Administrativn\u00ed pracovnice, spr\u00e1va<\/h5><p><\/p><\/div><\/div>[\/vc_column][\/vc_row][vc_row][vc_column]<div id=\"1559489467959-3641ab74-f229\" class=\"dt-sc-empty-space\"><\/div>[\/vc_column][\/vc_row][vc_row equal_height=&#8221;yes&#8221; content_placement=&#8221;middle&#8221;][vc_column width=&#8221;1\/2&#8243;]<div class='dt-sc-team type2 '><div class='dt-sc-team-thumb'><img loading=\"lazy\" decoding=\"async\" width=\"2560\" height=\"1707\" src=\"https:\/\/www.hausamstrom.de\/wp-content\/uploads\/2026\/01\/IMG_3650-scaled.jpg\" class=\"attachment-full\" alt=\"\" title=\"IMG_3650\" srcset=\"https:\/\/www.hausamstrom.de\/wp-content\/uploads\/2026\/01\/IMG_3650-scaled.jpg 2560w, https:\/\/www.hausamstrom.de\/wp-content\/uploads\/2026\/01\/IMG_3650-400x267.jpg 400w, https:\/\/www.hausamstrom.de\/wp-content\/uploads\/2026\/01\/IMG_3650-1024x683.jpg 1024w, https:\/\/www.hausamstrom.de\/wp-content\/uploads\/2026\/01\/IMG_3650-1536x1024.jpg 1536w, https:\/\/www.hausamstrom.de\/wp-content\/uploads\/2026\/01\/IMG_3650-2048x1365.jpg 2048w, https:\/\/www.hausamstrom.de\/wp-content\/uploads\/2026\/01\/IMG_3650-540x360.jpg 540w, https:\/\/www.hausamstrom.de\/wp-content\/uploads\/2026\/01\/IMG_3650-600x400.jpg 600w, https:\/\/www.hausamstrom.de\/wp-content\/uploads\/2026\/01\/IMG_3650-750x500.jpg 750w\" sizes=\"auto, (max-width: 2560px) 100vw, 2560px\" \/><div class='dt-sc-team-thumb-overlay'><\/div><\/div><div class='dt-sc-team-details'><h4>Daniel Gueffroy<\/h4><h5>spr\u00e1vce oblasti<\/h5><p><\/p><\/div><\/div>[\/vc_column][vc_column width=&#8221;1\/2&#8243;]<div class='dt-sc-team type2 '><div class='dt-sc-team-thumb'><img loading=\"lazy\" decoding=\"async\" width=\"2090\" height=\"2560\" src=\"https:\/\/www.hausamstrom.de\/wp-content\/uploads\/2024\/10\/Gaby-20240928_104811-scaled.jpg\" class=\"attachment-full\" alt=\"\" title=\"Gaby 20240928_104811\" srcset=\"https:\/\/www.hausamstrom.de\/wp-content\/uploads\/2024\/10\/Gaby-20240928_104811-scaled.jpg 2090w, https:\/\/www.hausamstrom.de\/wp-content\/uploads\/2024\/10\/Gaby-20240928_104811-326x400.jpg 326w, https:\/\/www.hausamstrom.de\/wp-content\/uploads\/2024\/10\/Gaby-20240928_104811-836x1024.jpg 836w, https:\/\/www.hausamstrom.de\/wp-content\/uploads\/2024\/10\/Gaby-20240928_104811-1254x1536.jpg 1254w, https:\/\/www.hausamstrom.de\/wp-content\/uploads\/2024\/10\/Gaby-20240928_104811-1672x2048.jpg 1672w, https:\/\/www.hausamstrom.de\/wp-content\/uploads\/2024\/10\/Gaby-20240928_104811-750x919.jpg 750w, https:\/\/www.hausamstrom.de\/wp-content\/uploads\/2024\/10\/Gaby-20240928_104811-540x662.jpg 540w\" sizes=\"auto, (max-width: 2090px) 100vw, 2090px\" \/><div class='dt-sc-team-thumb-overlay'><\/div><\/div><div class='dt-sc-team-details'><h4>Gabriele Steinbeisser-Rieger<\/h4><h5>Diplomovan\u00e1 biolo\u017eka, pedagogick\u00fd pracovn\u00edk<\/h5><p><\/p><\/div><\/div>[\/vc_column][\/vc_row][vc_row][vc_column]<div id=\"1559489604142-8f012b3f-2676\" class=\"dt-sc-empty-space\"><\/div>[\/vc_column][\/vc_row][vc_row equal_height=&#8221;yes&#8221; content_placement=&#8221;middle&#8221;][vc_column width=&#8221;1\/2&#8243;]<div class='dt-sc-team type2 '><div class='dt-sc-team-thumb'><img loading=\"lazy\" decoding=\"async\" width=\"810\" height=\"792\" src=\"https:\/\/www.hausamstrom.de\/wp-content\/uploads\/2023\/12\/Bild-Silke-Kopie.png\" class=\"attachment-full\" alt=\"\" title=\"Bild Silke Kopie\" srcset=\"https:\/\/www.hausamstrom.de\/wp-content\/uploads\/2023\/12\/Bild-Silke-Kopie.png 810w, https:\/\/www.hausamstrom.de\/wp-content\/uploads\/2023\/12\/Bild-Silke-Kopie-400x391.png 400w, https:\/\/www.hausamstrom.de\/wp-content\/uploads\/2023\/12\/Bild-Silke-Kopie-750x733.png 750w, https:\/\/www.hausamstrom.de\/wp-content\/uploads\/2023\/12\/Bild-Silke-Kopie-540x528.png 540w\" sizes=\"auto, (max-width: 810px) 100vw, 810px\" \/><div class='dt-sc-team-thumb-overlay'><\/div><\/div><div class='dt-sc-team-details'><h4>Silke Lodes<\/h4><h5>Diplomovan\u00e1 biolo\u017eka, pedagogick\u00fd pracovn\u00edk<\/h5><p><\/p><\/div><\/div>[\/vc_column][vc_column width=&#8221;1\/2&#8243;]<div class='dt-sc-team type2 '><div class='dt-sc-team-thumb'><img loading=\"lazy\" decoding=\"async\" width=\"355\" height=\"319\" src=\"https:\/\/www.hausamstrom.de\/wp-content\/uploads\/2024\/01\/Bild-Doris-S-1.jpeg\" class=\"attachment-full\" alt=\"\" title=\"Bild Doris S.\" \/><div class='dt-sc-team-thumb-overlay'><\/div><\/div><div class='dt-sc-team-details'><h4>Doris B\u00f6hm<\/h4><h5>pedagogick\u00fd pracovn\u00edk<\/h5><p><\/p><\/div><\/div>[\/vc_column][\/vc_row][vc_row][vc_column]<div id=\"1559489698350-3a727c6c-1f2e\" class=\"dt-sc-empty-space\"><\/div>[\/vc_column][\/vc_row][vc_row equal_height=&#8221;yes&#8221; content_placement=&#8221;middle&#8221;][vc_column width=&#8221;1\/2&#8243;]<div class='dt-sc-team type2 '><div class='dt-sc-team-thumb'><img loading=\"lazy\" decoding=\"async\" width=\"2560\" height=\"1707\" src=\"https:\/\/www.hausamstrom.de\/wp-content\/uploads\/2025\/10\/IMG_3458-scaled.jpg\" class=\"attachment-full\" alt=\"\" title=\"IMG_3458\" srcset=\"https:\/\/www.hausamstrom.de\/wp-content\/uploads\/2025\/10\/IMG_3458-scaled.jpg 2560w, https:\/\/www.hausamstrom.de\/wp-content\/uploads\/2025\/10\/IMG_3458-400x267.jpg 400w, https:\/\/www.hausamstrom.de\/wp-content\/uploads\/2025\/10\/IMG_3458-1024x683.jpg 1024w, https:\/\/www.hausamstrom.de\/wp-content\/uploads\/2025\/10\/IMG_3458-1536x1024.jpg 1536w, https:\/\/www.hausamstrom.de\/wp-content\/uploads\/2025\/10\/IMG_3458-2048x1365.jpg 2048w, https:\/\/www.hausamstrom.de\/wp-content\/uploads\/2025\/10\/IMG_3458-540x360.jpg 540w, https:\/\/www.hausamstrom.de\/wp-content\/uploads\/2025\/10\/IMG_3458-600x400.jpg 600w, https:\/\/www.hausamstrom.de\/wp-content\/uploads\/2025\/10\/IMG_3458-750x500.jpg 750w\" sizes=\"auto, (max-width: 2560px) 100vw, 2560px\" \/><div class='dt-sc-team-thumb-overlay'><\/div><\/div><div class='dt-sc-team-details'><h4>Uta Linne<\/h4><h5>Pedagogick\u00fd person\u00e1l<\/h5><p><\/p><\/div><\/div>[\/vc_column][vc_column width=&#8221;1\/2&#8243;]<div class='dt-sc-team type2 '><div class='dt-sc-team-thumb'><img loading=\"lazy\" decoding=\"async\" width=\"2560\" height=\"1707\" src=\"https:\/\/www.hausamstrom.de\/wp-content\/uploads\/2025\/10\/IMG_3466-scaled-e1759311924439.jpg\" class=\"attachment-full\" alt=\"\" title=\"IMG_3466\" \/><div class='dt-sc-team-thumb-overlay'><\/div><\/div><div class='dt-sc-team-details'><h4>Katja Stoiber<\/h4><h5>Dobrovoln\u00fd ekologick\u00fd rok<\/h5><p><\/p><\/div><\/div>[\/vc_column][\/vc_row][vc_row][vc_column][vc_empty_space height=&#8221;50px&#8221;][\/vc_column][\/vc_row][vc_row][vc_column width=&#8221;1\/2&#8243;]<div class='dt-sc-team type2 '><div class='dt-sc-team-thumb'><img loading=\"lazy\" decoding=\"async\" width=\"500\" height=\"500\" src=\"https:\/\/www.hausamstrom.de\/wp-content\/uploads\/2020\/03\/Katja.jpg\" class=\"attachment-full\" alt=\"\" title=\"Katja\" srcset=\"https:\/\/www.hausamstrom.de\/wp-content\/uploads\/2020\/03\/Katja.jpg 500w, https:\/\/www.hausamstrom.de\/wp-content\/uploads\/2020\/03\/Katja-400x400.jpg 400w, https:\/\/www.hausamstrom.de\/wp-content\/uploads\/2020\/03\/Katja-150x150.jpg 150w\" sizes=\"auto, (max-width: 500px) 100vw, 500px\" \/><div class='dt-sc-team-thumb-overlay'><\/div><\/div><div class='dt-sc-team-details'><h4>Katharina Fischer<\/h4><h5>N\u00e1jemkyn\u011b bistra<\/h5><p><\/p><\/div><\/div>[\/vc_column][vc_column width=&#8221;1\/2&#8243;]<div class='dt-sc-team type2 '><div class='dt-sc-team-thumb'><img loading=\"lazy\" decoding=\"async\" width=\"2304\" height=\"2304\" src=\"https:\/\/www.hausamstrom.de\/wp-content\/uploads\/2024\/01\/Bild-Juergen-neu-1.jpg\" class=\"attachment-full\" alt=\"\" title=\"Bild J\u00fcrgen neu 1\" srcset=\"https:\/\/www.hausamstrom.de\/wp-content\/uploads\/2024\/01\/Bild-Juergen-neu-1.jpg 2304w, https:\/\/www.hausamstrom.de\/wp-content\/uploads\/2024\/01\/Bild-Juergen-neu-1-400x400.jpg 400w, https:\/\/www.hausamstrom.de\/wp-content\/uploads\/2024\/01\/Bild-Juergen-neu-1-1024x1024.jpg 1024w, https:\/\/www.hausamstrom.de\/wp-content\/uploads\/2024\/01\/Bild-Juergen-neu-1-150x150.jpg 150w, https:\/\/www.hausamstrom.de\/wp-content\/uploads\/2024\/01\/Bild-Juergen-neu-1-1536x1536.jpg 1536w, https:\/\/www.hausamstrom.de\/wp-content\/uploads\/2024\/01\/Bild-Juergen-neu-1-2048x2048.jpg 2048w, https:\/\/www.hausamstrom.de\/wp-content\/uploads\/2024\/01\/Bild-Juergen-neu-1-750x750.jpg 750w, https:\/\/www.hausamstrom.de\/wp-content\/uploads\/2024\/01\/Bild-Juergen-neu-1-540x540.jpg 540w\" sizes=\"auto, (max-width: 2304px) 100vw, 2304px\" \/><div class='dt-sc-team-thumb-overlay'><\/div><\/div><div class='dt-sc-team-details'><h4>J\u00fcrgen Schmutzer<\/h4><h5>spr\u00e1vcovsk\u00e9 \u010dinnosti<\/h5><p><\/p><\/div><\/div>[\/vc_column][\/vc_row]<\/p>\n<\/div>","protected":false},"excerpt":{"rendered":"<p>[vc_row equal_height=&#8221;yes&#8221; content_placement=&#8221;middle&#8221;][vc_column width=&#8221;1\/2&#8243;][\/vc_column][vc_column width=&#8221;1\/2&#8243;][\/vc_column][\/vc_row][vc_row][vc_column][\/vc_column][\/vc_row][vc_row equal_height=&#8221;yes&#8221; content_placement=&#8221;middle&#8221;][vc_column width=&#8221;1\/2&#8243;][\/vc_column][vc_column width=&#8221;1\/2&#8243;][\/vc_column][\/vc_row][vc_row][vc_column][\/vc_column][\/vc_row][vc_row equal_height=&#8221;yes&#8221; content_placement=&#8221;middle&#8221;][vc_column width=&#8221;1\/2&#8243;][\/vc_column][vc_column width=&#8221;1\/2&#8243;][\/vc_column][\/vc_row][vc_row][vc_column][\/vc_column][\/vc_row][vc_row equal_height=&#8221;yes&#8221; content_placement=&#8221;middle&#8221;][vc_column width=&#8221;1\/2&#8243;][\/vc_column][vc_column width=&#8221;1\/2&#8243;][\/vc_column][\/vc_row][vc_row][vc_column][\/vc_column][\/vc_row][vc_row equal_height=&#8221;yes&#8221; content_placement=&#8221;middle&#8221;][vc_column width=&#8221;1\/2&#8243;][\/vc_column][vc_column width=&#8221;1\/2&#8243;][\/vc_column][\/vc_row][vc_row][vc_column][vc_empty_space height=&#8221;50px&#8221;][\/vc_column][\/vc_row][vc_row][vc_column width=&#8221;1\/2&#8243;][\/vc_column][vc_column width=&#8221;1\/2&#8243;][\/vc_column][\/vc_row]<\/p>\n","protected":false},"author":1,"featured_media":0,"parent":6912,"menu_order":5,"comment_status":"closed","ping_status":"closed","template":"","meta":{"footnotes":""},"class_list":["post-6937","page","type-page","status-publish","hentry"],"yoast_head":"<!-- This site is optimized with the Yoast SEO plugin v27.4 - https:\/\/yoast.com\/product\/yoast-seo-wordpress\/ -->\n<title>T\u00fdm - Haus am Strom<\/title>\n<meta name=\"robots\" content=\"index, follow, max-snippet:-1, max-image-preview:large, max-video-preview:-1\" \/>\n<link rel=\"canonical\" href=\"https:\/\/www.hausamstrom.de\/cs\/dum\/tym\/\" \/>\n<meta property=\"og:locale\" content=\"cs_CZ\" \/>\n<meta property=\"og:type\" content=\"article\" \/>\n<meta property=\"og:title\" content=\"T\u00fdm - Haus am Strom\" \/>\n<meta property=\"og:description\" content=\"[vc_row equal_height=&#8221;yes&#8221; content_placement=&#8221;middle&#8221;][vc_column width=&#8221;1\/2&#8243;][\/vc_column][vc_column width=&#8221;1\/2&#8243;][\/vc_column][\/vc_row][vc_row][vc_column][\/vc_column][\/vc_row][vc_row equal_height=&#8221;yes&#8221; content_placement=&#8221;middle&#8221;][vc_column width=&#8221;1\/2&#8243;][\/vc_column][vc_column width=&#8221;1\/2&#8243;][\/vc_column][\/vc_row][vc_row][vc_column][\/vc_column][\/vc_row][vc_row equal_height=&#8221;yes&#8221; content_placement=&#8221;middle&#8221;][vc_column width=&#8221;1\/2&#8243;][\/vc_column][vc_column width=&#8221;1\/2&#8243;][\/vc_column][\/vc_row][vc_row][vc_column][\/vc_column][\/vc_row][vc_row equal_height=&#8221;yes&#8221; content_placement=&#8221;middle&#8221;][vc_column width=&#8221;1\/2&#8243;][\/vc_column][vc_column width=&#8221;1\/2&#8243;][\/vc_column][\/vc_row][vc_row][vc_column][\/vc_column][\/vc_row][vc_row equal_height=&#8221;yes&#8221; content_placement=&#8221;middle&#8221;][vc_column width=&#8221;1\/2&#8243;][\/vc_column][vc_column width=&#8221;1\/2&#8243;][\/vc_column][\/vc_row][vc_row][vc_column][vc_empty_space height=&#8221;50px&#8221;][\/vc_column][\/vc_row][vc_row][vc_column width=&#8221;1\/2&#8243;][\/vc_column][vc_column width=&#8221;1\/2&#8243;][\/vc_column][\/vc_row]\" \/>\n<meta property=\"og:url\" content=\"https:\/\/www.hausamstrom.de\/cs\/dum\/tym\/\" \/>\n<meta property=\"og:site_name\" content=\"Haus am Strom\" \/>\n<meta property=\"article:publisher\" content=\"https:\/\/www.facebook.com\/hausamstrom\" \/>\n<meta property=\"article:modified_time\" content=\"2026-02-25T09:15:37+00:00\" \/>\n<meta name=\"twitter:card\" content=\"summary_large_image\" \/>\n<meta name=\"twitter:label1\" content=\"Odhadovan\u00e1 doba \u010dten\u00ed\" \/>\n\t<meta name=\"twitter:data1\" content=\"4 minuty\" \/>\n<script type=\"application\/ld+json\" class=\"yoast-schema-graph\">{\"@context\":\"https:\\\/\\\/schema.org\",\"@graph\":[{\"@type\":\"WebPage\",\"@id\":\"https:\\\/\\\/www.hausamstrom.de\\\/cs\\\/dum\\\/tym\\\/\",\"url\":\"https:\\\/\\\/www.hausamstrom.de\\\/cs\\\/dum\\\/tym\\\/\",\"name\":\"T\u00fdm - Haus am Strom\",\"isPartOf\":{\"@id\":\"https:\\\/\\\/www.hausamstrom.de\\\/de\\\/#website\"},\"datePublished\":\"2020-05-04T14:52:47+00:00\",\"dateModified\":\"2026-02-25T09:15:37+00:00\",\"breadcrumb\":{\"@id\":\"https:\\\/\\\/www.hausamstrom.de\\\/cs\\\/dum\\\/tym\\\/#breadcrumb\"},\"inLanguage\":\"cs\",\"potentialAction\":[{\"@type\":\"ReadAction\",\"target\":[\"https:\\\/\\\/www.hausamstrom.de\\\/cs\\\/dum\\\/tym\\\/\"]}]},{\"@type\":\"BreadcrumbList\",\"@id\":\"https:\\\/\\\/www.hausamstrom.de\\\/cs\\\/dum\\\/tym\\\/#breadcrumb\",\"itemListElement\":[{\"@type\":\"ListItem\",\"position\":1,\"name\":\"Home\",\"item\":\"https:\\\/\\\/www.hausamstrom.de\\\/cs\\\/\"},{\"@type\":\"ListItem\",\"position\":2,\"name\":\"D\u016fm\",\"item\":\"https:\\\/\\\/www.hausamstrom.de\\\/cs\\\/dum\\\/\"},{\"@type\":\"ListItem\",\"position\":3,\"name\":\"T\u00fdm\"}]},{\"@type\":\"WebSite\",\"@id\":\"https:\\\/\\\/www.hausamstrom.de\\\/de\\\/#website\",\"url\":\"https:\\\/\\\/www.hausamstrom.de\\\/de\\\/\",\"name\":\"Haus am Strom\",\"description\":\"Umweltbildungsstation im Passauer Donautal. Umweltbildung und Naturschutz f\u00fcr Kinder und Erwachsenen.\",\"publisher\":{\"@id\":\"https:\\\/\\\/www.hausamstrom.de\\\/de\\\/#organization\"},\"potentialAction\":[{\"@type\":\"SearchAction\",\"target\":{\"@type\":\"EntryPoint\",\"urlTemplate\":\"https:\\\/\\\/www.hausamstrom.de\\\/de\\\/?s={search_term_string}\"},\"query-input\":{\"@type\":\"PropertyValueSpecification\",\"valueRequired\":true,\"valueName\":\"search_term_string\"}}],\"inLanguage\":\"cs\"},{\"@type\":\"Organization\",\"@id\":\"https:\\\/\\\/www.hausamstrom.de\\\/de\\\/#organization\",\"name\":\"Haus am Strom\",\"url\":\"https:\\\/\\\/www.hausamstrom.de\\\/de\\\/\",\"logo\":{\"@type\":\"ImageObject\",\"inLanguage\":\"cs\",\"@id\":\"https:\\\/\\\/www.hausamstrom.de\\\/de\\\/#\\\/schema\\\/logo\\\/image\\\/\",\"url\":\"https:\\\/\\\/www.hausamstrom.de\\\/wp-content\\\/uploads\\\/2025\\\/06\\\/Logo-quadratisch-1024x1024.jpg\",\"contentUrl\":\"https:\\\/\\\/www.hausamstrom.de\\\/wp-content\\\/uploads\\\/2025\\\/06\\\/Logo-quadratisch-1024x1024.jpg\",\"width\":1024,\"height\":1024,\"caption\":\"Haus am Strom\"},\"image\":{\"@id\":\"https:\\\/\\\/www.hausamstrom.de\\\/de\\\/#\\\/schema\\\/logo\\\/image\\\/\"},\"sameAs\":[\"https:\\\/\\\/www.facebook.com\\\/hausamstrom\",\"https:\\\/\\\/www.instagram.com\\\/\"]}]}<\/script>\n<!-- \/ Yoast SEO plugin. -->","yoast_head_json":{"title":"T\u00fdm - Haus am Strom","robots":{"index":"index","follow":"follow","max-snippet":"max-snippet:-1","max-image-preview":"max-image-preview:large","max-video-preview":"max-video-preview:-1"},"canonical":"https:\/\/www.hausamstrom.de\/cs\/dum\/tym\/","og_locale":"cs_CZ","og_type":"article","og_title":"T\u00fdm - Haus am Strom","og_description":"[vc_row equal_height=&#8221;yes&#8221; content_placement=&#8221;middle&#8221;][vc_column width=&#8221;1\/2&#8243;][\/vc_column][vc_column width=&#8221;1\/2&#8243;][\/vc_column][\/vc_row][vc_row][vc_column][\/vc_column][\/vc_row][vc_row equal_height=&#8221;yes&#8221; content_placement=&#8221;middle&#8221;][vc_column width=&#8221;1\/2&#8243;][\/vc_column][vc_column width=&#8221;1\/2&#8243;][\/vc_column][\/vc_row][vc_row][vc_column][\/vc_column][\/vc_row][vc_row equal_height=&#8221;yes&#8221; content_placement=&#8221;middle&#8221;][vc_column width=&#8221;1\/2&#8243;][\/vc_column][vc_column width=&#8221;1\/2&#8243;][\/vc_column][\/vc_row][vc_row][vc_column][\/vc_column][\/vc_row][vc_row equal_height=&#8221;yes&#8221; content_placement=&#8221;middle&#8221;][vc_column width=&#8221;1\/2&#8243;][\/vc_column][vc_column width=&#8221;1\/2&#8243;][\/vc_column][\/vc_row][vc_row][vc_column][\/vc_column][\/vc_row][vc_row equal_height=&#8221;yes&#8221; content_placement=&#8221;middle&#8221;][vc_column width=&#8221;1\/2&#8243;][\/vc_column][vc_column width=&#8221;1\/2&#8243;][\/vc_column][\/vc_row][vc_row][vc_column][vc_empty_space height=&#8221;50px&#8221;][\/vc_column][\/vc_row][vc_row][vc_column width=&#8221;1\/2&#8243;][\/vc_column][vc_column width=&#8221;1\/2&#8243;][\/vc_column][\/vc_row]","og_url":"https:\/\/www.hausamstrom.de\/cs\/dum\/tym\/","og_site_name":"Haus am Strom","article_publisher":"https:\/\/www.facebook.com\/hausamstrom","article_modified_time":"2026-02-25T09:15:37+00:00","twitter_card":"summary_large_image","twitter_misc":{"Odhadovan\u00e1 doba \u010dten\u00ed":"4 minuty"},"schema":{"@context":"https:\/\/schema.org","@graph":[{"@type":"WebPage","@id":"https:\/\/www.hausamstrom.de\/cs\/dum\/tym\/","url":"https:\/\/www.hausamstrom.de\/cs\/dum\/tym\/","name":"T\u00fdm - Haus am Strom","isPartOf":{"@id":"https:\/\/www.hausamstrom.de\/de\/#website"},"datePublished":"2020-05-04T14:52:47+00:00","dateModified":"2026-02-25T09:15:37+00:00","breadcrumb":{"@id":"https:\/\/www.hausamstrom.de\/cs\/dum\/tym\/#breadcrumb"},"inLanguage":"cs","potentialAction":[{"@type":"ReadAction","target":["https:\/\/www.hausamstrom.de\/cs\/dum\/tym\/"]}]},{"@type":"BreadcrumbList","@id":"https:\/\/www.hausamstrom.de\/cs\/dum\/tym\/#breadcrumb","itemListElement":[{"@type":"ListItem","position":1,"name":"Home","item":"https:\/\/www.hausamstrom.de\/cs\/"},{"@type":"ListItem","position":2,"name":"D\u016fm","item":"https:\/\/www.hausamstrom.de\/cs\/dum\/"},{"@type":"ListItem","position":3,"name":"T\u00fdm"}]},{"@type":"WebSite","@id":"https:\/\/www.hausamstrom.de\/de\/#website","url":"https:\/\/www.hausamstrom.de\/de\/","name":"Haus am Strom","description":"Umweltbildungsstation im Passauer Donautal. Umweltbildung und Naturschutz f\u00fcr Kinder und Erwachsenen.","publisher":{"@id":"https:\/\/www.hausamstrom.de\/de\/#organization"},"potentialAction":[{"@type":"SearchAction","target":{"@type":"EntryPoint","urlTemplate":"https:\/\/www.hausamstrom.de\/de\/?s={search_term_string}"},"query-input":{"@type":"PropertyValueSpecification","valueRequired":true,"valueName":"search_term_string"}}],"inLanguage":"cs"},{"@type":"Organization","@id":"https:\/\/www.hausamstrom.de\/de\/#organization","name":"Haus am Strom","url":"https:\/\/www.hausamstrom.de\/de\/","logo":{"@type":"ImageObject","inLanguage":"cs","@id":"https:\/\/www.hausamstrom.de\/de\/#\/schema\/logo\/image\/","url":"https:\/\/www.hausamstrom.de\/wp-content\/uploads\/2025\/06\/Logo-quadratisch-1024x1024.jpg","contentUrl":"https:\/\/www.hausamstrom.de\/wp-content\/uploads\/2025\/06\/Logo-quadratisch-1024x1024.jpg","width":1024,"height":1024,"caption":"Haus am Strom"},"image":{"@id":"https:\/\/www.hausamstrom.de\/de\/#\/schema\/logo\/image\/"},"sameAs":["https:\/\/www.facebook.com\/hausamstrom","https:\/\/www.instagram.com\/"]}]}},"_links":{"self":[{"href":"https:\/\/www.hausamstrom.de\/cs\/wp-json\/wp\/v2\/pages\/6937","targetHints":{"allow":["GET"]}}],"collection":[{"href":"https:\/\/www.hausamstrom.de\/cs\/wp-json\/wp\/v2\/pages"}],"about":[{"href":"https:\/\/www.hausamstrom.de\/cs\/wp-json\/wp\/v2\/types\/page"}],"author":[{"embeddable":true,"href":"https:\/\/www.hausamstrom.de\/cs\/wp-json\/wp\/v2\/users\/1"}],"replies":[{"embeddable":true,"href":"https:\/\/www.hausamstrom.de\/cs\/wp-json\/wp\/v2\/comments?post=6937"}],"version-history":[{"count":10,"href":"https:\/\/www.hausamstrom.de\/cs\/wp-json\/wp\/v2\/pages\/6937\/revisions"}],"predecessor-version":[{"id":14113,"href":"https:\/\/www.hausamstrom.de\/cs\/wp-json\/wp\/v2\/pages\/6937\/revisions\/14113"}],"up":[{"embeddable":true,"href":"https:\/\/www.hausamstrom.de\/cs\/wp-json\/wp\/v2\/pages\/6912"}],"wp:attachment":[{"href":"https:\/\/www.hausamstrom.de\/cs\/wp-json\/wp\/v2\/media?parent=6937"}],"curies":[{"name":"wp","href":"https:\/\/api.w.org\/{rel}","templated":true}]}}