{"id":6939,"date":"2020-05-04T16:54:17","date_gmt":"2020-05-04T14:54:17","guid":{"rendered":"https:\/\/www.hausamstrom.de\/program\/"},"modified":"2025-10-28T11:31:22","modified_gmt":"2025-10-28T10:31:22","slug":"program","status":"publish","type":"page","link":"https:\/\/www.hausamstrom.de\/cs\/program\/","title":{"rendered":"Program"},"content":{"rendered":"<div class=\"wpb-content-wrapper\"><p>[vc_row][vc_column width=\u201d1\/2\u2033][vc_single_image image=\u201d6002\u2033 img_size=\u201dlarge\u201d alignment=\u201dcenter\u201d]<div id=\"1559491759930-ee4cb4c2-56d1\" class=\"dt-sc-empty-space\"><\/div>[\/vc_column][vc_column width=\u201d1\/2\u2033][vc_column_text]<br \/>\n<strong>Z\u00e1\u017eitek v p\u0159\u00edrod\u011b pro d\u011bti i dosp\u011bl\u00e9<\/strong><\/p>\n<ul>\n<li>Objevujte \u017eivotn\u00ed prost\u0159ed\u00ed ak\u010dn\u00edm a z\u00e1bavn\u00fdm zp\u016fsobem<\/li>\n<li>Za\u017eijte p\u0159\u00edrodu v\u0161emi smysly<\/li>\n<li>Zapojen\u00ed cel\u00e9 skupiny do aktivit<\/li>\n<\/ul>\n<p>Nechte se fascinovat![\/vc_column_text]<div id=\"1587716840846-7d5ff31d-b896\" class=\"dt-sc-empty-space\"><\/div>[\/vc_column][\/vc_row][vc_row][vc_column width=\u201d1\/2\u2033][vc_column_text]<\/p>\n<h1>Bookable nab\u00edz\u00ed<\/h1>\n<p>Pro na\u0161e zahrani\u010dn\u00ed hosty nab\u00edz\u00edme prohl\u00eddky interaktivn\u00ed expozice a prohl\u00eddky p\u0159es elektr\u00e1rny v angli\u010dtin\u011b<\/p>\n<p>Rezervujte si sv\u00e9 ud\u00e1losti podle po\u017eadovan\u00e9ho data![\/vc_column_text][vc_btn title=\u201d\u010c\u00edst d\u00e1le\u201d color=\u201dprimary\u201d css=\u201d\u201d link=\u201durl:https%3A%2F%2Fhausamstrom.de%2Fprogramm%2Fbuchbares%2F\u201d][\/vc_column][vc_column width=\u201d1\/2\u2033][vc_column_text]<\/p>\n<h1>Kalend\u00e1\u0159<\/h1>\n<p>Zde z\u00edsk\u00e1te p\u0159ehled o na\u0161em kalend\u00e1\u0159i ud\u00e1lost\u00ed!<\/p>\n<p>U v\u0161ech ud\u00e1lost\u00ed uveden\u00fdch v kalend\u00e1\u0159i ud\u00e1lost\u00ed se pros\u00edm zaregistrujte p\u0159edem, pokud m\u00e1te z\u00e1jem.[\/vc_column_text][vc_btn title=\u201d\u010c\u00edst d\u00e1le\u201d color=\u201dprimary\u201d css=\u201d\u201d link=\u201durl:https%3A%2F%2Fhausamstrom.de%2Fprogramm%2Fveranstaltungskalender%2F\u201d][\/vc_column][\/vc_row]<\/p>\n<\/div>","protected":false},"excerpt":{"rendered":"<p>[vc_row][vc_column width=\u201d1\/2\u2033][vc_single_image image=\u201d6002\u2033 img_size=\u201dlarge\u201d alignment=\u201dcenter\u201d][\/vc_column][vc_column width=\u201d1\/2\u2033][vc_column_text] Z\u00e1\u017eitek v p\u0159\u00edrod\u011b pro d\u011bti i dosp\u011bl\u00e9 Objevujte \u017eivotn\u00ed prost\u0159ed\u00ed ak\u010dn\u00edm a z\u00e1bavn\u00fdm zp\u016fsobem Za\u017eijte p\u0159\u00edrodu v\u0161emi smysly Zapojen\u00ed cel\u00e9 skupiny do aktivit Nechte se fascinovat![\/vc_column_text][\/vc_column][\/vc_row][vc_row][vc_column width=\u201d1\/2\u2033][vc_column_text] Bookable nab\u00edz\u00ed Pro na\u0161e zahrani\u010dn\u00ed hosty nab\u00edz\u00edme prohl\u00eddky interaktivn\u00ed expozice a prohl\u00eddky p\u0159es elektr\u00e1rny v angli\u010dtin\u011b Rezervujte si sv\u00e9 ud\u00e1losti podle po\u017eadovan\u00e9ho [&hellip;]<\/p>\n","protected":false},"author":1,"featured_media":0,"parent":0,"menu_order":2,"comment_status":"closed","ping_status":"closed","template":"","meta":{"footnotes":""},"class_list":["post-6939","page","type-page","status-publish","hentry"],"yoast_head":"<!-- This site is optimized with the Yoast SEO plugin v27.6 - https:\/\/yoast.com\/product\/yoast-seo-wordpress\/ -->\n<title>Program - Haus am Strom<\/title>\n<meta name=\"robots\" content=\"index, follow, max-snippet:-1, max-image-preview:large, max-video-preview:-1\" \/>\n<link rel=\"canonical\" href=\"https:\/\/www.hausamstrom.de\/cs\/program\/\" \/>\n<meta property=\"og:locale\" content=\"cs_CZ\" \/>\n<meta property=\"og:type\" content=\"article\" \/>\n<meta property=\"og:title\" content=\"Program - Haus am Strom\" \/>\n<meta property=\"og:description\" content=\"[vc_row][vc_column width=\u201d1\/2\u2033][vc_single_image image=\u201d6002\u2033 img_size=\u201dlarge\u201d alignment=\u201dcenter\u201d][\/vc_column][vc_column width=\u201d1\/2\u2033][vc_column_text] Z\u00e1\u017eitek v p\u0159\u00edrod\u011b pro d\u011bti i dosp\u011bl\u00e9 Objevujte \u017eivotn\u00ed prost\u0159ed\u00ed ak\u010dn\u00edm a z\u00e1bavn\u00fdm zp\u016fsobem Za\u017eijte p\u0159\u00edrodu v\u0161emi smysly Zapojen\u00ed cel\u00e9 skupiny do aktivit Nechte se fascinovat![\/vc_column_text][\/vc_column][\/vc_row][vc_row][vc_column width=\u201d1\/2\u2033][vc_column_text] Bookable nab\u00edz\u00ed Pro na\u0161e zahrani\u010dn\u00ed hosty nab\u00edz\u00edme prohl\u00eddky interaktivn\u00ed expozice a prohl\u00eddky p\u0159es elektr\u00e1rny v angli\u010dtin\u011b Rezervujte si sv\u00e9 ud\u00e1losti podle po\u017eadovan\u00e9ho [&hellip;]\" \/>\n<meta property=\"og:url\" content=\"https:\/\/www.hausamstrom.de\/cs\/program\/\" \/>\n<meta property=\"og:site_name\" content=\"Haus am Strom\" \/>\n<meta property=\"article:publisher\" content=\"https:\/\/www.facebook.com\/hausamstrom\" \/>\n<meta property=\"article:modified_time\" content=\"2025-10-28T10:31:22+00:00\" \/>\n<meta name=\"twitter:card\" content=\"summary_large_image\" \/>\n<meta name=\"twitter:label1\" content=\"Odhadovan\u00e1 doba \u010dten\u00ed\" \/>\n\t<meta name=\"twitter:data1\" content=\"1 minuta\" \/>\n<script type=\"application\/ld+json\" class=\"yoast-schema-graph\">{\"@context\":\"https:\\\/\\\/schema.org\",\"@graph\":[{\"@type\":\"WebPage\",\"@id\":\"https:\\\/\\\/www.hausamstrom.de\\\/cs\\\/program\\\/\",\"url\":\"https:\\\/\\\/www.hausamstrom.de\\\/cs\\\/program\\\/\",\"name\":\"Program - Haus am Strom\",\"isPartOf\":{\"@id\":\"https:\\\/\\\/www.hausamstrom.de\\\/de\\\/#website\"},\"datePublished\":\"2020-05-04T14:54:17+00:00\",\"dateModified\":\"2025-10-28T10:31:22+00:00\",\"breadcrumb\":{\"@id\":\"https:\\\/\\\/www.hausamstrom.de\\\/cs\\\/program\\\/#breadcrumb\"},\"inLanguage\":\"cs\",\"potentialAction\":[{\"@type\":\"ReadAction\",\"target\":[\"https:\\\/\\\/www.hausamstrom.de\\\/cs\\\/program\\\/\"]}]},{\"@type\":\"BreadcrumbList\",\"@id\":\"https:\\\/\\\/www.hausamstrom.de\\\/cs\\\/program\\\/#breadcrumb\",\"itemListElement\":[{\"@type\":\"ListItem\",\"position\":1,\"name\":\"Home\",\"item\":\"https:\\\/\\\/www.hausamstrom.de\\\/cs\\\/\"},{\"@type\":\"ListItem\",\"position\":2,\"name\":\"Program\"}]},{\"@type\":\"WebSite\",\"@id\":\"https:\\\/\\\/www.hausamstrom.de\\\/de\\\/#website\",\"url\":\"https:\\\/\\\/www.hausamstrom.de\\\/de\\\/\",\"name\":\"Haus am Strom\",\"description\":\"Umweltbildungsstation im Passauer Donautal. Umweltbildung und Naturschutz f\u00fcr Kinder und Erwachsenen.\",\"publisher\":{\"@id\":\"https:\\\/\\\/www.hausamstrom.de\\\/de\\\/#organization\"},\"potentialAction\":[{\"@type\":\"SearchAction\",\"target\":{\"@type\":\"EntryPoint\",\"urlTemplate\":\"https:\\\/\\\/www.hausamstrom.de\\\/de\\\/?s={search_term_string}\"},\"query-input\":{\"@type\":\"PropertyValueSpecification\",\"valueRequired\":true,\"valueName\":\"search_term_string\"}}],\"inLanguage\":\"cs\"},{\"@type\":\"Organization\",\"@id\":\"https:\\\/\\\/www.hausamstrom.de\\\/de\\\/#organization\",\"name\":\"Haus am Strom\",\"url\":\"https:\\\/\\\/www.hausamstrom.de\\\/de\\\/\",\"logo\":{\"@type\":\"ImageObject\",\"inLanguage\":\"cs\",\"@id\":\"https:\\\/\\\/www.hausamstrom.de\\\/de\\\/#\\\/schema\\\/logo\\\/image\\\/\",\"url\":\"https:\\\/\\\/www.hausamstrom.de\\\/wp-content\\\/uploads\\\/2025\\\/06\\\/Logo-quadratisch-1024x1024.jpg\",\"contentUrl\":\"https:\\\/\\\/www.hausamstrom.de\\\/wp-content\\\/uploads\\\/2025\\\/06\\\/Logo-quadratisch-1024x1024.jpg\",\"width\":1024,\"height\":1024,\"caption\":\"Haus am Strom\"},\"image\":{\"@id\":\"https:\\\/\\\/www.hausamstrom.de\\\/de\\\/#\\\/schema\\\/logo\\\/image\\\/\"},\"sameAs\":[\"https:\\\/\\\/www.facebook.com\\\/hausamstrom\",\"https:\\\/\\\/www.instagram.com\\\/\"]}]}<\/script>\n<!-- \/ Yoast SEO plugin. -->","yoast_head_json":{"title":"Program - Haus am Strom","robots":{"index":"index","follow":"follow","max-snippet":"max-snippet:-1","max-image-preview":"max-image-preview:large","max-video-preview":"max-video-preview:-1"},"canonical":"https:\/\/www.hausamstrom.de\/cs\/program\/","og_locale":"cs_CZ","og_type":"article","og_title":"Program - Haus am Strom","og_description":"[vc_row][vc_column width=\u201d1\/2\u2033][vc_single_image image=\u201d6002\u2033 img_size=\u201dlarge\u201d alignment=\u201dcenter\u201d][\/vc_column][vc_column width=\u201d1\/2\u2033][vc_column_text] Z\u00e1\u017eitek v p\u0159\u00edrod\u011b pro d\u011bti i dosp\u011bl\u00e9 Objevujte \u017eivotn\u00ed prost\u0159ed\u00ed ak\u010dn\u00edm a z\u00e1bavn\u00fdm zp\u016fsobem Za\u017eijte p\u0159\u00edrodu v\u0161emi smysly Zapojen\u00ed cel\u00e9 skupiny do aktivit Nechte se fascinovat![\/vc_column_text][\/vc_column][\/vc_row][vc_row][vc_column width=\u201d1\/2\u2033][vc_column_text] Bookable nab\u00edz\u00ed Pro na\u0161e zahrani\u010dn\u00ed hosty nab\u00edz\u00edme prohl\u00eddky interaktivn\u00ed expozice a prohl\u00eddky p\u0159es elektr\u00e1rny v angli\u010dtin\u011b Rezervujte si sv\u00e9 ud\u00e1losti podle po\u017eadovan\u00e9ho [&hellip;]","og_url":"https:\/\/www.hausamstrom.de\/cs\/program\/","og_site_name":"Haus am Strom","article_publisher":"https:\/\/www.facebook.com\/hausamstrom","article_modified_time":"2025-10-28T10:31:22+00:00","twitter_card":"summary_large_image","twitter_misc":{"Odhadovan\u00e1 doba \u010dten\u00ed":"1 minuta"},"schema":{"@context":"https:\/\/schema.org","@graph":[{"@type":"WebPage","@id":"https:\/\/www.hausamstrom.de\/cs\/program\/","url":"https:\/\/www.hausamstrom.de\/cs\/program\/","name":"Program - Haus am Strom","isPartOf":{"@id":"https:\/\/www.hausamstrom.de\/de\/#website"},"datePublished":"2020-05-04T14:54:17+00:00","dateModified":"2025-10-28T10:31:22+00:00","breadcrumb":{"@id":"https:\/\/www.hausamstrom.de\/cs\/program\/#breadcrumb"},"inLanguage":"cs","potentialAction":[{"@type":"ReadAction","target":["https:\/\/www.hausamstrom.de\/cs\/program\/"]}]},{"@type":"BreadcrumbList","@id":"https:\/\/www.hausamstrom.de\/cs\/program\/#breadcrumb","itemListElement":[{"@type":"ListItem","position":1,"name":"Home","item":"https:\/\/www.hausamstrom.de\/cs\/"},{"@type":"ListItem","position":2,"name":"Program"}]},{"@type":"WebSite","@id":"https:\/\/www.hausamstrom.de\/de\/#website","url":"https:\/\/www.hausamstrom.de\/de\/","name":"Haus am Strom","description":"Umweltbildungsstation im Passauer Donautal. Umweltbildung und Naturschutz f\u00fcr Kinder und Erwachsenen.","publisher":{"@id":"https:\/\/www.hausamstrom.de\/de\/#organization"},"potentialAction":[{"@type":"SearchAction","target":{"@type":"EntryPoint","urlTemplate":"https:\/\/www.hausamstrom.de\/de\/?s={search_term_string}"},"query-input":{"@type":"PropertyValueSpecification","valueRequired":true,"valueName":"search_term_string"}}],"inLanguage":"cs"},{"@type":"Organization","@id":"https:\/\/www.hausamstrom.de\/de\/#organization","name":"Haus am Strom","url":"https:\/\/www.hausamstrom.de\/de\/","logo":{"@type":"ImageObject","inLanguage":"cs","@id":"https:\/\/www.hausamstrom.de\/de\/#\/schema\/logo\/image\/","url":"https:\/\/www.hausamstrom.de\/wp-content\/uploads\/2025\/06\/Logo-quadratisch-1024x1024.jpg","contentUrl":"https:\/\/www.hausamstrom.de\/wp-content\/uploads\/2025\/06\/Logo-quadratisch-1024x1024.jpg","width":1024,"height":1024,"caption":"Haus am Strom"},"image":{"@id":"https:\/\/www.hausamstrom.de\/de\/#\/schema\/logo\/image\/"},"sameAs":["https:\/\/www.facebook.com\/hausamstrom","https:\/\/www.instagram.com\/"]}]}},"_links":{"self":[{"href":"https:\/\/www.hausamstrom.de\/cs\/wp-json\/wp\/v2\/pages\/6939","targetHints":{"allow":["GET"]}}],"collection":[{"href":"https:\/\/www.hausamstrom.de\/cs\/wp-json\/wp\/v2\/pages"}],"about":[{"href":"https:\/\/www.hausamstrom.de\/cs\/wp-json\/wp\/v2\/types\/page"}],"author":[{"embeddable":true,"href":"https:\/\/www.hausamstrom.de\/cs\/wp-json\/wp\/v2\/users\/1"}],"replies":[{"embeddable":true,"href":"https:\/\/www.hausamstrom.de\/cs\/wp-json\/wp\/v2\/comments?post=6939"}],"version-history":[{"count":10,"href":"https:\/\/www.hausamstrom.de\/cs\/wp-json\/wp\/v2\/pages\/6939\/revisions"}],"predecessor-version":[{"id":13703,"href":"https:\/\/www.hausamstrom.de\/cs\/wp-json\/wp\/v2\/pages\/6939\/revisions\/13703"}],"wp:attachment":[{"href":"https:\/\/www.hausamstrom.de\/cs\/wp-json\/wp\/v2\/media?parent=6939"}],"curies":[{"name":"wp","href":"https:\/\/api.w.org\/{rel}","templated":true}]}}