{"id":6948,"date":"2020-05-04T17:02:23","date_gmt":"2020-05-04T15:02:23","guid":{"rendered":"https:\/\/www.hausamstrom.de\/trvalka-oblibena\/vstup-na-experimentalni-vystavu\/"},"modified":"2020-08-26T17:05:17","modified_gmt":"2020-08-26T15:05:17","slug":"vstup-na-experimentalni-vystavu","status":"publish","type":"page","link":"https:\/\/www.hausamstrom.de\/cs\/program\/zajisten\/trvalka-oblibena\/vstup-na-experimentalni-vystavu\/","title":{"rendered":"Vstup do vodn\u00edho z\u00e1\u017eitkov\u00e9ho sv\u011bta"},"content":{"rendered":"<p>P\u0159\u00edroda, energie a voda jsou hlavn\u00edmi t\u00e9maty Domu u proudu \u0159eky. To m\u016f\u017eete vid\u011bt u\u017e z architektury domu, kter\u00e1 p\u0159ipom\u00edn\u00e1 vlnu Dunaje. Seznamte se hravou formou s biologickou rozmanitost\u00ed Dunaje, pozorujte je\u0161t\u011brku zelenou nebo u\u017eovku stromovou a vyrobte si vlastn\u00ed elekt\u0159inu! Pot\u00e9 na v\u00e1s \u010dek\u00e1 dunajsk\u00e9 kino a vodn\u00ed hudba.<\/p>\n<p>Slu\u017eby:<\/p>\n<p>\u2013 vstup na v\u00fdstavu,<br \/>\n\u2013 film \u201eV \u00fadol\u00ed je\u0161t\u011brek a had\u016f\u201c nebo \u201eHrad v proudu\u201c<br \/>\nCeny: vstup 5,00 \u20ac;<br \/>\nD\u011bti a t\u011b\u017ece posti\u017een\u00ed \u20ac 3,00; rodinn\u00e9 vstupn\u00e9<br \/>\nSkupinov\u00e1 sleva od 20 osob<\/p>\n","protected":false},"excerpt":{"rendered":"<p>P\u0159\u00edroda, energie a voda jsou hlavn\u00edmi t\u00e9maty Domu u proudu \u0159eky. To m\u016f\u017eete vid\u011bt u\u017e z architektury domu, kter\u00e1 p\u0159ipom\u00edn\u00e1 vlnu Dunaje. Seznamte se hravou formou s biologickou rozmanitost\u00ed Dunaje, pozorujte je\u0161t\u011brku zelenou nebo u\u017eovku stromovou a vyrobte si vlastn\u00ed elekt\u0159inu! Pot\u00e9 na v\u00e1s \u010dek\u00e1 dunajsk\u00e9 kino a vodn\u00ed hudba. Slu\u017eby: \u2013 vstup na v\u00fdstavu, [&hellip;]<\/p>\n","protected":false},"author":1,"featured_media":0,"parent":6945,"menu_order":0,"comment_status":"closed","ping_status":"closed","template":"","meta":{"footnotes":""},"class_list":["post-6948","page","type-page","status-publish","hentry"],"yoast_head":"<!-- This site is optimized with the Yoast SEO plugin v27.6 - https:\/\/yoast.com\/product\/yoast-seo-wordpress\/ -->\n<title>Vstup do vodn\u00edho z\u00e1\u017eitkov\u00e9ho sv\u011bta - Haus am Strom<\/title>\n<meta name=\"robots\" content=\"index, follow, max-snippet:-1, max-image-preview:large, max-video-preview:-1\" \/>\n<link rel=\"canonical\" href=\"https:\/\/www.hausamstrom.de\/cs\/program\/zajisten\/trvalka-oblibena\/vstup-na-experimentalni-vystavu\/\" \/>\n<meta property=\"og:locale\" content=\"cs_CZ\" \/>\n<meta property=\"og:type\" content=\"article\" \/>\n<meta property=\"og:title\" content=\"Vstup do vodn\u00edho z\u00e1\u017eitkov\u00e9ho sv\u011bta - Haus am Strom\" \/>\n<meta property=\"og:description\" content=\"P\u0159\u00edroda, energie a voda jsou hlavn\u00edmi t\u00e9maty Domu u proudu \u0159eky. To m\u016f\u017eete vid\u011bt u\u017e z architektury domu, kter\u00e1 p\u0159ipom\u00edn\u00e1 vlnu Dunaje. Seznamte se hravou formou s biologickou rozmanitost\u00ed Dunaje, pozorujte je\u0161t\u011brku zelenou nebo u\u017eovku stromovou a vyrobte si vlastn\u00ed elekt\u0159inu! Pot\u00e9 na v\u00e1s \u010dek\u00e1 dunajsk\u00e9 kino a vodn\u00ed hudba. Slu\u017eby: \u2013 vstup na v\u00fdstavu, [&hellip;]\" \/>\n<meta property=\"og:url\" content=\"https:\/\/www.hausamstrom.de\/cs\/program\/zajisten\/trvalka-oblibena\/vstup-na-experimentalni-vystavu\/\" \/>\n<meta property=\"og:site_name\" content=\"Haus am Strom\" \/>\n<meta property=\"article:publisher\" content=\"https:\/\/www.facebook.com\/hausamstrom\" \/>\n<meta property=\"article:modified_time\" content=\"2020-08-26T15:05:17+00:00\" \/>\n<meta name=\"twitter:card\" content=\"summary_large_image\" \/>\n<script type=\"application\/ld+json\" class=\"yoast-schema-graph\">{\"@context\":\"https:\\\/\\\/schema.org\",\"@graph\":[{\"@type\":\"WebPage\",\"@id\":\"https:\\\/\\\/www.hausamstrom.de\\\/cs\\\/program\\\/zajisten\\\/trvalka-oblibena\\\/vstup-na-experimentalni-vystavu\\\/\",\"url\":\"https:\\\/\\\/www.hausamstrom.de\\\/cs\\\/program\\\/zajisten\\\/trvalka-oblibena\\\/vstup-na-experimentalni-vystavu\\\/\",\"name\":\"Vstup do vodn\u00edho z\u00e1\u017eitkov\u00e9ho sv\u011bta - Haus am Strom\",\"isPartOf\":{\"@id\":\"https:\\\/\\\/www.hausamstrom.de\\\/de\\\/#website\"},\"datePublished\":\"2020-05-04T15:02:23+00:00\",\"dateModified\":\"2020-08-26T15:05:17+00:00\",\"breadcrumb\":{\"@id\":\"https:\\\/\\\/www.hausamstrom.de\\\/cs\\\/program\\\/zajisten\\\/trvalka-oblibena\\\/vstup-na-experimentalni-vystavu\\\/#breadcrumb\"},\"inLanguage\":\"cs\",\"potentialAction\":[{\"@type\":\"ReadAction\",\"target\":[\"https:\\\/\\\/www.hausamstrom.de\\\/cs\\\/program\\\/zajisten\\\/trvalka-oblibena\\\/vstup-na-experimentalni-vystavu\\\/\"]}]},{\"@type\":\"BreadcrumbList\",\"@id\":\"https:\\\/\\\/www.hausamstrom.de\\\/cs\\\/program\\\/zajisten\\\/trvalka-oblibena\\\/vstup-na-experimentalni-vystavu\\\/#breadcrumb\",\"itemListElement\":[{\"@type\":\"ListItem\",\"position\":1,\"name\":\"Home\",\"item\":\"https:\\\/\\\/www.hausamstrom.de\\\/cs\\\/\"},{\"@type\":\"ListItem\",\"position\":2,\"name\":\"Program\",\"item\":\"https:\\\/\\\/www.hausamstrom.de\\\/cs\\\/program\\\/\"},{\"@type\":\"ListItem\",\"position\":3,\"name\":\"Zaji\u0161t\u011bn\",\"item\":\"https:\\\/\\\/www.hausamstrom.de\\\/cs\\\/program\\\/zajisten\\\/\"},{\"@type\":\"ListItem\",\"position\":4,\"name\":\"trvalka obl\u00edben\u00e1\",\"item\":\"https:\\\/\\\/www.hausamstrom.de\\\/cs\\\/program\\\/zajisten\\\/trvalka-oblibena\\\/\"},{\"@type\":\"ListItem\",\"position\":5,\"name\":\"Vstup do vodn\u00edho z\u00e1\u017eitkov\u00e9ho sv\u011bta\"}]},{\"@type\":\"WebSite\",\"@id\":\"https:\\\/\\\/www.hausamstrom.de\\\/de\\\/#website\",\"url\":\"https:\\\/\\\/www.hausamstrom.de\\\/de\\\/\",\"name\":\"Haus am Strom\",\"description\":\"Umweltbildungsstation im Passauer Donautal. Umweltbildung und Naturschutz f\u00fcr Kinder und Erwachsenen.\",\"publisher\":{\"@id\":\"https:\\\/\\\/www.hausamstrom.de\\\/de\\\/#organization\"},\"potentialAction\":[{\"@type\":\"SearchAction\",\"target\":{\"@type\":\"EntryPoint\",\"urlTemplate\":\"https:\\\/\\\/www.hausamstrom.de\\\/de\\\/?s={search_term_string}\"},\"query-input\":{\"@type\":\"PropertyValueSpecification\",\"valueRequired\":true,\"valueName\":\"search_term_string\"}}],\"inLanguage\":\"cs\"},{\"@type\":\"Organization\",\"@id\":\"https:\\\/\\\/www.hausamstrom.de\\\/de\\\/#organization\",\"name\":\"Haus am Strom\",\"url\":\"https:\\\/\\\/www.hausamstrom.de\\\/de\\\/\",\"logo\":{\"@type\":\"ImageObject\",\"inLanguage\":\"cs\",\"@id\":\"https:\\\/\\\/www.hausamstrom.de\\\/de\\\/#\\\/schema\\\/logo\\\/image\\\/\",\"url\":\"https:\\\/\\\/www.hausamstrom.de\\\/wp-content\\\/uploads\\\/2025\\\/06\\\/Logo-quadratisch-1024x1024.jpg\",\"contentUrl\":\"https:\\\/\\\/www.hausamstrom.de\\\/wp-content\\\/uploads\\\/2025\\\/06\\\/Logo-quadratisch-1024x1024.jpg\",\"width\":1024,\"height\":1024,\"caption\":\"Haus am Strom\"},\"image\":{\"@id\":\"https:\\\/\\\/www.hausamstrom.de\\\/de\\\/#\\\/schema\\\/logo\\\/image\\\/\"},\"sameAs\":[\"https:\\\/\\\/www.facebook.com\\\/hausamstrom\",\"https:\\\/\\\/www.instagram.com\\\/\"]}]}<\/script>\n<!-- \/ Yoast SEO plugin. -->","yoast_head_json":{"title":"Vstup do vodn\u00edho z\u00e1\u017eitkov\u00e9ho sv\u011bta - Haus am Strom","robots":{"index":"index","follow":"follow","max-snippet":"max-snippet:-1","max-image-preview":"max-image-preview:large","max-video-preview":"max-video-preview:-1"},"canonical":"https:\/\/www.hausamstrom.de\/cs\/program\/zajisten\/trvalka-oblibena\/vstup-na-experimentalni-vystavu\/","og_locale":"cs_CZ","og_type":"article","og_title":"Vstup do vodn\u00edho z\u00e1\u017eitkov\u00e9ho sv\u011bta - Haus am Strom","og_description":"P\u0159\u00edroda, energie a voda jsou hlavn\u00edmi t\u00e9maty Domu u proudu \u0159eky. To m\u016f\u017eete vid\u011bt u\u017e z architektury domu, kter\u00e1 p\u0159ipom\u00edn\u00e1 vlnu Dunaje. Seznamte se hravou formou s biologickou rozmanitost\u00ed Dunaje, pozorujte je\u0161t\u011brku zelenou nebo u\u017eovku stromovou a vyrobte si vlastn\u00ed elekt\u0159inu! Pot\u00e9 na v\u00e1s \u010dek\u00e1 dunajsk\u00e9 kino a vodn\u00ed hudba. Slu\u017eby: \u2013 vstup na v\u00fdstavu, [&hellip;]","og_url":"https:\/\/www.hausamstrom.de\/cs\/program\/zajisten\/trvalka-oblibena\/vstup-na-experimentalni-vystavu\/","og_site_name":"Haus am Strom","article_publisher":"https:\/\/www.facebook.com\/hausamstrom","article_modified_time":"2020-08-26T15:05:17+00:00","twitter_card":"summary_large_image","schema":{"@context":"https:\/\/schema.org","@graph":[{"@type":"WebPage","@id":"https:\/\/www.hausamstrom.de\/cs\/program\/zajisten\/trvalka-oblibena\/vstup-na-experimentalni-vystavu\/","url":"https:\/\/www.hausamstrom.de\/cs\/program\/zajisten\/trvalka-oblibena\/vstup-na-experimentalni-vystavu\/","name":"Vstup do vodn\u00edho z\u00e1\u017eitkov\u00e9ho sv\u011bta - Haus am Strom","isPartOf":{"@id":"https:\/\/www.hausamstrom.de\/de\/#website"},"datePublished":"2020-05-04T15:02:23+00:00","dateModified":"2020-08-26T15:05:17+00:00","breadcrumb":{"@id":"https:\/\/www.hausamstrom.de\/cs\/program\/zajisten\/trvalka-oblibena\/vstup-na-experimentalni-vystavu\/#breadcrumb"},"inLanguage":"cs","potentialAction":[{"@type":"ReadAction","target":["https:\/\/www.hausamstrom.de\/cs\/program\/zajisten\/trvalka-oblibena\/vstup-na-experimentalni-vystavu\/"]}]},{"@type":"BreadcrumbList","@id":"https:\/\/www.hausamstrom.de\/cs\/program\/zajisten\/trvalka-oblibena\/vstup-na-experimentalni-vystavu\/#breadcrumb","itemListElement":[{"@type":"ListItem","position":1,"name":"Home","item":"https:\/\/www.hausamstrom.de\/cs\/"},{"@type":"ListItem","position":2,"name":"Program","item":"https:\/\/www.hausamstrom.de\/cs\/program\/"},{"@type":"ListItem","position":3,"name":"Zaji\u0161t\u011bn","item":"https:\/\/www.hausamstrom.de\/cs\/program\/zajisten\/"},{"@type":"ListItem","position":4,"name":"trvalka obl\u00edben\u00e1","item":"https:\/\/www.hausamstrom.de\/cs\/program\/zajisten\/trvalka-oblibena\/"},{"@type":"ListItem","position":5,"name":"Vstup do vodn\u00edho z\u00e1\u017eitkov\u00e9ho sv\u011bta"}]},{"@type":"WebSite","@id":"https:\/\/www.hausamstrom.de\/de\/#website","url":"https:\/\/www.hausamstrom.de\/de\/","name":"Haus am Strom","description":"Umweltbildungsstation im Passauer Donautal. Umweltbildung und Naturschutz f\u00fcr Kinder und Erwachsenen.","publisher":{"@id":"https:\/\/www.hausamstrom.de\/de\/#organization"},"potentialAction":[{"@type":"SearchAction","target":{"@type":"EntryPoint","urlTemplate":"https:\/\/www.hausamstrom.de\/de\/?s={search_term_string}"},"query-input":{"@type":"PropertyValueSpecification","valueRequired":true,"valueName":"search_term_string"}}],"inLanguage":"cs"},{"@type":"Organization","@id":"https:\/\/www.hausamstrom.de\/de\/#organization","name":"Haus am Strom","url":"https:\/\/www.hausamstrom.de\/de\/","logo":{"@type":"ImageObject","inLanguage":"cs","@id":"https:\/\/www.hausamstrom.de\/de\/#\/schema\/logo\/image\/","url":"https:\/\/www.hausamstrom.de\/wp-content\/uploads\/2025\/06\/Logo-quadratisch-1024x1024.jpg","contentUrl":"https:\/\/www.hausamstrom.de\/wp-content\/uploads\/2025\/06\/Logo-quadratisch-1024x1024.jpg","width":1024,"height":1024,"caption":"Haus am Strom"},"image":{"@id":"https:\/\/www.hausamstrom.de\/de\/#\/schema\/logo\/image\/"},"sameAs":["https:\/\/www.facebook.com\/hausamstrom","https:\/\/www.instagram.com\/"]}]}},"_links":{"self":[{"href":"https:\/\/www.hausamstrom.de\/cs\/wp-json\/wp\/v2\/pages\/6948","targetHints":{"allow":["GET"]}}],"collection":[{"href":"https:\/\/www.hausamstrom.de\/cs\/wp-json\/wp\/v2\/pages"}],"about":[{"href":"https:\/\/www.hausamstrom.de\/cs\/wp-json\/wp\/v2\/types\/page"}],"author":[{"embeddable":true,"href":"https:\/\/www.hausamstrom.de\/cs\/wp-json\/wp\/v2\/users\/1"}],"replies":[{"embeddable":true,"href":"https:\/\/www.hausamstrom.de\/cs\/wp-json\/wp\/v2\/comments?post=6948"}],"version-history":[{"count":1,"href":"https:\/\/www.hausamstrom.de\/cs\/wp-json\/wp\/v2\/pages\/6948\/revisions"}],"predecessor-version":[{"id":8628,"href":"https:\/\/www.hausamstrom.de\/cs\/wp-json\/wp\/v2\/pages\/6948\/revisions\/8628"}],"up":[{"embeddable":true,"href":"https:\/\/www.hausamstrom.de\/cs\/wp-json\/wp\/v2\/pages\/6945"}],"wp:attachment":[{"href":"https:\/\/www.hausamstrom.de\/cs\/wp-json\/wp\/v2\/media?parent=6948"}],"curies":[{"name":"wp","href":"https:\/\/api.w.org\/{rel}","templated":true}]}}