{"id":6958,"date":"2020-05-04T17:17:28","date_gmt":"2020-05-04T15:17:28","guid":{"rendered":"https:\/\/www.hausamstrom.de\/udoli-dunaje-2\/dunaj\/"},"modified":"2020-05-04T17:17:28","modified_gmt":"2020-05-04T15:17:28","slug":"dunaj","status":"publish","type":"page","link":"https:\/\/www.hausamstrom.de\/cs\/udoli-dunaje-2\/dunaj\/","title":{"rendered":"Dunaj"},"content":{"rendered":"<h1>Dunaj<\/h1>\n<p>Dunaj prot\u00e9k\u00e1 celou \u0159adou krajin a spojuje st\u0159edn\u00ed Evropu s jihov\u00fdchodem. Se sv\u00fdmi 2857 km je druhou nejdel\u0161\u00ed \u0159ekou v Evrop\u011b.<\/p>\n<p>Dunaj prot\u00e9k\u00e1 10 zem\u011bmi na cest\u011b do \u010cern\u00e9ho mo\u0159e a je hrani\u010dn\u00ed \u0159ekou v d\u00e9lce 1071 km. Sp\u00e1dov\u00e1 oblast se rozkl\u00e1d\u00e1 na 817 000 km2.<\/p>\n<p>Od ofici\u00e1ln\u00edho zdroje Dunaje v Donaueschingenu po n\u011bmecko-rakouskou st\u00e1tn\u00ed hranici v Jochensteinu, pobl\u00ed\u017e Haus am Strom, ji\u017e Dunaj ub\u011bhl 633 kilometr\u016f a rozrostl se na zna\u010dn\u00fd potok.<\/p>\n","protected":false},"excerpt":{"rendered":"<p>Dunaj Dunaj prot\u00e9k\u00e1 celou \u0159adou krajin a spojuje st\u0159edn\u00ed Evropu s jihov\u00fdchodem. Se sv\u00fdmi 2857 km je druhou nejdel\u0161\u00ed \u0159ekou v Evrop\u011b. Dunaj prot\u00e9k\u00e1 10 zem\u011bmi na cest\u011b do \u010cern\u00e9ho mo\u0159e a je hrani\u010dn\u00ed \u0159ekou v d\u00e9lce 1071 km. Sp\u00e1dov\u00e1 oblast se rozkl\u00e1d\u00e1 na 817 000 km2. Od ofici\u00e1ln\u00edho zdroje Dunaje v Donaueschingenu po n\u011bmecko-rakouskou [&hellip;]<\/p>\n","protected":false},"author":1,"featured_media":0,"parent":6955,"menu_order":0,"comment_status":"closed","ping_status":"closed","template":"","meta":{"footnotes":""},"class_list":["post-6958","page","type-page","status-publish","hentry"],"yoast_head":"<!-- This site is optimized with the Yoast SEO plugin v27.4 - https:\/\/yoast.com\/product\/yoast-seo-wordpress\/ -->\n<title>Dunaj - Haus am Strom<\/title>\n<meta name=\"robots\" content=\"index, follow, max-snippet:-1, max-image-preview:large, max-video-preview:-1\" \/>\n<link rel=\"canonical\" href=\"https:\/\/www.hausamstrom.de\/cs\/udoli-dunaje-2\/dunaj\/\" \/>\n<meta property=\"og:locale\" content=\"cs_CZ\" \/>\n<meta property=\"og:type\" content=\"article\" \/>\n<meta property=\"og:title\" content=\"Dunaj - Haus am Strom\" \/>\n<meta property=\"og:description\" content=\"Dunaj Dunaj prot\u00e9k\u00e1 celou \u0159adou krajin a spojuje st\u0159edn\u00ed Evropu s jihov\u00fdchodem. Se sv\u00fdmi 2857 km je druhou nejdel\u0161\u00ed \u0159ekou v Evrop\u011b. Dunaj prot\u00e9k\u00e1 10 zem\u011bmi na cest\u011b do \u010cern\u00e9ho mo\u0159e a je hrani\u010dn\u00ed \u0159ekou v d\u00e9lce 1071 km. Sp\u00e1dov\u00e1 oblast se rozkl\u00e1d\u00e1 na 817 000 km2. Od ofici\u00e1ln\u00edho zdroje Dunaje v Donaueschingenu po n\u011bmecko-rakouskou [&hellip;]\" \/>\n<meta property=\"og:url\" content=\"https:\/\/www.hausamstrom.de\/cs\/udoli-dunaje-2\/dunaj\/\" \/>\n<meta property=\"og:site_name\" content=\"Haus am Strom\" \/>\n<meta property=\"article:publisher\" content=\"https:\/\/www.facebook.com\/hausamstrom\" \/>\n<meta name=\"twitter:card\" content=\"summary_large_image\" \/>\n<script type=\"application\/ld+json\" class=\"yoast-schema-graph\">{\"@context\":\"https:\\\/\\\/schema.org\",\"@graph\":[{\"@type\":\"WebPage\",\"@id\":\"https:\\\/\\\/www.hausamstrom.de\\\/cs\\\/udoli-dunaje-2\\\/dunaj\\\/\",\"url\":\"https:\\\/\\\/www.hausamstrom.de\\\/cs\\\/udoli-dunaje-2\\\/dunaj\\\/\",\"name\":\"Dunaj - Haus am Strom\",\"isPartOf\":{\"@id\":\"https:\\\/\\\/www.hausamstrom.de\\\/de\\\/#website\"},\"datePublished\":\"2020-05-04T15:17:28+00:00\",\"breadcrumb\":{\"@id\":\"https:\\\/\\\/www.hausamstrom.de\\\/cs\\\/udoli-dunaje-2\\\/dunaj\\\/#breadcrumb\"},\"inLanguage\":\"cs\",\"potentialAction\":[{\"@type\":\"ReadAction\",\"target\":[\"https:\\\/\\\/www.hausamstrom.de\\\/cs\\\/udoli-dunaje-2\\\/dunaj\\\/\"]}]},{\"@type\":\"BreadcrumbList\",\"@id\":\"https:\\\/\\\/www.hausamstrom.de\\\/cs\\\/udoli-dunaje-2\\\/dunaj\\\/#breadcrumb\",\"itemListElement\":[{\"@type\":\"ListItem\",\"position\":1,\"name\":\"Home\",\"item\":\"https:\\\/\\\/www.hausamstrom.de\\\/cs\\\/\"},{\"@type\":\"ListItem\",\"position\":2,\"name\":\"\u00dadol\u00ed Dunaje\",\"item\":\"https:\\\/\\\/www.hausamstrom.de\\\/cs\\\/udoli-dunaje-2\\\/\"},{\"@type\":\"ListItem\",\"position\":3,\"name\":\"Dunaj\"}]},{\"@type\":\"WebSite\",\"@id\":\"https:\\\/\\\/www.hausamstrom.de\\\/de\\\/#website\",\"url\":\"https:\\\/\\\/www.hausamstrom.de\\\/de\\\/\",\"name\":\"Haus am Strom\",\"description\":\"Umweltbildungsstation im Passauer Donautal. Umweltbildung und Naturschutz f\u00fcr Kinder und Erwachsenen.\",\"publisher\":{\"@id\":\"https:\\\/\\\/www.hausamstrom.de\\\/de\\\/#organization\"},\"potentialAction\":[{\"@type\":\"SearchAction\",\"target\":{\"@type\":\"EntryPoint\",\"urlTemplate\":\"https:\\\/\\\/www.hausamstrom.de\\\/de\\\/?s={search_term_string}\"},\"query-input\":{\"@type\":\"PropertyValueSpecification\",\"valueRequired\":true,\"valueName\":\"search_term_string\"}}],\"inLanguage\":\"cs\"},{\"@type\":\"Organization\",\"@id\":\"https:\\\/\\\/www.hausamstrom.de\\\/de\\\/#organization\",\"name\":\"Haus am Strom\",\"url\":\"https:\\\/\\\/www.hausamstrom.de\\\/de\\\/\",\"logo\":{\"@type\":\"ImageObject\",\"inLanguage\":\"cs\",\"@id\":\"https:\\\/\\\/www.hausamstrom.de\\\/de\\\/#\\\/schema\\\/logo\\\/image\\\/\",\"url\":\"https:\\\/\\\/www.hausamstrom.de\\\/wp-content\\\/uploads\\\/2025\\\/06\\\/Logo-quadratisch-1024x1024.jpg\",\"contentUrl\":\"https:\\\/\\\/www.hausamstrom.de\\\/wp-content\\\/uploads\\\/2025\\\/06\\\/Logo-quadratisch-1024x1024.jpg\",\"width\":1024,\"height\":1024,\"caption\":\"Haus am Strom\"},\"image\":{\"@id\":\"https:\\\/\\\/www.hausamstrom.de\\\/de\\\/#\\\/schema\\\/logo\\\/image\\\/\"},\"sameAs\":[\"https:\\\/\\\/www.facebook.com\\\/hausamstrom\",\"https:\\\/\\\/www.instagram.com\\\/\"]}]}<\/script>\n<!-- \/ Yoast SEO plugin. -->","yoast_head_json":{"title":"Dunaj - Haus am Strom","robots":{"index":"index","follow":"follow","max-snippet":"max-snippet:-1","max-image-preview":"max-image-preview:large","max-video-preview":"max-video-preview:-1"},"canonical":"https:\/\/www.hausamstrom.de\/cs\/udoli-dunaje-2\/dunaj\/","og_locale":"cs_CZ","og_type":"article","og_title":"Dunaj - Haus am Strom","og_description":"Dunaj Dunaj prot\u00e9k\u00e1 celou \u0159adou krajin a spojuje st\u0159edn\u00ed Evropu s jihov\u00fdchodem. Se sv\u00fdmi 2857 km je druhou nejdel\u0161\u00ed \u0159ekou v Evrop\u011b. Dunaj prot\u00e9k\u00e1 10 zem\u011bmi na cest\u011b do \u010cern\u00e9ho mo\u0159e a je hrani\u010dn\u00ed \u0159ekou v d\u00e9lce 1071 km. Sp\u00e1dov\u00e1 oblast se rozkl\u00e1d\u00e1 na 817 000 km2. Od ofici\u00e1ln\u00edho zdroje Dunaje v Donaueschingenu po n\u011bmecko-rakouskou [&hellip;]","og_url":"https:\/\/www.hausamstrom.de\/cs\/udoli-dunaje-2\/dunaj\/","og_site_name":"Haus am Strom","article_publisher":"https:\/\/www.facebook.com\/hausamstrom","twitter_card":"summary_large_image","schema":{"@context":"https:\/\/schema.org","@graph":[{"@type":"WebPage","@id":"https:\/\/www.hausamstrom.de\/cs\/udoli-dunaje-2\/dunaj\/","url":"https:\/\/www.hausamstrom.de\/cs\/udoli-dunaje-2\/dunaj\/","name":"Dunaj - Haus am Strom","isPartOf":{"@id":"https:\/\/www.hausamstrom.de\/de\/#website"},"datePublished":"2020-05-04T15:17:28+00:00","breadcrumb":{"@id":"https:\/\/www.hausamstrom.de\/cs\/udoli-dunaje-2\/dunaj\/#breadcrumb"},"inLanguage":"cs","potentialAction":[{"@type":"ReadAction","target":["https:\/\/www.hausamstrom.de\/cs\/udoli-dunaje-2\/dunaj\/"]}]},{"@type":"BreadcrumbList","@id":"https:\/\/www.hausamstrom.de\/cs\/udoli-dunaje-2\/dunaj\/#breadcrumb","itemListElement":[{"@type":"ListItem","position":1,"name":"Home","item":"https:\/\/www.hausamstrom.de\/cs\/"},{"@type":"ListItem","position":2,"name":"\u00dadol\u00ed Dunaje","item":"https:\/\/www.hausamstrom.de\/cs\/udoli-dunaje-2\/"},{"@type":"ListItem","position":3,"name":"Dunaj"}]},{"@type":"WebSite","@id":"https:\/\/www.hausamstrom.de\/de\/#website","url":"https:\/\/www.hausamstrom.de\/de\/","name":"Haus am Strom","description":"Umweltbildungsstation im Passauer Donautal. Umweltbildung und Naturschutz f\u00fcr Kinder und Erwachsenen.","publisher":{"@id":"https:\/\/www.hausamstrom.de\/de\/#organization"},"potentialAction":[{"@type":"SearchAction","target":{"@type":"EntryPoint","urlTemplate":"https:\/\/www.hausamstrom.de\/de\/?s={search_term_string}"},"query-input":{"@type":"PropertyValueSpecification","valueRequired":true,"valueName":"search_term_string"}}],"inLanguage":"cs"},{"@type":"Organization","@id":"https:\/\/www.hausamstrom.de\/de\/#organization","name":"Haus am Strom","url":"https:\/\/www.hausamstrom.de\/de\/","logo":{"@type":"ImageObject","inLanguage":"cs","@id":"https:\/\/www.hausamstrom.de\/de\/#\/schema\/logo\/image\/","url":"https:\/\/www.hausamstrom.de\/wp-content\/uploads\/2025\/06\/Logo-quadratisch-1024x1024.jpg","contentUrl":"https:\/\/www.hausamstrom.de\/wp-content\/uploads\/2025\/06\/Logo-quadratisch-1024x1024.jpg","width":1024,"height":1024,"caption":"Haus am Strom"},"image":{"@id":"https:\/\/www.hausamstrom.de\/de\/#\/schema\/logo\/image\/"},"sameAs":["https:\/\/www.facebook.com\/hausamstrom","https:\/\/www.instagram.com\/"]}]}},"_links":{"self":[{"href":"https:\/\/www.hausamstrom.de\/cs\/wp-json\/wp\/v2\/pages\/6958","targetHints":{"allow":["GET"]}}],"collection":[{"href":"https:\/\/www.hausamstrom.de\/cs\/wp-json\/wp\/v2\/pages"}],"about":[{"href":"https:\/\/www.hausamstrom.de\/cs\/wp-json\/wp\/v2\/types\/page"}],"author":[{"embeddable":true,"href":"https:\/\/www.hausamstrom.de\/cs\/wp-json\/wp\/v2\/users\/1"}],"replies":[{"embeddable":true,"href":"https:\/\/www.hausamstrom.de\/cs\/wp-json\/wp\/v2\/comments?post=6958"}],"version-history":[{"count":0,"href":"https:\/\/www.hausamstrom.de\/cs\/wp-json\/wp\/v2\/pages\/6958\/revisions"}],"up":[{"embeddable":true,"href":"https:\/\/www.hausamstrom.de\/cs\/wp-json\/wp\/v2\/pages\/6955"}],"wp:attachment":[{"href":"https:\/\/www.hausamstrom.de\/cs\/wp-json\/wp\/v2\/media?parent=6958"}],"curies":[{"name":"wp","href":"https:\/\/api.w.org\/{rel}","templated":true}]}}