{"id":6961,"date":"2020-05-04T17:46:31","date_gmt":"2020-05-04T15:46:31","guid":{"rendered":"https:\/\/www.hausamstrom.de\/udoli-dunaje-2\/trampovat\/"},"modified":"2026-03-12T15:09:33","modified_gmt":"2026-03-12T14:09:33","slug":"trampovat","status":"publish","type":"page","link":"https:\/\/www.hausamstrom.de\/cs\/udoli-dunaje-2\/trampovat\/","title":{"rendered":"trampovat"},"content":{"rendered":"<div class=\"wpb-content-wrapper\"><p>[vc_row][vc_column][vc_column_text]<\/p>\n<h1>P\u011b\u0161\u00ed turistika v \u00fadol\u00ed Dunaje<\/h1>\n<p><img loading=\"lazy\" decoding=\"async\" class=\"alignleft wp-image-5944\" src=\"https:\/\/www.hausamstrom.de\/wp-content\/uploads\/2016\/02\/ebenstein_DSC5400-400x266.jpg\" alt=\"ebenstein_DSC5400\" width=\"240\" height=\"160\" srcset=\"https:\/\/www.hausamstrom.de\/wp-content\/uploads\/2016\/02\/ebenstein_DSC5400-400x266.jpg 400w, https:\/\/www.hausamstrom.de\/wp-content\/uploads\/2016\/02\/ebenstein_DSC5400-1024x681.jpg 1024w\" sizes=\"auto, (max-width: 240px) 100vw, 240px\" \/><\/p>\n<p>Nyn\u00ed existuje mnoho turistick\u00fdch nab\u00eddek v Donauleiten tak\u00e9 na <a class=\"external-link-new-window\" title=\"Opens external link in new window\" href=\"http:\/\/www.outdooractive.com\/\" target=\"_blank\" rel=\"noopener noreferrer\">outdooractive.com<\/a>. Pou\u017eijte podrobn\u00e9 informace o za\u0159\u00edzen\u00ed GPS, tabletu nebo smartphonu. Nebo jen vytiskn\u011bte v\u0161e na pap\u00edr.<\/p>\n<p><a class=\"external-link-new-window\" title=\"Opens external link in new window\" href=\"http:\/\/www.outdooractive.com\/de\/wanderung\/bayerischer-wald\/auf-schleichwegen-durch-passau\/102010144\/\" target=\"_blank\" rel=\"noopener noreferrer\">Proj\u00ed\u017ed\u00edme kolem Pasova<\/a><br \/>\n<a class=\"external-link-new-window\" title=\"Opens external link in new window\" href=\"http:\/\/www.outdooractive.com\/de\/wanderung\/bayerischer-wald\/wildes-erlautal\/101971997\/\" target=\"_blank\" rel=\"noopener noreferrer\">Wild Erlautal<\/a><br \/>\n<a class=\"external-link-new-window\" title=\"Opens external link in new window\" href=\"http:\/\/www.outdooractive.com\/de\/wanderung\/bayerischer-wald\/kohlbachtal-rundwanderung\/101875049\/\" target=\"_blank\" rel=\"noopener noreferrer\">Kohlbachtal-v\u00fdlet<\/a><\/p>\n<ul>\n<li><a class=\"external-link-new-window\" title=\"Opens external link in new window\" href=\"http:\/\/www.outdooractive.com\/de\/wanderung\/bayerischer-wald\/kohlbachtal-rundwanderung\/101875049\/\" target=\"_blank\" rel=\"noopener noreferrer\">Kohlbachtal-Rundwanderung<\/a><\/li>\n<li><a class=\"external-link-new-window\" title=\"Opens external link in new window\" href=\"http:\/\/www.outdooractive.com\/de\/wanderung\/bayerischer-wald\/ebenstein-runde\/101976305\/\" target=\"_blank\" rel=\"noopener noreferrer\">Ebensteinovo kolo<\/a>\u00a0 (s p\u016fsobiv\u00fdmi v\u00fdhledy)<\/li>\n<\/ul>\n<p>\u00a0<\/p>\n<p><a class=\"external-link-new-window\" title=\"Opens external link in new window\" href=\"http:\/\/www.outdooractive.com\/de\/themenweg\/bayerischer-wald\/life-naturwald-weg-donauleiten\/101736176\/\" target=\"_blank\" rel=\"noopener noreferrer\">LIFE-p\u0159\u00edroda lesn\u00ed cesta \u00a0 <\/a><\/p>\n<p><span class=\"tlid-translation translation\" lang=\"cs\"><span class=\"\" title=\"\"><a href=\"https:\/\/www.outdooractive.com\/de\/themenweg\/erlebnisweg-vom-haus-am-strom\/115251566\/\" target=\"_blank\" rel=\"noopener noreferrer\">Dobrodru\u017en\u00e1 stezka<\/a><\/span><\/span><\/p>\n<p>Servisn\u00ed slu\u017eba v oblasti p\u0159\u00edrodn\u00ed rezervace Donauleiten pomoc\u00ed webov\u00e9 str\u00e1nky outdooractive.com.<\/p>\n<p><strong>Turistick\u00e9 stezky v Jochensteiner Leiten<\/strong><\/p>\n<p>St\u00e1hn\u011bte si zde let\u00e1k s nejkr\u00e1sn\u011bj\u0161\u00edmi turistick\u00fdmi stezkami v p\u0159\u00edrodn\u00ed rezervaci Donauleiten (klikn\u011bte na fotografii).<\/p>\n<p><a href=\"https:\/\/hausamstrom.de\/wp-content\/uploads\/2016\/04\/HaS_flyer_wanderweg__10_16.pdf\" target=\"_blank\" rel=\"noopener noreferrer\"><img loading=\"lazy\" decoding=\"async\" class=\"aligncenter wp-image-6083\" src=\"https:\/\/www.hausamstrom.de\/wp-content\/uploads\/2016\/02\/has_wanderwegeflyer_img-400x133.jpg\" alt=\"wanderwege jochenstein\" width=\"445\" height=\"148\" srcset=\"https:\/\/www.hausamstrom.de\/wp-content\/uploads\/2016\/02\/has_wanderwegeflyer_img-400x133.jpg 400w, https:\/\/www.hausamstrom.de\/wp-content\/uploads\/2016\/02\/has_wanderwegeflyer_img-1024x341.jpg 1024w, https:\/\/www.hausamstrom.de\/wp-content\/uploads\/2016\/02\/has_wanderwegeflyer_img.jpg 1362w\" sizes=\"auto, (max-width: 445px) 100vw, 445px\" \/><\/a><\/p>\n<p>\u00a0<\/p>\n<p>P\u0159\u00edrodn\u00ed rezervace Donauleiten, psi D\u016fle\u017eit\u00e1 pozn\u00e1mka pro majitele ps\u016f<\/p>\n<p>P\u0159i proch\u00e1zce po Donauleiten vezm\u011bte sv\u00e9ho psa na vod\u00edtko. Proto\u017ee psi maj\u00ed inherentn\u011b loveck\u00fd instinkt, existuje riziko, \u017ee bude ovlivn\u011bna divok\u00e1 zv\u011b\u0159. Tomu by se za ka\u017edou cenu m\u011blo zabr\u00e1nit z d\u016fvodu ochrany cenn\u00e9 fauny. Existuje tak\u00e9 riziko, \u017ee va\u0161i psi mohou utrp\u011bt v\u00e1\u017en\u00e9, mo\u017en\u00e1 \u017eivot ohro\u017euj\u00edc\u00ed po\u0161kozen\u00ed, kdy\u017e se dostanou do kontaktu s mloky po\u017e\u00e1rn\u00ed, kter\u00e9 jsou v t\u00e9to oblasti b\u011b\u017en\u00e9.[\/vc_column_text][\/vc_column][\/vc_row][vc_row][vc_column][vc_message message_box_color=\u201dwarning\u201d css=\u201d\u201d]Haus am Strom nenese \u017e\u00e1dnou odpov\u011bdnost za nehody nebo \u0161kody, kter\u00e9 vzniknou b\u011bhem n\u00e1mi inzerovan\u00e9 t\u00fary!<\/p>\n<p>Aktu\u00e1ln\u00ed informace o stavu a pr\u016fchodnosti stezek si pros\u00edm ov\u011b\u0159te u Haus am Strom nebo p\u0159\u00edslu\u0161n\u00e9 obce. B\u011bhem bou\u0159ek jsou stezky \u010dasto uzav\u0159eny!<\/p>\n<p>D\u00e1le nem\u016f\u017eeme zaru\u010dit, \u017ee skute\u010dn\u011b uvid\u00edte \u017eivo\u010di\u0161n\u00e9 a rostlinn\u00e9 druhy popsan\u00e9 na obr\u00e1zc\u00edch a v textu. Pro v\u00edce informac\u00ed se pros\u00edm obra\u0165te na spr\u00e1vu oblasti Haus am Strom![\/vc_message][\/vc_column][\/vc_row]<\/p>\n<\/div>","protected":false},"excerpt":{"rendered":"<p>[vc_row][vc_column][vc_column_text] P\u011b\u0161\u00ed turistika v \u00fadol\u00ed Dunaje Nyn\u00ed existuje mnoho turistick\u00fdch nab\u00eddek v Donauleiten tak\u00e9 na outdooractive.com. Pou\u017eijte podrobn\u00e9 informace o za\u0159\u00edzen\u00ed GPS, tabletu nebo smartphonu. Nebo jen vytiskn\u011bte v\u0161e na pap\u00edr. Proj\u00ed\u017ed\u00edme kolem Pasova Wild Erlautal Kohlbachtal-v\u00fdlet Kohlbachtal-Rundwanderung Ebensteinovo kolo\u00a0 (s p\u016fsobiv\u00fdmi v\u00fdhledy) \u00a0 LIFE-p\u0159\u00edroda lesn\u00ed cesta \u00a0 Dobrodru\u017en\u00e1 stezka Servisn\u00ed slu\u017eba v oblasti p\u0159\u00edrodn\u00ed [&hellip;]<\/p>\n","protected":false},"author":1,"featured_media":0,"parent":6955,"menu_order":3,"comment_status":"closed","ping_status":"closed","template":"","meta":{"footnotes":""},"class_list":["post-6961","page","type-page","status-publish","hentry"],"yoast_head":"<!-- This site is optimized with the Yoast SEO plugin v27.5 - https:\/\/yoast.com\/product\/yoast-seo-wordpress\/ -->\n<title>trampovat - Haus am Strom<\/title>\n<meta name=\"robots\" content=\"index, follow, max-snippet:-1, max-image-preview:large, max-video-preview:-1\" \/>\n<link rel=\"canonical\" href=\"https:\/\/www.hausamstrom.de\/cs\/udoli-dunaje-2\/trampovat\/\" \/>\n<meta property=\"og:locale\" content=\"cs_CZ\" \/>\n<meta property=\"og:type\" content=\"article\" \/>\n<meta property=\"og:title\" content=\"trampovat - Haus am Strom\" \/>\n<meta property=\"og:description\" content=\"[vc_row][vc_column][vc_column_text] P\u011b\u0161\u00ed turistika v \u00fadol\u00ed Dunaje Nyn\u00ed existuje mnoho turistick\u00fdch nab\u00eddek v Donauleiten tak\u00e9 na outdooractive.com. Pou\u017eijte podrobn\u00e9 informace o za\u0159\u00edzen\u00ed GPS, tabletu nebo smartphonu. Nebo jen vytiskn\u011bte v\u0161e na pap\u00edr. Proj\u00ed\u017ed\u00edme kolem Pasova Wild Erlautal Kohlbachtal-v\u00fdlet Kohlbachtal-Rundwanderung Ebensteinovo kolo\u00a0 (s p\u016fsobiv\u00fdmi v\u00fdhledy) \u00a0 LIFE-p\u0159\u00edroda lesn\u00ed cesta \u00a0 Dobrodru\u017en\u00e1 stezka Servisn\u00ed slu\u017eba v oblasti p\u0159\u00edrodn\u00ed [&hellip;]\" \/>\n<meta property=\"og:url\" content=\"https:\/\/www.hausamstrom.de\/cs\/udoli-dunaje-2\/trampovat\/\" \/>\n<meta property=\"og:site_name\" content=\"Haus am Strom\" \/>\n<meta property=\"article:publisher\" content=\"https:\/\/www.facebook.com\/hausamstrom\" \/>\n<meta property=\"article:modified_time\" content=\"2026-03-12T14:09:33+00:00\" \/>\n<meta property=\"og:image\" content=\"https:\/\/www.hausamstrom.de\/wp-content\/uploads\/2016\/02\/ebenstein_DSC5400.jpg\" \/>\n\t<meta property=\"og:image:width\" content=\"4256\" \/>\n\t<meta property=\"og:image:height\" content=\"2832\" \/>\n\t<meta property=\"og:image:type\" content=\"image\/jpeg\" \/>\n<meta name=\"twitter:card\" content=\"summary_large_image\" \/>\n<meta name=\"twitter:label1\" content=\"Odhadovan\u00e1 doba \u010dten\u00ed\" \/>\n\t<meta name=\"twitter:data1\" content=\"2 minuty\" \/>\n<script type=\"application\/ld+json\" class=\"yoast-schema-graph\">{\"@context\":\"https:\\\/\\\/schema.org\",\"@graph\":[{\"@type\":\"WebPage\",\"@id\":\"https:\\\/\\\/www.hausamstrom.de\\\/cs\\\/udoli-dunaje-2\\\/trampovat\\\/\",\"url\":\"https:\\\/\\\/www.hausamstrom.de\\\/cs\\\/udoli-dunaje-2\\\/trampovat\\\/\",\"name\":\"trampovat - Haus am Strom\",\"isPartOf\":{\"@id\":\"https:\\\/\\\/www.hausamstrom.de\\\/de\\\/#website\"},\"primaryImageOfPage\":{\"@id\":\"https:\\\/\\\/www.hausamstrom.de\\\/cs\\\/udoli-dunaje-2\\\/trampovat\\\/#primaryimage\"},\"image\":{\"@id\":\"https:\\\/\\\/www.hausamstrom.de\\\/cs\\\/udoli-dunaje-2\\\/trampovat\\\/#primaryimage\"},\"thumbnailUrl\":\"https:\\\/\\\/www.hausamstrom.de\\\/wp-content\\\/uploads\\\/2016\\\/02\\\/ebenstein_DSC5400-400x266.jpg\",\"datePublished\":\"2020-05-04T15:46:31+00:00\",\"dateModified\":\"2026-03-12T14:09:33+00:00\",\"breadcrumb\":{\"@id\":\"https:\\\/\\\/www.hausamstrom.de\\\/cs\\\/udoli-dunaje-2\\\/trampovat\\\/#breadcrumb\"},\"inLanguage\":\"cs\",\"potentialAction\":[{\"@type\":\"ReadAction\",\"target\":[\"https:\\\/\\\/www.hausamstrom.de\\\/cs\\\/udoli-dunaje-2\\\/trampovat\\\/\"]}]},{\"@type\":\"ImageObject\",\"inLanguage\":\"cs\",\"@id\":\"https:\\\/\\\/www.hausamstrom.de\\\/cs\\\/udoli-dunaje-2\\\/trampovat\\\/#primaryimage\",\"url\":\"https:\\\/\\\/www.hausamstrom.de\\\/wp-content\\\/uploads\\\/2016\\\/02\\\/ebenstein_DSC5400-400x266.jpg\",\"contentUrl\":\"https:\\\/\\\/www.hausamstrom.de\\\/wp-content\\\/uploads\\\/2016\\\/02\\\/ebenstein_DSC5400-400x266.jpg\"},{\"@type\":\"BreadcrumbList\",\"@id\":\"https:\\\/\\\/www.hausamstrom.de\\\/cs\\\/udoli-dunaje-2\\\/trampovat\\\/#breadcrumb\",\"itemListElement\":[{\"@type\":\"ListItem\",\"position\":1,\"name\":\"Home\",\"item\":\"https:\\\/\\\/www.hausamstrom.de\\\/cs\\\/\"},{\"@type\":\"ListItem\",\"position\":2,\"name\":\"\u00dadol\u00ed Dunaje\",\"item\":\"https:\\\/\\\/www.hausamstrom.de\\\/cs\\\/udoli-dunaje-2\\\/\"},{\"@type\":\"ListItem\",\"position\":3,\"name\":\"trampovat\"}]},{\"@type\":\"WebSite\",\"@id\":\"https:\\\/\\\/www.hausamstrom.de\\\/de\\\/#website\",\"url\":\"https:\\\/\\\/www.hausamstrom.de\\\/de\\\/\",\"name\":\"Haus am Strom\",\"description\":\"Umweltbildungsstation im Passauer Donautal. Umweltbildung und Naturschutz f\u00fcr Kinder und Erwachsenen.\",\"publisher\":{\"@id\":\"https:\\\/\\\/www.hausamstrom.de\\\/de\\\/#organization\"},\"potentialAction\":[{\"@type\":\"SearchAction\",\"target\":{\"@type\":\"EntryPoint\",\"urlTemplate\":\"https:\\\/\\\/www.hausamstrom.de\\\/de\\\/?s={search_term_string}\"},\"query-input\":{\"@type\":\"PropertyValueSpecification\",\"valueRequired\":true,\"valueName\":\"search_term_string\"}}],\"inLanguage\":\"cs\"},{\"@type\":\"Organization\",\"@id\":\"https:\\\/\\\/www.hausamstrom.de\\\/de\\\/#organization\",\"name\":\"Haus am Strom\",\"url\":\"https:\\\/\\\/www.hausamstrom.de\\\/de\\\/\",\"logo\":{\"@type\":\"ImageObject\",\"inLanguage\":\"cs\",\"@id\":\"https:\\\/\\\/www.hausamstrom.de\\\/de\\\/#\\\/schema\\\/logo\\\/image\\\/\",\"url\":\"https:\\\/\\\/www.hausamstrom.de\\\/wp-content\\\/uploads\\\/2025\\\/06\\\/Logo-quadratisch-1024x1024.jpg\",\"contentUrl\":\"https:\\\/\\\/www.hausamstrom.de\\\/wp-content\\\/uploads\\\/2025\\\/06\\\/Logo-quadratisch-1024x1024.jpg\",\"width\":1024,\"height\":1024,\"caption\":\"Haus am Strom\"},\"image\":{\"@id\":\"https:\\\/\\\/www.hausamstrom.de\\\/de\\\/#\\\/schema\\\/logo\\\/image\\\/\"},\"sameAs\":[\"https:\\\/\\\/www.facebook.com\\\/hausamstrom\",\"https:\\\/\\\/www.instagram.com\\\/\"]}]}<\/script>\n<!-- \/ Yoast SEO plugin. -->","yoast_head_json":{"title":"trampovat - Haus am Strom","robots":{"index":"index","follow":"follow","max-snippet":"max-snippet:-1","max-image-preview":"max-image-preview:large","max-video-preview":"max-video-preview:-1"},"canonical":"https:\/\/www.hausamstrom.de\/cs\/udoli-dunaje-2\/trampovat\/","og_locale":"cs_CZ","og_type":"article","og_title":"trampovat - Haus am Strom","og_description":"[vc_row][vc_column][vc_column_text] P\u011b\u0161\u00ed turistika v \u00fadol\u00ed Dunaje Nyn\u00ed existuje mnoho turistick\u00fdch nab\u00eddek v Donauleiten tak\u00e9 na outdooractive.com. Pou\u017eijte podrobn\u00e9 informace o za\u0159\u00edzen\u00ed GPS, tabletu nebo smartphonu. Nebo jen vytiskn\u011bte v\u0161e na pap\u00edr. Proj\u00ed\u017ed\u00edme kolem Pasova Wild Erlautal Kohlbachtal-v\u00fdlet Kohlbachtal-Rundwanderung Ebensteinovo kolo\u00a0 (s p\u016fsobiv\u00fdmi v\u00fdhledy) \u00a0 LIFE-p\u0159\u00edroda lesn\u00ed cesta \u00a0 Dobrodru\u017en\u00e1 stezka Servisn\u00ed slu\u017eba v oblasti p\u0159\u00edrodn\u00ed [&hellip;]","og_url":"https:\/\/www.hausamstrom.de\/cs\/udoli-dunaje-2\/trampovat\/","og_site_name":"Haus am Strom","article_publisher":"https:\/\/www.facebook.com\/hausamstrom","article_modified_time":"2026-03-12T14:09:33+00:00","og_image":[{"width":4256,"height":2832,"url":"https:\/\/www.hausamstrom.de\/wp-content\/uploads\/2016\/02\/ebenstein_DSC5400.jpg","type":"image\/jpeg"}],"twitter_card":"summary_large_image","twitter_misc":{"Odhadovan\u00e1 doba \u010dten\u00ed":"2 minuty"},"schema":{"@context":"https:\/\/schema.org","@graph":[{"@type":"WebPage","@id":"https:\/\/www.hausamstrom.de\/cs\/udoli-dunaje-2\/trampovat\/","url":"https:\/\/www.hausamstrom.de\/cs\/udoli-dunaje-2\/trampovat\/","name":"trampovat - Haus am Strom","isPartOf":{"@id":"https:\/\/www.hausamstrom.de\/de\/#website"},"primaryImageOfPage":{"@id":"https:\/\/www.hausamstrom.de\/cs\/udoli-dunaje-2\/trampovat\/#primaryimage"},"image":{"@id":"https:\/\/www.hausamstrom.de\/cs\/udoli-dunaje-2\/trampovat\/#primaryimage"},"thumbnailUrl":"https:\/\/www.hausamstrom.de\/wp-content\/uploads\/2016\/02\/ebenstein_DSC5400-400x266.jpg","datePublished":"2020-05-04T15:46:31+00:00","dateModified":"2026-03-12T14:09:33+00:00","breadcrumb":{"@id":"https:\/\/www.hausamstrom.de\/cs\/udoli-dunaje-2\/trampovat\/#breadcrumb"},"inLanguage":"cs","potentialAction":[{"@type":"ReadAction","target":["https:\/\/www.hausamstrom.de\/cs\/udoli-dunaje-2\/trampovat\/"]}]},{"@type":"ImageObject","inLanguage":"cs","@id":"https:\/\/www.hausamstrom.de\/cs\/udoli-dunaje-2\/trampovat\/#primaryimage","url":"https:\/\/www.hausamstrom.de\/wp-content\/uploads\/2016\/02\/ebenstein_DSC5400-400x266.jpg","contentUrl":"https:\/\/www.hausamstrom.de\/wp-content\/uploads\/2016\/02\/ebenstein_DSC5400-400x266.jpg"},{"@type":"BreadcrumbList","@id":"https:\/\/www.hausamstrom.de\/cs\/udoli-dunaje-2\/trampovat\/#breadcrumb","itemListElement":[{"@type":"ListItem","position":1,"name":"Home","item":"https:\/\/www.hausamstrom.de\/cs\/"},{"@type":"ListItem","position":2,"name":"\u00dadol\u00ed Dunaje","item":"https:\/\/www.hausamstrom.de\/cs\/udoli-dunaje-2\/"},{"@type":"ListItem","position":3,"name":"trampovat"}]},{"@type":"WebSite","@id":"https:\/\/www.hausamstrom.de\/de\/#website","url":"https:\/\/www.hausamstrom.de\/de\/","name":"Haus am Strom","description":"Umweltbildungsstation im Passauer Donautal. Umweltbildung und Naturschutz f\u00fcr Kinder und Erwachsenen.","publisher":{"@id":"https:\/\/www.hausamstrom.de\/de\/#organization"},"potentialAction":[{"@type":"SearchAction","target":{"@type":"EntryPoint","urlTemplate":"https:\/\/www.hausamstrom.de\/de\/?s={search_term_string}"},"query-input":{"@type":"PropertyValueSpecification","valueRequired":true,"valueName":"search_term_string"}}],"inLanguage":"cs"},{"@type":"Organization","@id":"https:\/\/www.hausamstrom.de\/de\/#organization","name":"Haus am Strom","url":"https:\/\/www.hausamstrom.de\/de\/","logo":{"@type":"ImageObject","inLanguage":"cs","@id":"https:\/\/www.hausamstrom.de\/de\/#\/schema\/logo\/image\/","url":"https:\/\/www.hausamstrom.de\/wp-content\/uploads\/2025\/06\/Logo-quadratisch-1024x1024.jpg","contentUrl":"https:\/\/www.hausamstrom.de\/wp-content\/uploads\/2025\/06\/Logo-quadratisch-1024x1024.jpg","width":1024,"height":1024,"caption":"Haus am Strom"},"image":{"@id":"https:\/\/www.hausamstrom.de\/de\/#\/schema\/logo\/image\/"},"sameAs":["https:\/\/www.facebook.com\/hausamstrom","https:\/\/www.instagram.com\/"]}]}},"_links":{"self":[{"href":"https:\/\/www.hausamstrom.de\/cs\/wp-json\/wp\/v2\/pages\/6961","targetHints":{"allow":["GET"]}}],"collection":[{"href":"https:\/\/www.hausamstrom.de\/cs\/wp-json\/wp\/v2\/pages"}],"about":[{"href":"https:\/\/www.hausamstrom.de\/cs\/wp-json\/wp\/v2\/types\/page"}],"author":[{"embeddable":true,"href":"https:\/\/www.hausamstrom.de\/cs\/wp-json\/wp\/v2\/users\/1"}],"replies":[{"embeddable":true,"href":"https:\/\/www.hausamstrom.de\/cs\/wp-json\/wp\/v2\/comments?post=6961"}],"version-history":[{"count":2,"href":"https:\/\/www.hausamstrom.de\/cs\/wp-json\/wp\/v2\/pages\/6961\/revisions"}],"predecessor-version":[{"id":14363,"href":"https:\/\/www.hausamstrom.de\/cs\/wp-json\/wp\/v2\/pages\/6961\/revisions\/14363"}],"up":[{"embeddable":true,"href":"https:\/\/www.hausamstrom.de\/cs\/wp-json\/wp\/v2\/pages\/6955"}],"wp:attachment":[{"href":"https:\/\/www.hausamstrom.de\/cs\/wp-json\/wp\/v2\/media?parent=6961"}],"curies":[{"name":"wp","href":"https:\/\/api.w.org\/{rel}","templated":true}]}}