{"id":6973,"date":"2020-05-04T17:55:39","date_gmt":"2020-05-04T15:55:39","guid":{"rendered":"https:\/\/www.hausamstrom.de\/elektrarna\/prostredi\/"},"modified":"2020-05-04T17:55:39","modified_gmt":"2020-05-04T15:55:39","slug":"prostredi","status":"publish","type":"page","link":"https:\/\/www.hausamstrom.de\/cs\/elektrarna\/prostredi\/","title":{"rendered":"prost\u0159ed\u00ed"},"content":{"rendered":"<div class=\"wpb-content-wrapper\"><p>[vc_row][vc_column width=&#8221;1\/2&#8243;][vc_single_image image=&#8221;1847&#8243; img_size=&#8221;large&#8221;][\/vc_column][vc_column width=&#8221;1\/2&#8243;][vc_column_text]<\/p>\n<div class=\"text-wrap tlid-copy-target\">\n<div class=\"result-shield-container tlid-copy-target\" tabindex=\"0\"><span class=\"tlid-translation translation\" lang=\"cs\"><strong><span title=\"\">Ochrana \u017eivotn\u00edho prost\u0159ed\u00ed<\/span><\/strong><\/p>\n<p><span class=\"\" title=\"\">Elektr\u00e1rna Jochenstein vyr\u00e1b\u00ed z energie vody ro\u010dn\u011b 850 milion\u016f kWh elektrick\u00e9 energie.<\/span> <span class=\"\" title=\"\">Pro stejn\u00e9 mno\u017estv\u00ed elekt\u0159iny by spalovac\u00ed elektr\u00e1rna musela sp\u00e1lit 190 000 tun ropy nebo 280 000 tun uhl\u00ed, \u010d\u00edm\u017e by n\u00e1\u0161 vzduch byl kontaminov\u00e1n 700 000 tun oxidu uhli\u010dit\u00e9ho (sklen\u00edkov\u00fd plyn CO2).<\/span><\/p>\n<p><span class=\"\" title=\"\">Dunaj je ka\u017edoro\u010dn\u011b vy\u010di\u0161t\u011bn ze zhruba 2000 tun odpadu a paliva pomoc\u00ed \u010di\u0161t\u011bn\u00ed hr\u00e1b\u011b na vstupech turb\u00edny.<\/span> <span title=\"\">Projekce jsou t\u0159\u00edd\u011bny a pou\u017eit\u00e9 materi\u00e1ly jsou pou\u017eity.<\/span><\/p>\n<p><span class=\"\" title=\"\">Budovy spole\u010dnosti a d\u016fm na \u0159ece jsou vyt\u00e1p\u011bny odpadn\u00edm teplem z chlazen\u00ed turb\u00edny a gener\u00e1toru.<\/span><\/span><\/div>\n<\/div>\n<div class=\"tlid-result-transliteration-container result-transliteration-container transliteration-container\">\n<div class=\"tlid-transliteration-content transliteration-content full\"><\/div>\n<\/div>\n<p>[\/vc_column_text][\/vc_column][\/vc_row]<\/p>\n<\/div>","protected":false},"excerpt":{"rendered":"<p>[vc_row][vc_column width=&#8221;1\/2&#8243;][vc_single_image image=&#8221;1847&#8243; img_size=&#8221;large&#8221;][\/vc_column][vc_column width=&#8221;1\/2&#8243;][vc_column_text] Ochrana \u017eivotn\u00edho prost\u0159ed\u00ed Elektr\u00e1rna Jochenstein vyr\u00e1b\u00ed z energie vody ro\u010dn\u011b 850 milion\u016f kWh elektrick\u00e9 energie. Pro stejn\u00e9 mno\u017estv\u00ed elekt\u0159iny by spalovac\u00ed elektr\u00e1rna musela sp\u00e1lit 190 000 tun ropy nebo 280 000 tun uhl\u00ed, \u010d\u00edm\u017e by n\u00e1\u0161 vzduch byl kontaminov\u00e1n 700 000 tun oxidu uhli\u010dit\u00e9ho (sklen\u00edkov\u00fd plyn CO2). Dunaj je ka\u017edoro\u010dn\u011b [&hellip;]<\/p>\n","protected":false},"author":1,"featured_media":0,"parent":6964,"menu_order":5,"comment_status":"closed","ping_status":"closed","template":"","meta":{"footnotes":""},"class_list":["post-6973","page","type-page","status-publish","hentry"],"yoast_head":"<!-- This site is optimized with the Yoast SEO plugin v27.4 - https:\/\/yoast.com\/product\/yoast-seo-wordpress\/ -->\n<title>prost\u0159ed\u00ed - Haus am Strom<\/title>\n<meta name=\"robots\" content=\"index, follow, max-snippet:-1, max-image-preview:large, max-video-preview:-1\" \/>\n<link rel=\"canonical\" href=\"https:\/\/www.hausamstrom.de\/cs\/elektrarna\/prostredi\/\" \/>\n<meta property=\"og:locale\" content=\"cs_CZ\" \/>\n<meta property=\"og:type\" content=\"article\" \/>\n<meta property=\"og:title\" content=\"prost\u0159ed\u00ed - Haus am Strom\" \/>\n<meta property=\"og:description\" content=\"[vc_row][vc_column width=&#8221;1\/2&#8243;][vc_single_image image=&#8221;1847&#8243; img_size=&#8221;large&#8221;][\/vc_column][vc_column width=&#8221;1\/2&#8243;][vc_column_text] Ochrana \u017eivotn\u00edho prost\u0159ed\u00ed Elektr\u00e1rna Jochenstein vyr\u00e1b\u00ed z energie vody ro\u010dn\u011b 850 milion\u016f kWh elektrick\u00e9 energie. Pro stejn\u00e9 mno\u017estv\u00ed elekt\u0159iny by spalovac\u00ed elektr\u00e1rna musela sp\u00e1lit 190 000 tun ropy nebo 280 000 tun uhl\u00ed, \u010d\u00edm\u017e by n\u00e1\u0161 vzduch byl kontaminov\u00e1n 700 000 tun oxidu uhli\u010dit\u00e9ho (sklen\u00edkov\u00fd plyn CO2). Dunaj je ka\u017edoro\u010dn\u011b [&hellip;]\" \/>\n<meta property=\"og:url\" content=\"https:\/\/www.hausamstrom.de\/cs\/elektrarna\/prostredi\/\" \/>\n<meta property=\"og:site_name\" content=\"Haus am Strom\" \/>\n<meta property=\"article:publisher\" content=\"https:\/\/www.facebook.com\/hausamstrom\" \/>\n<meta name=\"twitter:card\" content=\"summary_large_image\" \/>\n<meta name=\"twitter:label1\" content=\"Odhadovan\u00e1 doba \u010dten\u00ed\" \/>\n\t<meta name=\"twitter:data1\" content=\"1 minuta\" \/>\n<script type=\"application\/ld+json\" class=\"yoast-schema-graph\">{\"@context\":\"https:\\\/\\\/schema.org\",\"@graph\":[{\"@type\":\"WebPage\",\"@id\":\"https:\\\/\\\/www.hausamstrom.de\\\/cs\\\/elektrarna\\\/prostredi\\\/\",\"url\":\"https:\\\/\\\/www.hausamstrom.de\\\/cs\\\/elektrarna\\\/prostredi\\\/\",\"name\":\"prost\u0159ed\u00ed - Haus am Strom\",\"isPartOf\":{\"@id\":\"https:\\\/\\\/www.hausamstrom.de\\\/de\\\/#website\"},\"datePublished\":\"2020-05-04T15:55:39+00:00\",\"breadcrumb\":{\"@id\":\"https:\\\/\\\/www.hausamstrom.de\\\/cs\\\/elektrarna\\\/prostredi\\\/#breadcrumb\"},\"inLanguage\":\"cs\",\"potentialAction\":[{\"@type\":\"ReadAction\",\"target\":[\"https:\\\/\\\/www.hausamstrom.de\\\/cs\\\/elektrarna\\\/prostredi\\\/\"]}]},{\"@type\":\"BreadcrumbList\",\"@id\":\"https:\\\/\\\/www.hausamstrom.de\\\/cs\\\/elektrarna\\\/prostredi\\\/#breadcrumb\",\"itemListElement\":[{\"@type\":\"ListItem\",\"position\":1,\"name\":\"Home\",\"item\":\"https:\\\/\\\/www.hausamstrom.de\\\/cs\\\/\"},{\"@type\":\"ListItem\",\"position\":2,\"name\":\"elektr\u00e1rna\",\"item\":\"https:\\\/\\\/www.hausamstrom.de\\\/cs\\\/elektrarna\\\/\"},{\"@type\":\"ListItem\",\"position\":3,\"name\":\"prost\u0159ed\u00ed\"}]},{\"@type\":\"WebSite\",\"@id\":\"https:\\\/\\\/www.hausamstrom.de\\\/de\\\/#website\",\"url\":\"https:\\\/\\\/www.hausamstrom.de\\\/de\\\/\",\"name\":\"Haus am Strom\",\"description\":\"Umweltbildungsstation im Passauer Donautal. Umweltbildung und Naturschutz f\u00fcr Kinder und Erwachsenen.\",\"publisher\":{\"@id\":\"https:\\\/\\\/www.hausamstrom.de\\\/de\\\/#organization\"},\"potentialAction\":[{\"@type\":\"SearchAction\",\"target\":{\"@type\":\"EntryPoint\",\"urlTemplate\":\"https:\\\/\\\/www.hausamstrom.de\\\/de\\\/?s={search_term_string}\"},\"query-input\":{\"@type\":\"PropertyValueSpecification\",\"valueRequired\":true,\"valueName\":\"search_term_string\"}}],\"inLanguage\":\"cs\"},{\"@type\":\"Organization\",\"@id\":\"https:\\\/\\\/www.hausamstrom.de\\\/de\\\/#organization\",\"name\":\"Haus am Strom\",\"url\":\"https:\\\/\\\/www.hausamstrom.de\\\/de\\\/\",\"logo\":{\"@type\":\"ImageObject\",\"inLanguage\":\"cs\",\"@id\":\"https:\\\/\\\/www.hausamstrom.de\\\/de\\\/#\\\/schema\\\/logo\\\/image\\\/\",\"url\":\"https:\\\/\\\/www.hausamstrom.de\\\/wp-content\\\/uploads\\\/2025\\\/06\\\/Logo-quadratisch-1024x1024.jpg\",\"contentUrl\":\"https:\\\/\\\/www.hausamstrom.de\\\/wp-content\\\/uploads\\\/2025\\\/06\\\/Logo-quadratisch-1024x1024.jpg\",\"width\":1024,\"height\":1024,\"caption\":\"Haus am Strom\"},\"image\":{\"@id\":\"https:\\\/\\\/www.hausamstrom.de\\\/de\\\/#\\\/schema\\\/logo\\\/image\\\/\"},\"sameAs\":[\"https:\\\/\\\/www.facebook.com\\\/hausamstrom\",\"https:\\\/\\\/www.instagram.com\\\/\"]}]}<\/script>\n<!-- \/ Yoast SEO plugin. -->","yoast_head_json":{"title":"prost\u0159ed\u00ed - Haus am Strom","robots":{"index":"index","follow":"follow","max-snippet":"max-snippet:-1","max-image-preview":"max-image-preview:large","max-video-preview":"max-video-preview:-1"},"canonical":"https:\/\/www.hausamstrom.de\/cs\/elektrarna\/prostredi\/","og_locale":"cs_CZ","og_type":"article","og_title":"prost\u0159ed\u00ed - Haus am Strom","og_description":"[vc_row][vc_column width=&#8221;1\/2&#8243;][vc_single_image image=&#8221;1847&#8243; img_size=&#8221;large&#8221;][\/vc_column][vc_column width=&#8221;1\/2&#8243;][vc_column_text] Ochrana \u017eivotn\u00edho prost\u0159ed\u00ed Elektr\u00e1rna Jochenstein vyr\u00e1b\u00ed z energie vody ro\u010dn\u011b 850 milion\u016f kWh elektrick\u00e9 energie. Pro stejn\u00e9 mno\u017estv\u00ed elekt\u0159iny by spalovac\u00ed elektr\u00e1rna musela sp\u00e1lit 190 000 tun ropy nebo 280 000 tun uhl\u00ed, \u010d\u00edm\u017e by n\u00e1\u0161 vzduch byl kontaminov\u00e1n 700 000 tun oxidu uhli\u010dit\u00e9ho (sklen\u00edkov\u00fd plyn CO2). Dunaj je ka\u017edoro\u010dn\u011b [&hellip;]","og_url":"https:\/\/www.hausamstrom.de\/cs\/elektrarna\/prostredi\/","og_site_name":"Haus am Strom","article_publisher":"https:\/\/www.facebook.com\/hausamstrom","twitter_card":"summary_large_image","twitter_misc":{"Odhadovan\u00e1 doba \u010dten\u00ed":"1 minuta"},"schema":{"@context":"https:\/\/schema.org","@graph":[{"@type":"WebPage","@id":"https:\/\/www.hausamstrom.de\/cs\/elektrarna\/prostredi\/","url":"https:\/\/www.hausamstrom.de\/cs\/elektrarna\/prostredi\/","name":"prost\u0159ed\u00ed - Haus am Strom","isPartOf":{"@id":"https:\/\/www.hausamstrom.de\/de\/#website"},"datePublished":"2020-05-04T15:55:39+00:00","breadcrumb":{"@id":"https:\/\/www.hausamstrom.de\/cs\/elektrarna\/prostredi\/#breadcrumb"},"inLanguage":"cs","potentialAction":[{"@type":"ReadAction","target":["https:\/\/www.hausamstrom.de\/cs\/elektrarna\/prostredi\/"]}]},{"@type":"BreadcrumbList","@id":"https:\/\/www.hausamstrom.de\/cs\/elektrarna\/prostredi\/#breadcrumb","itemListElement":[{"@type":"ListItem","position":1,"name":"Home","item":"https:\/\/www.hausamstrom.de\/cs\/"},{"@type":"ListItem","position":2,"name":"elektr\u00e1rna","item":"https:\/\/www.hausamstrom.de\/cs\/elektrarna\/"},{"@type":"ListItem","position":3,"name":"prost\u0159ed\u00ed"}]},{"@type":"WebSite","@id":"https:\/\/www.hausamstrom.de\/de\/#website","url":"https:\/\/www.hausamstrom.de\/de\/","name":"Haus am Strom","description":"Umweltbildungsstation im Passauer Donautal. Umweltbildung und Naturschutz f\u00fcr Kinder und Erwachsenen.","publisher":{"@id":"https:\/\/www.hausamstrom.de\/de\/#organization"},"potentialAction":[{"@type":"SearchAction","target":{"@type":"EntryPoint","urlTemplate":"https:\/\/www.hausamstrom.de\/de\/?s={search_term_string}"},"query-input":{"@type":"PropertyValueSpecification","valueRequired":true,"valueName":"search_term_string"}}],"inLanguage":"cs"},{"@type":"Organization","@id":"https:\/\/www.hausamstrom.de\/de\/#organization","name":"Haus am Strom","url":"https:\/\/www.hausamstrom.de\/de\/","logo":{"@type":"ImageObject","inLanguage":"cs","@id":"https:\/\/www.hausamstrom.de\/de\/#\/schema\/logo\/image\/","url":"https:\/\/www.hausamstrom.de\/wp-content\/uploads\/2025\/06\/Logo-quadratisch-1024x1024.jpg","contentUrl":"https:\/\/www.hausamstrom.de\/wp-content\/uploads\/2025\/06\/Logo-quadratisch-1024x1024.jpg","width":1024,"height":1024,"caption":"Haus am Strom"},"image":{"@id":"https:\/\/www.hausamstrom.de\/de\/#\/schema\/logo\/image\/"},"sameAs":["https:\/\/www.facebook.com\/hausamstrom","https:\/\/www.instagram.com\/"]}]}},"_links":{"self":[{"href":"https:\/\/www.hausamstrom.de\/cs\/wp-json\/wp\/v2\/pages\/6973","targetHints":{"allow":["GET"]}}],"collection":[{"href":"https:\/\/www.hausamstrom.de\/cs\/wp-json\/wp\/v2\/pages"}],"about":[{"href":"https:\/\/www.hausamstrom.de\/cs\/wp-json\/wp\/v2\/types\/page"}],"author":[{"embeddable":true,"href":"https:\/\/www.hausamstrom.de\/cs\/wp-json\/wp\/v2\/users\/1"}],"replies":[{"embeddable":true,"href":"https:\/\/www.hausamstrom.de\/cs\/wp-json\/wp\/v2\/comments?post=6973"}],"version-history":[{"count":1,"href":"https:\/\/www.hausamstrom.de\/cs\/wp-json\/wp\/v2\/pages\/6973\/revisions"}],"predecessor-version":[{"id":6974,"href":"https:\/\/www.hausamstrom.de\/cs\/wp-json\/wp\/v2\/pages\/6973\/revisions\/6974"}],"up":[{"embeddable":true,"href":"https:\/\/www.hausamstrom.de\/cs\/wp-json\/wp\/v2\/pages\/6964"}],"wp:attachment":[{"href":"https:\/\/www.hausamstrom.de\/cs\/wp-json\/wp\/v2\/media?parent=6973"}],"curies":[{"name":"wp","href":"https:\/\/api.w.org\/{rel}","templated":true}]}}