{"id":6994,"date":"2020-05-05T08:45:56","date_gmt":"2020-05-05T06:45:56","guid":{"rendered":"https:\/\/www.hausamstrom.de\/udoli-dunaje-2\/zemepis\/podnebi\/"},"modified":"2020-05-05T08:45:56","modified_gmt":"2020-05-05T06:45:56","slug":"podnebi","status":"publish","type":"page","link":"https:\/\/www.hausamstrom.de\/cs\/udoli-dunaje-2\/zemepis\/podnebi\/","title":{"rendered":"podneb\u00ed"},"content":{"rendered":"<p>\u00dadol\u00ed Dunaje prot\u00e9k\u00e1 \u010deskou masou mezi Pasovem a Lincem, kter\u00e9 vytv\u00e1\u0159\u00ed drsn\u00e9 n\u00edzkohorsk\u00e9 klima jako roz\u0161\u00ed\u0159en\u00ed Bavorsk\u00e9ho lesa a Sauwaldu.<\/p>\n<p>Bacht\u00e4ler tvo\u0159\u00ed spojen\u00ed z \u00fadol\u00ed Dunaje v n\u00edzk\u00fdch horsk\u00fdch p\u00e1smech a p\u016fsob\u00ed jako chodby se studen\u00fdm vzduchem. Tam, kde tyto tzv. Planety vedou do \u00fadol\u00ed Dunaje, vznikaj\u00ed oblasti studen\u00e9ho vzduchu s odpov\u00eddaj\u00edc\u00ed fl\u00f3rou a faunou.<\/p>\n<p>Proti tomu stoj\u00ed m\u00edrn\u00e9 klima samotn\u00e9ho \u00fadol\u00ed Dunaje:<\/p>\n<p>Vysok\u00e1 akumula\u010dn\u00ed kapacita vody zp\u016fsobuje m\u00edrn\u00e9 zimy.<br \/>\nJi\u017en\u00ed svahy optim\u00e1ln\u011b vyu\u017e\u00edvaj\u00ed slune\u010dn\u00ed paprsky a p\u0159em\u011b\u0148uj\u00ed je v teplo.<br \/>\n\u00dadol\u00ed je obvykle hlubok\u00e9 mezi 200 a 300 metr\u016f, v nejni\u017e\u0161\u00edm bod\u011b v Jochensteinu dokonce 600 metr\u016f (Haugstein, 895 mNN) a poskytuje ur\u010ditou ochranu proti v\u011btru.<br \/>\nV d\u016fsledku toho se hromad\u00ed vysok\u00e1 vlhkost, kter\u00e1 zase dob\u0159e teplo ukl\u00e1d\u00e1.<\/p>\n<p>Pro srovn\u00e1n\u00ed, \u00fadaje o po\u010das\u00ed z Rollh\u00e4usl \/ Untergriesbach (560 mNN) (www.meteo24.de) a Engelhartszell (295 mNN) (www.wetter.at) ukazuj\u00ed p\u0159\u00edklad: 5. prosince 2008 byla rychlost v\u011btru v Rollh\u00e4uslu p\u011bt uzl\u016f s n\u00e1razy 10 uzl\u016f p\u0159i teplot\u011b 0,1 \u00b0 C, v Engelhartszell \u017e\u00e1dn\u00fd v\u00edtr nebyl m\u011b\u0159iteln\u00fd p\u0159i teplot\u011b 4 \u00b0 C<\/p>\n<p>V regionu plat\u00ed n\u00e1sleduj\u00edc\u00ed klimatick\u00e9 oblasti:<\/p>\n<p>Ji\u017en\u00ed n\u011bmecko-rakousk\u00fd okres (m\u00edrn\u00e9 p\u0159echodn\u00e9 obdob\u00ed, 380 \u2013 600 m): pr\u016fm\u011brn\u00e1 ro\u010dn\u00ed teplota 6-7 \u00b0 C, ro\u010dn\u00ed sr\u00e1\u017eky 800 a\u017e 900 mm, po\u010det mrazov\u00fdch dn\u016f 90-100, doba sn\u011b\u017een\u00ed \/ dny 100<\/p>\n<p>Ji\u017en\u00ed n\u011bmecko-rakousk\u00fd okres (drsn\u00e1 \u00farove\u0148, 600-900 m): pr\u016fm\u011brn\u00e1 ro\u010dn\u00ed teplota 5-6 \u00b0 C, ro\u010dn\u00ed sr\u00e1\u017eky 900-1000 mm, po\u010det mrazov\u00fdch dn\u016f 100-120, d\u00e9lka sn\u011bhov\u00e9 pokr\u00fdvky \/ dny 130<\/p>\n","protected":false},"excerpt":{"rendered":"<p>\u00dadol\u00ed Dunaje prot\u00e9k\u00e1 \u010deskou masou mezi Pasovem a Lincem, kter\u00e9 vytv\u00e1\u0159\u00ed drsn\u00e9 n\u00edzkohorsk\u00e9 klima jako roz\u0161\u00ed\u0159en\u00ed Bavorsk\u00e9ho lesa a Sauwaldu. Bacht\u00e4ler tvo\u0159\u00ed spojen\u00ed z \u00fadol\u00ed Dunaje v n\u00edzk\u00fdch horsk\u00fdch p\u00e1smech a p\u016fsob\u00ed jako chodby se studen\u00fdm vzduchem. Tam, kde tyto tzv. Planety vedou do \u00fadol\u00ed Dunaje, vznikaj\u00ed oblasti studen\u00e9ho vzduchu s odpov\u00eddaj\u00edc\u00ed fl\u00f3rou a faunou. [&hellip;]<\/p>\n","protected":false},"author":1,"featured_media":0,"parent":6962,"menu_order":0,"comment_status":"closed","ping_status":"closed","template":"","meta":{"footnotes":""},"class_list":["post-6994","page","type-page","status-publish","hentry"],"yoast_head":"<!-- This site is optimized with the Yoast SEO plugin v27.6 - https:\/\/yoast.com\/product\/yoast-seo-wordpress\/ -->\n<title>podneb\u00ed - Haus am Strom<\/title>\n<meta name=\"robots\" content=\"index, follow, max-snippet:-1, max-image-preview:large, max-video-preview:-1\" \/>\n<link rel=\"canonical\" href=\"https:\/\/www.hausamstrom.de\/cs\/udoli-dunaje-2\/zemepis\/podnebi\/\" \/>\n<meta property=\"og:locale\" content=\"cs_CZ\" \/>\n<meta property=\"og:type\" content=\"article\" \/>\n<meta property=\"og:title\" content=\"podneb\u00ed - Haus am Strom\" \/>\n<meta property=\"og:description\" content=\"\u00dadol\u00ed Dunaje prot\u00e9k\u00e1 \u010deskou masou mezi Pasovem a Lincem, kter\u00e9 vytv\u00e1\u0159\u00ed drsn\u00e9 n\u00edzkohorsk\u00e9 klima jako roz\u0161\u00ed\u0159en\u00ed Bavorsk\u00e9ho lesa a Sauwaldu. Bacht\u00e4ler tvo\u0159\u00ed spojen\u00ed z \u00fadol\u00ed Dunaje v n\u00edzk\u00fdch horsk\u00fdch p\u00e1smech a p\u016fsob\u00ed jako chodby se studen\u00fdm vzduchem. Tam, kde tyto tzv. Planety vedou do \u00fadol\u00ed Dunaje, vznikaj\u00ed oblasti studen\u00e9ho vzduchu s odpov\u00eddaj\u00edc\u00ed fl\u00f3rou a faunou. [&hellip;]\" \/>\n<meta property=\"og:url\" content=\"https:\/\/www.hausamstrom.de\/cs\/udoli-dunaje-2\/zemepis\/podnebi\/\" \/>\n<meta property=\"og:site_name\" content=\"Haus am Strom\" \/>\n<meta property=\"article:publisher\" content=\"https:\/\/www.facebook.com\/hausamstrom\" \/>\n<meta name=\"twitter:card\" content=\"summary_large_image\" \/>\n<meta name=\"twitter:label1\" content=\"Odhadovan\u00e1 doba \u010dten\u00ed\" \/>\n\t<meta name=\"twitter:data1\" content=\"1 minuta\" \/>\n<script type=\"application\/ld+json\" class=\"yoast-schema-graph\">{\"@context\":\"https:\\\/\\\/schema.org\",\"@graph\":[{\"@type\":\"WebPage\",\"@id\":\"https:\\\/\\\/www.hausamstrom.de\\\/cs\\\/udoli-dunaje-2\\\/zemepis\\\/podnebi\\\/\",\"url\":\"https:\\\/\\\/www.hausamstrom.de\\\/cs\\\/udoli-dunaje-2\\\/zemepis\\\/podnebi\\\/\",\"name\":\"podneb\u00ed - Haus am Strom\",\"isPartOf\":{\"@id\":\"https:\\\/\\\/www.hausamstrom.de\\\/de\\\/#website\"},\"datePublished\":\"2020-05-05T06:45:56+00:00\",\"breadcrumb\":{\"@id\":\"https:\\\/\\\/www.hausamstrom.de\\\/cs\\\/udoli-dunaje-2\\\/zemepis\\\/podnebi\\\/#breadcrumb\"},\"inLanguage\":\"cs\",\"potentialAction\":[{\"@type\":\"ReadAction\",\"target\":[\"https:\\\/\\\/www.hausamstrom.de\\\/cs\\\/udoli-dunaje-2\\\/zemepis\\\/podnebi\\\/\"]}]},{\"@type\":\"BreadcrumbList\",\"@id\":\"https:\\\/\\\/www.hausamstrom.de\\\/cs\\\/udoli-dunaje-2\\\/zemepis\\\/podnebi\\\/#breadcrumb\",\"itemListElement\":[{\"@type\":\"ListItem\",\"position\":1,\"name\":\"Home\",\"item\":\"https:\\\/\\\/www.hausamstrom.de\\\/cs\\\/\"},{\"@type\":\"ListItem\",\"position\":2,\"name\":\"\u00dadol\u00ed Dunaje\",\"item\":\"https:\\\/\\\/www.hausamstrom.de\\\/cs\\\/udoli-dunaje-2\\\/\"},{\"@type\":\"ListItem\",\"position\":3,\"name\":\"zem\u011bpis\",\"item\":\"https:\\\/\\\/www.hausamstrom.de\\\/cs\\\/udoli-dunaje-2\\\/zemepis\\\/\"},{\"@type\":\"ListItem\",\"position\":4,\"name\":\"podneb\u00ed\"}]},{\"@type\":\"WebSite\",\"@id\":\"https:\\\/\\\/www.hausamstrom.de\\\/de\\\/#website\",\"url\":\"https:\\\/\\\/www.hausamstrom.de\\\/de\\\/\",\"name\":\"Haus am Strom\",\"description\":\"Umweltbildungsstation im Passauer Donautal. Umweltbildung und Naturschutz f\u00fcr Kinder und Erwachsenen.\",\"publisher\":{\"@id\":\"https:\\\/\\\/www.hausamstrom.de\\\/de\\\/#organization\"},\"potentialAction\":[{\"@type\":\"SearchAction\",\"target\":{\"@type\":\"EntryPoint\",\"urlTemplate\":\"https:\\\/\\\/www.hausamstrom.de\\\/de\\\/?s={search_term_string}\"},\"query-input\":{\"@type\":\"PropertyValueSpecification\",\"valueRequired\":true,\"valueName\":\"search_term_string\"}}],\"inLanguage\":\"cs\"},{\"@type\":\"Organization\",\"@id\":\"https:\\\/\\\/www.hausamstrom.de\\\/de\\\/#organization\",\"name\":\"Haus am Strom\",\"url\":\"https:\\\/\\\/www.hausamstrom.de\\\/de\\\/\",\"logo\":{\"@type\":\"ImageObject\",\"inLanguage\":\"cs\",\"@id\":\"https:\\\/\\\/www.hausamstrom.de\\\/de\\\/#\\\/schema\\\/logo\\\/image\\\/\",\"url\":\"https:\\\/\\\/www.hausamstrom.de\\\/wp-content\\\/uploads\\\/2025\\\/06\\\/Logo-quadratisch-1024x1024.jpg\",\"contentUrl\":\"https:\\\/\\\/www.hausamstrom.de\\\/wp-content\\\/uploads\\\/2025\\\/06\\\/Logo-quadratisch-1024x1024.jpg\",\"width\":1024,\"height\":1024,\"caption\":\"Haus am Strom\"},\"image\":{\"@id\":\"https:\\\/\\\/www.hausamstrom.de\\\/de\\\/#\\\/schema\\\/logo\\\/image\\\/\"},\"sameAs\":[\"https:\\\/\\\/www.facebook.com\\\/hausamstrom\",\"https:\\\/\\\/www.instagram.com\\\/\"]}]}<\/script>\n<!-- \/ Yoast SEO plugin. -->","yoast_head_json":{"title":"podneb\u00ed - Haus am Strom","robots":{"index":"index","follow":"follow","max-snippet":"max-snippet:-1","max-image-preview":"max-image-preview:large","max-video-preview":"max-video-preview:-1"},"canonical":"https:\/\/www.hausamstrom.de\/cs\/udoli-dunaje-2\/zemepis\/podnebi\/","og_locale":"cs_CZ","og_type":"article","og_title":"podneb\u00ed - Haus am Strom","og_description":"\u00dadol\u00ed Dunaje prot\u00e9k\u00e1 \u010deskou masou mezi Pasovem a Lincem, kter\u00e9 vytv\u00e1\u0159\u00ed drsn\u00e9 n\u00edzkohorsk\u00e9 klima jako roz\u0161\u00ed\u0159en\u00ed Bavorsk\u00e9ho lesa a Sauwaldu. Bacht\u00e4ler tvo\u0159\u00ed spojen\u00ed z \u00fadol\u00ed Dunaje v n\u00edzk\u00fdch horsk\u00fdch p\u00e1smech a p\u016fsob\u00ed jako chodby se studen\u00fdm vzduchem. Tam, kde tyto tzv. Planety vedou do \u00fadol\u00ed Dunaje, vznikaj\u00ed oblasti studen\u00e9ho vzduchu s odpov\u00eddaj\u00edc\u00ed fl\u00f3rou a faunou. [&hellip;]","og_url":"https:\/\/www.hausamstrom.de\/cs\/udoli-dunaje-2\/zemepis\/podnebi\/","og_site_name":"Haus am Strom","article_publisher":"https:\/\/www.facebook.com\/hausamstrom","twitter_card":"summary_large_image","twitter_misc":{"Odhadovan\u00e1 doba \u010dten\u00ed":"1 minuta"},"schema":{"@context":"https:\/\/schema.org","@graph":[{"@type":"WebPage","@id":"https:\/\/www.hausamstrom.de\/cs\/udoli-dunaje-2\/zemepis\/podnebi\/","url":"https:\/\/www.hausamstrom.de\/cs\/udoli-dunaje-2\/zemepis\/podnebi\/","name":"podneb\u00ed - Haus am Strom","isPartOf":{"@id":"https:\/\/www.hausamstrom.de\/de\/#website"},"datePublished":"2020-05-05T06:45:56+00:00","breadcrumb":{"@id":"https:\/\/www.hausamstrom.de\/cs\/udoli-dunaje-2\/zemepis\/podnebi\/#breadcrumb"},"inLanguage":"cs","potentialAction":[{"@type":"ReadAction","target":["https:\/\/www.hausamstrom.de\/cs\/udoli-dunaje-2\/zemepis\/podnebi\/"]}]},{"@type":"BreadcrumbList","@id":"https:\/\/www.hausamstrom.de\/cs\/udoli-dunaje-2\/zemepis\/podnebi\/#breadcrumb","itemListElement":[{"@type":"ListItem","position":1,"name":"Home","item":"https:\/\/www.hausamstrom.de\/cs\/"},{"@type":"ListItem","position":2,"name":"\u00dadol\u00ed Dunaje","item":"https:\/\/www.hausamstrom.de\/cs\/udoli-dunaje-2\/"},{"@type":"ListItem","position":3,"name":"zem\u011bpis","item":"https:\/\/www.hausamstrom.de\/cs\/udoli-dunaje-2\/zemepis\/"},{"@type":"ListItem","position":4,"name":"podneb\u00ed"}]},{"@type":"WebSite","@id":"https:\/\/www.hausamstrom.de\/de\/#website","url":"https:\/\/www.hausamstrom.de\/de\/","name":"Haus am Strom","description":"Umweltbildungsstation im Passauer Donautal. Umweltbildung und Naturschutz f\u00fcr Kinder und Erwachsenen.","publisher":{"@id":"https:\/\/www.hausamstrom.de\/de\/#organization"},"potentialAction":[{"@type":"SearchAction","target":{"@type":"EntryPoint","urlTemplate":"https:\/\/www.hausamstrom.de\/de\/?s={search_term_string}"},"query-input":{"@type":"PropertyValueSpecification","valueRequired":true,"valueName":"search_term_string"}}],"inLanguage":"cs"},{"@type":"Organization","@id":"https:\/\/www.hausamstrom.de\/de\/#organization","name":"Haus am Strom","url":"https:\/\/www.hausamstrom.de\/de\/","logo":{"@type":"ImageObject","inLanguage":"cs","@id":"https:\/\/www.hausamstrom.de\/de\/#\/schema\/logo\/image\/","url":"https:\/\/www.hausamstrom.de\/wp-content\/uploads\/2025\/06\/Logo-quadratisch-1024x1024.jpg","contentUrl":"https:\/\/www.hausamstrom.de\/wp-content\/uploads\/2025\/06\/Logo-quadratisch-1024x1024.jpg","width":1024,"height":1024,"caption":"Haus am Strom"},"image":{"@id":"https:\/\/www.hausamstrom.de\/de\/#\/schema\/logo\/image\/"},"sameAs":["https:\/\/www.facebook.com\/hausamstrom","https:\/\/www.instagram.com\/"]}]}},"_links":{"self":[{"href":"https:\/\/www.hausamstrom.de\/cs\/wp-json\/wp\/v2\/pages\/6994","targetHints":{"allow":["GET"]}}],"collection":[{"href":"https:\/\/www.hausamstrom.de\/cs\/wp-json\/wp\/v2\/pages"}],"about":[{"href":"https:\/\/www.hausamstrom.de\/cs\/wp-json\/wp\/v2\/types\/page"}],"author":[{"embeddable":true,"href":"https:\/\/www.hausamstrom.de\/cs\/wp-json\/wp\/v2\/users\/1"}],"replies":[{"embeddable":true,"href":"https:\/\/www.hausamstrom.de\/cs\/wp-json\/wp\/v2\/comments?post=6994"}],"version-history":[{"count":0,"href":"https:\/\/www.hausamstrom.de\/cs\/wp-json\/wp\/v2\/pages\/6994\/revisions"}],"up":[{"embeddable":true,"href":"https:\/\/www.hausamstrom.de\/cs\/wp-json\/wp\/v2\/pages\/6962"}],"wp:attachment":[{"href":"https:\/\/www.hausamstrom.de\/cs\/wp-json\/wp\/v2\/media?parent=6994"}],"curies":[{"name":"wp","href":"https:\/\/api.w.org\/{rel}","templated":true}]}}