{"id":7090,"date":"2020-05-12T08:28:31","date_gmt":"2020-05-12T06:28:31","guid":{"rendered":"https:\/\/www.hausamstrom.de\/sluzba\/darovat\/"},"modified":"2020-05-12T08:28:31","modified_gmt":"2020-05-12T06:28:31","slug":"darovat","status":"publish","type":"page","link":"https:\/\/www.hausamstrom.de\/cs\/sluzba\/darovat\/","title":{"rendered":"darovat"},"content":{"rendered":"<div class=\"wpb-content-wrapper\"><p>[vc_row][vc_column][vc_column_text]<strong><span class=\"tlid-translation translation\" lang=\"cs\">Pot\u0159ebujeme va\u0161i podporu pro na\u0161i pr\u00e1ci!<\/span><\/strong><\/p>\n<p>Haus am Strom je vzd\u011bl\u00e1vac\u00ed instituc\u00ed v oblasti \u017eivotn\u00edho prost\u0159ed\u00ed v okrese Passau ji\u017e t\u00e9m\u011b\u0159 20 let a p\u016fsob\u00ed v cel\u00e9m jihov\u00fdchodn\u00edm Bavorsku. B\u011bhem posledn\u00edch dvou desetilet\u00ed jsme s pot\u011b\u0161en\u00edm p\u0159ibl\u00ed\u017eili p\u0159\u00edrodu a \u017eivotn\u00ed prost\u0159ed\u00ed stovk\u00e1m tis\u00edc\u016f lid\u00ed. A m\u00e1me mnoho dal\u0161\u00edch n\u00e1pad\u016f na projekty a akce, kter\u00fdmi chceme v budoucnu inspirovat lidi k ochran\u011b p\u0159\u00edrody a \u017eivotn\u00edho prost\u0159ed\u00ed. A proto pot\u0159ebujeme va\u0161i podporu!<\/p>\n<p>D\u011bkujeme!<\/p>\n<p>Samoz\u0159ejm\u011b obdr\u017e\u00edte od neziskov\u00e9ho GmbH potvrzen\u00ed o daru. P\u0159edpokladem je, \u017ee jste do formul\u00e1\u0159e zadali svou adresu.<\/p>\n<p><strong>Pokud chcete darovat, m\u00e1te mnoho p\u0159\u00edle\u017eitost\u00ed, jak n\u00e1m pomoci!<\/strong><\/p>\n<p>Pom\u016f\u017eete n\u00e1m nej\u00fa\u010dinn\u011bji, pokud n\u00e1m sv\u011b\u0159\u00edte sv\u016fj dar bez vy\u010dlen\u011bn\u00ed. Jsme flexibiln\u00ed a m\u016f\u017eeme dar pou\u017e\u00edt p\u0159esn\u011b tam, kde je to v sou\u010dasn\u00e9 dob\u011b pot\u0159eba. Zaru\u010dujeme v\u00e1m, abyste ka\u017ed\u00fd dar pou\u017eili zodpov\u011bdn\u011b. V p\u0159\u00edpad\u011b, \u017ee si p\u0159ejete v\u011bnovat vy\u010dlen\u011bn\u00e9 prost\u0159edky, m\u016f\u017eete v\u0161ak v\u011bnovat na\u0161e vzd\u011bl\u00e1vac\u00ed akce, interaktivn\u00ed v\u00fdstavu, konzerva\u010dn\u00ed pr\u00e1ce nebo jin\u00e9 dan\u00e9 projekty. M\u016f\u017eete nap\u0159\u00edklad sponzorovat vedouc\u00ed skupinu pro konkr\u00e9tn\u00ed skupinu \u2013 promluvte si s n\u00e1mi.<\/p>\n<p><strong>p\u0159evod<\/strong><\/p>\n<p>Haus am Strom<\/p>\n<p>Neziskov\u00e1 organizace pro provoz Centra pro udr\u017eiteln\u00e9 \u0159\u00edzen\u00ed Haus am Strom Passau-Jochenstein-Engelhartszell mbH<\/p>\n<p>Raiffeisenbank v ji\u017en\u00edm Bavorsk\u00e9m lese e.G.<\/p>\n<p>IBAN: DE96 7406 6749 0002 5180 23<\/p>\n<p>BIC: GENODEF1HZN<\/p>\n<p><strong>Online darov\u00e1n\u00ed<\/strong><\/p>\n<p>Zpracov\u00e1n\u00ed online daru pomoc\u00ed tla\u010d\u00edtka \u201edarovat nyn\u00ed\u201c p\u0159evezme n\u00e1\u0161 partner helpdirect.org zdarma. R\u00e1di bychom v\u00e1s upozornili na skute\u010dnost, \u017ee helpdirect.org je na v\u00fdpisu z \u00fa\u010dtu zobrazen jako p\u0159\u00edjemce pro v\u00e1\u0161 dar a potvrzen\u00ed o daru je vyd\u00e1no helpdirect.org. Obdr\u017e\u00edte tak\u00e9 potvrzovac\u00ed e-mail pro sv\u016fj online dar od helpdirect.org. \u010c\u00e1stka, kterou jste darovali prost\u0159ednictv\u00edm slu\u017eby Helpdirect, je 100% neodpo\u010ditateln\u00e1 pro d\u016fm v proudu. P\u0159\u00edpadn\u011b m\u016f\u017eete darovat \u201etip\u201c paraleln\u011b, abyste mohli pomoci ve formul\u00e1\u0159i pro darov\u00e1n\u00ed. Va\u0161e data jsou chr\u00e1n\u011bna certifik\u00e1tem SSL.<br \/>\nD\u011bkujeme helpdirect.org za spolupr\u00e1ci a za v\u00e1\u0161 dar!<\/p>\n<div id=\"donationform-default\"><script src=\"https:\/\/www.helpmundo.de\/helptools\/donations\/1289\/0\/init.js?type=dom&newLocal=de&show_header=1\" type=\"text\/javascript\"><\/script><\/div>\n<div><\/div>\n<p><strong>Kreditn\u00ed karta \/ inkaso \/ Paypal<\/strong><\/p>\n<p>Tuto slu\u017ebu poskytuje bezplatn\u011b n\u00e1\u0161 partner \u201eneziskov\u00e1 nadace Helpdirect\u201c. Chcete-li darovat, klikn\u011bte na str\u00e1nku \u201edary\u201c na str\u00e1nce na\u0161eho partnera Helpdirect. \u010c\u00e1stka, kterou jste darovali prost\u0159ednictv\u00edm slu\u017eby Helpdirect, je 100% neodpo\u010ditateln\u00e1 pro d\u016fm v proudu. Potvrzen\u00ed o daru obdr\u017e\u00edte p\u0159\u00edmo p\u0159es Helpdirect.<\/p>\n<p><strong>Darujte p\u0159i nakupov\u00e1n\u00ed online<\/strong><\/p>\n<p>Ti, kte\u0159\u00ed r\u00e1di nakupuj\u00ed online, mohou podporovat neziskov\u00e9 organizace. Ve v\u00edce ne\u017e 1600 online obchodech po cel\u00e9m sv\u011bt\u011b m\u016f\u017eete nakupovat bez dal\u0161\u00edch n\u00e1klad\u016f a tyto obchody pak poskytuj\u00ed pr\u00e9mii. Haus am Strom je tak\u00e9 uveden na Helpshops a amazon-smile. Jednodu\u0161e se zaregistrujte tam, vyberte d\u016fm na aktu\u00e1ln\u00ed a kupte po\u017eadovan\u00fd produkt.<\/p>\n<p><strong>Pomoc s pen\u011bzi<\/strong><\/p>\n<p>Nejen p\u0159i trestn\u00fdch \u010dinech v oblasti ochrany p\u0159\u00edrody a \u017eivotn\u00edho prost\u0159ed\u00ed nab\u00edz\u00ed rozd\u011blov\u00e1n\u00ed pen\u011bz soudy a st\u00e1tn\u00ed z\u00e1stupci do domu u potoka. To jsou velmi cenn\u00e9 pro na\u0161i ekologickou stanici!<\/p>\n<p><strong>dary<\/strong><\/p>\n<p>Krom\u011b dar\u016f bychom mohli tak\u00e9 darovat v natur\u00e1li\u00edch, jako jsou ekologick\u00e9 d\u00e1rky, dom\u00e1c\u00ed zv\u00ed\u0159ata, \u2026 a v z\u00e1vislosti na aktu\u00e1ln\u00edch pot\u0159eb\u00e1ch se li\u0161\u00ed. N\u011bkdy to m\u016f\u017ee b\u00fdt kancel\u00e1\u0159sk\u00e1 sk\u0159\u00ed\u0148, n\u011bkdy kv\u011btin\u00e1\u010de. Uv\u011bdomte si v\u0161ak, \u017ee mus\u00edte nejprve u n\u00e1s objasnit, zda je pot\u0159eba p\u0159\u00edslu\u0161n\u00e9 zbo\u017e\u00ed. Za stejnou hodnotu daru r\u00e1di vyd\u00e1me potvrzen\u00ed o daru.<\/p>\n<p>[\/vc_column_text][\/vc_column][\/vc_row]<\/p>\n<\/div>","protected":false},"excerpt":{"rendered":"<p>[vc_row][vc_column][vc_column_text]Pot\u0159ebujeme va\u0161i podporu pro na\u0161i pr\u00e1ci! Haus am Strom je vzd\u011bl\u00e1vac\u00ed instituc\u00ed v oblasti \u017eivotn\u00edho prost\u0159ed\u00ed v okrese Passau ji\u017e t\u00e9m\u011b\u0159 20 let a p\u016fsob\u00ed v cel\u00e9m jihov\u00fdchodn\u00edm Bavorsku. B\u011bhem posledn\u00edch dvou desetilet\u00ed jsme s pot\u011b\u0161en\u00edm p\u0159ibl\u00ed\u017eili p\u0159\u00edrodu a \u017eivotn\u00ed prost\u0159ed\u00ed stovk\u00e1m tis\u00edc\u016f lid\u00ed. A m\u00e1me mnoho dal\u0161\u00edch n\u00e1pad\u016f na projekty a akce, kter\u00fdmi chceme [&hellip;]<\/p>\n","protected":false},"author":1,"featured_media":0,"parent":6975,"menu_order":0,"comment_status":"closed","ping_status":"closed","template":"","meta":{"footnotes":""},"class_list":["post-7090","page","type-page","status-publish","hentry"],"yoast_head":"<!-- This site is optimized with the Yoast SEO plugin v27.5 - https:\/\/yoast.com\/product\/yoast-seo-wordpress\/ -->\n<title>darovat - Haus am Strom<\/title>\n<meta name=\"robots\" content=\"index, follow, max-snippet:-1, max-image-preview:large, max-video-preview:-1\" \/>\n<link rel=\"canonical\" href=\"https:\/\/www.hausamstrom.de\/cs\/sluzba\/darovat\/\" \/>\n<meta property=\"og:locale\" content=\"cs_CZ\" \/>\n<meta property=\"og:type\" content=\"article\" \/>\n<meta property=\"og:title\" content=\"darovat - Haus am Strom\" \/>\n<meta property=\"og:description\" content=\"[vc_row][vc_column][vc_column_text]Pot\u0159ebujeme va\u0161i podporu pro na\u0161i pr\u00e1ci! Haus am Strom je vzd\u011bl\u00e1vac\u00ed instituc\u00ed v oblasti \u017eivotn\u00edho prost\u0159ed\u00ed v okrese Passau ji\u017e t\u00e9m\u011b\u0159 20 let a p\u016fsob\u00ed v cel\u00e9m jihov\u00fdchodn\u00edm Bavorsku. B\u011bhem posledn\u00edch dvou desetilet\u00ed jsme s pot\u011b\u0161en\u00edm p\u0159ibl\u00ed\u017eili p\u0159\u00edrodu a \u017eivotn\u00ed prost\u0159ed\u00ed stovk\u00e1m tis\u00edc\u016f lid\u00ed. A m\u00e1me mnoho dal\u0161\u00edch n\u00e1pad\u016f na projekty a akce, kter\u00fdmi chceme [&hellip;]\" \/>\n<meta property=\"og:url\" content=\"https:\/\/www.hausamstrom.de\/cs\/sluzba\/darovat\/\" \/>\n<meta property=\"og:site_name\" content=\"Haus am Strom\" \/>\n<meta property=\"article:publisher\" content=\"https:\/\/www.facebook.com\/hausamstrom\" \/>\n<meta name=\"twitter:card\" content=\"summary_large_image\" \/>\n<meta name=\"twitter:label1\" content=\"Odhadovan\u00e1 doba \u010dten\u00ed\" \/>\n\t<meta name=\"twitter:data1\" content=\"3 minuty\" \/>\n<script type=\"application\/ld+json\" class=\"yoast-schema-graph\">{\"@context\":\"https:\\\/\\\/schema.org\",\"@graph\":[{\"@type\":\"WebPage\",\"@id\":\"https:\\\/\\\/www.hausamstrom.de\\\/cs\\\/sluzba\\\/darovat\\\/\",\"url\":\"https:\\\/\\\/www.hausamstrom.de\\\/cs\\\/sluzba\\\/darovat\\\/\",\"name\":\"darovat - Haus am Strom\",\"isPartOf\":{\"@id\":\"https:\\\/\\\/www.hausamstrom.de\\\/de\\\/#website\"},\"datePublished\":\"2020-05-12T06:28:31+00:00\",\"breadcrumb\":{\"@id\":\"https:\\\/\\\/www.hausamstrom.de\\\/cs\\\/sluzba\\\/darovat\\\/#breadcrumb\"},\"inLanguage\":\"cs\",\"potentialAction\":[{\"@type\":\"ReadAction\",\"target\":[\"https:\\\/\\\/www.hausamstrom.de\\\/cs\\\/sluzba\\\/darovat\\\/\"]}]},{\"@type\":\"BreadcrumbList\",\"@id\":\"https:\\\/\\\/www.hausamstrom.de\\\/cs\\\/sluzba\\\/darovat\\\/#breadcrumb\",\"itemListElement\":[{\"@type\":\"ListItem\",\"position\":1,\"name\":\"Home\",\"item\":\"https:\\\/\\\/www.hausamstrom.de\\\/cs\\\/\"},{\"@type\":\"ListItem\",\"position\":2,\"name\":\"slu\u017eba\",\"item\":\"https:\\\/\\\/www.hausamstrom.de\\\/cs\\\/sluzba\\\/\"},{\"@type\":\"ListItem\",\"position\":3,\"name\":\"darovat\"}]},{\"@type\":\"WebSite\",\"@id\":\"https:\\\/\\\/www.hausamstrom.de\\\/de\\\/#website\",\"url\":\"https:\\\/\\\/www.hausamstrom.de\\\/de\\\/\",\"name\":\"Haus am Strom\",\"description\":\"Umweltbildungsstation im Passauer Donautal. Umweltbildung und Naturschutz f\u00fcr Kinder und Erwachsenen.\",\"publisher\":{\"@id\":\"https:\\\/\\\/www.hausamstrom.de\\\/de\\\/#organization\"},\"potentialAction\":[{\"@type\":\"SearchAction\",\"target\":{\"@type\":\"EntryPoint\",\"urlTemplate\":\"https:\\\/\\\/www.hausamstrom.de\\\/de\\\/?s={search_term_string}\"},\"query-input\":{\"@type\":\"PropertyValueSpecification\",\"valueRequired\":true,\"valueName\":\"search_term_string\"}}],\"inLanguage\":\"cs\"},{\"@type\":\"Organization\",\"@id\":\"https:\\\/\\\/www.hausamstrom.de\\\/de\\\/#organization\",\"name\":\"Haus am Strom\",\"url\":\"https:\\\/\\\/www.hausamstrom.de\\\/de\\\/\",\"logo\":{\"@type\":\"ImageObject\",\"inLanguage\":\"cs\",\"@id\":\"https:\\\/\\\/www.hausamstrom.de\\\/de\\\/#\\\/schema\\\/logo\\\/image\\\/\",\"url\":\"https:\\\/\\\/www.hausamstrom.de\\\/wp-content\\\/uploads\\\/2025\\\/06\\\/Logo-quadratisch-1024x1024.jpg\",\"contentUrl\":\"https:\\\/\\\/www.hausamstrom.de\\\/wp-content\\\/uploads\\\/2025\\\/06\\\/Logo-quadratisch-1024x1024.jpg\",\"width\":1024,\"height\":1024,\"caption\":\"Haus am Strom\"},\"image\":{\"@id\":\"https:\\\/\\\/www.hausamstrom.de\\\/de\\\/#\\\/schema\\\/logo\\\/image\\\/\"},\"sameAs\":[\"https:\\\/\\\/www.facebook.com\\\/hausamstrom\",\"https:\\\/\\\/www.instagram.com\\\/\"]}]}<\/script>\n<!-- \/ Yoast SEO plugin. -->","yoast_head_json":{"title":"darovat - Haus am Strom","robots":{"index":"index","follow":"follow","max-snippet":"max-snippet:-1","max-image-preview":"max-image-preview:large","max-video-preview":"max-video-preview:-1"},"canonical":"https:\/\/www.hausamstrom.de\/cs\/sluzba\/darovat\/","og_locale":"cs_CZ","og_type":"article","og_title":"darovat - Haus am Strom","og_description":"[vc_row][vc_column][vc_column_text]Pot\u0159ebujeme va\u0161i podporu pro na\u0161i pr\u00e1ci! Haus am Strom je vzd\u011bl\u00e1vac\u00ed instituc\u00ed v oblasti \u017eivotn\u00edho prost\u0159ed\u00ed v okrese Passau ji\u017e t\u00e9m\u011b\u0159 20 let a p\u016fsob\u00ed v cel\u00e9m jihov\u00fdchodn\u00edm Bavorsku. B\u011bhem posledn\u00edch dvou desetilet\u00ed jsme s pot\u011b\u0161en\u00edm p\u0159ibl\u00ed\u017eili p\u0159\u00edrodu a \u017eivotn\u00ed prost\u0159ed\u00ed stovk\u00e1m tis\u00edc\u016f lid\u00ed. A m\u00e1me mnoho dal\u0161\u00edch n\u00e1pad\u016f na projekty a akce, kter\u00fdmi chceme [&hellip;]","og_url":"https:\/\/www.hausamstrom.de\/cs\/sluzba\/darovat\/","og_site_name":"Haus am Strom","article_publisher":"https:\/\/www.facebook.com\/hausamstrom","twitter_card":"summary_large_image","twitter_misc":{"Odhadovan\u00e1 doba \u010dten\u00ed":"3 minuty"},"schema":{"@context":"https:\/\/schema.org","@graph":[{"@type":"WebPage","@id":"https:\/\/www.hausamstrom.de\/cs\/sluzba\/darovat\/","url":"https:\/\/www.hausamstrom.de\/cs\/sluzba\/darovat\/","name":"darovat - Haus am Strom","isPartOf":{"@id":"https:\/\/www.hausamstrom.de\/de\/#website"},"datePublished":"2020-05-12T06:28:31+00:00","breadcrumb":{"@id":"https:\/\/www.hausamstrom.de\/cs\/sluzba\/darovat\/#breadcrumb"},"inLanguage":"cs","potentialAction":[{"@type":"ReadAction","target":["https:\/\/www.hausamstrom.de\/cs\/sluzba\/darovat\/"]}]},{"@type":"BreadcrumbList","@id":"https:\/\/www.hausamstrom.de\/cs\/sluzba\/darovat\/#breadcrumb","itemListElement":[{"@type":"ListItem","position":1,"name":"Home","item":"https:\/\/www.hausamstrom.de\/cs\/"},{"@type":"ListItem","position":2,"name":"slu\u017eba","item":"https:\/\/www.hausamstrom.de\/cs\/sluzba\/"},{"@type":"ListItem","position":3,"name":"darovat"}]},{"@type":"WebSite","@id":"https:\/\/www.hausamstrom.de\/de\/#website","url":"https:\/\/www.hausamstrom.de\/de\/","name":"Haus am Strom","description":"Umweltbildungsstation im Passauer Donautal. Umweltbildung und Naturschutz f\u00fcr Kinder und Erwachsenen.","publisher":{"@id":"https:\/\/www.hausamstrom.de\/de\/#organization"},"potentialAction":[{"@type":"SearchAction","target":{"@type":"EntryPoint","urlTemplate":"https:\/\/www.hausamstrom.de\/de\/?s={search_term_string}"},"query-input":{"@type":"PropertyValueSpecification","valueRequired":true,"valueName":"search_term_string"}}],"inLanguage":"cs"},{"@type":"Organization","@id":"https:\/\/www.hausamstrom.de\/de\/#organization","name":"Haus am Strom","url":"https:\/\/www.hausamstrom.de\/de\/","logo":{"@type":"ImageObject","inLanguage":"cs","@id":"https:\/\/www.hausamstrom.de\/de\/#\/schema\/logo\/image\/","url":"https:\/\/www.hausamstrom.de\/wp-content\/uploads\/2025\/06\/Logo-quadratisch-1024x1024.jpg","contentUrl":"https:\/\/www.hausamstrom.de\/wp-content\/uploads\/2025\/06\/Logo-quadratisch-1024x1024.jpg","width":1024,"height":1024,"caption":"Haus am Strom"},"image":{"@id":"https:\/\/www.hausamstrom.de\/de\/#\/schema\/logo\/image\/"},"sameAs":["https:\/\/www.facebook.com\/hausamstrom","https:\/\/www.instagram.com\/"]}]}},"_links":{"self":[{"href":"https:\/\/www.hausamstrom.de\/cs\/wp-json\/wp\/v2\/pages\/7090","targetHints":{"allow":["GET"]}}],"collection":[{"href":"https:\/\/www.hausamstrom.de\/cs\/wp-json\/wp\/v2\/pages"}],"about":[{"href":"https:\/\/www.hausamstrom.de\/cs\/wp-json\/wp\/v2\/types\/page"}],"author":[{"embeddable":true,"href":"https:\/\/www.hausamstrom.de\/cs\/wp-json\/wp\/v2\/users\/1"}],"replies":[{"embeddable":true,"href":"https:\/\/www.hausamstrom.de\/cs\/wp-json\/wp\/v2\/comments?post=7090"}],"version-history":[{"count":1,"href":"https:\/\/www.hausamstrom.de\/cs\/wp-json\/wp\/v2\/pages\/7090\/revisions"}],"predecessor-version":[{"id":7091,"href":"https:\/\/www.hausamstrom.de\/cs\/wp-json\/wp\/v2\/pages\/7090\/revisions\/7091"}],"up":[{"embeddable":true,"href":"https:\/\/www.hausamstrom.de\/cs\/wp-json\/wp\/v2\/pages\/6975"}],"wp:attachment":[{"href":"https:\/\/www.hausamstrom.de\/cs\/wp-json\/wp\/v2\/media?parent=7090"}],"curies":[{"name":"wp","href":"https:\/\/api.w.org\/{rel}","templated":true}]}}