{"id":7134,"date":"2020-05-13T13:29:33","date_gmt":"2020-05-13T11:29:33","guid":{"rendered":"https:\/\/www.hausamstrom.de\/program\/zajisten\/"},"modified":"2026-02-19T11:57:05","modified_gmt":"2026-02-19T10:57:05","slug":"zajisten","status":"publish","type":"page","link":"https:\/\/www.hausamstrom.de\/cs\/program\/zajisten\/","title":{"rendered":"Zaji\u0161t\u011bn"},"content":{"rendered":"<div class=\"wpb-content-wrapper\"><p>[vc_row][vc_column][vc_column_text]Programy jsou z\u00e1sadn\u011b vedeny v n\u011bmeck\u00e9m jazyce.[\/vc_column_text]<div id=\"1587624540507-b2ab7f93-c5f0\" class=\"dt-sc-empty-space\"><\/div>[\/vc_column][\/vc_row][vc_row][vc_column width=\u201d1\/3\u2033][vc_single_image image=\u201d12343\u2033 img_size=\u201dmedium\u201d alignment=\u201dcenter\u201d css=\u201d\u201d][\/vc_column][vc_column width=\u201d2\/3\u2033][vc_column_text]<\/p>\n<h3>Permanentn\u00ed ho\u0159\u00e1k<\/h3>\n<p>[\/vc_column_text][vc_btn title=\u201d\u010d\u00edst d\u00e1l\u201d color=\u201dprimary\u201d css=\u201d\u201d link=\u201durl:https%3A%2F%2Fwww.hausamstrom.de%2Fcs%2Fprogram%2Fzajisten%2Ftrvalka-oblibena%2F\u201d][\/vc_column][\/vc_row][vc_row][vc_column]<div id=\"1560091068204-7c2743d1-0094\" class=\"dt-sc-empty-space\"><\/div>[vc_separator]<div id=\"1560091068266-e6d8cf6c-3041\" class=\"dt-sc-empty-space\"><\/div>[\/vc_column][\/vc_row][vc_row][vc_column width=\u201d1\/3\u2033][vc_single_image image=\u201d12352\u2033 img_size=\u201dmedium\u201d alignment=\u201dcenter\u201d css=\u201d\u201d][\/vc_column][vc_column width=\u201d2\/3\u2033][vc_column_text]<\/p>\n<h3>D\u011bti<\/h3>\n<p>[\/vc_column_text][vc_btn title=\u201d\u010d\u00edst d\u00e1l\u201d color=\u201dprimary\u201d css=\u201d\u201d link=\u201durl:https%3A%2F%2Fhausamstrom.de%2Fprogramm%2Fbuchbares%2Fkinder\u201d][\/vc_column][\/vc_row][vc_row][vc_column]<div id=\"1560012891698-10b70138-7c45\" class=\"dt-sc-empty-space\"><\/div>[vc_separator]<div id=\"1560012891733-f9a77e16-bdaf\" class=\"dt-sc-empty-space\"><\/div>[\/vc_column][\/vc_row][vc_row][vc_column width=\u201d1\/3\u2033][\/vc_column][vc_column width=\u201d2\/3\u2033][\/vc_column][\/vc_row][vc_row][vc_column][\/vc_column][\/vc_row][vc_row][vc_column width=\u201d1\/3\u2033][vc_single_image image=\u201d12364\u2033 img_size=\u201dmedium\u201d alignment=\u201dcenter\u201d css=\u201d\u201d][\/vc_column][vc_column width=\u201d2\/3\u2033][vc_column_text]<\/p>\n<h3>Mate\u0159sk\u00e9 \u0161kolky, z\u00e1kladn\u00ed \u0161koly a v\u0161echny st\u0159edn\u00ed \u0161koly<\/h3>\n<p>[\/vc_column_text][vc_btn title=\u201d\u010d\u00edst d\u00e1l\u201d color=\u201dprimary\u201d css=\u201d\u201d link=\u201durl:https%3A%2F%2Fhausamstrom.de%2Fprogramm%2Fbuchbares%2Fschulen\u201d][\/vc_column][\/vc_row][vc_row][vc_column]<div id=\"1560013033938-f7b46b56-4537\" class=\"dt-sc-empty-space\"><\/div>[vc_separator]<div id=\"1560013033995-fd97a91a-7832\" class=\"dt-sc-empty-space\"><\/div>[\/vc_column][\/vc_row][vc_row][vc_column width=\u201d1\/3\u2033][vc_single_image image=\u201d12369\u2033 img_size=\u201dmedium\u201d alignment=\u201dcenter\u201d css=\u201d\u201d][\/vc_column][vc_column width=\u201d2\/3\u2033][vc_column_text]<\/p>\n<h3>\u00dadol\u00ed Dunaje<\/h3>\n<p>[\/vc_column_text][vc_btn title=\u201d\u010d\u00edst d\u00e1l\u201d color=\u201dprimary\u201d css=\u201d\u201d link=\u201durl:https%3A%2F%2Fhausamstrom.de%2Fprogramm%2Fbuchbares%2Fdonautal\u201d][\/vc_column][\/vc_row][vc_row][vc_column]<div id=\"1560091512227-2a346ebd-4e3f\" class=\"dt-sc-empty-space\"><\/div>[vc_separator]<div id=\"1560091512293-efcd4d2e-0f3e\" class=\"dt-sc-empty-space\"><\/div>[\/vc_column][\/vc_row][vc_row][vc_column width=\u201d1\/3\u2033][vc_single_image image=\u201d12374\u2033 img_size=\u201dmedium\u201d alignment=\u201dcenter\u201d css=\u201d\u201d][\/vc_column][vc_column width=\u201d2\/3\u2033][vc_column_text css=\u201d\u201d]<\/p>\n<h3>p\u0159edn\u00e1\u0161ky<\/h3>\n<p>[\/vc_column_text][vc_btn title=\u201d\u010d\u00edst d\u00e1l\u201d color=\u201dprimary\u201d css=\u201d\u201d link=\u201durl:https%3A%2F%2Fhausamstrom.de%2Fprogramm%2Fbuchbares%2Fgesundheit\u201d][\/vc_column][\/vc_row][vc_row][vc_column]<div id=\"1560091604679-48f1c07c-a580\" class=\"dt-sc-empty-space\"><\/div>[vc_separator]<div id=\"1560091604751-b17cd7e6-af5f\" class=\"dt-sc-empty-space\"><\/div>[\/vc_column][\/vc_row][vc_row][vc_column width=\u201d1\/3\u2033][vc_single_image image=\u201d5886\u2033 img_size=\u201dmedium\u201d alignment=\u201dcenter\u201d][\/vc_column][vc_column width=\u201d2\/3\u2033][vc_column_text]<\/p>\n<h3>P\u0159edn\u00e1\u0161ky<\/h3>\n<p>[\/vc_column_text][vc_btn title=\u201d\u010d\u00edst d\u00e1l\u201d color=\u201dprimary\u201d css=\u201d\u201d link=\u201durl:https%3A%2F%2Fhausamstrom.de%2Fprogramm%2Fbuchbares%2Fvortraege\u201d][\/vc_column][\/vc_row]<\/p>\n<\/div>","protected":false},"excerpt":{"rendered":"<p>[vc_row][vc_column][vc_column_text]Programy jsou z\u00e1sadn\u011b vedeny v n\u011bmeck\u00e9m jazyce.[\/vc_column_text][\/vc_column][\/vc_row][vc_row][vc_column width=\u201d1\/3\u2033][vc_single_image image=\u201d12343\u2033 img_size=\u201dmedium\u201d alignment=\u201dcenter\u201d css=\u201d\u201d][\/vc_column][vc_column width=\u201d2\/3\u2033][vc_column_text] Permanentn\u00ed ho\u0159\u00e1k [\/vc_column_text][vc_btn title=\u201d\u010d\u00edst d\u00e1l\u201d color=\u201dprimary\u201d css=\u201d\u201d link=\u201durl:https%3A%2F%2Fwww.hausamstrom.de%2Fcs%2Fprogram%2Fzajisten%2Ftrvalka-oblibena%2F\u201d][\/vc_column][\/vc_row][vc_row][vc_column][vc_separator][\/vc_column][\/vc_row][vc_row][vc_column width=\u201d1\/3\u2033][vc_single_image image=\u201d12352\u2033 img_size=\u201dmedium\u201d alignment=\u201dcenter\u201d css=\u201d\u201d][\/vc_column][vc_column width=\u201d2\/3\u2033][vc_column_text] D\u011bti [\/vc_column_text][vc_btn title=\u201d\u010d\u00edst d\u00e1l\u201d color=\u201dprimary\u201d css=\u201d\u201d link=\u201durl:https%3A%2F%2Fhausamstrom.de%2Fprogramm%2Fbuchbares%2Fkinder\u201d][\/vc_column][\/vc_row][vc_row][vc_column][vc_separator][\/vc_column][\/vc_row][vc_row][vc_column width=\u201d1\/3\u2033][\/vc_column][vc_column width=\u201d2\/3\u2033][\/vc_column][\/vc_row][vc_row][vc_column][\/vc_column][\/vc_row][vc_row][vc_column width=\u201d1\/3\u2033][vc_single_image image=\u201d12364\u2033 img_size=\u201dmedium\u201d alignment=\u201dcenter\u201d css=\u201d\u201d][\/vc_column][vc_column width=\u201d2\/3\u2033][vc_column_text] Mate\u0159sk\u00e9 \u0161kolky, z\u00e1kladn\u00ed \u0161koly a v\u0161echny st\u0159edn\u00ed \u0161koly [\/vc_column_text][vc_btn title=\u201d\u010d\u00edst d\u00e1l\u201d color=\u201dprimary\u201d css=\u201d\u201d [&hellip;]<\/p>\n","protected":false},"author":1,"featured_media":0,"parent":6939,"menu_order":0,"comment_status":"closed","ping_status":"closed","template":"","meta":{"footnotes":""},"class_list":["post-7134","page","type-page","status-publish","hentry"],"yoast_head":"<!-- This site is optimized with the Yoast SEO plugin v27.5 - https:\/\/yoast.com\/product\/yoast-seo-wordpress\/ -->\n<title>Zaji\u0161t\u011bn - Haus am Strom<\/title>\n<meta name=\"robots\" content=\"index, follow, max-snippet:-1, max-image-preview:large, max-video-preview:-1\" \/>\n<link rel=\"canonical\" href=\"https:\/\/www.hausamstrom.de\/cs\/program\/zajisten\/\" \/>\n<meta property=\"og:locale\" content=\"cs_CZ\" \/>\n<meta property=\"og:type\" content=\"article\" \/>\n<meta property=\"og:title\" content=\"Zaji\u0161t\u011bn - Haus am Strom\" \/>\n<meta property=\"og:description\" content=\"[vc_row][vc_column][vc_column_text]Programy jsou z\u00e1sadn\u011b vedeny v n\u011bmeck\u00e9m jazyce.[\/vc_column_text][\/vc_column][\/vc_row][vc_row][vc_column width=\u201d1\/3\u2033][vc_single_image image=\u201d12343\u2033 img_size=\u201dmedium\u201d alignment=\u201dcenter\u201d css=\u201d\u201d][\/vc_column][vc_column width=\u201d2\/3\u2033][vc_column_text] Permanentn\u00ed ho\u0159\u00e1k [\/vc_column_text][vc_btn title=\u201d\u010d\u00edst d\u00e1l\u201d color=\u201dprimary\u201d css=\u201d\u201d link=\u201durl:https%3A%2F%2Fwww.hausamstrom.de%2Fcs%2Fprogram%2Fzajisten%2Ftrvalka-oblibena%2F\u201d][\/vc_column][\/vc_row][vc_row][vc_column][vc_separator][\/vc_column][\/vc_row][vc_row][vc_column width=\u201d1\/3\u2033][vc_single_image image=\u201d12352\u2033 img_size=\u201dmedium\u201d alignment=\u201dcenter\u201d css=\u201d\u201d][\/vc_column][vc_column width=\u201d2\/3\u2033][vc_column_text] D\u011bti [\/vc_column_text][vc_btn title=\u201d\u010d\u00edst d\u00e1l\u201d color=\u201dprimary\u201d css=\u201d\u201d link=\u201durl:https%3A%2F%2Fhausamstrom.de%2Fprogramm%2Fbuchbares%2Fkinder\u201d][\/vc_column][\/vc_row][vc_row][vc_column][vc_separator][\/vc_column][\/vc_row][vc_row][vc_column width=\u201d1\/3\u2033][\/vc_column][vc_column width=\u201d2\/3\u2033][\/vc_column][\/vc_row][vc_row][vc_column][\/vc_column][\/vc_row][vc_row][vc_column width=\u201d1\/3\u2033][vc_single_image image=\u201d12364\u2033 img_size=\u201dmedium\u201d alignment=\u201dcenter\u201d css=\u201d\u201d][\/vc_column][vc_column width=\u201d2\/3\u2033][vc_column_text] Mate\u0159sk\u00e9 \u0161kolky, z\u00e1kladn\u00ed \u0161koly a v\u0161echny st\u0159edn\u00ed \u0161koly [\/vc_column_text][vc_btn title=\u201d\u010d\u00edst d\u00e1l\u201d color=\u201dprimary\u201d css=\u201d\u201d [&hellip;]\" \/>\n<meta property=\"og:url\" content=\"https:\/\/www.hausamstrom.de\/cs\/program\/zajisten\/\" \/>\n<meta property=\"og:site_name\" content=\"Haus am Strom\" \/>\n<meta property=\"article:publisher\" content=\"https:\/\/www.facebook.com\/hausamstrom\" \/>\n<meta property=\"article:modified_time\" content=\"2026-02-19T10:57:05+00:00\" \/>\n<meta name=\"twitter:card\" content=\"summary_large_image\" \/>\n<meta name=\"twitter:label1\" content=\"Odhadovan\u00e1 doba \u010dten\u00ed\" \/>\n\t<meta name=\"twitter:data1\" content=\"3 minuty\" \/>\n<script type=\"application\/ld+json\" class=\"yoast-schema-graph\">{\"@context\":\"https:\\\/\\\/schema.org\",\"@graph\":[{\"@type\":\"WebPage\",\"@id\":\"https:\\\/\\\/www.hausamstrom.de\\\/cs\\\/program\\\/zajisten\\\/\",\"url\":\"https:\\\/\\\/www.hausamstrom.de\\\/cs\\\/program\\\/zajisten\\\/\",\"name\":\"Zaji\u0161t\u011bn - Haus am Strom\",\"isPartOf\":{\"@id\":\"https:\\\/\\\/www.hausamstrom.de\\\/de\\\/#website\"},\"datePublished\":\"2020-05-13T11:29:33+00:00\",\"dateModified\":\"2026-02-19T10:57:05+00:00\",\"breadcrumb\":{\"@id\":\"https:\\\/\\\/www.hausamstrom.de\\\/cs\\\/program\\\/zajisten\\\/#breadcrumb\"},\"inLanguage\":\"cs\",\"potentialAction\":[{\"@type\":\"ReadAction\",\"target\":[\"https:\\\/\\\/www.hausamstrom.de\\\/cs\\\/program\\\/zajisten\\\/\"]}]},{\"@type\":\"BreadcrumbList\",\"@id\":\"https:\\\/\\\/www.hausamstrom.de\\\/cs\\\/program\\\/zajisten\\\/#breadcrumb\",\"itemListElement\":[{\"@type\":\"ListItem\",\"position\":1,\"name\":\"Home\",\"item\":\"https:\\\/\\\/www.hausamstrom.de\\\/cs\\\/\"},{\"@type\":\"ListItem\",\"position\":2,\"name\":\"Program\",\"item\":\"https:\\\/\\\/www.hausamstrom.de\\\/cs\\\/program\\\/\"},{\"@type\":\"ListItem\",\"position\":3,\"name\":\"Zaji\u0161t\u011bn\"}]},{\"@type\":\"WebSite\",\"@id\":\"https:\\\/\\\/www.hausamstrom.de\\\/de\\\/#website\",\"url\":\"https:\\\/\\\/www.hausamstrom.de\\\/de\\\/\",\"name\":\"Haus am Strom\",\"description\":\"Umweltbildungsstation im Passauer Donautal. Umweltbildung und Naturschutz f\u00fcr Kinder und Erwachsenen.\",\"publisher\":{\"@id\":\"https:\\\/\\\/www.hausamstrom.de\\\/de\\\/#organization\"},\"potentialAction\":[{\"@type\":\"SearchAction\",\"target\":{\"@type\":\"EntryPoint\",\"urlTemplate\":\"https:\\\/\\\/www.hausamstrom.de\\\/de\\\/?s={search_term_string}\"},\"query-input\":{\"@type\":\"PropertyValueSpecification\",\"valueRequired\":true,\"valueName\":\"search_term_string\"}}],\"inLanguage\":\"cs\"},{\"@type\":\"Organization\",\"@id\":\"https:\\\/\\\/www.hausamstrom.de\\\/de\\\/#organization\",\"name\":\"Haus am Strom\",\"url\":\"https:\\\/\\\/www.hausamstrom.de\\\/de\\\/\",\"logo\":{\"@type\":\"ImageObject\",\"inLanguage\":\"cs\",\"@id\":\"https:\\\/\\\/www.hausamstrom.de\\\/de\\\/#\\\/schema\\\/logo\\\/image\\\/\",\"url\":\"https:\\\/\\\/www.hausamstrom.de\\\/wp-content\\\/uploads\\\/2025\\\/06\\\/Logo-quadratisch-1024x1024.jpg\",\"contentUrl\":\"https:\\\/\\\/www.hausamstrom.de\\\/wp-content\\\/uploads\\\/2025\\\/06\\\/Logo-quadratisch-1024x1024.jpg\",\"width\":1024,\"height\":1024,\"caption\":\"Haus am Strom\"},\"image\":{\"@id\":\"https:\\\/\\\/www.hausamstrom.de\\\/de\\\/#\\\/schema\\\/logo\\\/image\\\/\"},\"sameAs\":[\"https:\\\/\\\/www.facebook.com\\\/hausamstrom\",\"https:\\\/\\\/www.instagram.com\\\/\"]}]}<\/script>\n<!-- \/ Yoast SEO plugin. -->","yoast_head_json":{"title":"Zaji\u0161t\u011bn - Haus am Strom","robots":{"index":"index","follow":"follow","max-snippet":"max-snippet:-1","max-image-preview":"max-image-preview:large","max-video-preview":"max-video-preview:-1"},"canonical":"https:\/\/www.hausamstrom.de\/cs\/program\/zajisten\/","og_locale":"cs_CZ","og_type":"article","og_title":"Zaji\u0161t\u011bn - Haus am Strom","og_description":"[vc_row][vc_column][vc_column_text]Programy jsou z\u00e1sadn\u011b vedeny v n\u011bmeck\u00e9m jazyce.[\/vc_column_text][\/vc_column][\/vc_row][vc_row][vc_column width=\u201d1\/3\u2033][vc_single_image image=\u201d12343\u2033 img_size=\u201dmedium\u201d alignment=\u201dcenter\u201d css=\u201d\u201d][\/vc_column][vc_column width=\u201d2\/3\u2033][vc_column_text] Permanentn\u00ed ho\u0159\u00e1k [\/vc_column_text][vc_btn title=\u201d\u010d\u00edst d\u00e1l\u201d color=\u201dprimary\u201d css=\u201d\u201d link=\u201durl:https%3A%2F%2Fwww.hausamstrom.de%2Fcs%2Fprogram%2Fzajisten%2Ftrvalka-oblibena%2F\u201d][\/vc_column][\/vc_row][vc_row][vc_column][vc_separator][\/vc_column][\/vc_row][vc_row][vc_column width=\u201d1\/3\u2033][vc_single_image image=\u201d12352\u2033 img_size=\u201dmedium\u201d alignment=\u201dcenter\u201d css=\u201d\u201d][\/vc_column][vc_column width=\u201d2\/3\u2033][vc_column_text] D\u011bti [\/vc_column_text][vc_btn title=\u201d\u010d\u00edst d\u00e1l\u201d color=\u201dprimary\u201d css=\u201d\u201d link=\u201durl:https%3A%2F%2Fhausamstrom.de%2Fprogramm%2Fbuchbares%2Fkinder\u201d][\/vc_column][\/vc_row][vc_row][vc_column][vc_separator][\/vc_column][\/vc_row][vc_row][vc_column width=\u201d1\/3\u2033][\/vc_column][vc_column width=\u201d2\/3\u2033][\/vc_column][\/vc_row][vc_row][vc_column][\/vc_column][\/vc_row][vc_row][vc_column width=\u201d1\/3\u2033][vc_single_image image=\u201d12364\u2033 img_size=\u201dmedium\u201d alignment=\u201dcenter\u201d css=\u201d\u201d][\/vc_column][vc_column width=\u201d2\/3\u2033][vc_column_text] Mate\u0159sk\u00e9 \u0161kolky, z\u00e1kladn\u00ed \u0161koly a v\u0161echny st\u0159edn\u00ed \u0161koly [\/vc_column_text][vc_btn title=\u201d\u010d\u00edst d\u00e1l\u201d color=\u201dprimary\u201d css=\u201d\u201d [&hellip;]","og_url":"https:\/\/www.hausamstrom.de\/cs\/program\/zajisten\/","og_site_name":"Haus am Strom","article_publisher":"https:\/\/www.facebook.com\/hausamstrom","article_modified_time":"2026-02-19T10:57:05+00:00","twitter_card":"summary_large_image","twitter_misc":{"Odhadovan\u00e1 doba \u010dten\u00ed":"3 minuty"},"schema":{"@context":"https:\/\/schema.org","@graph":[{"@type":"WebPage","@id":"https:\/\/www.hausamstrom.de\/cs\/program\/zajisten\/","url":"https:\/\/www.hausamstrom.de\/cs\/program\/zajisten\/","name":"Zaji\u0161t\u011bn - Haus am Strom","isPartOf":{"@id":"https:\/\/www.hausamstrom.de\/de\/#website"},"datePublished":"2020-05-13T11:29:33+00:00","dateModified":"2026-02-19T10:57:05+00:00","breadcrumb":{"@id":"https:\/\/www.hausamstrom.de\/cs\/program\/zajisten\/#breadcrumb"},"inLanguage":"cs","potentialAction":[{"@type":"ReadAction","target":["https:\/\/www.hausamstrom.de\/cs\/program\/zajisten\/"]}]},{"@type":"BreadcrumbList","@id":"https:\/\/www.hausamstrom.de\/cs\/program\/zajisten\/#breadcrumb","itemListElement":[{"@type":"ListItem","position":1,"name":"Home","item":"https:\/\/www.hausamstrom.de\/cs\/"},{"@type":"ListItem","position":2,"name":"Program","item":"https:\/\/www.hausamstrom.de\/cs\/program\/"},{"@type":"ListItem","position":3,"name":"Zaji\u0161t\u011bn"}]},{"@type":"WebSite","@id":"https:\/\/www.hausamstrom.de\/de\/#website","url":"https:\/\/www.hausamstrom.de\/de\/","name":"Haus am Strom","description":"Umweltbildungsstation im Passauer Donautal. Umweltbildung und Naturschutz f\u00fcr Kinder und Erwachsenen.","publisher":{"@id":"https:\/\/www.hausamstrom.de\/de\/#organization"},"potentialAction":[{"@type":"SearchAction","target":{"@type":"EntryPoint","urlTemplate":"https:\/\/www.hausamstrom.de\/de\/?s={search_term_string}"},"query-input":{"@type":"PropertyValueSpecification","valueRequired":true,"valueName":"search_term_string"}}],"inLanguage":"cs"},{"@type":"Organization","@id":"https:\/\/www.hausamstrom.de\/de\/#organization","name":"Haus am Strom","url":"https:\/\/www.hausamstrom.de\/de\/","logo":{"@type":"ImageObject","inLanguage":"cs","@id":"https:\/\/www.hausamstrom.de\/de\/#\/schema\/logo\/image\/","url":"https:\/\/www.hausamstrom.de\/wp-content\/uploads\/2025\/06\/Logo-quadratisch-1024x1024.jpg","contentUrl":"https:\/\/www.hausamstrom.de\/wp-content\/uploads\/2025\/06\/Logo-quadratisch-1024x1024.jpg","width":1024,"height":1024,"caption":"Haus am Strom"},"image":{"@id":"https:\/\/www.hausamstrom.de\/de\/#\/schema\/logo\/image\/"},"sameAs":["https:\/\/www.facebook.com\/hausamstrom","https:\/\/www.instagram.com\/"]}]}},"_links":{"self":[{"href":"https:\/\/www.hausamstrom.de\/cs\/wp-json\/wp\/v2\/pages\/7134","targetHints":{"allow":["GET"]}}],"collection":[{"href":"https:\/\/www.hausamstrom.de\/cs\/wp-json\/wp\/v2\/pages"}],"about":[{"href":"https:\/\/www.hausamstrom.de\/cs\/wp-json\/wp\/v2\/types\/page"}],"author":[{"embeddable":true,"href":"https:\/\/www.hausamstrom.de\/cs\/wp-json\/wp\/v2\/users\/1"}],"replies":[{"embeddable":true,"href":"https:\/\/www.hausamstrom.de\/cs\/wp-json\/wp\/v2\/comments?post=7134"}],"version-history":[{"count":8,"href":"https:\/\/www.hausamstrom.de\/cs\/wp-json\/wp\/v2\/pages\/7134\/revisions"}],"predecessor-version":[{"id":14004,"href":"https:\/\/www.hausamstrom.de\/cs\/wp-json\/wp\/v2\/pages\/7134\/revisions\/14004"}],"up":[{"embeddable":true,"href":"https:\/\/www.hausamstrom.de\/cs\/wp-json\/wp\/v2\/pages\/6939"}],"wp:attachment":[{"href":"https:\/\/www.hausamstrom.de\/cs\/wp-json\/wp\/v2\/media?parent=7134"}],"curies":[{"name":"wp","href":"https:\/\/api.w.org\/{rel}","templated":true}]}}