{"id":7157,"date":"2020-05-13T16:10:06","date_gmt":"2020-05-13T14:10:06","guid":{"rendered":"https:\/\/www.hausamstrom.de\/udoli-dunaje-2\/zemepis\/tvoreni\/"},"modified":"2020-05-13T16:10:06","modified_gmt":"2020-05-13T14:10:06","slug":"tvoreni","status":"publish","type":"page","link":"https:\/\/www.hausamstrom.de\/cs\/udoli-dunaje-2\/zemepis\/tvoreni\/","title":{"rendered":"tvo\u0159en\u00ed"},"content":{"rendered":"<p><img loading=\"lazy\" decoding=\"async\" class=\"wp-image-759 alignright\" src=\"https:\/\/www.hausamstrom.de\/wp-content\/uploads\/2016\/04\/csm_Schl\u00f6gener_Schlinge_7398cc01a6-400x223.jpg\" alt=\"csm_Schl\u00f6gener_Schlinge_7398cc01a6\" width=\"488\" height=\"272\" \/><\/p>\n<p>Zru\u0161en\u00ed tzv. \u010cesk\u00e9 m\u0161e za\u010dalo p\u0159ed 17-18 miliony let v terci\u00e9ru. Na konci t\u0159etihor, asi p\u0159ed 3 miliony let, Dunaj na\u0161el sv\u00e9 sou\u010dasn\u00e9 lo\u017ee a n\u00e1sledoval tektonickou poruchu. B\u011bhem doby ledov\u00e9, tj. Pleistoc\u00e9nu, se \u010desk\u00e9 masy op\u011bt zvedly a sou\u010dasn\u011b se Dunaj mohl prohloubit pod\u00e9l zm\u00edn\u011bn\u00e9 hrany. Nemusela tedy hledat nov\u00e9 l\u016f\u017eko mimo ji\u017en\u00ed podh\u016f\u0159\u00ed Bavorska a Sauwaldu.<\/p>\n<p>Dunaj, jako pravd\u011bpodobn\u011b nejzaj\u00edmav\u011bj\u0161\u00ed a pravd\u011bpodobn\u011b nejkr\u00e1sn\u011bj\u0161\u00ed \u0159eka v Evrop\u011b, te\u010de z potok\u016f Brigach a Breg, kter\u00e9 v \u010cern\u00e9m lese stoupaj\u00ed ve v\u00edce ne\u017e 1000 m nad mo\u0159em. V Pasov\u011b se Inn a Dunaj bohat\u00fd na vodu spoj\u00ed a vytvo\u0159\u00ed mohutnou \u0159eku. \u0158eka se potom naz\u00fdv\u00e1 Dunaj.<\/p>\n<p>Dunaj z\u016fstal nedot\u010den a\u017e do 19. stolet\u00ed. Jeho p\u00e1nve tvo\u0159ilo bludi\u0161t\u011b hlavn\u00edch a sekund\u00e1rn\u00edch zbran\u00ed, mrtv\u00e9 vody a ostrov\u016f. \u201ePrvn\u00ed dunajsk\u00e1 regulace\u201c z let 1830 a\u017e 1880 vytvo\u0159ila jednotn\u00fd naviga\u010dn\u00ed kan\u00e1l, od\u0159\u00edzla povod\u0148ov\u00e9 vody z velk\u00e9 \u010d\u00e1sti od hlavn\u00edho proudu, a tak v\u00fdznamn\u011b zm\u011bnila vodn\u00ed bilanci a krajinu v povod\u00ed krajin \u00fadol\u00ed Dunaje. D\u016fvody pro dunajsk\u00e9 p\u0159edpisy (elektr\u00e1rny, \u2026) byly protipovod\u0148ov\u00e1 ochrana a bezpe\u010dn\u00e1 p\u0159eprava. Deprese koryta \u0159eky nav\u00edc zp\u016fsobila pokles hladiny podzemn\u00ed vody, co\u017e bylo pro p\u011bstov\u00e1n\u00ed pol\u00ed docela pozitivn\u00ed.<\/p>\n<p>\u00a0<\/p>\n","protected":false},"excerpt":{"rendered":"<p>Zru\u0161en\u00ed tzv. \u010cesk\u00e9 m\u0161e za\u010dalo p\u0159ed 17-18 miliony let v terci\u00e9ru. Na konci t\u0159etihor, asi p\u0159ed 3 miliony let, Dunaj na\u0161el sv\u00e9 sou\u010dasn\u00e9 lo\u017ee a n\u00e1sledoval tektonickou poruchu. B\u011bhem doby ledov\u00e9, tj. Pleistoc\u00e9nu, se \u010desk\u00e9 masy op\u011bt zvedly a sou\u010dasn\u011b se Dunaj mohl prohloubit pod\u00e9l zm\u00edn\u011bn\u00e9 hrany. Nemusela tedy hledat nov\u00e9 l\u016f\u017eko mimo ji\u017en\u00ed podh\u016f\u0159\u00ed [&hellip;]<\/p>\n","protected":false},"author":1,"featured_media":0,"parent":6962,"menu_order":0,"comment_status":"closed","ping_status":"closed","template":"","meta":{"footnotes":""},"class_list":["post-7157","page","type-page","status-publish","hentry"],"yoast_head":"<!-- This site is optimized with the Yoast SEO plugin v27.5 - https:\/\/yoast.com\/product\/yoast-seo-wordpress\/ -->\n<title>tvo\u0159en\u00ed - Haus am Strom<\/title>\n<meta name=\"robots\" content=\"index, follow, max-snippet:-1, max-image-preview:large, max-video-preview:-1\" \/>\n<link rel=\"canonical\" href=\"https:\/\/www.hausamstrom.de\/cs\/udoli-dunaje-2\/zemepis\/tvoreni\/\" \/>\n<meta property=\"og:locale\" content=\"cs_CZ\" \/>\n<meta property=\"og:type\" content=\"article\" \/>\n<meta property=\"og:title\" content=\"tvo\u0159en\u00ed - Haus am Strom\" \/>\n<meta property=\"og:description\" content=\"Zru\u0161en\u00ed tzv. \u010cesk\u00e9 m\u0161e za\u010dalo p\u0159ed 17-18 miliony let v terci\u00e9ru. Na konci t\u0159etihor, asi p\u0159ed 3 miliony let, Dunaj na\u0161el sv\u00e9 sou\u010dasn\u00e9 lo\u017ee a n\u00e1sledoval tektonickou poruchu. B\u011bhem doby ledov\u00e9, tj. Pleistoc\u00e9nu, se \u010desk\u00e9 masy op\u011bt zvedly a sou\u010dasn\u011b se Dunaj mohl prohloubit pod\u00e9l zm\u00edn\u011bn\u00e9 hrany. Nemusela tedy hledat nov\u00e9 l\u016f\u017eko mimo ji\u017en\u00ed podh\u016f\u0159\u00ed [&hellip;]\" \/>\n<meta property=\"og:url\" content=\"https:\/\/www.hausamstrom.de\/cs\/udoli-dunaje-2\/zemepis\/tvoreni\/\" \/>\n<meta property=\"og:site_name\" content=\"Haus am Strom\" \/>\n<meta property=\"article:publisher\" content=\"https:\/\/www.facebook.com\/hausamstrom\" \/>\n<meta name=\"twitter:card\" content=\"summary_large_image\" \/>\n<meta name=\"twitter:label1\" content=\"Odhadovan\u00e1 doba \u010dten\u00ed\" \/>\n\t<meta name=\"twitter:data1\" content=\"1 minuta\" \/>\n<script type=\"application\/ld+json\" class=\"yoast-schema-graph\">{\"@context\":\"https:\\\/\\\/schema.org\",\"@graph\":[{\"@type\":\"WebPage\",\"@id\":\"https:\\\/\\\/www.hausamstrom.de\\\/cs\\\/udoli-dunaje-2\\\/zemepis\\\/tvoreni\\\/\",\"url\":\"https:\\\/\\\/www.hausamstrom.de\\\/cs\\\/udoli-dunaje-2\\\/zemepis\\\/tvoreni\\\/\",\"name\":\"tvo\u0159en\u00ed - Haus am Strom\",\"isPartOf\":{\"@id\":\"https:\\\/\\\/www.hausamstrom.de\\\/de\\\/#website\"},\"datePublished\":\"2020-05-13T14:10:06+00:00\",\"breadcrumb\":{\"@id\":\"https:\\\/\\\/www.hausamstrom.de\\\/cs\\\/udoli-dunaje-2\\\/zemepis\\\/tvoreni\\\/#breadcrumb\"},\"inLanguage\":\"cs\",\"potentialAction\":[{\"@type\":\"ReadAction\",\"target\":[\"https:\\\/\\\/www.hausamstrom.de\\\/cs\\\/udoli-dunaje-2\\\/zemepis\\\/tvoreni\\\/\"]}]},{\"@type\":\"BreadcrumbList\",\"@id\":\"https:\\\/\\\/www.hausamstrom.de\\\/cs\\\/udoli-dunaje-2\\\/zemepis\\\/tvoreni\\\/#breadcrumb\",\"itemListElement\":[{\"@type\":\"ListItem\",\"position\":1,\"name\":\"Home\",\"item\":\"https:\\\/\\\/www.hausamstrom.de\\\/cs\\\/\"},{\"@type\":\"ListItem\",\"position\":2,\"name\":\"\u00dadol\u00ed Dunaje\",\"item\":\"https:\\\/\\\/www.hausamstrom.de\\\/cs\\\/udoli-dunaje-2\\\/\"},{\"@type\":\"ListItem\",\"position\":3,\"name\":\"zem\u011bpis\",\"item\":\"https:\\\/\\\/www.hausamstrom.de\\\/cs\\\/udoli-dunaje-2\\\/zemepis\\\/\"},{\"@type\":\"ListItem\",\"position\":4,\"name\":\"tvo\u0159en\u00ed\"}]},{\"@type\":\"WebSite\",\"@id\":\"https:\\\/\\\/www.hausamstrom.de\\\/de\\\/#website\",\"url\":\"https:\\\/\\\/www.hausamstrom.de\\\/de\\\/\",\"name\":\"Haus am Strom\",\"description\":\"Umweltbildungsstation im Passauer Donautal. Umweltbildung und Naturschutz f\u00fcr Kinder und Erwachsenen.\",\"publisher\":{\"@id\":\"https:\\\/\\\/www.hausamstrom.de\\\/de\\\/#organization\"},\"potentialAction\":[{\"@type\":\"SearchAction\",\"target\":{\"@type\":\"EntryPoint\",\"urlTemplate\":\"https:\\\/\\\/www.hausamstrom.de\\\/de\\\/?s={search_term_string}\"},\"query-input\":{\"@type\":\"PropertyValueSpecification\",\"valueRequired\":true,\"valueName\":\"search_term_string\"}}],\"inLanguage\":\"cs\"},{\"@type\":\"Organization\",\"@id\":\"https:\\\/\\\/www.hausamstrom.de\\\/de\\\/#organization\",\"name\":\"Haus am Strom\",\"url\":\"https:\\\/\\\/www.hausamstrom.de\\\/de\\\/\",\"logo\":{\"@type\":\"ImageObject\",\"inLanguage\":\"cs\",\"@id\":\"https:\\\/\\\/www.hausamstrom.de\\\/de\\\/#\\\/schema\\\/logo\\\/image\\\/\",\"url\":\"https:\\\/\\\/www.hausamstrom.de\\\/wp-content\\\/uploads\\\/2025\\\/06\\\/Logo-quadratisch-1024x1024.jpg\",\"contentUrl\":\"https:\\\/\\\/www.hausamstrom.de\\\/wp-content\\\/uploads\\\/2025\\\/06\\\/Logo-quadratisch-1024x1024.jpg\",\"width\":1024,\"height\":1024,\"caption\":\"Haus am Strom\"},\"image\":{\"@id\":\"https:\\\/\\\/www.hausamstrom.de\\\/de\\\/#\\\/schema\\\/logo\\\/image\\\/\"},\"sameAs\":[\"https:\\\/\\\/www.facebook.com\\\/hausamstrom\",\"https:\\\/\\\/www.instagram.com\\\/\"]}]}<\/script>\n<!-- \/ Yoast SEO plugin. -->","yoast_head_json":{"title":"tvo\u0159en\u00ed - Haus am Strom","robots":{"index":"index","follow":"follow","max-snippet":"max-snippet:-1","max-image-preview":"max-image-preview:large","max-video-preview":"max-video-preview:-1"},"canonical":"https:\/\/www.hausamstrom.de\/cs\/udoli-dunaje-2\/zemepis\/tvoreni\/","og_locale":"cs_CZ","og_type":"article","og_title":"tvo\u0159en\u00ed - Haus am Strom","og_description":"Zru\u0161en\u00ed tzv. \u010cesk\u00e9 m\u0161e za\u010dalo p\u0159ed 17-18 miliony let v terci\u00e9ru. Na konci t\u0159etihor, asi p\u0159ed 3 miliony let, Dunaj na\u0161el sv\u00e9 sou\u010dasn\u00e9 lo\u017ee a n\u00e1sledoval tektonickou poruchu. B\u011bhem doby ledov\u00e9, tj. Pleistoc\u00e9nu, se \u010desk\u00e9 masy op\u011bt zvedly a sou\u010dasn\u011b se Dunaj mohl prohloubit pod\u00e9l zm\u00edn\u011bn\u00e9 hrany. Nemusela tedy hledat nov\u00e9 l\u016f\u017eko mimo ji\u017en\u00ed podh\u016f\u0159\u00ed [&hellip;]","og_url":"https:\/\/www.hausamstrom.de\/cs\/udoli-dunaje-2\/zemepis\/tvoreni\/","og_site_name":"Haus am Strom","article_publisher":"https:\/\/www.facebook.com\/hausamstrom","twitter_card":"summary_large_image","twitter_misc":{"Odhadovan\u00e1 doba \u010dten\u00ed":"1 minuta"},"schema":{"@context":"https:\/\/schema.org","@graph":[{"@type":"WebPage","@id":"https:\/\/www.hausamstrom.de\/cs\/udoli-dunaje-2\/zemepis\/tvoreni\/","url":"https:\/\/www.hausamstrom.de\/cs\/udoli-dunaje-2\/zemepis\/tvoreni\/","name":"tvo\u0159en\u00ed - Haus am Strom","isPartOf":{"@id":"https:\/\/www.hausamstrom.de\/de\/#website"},"datePublished":"2020-05-13T14:10:06+00:00","breadcrumb":{"@id":"https:\/\/www.hausamstrom.de\/cs\/udoli-dunaje-2\/zemepis\/tvoreni\/#breadcrumb"},"inLanguage":"cs","potentialAction":[{"@type":"ReadAction","target":["https:\/\/www.hausamstrom.de\/cs\/udoli-dunaje-2\/zemepis\/tvoreni\/"]}]},{"@type":"BreadcrumbList","@id":"https:\/\/www.hausamstrom.de\/cs\/udoli-dunaje-2\/zemepis\/tvoreni\/#breadcrumb","itemListElement":[{"@type":"ListItem","position":1,"name":"Home","item":"https:\/\/www.hausamstrom.de\/cs\/"},{"@type":"ListItem","position":2,"name":"\u00dadol\u00ed Dunaje","item":"https:\/\/www.hausamstrom.de\/cs\/udoli-dunaje-2\/"},{"@type":"ListItem","position":3,"name":"zem\u011bpis","item":"https:\/\/www.hausamstrom.de\/cs\/udoli-dunaje-2\/zemepis\/"},{"@type":"ListItem","position":4,"name":"tvo\u0159en\u00ed"}]},{"@type":"WebSite","@id":"https:\/\/www.hausamstrom.de\/de\/#website","url":"https:\/\/www.hausamstrom.de\/de\/","name":"Haus am Strom","description":"Umweltbildungsstation im Passauer Donautal. Umweltbildung und Naturschutz f\u00fcr Kinder und Erwachsenen.","publisher":{"@id":"https:\/\/www.hausamstrom.de\/de\/#organization"},"potentialAction":[{"@type":"SearchAction","target":{"@type":"EntryPoint","urlTemplate":"https:\/\/www.hausamstrom.de\/de\/?s={search_term_string}"},"query-input":{"@type":"PropertyValueSpecification","valueRequired":true,"valueName":"search_term_string"}}],"inLanguage":"cs"},{"@type":"Organization","@id":"https:\/\/www.hausamstrom.de\/de\/#organization","name":"Haus am Strom","url":"https:\/\/www.hausamstrom.de\/de\/","logo":{"@type":"ImageObject","inLanguage":"cs","@id":"https:\/\/www.hausamstrom.de\/de\/#\/schema\/logo\/image\/","url":"https:\/\/www.hausamstrom.de\/wp-content\/uploads\/2025\/06\/Logo-quadratisch-1024x1024.jpg","contentUrl":"https:\/\/www.hausamstrom.de\/wp-content\/uploads\/2025\/06\/Logo-quadratisch-1024x1024.jpg","width":1024,"height":1024,"caption":"Haus am Strom"},"image":{"@id":"https:\/\/www.hausamstrom.de\/de\/#\/schema\/logo\/image\/"},"sameAs":["https:\/\/www.facebook.com\/hausamstrom","https:\/\/www.instagram.com\/"]}]}},"_links":{"self":[{"href":"https:\/\/www.hausamstrom.de\/cs\/wp-json\/wp\/v2\/pages\/7157","targetHints":{"allow":["GET"]}}],"collection":[{"href":"https:\/\/www.hausamstrom.de\/cs\/wp-json\/wp\/v2\/pages"}],"about":[{"href":"https:\/\/www.hausamstrom.de\/cs\/wp-json\/wp\/v2\/types\/page"}],"author":[{"embeddable":true,"href":"https:\/\/www.hausamstrom.de\/cs\/wp-json\/wp\/v2\/users\/1"}],"replies":[{"embeddable":true,"href":"https:\/\/www.hausamstrom.de\/cs\/wp-json\/wp\/v2\/comments?post=7157"}],"version-history":[{"count":0,"href":"https:\/\/www.hausamstrom.de\/cs\/wp-json\/wp\/v2\/pages\/7157\/revisions"}],"up":[{"embeddable":true,"href":"https:\/\/www.hausamstrom.de\/cs\/wp-json\/wp\/v2\/pages\/6962"}],"wp:attachment":[{"href":"https:\/\/www.hausamstrom.de\/cs\/wp-json\/wp\/v2\/media?parent=7157"}],"curies":[{"name":"wp","href":"https:\/\/api.w.org\/{rel}","templated":true}]}}