{"id":7161,"date":"2020-05-13T16:34:24","date_gmt":"2020-05-13T14:34:24","guid":{"rendered":"https:\/\/www.hausamstrom.de\/sluzba\/pristup\/"},"modified":"2025-11-28T13:56:01","modified_gmt":"2025-11-28T12:56:01","slug":"pristup","status":"publish","type":"page","link":"https:\/\/www.hausamstrom.de\/cs\/sluzba\/pristup\/","title":{"rendered":"p\u0159\u00edstup"},"content":{"rendered":"<div class=\"wpb-content-wrapper\"><p>[vc_row][vc_column][vc_column_text]<br \/>\n<strong>P\u0159\u00edstup<\/strong><br \/>\n[\/vc_column_text][vc_empty_space][vc_column_text css=&#8221;&#8221;]<span class=\"tlid-translation translation\" lang=\"cs\"><strong><span class=\"\" title=\"\">Pokyny<\/span><\/strong><\/span><\/p>\n<p><span class=\"\" title=\"\">D\u016fm na \u0159ece je 25 km jihov\u00fdchodn\u011b od Pasova na severn\u00edm b\u0159ehu Dunaje.<\/span>[\/vc_column_text][vc_single_image image=&#8221;6156&#8243; img_size=&#8221;large&#8221; onclick=&#8221;zoom&#8221;][vc_empty_space][vc_column_text]<br \/>\n<strong><span class=\"tlid-translation translation\" lang=\"cs\"><span title=\"\">P\u0159ij\u00ed\u017ed\u011bj\u00edc\u00ed autem<\/span><\/span><\/strong><br \/>\n[\/vc_column_text][vc_column_text css=&#8221;&#8221;]<\/p>\n<div class=\"text-wrap tlid-copy-target\">\n<div class=\"result-shield-container tlid-copy-target\" tabindex=\"0\">\n<p><span class=\"tlid-translation translation\" lang=\"cs\"><strong><span title=\"\">z Passau \/ BAB3:<\/span><\/strong><\/span><\/p>\n<p><span title=\"\">p\u0159es Passau, na B 388 (lev\u00e1 strana Dunaje) p\u0159es Obernzell, sm\u011br Jochenstein, podle zna\u010dek<\/span><\/p>\n<p><strong><span title=\"\">od Linze:<\/span><\/strong><\/p>\n<p><span class=\"\" title=\"\">p\u0159es Nibelungenbundesstrasse B 130 (prav\u00e1 strana Dunaje)<\/span><\/p>\n<p><strong><span title=\"\">Pozn\u00e1mka:<\/span><\/strong><\/p>\n<p><span class=\"\" title=\"\">Mezi Pasovem a Wesenuferem (Horn\u00ed Rakousko) nejsou p\u0159es Dunaj mosty!<\/span> <span class=\"\" title=\"\">V Obernzell m\u00e1te mo\u017enost p\u0159ekro\u010dit Dunaj trajektem (klikn\u011bte sem pro <a href=\"https:\/\/www.obernzell.de\/tourismus-und-service\/mobilitaet-vor-ort\/donau-schifffahrt\">cestovn\u00ed \u010dasy<\/a>)<\/span><\/p>\n<\/div>\n<\/div>\n<div class=\"tlid-result-transliteration-container result-transliteration-container transliteration-container\">\n<div class=\"tlid-transliteration-content transliteration-content full\"><\/div>\n<\/div>\n<p>[\/vc_column_text][vc_column_text]<a href=\"https:\/\/wego.here.com\/?cid=ovimaps-fw-ilc-na-acq-na-map24-de-na-1&amp;x=ep&amp;map=48.6269,13.1922,10,normal\" target=\"_blank\" rel=\"noopener noreferrer\"><strong><span class=\"tlid-translation translation\" lang=\"cs\"><span class=\"\" title=\"\">Pl\u00e1nova\u010d tras<\/span><\/span><\/strong><\/a>[\/vc_column_text][vc_empty_space][vc_column_text]<br \/>\n<span class=\"tlid-translation translation\" lang=\"cs\"><span class=\"\" title=\"\">P\u0159\u00edjezd lod\u00ed<\/span><\/span><br \/>\n[\/vc_column_text][vc_column_text]<\/p>\n<div class=\"tlid-language-bar ls-wrap\">\n<div class=\"tl-wrap\">\n<div class=\"tl-sugg\">\n<div class=\"sl-sugg-button-container\"><\/div>\n<div class=\"ls-right-arrow\"><\/div>\n<\/div>\n<div class=\"sugg-fade\"><\/div>\n<div class=\"tl-more tlid-open-target-language-list\" tabindex=\"0\" role=\"button\" aria-label=\"Mehr\"><\/div>\n<\/div>\n<\/div>\n<div class=\"source-wrap\">\n<div class=\"input-full-height-wrapper tlid-input-full-height-wrapper\">\n<div class=\"source-input\">\n<div id=\"input-wrap\" class=\"tlid-input-area input-area less-padding\">\n<div class=\"gt-hl-layer\" dir=\"\"><\/div>\n<p>&nbsp;<\/p>\n<div class=\"text-dummy\"><\/div>\n<\/div>\n<div class=\"source-header\">\n<div class=\"clear-wrap\"><\/div>\n<\/div>\n<\/div>\n<\/div>\n<\/div>\n<div class=\"tlid-source-transliteration-container source-transliteration-container transliteration-container\">\n<div class=\"tlid-transliteration-content transliteration-content full\"><\/div>\n<\/div>\n<div class=\"source-footer-wrap source-or-target-footer\">\n<div id=\"gt-input-tool\" class=\"source-input-tools\">\n<div><\/div>\n<\/div>\n<\/div>\n<div class=\"character-count tlid-character-count\">\n<div class=\"cc-ctr normal\">392\/5000<\/div>\n<\/div>\n<div class=\"source-footer\"><\/div>\n<div class=\"tlid-input input\"><\/div>\n<div class=\"tlid-results-container results-container\">\n<div class=\"tlid-result result-dict-wrapper\">\n<div class=\"result tlid-copy-target\">\n<div class=\"result-header\"><\/div>\n<\/div>\n<\/div>\n<\/div>\n<div class=\"result-shield-container tlid-copy-target\" tabindex=\"0\">\n<p><span class=\"tlid-translation translation\" lang=\"cs\"><span title=\"\">Passau &gt;&gt; Haus am Strom<\/span><\/span><\/p>\n<p><span title=\"\">Cesta ven:<\/span><\/p>\n<p><span class=\"\" title=\"\">denn\u011b od 01.05 do 11.10.: Pasov od 14:00, HaS v 15:00 nebo od 10:00, v 11:00<\/span><\/p>\n<p><span title=\"\">ka\u017ed\u00fd DO.-SO.<\/span> <span title=\"\">24. dubna<\/span> <span title=\"\">&#8211; 4.10.<\/span> <span title=\"\">+ SA.<\/span> <span class=\"\" title=\"\">10\/10<\/span> <span title=\"\">&#8211; 24.10.: Pasov od 9:00 do 22:00, HaS v 10:00 a dopoledne.<\/span><\/p>\n<p><span title=\"\">Zp\u00e1te\u010dn\u00ed cesta:<\/span><\/p>\n<p><span title=\"\">ka\u017ed\u00fd DO., SA., SO.<\/span> <span title=\"\">25.4.<\/span> <span title=\"\">&#8211; 4.10.<\/span> <span class=\"\" title=\"\">+ ka\u017edou sobotu 10.10.<\/span> <span title=\"\">&#8211; 24.10.: HaS od 19:15, Pasov ve 20:50<\/span><\/p>\n<p><span title=\"\">denn\u011b od 01.05.<\/span> <span class=\"\" title=\"\">&#8211; 11.10: HaS od 12:00, Pasov ve 13:30 nebo od 16:00 v 17:30<\/span><\/p>\n<\/div>\n<p>[\/vc_column_text]<div id=\"1583919408148-2c715da7-2fb4\" class=\"dt-sc-empty-space\"><\/div>[vc_column_text]<br \/>\n<strong><span class=\"tlid-translation translation\" lang=\"cs\"><span title=\"\">P\u0159\u00edjezd m\u011bstskou hromadnou dopravou<\/span><\/span><\/strong><br \/>\n[\/vc_column_text][vc_column_text]<span class=\"tlid-translation translation\" lang=\"cs\"><span title=\"\">&#8230; nejlep\u0161\u00ed je objednat si spole\u010dn\u00e9 taxi do Obernzell az Haus am Strom:<\/span><\/span><\/p>\n<p><span class=\"\" title=\"\">P\u0159ipojen\u00ed k <a href=\"https:\/\/reiseauskunft.bahn.de\/bin\/query.exe\/dn?protocol=https:\" target=\"_blank\" rel=\"noopener noreferrer\">autobusov\u00e9 doprav\u011b<\/a><\/span><\/p>\n<p><span class=\"\" title=\"\">Od: Passau Hbf<\/span><\/p>\n<p><span class=\"\" title=\"\">Po: Jochensteinsk\u00e1 elektr\u00e1rna Untergriesbach<\/span>[\/vc_column_text][vc_column_text]<br \/>\n<strong><span class=\"tlid-translation translation\" lang=\"cs\"><span class=\"\" title=\"\">Sportovn\u00ed p\u0159\u00edjezd s:<\/span><\/span><\/strong><br \/>\n[\/vc_column_text][vc_column_text]<span class=\"tlid-translation translation\" lang=\"cs\"><span title=\"\">&#8211; na kole nebo<\/span><br \/>\n<span title=\"\">&#8211; inline brusle<\/span><br \/>\n<span class=\"\" title=\"\">&#8230; na dunajsk\u00e9 cyklostezce Passau-Linz-V\u00edde\u0148.<\/span><\/span>[\/vc_column_text][vc_column_text]<br \/>\n<span class=\"tlid-translation translation\" lang=\"cs\"><span title=\"\">\u010casov\u00fd rozvrh:<\/span><\/span><br \/>\n[\/vc_column_text][vc_column_text]<a href=\"https:\/\/www.donauregion.at\/\" target=\"_blank\" rel=\"noopener noreferrer\"><span class=\"tlid-translation translation\" lang=\"cs\"><span title=\"\">Trajekt do auta Obernzell<\/span><\/span><\/a><\/p>\n<p><a href=\"https:\/\/www.donauregion.at\/\" target=\"_blank\" rel=\"noopener noreferrer\"><span class=\"tlid-translation translation\" lang=\"cs\"><span class=\"\" title=\"\">Trajekt na kole Engelhartszell<\/span><\/span><\/a><\/p>\n<p><span class=\"tlid-translation translation\" lang=\"cs\"><span class=\"\" title=\"\">\u00a0<\/span><\/span>[\/vc_column_text][vc_column_text]<br \/>\n<strong><span class=\"tlid-translation translation\" lang=\"cs\"><span class=\"\" title=\"\">Parkov\u00e1n\u00ed na obou stran\u00e1ch Dunaje:<\/span><\/span><\/strong><br \/>\n[\/vc_column_text][vc_column_text]<\/p>\n<ul>\n<li><span class=\"tlid-translation translation\" lang=\"cs\"><span title=\"\">p\u0159\u00edmo p\u0159ed domem na \u0159ece nebo<\/span><\/span><\/li>\n<li><span class=\"tlid-translation translation\" lang=\"cs\"> <span title=\"\">v elektr\u00e1rn\u011b Jochenstein na rakousk\u00e9 stran\u011b<\/span><\/span><\/li>\n<\/ul>\n<p>[\/vc_column_text][\/vc_column][vc_column][\/vc_column][\/vc_row]<\/p>\n<\/div>","protected":false},"excerpt":{"rendered":"<p>[vc_row][vc_column][vc_column_text] P\u0159\u00edstup [\/vc_column_text][vc_empty_space][vc_column_text css=&#8221;&#8221;]Pokyny D\u016fm na \u0159ece je 25 km jihov\u00fdchodn\u011b od Pasova na severn\u00edm b\u0159ehu Dunaje.[\/vc_column_text][vc_single_image image=&#8221;6156&#8243; img_size=&#8221;large&#8221; onclick=&#8221;zoom&#8221;][vc_empty_space][vc_column_text] P\u0159ij\u00ed\u017ed\u011bj\u00edc\u00ed autem [\/vc_column_text][vc_column_text css=&#8221;&#8221;] z Passau \/ BAB3: p\u0159es Passau, na B 388 (lev\u00e1 strana Dunaje) p\u0159es Obernzell, sm\u011br Jochenstein, podle zna\u010dek od Linze: p\u0159es Nibelungenbundesstrasse B 130 (prav\u00e1 strana Dunaje) Pozn\u00e1mka: Mezi Pasovem a [&hellip;]<\/p>\n","protected":false},"author":1,"featured_media":0,"parent":6975,"menu_order":6,"comment_status":"closed","ping_status":"closed","template":"","meta":{"footnotes":""},"class_list":["post-7161","page","type-page","status-publish","hentry"],"yoast_head":"<!-- This site is optimized with the Yoast SEO plugin v27.4 - https:\/\/yoast.com\/product\/yoast-seo-wordpress\/ -->\n<title>p\u0159\u00edstup - Haus am Strom<\/title>\n<meta name=\"robots\" content=\"index, follow, max-snippet:-1, max-image-preview:large, max-video-preview:-1\" \/>\n<link rel=\"canonical\" href=\"https:\/\/www.hausamstrom.de\/cs\/sluzba\/pristup\/\" \/>\n<meta property=\"og:locale\" content=\"cs_CZ\" \/>\n<meta property=\"og:type\" content=\"article\" \/>\n<meta property=\"og:title\" content=\"p\u0159\u00edstup - Haus am Strom\" \/>\n<meta property=\"og:description\" content=\"[vc_row][vc_column][vc_column_text] P\u0159\u00edstup [\/vc_column_text][vc_empty_space][vc_column_text css=&#8221;&#8221;]Pokyny D\u016fm na \u0159ece je 25 km jihov\u00fdchodn\u011b od Pasova na severn\u00edm b\u0159ehu Dunaje.[\/vc_column_text][vc_single_image image=&#8221;6156&#8243; img_size=&#8221;large&#8221; onclick=&#8221;zoom&#8221;][vc_empty_space][vc_column_text] P\u0159ij\u00ed\u017ed\u011bj\u00edc\u00ed autem [\/vc_column_text][vc_column_text css=&#8221;&#8221;] z Passau \/ BAB3: p\u0159es Passau, na B 388 (lev\u00e1 strana Dunaje) p\u0159es Obernzell, sm\u011br Jochenstein, podle zna\u010dek od Linze: p\u0159es Nibelungenbundesstrasse B 130 (prav\u00e1 strana Dunaje) Pozn\u00e1mka: Mezi Pasovem a [&hellip;]\" \/>\n<meta property=\"og:url\" content=\"https:\/\/www.hausamstrom.de\/cs\/sluzba\/pristup\/\" \/>\n<meta property=\"og:site_name\" content=\"Haus am Strom\" \/>\n<meta property=\"article:publisher\" content=\"https:\/\/www.facebook.com\/hausamstrom\" \/>\n<meta property=\"article:modified_time\" content=\"2025-11-28T12:56:01+00:00\" \/>\n<meta name=\"twitter:card\" content=\"summary_large_image\" \/>\n<meta name=\"twitter:label1\" content=\"Odhadovan\u00e1 doba \u010dten\u00ed\" \/>\n\t<meta name=\"twitter:data1\" content=\"2 minuty\" \/>\n<script type=\"application\/ld+json\" class=\"yoast-schema-graph\">{\"@context\":\"https:\\\/\\\/schema.org\",\"@graph\":[{\"@type\":\"WebPage\",\"@id\":\"https:\\\/\\\/www.hausamstrom.de\\\/cs\\\/sluzba\\\/pristup\\\/\",\"url\":\"https:\\\/\\\/www.hausamstrom.de\\\/cs\\\/sluzba\\\/pristup\\\/\",\"name\":\"p\u0159\u00edstup - Haus am Strom\",\"isPartOf\":{\"@id\":\"https:\\\/\\\/www.hausamstrom.de\\\/de\\\/#website\"},\"datePublished\":\"2020-05-13T14:34:24+00:00\",\"dateModified\":\"2025-11-28T12:56:01+00:00\",\"breadcrumb\":{\"@id\":\"https:\\\/\\\/www.hausamstrom.de\\\/cs\\\/sluzba\\\/pristup\\\/#breadcrumb\"},\"inLanguage\":\"cs\",\"potentialAction\":[{\"@type\":\"ReadAction\",\"target\":[\"https:\\\/\\\/www.hausamstrom.de\\\/cs\\\/sluzba\\\/pristup\\\/\"]}]},{\"@type\":\"BreadcrumbList\",\"@id\":\"https:\\\/\\\/www.hausamstrom.de\\\/cs\\\/sluzba\\\/pristup\\\/#breadcrumb\",\"itemListElement\":[{\"@type\":\"ListItem\",\"position\":1,\"name\":\"Home\",\"item\":\"https:\\\/\\\/www.hausamstrom.de\\\/cs\\\/\"},{\"@type\":\"ListItem\",\"position\":2,\"name\":\"slu\u017eba\",\"item\":\"https:\\\/\\\/www.hausamstrom.de\\\/cs\\\/sluzba\\\/\"},{\"@type\":\"ListItem\",\"position\":3,\"name\":\"p\u0159\u00edstup\"}]},{\"@type\":\"WebSite\",\"@id\":\"https:\\\/\\\/www.hausamstrom.de\\\/de\\\/#website\",\"url\":\"https:\\\/\\\/www.hausamstrom.de\\\/de\\\/\",\"name\":\"Haus am Strom\",\"description\":\"Umweltbildungsstation im Passauer Donautal. Umweltbildung und Naturschutz f\u00fcr Kinder und Erwachsenen.\",\"publisher\":{\"@id\":\"https:\\\/\\\/www.hausamstrom.de\\\/de\\\/#organization\"},\"potentialAction\":[{\"@type\":\"SearchAction\",\"target\":{\"@type\":\"EntryPoint\",\"urlTemplate\":\"https:\\\/\\\/www.hausamstrom.de\\\/de\\\/?s={search_term_string}\"},\"query-input\":{\"@type\":\"PropertyValueSpecification\",\"valueRequired\":true,\"valueName\":\"search_term_string\"}}],\"inLanguage\":\"cs\"},{\"@type\":\"Organization\",\"@id\":\"https:\\\/\\\/www.hausamstrom.de\\\/de\\\/#organization\",\"name\":\"Haus am Strom\",\"url\":\"https:\\\/\\\/www.hausamstrom.de\\\/de\\\/\",\"logo\":{\"@type\":\"ImageObject\",\"inLanguage\":\"cs\",\"@id\":\"https:\\\/\\\/www.hausamstrom.de\\\/de\\\/#\\\/schema\\\/logo\\\/image\\\/\",\"url\":\"https:\\\/\\\/www.hausamstrom.de\\\/wp-content\\\/uploads\\\/2025\\\/06\\\/Logo-quadratisch-1024x1024.jpg\",\"contentUrl\":\"https:\\\/\\\/www.hausamstrom.de\\\/wp-content\\\/uploads\\\/2025\\\/06\\\/Logo-quadratisch-1024x1024.jpg\",\"width\":1024,\"height\":1024,\"caption\":\"Haus am Strom\"},\"image\":{\"@id\":\"https:\\\/\\\/www.hausamstrom.de\\\/de\\\/#\\\/schema\\\/logo\\\/image\\\/\"},\"sameAs\":[\"https:\\\/\\\/www.facebook.com\\\/hausamstrom\",\"https:\\\/\\\/www.instagram.com\\\/\"]}]}<\/script>\n<!-- \/ Yoast SEO plugin. -->","yoast_head_json":{"title":"p\u0159\u00edstup - Haus am Strom","robots":{"index":"index","follow":"follow","max-snippet":"max-snippet:-1","max-image-preview":"max-image-preview:large","max-video-preview":"max-video-preview:-1"},"canonical":"https:\/\/www.hausamstrom.de\/cs\/sluzba\/pristup\/","og_locale":"cs_CZ","og_type":"article","og_title":"p\u0159\u00edstup - Haus am Strom","og_description":"[vc_row][vc_column][vc_column_text] P\u0159\u00edstup [\/vc_column_text][vc_empty_space][vc_column_text css=&#8221;&#8221;]Pokyny D\u016fm na \u0159ece je 25 km jihov\u00fdchodn\u011b od Pasova na severn\u00edm b\u0159ehu Dunaje.[\/vc_column_text][vc_single_image image=&#8221;6156&#8243; img_size=&#8221;large&#8221; onclick=&#8221;zoom&#8221;][vc_empty_space][vc_column_text] P\u0159ij\u00ed\u017ed\u011bj\u00edc\u00ed autem [\/vc_column_text][vc_column_text css=&#8221;&#8221;] z Passau \/ BAB3: p\u0159es Passau, na B 388 (lev\u00e1 strana Dunaje) p\u0159es Obernzell, sm\u011br Jochenstein, podle zna\u010dek od Linze: p\u0159es Nibelungenbundesstrasse B 130 (prav\u00e1 strana Dunaje) Pozn\u00e1mka: Mezi Pasovem a [&hellip;]","og_url":"https:\/\/www.hausamstrom.de\/cs\/sluzba\/pristup\/","og_site_name":"Haus am Strom","article_publisher":"https:\/\/www.facebook.com\/hausamstrom","article_modified_time":"2025-11-28T12:56:01+00:00","twitter_card":"summary_large_image","twitter_misc":{"Odhadovan\u00e1 doba \u010dten\u00ed":"2 minuty"},"schema":{"@context":"https:\/\/schema.org","@graph":[{"@type":"WebPage","@id":"https:\/\/www.hausamstrom.de\/cs\/sluzba\/pristup\/","url":"https:\/\/www.hausamstrom.de\/cs\/sluzba\/pristup\/","name":"p\u0159\u00edstup - Haus am Strom","isPartOf":{"@id":"https:\/\/www.hausamstrom.de\/de\/#website"},"datePublished":"2020-05-13T14:34:24+00:00","dateModified":"2025-11-28T12:56:01+00:00","breadcrumb":{"@id":"https:\/\/www.hausamstrom.de\/cs\/sluzba\/pristup\/#breadcrumb"},"inLanguage":"cs","potentialAction":[{"@type":"ReadAction","target":["https:\/\/www.hausamstrom.de\/cs\/sluzba\/pristup\/"]}]},{"@type":"BreadcrumbList","@id":"https:\/\/www.hausamstrom.de\/cs\/sluzba\/pristup\/#breadcrumb","itemListElement":[{"@type":"ListItem","position":1,"name":"Home","item":"https:\/\/www.hausamstrom.de\/cs\/"},{"@type":"ListItem","position":2,"name":"slu\u017eba","item":"https:\/\/www.hausamstrom.de\/cs\/sluzba\/"},{"@type":"ListItem","position":3,"name":"p\u0159\u00edstup"}]},{"@type":"WebSite","@id":"https:\/\/www.hausamstrom.de\/de\/#website","url":"https:\/\/www.hausamstrom.de\/de\/","name":"Haus am Strom","description":"Umweltbildungsstation im Passauer Donautal. Umweltbildung und Naturschutz f\u00fcr Kinder und Erwachsenen.","publisher":{"@id":"https:\/\/www.hausamstrom.de\/de\/#organization"},"potentialAction":[{"@type":"SearchAction","target":{"@type":"EntryPoint","urlTemplate":"https:\/\/www.hausamstrom.de\/de\/?s={search_term_string}"},"query-input":{"@type":"PropertyValueSpecification","valueRequired":true,"valueName":"search_term_string"}}],"inLanguage":"cs"},{"@type":"Organization","@id":"https:\/\/www.hausamstrom.de\/de\/#organization","name":"Haus am Strom","url":"https:\/\/www.hausamstrom.de\/de\/","logo":{"@type":"ImageObject","inLanguage":"cs","@id":"https:\/\/www.hausamstrom.de\/de\/#\/schema\/logo\/image\/","url":"https:\/\/www.hausamstrom.de\/wp-content\/uploads\/2025\/06\/Logo-quadratisch-1024x1024.jpg","contentUrl":"https:\/\/www.hausamstrom.de\/wp-content\/uploads\/2025\/06\/Logo-quadratisch-1024x1024.jpg","width":1024,"height":1024,"caption":"Haus am Strom"},"image":{"@id":"https:\/\/www.hausamstrom.de\/de\/#\/schema\/logo\/image\/"},"sameAs":["https:\/\/www.facebook.com\/hausamstrom","https:\/\/www.instagram.com\/"]}]}},"_links":{"self":[{"href":"https:\/\/www.hausamstrom.de\/cs\/wp-json\/wp\/v2\/pages\/7161","targetHints":{"allow":["GET"]}}],"collection":[{"href":"https:\/\/www.hausamstrom.de\/cs\/wp-json\/wp\/v2\/pages"}],"about":[{"href":"https:\/\/www.hausamstrom.de\/cs\/wp-json\/wp\/v2\/types\/page"}],"author":[{"embeddable":true,"href":"https:\/\/www.hausamstrom.de\/cs\/wp-json\/wp\/v2\/users\/1"}],"replies":[{"embeddable":true,"href":"https:\/\/www.hausamstrom.de\/cs\/wp-json\/wp\/v2\/comments?post=7161"}],"version-history":[{"count":6,"href":"https:\/\/www.hausamstrom.de\/cs\/wp-json\/wp\/v2\/pages\/7161\/revisions"}],"predecessor-version":[{"id":13816,"href":"https:\/\/www.hausamstrom.de\/cs\/wp-json\/wp\/v2\/pages\/7161\/revisions\/13816"}],"up":[{"embeddable":true,"href":"https:\/\/www.hausamstrom.de\/cs\/wp-json\/wp\/v2\/pages\/6975"}],"wp:attachment":[{"href":"https:\/\/www.hausamstrom.de\/cs\/wp-json\/wp\/v2\/media?parent=7161"}],"curies":[{"name":"wp","href":"https:\/\/api.w.org\/{rel}","templated":true}]}}