{"id":7203,"date":"2020-05-15T11:21:30","date_gmt":"2020-05-15T09:21:30","guid":{"rendered":"https:\/\/www.hausamstrom.de\/sluzba\/deti-hrave\/"},"modified":"2025-11-28T13:11:28","modified_gmt":"2025-11-28T12:11:28","slug":"deti-hrave","status":"publish","type":"page","link":"https:\/\/www.hausamstrom.de\/cs\/sluzba\/deti-hrave\/","title":{"rendered":"D\u011bti \/ Hrav\u00e9"},"content":{"rendered":"<div class=\"wpb-content-wrapper\"><p>[vc_row][vc_column][vc_column_text]<\/p>\n<div class=\"csc-textpic-imagewrap\">Haus am Strom nab\u00edz\u00ed d\u011btem a rodin\u00e1m po cel\u00fd rok bohat\u00fd program. Kvalifikovan\u00ed supervizo\u0159i zaji\u0161\u0165uj\u00ed vzru\u0161uj\u00edc\u00ed, z\u00e1bavn\u00e9 a samoz\u0159ejm\u011b vzd\u011bl\u00e1vac\u00ed hodiny v dom\u011b a kolem domu na \u0159ece.<\/div>\n<p>[\/vc_column_text][\/vc_column][\/vc_row][vc_row][vc_column]<div id=\"1559494045995-93ff2db0-c191\" class=\"dt-sc-empty-space\"><\/div>[\/vc_column][\/vc_row][vc_row equal_height=&#8221;yes&#8221; content_placement=&#8221;middle&#8221;][vc_column width=&#8221;1\/2&#8243;][vc_single_image image=&#8221;6120&#8243; img_size=&#8221;large&#8221; alignment=&#8221;center&#8221;][vc_column_text]<\/p>\n<p><strong>D\u011btsk\u00e9 programy<\/strong><\/p>\n<p>Rezervujte d\u011btsk\u00e9 programy<\/p>\n<p>[\/vc_column_text][vc_btn title=&#8221;\u010c\u00edst d\u00e1le&#8221; color=&#8221;primary&#8221; css=&#8221;&#8221; link=&#8221;url:https%3A%2F%2Fhausamstrom.de%2Fprogramm%2Fbuchbares%2Fkinder%2F&#8221;][\/vc_column][vc_column width=&#8221;1\/2&#8243;][vc_single_image image=&#8221;5768&#8243; img_size=&#8221;medium&#8221; alignment=&#8221;center&#8221; css=&#8221;&#8221;][vc_column_text css=&#8221;&#8221;]<\/p>\n<h1>Omalov\u00e1nky<\/h1>\n<p><span class=\"Y2IQFc\" lang=\"cs\">Vybarv\u011bte smaragdov\u00e9ho je\u0161t\u011bra Siggiho a po\u0161lete n\u00e1m sv\u00e9 kresby!<\/span>[\/vc_column_text][vc_btn title=&#8221;\u010c\u00edst d\u00e1le&#8221; color=&#8221;primary&#8221; css=&#8221;&#8221; link=&#8221;url:https%3A%2F%2Fwww.hausamstrom.de%2Fde%2Fservice%2Fkinderspielerisches%2F918-2%2F&#8221;][\/vc_column][\/vc_row][vc_row][vc_column]<div id=\"1559494031398-5eb20c10-622c\" class=\"dt-sc-empty-space\"><\/div>[vc_separator]<div id=\"1559494389225-27dc72eb-0518\" class=\"dt-sc-empty-space\"><\/div>[\/vc_column][\/vc_row][vc_row equal_height=&#8221;yes&#8221; content_placement=&#8221;middle&#8221;][vc_column width=&#8221;1\/2&#8243;][vc_single_image image=&#8221;6122&#8243; img_size=&#8221;large&#8221; alignment=&#8221;center&#8221;][vc_column_text]<\/p>\n<h1>Vodn\u00ed puzzle &#8211; Spot\u0159eba vody denn\u011b<\/h1>\n<p>O\u0161emetn\u00e1 matematick\u00e1 h\u00e1danka o vod\u011b. Pokud najdete spr\u00e1vn\u00e9 \u0159e\u0161en\u00ed, napi\u0161te n\u00e1m dopis nebo e-mail. Mal\u00e1 pozornost na v\u00e1s \u010dek\u00e1 jako odm\u011bna za \u0159e\u0161en\u00ed!<\/p>\n<p>[\/vc_column_text][vc_btn title=&#8221;\u010c\u00edst d\u00e1le&#8221; color=&#8221;primary&#8221; css=&#8221;&#8221; link=&#8221;url:https%3A%2F%2Fhausamstrom.de%2Fservice%2Fkinderspielerisches%2Fwasser-raetsel%2F&#8221;][\/vc_column][vc_column width=&#8221;1\/2&#8243;][vc_single_image image=&#8221;6132&#8243; img_size=&#8221;medium&#8221; alignment=&#8221;center&#8221;][vc_column_text]<br \/>\n<span class=\"tlid-translation translation\" lang=\"cs\"><strong><span title=\"\">Chybov\u00e9 h\u00e1danky<\/span><\/strong><\/span><\/p>\n<p><span title=\"\">Kliknut\u00edm na obr\u00e1zek vlevo p\u0159ejdete na v\u00fdkresy, kde m\u016f\u017eete hledat rozd\u00edly.<\/span> <span title=\"\">Pokud m\u00e1te zvl\u00e1\u0161t\u011b z\u00e1jem a objev\u00edte 8 chyb, m\u016f\u017eete n\u00e1m objeven\u00e9 chyby napsat e-mailem (<a href=\"mailto:info@hausamstrom.de\">info(@)hausamstrom.de<\/a>) nebo n\u00e1m m\u016f\u017eete zaslat v\u00fdkresy po\u0161tou.<\/span>[\/vc_column_text][vc_btn title=&#8221;\u010c\u00edst d\u00e1le&#8221; color=&#8221;primary&#8221; css=&#8221;&#8221; link=&#8221;url:https%3A%2F%2Fhausamstrom.de%2Fservice%2Fkinderspielerisches%2Ffehlerraetsel%2F&#8221;][\/vc_column][\/vc_row][vc_row][vc_column]<div id=\"1559494393574-5976607e-12e7\" class=\"dt-sc-empty-space\"><\/div>[vc_separator]<div id=\"1559494393679-fa890085-7389\" class=\"dt-sc-empty-space\"><\/div>[\/vc_column][\/vc_row][vc_row equal_height=&#8221;yes&#8221; content_placement=&#8221;middle&#8221;][vc_column width=&#8221;1\/2&#8243;][vc_single_image image=&#8221;6124&#8243; img_size=&#8221;medium&#8221; alignment=&#8221;center&#8221;][vc_column_text]<br \/>\n<span class=\"tlid-translation translation\" lang=\"cs\"><strong><span title=\"\">Pam\u011b\u0165ov\u00e1 hra pro \u00fadol\u00ed Dunaje<\/span><\/strong><\/span><\/p>\n<p><span title=\"\">P\u0159i\u0159a\u010fte zv\u00ed\u0159at\u016fm jejich stanovi\u0161t\u011b.<\/span> <span class=\"\" title=\"\">Dozv\u00edte se n\u011bco o fascinuj\u00edc\u00ed rozmanitosti v \u00fadol\u00ed Passau Dunaj.<\/span>[\/vc_column_text][vc_btn title=&#8221;\u010c\u00edst d\u00e1le&#8221; color=&#8221;primary&#8221; css=&#8221;&#8221; link=&#8221;url:https%3A%2F%2Fhausamstrom.de%2Fmemory%2F&#8221;][\/vc_column][vc_column width=&#8221;1\/2&#8243;][vc_single_image image=&#8221;6123&#8243; img_size=&#8221;medium&#8221; alignment=&#8221;center&#8221;][vc_column_text]<\/p>\n<div class=\"result-shield-container tlid-copy-target\" tabindex=\"0\">\n<p><span class=\"tlid-translation translation\" lang=\"cs\"><strong><span title=\"\">Puzzle do \u00fadol\u00ed Dunaje<\/span><\/strong><\/span><\/p>\n<p><span class=\"\" title=\"\">H\u00e1dejte se prost\u0159ednictv\u00edm zvl\u00e1\u0161tnost\u00ed \u00fadol\u00ed Dunaje.<\/span><\/p>\n<\/div>\n<p>[\/vc_column_text][vc_btn title=&#8221;\u010c\u00edst d\u00e1le&#8221; color=&#8221;primary&#8221; css=&#8221;&#8221; link=&#8221;url:https%3A%2F%2Fhausamstrom.de%2Fservice%2Fkinderspielerisches%2Fdonautal-puzzle%2F&#8221;][\/vc_column][\/vc_row][vc_row][vc_column]<div id=\"1559494400394-02671ed3-f040\" class=\"dt-sc-empty-space\"><\/div>[vc_separator]<div id=\"1559494400460-7b676bf2-60f9\" class=\"dt-sc-empty-space\"><\/div>[\/vc_column][\/vc_row]<\/p>\n<\/div>","protected":false},"excerpt":{"rendered":"<p>[vc_row][vc_column][vc_column_text] Haus am Strom nab\u00edz\u00ed d\u011btem a rodin\u00e1m po cel\u00fd rok bohat\u00fd program. Kvalifikovan\u00ed supervizo\u0159i zaji\u0161\u0165uj\u00ed vzru\u0161uj\u00edc\u00ed, z\u00e1bavn\u00e9 a samoz\u0159ejm\u011b vzd\u011bl\u00e1vac\u00ed hodiny v dom\u011b a kolem domu na \u0159ece. [\/vc_column_text][\/vc_column][\/vc_row][vc_row][vc_column][\/vc_column][\/vc_row][vc_row equal_height=&#8221;yes&#8221; content_placement=&#8221;middle&#8221;][vc_column width=&#8221;1\/2&#8243;][vc_single_image image=&#8221;6120&#8243; img_size=&#8221;large&#8221; alignment=&#8221;center&#8221;][vc_column_text] D\u011btsk\u00e9 programy Rezervujte d\u011btsk\u00e9 programy [\/vc_column_text][vc_btn title=&#8221;\u010c\u00edst d\u00e1le&#8221; color=&#8221;primary&#8221; css=&#8221;&#8221; link=&#8221;url:https%3A%2F%2Fhausamstrom.de%2Fprogramm%2Fbuchbares%2Fkinder%2F&#8221;][\/vc_column][vc_column width=&#8221;1\/2&#8243;][vc_single_image image=&#8221;5768&#8243; img_size=&#8221;medium&#8221; alignment=&#8221;center&#8221; css=&#8221;&#8221;][vc_column_text css=&#8221;&#8221;] Omalov\u00e1nky Vybarv\u011bte [&hellip;]<\/p>\n","protected":false},"author":1,"featured_media":0,"parent":6975,"menu_order":1,"comment_status":"closed","ping_status":"closed","template":"","meta":{"footnotes":""},"class_list":["post-7203","page","type-page","status-publish","hentry"],"yoast_head":"<!-- This site is optimized with the Yoast SEO plugin v27.5 - https:\/\/yoast.com\/product\/yoast-seo-wordpress\/ -->\n<title>D\u011bti \/ Hrav\u00e9 - Haus am Strom<\/title>\n<meta name=\"robots\" content=\"index, follow, max-snippet:-1, max-image-preview:large, max-video-preview:-1\" \/>\n<link rel=\"canonical\" href=\"https:\/\/www.hausamstrom.de\/cs\/sluzba\/deti-hrave\/\" \/>\n<meta property=\"og:locale\" content=\"cs_CZ\" \/>\n<meta property=\"og:type\" content=\"article\" \/>\n<meta property=\"og:title\" content=\"D\u011bti \/ Hrav\u00e9 - Haus am Strom\" \/>\n<meta property=\"og:description\" content=\"[vc_row][vc_column][vc_column_text] Haus am Strom nab\u00edz\u00ed d\u011btem a rodin\u00e1m po cel\u00fd rok bohat\u00fd program. Kvalifikovan\u00ed supervizo\u0159i zaji\u0161\u0165uj\u00ed vzru\u0161uj\u00edc\u00ed, z\u00e1bavn\u00e9 a samoz\u0159ejm\u011b vzd\u011bl\u00e1vac\u00ed hodiny v dom\u011b a kolem domu na \u0159ece. [\/vc_column_text][\/vc_column][\/vc_row][vc_row][vc_column][\/vc_column][\/vc_row][vc_row equal_height=&#8221;yes&#8221; content_placement=&#8221;middle&#8221;][vc_column width=&#8221;1\/2&#8243;][vc_single_image image=&#8221;6120&#8243; img_size=&#8221;large&#8221; alignment=&#8221;center&#8221;][vc_column_text] D\u011btsk\u00e9 programy Rezervujte d\u011btsk\u00e9 programy [\/vc_column_text][vc_btn title=&#8221;\u010c\u00edst d\u00e1le&#8221; color=&#8221;primary&#8221; css=&#8221;&#8221; link=&#8221;url:https%3A%2F%2Fhausamstrom.de%2Fprogramm%2Fbuchbares%2Fkinder%2F&#8221;][\/vc_column][vc_column width=&#8221;1\/2&#8243;][vc_single_image image=&#8221;5768&#8243; img_size=&#8221;medium&#8221; alignment=&#8221;center&#8221; css=&#8221;&#8221;][vc_column_text css=&#8221;&#8221;] Omalov\u00e1nky Vybarv\u011bte [&hellip;]\" \/>\n<meta property=\"og:url\" content=\"https:\/\/www.hausamstrom.de\/cs\/sluzba\/deti-hrave\/\" \/>\n<meta property=\"og:site_name\" content=\"Haus am Strom\" \/>\n<meta property=\"article:publisher\" content=\"https:\/\/www.facebook.com\/hausamstrom\" \/>\n<meta property=\"article:modified_time\" content=\"2025-11-28T12:11:28+00:00\" \/>\n<meta name=\"twitter:card\" content=\"summary_large_image\" \/>\n<meta name=\"twitter:label1\" content=\"Odhadovan\u00e1 doba \u010dten\u00ed\" \/>\n\t<meta name=\"twitter:data1\" content=\"3 minuty\" \/>\n<script type=\"application\/ld+json\" class=\"yoast-schema-graph\">{\"@context\":\"https:\\\/\\\/schema.org\",\"@graph\":[{\"@type\":\"WebPage\",\"@id\":\"https:\\\/\\\/www.hausamstrom.de\\\/cs\\\/sluzba\\\/deti-hrave\\\/\",\"url\":\"https:\\\/\\\/www.hausamstrom.de\\\/cs\\\/sluzba\\\/deti-hrave\\\/\",\"name\":\"D\u011bti \\\/ Hrav\u00e9 - Haus am Strom\",\"isPartOf\":{\"@id\":\"https:\\\/\\\/www.hausamstrom.de\\\/de\\\/#website\"},\"datePublished\":\"2020-05-15T09:21:30+00:00\",\"dateModified\":\"2025-11-28T12:11:28+00:00\",\"breadcrumb\":{\"@id\":\"https:\\\/\\\/www.hausamstrom.de\\\/cs\\\/sluzba\\\/deti-hrave\\\/#breadcrumb\"},\"inLanguage\":\"cs\",\"potentialAction\":[{\"@type\":\"ReadAction\",\"target\":[\"https:\\\/\\\/www.hausamstrom.de\\\/cs\\\/sluzba\\\/deti-hrave\\\/\"]}]},{\"@type\":\"BreadcrumbList\",\"@id\":\"https:\\\/\\\/www.hausamstrom.de\\\/cs\\\/sluzba\\\/deti-hrave\\\/#breadcrumb\",\"itemListElement\":[{\"@type\":\"ListItem\",\"position\":1,\"name\":\"Home\",\"item\":\"https:\\\/\\\/www.hausamstrom.de\\\/cs\\\/\"},{\"@type\":\"ListItem\",\"position\":2,\"name\":\"slu\u017eba\",\"item\":\"https:\\\/\\\/www.hausamstrom.de\\\/cs\\\/sluzba\\\/\"},{\"@type\":\"ListItem\",\"position\":3,\"name\":\"D\u011bti \\\/ Hrav\u00e9\"}]},{\"@type\":\"WebSite\",\"@id\":\"https:\\\/\\\/www.hausamstrom.de\\\/de\\\/#website\",\"url\":\"https:\\\/\\\/www.hausamstrom.de\\\/de\\\/\",\"name\":\"Haus am Strom\",\"description\":\"Umweltbildungsstation im Passauer Donautal. Umweltbildung und Naturschutz f\u00fcr Kinder und Erwachsenen.\",\"publisher\":{\"@id\":\"https:\\\/\\\/www.hausamstrom.de\\\/de\\\/#organization\"},\"potentialAction\":[{\"@type\":\"SearchAction\",\"target\":{\"@type\":\"EntryPoint\",\"urlTemplate\":\"https:\\\/\\\/www.hausamstrom.de\\\/de\\\/?s={search_term_string}\"},\"query-input\":{\"@type\":\"PropertyValueSpecification\",\"valueRequired\":true,\"valueName\":\"search_term_string\"}}],\"inLanguage\":\"cs\"},{\"@type\":\"Organization\",\"@id\":\"https:\\\/\\\/www.hausamstrom.de\\\/de\\\/#organization\",\"name\":\"Haus am Strom\",\"url\":\"https:\\\/\\\/www.hausamstrom.de\\\/de\\\/\",\"logo\":{\"@type\":\"ImageObject\",\"inLanguage\":\"cs\",\"@id\":\"https:\\\/\\\/www.hausamstrom.de\\\/de\\\/#\\\/schema\\\/logo\\\/image\\\/\",\"url\":\"https:\\\/\\\/www.hausamstrom.de\\\/wp-content\\\/uploads\\\/2025\\\/06\\\/Logo-quadratisch-1024x1024.jpg\",\"contentUrl\":\"https:\\\/\\\/www.hausamstrom.de\\\/wp-content\\\/uploads\\\/2025\\\/06\\\/Logo-quadratisch-1024x1024.jpg\",\"width\":1024,\"height\":1024,\"caption\":\"Haus am Strom\"},\"image\":{\"@id\":\"https:\\\/\\\/www.hausamstrom.de\\\/de\\\/#\\\/schema\\\/logo\\\/image\\\/\"},\"sameAs\":[\"https:\\\/\\\/www.facebook.com\\\/hausamstrom\",\"https:\\\/\\\/www.instagram.com\\\/\"]}]}<\/script>\n<!-- \/ Yoast SEO plugin. -->","yoast_head_json":{"title":"D\u011bti \/ Hrav\u00e9 - Haus am Strom","robots":{"index":"index","follow":"follow","max-snippet":"max-snippet:-1","max-image-preview":"max-image-preview:large","max-video-preview":"max-video-preview:-1"},"canonical":"https:\/\/www.hausamstrom.de\/cs\/sluzba\/deti-hrave\/","og_locale":"cs_CZ","og_type":"article","og_title":"D\u011bti \/ Hrav\u00e9 - Haus am Strom","og_description":"[vc_row][vc_column][vc_column_text] Haus am Strom nab\u00edz\u00ed d\u011btem a rodin\u00e1m po cel\u00fd rok bohat\u00fd program. Kvalifikovan\u00ed supervizo\u0159i zaji\u0161\u0165uj\u00ed vzru\u0161uj\u00edc\u00ed, z\u00e1bavn\u00e9 a samoz\u0159ejm\u011b vzd\u011bl\u00e1vac\u00ed hodiny v dom\u011b a kolem domu na \u0159ece. [\/vc_column_text][\/vc_column][\/vc_row][vc_row][vc_column][\/vc_column][\/vc_row][vc_row equal_height=&#8221;yes&#8221; content_placement=&#8221;middle&#8221;][vc_column width=&#8221;1\/2&#8243;][vc_single_image image=&#8221;6120&#8243; img_size=&#8221;large&#8221; alignment=&#8221;center&#8221;][vc_column_text] D\u011btsk\u00e9 programy Rezervujte d\u011btsk\u00e9 programy [\/vc_column_text][vc_btn title=&#8221;\u010c\u00edst d\u00e1le&#8221; color=&#8221;primary&#8221; css=&#8221;&#8221; link=&#8221;url:https%3A%2F%2Fhausamstrom.de%2Fprogramm%2Fbuchbares%2Fkinder%2F&#8221;][\/vc_column][vc_column width=&#8221;1\/2&#8243;][vc_single_image image=&#8221;5768&#8243; img_size=&#8221;medium&#8221; alignment=&#8221;center&#8221; css=&#8221;&#8221;][vc_column_text css=&#8221;&#8221;] Omalov\u00e1nky Vybarv\u011bte [&hellip;]","og_url":"https:\/\/www.hausamstrom.de\/cs\/sluzba\/deti-hrave\/","og_site_name":"Haus am Strom","article_publisher":"https:\/\/www.facebook.com\/hausamstrom","article_modified_time":"2025-11-28T12:11:28+00:00","twitter_card":"summary_large_image","twitter_misc":{"Odhadovan\u00e1 doba \u010dten\u00ed":"3 minuty"},"schema":{"@context":"https:\/\/schema.org","@graph":[{"@type":"WebPage","@id":"https:\/\/www.hausamstrom.de\/cs\/sluzba\/deti-hrave\/","url":"https:\/\/www.hausamstrom.de\/cs\/sluzba\/deti-hrave\/","name":"D\u011bti \/ Hrav\u00e9 - Haus am Strom","isPartOf":{"@id":"https:\/\/www.hausamstrom.de\/de\/#website"},"datePublished":"2020-05-15T09:21:30+00:00","dateModified":"2025-11-28T12:11:28+00:00","breadcrumb":{"@id":"https:\/\/www.hausamstrom.de\/cs\/sluzba\/deti-hrave\/#breadcrumb"},"inLanguage":"cs","potentialAction":[{"@type":"ReadAction","target":["https:\/\/www.hausamstrom.de\/cs\/sluzba\/deti-hrave\/"]}]},{"@type":"BreadcrumbList","@id":"https:\/\/www.hausamstrom.de\/cs\/sluzba\/deti-hrave\/#breadcrumb","itemListElement":[{"@type":"ListItem","position":1,"name":"Home","item":"https:\/\/www.hausamstrom.de\/cs\/"},{"@type":"ListItem","position":2,"name":"slu\u017eba","item":"https:\/\/www.hausamstrom.de\/cs\/sluzba\/"},{"@type":"ListItem","position":3,"name":"D\u011bti \/ Hrav\u00e9"}]},{"@type":"WebSite","@id":"https:\/\/www.hausamstrom.de\/de\/#website","url":"https:\/\/www.hausamstrom.de\/de\/","name":"Haus am Strom","description":"Umweltbildungsstation im Passauer Donautal. Umweltbildung und Naturschutz f\u00fcr Kinder und Erwachsenen.","publisher":{"@id":"https:\/\/www.hausamstrom.de\/de\/#organization"},"potentialAction":[{"@type":"SearchAction","target":{"@type":"EntryPoint","urlTemplate":"https:\/\/www.hausamstrom.de\/de\/?s={search_term_string}"},"query-input":{"@type":"PropertyValueSpecification","valueRequired":true,"valueName":"search_term_string"}}],"inLanguage":"cs"},{"@type":"Organization","@id":"https:\/\/www.hausamstrom.de\/de\/#organization","name":"Haus am Strom","url":"https:\/\/www.hausamstrom.de\/de\/","logo":{"@type":"ImageObject","inLanguage":"cs","@id":"https:\/\/www.hausamstrom.de\/de\/#\/schema\/logo\/image\/","url":"https:\/\/www.hausamstrom.de\/wp-content\/uploads\/2025\/06\/Logo-quadratisch-1024x1024.jpg","contentUrl":"https:\/\/www.hausamstrom.de\/wp-content\/uploads\/2025\/06\/Logo-quadratisch-1024x1024.jpg","width":1024,"height":1024,"caption":"Haus am Strom"},"image":{"@id":"https:\/\/www.hausamstrom.de\/de\/#\/schema\/logo\/image\/"},"sameAs":["https:\/\/www.facebook.com\/hausamstrom","https:\/\/www.instagram.com\/"]}]}},"_links":{"self":[{"href":"https:\/\/www.hausamstrom.de\/cs\/wp-json\/wp\/v2\/pages\/7203","targetHints":{"allow":["GET"]}}],"collection":[{"href":"https:\/\/www.hausamstrom.de\/cs\/wp-json\/wp\/v2\/pages"}],"about":[{"href":"https:\/\/www.hausamstrom.de\/cs\/wp-json\/wp\/v2\/types\/page"}],"author":[{"embeddable":true,"href":"https:\/\/www.hausamstrom.de\/cs\/wp-json\/wp\/v2\/users\/1"}],"replies":[{"embeddable":true,"href":"https:\/\/www.hausamstrom.de\/cs\/wp-json\/wp\/v2\/comments?post=7203"}],"version-history":[{"count":6,"href":"https:\/\/www.hausamstrom.de\/cs\/wp-json\/wp\/v2\/pages\/7203\/revisions"}],"predecessor-version":[{"id":13809,"href":"https:\/\/www.hausamstrom.de\/cs\/wp-json\/wp\/v2\/pages\/7203\/revisions\/13809"}],"up":[{"embeddable":true,"href":"https:\/\/www.hausamstrom.de\/cs\/wp-json\/wp\/v2\/pages\/6975"}],"wp:attachment":[{"href":"https:\/\/www.hausamstrom.de\/cs\/wp-json\/wp\/v2\/media?parent=7203"}],"curies":[{"name":"wp","href":"https:\/\/api.w.org\/{rel}","templated":true}]}}