{"id":7206,"date":"2020-05-15T11:25:49","date_gmt":"2020-05-15T09:25:49","guid":{"rendered":"https:\/\/www.hausamstrom.de\/sluzba\/deti-hrave\/omalovanky\/"},"modified":"2020-05-15T11:25:49","modified_gmt":"2020-05-15T09:25:49","slug":"omalovanky","status":"publish","type":"page","link":"https:\/\/www.hausamstrom.de\/cs\/sluzba\/deti-hrave\/omalovanky\/","title":{"rendered":"omalov\u00e1nky"},"content":{"rendered":"<p><img loading=\"lazy\" decoding=\"async\" class=\"size-medium wp-image-919 alignleft\" src=\"https:\/\/www.hausamstrom.de\/wp-content\/uploads\/2016\/04\/csm_Eidechse_010_Ausmalvorlage_fd36e940c3-400x357.jpg\" alt=\"csm_Eidechse_010_Ausmalvorlage_fd36e940c3\" width=\"400\" height=\"357\" srcset=\"https:\/\/www.hausamstrom.de\/wp-content\/uploads\/2016\/04\/csm_Eidechse_010_Ausmalvorlage_fd36e940c3-400x357.jpg 400w, https:\/\/www.hausamstrom.de\/wp-content\/uploads\/2016\/04\/csm_Eidechse_010_Ausmalvorlage_fd36e940c3.jpg 672w\" sizes=\"auto, (max-width: 400px) 100vw, 400px\" \/><\/p>\n<p><span class=\"tlid-translation translation\" lang=\"cs\"><span class=\"\" title=\"\">Siggi, namalovej smaragdovou je\u0161t\u011brku podle sv\u00fdch p\u0159edstav a po\u0161lete n\u00e1m sv\u00e9 fotografie.<\/span> <span class=\"\" title=\"\">M\u016f\u017eete obr\u00e1zek vytisknout a obarvit nebo jej dokonce vyt\u00e1hnout.<\/span> <span title=\"\">T\u011b\u0161\u00edme se na va\u0161e fotografie.<\/span><\/p>\n<p><span class=\"\" title=\"\">Samoz\u0159ejm\u011b dostanete tak\u00e9 mal\u00e9 pod\u011bkov\u00e1n\u00ed za va\u0161e \u00fasil\u00ed.<\/span><\/p>\n<p><span class=\"\" title=\"\">Tak\u017ee na zbarven\u00ed!<\/span><\/span><\/p>\n<p><img loading=\"lazy\" decoding=\"async\" class=\"size-medium wp-image-920 alignleft\" src=\"https:\/\/www.hausamstrom.de\/wp-content\/uploads\/2016\/04\/Eidechse_001_Ausmalvorlage-400x348.jpg\" alt=\"Eidechse_001_Ausmalvorlage\" width=\"400\" height=\"348\" srcset=\"https:\/\/www.hausamstrom.de\/wp-content\/uploads\/2016\/04\/Eidechse_001_Ausmalvorlage-400x348.jpg 400w, https:\/\/www.hausamstrom.de\/wp-content\/uploads\/2016\/04\/Eidechse_001_Ausmalvorlage-1024x890.jpg 1024w\" sizes=\"auto, (max-width: 400px) 100vw, 400px\" \/><\/p>\n","protected":false},"excerpt":{"rendered":"<p>Siggi, namalovej smaragdovou je\u0161t\u011brku podle sv\u00fdch p\u0159edstav a po\u0161lete n\u00e1m sv\u00e9 fotografie. M\u016f\u017eete obr\u00e1zek vytisknout a obarvit nebo jej dokonce vyt\u00e1hnout. T\u011b\u0161\u00edme se na va\u0161e fotografie. Samoz\u0159ejm\u011b dostanete tak\u00e9 mal\u00e9 pod\u011bkov\u00e1n\u00ed za va\u0161e \u00fasil\u00ed. Tak\u017ee na zbarven\u00ed!<\/p>\n","protected":false},"author":1,"featured_media":0,"parent":7203,"menu_order":0,"comment_status":"closed","ping_status":"closed","template":"","meta":{"footnotes":""},"class_list":["post-7206","page","type-page","status-publish","hentry"],"yoast_head":"<!-- This site is optimized with the Yoast SEO plugin v27.5 - https:\/\/yoast.com\/product\/yoast-seo-wordpress\/ -->\n<title>omalov\u00e1nky - Haus am Strom<\/title>\n<meta name=\"robots\" content=\"index, follow, max-snippet:-1, max-image-preview:large, max-video-preview:-1\" \/>\n<link rel=\"canonical\" href=\"https:\/\/www.hausamstrom.de\/cs\/sluzba\/deti-hrave\/omalovanky\/\" \/>\n<meta property=\"og:locale\" content=\"cs_CZ\" \/>\n<meta property=\"og:type\" content=\"article\" \/>\n<meta property=\"og:title\" content=\"omalov\u00e1nky - Haus am Strom\" \/>\n<meta property=\"og:description\" content=\"Siggi, namalovej smaragdovou je\u0161t\u011brku podle sv\u00fdch p\u0159edstav a po\u0161lete n\u00e1m sv\u00e9 fotografie. M\u016f\u017eete obr\u00e1zek vytisknout a obarvit nebo jej dokonce vyt\u00e1hnout. T\u011b\u0161\u00edme se na va\u0161e fotografie. Samoz\u0159ejm\u011b dostanete tak\u00e9 mal\u00e9 pod\u011bkov\u00e1n\u00ed za va\u0161e \u00fasil\u00ed. Tak\u017ee na zbarven\u00ed!\" \/>\n<meta property=\"og:url\" content=\"https:\/\/www.hausamstrom.de\/cs\/sluzba\/deti-hrave\/omalovanky\/\" \/>\n<meta property=\"og:site_name\" content=\"Haus am Strom\" \/>\n<meta property=\"article:publisher\" content=\"https:\/\/www.facebook.com\/hausamstrom\" \/>\n<meta property=\"og:image\" content=\"https:\/\/www.hausamstrom.de\/wp-content\/uploads\/2016\/04\/csm_Eidechse_010_Ausmalvorlage_fd36e940c3-400x357.jpg\" \/>\n<meta name=\"twitter:card\" content=\"summary_large_image\" \/>\n<script type=\"application\/ld+json\" class=\"yoast-schema-graph\">{\"@context\":\"https:\\\/\\\/schema.org\",\"@graph\":[{\"@type\":\"WebPage\",\"@id\":\"https:\\\/\\\/www.hausamstrom.de\\\/cs\\\/sluzba\\\/deti-hrave\\\/omalovanky\\\/\",\"url\":\"https:\\\/\\\/www.hausamstrom.de\\\/cs\\\/sluzba\\\/deti-hrave\\\/omalovanky\\\/\",\"name\":\"omalov\u00e1nky - Haus am Strom\",\"isPartOf\":{\"@id\":\"https:\\\/\\\/www.hausamstrom.de\\\/de\\\/#website\"},\"primaryImageOfPage\":{\"@id\":\"https:\\\/\\\/www.hausamstrom.de\\\/cs\\\/sluzba\\\/deti-hrave\\\/omalovanky\\\/#primaryimage\"},\"image\":{\"@id\":\"https:\\\/\\\/www.hausamstrom.de\\\/cs\\\/sluzba\\\/deti-hrave\\\/omalovanky\\\/#primaryimage\"},\"thumbnailUrl\":\"https:\\\/\\\/www.hausamstrom.de\\\/wp-content\\\/uploads\\\/2016\\\/04\\\/csm_Eidechse_010_Ausmalvorlage_fd36e940c3-400x357.jpg\",\"datePublished\":\"2020-05-15T09:25:49+00:00\",\"breadcrumb\":{\"@id\":\"https:\\\/\\\/www.hausamstrom.de\\\/cs\\\/sluzba\\\/deti-hrave\\\/omalovanky\\\/#breadcrumb\"},\"inLanguage\":\"cs\",\"potentialAction\":[{\"@type\":\"ReadAction\",\"target\":[\"https:\\\/\\\/www.hausamstrom.de\\\/cs\\\/sluzba\\\/deti-hrave\\\/omalovanky\\\/\"]}]},{\"@type\":\"ImageObject\",\"inLanguage\":\"cs\",\"@id\":\"https:\\\/\\\/www.hausamstrom.de\\\/cs\\\/sluzba\\\/deti-hrave\\\/omalovanky\\\/#primaryimage\",\"url\":\"https:\\\/\\\/www.hausamstrom.de\\\/wp-content\\\/uploads\\\/2016\\\/04\\\/csm_Eidechse_010_Ausmalvorlage_fd36e940c3-400x357.jpg\",\"contentUrl\":\"https:\\\/\\\/www.hausamstrom.de\\\/wp-content\\\/uploads\\\/2016\\\/04\\\/csm_Eidechse_010_Ausmalvorlage_fd36e940c3-400x357.jpg\"},{\"@type\":\"BreadcrumbList\",\"@id\":\"https:\\\/\\\/www.hausamstrom.de\\\/cs\\\/sluzba\\\/deti-hrave\\\/omalovanky\\\/#breadcrumb\",\"itemListElement\":[{\"@type\":\"ListItem\",\"position\":1,\"name\":\"Home\",\"item\":\"https:\\\/\\\/www.hausamstrom.de\\\/cs\\\/\"},{\"@type\":\"ListItem\",\"position\":2,\"name\":\"slu\u017eba\",\"item\":\"https:\\\/\\\/www.hausamstrom.de\\\/cs\\\/sluzba\\\/\"},{\"@type\":\"ListItem\",\"position\":3,\"name\":\"D\u011bti \\\/ Hrav\u00e9\",\"item\":\"https:\\\/\\\/www.hausamstrom.de\\\/cs\\\/sluzba\\\/deti-hrave\\\/\"},{\"@type\":\"ListItem\",\"position\":4,\"name\":\"omalov\u00e1nky\"}]},{\"@type\":\"WebSite\",\"@id\":\"https:\\\/\\\/www.hausamstrom.de\\\/de\\\/#website\",\"url\":\"https:\\\/\\\/www.hausamstrom.de\\\/de\\\/\",\"name\":\"Haus am Strom\",\"description\":\"Umweltbildungsstation im Passauer Donautal. Umweltbildung und Naturschutz f\u00fcr Kinder und Erwachsenen.\",\"publisher\":{\"@id\":\"https:\\\/\\\/www.hausamstrom.de\\\/de\\\/#organization\"},\"potentialAction\":[{\"@type\":\"SearchAction\",\"target\":{\"@type\":\"EntryPoint\",\"urlTemplate\":\"https:\\\/\\\/www.hausamstrom.de\\\/de\\\/?s={search_term_string}\"},\"query-input\":{\"@type\":\"PropertyValueSpecification\",\"valueRequired\":true,\"valueName\":\"search_term_string\"}}],\"inLanguage\":\"cs\"},{\"@type\":\"Organization\",\"@id\":\"https:\\\/\\\/www.hausamstrom.de\\\/de\\\/#organization\",\"name\":\"Haus am Strom\",\"url\":\"https:\\\/\\\/www.hausamstrom.de\\\/de\\\/\",\"logo\":{\"@type\":\"ImageObject\",\"inLanguage\":\"cs\",\"@id\":\"https:\\\/\\\/www.hausamstrom.de\\\/de\\\/#\\\/schema\\\/logo\\\/image\\\/\",\"url\":\"https:\\\/\\\/www.hausamstrom.de\\\/wp-content\\\/uploads\\\/2025\\\/06\\\/Logo-quadratisch-1024x1024.jpg\",\"contentUrl\":\"https:\\\/\\\/www.hausamstrom.de\\\/wp-content\\\/uploads\\\/2025\\\/06\\\/Logo-quadratisch-1024x1024.jpg\",\"width\":1024,\"height\":1024,\"caption\":\"Haus am Strom\"},\"image\":{\"@id\":\"https:\\\/\\\/www.hausamstrom.de\\\/de\\\/#\\\/schema\\\/logo\\\/image\\\/\"},\"sameAs\":[\"https:\\\/\\\/www.facebook.com\\\/hausamstrom\",\"https:\\\/\\\/www.instagram.com\\\/\"]}]}<\/script>\n<!-- \/ Yoast SEO plugin. -->","yoast_head_json":{"title":"omalov\u00e1nky - Haus am Strom","robots":{"index":"index","follow":"follow","max-snippet":"max-snippet:-1","max-image-preview":"max-image-preview:large","max-video-preview":"max-video-preview:-1"},"canonical":"https:\/\/www.hausamstrom.de\/cs\/sluzba\/deti-hrave\/omalovanky\/","og_locale":"cs_CZ","og_type":"article","og_title":"omalov\u00e1nky - Haus am Strom","og_description":"Siggi, namalovej smaragdovou je\u0161t\u011brku podle sv\u00fdch p\u0159edstav a po\u0161lete n\u00e1m sv\u00e9 fotografie. M\u016f\u017eete obr\u00e1zek vytisknout a obarvit nebo jej dokonce vyt\u00e1hnout. T\u011b\u0161\u00edme se na va\u0161e fotografie. Samoz\u0159ejm\u011b dostanete tak\u00e9 mal\u00e9 pod\u011bkov\u00e1n\u00ed za va\u0161e \u00fasil\u00ed. Tak\u017ee na zbarven\u00ed!","og_url":"https:\/\/www.hausamstrom.de\/cs\/sluzba\/deti-hrave\/omalovanky\/","og_site_name":"Haus am Strom","article_publisher":"https:\/\/www.facebook.com\/hausamstrom","og_image":[{"url":"https:\/\/www.hausamstrom.de\/wp-content\/uploads\/2016\/04\/csm_Eidechse_010_Ausmalvorlage_fd36e940c3-400x357.jpg","type":"","width":"","height":""}],"twitter_card":"summary_large_image","schema":{"@context":"https:\/\/schema.org","@graph":[{"@type":"WebPage","@id":"https:\/\/www.hausamstrom.de\/cs\/sluzba\/deti-hrave\/omalovanky\/","url":"https:\/\/www.hausamstrom.de\/cs\/sluzba\/deti-hrave\/omalovanky\/","name":"omalov\u00e1nky - Haus am Strom","isPartOf":{"@id":"https:\/\/www.hausamstrom.de\/de\/#website"},"primaryImageOfPage":{"@id":"https:\/\/www.hausamstrom.de\/cs\/sluzba\/deti-hrave\/omalovanky\/#primaryimage"},"image":{"@id":"https:\/\/www.hausamstrom.de\/cs\/sluzba\/deti-hrave\/omalovanky\/#primaryimage"},"thumbnailUrl":"https:\/\/www.hausamstrom.de\/wp-content\/uploads\/2016\/04\/csm_Eidechse_010_Ausmalvorlage_fd36e940c3-400x357.jpg","datePublished":"2020-05-15T09:25:49+00:00","breadcrumb":{"@id":"https:\/\/www.hausamstrom.de\/cs\/sluzba\/deti-hrave\/omalovanky\/#breadcrumb"},"inLanguage":"cs","potentialAction":[{"@type":"ReadAction","target":["https:\/\/www.hausamstrom.de\/cs\/sluzba\/deti-hrave\/omalovanky\/"]}]},{"@type":"ImageObject","inLanguage":"cs","@id":"https:\/\/www.hausamstrom.de\/cs\/sluzba\/deti-hrave\/omalovanky\/#primaryimage","url":"https:\/\/www.hausamstrom.de\/wp-content\/uploads\/2016\/04\/csm_Eidechse_010_Ausmalvorlage_fd36e940c3-400x357.jpg","contentUrl":"https:\/\/www.hausamstrom.de\/wp-content\/uploads\/2016\/04\/csm_Eidechse_010_Ausmalvorlage_fd36e940c3-400x357.jpg"},{"@type":"BreadcrumbList","@id":"https:\/\/www.hausamstrom.de\/cs\/sluzba\/deti-hrave\/omalovanky\/#breadcrumb","itemListElement":[{"@type":"ListItem","position":1,"name":"Home","item":"https:\/\/www.hausamstrom.de\/cs\/"},{"@type":"ListItem","position":2,"name":"slu\u017eba","item":"https:\/\/www.hausamstrom.de\/cs\/sluzba\/"},{"@type":"ListItem","position":3,"name":"D\u011bti \/ Hrav\u00e9","item":"https:\/\/www.hausamstrom.de\/cs\/sluzba\/deti-hrave\/"},{"@type":"ListItem","position":4,"name":"omalov\u00e1nky"}]},{"@type":"WebSite","@id":"https:\/\/www.hausamstrom.de\/de\/#website","url":"https:\/\/www.hausamstrom.de\/de\/","name":"Haus am Strom","description":"Umweltbildungsstation im Passauer Donautal. Umweltbildung und Naturschutz f\u00fcr Kinder und Erwachsenen.","publisher":{"@id":"https:\/\/www.hausamstrom.de\/de\/#organization"},"potentialAction":[{"@type":"SearchAction","target":{"@type":"EntryPoint","urlTemplate":"https:\/\/www.hausamstrom.de\/de\/?s={search_term_string}"},"query-input":{"@type":"PropertyValueSpecification","valueRequired":true,"valueName":"search_term_string"}}],"inLanguage":"cs"},{"@type":"Organization","@id":"https:\/\/www.hausamstrom.de\/de\/#organization","name":"Haus am Strom","url":"https:\/\/www.hausamstrom.de\/de\/","logo":{"@type":"ImageObject","inLanguage":"cs","@id":"https:\/\/www.hausamstrom.de\/de\/#\/schema\/logo\/image\/","url":"https:\/\/www.hausamstrom.de\/wp-content\/uploads\/2025\/06\/Logo-quadratisch-1024x1024.jpg","contentUrl":"https:\/\/www.hausamstrom.de\/wp-content\/uploads\/2025\/06\/Logo-quadratisch-1024x1024.jpg","width":1024,"height":1024,"caption":"Haus am Strom"},"image":{"@id":"https:\/\/www.hausamstrom.de\/de\/#\/schema\/logo\/image\/"},"sameAs":["https:\/\/www.facebook.com\/hausamstrom","https:\/\/www.instagram.com\/"]}]}},"_links":{"self":[{"href":"https:\/\/www.hausamstrom.de\/cs\/wp-json\/wp\/v2\/pages\/7206","targetHints":{"allow":["GET"]}}],"collection":[{"href":"https:\/\/www.hausamstrom.de\/cs\/wp-json\/wp\/v2\/pages"}],"about":[{"href":"https:\/\/www.hausamstrom.de\/cs\/wp-json\/wp\/v2\/types\/page"}],"author":[{"embeddable":true,"href":"https:\/\/www.hausamstrom.de\/cs\/wp-json\/wp\/v2\/users\/1"}],"replies":[{"embeddable":true,"href":"https:\/\/www.hausamstrom.de\/cs\/wp-json\/wp\/v2\/comments?post=7206"}],"version-history":[{"count":0,"href":"https:\/\/www.hausamstrom.de\/cs\/wp-json\/wp\/v2\/pages\/7206\/revisions"}],"up":[{"embeddable":true,"href":"https:\/\/www.hausamstrom.de\/cs\/wp-json\/wp\/v2\/pages\/7203"}],"wp:attachment":[{"href":"https:\/\/www.hausamstrom.de\/cs\/wp-json\/wp\/v2\/media?parent=7206"}],"curies":[{"name":"wp","href":"https:\/\/api.w.org\/{rel}","templated":true}]}}