{"id":7221,"date":"2020-05-15T11:55:44","date_gmt":"2020-05-15T09:55:44","guid":{"rendered":"https:\/\/www.hausamstrom.de\/sluzba\/deti-hrave\/voda-mystery\/"},"modified":"2020-05-15T12:02:19","modified_gmt":"2020-05-15T10:02:19","slug":"voda-mystery","status":"publish","type":"page","link":"https:\/\/www.hausamstrom.de\/cs\/sluzba\/deti-hrave\/voda-mystery\/","title":{"rendered":"Voda Mystery"},"content":{"rendered":"<p><strong><span class=\"tlid-translation translation\" lang=\"cs\"><span title=\"\">Vypo\u010d\u00edt\u00e1 spot\u0159ebu vody za den.<\/span><\/span><\/strong><\/p>\n<p><img loading=\"lazy\" decoding=\"async\" class=\"alignnone wp-image-2328\" src=\"https:\/\/www.hausamstrom.de\/wp-content\/uploads\/2016\/02\/Wasserraetsel-400x306.jpg\" alt=\"wasserraetsel\" width=\"508\" height=\"389\" srcset=\"https:\/\/www.hausamstrom.de\/wp-content\/uploads\/2016\/02\/Wasserraetsel-400x306.jpg 400w, https:\/\/www.hausamstrom.de\/wp-content\/uploads\/2016\/02\/Wasserraetsel-1024x784.jpg 1024w, https:\/\/www.hausamstrom.de\/wp-content\/uploads\/2016\/02\/Wasserraetsel.jpg 1335w\" sizes=\"auto, (max-width: 508px) 100vw, 508px\" \/><\/p>\n<p><span class=\"tlid-translation translation\" lang=\"cs\"><span title=\"\">Sd\u011blte n\u00e1m sv\u00e9 \u0159e\u0161en\u00ed zasl\u00e1n\u00edm e-mailu (info (@) hausamstrom.de) nebo dopisem.<\/span><\/p>\n<p><span title=\"\">Dostanete malou pozornost na spr\u00e1vn\u00e9 \u0159e\u0161en\u00ed!<\/span><\/span><\/p>\n<p>&nbsp;<\/p>\n","protected":false},"excerpt":{"rendered":"<p>Vypo\u010d\u00edt\u00e1 spot\u0159ebu vody za den. Sd\u011blte n\u00e1m sv\u00e9 \u0159e\u0161en\u00ed zasl\u00e1n\u00edm e-mailu (info (@) hausamstrom.de) nebo dopisem. Dostanete malou pozornost na spr\u00e1vn\u00e9 \u0159e\u0161en\u00ed! &nbsp;<\/p>\n","protected":false},"author":1,"featured_media":0,"parent":7203,"menu_order":0,"comment_status":"closed","ping_status":"closed","template":"","meta":{"footnotes":""},"class_list":["post-7221","page","type-page","status-publish","hentry"],"yoast_head":"<!-- This site is optimized with the Yoast SEO plugin v27.3 - https:\/\/yoast.com\/product\/yoast-seo-wordpress\/ -->\n<title>Voda Mystery - Haus am Strom<\/title>\n<meta name=\"robots\" content=\"index, follow, max-snippet:-1, max-image-preview:large, max-video-preview:-1\" \/>\n<link rel=\"canonical\" href=\"https:\/\/www.hausamstrom.de\/cs\/sluzba\/deti-hrave\/voda-mystery\/\" \/>\n<meta property=\"og:locale\" content=\"cs_CZ\" \/>\n<meta property=\"og:type\" content=\"article\" \/>\n<meta property=\"og:title\" content=\"Voda Mystery - Haus am Strom\" \/>\n<meta property=\"og:description\" content=\"Vypo\u010d\u00edt\u00e1 spot\u0159ebu vody za den. Sd\u011blte n\u00e1m sv\u00e9 \u0159e\u0161en\u00ed zasl\u00e1n\u00edm e-mailu (info (@) hausamstrom.de) nebo dopisem. Dostanete malou pozornost na spr\u00e1vn\u00e9 \u0159e\u0161en\u00ed! &nbsp;\" \/>\n<meta property=\"og:url\" content=\"https:\/\/www.hausamstrom.de\/cs\/sluzba\/deti-hrave\/voda-mystery\/\" \/>\n<meta property=\"og:site_name\" content=\"Haus am Strom\" \/>\n<meta property=\"article:publisher\" content=\"https:\/\/www.facebook.com\/hausamstrom\" \/>\n<meta property=\"article:modified_time\" content=\"2020-05-15T10:02:19+00:00\" \/>\n<meta property=\"og:image\" content=\"https:\/\/www.hausamstrom.de\/wp-content\/uploads\/2016\/02\/Wasserraetsel-400x306.jpg\" \/>\n<meta name=\"twitter:card\" content=\"summary_large_image\" \/>\n<script type=\"application\/ld+json\" class=\"yoast-schema-graph\">{\"@context\":\"https:\\\/\\\/schema.org\",\"@graph\":[{\"@type\":\"WebPage\",\"@id\":\"https:\\\/\\\/www.hausamstrom.de\\\/cs\\\/sluzba\\\/deti-hrave\\\/voda-mystery\\\/\",\"url\":\"https:\\\/\\\/www.hausamstrom.de\\\/cs\\\/sluzba\\\/deti-hrave\\\/voda-mystery\\\/\",\"name\":\"Voda Mystery - Haus am Strom\",\"isPartOf\":{\"@id\":\"https:\\\/\\\/www.hausamstrom.de\\\/de\\\/#website\"},\"primaryImageOfPage\":{\"@id\":\"https:\\\/\\\/www.hausamstrom.de\\\/cs\\\/sluzba\\\/deti-hrave\\\/voda-mystery\\\/#primaryimage\"},\"image\":{\"@id\":\"https:\\\/\\\/www.hausamstrom.de\\\/cs\\\/sluzba\\\/deti-hrave\\\/voda-mystery\\\/#primaryimage\"},\"thumbnailUrl\":\"https:\\\/\\\/www.hausamstrom.de\\\/wp-content\\\/uploads\\\/2016\\\/02\\\/Wasserraetsel-400x306.jpg\",\"datePublished\":\"2020-05-15T09:55:44+00:00\",\"dateModified\":\"2020-05-15T10:02:19+00:00\",\"breadcrumb\":{\"@id\":\"https:\\\/\\\/www.hausamstrom.de\\\/cs\\\/sluzba\\\/deti-hrave\\\/voda-mystery\\\/#breadcrumb\"},\"inLanguage\":\"cs\",\"potentialAction\":[{\"@type\":\"ReadAction\",\"target\":[\"https:\\\/\\\/www.hausamstrom.de\\\/cs\\\/sluzba\\\/deti-hrave\\\/voda-mystery\\\/\"]}]},{\"@type\":\"ImageObject\",\"inLanguage\":\"cs\",\"@id\":\"https:\\\/\\\/www.hausamstrom.de\\\/cs\\\/sluzba\\\/deti-hrave\\\/voda-mystery\\\/#primaryimage\",\"url\":\"https:\\\/\\\/www.hausamstrom.de\\\/wp-content\\\/uploads\\\/2016\\\/02\\\/Wasserraetsel-400x306.jpg\",\"contentUrl\":\"https:\\\/\\\/www.hausamstrom.de\\\/wp-content\\\/uploads\\\/2016\\\/02\\\/Wasserraetsel-400x306.jpg\"},{\"@type\":\"BreadcrumbList\",\"@id\":\"https:\\\/\\\/www.hausamstrom.de\\\/cs\\\/sluzba\\\/deti-hrave\\\/voda-mystery\\\/#breadcrumb\",\"itemListElement\":[{\"@type\":\"ListItem\",\"position\":1,\"name\":\"Home\",\"item\":\"https:\\\/\\\/www.hausamstrom.de\\\/cs\\\/\"},{\"@type\":\"ListItem\",\"position\":2,\"name\":\"slu\u017eba\",\"item\":\"https:\\\/\\\/www.hausamstrom.de\\\/cs\\\/sluzba\\\/\"},{\"@type\":\"ListItem\",\"position\":3,\"name\":\"D\u011bti \\\/ Hrav\u00e9\",\"item\":\"https:\\\/\\\/www.hausamstrom.de\\\/cs\\\/sluzba\\\/deti-hrave\\\/\"},{\"@type\":\"ListItem\",\"position\":4,\"name\":\"Voda Mystery\"}]},{\"@type\":\"WebSite\",\"@id\":\"https:\\\/\\\/www.hausamstrom.de\\\/de\\\/#website\",\"url\":\"https:\\\/\\\/www.hausamstrom.de\\\/de\\\/\",\"name\":\"Haus am Strom\",\"description\":\"Umweltbildungsstation im Passauer Donautal. Umweltbildung und Naturschutz f\u00fcr Kinder und Erwachsenen.\",\"publisher\":{\"@id\":\"https:\\\/\\\/www.hausamstrom.de\\\/de\\\/#organization\"},\"potentialAction\":[{\"@type\":\"SearchAction\",\"target\":{\"@type\":\"EntryPoint\",\"urlTemplate\":\"https:\\\/\\\/www.hausamstrom.de\\\/de\\\/?s={search_term_string}\"},\"query-input\":{\"@type\":\"PropertyValueSpecification\",\"valueRequired\":true,\"valueName\":\"search_term_string\"}}],\"inLanguage\":\"cs\"},{\"@type\":\"Organization\",\"@id\":\"https:\\\/\\\/www.hausamstrom.de\\\/de\\\/#organization\",\"name\":\"Haus am Strom\",\"url\":\"https:\\\/\\\/www.hausamstrom.de\\\/de\\\/\",\"logo\":{\"@type\":\"ImageObject\",\"inLanguage\":\"cs\",\"@id\":\"https:\\\/\\\/www.hausamstrom.de\\\/de\\\/#\\\/schema\\\/logo\\\/image\\\/\",\"url\":\"https:\\\/\\\/www.hausamstrom.de\\\/wp-content\\\/uploads\\\/2025\\\/06\\\/Logo-quadratisch-1024x1024.jpg\",\"contentUrl\":\"https:\\\/\\\/www.hausamstrom.de\\\/wp-content\\\/uploads\\\/2025\\\/06\\\/Logo-quadratisch-1024x1024.jpg\",\"width\":1024,\"height\":1024,\"caption\":\"Haus am Strom\"},\"image\":{\"@id\":\"https:\\\/\\\/www.hausamstrom.de\\\/de\\\/#\\\/schema\\\/logo\\\/image\\\/\"},\"sameAs\":[\"https:\\\/\\\/www.facebook.com\\\/hausamstrom\",\"https:\\\/\\\/www.instagram.com\\\/\"]}]}<\/script>\n<!-- \/ Yoast SEO plugin. -->","yoast_head_json":{"title":"Voda Mystery - Haus am Strom","robots":{"index":"index","follow":"follow","max-snippet":"max-snippet:-1","max-image-preview":"max-image-preview:large","max-video-preview":"max-video-preview:-1"},"canonical":"https:\/\/www.hausamstrom.de\/cs\/sluzba\/deti-hrave\/voda-mystery\/","og_locale":"cs_CZ","og_type":"article","og_title":"Voda Mystery - Haus am Strom","og_description":"Vypo\u010d\u00edt\u00e1 spot\u0159ebu vody za den. Sd\u011blte n\u00e1m sv\u00e9 \u0159e\u0161en\u00ed zasl\u00e1n\u00edm e-mailu (info (@) hausamstrom.de) nebo dopisem. Dostanete malou pozornost na spr\u00e1vn\u00e9 \u0159e\u0161en\u00ed! &nbsp;","og_url":"https:\/\/www.hausamstrom.de\/cs\/sluzba\/deti-hrave\/voda-mystery\/","og_site_name":"Haus am Strom","article_publisher":"https:\/\/www.facebook.com\/hausamstrom","article_modified_time":"2020-05-15T10:02:19+00:00","og_image":[{"url":"https:\/\/www.hausamstrom.de\/wp-content\/uploads\/2016\/02\/Wasserraetsel-400x306.jpg","type":"","width":"","height":""}],"twitter_card":"summary_large_image","schema":{"@context":"https:\/\/schema.org","@graph":[{"@type":"WebPage","@id":"https:\/\/www.hausamstrom.de\/cs\/sluzba\/deti-hrave\/voda-mystery\/","url":"https:\/\/www.hausamstrom.de\/cs\/sluzba\/deti-hrave\/voda-mystery\/","name":"Voda Mystery - Haus am Strom","isPartOf":{"@id":"https:\/\/www.hausamstrom.de\/de\/#website"},"primaryImageOfPage":{"@id":"https:\/\/www.hausamstrom.de\/cs\/sluzba\/deti-hrave\/voda-mystery\/#primaryimage"},"image":{"@id":"https:\/\/www.hausamstrom.de\/cs\/sluzba\/deti-hrave\/voda-mystery\/#primaryimage"},"thumbnailUrl":"https:\/\/www.hausamstrom.de\/wp-content\/uploads\/2016\/02\/Wasserraetsel-400x306.jpg","datePublished":"2020-05-15T09:55:44+00:00","dateModified":"2020-05-15T10:02:19+00:00","breadcrumb":{"@id":"https:\/\/www.hausamstrom.de\/cs\/sluzba\/deti-hrave\/voda-mystery\/#breadcrumb"},"inLanguage":"cs","potentialAction":[{"@type":"ReadAction","target":["https:\/\/www.hausamstrom.de\/cs\/sluzba\/deti-hrave\/voda-mystery\/"]}]},{"@type":"ImageObject","inLanguage":"cs","@id":"https:\/\/www.hausamstrom.de\/cs\/sluzba\/deti-hrave\/voda-mystery\/#primaryimage","url":"https:\/\/www.hausamstrom.de\/wp-content\/uploads\/2016\/02\/Wasserraetsel-400x306.jpg","contentUrl":"https:\/\/www.hausamstrom.de\/wp-content\/uploads\/2016\/02\/Wasserraetsel-400x306.jpg"},{"@type":"BreadcrumbList","@id":"https:\/\/www.hausamstrom.de\/cs\/sluzba\/deti-hrave\/voda-mystery\/#breadcrumb","itemListElement":[{"@type":"ListItem","position":1,"name":"Home","item":"https:\/\/www.hausamstrom.de\/cs\/"},{"@type":"ListItem","position":2,"name":"slu\u017eba","item":"https:\/\/www.hausamstrom.de\/cs\/sluzba\/"},{"@type":"ListItem","position":3,"name":"D\u011bti \/ Hrav\u00e9","item":"https:\/\/www.hausamstrom.de\/cs\/sluzba\/deti-hrave\/"},{"@type":"ListItem","position":4,"name":"Voda Mystery"}]},{"@type":"WebSite","@id":"https:\/\/www.hausamstrom.de\/de\/#website","url":"https:\/\/www.hausamstrom.de\/de\/","name":"Haus am Strom","description":"Umweltbildungsstation im Passauer Donautal. Umweltbildung und Naturschutz f\u00fcr Kinder und Erwachsenen.","publisher":{"@id":"https:\/\/www.hausamstrom.de\/de\/#organization"},"potentialAction":[{"@type":"SearchAction","target":{"@type":"EntryPoint","urlTemplate":"https:\/\/www.hausamstrom.de\/de\/?s={search_term_string}"},"query-input":{"@type":"PropertyValueSpecification","valueRequired":true,"valueName":"search_term_string"}}],"inLanguage":"cs"},{"@type":"Organization","@id":"https:\/\/www.hausamstrom.de\/de\/#organization","name":"Haus am Strom","url":"https:\/\/www.hausamstrom.de\/de\/","logo":{"@type":"ImageObject","inLanguage":"cs","@id":"https:\/\/www.hausamstrom.de\/de\/#\/schema\/logo\/image\/","url":"https:\/\/www.hausamstrom.de\/wp-content\/uploads\/2025\/06\/Logo-quadratisch-1024x1024.jpg","contentUrl":"https:\/\/www.hausamstrom.de\/wp-content\/uploads\/2025\/06\/Logo-quadratisch-1024x1024.jpg","width":1024,"height":1024,"caption":"Haus am Strom"},"image":{"@id":"https:\/\/www.hausamstrom.de\/de\/#\/schema\/logo\/image\/"},"sameAs":["https:\/\/www.facebook.com\/hausamstrom","https:\/\/www.instagram.com\/"]}]}},"_links":{"self":[{"href":"https:\/\/www.hausamstrom.de\/cs\/wp-json\/wp\/v2\/pages\/7221","targetHints":{"allow":["GET"]}}],"collection":[{"href":"https:\/\/www.hausamstrom.de\/cs\/wp-json\/wp\/v2\/pages"}],"about":[{"href":"https:\/\/www.hausamstrom.de\/cs\/wp-json\/wp\/v2\/types\/page"}],"author":[{"embeddable":true,"href":"https:\/\/www.hausamstrom.de\/cs\/wp-json\/wp\/v2\/users\/1"}],"replies":[{"embeddable":true,"href":"https:\/\/www.hausamstrom.de\/cs\/wp-json\/wp\/v2\/comments?post=7221"}],"version-history":[{"count":1,"href":"https:\/\/www.hausamstrom.de\/cs\/wp-json\/wp\/v2\/pages\/7221\/revisions"}],"predecessor-version":[{"id":7222,"href":"https:\/\/www.hausamstrom.de\/cs\/wp-json\/wp\/v2\/pages\/7221\/revisions\/7222"}],"up":[{"embeddable":true,"href":"https:\/\/www.hausamstrom.de\/cs\/wp-json\/wp\/v2\/pages\/7203"}],"wp:attachment":[{"href":"https:\/\/www.hausamstrom.de\/cs\/wp-json\/wp\/v2\/media?parent=7221"}],"curies":[{"name":"wp","href":"https:\/\/api.w.org\/{rel}","templated":true}]}}