{"id":10309,"date":"2021-08-12T08:53:20","date_gmt":"2021-08-12T06:53:20","guid":{"rendered":"https:\/\/www.hausamstrom.de\/?page_id=10309"},"modified":"2025-07-30T11:32:57","modified_gmt":"2025-07-30T09:32:57","slug":"kraftwerk-app","status":"publish","type":"page","link":"https:\/\/www.hausamstrom.de\/de\/kraftwerk\/kraftwerk-app\/","title":{"rendered":"Kraftwerk App"},"content":{"rendered":"<div class=\"wpb-content-wrapper\"><p>[vc_row][vc_column][vc_custom_heading text=&#8221;Energieerlebnis und Kraftwerk Jochenstein&#8221;][\/vc_column][\/vc_row][vc_row][vc_column][vc_column_text css=&#8221;&#8221;]Die Ausstellung &#8220;<strong>Energieerlebnis Jochenstein&#8221;\u00a0<\/strong>vom VERBUND bietet ein einmaliges Erlebnis und Einblicke in die Stromproduktion aus Wasserkraft.\u00a0Mit 3D-Effekten und virtueller Brille taucht man in die Welt des Donaukraftwerkes Jochenstein ein. Das sollte man gesehen \u2013 oder noch besser\u00a0erlebt haben.<\/p>\n<p>Beim Automaten direkt in der <a title=\"Info-Zentrum\" href=\"https:\/\/www.hausamstrom.de\/de\/kraftwerk\/info-zentrum\/\" target=\"_blank\" rel=\"noopener\">Ausstellung<\/a> selber, holt man sich gegen eine Pfandgeb\u00fchr eine 3D Brille, die man nach dem Besuch der Ausstellung und dem Gang \u00fcbers Kraftwerk wieder im &#8220;Haus am Strom&#8221; zur\u00fcckgeben kann und soll, denn dann gibt`s auch Geld zur\u00fcck!<\/p>\n<p>Zwischen der Ausstellung &#8220;Energieerlebnis Jochenstein&#8221; auf der \u00f6sterreichischen Seite und dem Haus am Strom auf der bayerischen Seite, gibt es f\u00fcnf Stationen, sogenannte QR-Tracker. Mit Smartphone und 3D-Brille ausger\u00fcstet, erh\u00e4lt man Zugang zu diesen QR-Codes und den virtuellen Bildern, die sich dahinter verbergen. Man kann bis zur Schiffsschleuse hinunter tauchen oder sieht senkrecht ins Innere einer Kaplan-Turbine.<\/p>\n<p>Weitere Informationen gibt\u2019s auf:\u00a0\u00a0<strong><u><a href=\"https:\/\/www.verbund.com\/de-at\/ueber-verbund\/besucherzentren\/jochenstein\" target=\"_blank\" rel=\"noopener\">https:\/\/www.verbund.com\/de-at\/ueber-verbund\/besucherzentren\/jochenstein<\/a><\/u><\/strong>[\/vc_column_text][\/vc_column][\/vc_row]<\/p>\n<\/div>","protected":false},"excerpt":{"rendered":"<p>[vc_row][vc_column][vc_custom_heading text=&#8221;Energieerlebnis und Kraftwerk Jochenstein&#8221;][\/vc_column][\/vc_row][vc_row][vc_column][vc_column_text css=&#8221;&#8221;]Die Ausstellung &#8220;Energieerlebnis Jochenstein&#8221;\u00a0vom VERBUND bietet ein einmaliges Erlebnis und Einblicke in die Stromproduktion aus Wasserkraft.\u00a0Mit 3D-Effekten und virtueller Brille taucht man in die Welt des Donaukraftwerkes Jochenstein ein. Das sollte man gesehen \u2013 oder noch besser\u00a0erlebt haben. Beim Automaten direkt in der Ausstellung selber, holt man sich gegen eine [&hellip;]<\/p>\n","protected":false},"author":1,"featured_media":0,"parent":389,"menu_order":0,"comment_status":"closed","ping_status":"closed","template":"","meta":{"footnotes":""},"class_list":["post-10309","page","type-page","status-publish","hentry"],"yoast_head":"<!-- This site is optimized with the Yoast SEO plugin v27.5 - https:\/\/yoast.com\/product\/yoast-seo-wordpress\/ -->\n<title>Kraftwerk App - Haus am Strom<\/title>\n<meta name=\"robots\" content=\"index, follow, max-snippet:-1, max-image-preview:large, max-video-preview:-1\" \/>\n<link rel=\"canonical\" href=\"https:\/\/www.hausamstrom.de\/de\/kraftwerk\/kraftwerk-app\/\" \/>\n<meta property=\"og:locale\" content=\"de_DE\" \/>\n<meta property=\"og:type\" content=\"article\" \/>\n<meta property=\"og:title\" content=\"Kraftwerk App - Haus am Strom\" \/>\n<meta property=\"og:description\" content=\"[vc_row][vc_column][vc_custom_heading text=&#8221;Energieerlebnis und Kraftwerk Jochenstein&#8221;][\/vc_column][\/vc_row][vc_row][vc_column][vc_column_text css=&#8221;&#8221;]Die Ausstellung &#8220;Energieerlebnis Jochenstein&#8221;\u00a0vom VERBUND bietet ein einmaliges Erlebnis und Einblicke in die Stromproduktion aus Wasserkraft.\u00a0Mit 3D-Effekten und virtueller Brille taucht man in die Welt des Donaukraftwerkes Jochenstein ein. Das sollte man gesehen \u2013 oder noch besser\u00a0erlebt haben. Beim Automaten direkt in der Ausstellung selber, holt man sich gegen eine [&hellip;]\" \/>\n<meta property=\"og:url\" content=\"https:\/\/www.hausamstrom.de\/de\/kraftwerk\/kraftwerk-app\/\" \/>\n<meta property=\"og:site_name\" content=\"Haus am Strom\" \/>\n<meta property=\"article:publisher\" content=\"https:\/\/www.facebook.com\/hausamstrom\" \/>\n<meta property=\"article:modified_time\" content=\"2025-07-30T09:32:57+00:00\" \/>\n<meta name=\"twitter:card\" content=\"summary_large_image\" \/>\n<meta name=\"twitter:label1\" content=\"Gesch\u00e4tzte Lesezeit\" \/>\n\t<meta name=\"twitter:data1\" content=\"1\u00a0Minute\" \/>\n<script type=\"application\/ld+json\" class=\"yoast-schema-graph\">{\"@context\":\"https:\\\/\\\/schema.org\",\"@graph\":[{\"@type\":\"WebPage\",\"@id\":\"https:\\\/\\\/www.hausamstrom.de\\\/de\\\/kraftwerk\\\/kraftwerk-app\\\/\",\"url\":\"https:\\\/\\\/www.hausamstrom.de\\\/de\\\/kraftwerk\\\/kraftwerk-app\\\/\",\"name\":\"Kraftwerk App - Haus am Strom\",\"isPartOf\":{\"@id\":\"https:\\\/\\\/www.hausamstrom.de\\\/de\\\/#website\"},\"datePublished\":\"2021-08-12T06:53:20+00:00\",\"dateModified\":\"2025-07-30T09:32:57+00:00\",\"breadcrumb\":{\"@id\":\"https:\\\/\\\/www.hausamstrom.de\\\/de\\\/kraftwerk\\\/kraftwerk-app\\\/#breadcrumb\"},\"inLanguage\":\"de\",\"potentialAction\":[{\"@type\":\"ReadAction\",\"target\":[\"https:\\\/\\\/www.hausamstrom.de\\\/de\\\/kraftwerk\\\/kraftwerk-app\\\/\"]}]},{\"@type\":\"BreadcrumbList\",\"@id\":\"https:\\\/\\\/www.hausamstrom.de\\\/de\\\/kraftwerk\\\/kraftwerk-app\\\/#breadcrumb\",\"itemListElement\":[{\"@type\":\"ListItem\",\"position\":1,\"name\":\"Home\",\"item\":\"https:\\\/\\\/www.hausamstrom.de\\\/de\\\/\"},{\"@type\":\"ListItem\",\"position\":2,\"name\":\"Kraftwerk\",\"item\":\"https:\\\/\\\/www.hausamstrom.de\\\/de\\\/kraftwerk\\\/\"},{\"@type\":\"ListItem\",\"position\":3,\"name\":\"Kraftwerk App\"}]},{\"@type\":\"WebSite\",\"@id\":\"https:\\\/\\\/www.hausamstrom.de\\\/de\\\/#website\",\"url\":\"https:\\\/\\\/www.hausamstrom.de\\\/de\\\/\",\"name\":\"Haus am Strom\",\"description\":\"Umweltbildungsstation im Passauer Donautal. Umweltbildung und Naturschutz f\u00fcr Kinder und Erwachsenen.\",\"publisher\":{\"@id\":\"https:\\\/\\\/www.hausamstrom.de\\\/de\\\/#organization\"},\"potentialAction\":[{\"@type\":\"SearchAction\",\"target\":{\"@type\":\"EntryPoint\",\"urlTemplate\":\"https:\\\/\\\/www.hausamstrom.de\\\/de\\\/?s={search_term_string}\"},\"query-input\":{\"@type\":\"PropertyValueSpecification\",\"valueRequired\":true,\"valueName\":\"search_term_string\"}}],\"inLanguage\":\"de\"},{\"@type\":\"Organization\",\"@id\":\"https:\\\/\\\/www.hausamstrom.de\\\/de\\\/#organization\",\"name\":\"Haus am Strom\",\"url\":\"https:\\\/\\\/www.hausamstrom.de\\\/de\\\/\",\"logo\":{\"@type\":\"ImageObject\",\"inLanguage\":\"de\",\"@id\":\"https:\\\/\\\/www.hausamstrom.de\\\/de\\\/#\\\/schema\\\/logo\\\/image\\\/\",\"url\":\"https:\\\/\\\/www.hausamstrom.de\\\/wp-content\\\/uploads\\\/2025\\\/06\\\/Logo-quadratisch-1024x1024.jpg\",\"contentUrl\":\"https:\\\/\\\/www.hausamstrom.de\\\/wp-content\\\/uploads\\\/2025\\\/06\\\/Logo-quadratisch-1024x1024.jpg\",\"width\":1024,\"height\":1024,\"caption\":\"Haus am Strom\"},\"image\":{\"@id\":\"https:\\\/\\\/www.hausamstrom.de\\\/de\\\/#\\\/schema\\\/logo\\\/image\\\/\"},\"sameAs\":[\"https:\\\/\\\/www.facebook.com\\\/hausamstrom\",\"https:\\\/\\\/www.instagram.com\\\/\"]}]}<\/script>\n<!-- \/ Yoast SEO plugin. -->","yoast_head_json":{"title":"Kraftwerk App - Haus am Strom","robots":{"index":"index","follow":"follow","max-snippet":"max-snippet:-1","max-image-preview":"max-image-preview:large","max-video-preview":"max-video-preview:-1"},"canonical":"https:\/\/www.hausamstrom.de\/de\/kraftwerk\/kraftwerk-app\/","og_locale":"de_DE","og_type":"article","og_title":"Kraftwerk App - Haus am Strom","og_description":"[vc_row][vc_column][vc_custom_heading text=&#8221;Energieerlebnis und Kraftwerk Jochenstein&#8221;][\/vc_column][\/vc_row][vc_row][vc_column][vc_column_text css=&#8221;&#8221;]Die Ausstellung &#8220;Energieerlebnis Jochenstein&#8221;\u00a0vom VERBUND bietet ein einmaliges Erlebnis und Einblicke in die Stromproduktion aus Wasserkraft.\u00a0Mit 3D-Effekten und virtueller Brille taucht man in die Welt des Donaukraftwerkes Jochenstein ein. Das sollte man gesehen \u2013 oder noch besser\u00a0erlebt haben. Beim Automaten direkt in der Ausstellung selber, holt man sich gegen eine [&hellip;]","og_url":"https:\/\/www.hausamstrom.de\/de\/kraftwerk\/kraftwerk-app\/","og_site_name":"Haus am Strom","article_publisher":"https:\/\/www.facebook.com\/hausamstrom","article_modified_time":"2025-07-30T09:32:57+00:00","twitter_card":"summary_large_image","twitter_misc":{"Gesch\u00e4tzte Lesezeit":"1\u00a0Minute"},"schema":{"@context":"https:\/\/schema.org","@graph":[{"@type":"WebPage","@id":"https:\/\/www.hausamstrom.de\/de\/kraftwerk\/kraftwerk-app\/","url":"https:\/\/www.hausamstrom.de\/de\/kraftwerk\/kraftwerk-app\/","name":"Kraftwerk App - Haus am Strom","isPartOf":{"@id":"https:\/\/www.hausamstrom.de\/de\/#website"},"datePublished":"2021-08-12T06:53:20+00:00","dateModified":"2025-07-30T09:32:57+00:00","breadcrumb":{"@id":"https:\/\/www.hausamstrom.de\/de\/kraftwerk\/kraftwerk-app\/#breadcrumb"},"inLanguage":"de","potentialAction":[{"@type":"ReadAction","target":["https:\/\/www.hausamstrom.de\/de\/kraftwerk\/kraftwerk-app\/"]}]},{"@type":"BreadcrumbList","@id":"https:\/\/www.hausamstrom.de\/de\/kraftwerk\/kraftwerk-app\/#breadcrumb","itemListElement":[{"@type":"ListItem","position":1,"name":"Home","item":"https:\/\/www.hausamstrom.de\/de\/"},{"@type":"ListItem","position":2,"name":"Kraftwerk","item":"https:\/\/www.hausamstrom.de\/de\/kraftwerk\/"},{"@type":"ListItem","position":3,"name":"Kraftwerk App"}]},{"@type":"WebSite","@id":"https:\/\/www.hausamstrom.de\/de\/#website","url":"https:\/\/www.hausamstrom.de\/de\/","name":"Haus am Strom","description":"Umweltbildungsstation im Passauer Donautal. Umweltbildung und Naturschutz f\u00fcr Kinder und Erwachsenen.","publisher":{"@id":"https:\/\/www.hausamstrom.de\/de\/#organization"},"potentialAction":[{"@type":"SearchAction","target":{"@type":"EntryPoint","urlTemplate":"https:\/\/www.hausamstrom.de\/de\/?s={search_term_string}"},"query-input":{"@type":"PropertyValueSpecification","valueRequired":true,"valueName":"search_term_string"}}],"inLanguage":"de"},{"@type":"Organization","@id":"https:\/\/www.hausamstrom.de\/de\/#organization","name":"Haus am Strom","url":"https:\/\/www.hausamstrom.de\/de\/","logo":{"@type":"ImageObject","inLanguage":"de","@id":"https:\/\/www.hausamstrom.de\/de\/#\/schema\/logo\/image\/","url":"https:\/\/www.hausamstrom.de\/wp-content\/uploads\/2025\/06\/Logo-quadratisch-1024x1024.jpg","contentUrl":"https:\/\/www.hausamstrom.de\/wp-content\/uploads\/2025\/06\/Logo-quadratisch-1024x1024.jpg","width":1024,"height":1024,"caption":"Haus am Strom"},"image":{"@id":"https:\/\/www.hausamstrom.de\/de\/#\/schema\/logo\/image\/"},"sameAs":["https:\/\/www.facebook.com\/hausamstrom","https:\/\/www.instagram.com\/"]}]}},"_links":{"self":[{"href":"https:\/\/www.hausamstrom.de\/de\/wp-json\/wp\/v2\/pages\/10309","targetHints":{"allow":["GET"]}}],"collection":[{"href":"https:\/\/www.hausamstrom.de\/de\/wp-json\/wp\/v2\/pages"}],"about":[{"href":"https:\/\/www.hausamstrom.de\/de\/wp-json\/wp\/v2\/types\/page"}],"author":[{"embeddable":true,"href":"https:\/\/www.hausamstrom.de\/de\/wp-json\/wp\/v2\/users\/1"}],"replies":[{"embeddable":true,"href":"https:\/\/www.hausamstrom.de\/de\/wp-json\/wp\/v2\/comments?post=10309"}],"version-history":[{"count":7,"href":"https:\/\/www.hausamstrom.de\/de\/wp-json\/wp\/v2\/pages\/10309\/revisions"}],"predecessor-version":[{"id":13493,"href":"https:\/\/www.hausamstrom.de\/de\/wp-json\/wp\/v2\/pages\/10309\/revisions\/13493"}],"up":[{"embeddable":true,"href":"https:\/\/www.hausamstrom.de\/de\/wp-json\/wp\/v2\/pages\/389"}],"wp:attachment":[{"href":"https:\/\/www.hausamstrom.de\/de\/wp-json\/wp\/v2\/media?parent=10309"}],"curies":[{"name":"wp","href":"https:\/\/api.w.org\/{rel}","templated":true}]}}