{"id":1066,"date":"2016-04-14T08:07:12","date_gmt":"2016-04-14T06:07:12","guid":{"rendered":"http:\/\/hosting6807.af944.netcup.net\/?page_id=1066"},"modified":"2023-11-02T13:53:49","modified_gmt":"2023-11-02T12:53:49","slug":"picknickwanderung-mit-aussicht-panoramawanderung","status":"publish","type":"page","link":"https:\/\/www.hausamstrom.de\/de\/programm\/buchbares\/donautal\/picknickwanderung-mit-aussicht-panoramawanderung\/","title":{"rendered":"Picknickwanderung mit Aussicht &#8211; Panoramawanderung"},"content":{"rendered":"<p>Das Donautal von oben genie\u00dfen. Nach dem Aufstieg wartet die wohlverdiente Belohnung: Ein Picknick mit einem traumhaften Ausblick in das 300 Meter tiefer gelegene Donautal.<\/p>\n<p><strong>Leistungen:<\/strong><\/p>\n<p>\u2013 Fachkundige F\u00fchrung<br \/>\n\u2013 Picknick: 0,5 l Apfelsaft\/-schorle, Brotzeit mit Bauernspeck, Wurst, K\u00e4se, Gem\u00fcse, Obst, S\u00fc\u00dfes<\/p>\n<p><strong>Dauer: <\/strong>4-5 Std.<\/p>\n<p><strong>Treffpunkt: <\/strong>Haus am Strom<\/p>\n<p><strong>Preis: <\/strong>15,00\u20ac pro Person<\/p>\n","protected":false},"excerpt":{"rendered":"<p>Das Donautal von oben genie\u00dfen. Nach dem Aufstieg wartet die wohlverdiente Belohnung: Ein Picknick mit einem traumhaften Ausblick in das 300 Meter tiefer gelegene Donautal. Leistungen: \u2013 Fachkundige F\u00fchrung \u2013 Picknick: 0,5 l Apfelsaft\/-schorle, Brotzeit mit Bauernspeck, Wurst, K\u00e4se, Gem\u00fcse, Obst, S\u00fc\u00dfes Dauer: 4-5 Std. Treffpunkt: Haus am Strom Preis: 15,00\u20ac pro Person<\/p>\n","protected":false},"author":1,"featured_media":0,"parent":373,"menu_order":0,"comment_status":"closed","ping_status":"closed","template":"","meta":{"footnotes":""},"class_list":["post-1066","page","type-page","status-publish","hentry"],"yoast_head":"<!-- This site is optimized with the Yoast SEO plugin v27.5 - https:\/\/yoast.com\/product\/yoast-seo-wordpress\/ -->\n<title>Picknickwanderung mit Aussicht - Panoramawanderung - Haus am Strom<\/title>\n<meta name=\"robots\" content=\"index, follow, max-snippet:-1, max-image-preview:large, max-video-preview:-1\" \/>\n<link rel=\"canonical\" href=\"https:\/\/www.hausamstrom.de\/de\/programm\/buchbares\/donautal\/picknickwanderung-mit-aussicht-panoramawanderung\/\" \/>\n<meta property=\"og:locale\" content=\"de_DE\" \/>\n<meta property=\"og:type\" content=\"article\" \/>\n<meta property=\"og:title\" content=\"Picknickwanderung mit Aussicht - Panoramawanderung - Haus am Strom\" \/>\n<meta property=\"og:description\" content=\"Das Donautal von oben genie\u00dfen. Nach dem Aufstieg wartet die wohlverdiente Belohnung: Ein Picknick mit einem traumhaften Ausblick in das 300 Meter tiefer gelegene Donautal. Leistungen: \u2013 Fachkundige F\u00fchrung \u2013 Picknick: 0,5 l Apfelsaft\/-schorle, Brotzeit mit Bauernspeck, Wurst, K\u00e4se, Gem\u00fcse, Obst, S\u00fc\u00dfes Dauer: 4-5 Std. Treffpunkt: Haus am Strom Preis: 15,00\u20ac pro Person\" \/>\n<meta property=\"og:url\" content=\"https:\/\/www.hausamstrom.de\/de\/programm\/buchbares\/donautal\/picknickwanderung-mit-aussicht-panoramawanderung\/\" \/>\n<meta property=\"og:site_name\" content=\"Haus am Strom\" \/>\n<meta property=\"article:publisher\" content=\"https:\/\/www.facebook.com\/hausamstrom\" \/>\n<meta property=\"article:modified_time\" content=\"2023-11-02T12:53:49+00:00\" \/>\n<meta name=\"twitter:card\" content=\"summary_large_image\" \/>\n<script type=\"application\/ld+json\" class=\"yoast-schema-graph\">{\"@context\":\"https:\\\/\\\/schema.org\",\"@graph\":[{\"@type\":\"WebPage\",\"@id\":\"https:\\\/\\\/www.hausamstrom.de\\\/de\\\/programm\\\/buchbares\\\/donautal\\\/picknickwanderung-mit-aussicht-panoramawanderung\\\/\",\"url\":\"https:\\\/\\\/www.hausamstrom.de\\\/de\\\/programm\\\/buchbares\\\/donautal\\\/picknickwanderung-mit-aussicht-panoramawanderung\\\/\",\"name\":\"Picknickwanderung mit Aussicht - Panoramawanderung - Haus am Strom\",\"isPartOf\":{\"@id\":\"https:\\\/\\\/www.hausamstrom.de\\\/de\\\/#website\"},\"datePublished\":\"2016-04-14T06:07:12+00:00\",\"dateModified\":\"2023-11-02T12:53:49+00:00\",\"breadcrumb\":{\"@id\":\"https:\\\/\\\/www.hausamstrom.de\\\/de\\\/programm\\\/buchbares\\\/donautal\\\/picknickwanderung-mit-aussicht-panoramawanderung\\\/#breadcrumb\"},\"inLanguage\":\"de\",\"potentialAction\":[{\"@type\":\"ReadAction\",\"target\":[\"https:\\\/\\\/www.hausamstrom.de\\\/de\\\/programm\\\/buchbares\\\/donautal\\\/picknickwanderung-mit-aussicht-panoramawanderung\\\/\"]}]},{\"@type\":\"BreadcrumbList\",\"@id\":\"https:\\\/\\\/www.hausamstrom.de\\\/de\\\/programm\\\/buchbares\\\/donautal\\\/picknickwanderung-mit-aussicht-panoramawanderung\\\/#breadcrumb\",\"itemListElement\":[{\"@type\":\"ListItem\",\"position\":1,\"name\":\"Home\",\"item\":\"https:\\\/\\\/www.hausamstrom.de\\\/de\\\/\"},{\"@type\":\"ListItem\",\"position\":2,\"name\":\"Programm\",\"item\":\"https:\\\/\\\/www.hausamstrom.de\\\/de\\\/programm\\\/\"},{\"@type\":\"ListItem\",\"position\":3,\"name\":\"Buchbares\",\"item\":\"https:\\\/\\\/www.hausamstrom.de\\\/de\\\/programm\\\/buchbares\\\/\"},{\"@type\":\"ListItem\",\"position\":4,\"name\":\"Donautal\",\"item\":\"https:\\\/\\\/www.hausamstrom.de\\\/de\\\/programm\\\/buchbares\\\/donautal\\\/\"},{\"@type\":\"ListItem\",\"position\":5,\"name\":\"Picknickwanderung mit Aussicht &#8211; Panoramawanderung\"}]},{\"@type\":\"WebSite\",\"@id\":\"https:\\\/\\\/www.hausamstrom.de\\\/de\\\/#website\",\"url\":\"https:\\\/\\\/www.hausamstrom.de\\\/de\\\/\",\"name\":\"Haus am Strom\",\"description\":\"Umweltbildungsstation im Passauer Donautal. Umweltbildung und Naturschutz f\u00fcr Kinder und Erwachsenen.\",\"publisher\":{\"@id\":\"https:\\\/\\\/www.hausamstrom.de\\\/de\\\/#organization\"},\"potentialAction\":[{\"@type\":\"SearchAction\",\"target\":{\"@type\":\"EntryPoint\",\"urlTemplate\":\"https:\\\/\\\/www.hausamstrom.de\\\/de\\\/?s={search_term_string}\"},\"query-input\":{\"@type\":\"PropertyValueSpecification\",\"valueRequired\":true,\"valueName\":\"search_term_string\"}}],\"inLanguage\":\"de\"},{\"@type\":\"Organization\",\"@id\":\"https:\\\/\\\/www.hausamstrom.de\\\/de\\\/#organization\",\"name\":\"Haus am Strom\",\"url\":\"https:\\\/\\\/www.hausamstrom.de\\\/de\\\/\",\"logo\":{\"@type\":\"ImageObject\",\"inLanguage\":\"de\",\"@id\":\"https:\\\/\\\/www.hausamstrom.de\\\/de\\\/#\\\/schema\\\/logo\\\/image\\\/\",\"url\":\"https:\\\/\\\/www.hausamstrom.de\\\/wp-content\\\/uploads\\\/2025\\\/06\\\/Logo-quadratisch-1024x1024.jpg\",\"contentUrl\":\"https:\\\/\\\/www.hausamstrom.de\\\/wp-content\\\/uploads\\\/2025\\\/06\\\/Logo-quadratisch-1024x1024.jpg\",\"width\":1024,\"height\":1024,\"caption\":\"Haus am Strom\"},\"image\":{\"@id\":\"https:\\\/\\\/www.hausamstrom.de\\\/de\\\/#\\\/schema\\\/logo\\\/image\\\/\"},\"sameAs\":[\"https:\\\/\\\/www.facebook.com\\\/hausamstrom\",\"https:\\\/\\\/www.instagram.com\\\/\"]}]}<\/script>\n<!-- \/ Yoast SEO plugin. -->","yoast_head_json":{"title":"Picknickwanderung mit Aussicht - Panoramawanderung - Haus am Strom","robots":{"index":"index","follow":"follow","max-snippet":"max-snippet:-1","max-image-preview":"max-image-preview:large","max-video-preview":"max-video-preview:-1"},"canonical":"https:\/\/www.hausamstrom.de\/de\/programm\/buchbares\/donautal\/picknickwanderung-mit-aussicht-panoramawanderung\/","og_locale":"de_DE","og_type":"article","og_title":"Picknickwanderung mit Aussicht - Panoramawanderung - Haus am Strom","og_description":"Das Donautal von oben genie\u00dfen. Nach dem Aufstieg wartet die wohlverdiente Belohnung: Ein Picknick mit einem traumhaften Ausblick in das 300 Meter tiefer gelegene Donautal. Leistungen: \u2013 Fachkundige F\u00fchrung \u2013 Picknick: 0,5 l Apfelsaft\/-schorle, Brotzeit mit Bauernspeck, Wurst, K\u00e4se, Gem\u00fcse, Obst, S\u00fc\u00dfes Dauer: 4-5 Std. Treffpunkt: Haus am Strom Preis: 15,00\u20ac pro Person","og_url":"https:\/\/www.hausamstrom.de\/de\/programm\/buchbares\/donautal\/picknickwanderung-mit-aussicht-panoramawanderung\/","og_site_name":"Haus am Strom","article_publisher":"https:\/\/www.facebook.com\/hausamstrom","article_modified_time":"2023-11-02T12:53:49+00:00","twitter_card":"summary_large_image","schema":{"@context":"https:\/\/schema.org","@graph":[{"@type":"WebPage","@id":"https:\/\/www.hausamstrom.de\/de\/programm\/buchbares\/donautal\/picknickwanderung-mit-aussicht-panoramawanderung\/","url":"https:\/\/www.hausamstrom.de\/de\/programm\/buchbares\/donautal\/picknickwanderung-mit-aussicht-panoramawanderung\/","name":"Picknickwanderung mit Aussicht - Panoramawanderung - Haus am Strom","isPartOf":{"@id":"https:\/\/www.hausamstrom.de\/de\/#website"},"datePublished":"2016-04-14T06:07:12+00:00","dateModified":"2023-11-02T12:53:49+00:00","breadcrumb":{"@id":"https:\/\/www.hausamstrom.de\/de\/programm\/buchbares\/donautal\/picknickwanderung-mit-aussicht-panoramawanderung\/#breadcrumb"},"inLanguage":"de","potentialAction":[{"@type":"ReadAction","target":["https:\/\/www.hausamstrom.de\/de\/programm\/buchbares\/donautal\/picknickwanderung-mit-aussicht-panoramawanderung\/"]}]},{"@type":"BreadcrumbList","@id":"https:\/\/www.hausamstrom.de\/de\/programm\/buchbares\/donautal\/picknickwanderung-mit-aussicht-panoramawanderung\/#breadcrumb","itemListElement":[{"@type":"ListItem","position":1,"name":"Home","item":"https:\/\/www.hausamstrom.de\/de\/"},{"@type":"ListItem","position":2,"name":"Programm","item":"https:\/\/www.hausamstrom.de\/de\/programm\/"},{"@type":"ListItem","position":3,"name":"Buchbares","item":"https:\/\/www.hausamstrom.de\/de\/programm\/buchbares\/"},{"@type":"ListItem","position":4,"name":"Donautal","item":"https:\/\/www.hausamstrom.de\/de\/programm\/buchbares\/donautal\/"},{"@type":"ListItem","position":5,"name":"Picknickwanderung mit Aussicht &#8211; Panoramawanderung"}]},{"@type":"WebSite","@id":"https:\/\/www.hausamstrom.de\/de\/#website","url":"https:\/\/www.hausamstrom.de\/de\/","name":"Haus am Strom","description":"Umweltbildungsstation im Passauer Donautal. Umweltbildung und Naturschutz f\u00fcr Kinder und Erwachsenen.","publisher":{"@id":"https:\/\/www.hausamstrom.de\/de\/#organization"},"potentialAction":[{"@type":"SearchAction","target":{"@type":"EntryPoint","urlTemplate":"https:\/\/www.hausamstrom.de\/de\/?s={search_term_string}"},"query-input":{"@type":"PropertyValueSpecification","valueRequired":true,"valueName":"search_term_string"}}],"inLanguage":"de"},{"@type":"Organization","@id":"https:\/\/www.hausamstrom.de\/de\/#organization","name":"Haus am Strom","url":"https:\/\/www.hausamstrom.de\/de\/","logo":{"@type":"ImageObject","inLanguage":"de","@id":"https:\/\/www.hausamstrom.de\/de\/#\/schema\/logo\/image\/","url":"https:\/\/www.hausamstrom.de\/wp-content\/uploads\/2025\/06\/Logo-quadratisch-1024x1024.jpg","contentUrl":"https:\/\/www.hausamstrom.de\/wp-content\/uploads\/2025\/06\/Logo-quadratisch-1024x1024.jpg","width":1024,"height":1024,"caption":"Haus am Strom"},"image":{"@id":"https:\/\/www.hausamstrom.de\/de\/#\/schema\/logo\/image\/"},"sameAs":["https:\/\/www.facebook.com\/hausamstrom","https:\/\/www.instagram.com\/"]}]}},"_links":{"self":[{"href":"https:\/\/www.hausamstrom.de\/de\/wp-json\/wp\/v2\/pages\/1066","targetHints":{"allow":["GET"]}}],"collection":[{"href":"https:\/\/www.hausamstrom.de\/de\/wp-json\/wp\/v2\/pages"}],"about":[{"href":"https:\/\/www.hausamstrom.de\/de\/wp-json\/wp\/v2\/types\/page"}],"author":[{"embeddable":true,"href":"https:\/\/www.hausamstrom.de\/de\/wp-json\/wp\/v2\/users\/1"}],"replies":[{"embeddable":true,"href":"https:\/\/www.hausamstrom.de\/de\/wp-json\/wp\/v2\/comments?post=1066"}],"version-history":[{"count":4,"href":"https:\/\/www.hausamstrom.de\/de\/wp-json\/wp\/v2\/pages\/1066\/revisions"}],"predecessor-version":[{"id":11560,"href":"https:\/\/www.hausamstrom.de\/de\/wp-json\/wp\/v2\/pages\/1066\/revisions\/11560"}],"up":[{"embeddable":true,"href":"https:\/\/www.hausamstrom.de\/de\/wp-json\/wp\/v2\/pages\/373"}],"wp:attachment":[{"href":"https:\/\/www.hausamstrom.de\/de\/wp-json\/wp\/v2\/media?parent=1066"}],"curies":[{"name":"wp","href":"https:\/\/api.w.org\/{rel}","templated":true}]}}