{"id":1075,"date":"2016-04-14T08:24:46","date_gmt":"2016-04-14T06:24:46","guid":{"rendered":"http:\/\/hosting6807.af944.netcup.net\/?page_id=1075"},"modified":"2023-11-02T13:55:59","modified_gmt":"2023-11-02T12:55:59","slug":"schloegener-schlinge-traumhafte-ausblicke-auf-die-schloegener-donauschlinge","status":"publish","type":"page","link":"https:\/\/www.hausamstrom.de\/de\/programm\/buchbares\/donautal\/schloegener-schlinge-traumhafte-ausblicke-auf-die-schloegener-donauschlinge\/","title":{"rendered":"Traumhafte Ausblicke auf die Schl\u00f6gener Donauschlinge"},"content":{"rendered":"<p>Wir fahren in Fahrgemeinschaften vom\u00a0Kraftwerk Jochenstein nach Schl\u00f6gen. Die Wanderung geht \u00fcber den Schl\u00f6gener Blick und Linetshub zum Aussichtspunkt Steiner Felsen. Nach einer Rast wandern wir weiter \u00fcber den Grat hinab nach Inzell und entlang der Uferstra\u00dfe zur\u00fcck nach Schl\u00f6gen. Am Ende kehren wir gemeinsam in Inzell ein.<\/p>\n<p>\u00a0<\/p>\n<p><strong>Leistungen:<\/strong><\/p>\n<p>\u2013 Fachkundige F\u00fchrung<br \/>\n\u2013 Anleitung durch die Natursch\u00f6nheiten der Schl\u00f6gener Schlinge<\/p>\n<p><strong>Dauer: <\/strong>4 Std.<\/p>\n<p><strong>Treffpunkt: <\/strong>Kraftwerk Jochenstein<\/p>\n<p><strong>Preis:<\/strong><\/p>\n<p>\u2013 Erwachsene: 7,00\u20ac<br \/>\n\u2013 Kinder: 5,00\u20ac<\/p>\n","protected":false},"excerpt":{"rendered":"<p>Wir fahren in Fahrgemeinschaften vom\u00a0Kraftwerk Jochenstein nach Schl\u00f6gen. Die Wanderung geht \u00fcber den Schl\u00f6gener Blick und Linetshub zum Aussichtspunkt Steiner Felsen. Nach einer Rast wandern wir weiter \u00fcber den Grat hinab nach Inzell und entlang der Uferstra\u00dfe zur\u00fcck nach Schl\u00f6gen. Am Ende kehren wir gemeinsam in Inzell ein. \u00a0 Leistungen: \u2013 Fachkundige F\u00fchrung \u2013 Anleitung [&hellip;]<\/p>\n","protected":false},"author":1,"featured_media":0,"parent":373,"menu_order":0,"comment_status":"closed","ping_status":"closed","template":"","meta":{"footnotes":""},"class_list":["post-1075","page","type-page","status-publish","hentry"],"yoast_head":"<!-- This site is optimized with the Yoast SEO plugin v27.5 - https:\/\/yoast.com\/product\/yoast-seo-wordpress\/ -->\n<title>Traumhafte Ausblicke auf die Schl\u00f6gener Donauschlinge - Haus am Strom<\/title>\n<meta name=\"robots\" content=\"index, follow, max-snippet:-1, max-image-preview:large, max-video-preview:-1\" \/>\n<link rel=\"canonical\" href=\"https:\/\/www.hausamstrom.de\/de\/programm\/buchbares\/donautal\/schloegener-schlinge-traumhafte-ausblicke-auf-die-schloegener-donauschlinge\/\" \/>\n<meta property=\"og:locale\" content=\"de_DE\" \/>\n<meta property=\"og:type\" content=\"article\" \/>\n<meta property=\"og:title\" content=\"Traumhafte Ausblicke auf die Schl\u00f6gener Donauschlinge - Haus am Strom\" \/>\n<meta property=\"og:description\" content=\"Wir fahren in Fahrgemeinschaften vom\u00a0Kraftwerk Jochenstein nach Schl\u00f6gen. Die Wanderung geht \u00fcber den Schl\u00f6gener Blick und Linetshub zum Aussichtspunkt Steiner Felsen. Nach einer Rast wandern wir weiter \u00fcber den Grat hinab nach Inzell und entlang der Uferstra\u00dfe zur\u00fcck nach Schl\u00f6gen. Am Ende kehren wir gemeinsam in Inzell ein. \u00a0 Leistungen: \u2013 Fachkundige F\u00fchrung \u2013 Anleitung [&hellip;]\" \/>\n<meta property=\"og:url\" content=\"https:\/\/www.hausamstrom.de\/de\/programm\/buchbares\/donautal\/schloegener-schlinge-traumhafte-ausblicke-auf-die-schloegener-donauschlinge\/\" \/>\n<meta property=\"og:site_name\" content=\"Haus am Strom\" \/>\n<meta property=\"article:publisher\" content=\"https:\/\/www.facebook.com\/hausamstrom\" \/>\n<meta property=\"article:modified_time\" content=\"2023-11-02T12:55:59+00:00\" \/>\n<meta name=\"twitter:card\" content=\"summary_large_image\" \/>\n<script type=\"application\/ld+json\" class=\"yoast-schema-graph\">{\"@context\":\"https:\\\/\\\/schema.org\",\"@graph\":[{\"@type\":\"WebPage\",\"@id\":\"https:\\\/\\\/www.hausamstrom.de\\\/de\\\/programm\\\/buchbares\\\/donautal\\\/schloegener-schlinge-traumhafte-ausblicke-auf-die-schloegener-donauschlinge\\\/\",\"url\":\"https:\\\/\\\/www.hausamstrom.de\\\/de\\\/programm\\\/buchbares\\\/donautal\\\/schloegener-schlinge-traumhafte-ausblicke-auf-die-schloegener-donauschlinge\\\/\",\"name\":\"Traumhafte Ausblicke auf die Schl\u00f6gener Donauschlinge - Haus am Strom\",\"isPartOf\":{\"@id\":\"https:\\\/\\\/www.hausamstrom.de\\\/de\\\/#website\"},\"datePublished\":\"2016-04-14T06:24:46+00:00\",\"dateModified\":\"2023-11-02T12:55:59+00:00\",\"breadcrumb\":{\"@id\":\"https:\\\/\\\/www.hausamstrom.de\\\/de\\\/programm\\\/buchbares\\\/donautal\\\/schloegener-schlinge-traumhafte-ausblicke-auf-die-schloegener-donauschlinge\\\/#breadcrumb\"},\"inLanguage\":\"de\",\"potentialAction\":[{\"@type\":\"ReadAction\",\"target\":[\"https:\\\/\\\/www.hausamstrom.de\\\/de\\\/programm\\\/buchbares\\\/donautal\\\/schloegener-schlinge-traumhafte-ausblicke-auf-die-schloegener-donauschlinge\\\/\"]}]},{\"@type\":\"BreadcrumbList\",\"@id\":\"https:\\\/\\\/www.hausamstrom.de\\\/de\\\/programm\\\/buchbares\\\/donautal\\\/schloegener-schlinge-traumhafte-ausblicke-auf-die-schloegener-donauschlinge\\\/#breadcrumb\",\"itemListElement\":[{\"@type\":\"ListItem\",\"position\":1,\"name\":\"Home\",\"item\":\"https:\\\/\\\/www.hausamstrom.de\\\/de\\\/\"},{\"@type\":\"ListItem\",\"position\":2,\"name\":\"Programm\",\"item\":\"https:\\\/\\\/www.hausamstrom.de\\\/de\\\/programm\\\/\"},{\"@type\":\"ListItem\",\"position\":3,\"name\":\"Buchbares\",\"item\":\"https:\\\/\\\/www.hausamstrom.de\\\/de\\\/programm\\\/buchbares\\\/\"},{\"@type\":\"ListItem\",\"position\":4,\"name\":\"Donautal\",\"item\":\"https:\\\/\\\/www.hausamstrom.de\\\/de\\\/programm\\\/buchbares\\\/donautal\\\/\"},{\"@type\":\"ListItem\",\"position\":5,\"name\":\"Traumhafte Ausblicke auf die Schl\u00f6gener Donauschlinge\"}]},{\"@type\":\"WebSite\",\"@id\":\"https:\\\/\\\/www.hausamstrom.de\\\/de\\\/#website\",\"url\":\"https:\\\/\\\/www.hausamstrom.de\\\/de\\\/\",\"name\":\"Haus am Strom\",\"description\":\"Umweltbildungsstation im Passauer Donautal. Umweltbildung und Naturschutz f\u00fcr Kinder und Erwachsenen.\",\"publisher\":{\"@id\":\"https:\\\/\\\/www.hausamstrom.de\\\/de\\\/#organization\"},\"potentialAction\":[{\"@type\":\"SearchAction\",\"target\":{\"@type\":\"EntryPoint\",\"urlTemplate\":\"https:\\\/\\\/www.hausamstrom.de\\\/de\\\/?s={search_term_string}\"},\"query-input\":{\"@type\":\"PropertyValueSpecification\",\"valueRequired\":true,\"valueName\":\"search_term_string\"}}],\"inLanguage\":\"de\"},{\"@type\":\"Organization\",\"@id\":\"https:\\\/\\\/www.hausamstrom.de\\\/de\\\/#organization\",\"name\":\"Haus am Strom\",\"url\":\"https:\\\/\\\/www.hausamstrom.de\\\/de\\\/\",\"logo\":{\"@type\":\"ImageObject\",\"inLanguage\":\"de\",\"@id\":\"https:\\\/\\\/www.hausamstrom.de\\\/de\\\/#\\\/schema\\\/logo\\\/image\\\/\",\"url\":\"https:\\\/\\\/www.hausamstrom.de\\\/wp-content\\\/uploads\\\/2025\\\/06\\\/Logo-quadratisch-1024x1024.jpg\",\"contentUrl\":\"https:\\\/\\\/www.hausamstrom.de\\\/wp-content\\\/uploads\\\/2025\\\/06\\\/Logo-quadratisch-1024x1024.jpg\",\"width\":1024,\"height\":1024,\"caption\":\"Haus am Strom\"},\"image\":{\"@id\":\"https:\\\/\\\/www.hausamstrom.de\\\/de\\\/#\\\/schema\\\/logo\\\/image\\\/\"},\"sameAs\":[\"https:\\\/\\\/www.facebook.com\\\/hausamstrom\",\"https:\\\/\\\/www.instagram.com\\\/\"]}]}<\/script>\n<!-- \/ Yoast SEO plugin. -->","yoast_head_json":{"title":"Traumhafte Ausblicke auf die Schl\u00f6gener Donauschlinge - Haus am Strom","robots":{"index":"index","follow":"follow","max-snippet":"max-snippet:-1","max-image-preview":"max-image-preview:large","max-video-preview":"max-video-preview:-1"},"canonical":"https:\/\/www.hausamstrom.de\/de\/programm\/buchbares\/donautal\/schloegener-schlinge-traumhafte-ausblicke-auf-die-schloegener-donauschlinge\/","og_locale":"de_DE","og_type":"article","og_title":"Traumhafte Ausblicke auf die Schl\u00f6gener Donauschlinge - Haus am Strom","og_description":"Wir fahren in Fahrgemeinschaften vom\u00a0Kraftwerk Jochenstein nach Schl\u00f6gen. Die Wanderung geht \u00fcber den Schl\u00f6gener Blick und Linetshub zum Aussichtspunkt Steiner Felsen. Nach einer Rast wandern wir weiter \u00fcber den Grat hinab nach Inzell und entlang der Uferstra\u00dfe zur\u00fcck nach Schl\u00f6gen. Am Ende kehren wir gemeinsam in Inzell ein. \u00a0 Leistungen: \u2013 Fachkundige F\u00fchrung \u2013 Anleitung [&hellip;]","og_url":"https:\/\/www.hausamstrom.de\/de\/programm\/buchbares\/donautal\/schloegener-schlinge-traumhafte-ausblicke-auf-die-schloegener-donauschlinge\/","og_site_name":"Haus am Strom","article_publisher":"https:\/\/www.facebook.com\/hausamstrom","article_modified_time":"2023-11-02T12:55:59+00:00","twitter_card":"summary_large_image","schema":{"@context":"https:\/\/schema.org","@graph":[{"@type":"WebPage","@id":"https:\/\/www.hausamstrom.de\/de\/programm\/buchbares\/donautal\/schloegener-schlinge-traumhafte-ausblicke-auf-die-schloegener-donauschlinge\/","url":"https:\/\/www.hausamstrom.de\/de\/programm\/buchbares\/donautal\/schloegener-schlinge-traumhafte-ausblicke-auf-die-schloegener-donauschlinge\/","name":"Traumhafte Ausblicke auf die Schl\u00f6gener Donauschlinge - Haus am Strom","isPartOf":{"@id":"https:\/\/www.hausamstrom.de\/de\/#website"},"datePublished":"2016-04-14T06:24:46+00:00","dateModified":"2023-11-02T12:55:59+00:00","breadcrumb":{"@id":"https:\/\/www.hausamstrom.de\/de\/programm\/buchbares\/donautal\/schloegener-schlinge-traumhafte-ausblicke-auf-die-schloegener-donauschlinge\/#breadcrumb"},"inLanguage":"de","potentialAction":[{"@type":"ReadAction","target":["https:\/\/www.hausamstrom.de\/de\/programm\/buchbares\/donautal\/schloegener-schlinge-traumhafte-ausblicke-auf-die-schloegener-donauschlinge\/"]}]},{"@type":"BreadcrumbList","@id":"https:\/\/www.hausamstrom.de\/de\/programm\/buchbares\/donautal\/schloegener-schlinge-traumhafte-ausblicke-auf-die-schloegener-donauschlinge\/#breadcrumb","itemListElement":[{"@type":"ListItem","position":1,"name":"Home","item":"https:\/\/www.hausamstrom.de\/de\/"},{"@type":"ListItem","position":2,"name":"Programm","item":"https:\/\/www.hausamstrom.de\/de\/programm\/"},{"@type":"ListItem","position":3,"name":"Buchbares","item":"https:\/\/www.hausamstrom.de\/de\/programm\/buchbares\/"},{"@type":"ListItem","position":4,"name":"Donautal","item":"https:\/\/www.hausamstrom.de\/de\/programm\/buchbares\/donautal\/"},{"@type":"ListItem","position":5,"name":"Traumhafte Ausblicke auf die Schl\u00f6gener Donauschlinge"}]},{"@type":"WebSite","@id":"https:\/\/www.hausamstrom.de\/de\/#website","url":"https:\/\/www.hausamstrom.de\/de\/","name":"Haus am Strom","description":"Umweltbildungsstation im Passauer Donautal. Umweltbildung und Naturschutz f\u00fcr Kinder und Erwachsenen.","publisher":{"@id":"https:\/\/www.hausamstrom.de\/de\/#organization"},"potentialAction":[{"@type":"SearchAction","target":{"@type":"EntryPoint","urlTemplate":"https:\/\/www.hausamstrom.de\/de\/?s={search_term_string}"},"query-input":{"@type":"PropertyValueSpecification","valueRequired":true,"valueName":"search_term_string"}}],"inLanguage":"de"},{"@type":"Organization","@id":"https:\/\/www.hausamstrom.de\/de\/#organization","name":"Haus am Strom","url":"https:\/\/www.hausamstrom.de\/de\/","logo":{"@type":"ImageObject","inLanguage":"de","@id":"https:\/\/www.hausamstrom.de\/de\/#\/schema\/logo\/image\/","url":"https:\/\/www.hausamstrom.de\/wp-content\/uploads\/2025\/06\/Logo-quadratisch-1024x1024.jpg","contentUrl":"https:\/\/www.hausamstrom.de\/wp-content\/uploads\/2025\/06\/Logo-quadratisch-1024x1024.jpg","width":1024,"height":1024,"caption":"Haus am Strom"},"image":{"@id":"https:\/\/www.hausamstrom.de\/de\/#\/schema\/logo\/image\/"},"sameAs":["https:\/\/www.facebook.com\/hausamstrom","https:\/\/www.instagram.com\/"]}]}},"_links":{"self":[{"href":"https:\/\/www.hausamstrom.de\/de\/wp-json\/wp\/v2\/pages\/1075","targetHints":{"allow":["GET"]}}],"collection":[{"href":"https:\/\/www.hausamstrom.de\/de\/wp-json\/wp\/v2\/pages"}],"about":[{"href":"https:\/\/www.hausamstrom.de\/de\/wp-json\/wp\/v2\/types\/page"}],"author":[{"embeddable":true,"href":"https:\/\/www.hausamstrom.de\/de\/wp-json\/wp\/v2\/users\/1"}],"replies":[{"embeddable":true,"href":"https:\/\/www.hausamstrom.de\/de\/wp-json\/wp\/v2\/comments?post=1075"}],"version-history":[{"count":5,"href":"https:\/\/www.hausamstrom.de\/de\/wp-json\/wp\/v2\/pages\/1075\/revisions"}],"predecessor-version":[{"id":11563,"href":"https:\/\/www.hausamstrom.de\/de\/wp-json\/wp\/v2\/pages\/1075\/revisions\/11563"}],"up":[{"embeddable":true,"href":"https:\/\/www.hausamstrom.de\/de\/wp-json\/wp\/v2\/pages\/373"}],"wp:attachment":[{"href":"https:\/\/www.hausamstrom.de\/de\/wp-json\/wp\/v2\/media?parent=1075"}],"curies":[{"name":"wp","href":"https:\/\/api.w.org\/{rel}","templated":true}]}}