{"id":1081,"date":"2016-04-14T08:31:36","date_gmt":"2016-04-14T06:31:36","guid":{"rendered":"http:\/\/hosting6807.af944.netcup.net\/?page_id=1081"},"modified":"2023-11-02T13:58:24","modified_gmt":"2023-11-02T12:58:24","slug":"windorfer-donauinsel-mit-allen-sinnen-erleben","status":"publish","type":"page","link":"https:\/\/www.hausamstrom.de\/de\/programm\/buchbares\/donautal\/windorfer-donauinsel-mit-allen-sinnen-erleben\/","title":{"rendered":"Windorfer Donauinsel mit allen Sinnen erleben"},"content":{"rendered":"<p>Erleben Sie mit der Donautalf\u00fchrerin Rosi Sch\u00fctz das einmalige Pflanzenparadies der\u00a0 l\u00e4ngsten Flu\u00dfinsel Deutschlands mit all ihren Sinnen. Sie erfahren dabei nicht nur Wissenswertes \u00fcber die Heilkr\u00e4fte, sondern auch ihre mystische Bedeutung dieser typischen Auwaldpflanzen. Au\u00dferdem gibt es eine anschlie\u00dfende Einkehrm\u00f6glichkeit im gem\u00fctlichen Gasthaus Moser mit Terasse an der Donau.<\/p>\n<p>\u00a0<\/p>\n<p><strong>Leistungen: <\/strong>Fachkundige F\u00fchrung<\/p>\n<p><strong>Dauer: <\/strong>ca. 1 Std.<\/p>\n<p><strong>Treffpunkt: <\/strong>Tourist-Info Windorf<\/p>\n<p><strong>Preis:<\/strong><\/p>\n<p>\u2013 3,00\u20ac pro Person<br \/>\n\u2013 mindestens 20 Personen<br \/>\n\u2013 nur f\u00fcr Gruppen und Schulklassen!<\/p>\n","protected":false},"excerpt":{"rendered":"<p>Erleben Sie mit der Donautalf\u00fchrerin Rosi Sch\u00fctz das einmalige Pflanzenparadies der\u00a0 l\u00e4ngsten Flu\u00dfinsel Deutschlands mit all ihren Sinnen. Sie erfahren dabei nicht nur Wissenswertes \u00fcber die Heilkr\u00e4fte, sondern auch ihre mystische Bedeutung dieser typischen Auwaldpflanzen. Au\u00dferdem gibt es eine anschlie\u00dfende Einkehrm\u00f6glichkeit im gem\u00fctlichen Gasthaus Moser mit Terasse an der Donau. \u00a0 Leistungen: Fachkundige F\u00fchrung Dauer: [&hellip;]<\/p>\n","protected":false},"author":1,"featured_media":0,"parent":373,"menu_order":0,"comment_status":"closed","ping_status":"closed","template":"","meta":{"footnotes":""},"class_list":["post-1081","page","type-page","status-publish","hentry"],"yoast_head":"<!-- This site is optimized with the Yoast SEO plugin v27.5 - https:\/\/yoast.com\/product\/yoast-seo-wordpress\/ -->\n<title>Windorfer Donauinsel mit allen Sinnen erleben - Haus am Strom<\/title>\n<meta name=\"robots\" content=\"index, follow, max-snippet:-1, max-image-preview:large, max-video-preview:-1\" \/>\n<link rel=\"canonical\" href=\"https:\/\/www.hausamstrom.de\/de\/programm\/buchbares\/donautal\/windorfer-donauinsel-mit-allen-sinnen-erleben\/\" \/>\n<meta property=\"og:locale\" content=\"de_DE\" \/>\n<meta property=\"og:type\" content=\"article\" \/>\n<meta property=\"og:title\" content=\"Windorfer Donauinsel mit allen Sinnen erleben - Haus am Strom\" \/>\n<meta property=\"og:description\" content=\"Erleben Sie mit der Donautalf\u00fchrerin Rosi Sch\u00fctz das einmalige Pflanzenparadies der\u00a0 l\u00e4ngsten Flu\u00dfinsel Deutschlands mit all ihren Sinnen. Sie erfahren dabei nicht nur Wissenswertes \u00fcber die Heilkr\u00e4fte, sondern auch ihre mystische Bedeutung dieser typischen Auwaldpflanzen. Au\u00dferdem gibt es eine anschlie\u00dfende Einkehrm\u00f6glichkeit im gem\u00fctlichen Gasthaus Moser mit Terasse an der Donau. \u00a0 Leistungen: Fachkundige F\u00fchrung Dauer: [&hellip;]\" \/>\n<meta property=\"og:url\" content=\"https:\/\/www.hausamstrom.de\/de\/programm\/buchbares\/donautal\/windorfer-donauinsel-mit-allen-sinnen-erleben\/\" \/>\n<meta property=\"og:site_name\" content=\"Haus am Strom\" \/>\n<meta property=\"article:publisher\" content=\"https:\/\/www.facebook.com\/hausamstrom\" \/>\n<meta property=\"article:modified_time\" content=\"2023-11-02T12:58:24+00:00\" \/>\n<meta name=\"twitter:card\" content=\"summary_large_image\" \/>\n<script type=\"application\/ld+json\" class=\"yoast-schema-graph\">{\"@context\":\"https:\\\/\\\/schema.org\",\"@graph\":[{\"@type\":\"WebPage\",\"@id\":\"https:\\\/\\\/www.hausamstrom.de\\\/de\\\/programm\\\/buchbares\\\/donautal\\\/windorfer-donauinsel-mit-allen-sinnen-erleben\\\/\",\"url\":\"https:\\\/\\\/www.hausamstrom.de\\\/de\\\/programm\\\/buchbares\\\/donautal\\\/windorfer-donauinsel-mit-allen-sinnen-erleben\\\/\",\"name\":\"Windorfer Donauinsel mit allen Sinnen erleben - Haus am Strom\",\"isPartOf\":{\"@id\":\"https:\\\/\\\/www.hausamstrom.de\\\/de\\\/#website\"},\"datePublished\":\"2016-04-14T06:31:36+00:00\",\"dateModified\":\"2023-11-02T12:58:24+00:00\",\"breadcrumb\":{\"@id\":\"https:\\\/\\\/www.hausamstrom.de\\\/de\\\/programm\\\/buchbares\\\/donautal\\\/windorfer-donauinsel-mit-allen-sinnen-erleben\\\/#breadcrumb\"},\"inLanguage\":\"de\",\"potentialAction\":[{\"@type\":\"ReadAction\",\"target\":[\"https:\\\/\\\/www.hausamstrom.de\\\/de\\\/programm\\\/buchbares\\\/donautal\\\/windorfer-donauinsel-mit-allen-sinnen-erleben\\\/\"]}]},{\"@type\":\"BreadcrumbList\",\"@id\":\"https:\\\/\\\/www.hausamstrom.de\\\/de\\\/programm\\\/buchbares\\\/donautal\\\/windorfer-donauinsel-mit-allen-sinnen-erleben\\\/#breadcrumb\",\"itemListElement\":[{\"@type\":\"ListItem\",\"position\":1,\"name\":\"Home\",\"item\":\"https:\\\/\\\/www.hausamstrom.de\\\/de\\\/\"},{\"@type\":\"ListItem\",\"position\":2,\"name\":\"Programm\",\"item\":\"https:\\\/\\\/www.hausamstrom.de\\\/de\\\/programm\\\/\"},{\"@type\":\"ListItem\",\"position\":3,\"name\":\"Buchbares\",\"item\":\"https:\\\/\\\/www.hausamstrom.de\\\/de\\\/programm\\\/buchbares\\\/\"},{\"@type\":\"ListItem\",\"position\":4,\"name\":\"Donautal\",\"item\":\"https:\\\/\\\/www.hausamstrom.de\\\/de\\\/programm\\\/buchbares\\\/donautal\\\/\"},{\"@type\":\"ListItem\",\"position\":5,\"name\":\"Windorfer Donauinsel mit allen Sinnen erleben\"}]},{\"@type\":\"WebSite\",\"@id\":\"https:\\\/\\\/www.hausamstrom.de\\\/de\\\/#website\",\"url\":\"https:\\\/\\\/www.hausamstrom.de\\\/de\\\/\",\"name\":\"Haus am Strom\",\"description\":\"Umweltbildungsstation im Passauer Donautal. Umweltbildung und Naturschutz f\u00fcr Kinder und Erwachsenen.\",\"publisher\":{\"@id\":\"https:\\\/\\\/www.hausamstrom.de\\\/de\\\/#organization\"},\"potentialAction\":[{\"@type\":\"SearchAction\",\"target\":{\"@type\":\"EntryPoint\",\"urlTemplate\":\"https:\\\/\\\/www.hausamstrom.de\\\/de\\\/?s={search_term_string}\"},\"query-input\":{\"@type\":\"PropertyValueSpecification\",\"valueRequired\":true,\"valueName\":\"search_term_string\"}}],\"inLanguage\":\"de\"},{\"@type\":\"Organization\",\"@id\":\"https:\\\/\\\/www.hausamstrom.de\\\/de\\\/#organization\",\"name\":\"Haus am Strom\",\"url\":\"https:\\\/\\\/www.hausamstrom.de\\\/de\\\/\",\"logo\":{\"@type\":\"ImageObject\",\"inLanguage\":\"de\",\"@id\":\"https:\\\/\\\/www.hausamstrom.de\\\/de\\\/#\\\/schema\\\/logo\\\/image\\\/\",\"url\":\"https:\\\/\\\/www.hausamstrom.de\\\/wp-content\\\/uploads\\\/2025\\\/06\\\/Logo-quadratisch-1024x1024.jpg\",\"contentUrl\":\"https:\\\/\\\/www.hausamstrom.de\\\/wp-content\\\/uploads\\\/2025\\\/06\\\/Logo-quadratisch-1024x1024.jpg\",\"width\":1024,\"height\":1024,\"caption\":\"Haus am Strom\"},\"image\":{\"@id\":\"https:\\\/\\\/www.hausamstrom.de\\\/de\\\/#\\\/schema\\\/logo\\\/image\\\/\"},\"sameAs\":[\"https:\\\/\\\/www.facebook.com\\\/hausamstrom\",\"https:\\\/\\\/www.instagram.com\\\/\"]}]}<\/script>\n<!-- \/ Yoast SEO plugin. -->","yoast_head_json":{"title":"Windorfer Donauinsel mit allen Sinnen erleben - Haus am Strom","robots":{"index":"index","follow":"follow","max-snippet":"max-snippet:-1","max-image-preview":"max-image-preview:large","max-video-preview":"max-video-preview:-1"},"canonical":"https:\/\/www.hausamstrom.de\/de\/programm\/buchbares\/donautal\/windorfer-donauinsel-mit-allen-sinnen-erleben\/","og_locale":"de_DE","og_type":"article","og_title":"Windorfer Donauinsel mit allen Sinnen erleben - Haus am Strom","og_description":"Erleben Sie mit der Donautalf\u00fchrerin Rosi Sch\u00fctz das einmalige Pflanzenparadies der\u00a0 l\u00e4ngsten Flu\u00dfinsel Deutschlands mit all ihren Sinnen. Sie erfahren dabei nicht nur Wissenswertes \u00fcber die Heilkr\u00e4fte, sondern auch ihre mystische Bedeutung dieser typischen Auwaldpflanzen. Au\u00dferdem gibt es eine anschlie\u00dfende Einkehrm\u00f6glichkeit im gem\u00fctlichen Gasthaus Moser mit Terasse an der Donau. \u00a0 Leistungen: Fachkundige F\u00fchrung Dauer: [&hellip;]","og_url":"https:\/\/www.hausamstrom.de\/de\/programm\/buchbares\/donautal\/windorfer-donauinsel-mit-allen-sinnen-erleben\/","og_site_name":"Haus am Strom","article_publisher":"https:\/\/www.facebook.com\/hausamstrom","article_modified_time":"2023-11-02T12:58:24+00:00","twitter_card":"summary_large_image","schema":{"@context":"https:\/\/schema.org","@graph":[{"@type":"WebPage","@id":"https:\/\/www.hausamstrom.de\/de\/programm\/buchbares\/donautal\/windorfer-donauinsel-mit-allen-sinnen-erleben\/","url":"https:\/\/www.hausamstrom.de\/de\/programm\/buchbares\/donautal\/windorfer-donauinsel-mit-allen-sinnen-erleben\/","name":"Windorfer Donauinsel mit allen Sinnen erleben - Haus am Strom","isPartOf":{"@id":"https:\/\/www.hausamstrom.de\/de\/#website"},"datePublished":"2016-04-14T06:31:36+00:00","dateModified":"2023-11-02T12:58:24+00:00","breadcrumb":{"@id":"https:\/\/www.hausamstrom.de\/de\/programm\/buchbares\/donautal\/windorfer-donauinsel-mit-allen-sinnen-erleben\/#breadcrumb"},"inLanguage":"de","potentialAction":[{"@type":"ReadAction","target":["https:\/\/www.hausamstrom.de\/de\/programm\/buchbares\/donautal\/windorfer-donauinsel-mit-allen-sinnen-erleben\/"]}]},{"@type":"BreadcrumbList","@id":"https:\/\/www.hausamstrom.de\/de\/programm\/buchbares\/donautal\/windorfer-donauinsel-mit-allen-sinnen-erleben\/#breadcrumb","itemListElement":[{"@type":"ListItem","position":1,"name":"Home","item":"https:\/\/www.hausamstrom.de\/de\/"},{"@type":"ListItem","position":2,"name":"Programm","item":"https:\/\/www.hausamstrom.de\/de\/programm\/"},{"@type":"ListItem","position":3,"name":"Buchbares","item":"https:\/\/www.hausamstrom.de\/de\/programm\/buchbares\/"},{"@type":"ListItem","position":4,"name":"Donautal","item":"https:\/\/www.hausamstrom.de\/de\/programm\/buchbares\/donautal\/"},{"@type":"ListItem","position":5,"name":"Windorfer Donauinsel mit allen Sinnen erleben"}]},{"@type":"WebSite","@id":"https:\/\/www.hausamstrom.de\/de\/#website","url":"https:\/\/www.hausamstrom.de\/de\/","name":"Haus am Strom","description":"Umweltbildungsstation im Passauer Donautal. Umweltbildung und Naturschutz f\u00fcr Kinder und Erwachsenen.","publisher":{"@id":"https:\/\/www.hausamstrom.de\/de\/#organization"},"potentialAction":[{"@type":"SearchAction","target":{"@type":"EntryPoint","urlTemplate":"https:\/\/www.hausamstrom.de\/de\/?s={search_term_string}"},"query-input":{"@type":"PropertyValueSpecification","valueRequired":true,"valueName":"search_term_string"}}],"inLanguage":"de"},{"@type":"Organization","@id":"https:\/\/www.hausamstrom.de\/de\/#organization","name":"Haus am Strom","url":"https:\/\/www.hausamstrom.de\/de\/","logo":{"@type":"ImageObject","inLanguage":"de","@id":"https:\/\/www.hausamstrom.de\/de\/#\/schema\/logo\/image\/","url":"https:\/\/www.hausamstrom.de\/wp-content\/uploads\/2025\/06\/Logo-quadratisch-1024x1024.jpg","contentUrl":"https:\/\/www.hausamstrom.de\/wp-content\/uploads\/2025\/06\/Logo-quadratisch-1024x1024.jpg","width":1024,"height":1024,"caption":"Haus am Strom"},"image":{"@id":"https:\/\/www.hausamstrom.de\/de\/#\/schema\/logo\/image\/"},"sameAs":["https:\/\/www.facebook.com\/hausamstrom","https:\/\/www.instagram.com\/"]}]}},"_links":{"self":[{"href":"https:\/\/www.hausamstrom.de\/de\/wp-json\/wp\/v2\/pages\/1081","targetHints":{"allow":["GET"]}}],"collection":[{"href":"https:\/\/www.hausamstrom.de\/de\/wp-json\/wp\/v2\/pages"}],"about":[{"href":"https:\/\/www.hausamstrom.de\/de\/wp-json\/wp\/v2\/types\/page"}],"author":[{"embeddable":true,"href":"https:\/\/www.hausamstrom.de\/de\/wp-json\/wp\/v2\/users\/1"}],"replies":[{"embeddable":true,"href":"https:\/\/www.hausamstrom.de\/de\/wp-json\/wp\/v2\/comments?post=1081"}],"version-history":[{"count":4,"href":"https:\/\/www.hausamstrom.de\/de\/wp-json\/wp\/v2\/pages\/1081\/revisions"}],"predecessor-version":[{"id":11566,"href":"https:\/\/www.hausamstrom.de\/de\/wp-json\/wp\/v2\/pages\/1081\/revisions\/11566"}],"up":[{"embeddable":true,"href":"https:\/\/www.hausamstrom.de\/de\/wp-json\/wp\/v2\/pages\/373"}],"wp:attachment":[{"href":"https:\/\/www.hausamstrom.de\/de\/wp-json\/wp\/v2\/media?parent=1081"}],"curies":[{"name":"wp","href":"https:\/\/api.w.org\/{rel}","templated":true}]}}