{"id":1089,"date":"2016-04-14T08:42:02","date_gmt":"2016-04-14T06:42:02","guid":{"rendered":"http:\/\/hosting6807.af944.netcup.net\/?page_id=1089"},"modified":"2023-11-02T14:00:56","modified_gmt":"2023-11-02T13:00:56","slug":"biberwanderung-im-koesslbachtal","status":"publish","type":"page","link":"https:\/\/www.hausamstrom.de\/de\/programm\/buchbares\/donautal\/biberwanderung-im-koesslbachtal\/","title":{"rendered":"Biberwanderung im K\u00f6\u00dflbachtal"},"content":{"rendered":"<p>Lernen Sie den Biber in seinem nat\u00fcrlichen Lebensraum kennen. Genie\u00dfen Sie eine Wanderung begleitet von interessanten Fakten \u00fcber den Biber. Mit etwas Gl\u00fcck k\u00f6nnen wir vielleicht auch einen Biber in natura betrachten.<\/p>\n<p>\u00a0<\/p>\n<p><strong>Leistungen:\u00a0<\/strong>Fachkundige F\u00fchrung<\/p>\n<p><strong>Dauer: <\/strong>4 Std., alternativ 7 Std.<\/p>\n<p><strong>Treffpunkt: <\/strong>H\u00f6llm\u00fchle\/Ober\u00f6sterreich<\/p>\n<p><strong>Preis:\u00a0 <\/strong><\/p>\n<p>\u2013 Erwachsene: 6,00\u20ac<br \/>\n\u2013 Kinder: 5,00\u20ac<\/p>\n","protected":false},"excerpt":{"rendered":"<p>Lernen Sie den Biber in seinem nat\u00fcrlichen Lebensraum kennen. Genie\u00dfen Sie eine Wanderung begleitet von interessanten Fakten \u00fcber den Biber. Mit etwas Gl\u00fcck k\u00f6nnen wir vielleicht auch einen Biber in natura betrachten. \u00a0 Leistungen:\u00a0Fachkundige F\u00fchrung Dauer: 4 Std., alternativ 7 Std. Treffpunkt: H\u00f6llm\u00fchle\/Ober\u00f6sterreich Preis:\u00a0 \u2013 Erwachsene: 6,00\u20ac \u2013 Kinder: 5,00\u20ac<\/p>\n","protected":false},"author":1,"featured_media":0,"parent":373,"menu_order":0,"comment_status":"closed","ping_status":"closed","template":"","meta":{"footnotes":""},"class_list":["post-1089","page","type-page","status-publish","hentry"],"yoast_head":"<!-- This site is optimized with the Yoast SEO plugin v27.5 - https:\/\/yoast.com\/product\/yoast-seo-wordpress\/ -->\n<title>Biberwanderung im K\u00f6\u00dflbachtal - Haus am Strom<\/title>\n<meta name=\"robots\" content=\"index, follow, max-snippet:-1, max-image-preview:large, max-video-preview:-1\" \/>\n<link rel=\"canonical\" href=\"https:\/\/www.hausamstrom.de\/de\/programm\/buchbares\/donautal\/biberwanderung-im-koesslbachtal\/\" \/>\n<meta property=\"og:locale\" content=\"de_DE\" \/>\n<meta property=\"og:type\" content=\"article\" \/>\n<meta property=\"og:title\" content=\"Biberwanderung im K\u00f6\u00dflbachtal - Haus am Strom\" \/>\n<meta property=\"og:description\" content=\"Lernen Sie den Biber in seinem nat\u00fcrlichen Lebensraum kennen. Genie\u00dfen Sie eine Wanderung begleitet von interessanten Fakten \u00fcber den Biber. Mit etwas Gl\u00fcck k\u00f6nnen wir vielleicht auch einen Biber in natura betrachten. \u00a0 Leistungen:\u00a0Fachkundige F\u00fchrung Dauer: 4 Std., alternativ 7 Std. Treffpunkt: H\u00f6llm\u00fchle\/Ober\u00f6sterreich Preis:\u00a0 \u2013 Erwachsene: 6,00\u20ac \u2013 Kinder: 5,00\u20ac\" \/>\n<meta property=\"og:url\" content=\"https:\/\/www.hausamstrom.de\/de\/programm\/buchbares\/donautal\/biberwanderung-im-koesslbachtal\/\" \/>\n<meta property=\"og:site_name\" content=\"Haus am Strom\" \/>\n<meta property=\"article:publisher\" content=\"https:\/\/www.facebook.com\/hausamstrom\" \/>\n<meta property=\"article:modified_time\" content=\"2023-11-02T13:00:56+00:00\" \/>\n<meta name=\"twitter:card\" content=\"summary_large_image\" \/>\n<script type=\"application\/ld+json\" class=\"yoast-schema-graph\">{\"@context\":\"https:\\\/\\\/schema.org\",\"@graph\":[{\"@type\":\"WebPage\",\"@id\":\"https:\\\/\\\/www.hausamstrom.de\\\/de\\\/programm\\\/buchbares\\\/donautal\\\/biberwanderung-im-koesslbachtal\\\/\",\"url\":\"https:\\\/\\\/www.hausamstrom.de\\\/de\\\/programm\\\/buchbares\\\/donautal\\\/biberwanderung-im-koesslbachtal\\\/\",\"name\":\"Biberwanderung im K\u00f6\u00dflbachtal - Haus am Strom\",\"isPartOf\":{\"@id\":\"https:\\\/\\\/www.hausamstrom.de\\\/de\\\/#website\"},\"datePublished\":\"2016-04-14T06:42:02+00:00\",\"dateModified\":\"2023-11-02T13:00:56+00:00\",\"breadcrumb\":{\"@id\":\"https:\\\/\\\/www.hausamstrom.de\\\/de\\\/programm\\\/buchbares\\\/donautal\\\/biberwanderung-im-koesslbachtal\\\/#breadcrumb\"},\"inLanguage\":\"de\",\"potentialAction\":[{\"@type\":\"ReadAction\",\"target\":[\"https:\\\/\\\/www.hausamstrom.de\\\/de\\\/programm\\\/buchbares\\\/donautal\\\/biberwanderung-im-koesslbachtal\\\/\"]}]},{\"@type\":\"BreadcrumbList\",\"@id\":\"https:\\\/\\\/www.hausamstrom.de\\\/de\\\/programm\\\/buchbares\\\/donautal\\\/biberwanderung-im-koesslbachtal\\\/#breadcrumb\",\"itemListElement\":[{\"@type\":\"ListItem\",\"position\":1,\"name\":\"Home\",\"item\":\"https:\\\/\\\/www.hausamstrom.de\\\/de\\\/\"},{\"@type\":\"ListItem\",\"position\":2,\"name\":\"Programm\",\"item\":\"https:\\\/\\\/www.hausamstrom.de\\\/de\\\/programm\\\/\"},{\"@type\":\"ListItem\",\"position\":3,\"name\":\"Buchbares\",\"item\":\"https:\\\/\\\/www.hausamstrom.de\\\/de\\\/programm\\\/buchbares\\\/\"},{\"@type\":\"ListItem\",\"position\":4,\"name\":\"Donautal\",\"item\":\"https:\\\/\\\/www.hausamstrom.de\\\/de\\\/programm\\\/buchbares\\\/donautal\\\/\"},{\"@type\":\"ListItem\",\"position\":5,\"name\":\"Biberwanderung im K\u00f6\u00dflbachtal\"}]},{\"@type\":\"WebSite\",\"@id\":\"https:\\\/\\\/www.hausamstrom.de\\\/de\\\/#website\",\"url\":\"https:\\\/\\\/www.hausamstrom.de\\\/de\\\/\",\"name\":\"Haus am Strom\",\"description\":\"Umweltbildungsstation im Passauer Donautal. Umweltbildung und Naturschutz f\u00fcr Kinder und Erwachsenen.\",\"publisher\":{\"@id\":\"https:\\\/\\\/www.hausamstrom.de\\\/de\\\/#organization\"},\"potentialAction\":[{\"@type\":\"SearchAction\",\"target\":{\"@type\":\"EntryPoint\",\"urlTemplate\":\"https:\\\/\\\/www.hausamstrom.de\\\/de\\\/?s={search_term_string}\"},\"query-input\":{\"@type\":\"PropertyValueSpecification\",\"valueRequired\":true,\"valueName\":\"search_term_string\"}}],\"inLanguage\":\"de\"},{\"@type\":\"Organization\",\"@id\":\"https:\\\/\\\/www.hausamstrom.de\\\/de\\\/#organization\",\"name\":\"Haus am Strom\",\"url\":\"https:\\\/\\\/www.hausamstrom.de\\\/de\\\/\",\"logo\":{\"@type\":\"ImageObject\",\"inLanguage\":\"de\",\"@id\":\"https:\\\/\\\/www.hausamstrom.de\\\/de\\\/#\\\/schema\\\/logo\\\/image\\\/\",\"url\":\"https:\\\/\\\/www.hausamstrom.de\\\/wp-content\\\/uploads\\\/2025\\\/06\\\/Logo-quadratisch-1024x1024.jpg\",\"contentUrl\":\"https:\\\/\\\/www.hausamstrom.de\\\/wp-content\\\/uploads\\\/2025\\\/06\\\/Logo-quadratisch-1024x1024.jpg\",\"width\":1024,\"height\":1024,\"caption\":\"Haus am Strom\"},\"image\":{\"@id\":\"https:\\\/\\\/www.hausamstrom.de\\\/de\\\/#\\\/schema\\\/logo\\\/image\\\/\"},\"sameAs\":[\"https:\\\/\\\/www.facebook.com\\\/hausamstrom\",\"https:\\\/\\\/www.instagram.com\\\/\"]}]}<\/script>\n<!-- \/ Yoast SEO plugin. -->","yoast_head_json":{"title":"Biberwanderung im K\u00f6\u00dflbachtal - Haus am Strom","robots":{"index":"index","follow":"follow","max-snippet":"max-snippet:-1","max-image-preview":"max-image-preview:large","max-video-preview":"max-video-preview:-1"},"canonical":"https:\/\/www.hausamstrom.de\/de\/programm\/buchbares\/donautal\/biberwanderung-im-koesslbachtal\/","og_locale":"de_DE","og_type":"article","og_title":"Biberwanderung im K\u00f6\u00dflbachtal - Haus am Strom","og_description":"Lernen Sie den Biber in seinem nat\u00fcrlichen Lebensraum kennen. Genie\u00dfen Sie eine Wanderung begleitet von interessanten Fakten \u00fcber den Biber. Mit etwas Gl\u00fcck k\u00f6nnen wir vielleicht auch einen Biber in natura betrachten. \u00a0 Leistungen:\u00a0Fachkundige F\u00fchrung Dauer: 4 Std., alternativ 7 Std. Treffpunkt: H\u00f6llm\u00fchle\/Ober\u00f6sterreich Preis:\u00a0 \u2013 Erwachsene: 6,00\u20ac \u2013 Kinder: 5,00\u20ac","og_url":"https:\/\/www.hausamstrom.de\/de\/programm\/buchbares\/donautal\/biberwanderung-im-koesslbachtal\/","og_site_name":"Haus am Strom","article_publisher":"https:\/\/www.facebook.com\/hausamstrom","article_modified_time":"2023-11-02T13:00:56+00:00","twitter_card":"summary_large_image","schema":{"@context":"https:\/\/schema.org","@graph":[{"@type":"WebPage","@id":"https:\/\/www.hausamstrom.de\/de\/programm\/buchbares\/donautal\/biberwanderung-im-koesslbachtal\/","url":"https:\/\/www.hausamstrom.de\/de\/programm\/buchbares\/donautal\/biberwanderung-im-koesslbachtal\/","name":"Biberwanderung im K\u00f6\u00dflbachtal - Haus am Strom","isPartOf":{"@id":"https:\/\/www.hausamstrom.de\/de\/#website"},"datePublished":"2016-04-14T06:42:02+00:00","dateModified":"2023-11-02T13:00:56+00:00","breadcrumb":{"@id":"https:\/\/www.hausamstrom.de\/de\/programm\/buchbares\/donautal\/biberwanderung-im-koesslbachtal\/#breadcrumb"},"inLanguage":"de","potentialAction":[{"@type":"ReadAction","target":["https:\/\/www.hausamstrom.de\/de\/programm\/buchbares\/donautal\/biberwanderung-im-koesslbachtal\/"]}]},{"@type":"BreadcrumbList","@id":"https:\/\/www.hausamstrom.de\/de\/programm\/buchbares\/donautal\/biberwanderung-im-koesslbachtal\/#breadcrumb","itemListElement":[{"@type":"ListItem","position":1,"name":"Home","item":"https:\/\/www.hausamstrom.de\/de\/"},{"@type":"ListItem","position":2,"name":"Programm","item":"https:\/\/www.hausamstrom.de\/de\/programm\/"},{"@type":"ListItem","position":3,"name":"Buchbares","item":"https:\/\/www.hausamstrom.de\/de\/programm\/buchbares\/"},{"@type":"ListItem","position":4,"name":"Donautal","item":"https:\/\/www.hausamstrom.de\/de\/programm\/buchbares\/donautal\/"},{"@type":"ListItem","position":5,"name":"Biberwanderung im K\u00f6\u00dflbachtal"}]},{"@type":"WebSite","@id":"https:\/\/www.hausamstrom.de\/de\/#website","url":"https:\/\/www.hausamstrom.de\/de\/","name":"Haus am Strom","description":"Umweltbildungsstation im Passauer Donautal. Umweltbildung und Naturschutz f\u00fcr Kinder und Erwachsenen.","publisher":{"@id":"https:\/\/www.hausamstrom.de\/de\/#organization"},"potentialAction":[{"@type":"SearchAction","target":{"@type":"EntryPoint","urlTemplate":"https:\/\/www.hausamstrom.de\/de\/?s={search_term_string}"},"query-input":{"@type":"PropertyValueSpecification","valueRequired":true,"valueName":"search_term_string"}}],"inLanguage":"de"},{"@type":"Organization","@id":"https:\/\/www.hausamstrom.de\/de\/#organization","name":"Haus am Strom","url":"https:\/\/www.hausamstrom.de\/de\/","logo":{"@type":"ImageObject","inLanguage":"de","@id":"https:\/\/www.hausamstrom.de\/de\/#\/schema\/logo\/image\/","url":"https:\/\/www.hausamstrom.de\/wp-content\/uploads\/2025\/06\/Logo-quadratisch-1024x1024.jpg","contentUrl":"https:\/\/www.hausamstrom.de\/wp-content\/uploads\/2025\/06\/Logo-quadratisch-1024x1024.jpg","width":1024,"height":1024,"caption":"Haus am Strom"},"image":{"@id":"https:\/\/www.hausamstrom.de\/de\/#\/schema\/logo\/image\/"},"sameAs":["https:\/\/www.facebook.com\/hausamstrom","https:\/\/www.instagram.com\/"]}]}},"_links":{"self":[{"href":"https:\/\/www.hausamstrom.de\/de\/wp-json\/wp\/v2\/pages\/1089","targetHints":{"allow":["GET"]}}],"collection":[{"href":"https:\/\/www.hausamstrom.de\/de\/wp-json\/wp\/v2\/pages"}],"about":[{"href":"https:\/\/www.hausamstrom.de\/de\/wp-json\/wp\/v2\/types\/page"}],"author":[{"embeddable":true,"href":"https:\/\/www.hausamstrom.de\/de\/wp-json\/wp\/v2\/users\/1"}],"replies":[{"embeddable":true,"href":"https:\/\/www.hausamstrom.de\/de\/wp-json\/wp\/v2\/comments?post=1089"}],"version-history":[{"count":3,"href":"https:\/\/www.hausamstrom.de\/de\/wp-json\/wp\/v2\/pages\/1089\/revisions"}],"predecessor-version":[{"id":11570,"href":"https:\/\/www.hausamstrom.de\/de\/wp-json\/wp\/v2\/pages\/1089\/revisions\/11570"}],"up":[{"embeddable":true,"href":"https:\/\/www.hausamstrom.de\/de\/wp-json\/wp\/v2\/pages\/373"}],"wp:attachment":[{"href":"https:\/\/www.hausamstrom.de\/de\/wp-json\/wp\/v2\/media?parent=1089"}],"curies":[{"name":"wp","href":"https:\/\/api.w.org\/{rel}","templated":true}]}}