{"id":13016,"date":"2024-12-04T12:11:00","date_gmt":"2024-12-04T11:11:00","guid":{"rendered":"https:\/\/www.hausamstrom.de\/?page_id=13016"},"modified":"2026-01-07T09:44:59","modified_gmt":"2026-01-07T08:44:59","slug":"programm-buchbares-schulen-klima-escape-box","status":"publish","type":"page","link":"https:\/\/www.hausamstrom.de\/de\/programm-buchbares-schulen-klima-escape-box\/","title":{"rendered":"Klima Escape Box"},"content":{"rendered":"<div class=\"wpb-content-wrapper\"><p>[vc_row][vc_column][vc_column_text css=\u201d\u201d]Wer kennt sie nicht, die spannenden Escape Spiele, bei denen gemeinsam L\u00f6sungen gefunden werden m\u00fcssen.<\/p>\n<p>Beim kreativen Spielerlebnis mit der Escape Box suchen die Teilnehmer zusammen mit viel Spa\u00df Wege aus der Klimakrise.<\/p>\n<table width=\"1199\">\n<tbody>\n<tr>\n<td width=\"101\">Dauer:<\/p>\n<p>2 Std.<\/td>\n<td width=\"112\">Veranstaltungsort:<\/p>\n<p>wahlweise<\/p>\n<p>Schule vor Ort oder Haus am Strom<\/td>\n<td width=\"139\">Kosten:<\/p>\n<p>6,00 \u20ac pro Kind, mindestens 60 \u20ac pro Veranstaltung<\/td>\n<td width=\"108\">Geeignet f\u00fcr:<\/p>\n<p>Jugendliche ab 15 Jahren<\/td>\n<\/tr>\n<\/tbody>\n<\/table>\n<p>[\/vc_column_text][\/vc_column][\/vc_row]<\/p>\n<\/div>","protected":false},"excerpt":{"rendered":"<p>[vc_row][vc_column][vc_column_text css=\u201d\u201d]Wer kennt sie nicht, die spannenden Escape Spiele, bei denen gemeinsam L\u00f6sungen gefunden werden m\u00fcssen. Beim kreativen Spielerlebnis mit der Escape Box suchen die Teilnehmer zusammen mit viel Spa\u00df Wege aus der Klimakrise. Dauer: 2 Std. Veranstaltungsort: wahlweise Schule vor Ort oder Haus am Strom Kosten: 6,00 \u20ac pro Kind, mindestens 60 \u20ac pro [&hellip;]<\/p>\n","protected":false},"author":1,"featured_media":0,"parent":0,"menu_order":0,"comment_status":"closed","ping_status":"closed","template":"","meta":{"footnotes":""},"class_list":["post-13016","page","type-page","status-publish","hentry"],"yoast_head":"<!-- This site is optimized with the Yoast SEO plugin v27.5 - https:\/\/yoast.com\/product\/yoast-seo-wordpress\/ -->\n<title>Klima Escape Box - Haus am Strom<\/title>\n<meta name=\"robots\" content=\"index, follow, max-snippet:-1, max-image-preview:large, max-video-preview:-1\" \/>\n<link rel=\"canonical\" href=\"https:\/\/www.hausamstrom.de\/de\/programm-buchbares-schulen-klima-escape-box\/\" \/>\n<meta property=\"og:locale\" content=\"de_DE\" \/>\n<meta property=\"og:type\" content=\"article\" \/>\n<meta property=\"og:title\" content=\"Klima Escape Box - Haus am Strom\" \/>\n<meta property=\"og:description\" content=\"[vc_row][vc_column][vc_column_text css=\u201d\u201d]Wer kennt sie nicht, die spannenden Escape Spiele, bei denen gemeinsam L\u00f6sungen gefunden werden m\u00fcssen. Beim kreativen Spielerlebnis mit der Escape Box suchen die Teilnehmer zusammen mit viel Spa\u00df Wege aus der Klimakrise. Dauer: 2 Std. Veranstaltungsort: wahlweise Schule vor Ort oder Haus am Strom Kosten: 6,00 \u20ac pro Kind, mindestens 60 \u20ac pro [&hellip;]\" \/>\n<meta property=\"og:url\" content=\"https:\/\/www.hausamstrom.de\/de\/programm-buchbares-schulen-klima-escape-box\/\" \/>\n<meta property=\"og:site_name\" content=\"Haus am Strom\" \/>\n<meta property=\"article:publisher\" content=\"https:\/\/www.facebook.com\/hausamstrom\" \/>\n<meta property=\"article:modified_time\" content=\"2026-01-07T08:44:59+00:00\" \/>\n<meta name=\"twitter:card\" content=\"summary_large_image\" \/>\n<meta name=\"twitter:label1\" content=\"Gesch\u00e4tzte Lesezeit\" \/>\n\t<meta name=\"twitter:data1\" content=\"1\u00a0Minute\" \/>\n<script type=\"application\/ld+json\" class=\"yoast-schema-graph\">{\"@context\":\"https:\\\/\\\/schema.org\",\"@graph\":[{\"@type\":\"WebPage\",\"@id\":\"https:\\\/\\\/www.hausamstrom.de\\\/de\\\/programm-buchbares-schulen-klima-escape-box\\\/\",\"url\":\"https:\\\/\\\/www.hausamstrom.de\\\/de\\\/programm-buchbares-schulen-klima-escape-box\\\/\",\"name\":\"Klima Escape Box - Haus am Strom\",\"isPartOf\":{\"@id\":\"https:\\\/\\\/www.hausamstrom.de\\\/de\\\/#website\"},\"datePublished\":\"2024-12-04T11:11:00+00:00\",\"dateModified\":\"2026-01-07T08:44:59+00:00\",\"breadcrumb\":{\"@id\":\"https:\\\/\\\/www.hausamstrom.de\\\/de\\\/programm-buchbares-schulen-klima-escape-box\\\/#breadcrumb\"},\"inLanguage\":\"de\",\"potentialAction\":[{\"@type\":\"ReadAction\",\"target\":[\"https:\\\/\\\/www.hausamstrom.de\\\/de\\\/programm-buchbares-schulen-klima-escape-box\\\/\"]}]},{\"@type\":\"BreadcrumbList\",\"@id\":\"https:\\\/\\\/www.hausamstrom.de\\\/de\\\/programm-buchbares-schulen-klima-escape-box\\\/#breadcrumb\",\"itemListElement\":[{\"@type\":\"ListItem\",\"position\":1,\"name\":\"Home\",\"item\":\"https:\\\/\\\/www.hausamstrom.de\\\/de\\\/\"},{\"@type\":\"ListItem\",\"position\":2,\"name\":\"Klima Escape Box\"}]},{\"@type\":\"WebSite\",\"@id\":\"https:\\\/\\\/www.hausamstrom.de\\\/de\\\/#website\",\"url\":\"https:\\\/\\\/www.hausamstrom.de\\\/de\\\/\",\"name\":\"Haus am Strom\",\"description\":\"Umweltbildungsstation im Passauer Donautal. Umweltbildung und Naturschutz f\u00fcr Kinder und Erwachsenen.\",\"publisher\":{\"@id\":\"https:\\\/\\\/www.hausamstrom.de\\\/de\\\/#organization\"},\"potentialAction\":[{\"@type\":\"SearchAction\",\"target\":{\"@type\":\"EntryPoint\",\"urlTemplate\":\"https:\\\/\\\/www.hausamstrom.de\\\/de\\\/?s={search_term_string}\"},\"query-input\":{\"@type\":\"PropertyValueSpecification\",\"valueRequired\":true,\"valueName\":\"search_term_string\"}}],\"inLanguage\":\"de\"},{\"@type\":\"Organization\",\"@id\":\"https:\\\/\\\/www.hausamstrom.de\\\/de\\\/#organization\",\"name\":\"Haus am Strom\",\"url\":\"https:\\\/\\\/www.hausamstrom.de\\\/de\\\/\",\"logo\":{\"@type\":\"ImageObject\",\"inLanguage\":\"de\",\"@id\":\"https:\\\/\\\/www.hausamstrom.de\\\/de\\\/#\\\/schema\\\/logo\\\/image\\\/\",\"url\":\"https:\\\/\\\/www.hausamstrom.de\\\/wp-content\\\/uploads\\\/2025\\\/06\\\/Logo-quadratisch-1024x1024.jpg\",\"contentUrl\":\"https:\\\/\\\/www.hausamstrom.de\\\/wp-content\\\/uploads\\\/2025\\\/06\\\/Logo-quadratisch-1024x1024.jpg\",\"width\":1024,\"height\":1024,\"caption\":\"Haus am Strom\"},\"image\":{\"@id\":\"https:\\\/\\\/www.hausamstrom.de\\\/de\\\/#\\\/schema\\\/logo\\\/image\\\/\"},\"sameAs\":[\"https:\\\/\\\/www.facebook.com\\\/hausamstrom\",\"https:\\\/\\\/www.instagram.com\\\/\"]}]}<\/script>\n<!-- \/ Yoast SEO plugin. -->","yoast_head_json":{"title":"Klima Escape Box - Haus am Strom","robots":{"index":"index","follow":"follow","max-snippet":"max-snippet:-1","max-image-preview":"max-image-preview:large","max-video-preview":"max-video-preview:-1"},"canonical":"https:\/\/www.hausamstrom.de\/de\/programm-buchbares-schulen-klima-escape-box\/","og_locale":"de_DE","og_type":"article","og_title":"Klima Escape Box - Haus am Strom","og_description":"[vc_row][vc_column][vc_column_text css=\u201d\u201d]Wer kennt sie nicht, die spannenden Escape Spiele, bei denen gemeinsam L\u00f6sungen gefunden werden m\u00fcssen. Beim kreativen Spielerlebnis mit der Escape Box suchen die Teilnehmer zusammen mit viel Spa\u00df Wege aus der Klimakrise. Dauer: 2 Std. Veranstaltungsort: wahlweise Schule vor Ort oder Haus am Strom Kosten: 6,00 \u20ac pro Kind, mindestens 60 \u20ac pro [&hellip;]","og_url":"https:\/\/www.hausamstrom.de\/de\/programm-buchbares-schulen-klima-escape-box\/","og_site_name":"Haus am Strom","article_publisher":"https:\/\/www.facebook.com\/hausamstrom","article_modified_time":"2026-01-07T08:44:59+00:00","twitter_card":"summary_large_image","twitter_misc":{"Gesch\u00e4tzte Lesezeit":"1\u00a0Minute"},"schema":{"@context":"https:\/\/schema.org","@graph":[{"@type":"WebPage","@id":"https:\/\/www.hausamstrom.de\/de\/programm-buchbares-schulen-klima-escape-box\/","url":"https:\/\/www.hausamstrom.de\/de\/programm-buchbares-schulen-klima-escape-box\/","name":"Klima Escape Box - Haus am Strom","isPartOf":{"@id":"https:\/\/www.hausamstrom.de\/de\/#website"},"datePublished":"2024-12-04T11:11:00+00:00","dateModified":"2026-01-07T08:44:59+00:00","breadcrumb":{"@id":"https:\/\/www.hausamstrom.de\/de\/programm-buchbares-schulen-klima-escape-box\/#breadcrumb"},"inLanguage":"de","potentialAction":[{"@type":"ReadAction","target":["https:\/\/www.hausamstrom.de\/de\/programm-buchbares-schulen-klima-escape-box\/"]}]},{"@type":"BreadcrumbList","@id":"https:\/\/www.hausamstrom.de\/de\/programm-buchbares-schulen-klima-escape-box\/#breadcrumb","itemListElement":[{"@type":"ListItem","position":1,"name":"Home","item":"https:\/\/www.hausamstrom.de\/de\/"},{"@type":"ListItem","position":2,"name":"Klima Escape Box"}]},{"@type":"WebSite","@id":"https:\/\/www.hausamstrom.de\/de\/#website","url":"https:\/\/www.hausamstrom.de\/de\/","name":"Haus am Strom","description":"Umweltbildungsstation im Passauer Donautal. Umweltbildung und Naturschutz f\u00fcr Kinder und Erwachsenen.","publisher":{"@id":"https:\/\/www.hausamstrom.de\/de\/#organization"},"potentialAction":[{"@type":"SearchAction","target":{"@type":"EntryPoint","urlTemplate":"https:\/\/www.hausamstrom.de\/de\/?s={search_term_string}"},"query-input":{"@type":"PropertyValueSpecification","valueRequired":true,"valueName":"search_term_string"}}],"inLanguage":"de"},{"@type":"Organization","@id":"https:\/\/www.hausamstrom.de\/de\/#organization","name":"Haus am Strom","url":"https:\/\/www.hausamstrom.de\/de\/","logo":{"@type":"ImageObject","inLanguage":"de","@id":"https:\/\/www.hausamstrom.de\/de\/#\/schema\/logo\/image\/","url":"https:\/\/www.hausamstrom.de\/wp-content\/uploads\/2025\/06\/Logo-quadratisch-1024x1024.jpg","contentUrl":"https:\/\/www.hausamstrom.de\/wp-content\/uploads\/2025\/06\/Logo-quadratisch-1024x1024.jpg","width":1024,"height":1024,"caption":"Haus am Strom"},"image":{"@id":"https:\/\/www.hausamstrom.de\/de\/#\/schema\/logo\/image\/"},"sameAs":["https:\/\/www.facebook.com\/hausamstrom","https:\/\/www.instagram.com\/"]}]}},"_links":{"self":[{"href":"https:\/\/www.hausamstrom.de\/de\/wp-json\/wp\/v2\/pages\/13016","targetHints":{"allow":["GET"]}}],"collection":[{"href":"https:\/\/www.hausamstrom.de\/de\/wp-json\/wp\/v2\/pages"}],"about":[{"href":"https:\/\/www.hausamstrom.de\/de\/wp-json\/wp\/v2\/types\/page"}],"author":[{"embeddable":true,"href":"https:\/\/www.hausamstrom.de\/de\/wp-json\/wp\/v2\/users\/1"}],"replies":[{"embeddable":true,"href":"https:\/\/www.hausamstrom.de\/de\/wp-json\/wp\/v2\/comments?post=13016"}],"version-history":[{"count":5,"href":"https:\/\/www.hausamstrom.de\/de\/wp-json\/wp\/v2\/pages\/13016\/revisions"}],"predecessor-version":[{"id":13864,"href":"https:\/\/www.hausamstrom.de\/de\/wp-json\/wp\/v2\/pages\/13016\/revisions\/13864"}],"wp:attachment":[{"href":"https:\/\/www.hausamstrom.de\/de\/wp-json\/wp\/v2\/media?parent=13016"}],"curies":[{"name":"wp","href":"https:\/\/api.w.org\/{rel}","templated":true}]}}