{"id":13965,"date":"2026-02-18T11:46:55","date_gmt":"2026-02-18T10:46:55","guid":{"rendered":"https:\/\/www.hausamstrom.de\/?page_id=13965"},"modified":"2026-02-20T15:52:01","modified_gmt":"2026-02-20T14:52:01","slug":"gefaehrdete-pflanzen","status":"publish","type":"page","link":"https:\/\/www.hausamstrom.de\/de\/gefaehrdete-pflanzen\/","title":{"rendered":"Gef\u00e4hrdete Pflanzen"},"content":{"rendered":"<div class=\"wpb-content-wrapper\"><p>[vc_row][vc_column][vc_column_text css=&#8221;&#8221;]<\/p>\n<h2>Schutz gef\u00e4hrdeter Pflanzen<\/h2>\n<p>Die Donauleiten sind ein Lebensraum, der viele Jahrhunderte durch den wirtschaftenden Menschen gepr\u00e4gt wurde. Manche Bereiche, vor allem in Ortsn\u00e4he, sind st\u00e4rker, andere weniger stark vom Menschen beeinflusst worden. Hier spielte vor allem die Holznutzung eine gro\u00dfe Rolle. Vermutlich gab es fr\u00fcher auch schon lichte und schattige Bereiche in den Donauleiten, teils menschlichen, teils nat\u00fcrlichen Ursprungs.[\/vc_column_text][\/vc_column][\/vc_row][vc_row][vc_column][vc_separator color=&#8221;turquoise&#8221;][\/vc_column][\/vc_row][vc_row][vc_column width=&#8221;1\/4&#8243;][vc_empty_space][vc_empty_space][vc_empty_space][vc_single_image image=&#8221;14047&#8243; img_size=&#8221;full&#8221; add_caption=&#8221;yes&#8221; css=&#8221;&#8221;][\/vc_column][vc_column width=&#8221;3\/4&#8243;][vc_column_text css=&#8221;&#8221;]<\/p>\n<h2>Wald<\/h2>\n<p>Die Waldnutzung heutzutage ist kaum mehr vorhanden, weil es sehr beschwerlich ist, Holz in den Leiten zu ernten. Hinzu kommen Mineralstoffeintr\u00e4ge \u00fcber die Luft, die eine h\u00f6here Verschattung durch die B\u00e4ume bewirken. Bevor nat\u00fcrliche Prozesse f\u00fcr mehr Licht im Wald sorgen, muss eingegriffen werden. Denn es gibt viele gef\u00e4hrdete Pflanzenarten, die Licht ben\u00f6tigen. Gerade bl\u00fchende Pflanzen sind wichtige Bausteine des Insektenlebensraums.<br \/>\nAlten Chroniken ist zu entnehmen, welche heute z.T. fast ausgestorbene Pflanzenarten in den Donauleiten vorgekommen sind. An einigen Stellen kommen sie jedoch noch im Gebiet vor. Einzelne Pflanzen oder ihre Samen werden entnommen und auf dem Gel\u00e4nde des Haus am Strom vermehrt. Nach erfolgreicher Nachzucht werden die Pflanzen oder ihre Samen an geeigneten Stellen im Gebiet ausgebracht. Damit sie sich an diesen Standorten halten k\u00f6nnen, werden diese freigestellt. Schattholzbaumarten werden gef\u00e4llt. Ein Beispiel f\u00fcr eine gef\u00e4hrdete Waldart ist das Rote Waldv\u00f6gelein.[\/vc_column_text][\/vc_column][\/vc_row][vc_row][vc_column][vc_separator color=&#8221;turquoise&#8221;][\/vc_column][\/vc_row][vc_row][vc_column width=&#8221;1\/4&#8243;][vc_single_image image=&#8221;14078&#8243; img_size=&#8221;full&#8221; add_caption=&#8221;yes&#8221; css=&#8221;&#8221;][\/vc_column][vc_column width=&#8221;3\/4&#8243;][vc_column_text css=&#8221;&#8221;]<\/p>\n<h2>Felsen<\/h2>\n<p>Ein typischer Lebensraum der Leiten sind die sehr steilen Felsen. Dort herrschen Trockenheit und warme Temperaturen. Nur spezialisierte Arten k\u00f6nnen hier \u00fcberleben. Eine typische Pflanze ist die Fetthenne, die wiederum Grundlage f\u00fcr den Fetthennen-Bl\u00e4uling ist, einem Schmetterling, der vom Aussterben bedroht ist, aber hier noch vorkommt. Eine weitere Art, die ebenfalls vermehrt und ausges\u00e4t wird, ist der Berglauch.[\/vc_column_text][\/vc_column][\/vc_row][vc_row][vc_column][vc_separator color=&#8221;turquoise&#8221;][\/vc_column][\/vc_row][vc_row][vc_column width=&#8221;1\/4&#8243;][vc_empty_space][vc_single_image image=&#8221;14057&#8243; img_size=&#8221;medium&#8221; add_caption=&#8221;yes&#8221; css=&#8221;&#8221;][\/vc_column][vc_column width=&#8221;3\/4&#8243;][vc_empty_space][vc_empty_space][vc_empty_space][vc_column_text css=&#8221;&#8221;]<\/p>\n<h2>Wiese<\/h2>\n<p>Ein kleiner Teil des Naturschutzgebietes (NSG) Donauleiten besteht aus Wiesen, die vom Landschaftspfelgeverband in Zusammenarbeit mit den ans\u00e4\u00dfigen Landwirten bewirtschaftet werden. Gro\u00dfe Wiesenfl\u00e4chen liegen au\u00dferhalb des NSGs, vor allem in den ehemaligen Auenbereichen der Donau. Hier herrscht intensive M\u00e4hwirtschaft vor, sodass in erster Linie artenarmes, mesophiles Gr\u00fcnland vorzufinden ist. Bei einer extensiven Beweidung oder Mahd w\u00fcrden sich die Lebensbedingungen f\u00fcr seltenere Arten wie z.B. dem knolligen M\u00e4hdes\u00fc\u00df verbessern.[\/vc_column_text][\/vc_column][\/vc_row]<\/p>\n<\/div>","protected":false},"excerpt":{"rendered":"<p>[vc_row][vc_column][vc_column_text css=&#8221;&#8221;] Schutz gef\u00e4hrdeter Pflanzen Die Donauleiten sind ein Lebensraum, der viele Jahrhunderte durch den wirtschaftenden Menschen gepr\u00e4gt wurde. Manche Bereiche, vor allem in Ortsn\u00e4he, sind st\u00e4rker, andere weniger stark vom Menschen beeinflusst worden. Hier spielte vor allem die Holznutzung eine gro\u00dfe Rolle. Vermutlich gab es fr\u00fcher auch schon lichte und schattige Bereiche in den [&hellip;]<\/p>\n","protected":false},"author":1,"featured_media":0,"parent":0,"menu_order":0,"comment_status":"closed","ping_status":"closed","template":"","meta":{"footnotes":""},"class_list":["post-13965","page","type-page","status-publish","hentry"],"yoast_head":"<!-- This site is optimized with the Yoast SEO plugin v27.4 - https:\/\/yoast.com\/product\/yoast-seo-wordpress\/ -->\n<title>Gef\u00e4hrdete Pflanzen - Haus am Strom<\/title>\n<meta name=\"robots\" content=\"index, follow, max-snippet:-1, max-image-preview:large, max-video-preview:-1\" \/>\n<link rel=\"canonical\" href=\"https:\/\/www.hausamstrom.de\/de\/gefaehrdete-pflanzen\/\" \/>\n<meta property=\"og:locale\" content=\"de_DE\" \/>\n<meta property=\"og:type\" content=\"article\" \/>\n<meta property=\"og:title\" content=\"Gef\u00e4hrdete Pflanzen - Haus am Strom\" \/>\n<meta property=\"og:description\" content=\"[vc_row][vc_column][vc_column_text css=&#8221;&#8221;] Schutz gef\u00e4hrdeter Pflanzen Die Donauleiten sind ein Lebensraum, der viele Jahrhunderte durch den wirtschaftenden Menschen gepr\u00e4gt wurde. Manche Bereiche, vor allem in Ortsn\u00e4he, sind st\u00e4rker, andere weniger stark vom Menschen beeinflusst worden. Hier spielte vor allem die Holznutzung eine gro\u00dfe Rolle. Vermutlich gab es fr\u00fcher auch schon lichte und schattige Bereiche in den [&hellip;]\" \/>\n<meta property=\"og:url\" content=\"https:\/\/www.hausamstrom.de\/de\/gefaehrdete-pflanzen\/\" \/>\n<meta property=\"og:site_name\" content=\"Haus am Strom\" \/>\n<meta property=\"article:publisher\" content=\"https:\/\/www.facebook.com\/hausamstrom\" \/>\n<meta property=\"article:modified_time\" content=\"2026-02-20T14:52:01+00:00\" \/>\n<meta name=\"twitter:card\" content=\"summary_large_image\" \/>\n<meta name=\"twitter:label1\" content=\"Gesch\u00e4tzte Lesezeit\" \/>\n\t<meta name=\"twitter:data1\" content=\"3\u00a0Minuten\" \/>\n<script type=\"application\/ld+json\" class=\"yoast-schema-graph\">{\"@context\":\"https:\\\/\\\/schema.org\",\"@graph\":[{\"@type\":\"WebPage\",\"@id\":\"https:\\\/\\\/www.hausamstrom.de\\\/de\\\/gefaehrdete-pflanzen\\\/\",\"url\":\"https:\\\/\\\/www.hausamstrom.de\\\/de\\\/gefaehrdete-pflanzen\\\/\",\"name\":\"Gef\u00e4hrdete Pflanzen - Haus am Strom\",\"isPartOf\":{\"@id\":\"https:\\\/\\\/www.hausamstrom.de\\\/de\\\/#website\"},\"datePublished\":\"2026-02-18T10:46:55+00:00\",\"dateModified\":\"2026-02-20T14:52:01+00:00\",\"breadcrumb\":{\"@id\":\"https:\\\/\\\/www.hausamstrom.de\\\/de\\\/gefaehrdete-pflanzen\\\/#breadcrumb\"},\"inLanguage\":\"de\",\"potentialAction\":[{\"@type\":\"ReadAction\",\"target\":[\"https:\\\/\\\/www.hausamstrom.de\\\/de\\\/gefaehrdete-pflanzen\\\/\"]}]},{\"@type\":\"BreadcrumbList\",\"@id\":\"https:\\\/\\\/www.hausamstrom.de\\\/de\\\/gefaehrdete-pflanzen\\\/#breadcrumb\",\"itemListElement\":[{\"@type\":\"ListItem\",\"position\":1,\"name\":\"Home\",\"item\":\"https:\\\/\\\/www.hausamstrom.de\\\/de\\\/\"},{\"@type\":\"ListItem\",\"position\":2,\"name\":\"Gef\u00e4hrdete Pflanzen\"}]},{\"@type\":\"WebSite\",\"@id\":\"https:\\\/\\\/www.hausamstrom.de\\\/de\\\/#website\",\"url\":\"https:\\\/\\\/www.hausamstrom.de\\\/de\\\/\",\"name\":\"Haus am Strom\",\"description\":\"Umweltbildungsstation im Passauer Donautal. Umweltbildung und Naturschutz f\u00fcr Kinder und Erwachsenen.\",\"publisher\":{\"@id\":\"https:\\\/\\\/www.hausamstrom.de\\\/de\\\/#organization\"},\"potentialAction\":[{\"@type\":\"SearchAction\",\"target\":{\"@type\":\"EntryPoint\",\"urlTemplate\":\"https:\\\/\\\/www.hausamstrom.de\\\/de\\\/?s={search_term_string}\"},\"query-input\":{\"@type\":\"PropertyValueSpecification\",\"valueRequired\":true,\"valueName\":\"search_term_string\"}}],\"inLanguage\":\"de\"},{\"@type\":\"Organization\",\"@id\":\"https:\\\/\\\/www.hausamstrom.de\\\/de\\\/#organization\",\"name\":\"Haus am Strom\",\"url\":\"https:\\\/\\\/www.hausamstrom.de\\\/de\\\/\",\"logo\":{\"@type\":\"ImageObject\",\"inLanguage\":\"de\",\"@id\":\"https:\\\/\\\/www.hausamstrom.de\\\/de\\\/#\\\/schema\\\/logo\\\/image\\\/\",\"url\":\"https:\\\/\\\/www.hausamstrom.de\\\/wp-content\\\/uploads\\\/2025\\\/06\\\/Logo-quadratisch-1024x1024.jpg\",\"contentUrl\":\"https:\\\/\\\/www.hausamstrom.de\\\/wp-content\\\/uploads\\\/2025\\\/06\\\/Logo-quadratisch-1024x1024.jpg\",\"width\":1024,\"height\":1024,\"caption\":\"Haus am Strom\"},\"image\":{\"@id\":\"https:\\\/\\\/www.hausamstrom.de\\\/de\\\/#\\\/schema\\\/logo\\\/image\\\/\"},\"sameAs\":[\"https:\\\/\\\/www.facebook.com\\\/hausamstrom\",\"https:\\\/\\\/www.instagram.com\\\/\"]}]}<\/script>\n<!-- \/ Yoast SEO plugin. -->","yoast_head_json":{"title":"Gef\u00e4hrdete Pflanzen - Haus am Strom","robots":{"index":"index","follow":"follow","max-snippet":"max-snippet:-1","max-image-preview":"max-image-preview:large","max-video-preview":"max-video-preview:-1"},"canonical":"https:\/\/www.hausamstrom.de\/de\/gefaehrdete-pflanzen\/","og_locale":"de_DE","og_type":"article","og_title":"Gef\u00e4hrdete Pflanzen - Haus am Strom","og_description":"[vc_row][vc_column][vc_column_text css=&#8221;&#8221;] Schutz gef\u00e4hrdeter Pflanzen Die Donauleiten sind ein Lebensraum, der viele Jahrhunderte durch den wirtschaftenden Menschen gepr\u00e4gt wurde. Manche Bereiche, vor allem in Ortsn\u00e4he, sind st\u00e4rker, andere weniger stark vom Menschen beeinflusst worden. Hier spielte vor allem die Holznutzung eine gro\u00dfe Rolle. Vermutlich gab es fr\u00fcher auch schon lichte und schattige Bereiche in den [&hellip;]","og_url":"https:\/\/www.hausamstrom.de\/de\/gefaehrdete-pflanzen\/","og_site_name":"Haus am Strom","article_publisher":"https:\/\/www.facebook.com\/hausamstrom","article_modified_time":"2026-02-20T14:52:01+00:00","twitter_card":"summary_large_image","twitter_misc":{"Gesch\u00e4tzte Lesezeit":"3\u00a0Minuten"},"schema":{"@context":"https:\/\/schema.org","@graph":[{"@type":"WebPage","@id":"https:\/\/www.hausamstrom.de\/de\/gefaehrdete-pflanzen\/","url":"https:\/\/www.hausamstrom.de\/de\/gefaehrdete-pflanzen\/","name":"Gef\u00e4hrdete Pflanzen - Haus am Strom","isPartOf":{"@id":"https:\/\/www.hausamstrom.de\/de\/#website"},"datePublished":"2026-02-18T10:46:55+00:00","dateModified":"2026-02-20T14:52:01+00:00","breadcrumb":{"@id":"https:\/\/www.hausamstrom.de\/de\/gefaehrdete-pflanzen\/#breadcrumb"},"inLanguage":"de","potentialAction":[{"@type":"ReadAction","target":["https:\/\/www.hausamstrom.de\/de\/gefaehrdete-pflanzen\/"]}]},{"@type":"BreadcrumbList","@id":"https:\/\/www.hausamstrom.de\/de\/gefaehrdete-pflanzen\/#breadcrumb","itemListElement":[{"@type":"ListItem","position":1,"name":"Home","item":"https:\/\/www.hausamstrom.de\/de\/"},{"@type":"ListItem","position":2,"name":"Gef\u00e4hrdete Pflanzen"}]},{"@type":"WebSite","@id":"https:\/\/www.hausamstrom.de\/de\/#website","url":"https:\/\/www.hausamstrom.de\/de\/","name":"Haus am Strom","description":"Umweltbildungsstation im Passauer Donautal. Umweltbildung und Naturschutz f\u00fcr Kinder und Erwachsenen.","publisher":{"@id":"https:\/\/www.hausamstrom.de\/de\/#organization"},"potentialAction":[{"@type":"SearchAction","target":{"@type":"EntryPoint","urlTemplate":"https:\/\/www.hausamstrom.de\/de\/?s={search_term_string}"},"query-input":{"@type":"PropertyValueSpecification","valueRequired":true,"valueName":"search_term_string"}}],"inLanguage":"de"},{"@type":"Organization","@id":"https:\/\/www.hausamstrom.de\/de\/#organization","name":"Haus am Strom","url":"https:\/\/www.hausamstrom.de\/de\/","logo":{"@type":"ImageObject","inLanguage":"de","@id":"https:\/\/www.hausamstrom.de\/de\/#\/schema\/logo\/image\/","url":"https:\/\/www.hausamstrom.de\/wp-content\/uploads\/2025\/06\/Logo-quadratisch-1024x1024.jpg","contentUrl":"https:\/\/www.hausamstrom.de\/wp-content\/uploads\/2025\/06\/Logo-quadratisch-1024x1024.jpg","width":1024,"height":1024,"caption":"Haus am Strom"},"image":{"@id":"https:\/\/www.hausamstrom.de\/de\/#\/schema\/logo\/image\/"},"sameAs":["https:\/\/www.facebook.com\/hausamstrom","https:\/\/www.instagram.com\/"]}]}},"_links":{"self":[{"href":"https:\/\/www.hausamstrom.de\/de\/wp-json\/wp\/v2\/pages\/13965","targetHints":{"allow":["GET"]}}],"collection":[{"href":"https:\/\/www.hausamstrom.de\/de\/wp-json\/wp\/v2\/pages"}],"about":[{"href":"https:\/\/www.hausamstrom.de\/de\/wp-json\/wp\/v2\/types\/page"}],"author":[{"embeddable":true,"href":"https:\/\/www.hausamstrom.de\/de\/wp-json\/wp\/v2\/users\/1"}],"replies":[{"embeddable":true,"href":"https:\/\/www.hausamstrom.de\/de\/wp-json\/wp\/v2\/comments?post=13965"}],"version-history":[{"count":10,"href":"https:\/\/www.hausamstrom.de\/de\/wp-json\/wp\/v2\/pages\/13965\/revisions"}],"predecessor-version":[{"id":14086,"href":"https:\/\/www.hausamstrom.de\/de\/wp-json\/wp\/v2\/pages\/13965\/revisions\/14086"}],"wp:attachment":[{"href":"https:\/\/www.hausamstrom.de\/de\/wp-json\/wp\/v2\/media?parent=13965"}],"curies":[{"name":"wp","href":"https:\/\/api.w.org\/{rel}","templated":true}]}}