{"id":14011,"date":"2026-02-20T10:01:43","date_gmt":"2026-02-20T09:01:43","guid":{"rendered":"https:\/\/www.hausamstrom.de\/?page_id=14011"},"modified":"2026-02-20T16:11:48","modified_gmt":"2026-02-20T15:11:48","slug":"biotopverbund-fuer-amphibien","status":"publish","type":"page","link":"https:\/\/www.hausamstrom.de\/de\/biotopverbund-fuer-amphibien\/","title":{"rendered":"Biotopverbund f\u00fcr Amphibien"},"content":{"rendered":"<div class=\"wpb-content-wrapper\"><p>[vc_row][vc_column width=&#8221;2\/3&#8243;][vc_column_text css=&#8221;&#8221;]Bevor der Mensch in den Flussverlauf der Donau z.B. durch Regulation von Schifffahrtswegen oder Kraftwerksbau eingegriffen hat, kamen hier sehr viele verschiedene Lebensr\u00e4ume vor: das langesam und schnell flie\u00dfende Wasser, Kiesb\u00e4nke, Altarme, umgest\u00fcrzte B\u00e4ume, die das Wasser aufhielten und so flie\u00dfber\u00fchigte Bereiche sorgten, Hochwasserfluten, die neues Material brachten und den ganzen Lebensraum umgestalteten. Der Fluss war zu beiden Seiten bestanden von Wald, der sogenannten Weich- und Hartholzaue.<br \/>\nUnterschiedliche Lebensr\u00e4um bedeuten auch unterschiedliche Arten von Amphibien. Im Bereich der Donauaue kamen verschiedene Molcharten, Kr\u00f6ten, Fr\u00f6sche wie der Laubfrosch und eben auch die Gelbbauchunke vor.<br \/>\nDurch die Eingriffe des Menschen kommt es zum Aussterben von Arten, so gibt es z.B. keine aktuellen Nachweise mehr von Laubfr\u00f6schen aus den Donauleiten und auch der Kammmoch und die Gelbbauchunke sind sehr selten geworden.<br \/>\nIn Zusammenarbeit mit verschiedenen Beh\u00f6rden wie der Unteren Naturschutzbeh\u00f6rde und dem Wasserwirtschaftsamt sowie weiteren Akteuren sollen nun Fl\u00e4chen reaktiviert werden. Unter fachkundlicher Aufsicht sollen an den verschiedenen Bachl\u00e4ufen wieder Lebensr\u00e4ume entstehen, die insbesondere f\u00fcr Gelbbauchunken und Kammolche geeignet sind. Diese Biotope sollen untereinander vernetzt werden, damit sie von den Arten besiedelt werden k\u00f6nnen und so stabile Vorkommen gebildet werden k\u00f6nnen.<br \/>\nWeil die Lebensraumanspr\u00fcche von Gelbbauchunke und Kammmolch so verschieden sind, profitieren auch andere Amphibienarten davon. Beispiele von den Profiteuren sind Erdkr\u00f6ten, Bergmolche oder auch Grasfr\u00f6sche, die in den letzten 20 Jahren ebenfalls stark zur\u00fcckgegangen sind.[\/vc_column_text][\/vc_column][vc_column width=&#8221;1\/3&#8243;][vc_single_image image=&#8221;14087&#8243; img_size=&#8221;full&#8221; add_caption=&#8221;yes&#8221; css=&#8221;&#8221;][vc_single_image image=&#8221;14093&#8243; img_size=&#8221;full&#8221; add_caption=&#8221;yes&#8221; css=&#8221;&#8221;][\/vc_column][\/vc_row]<\/p>\n<\/div>","protected":false},"excerpt":{"rendered":"<p>[vc_row][vc_column width=&#8221;2\/3&#8243;][vc_column_text css=&#8221;&#8221;]Bevor der Mensch in den Flussverlauf der Donau z.B. durch Regulation von Schifffahrtswegen oder Kraftwerksbau eingegriffen hat, kamen hier sehr viele verschiedene Lebensr\u00e4ume vor: das langesam und schnell flie\u00dfende Wasser, Kiesb\u00e4nke, Altarme, umgest\u00fcrzte B\u00e4ume, die das Wasser aufhielten und so flie\u00dfber\u00fchigte Bereiche sorgten, Hochwasserfluten, die neues Material brachten und den ganzen Lebensraum umgestalteten. [&hellip;]<\/p>\n","protected":false},"author":1,"featured_media":0,"parent":0,"menu_order":0,"comment_status":"closed","ping_status":"closed","template":"","meta":{"footnotes":""},"class_list":["post-14011","page","type-page","status-publish","hentry"],"yoast_head":"<!-- This site is optimized with the Yoast SEO plugin v27.4 - https:\/\/yoast.com\/product\/yoast-seo-wordpress\/ -->\n<title>Biotopverbund f\u00fcr Amphibien - Haus am Strom<\/title>\n<meta name=\"robots\" content=\"index, follow, max-snippet:-1, max-image-preview:large, max-video-preview:-1\" \/>\n<link rel=\"canonical\" href=\"https:\/\/www.hausamstrom.de\/de\/biotopverbund-fuer-amphibien\/\" \/>\n<meta property=\"og:locale\" content=\"de_DE\" \/>\n<meta property=\"og:type\" content=\"article\" \/>\n<meta property=\"og:title\" content=\"Biotopverbund f\u00fcr Amphibien - Haus am Strom\" \/>\n<meta property=\"og:description\" content=\"[vc_row][vc_column width=&#8221;2\/3&#8243;][vc_column_text css=&#8221;&#8221;]Bevor der Mensch in den Flussverlauf der Donau z.B. durch Regulation von Schifffahrtswegen oder Kraftwerksbau eingegriffen hat, kamen hier sehr viele verschiedene Lebensr\u00e4ume vor: das langesam und schnell flie\u00dfende Wasser, Kiesb\u00e4nke, Altarme, umgest\u00fcrzte B\u00e4ume, die das Wasser aufhielten und so flie\u00dfber\u00fchigte Bereiche sorgten, Hochwasserfluten, die neues Material brachten und den ganzen Lebensraum umgestalteten. [&hellip;]\" \/>\n<meta property=\"og:url\" content=\"https:\/\/www.hausamstrom.de\/de\/biotopverbund-fuer-amphibien\/\" \/>\n<meta property=\"og:site_name\" content=\"Haus am Strom\" \/>\n<meta property=\"article:publisher\" content=\"https:\/\/www.facebook.com\/hausamstrom\" \/>\n<meta property=\"article:modified_time\" content=\"2026-02-20T15:11:48+00:00\" \/>\n<meta name=\"twitter:card\" content=\"summary_large_image\" \/>\n<meta name=\"twitter:label1\" content=\"Gesch\u00e4tzte Lesezeit\" \/>\n\t<meta name=\"twitter:data1\" content=\"2\u00a0Minuten\" \/>\n<script type=\"application\/ld+json\" class=\"yoast-schema-graph\">{\"@context\":\"https:\\\/\\\/schema.org\",\"@graph\":[{\"@type\":\"WebPage\",\"@id\":\"https:\\\/\\\/www.hausamstrom.de\\\/de\\\/biotopverbund-fuer-amphibien\\\/\",\"url\":\"https:\\\/\\\/www.hausamstrom.de\\\/de\\\/biotopverbund-fuer-amphibien\\\/\",\"name\":\"Biotopverbund f\u00fcr Amphibien - Haus am Strom\",\"isPartOf\":{\"@id\":\"https:\\\/\\\/www.hausamstrom.de\\\/de\\\/#website\"},\"datePublished\":\"2026-02-20T09:01:43+00:00\",\"dateModified\":\"2026-02-20T15:11:48+00:00\",\"breadcrumb\":{\"@id\":\"https:\\\/\\\/www.hausamstrom.de\\\/de\\\/biotopverbund-fuer-amphibien\\\/#breadcrumb\"},\"inLanguage\":\"de\",\"potentialAction\":[{\"@type\":\"ReadAction\",\"target\":[\"https:\\\/\\\/www.hausamstrom.de\\\/de\\\/biotopverbund-fuer-amphibien\\\/\"]}]},{\"@type\":\"BreadcrumbList\",\"@id\":\"https:\\\/\\\/www.hausamstrom.de\\\/de\\\/biotopverbund-fuer-amphibien\\\/#breadcrumb\",\"itemListElement\":[{\"@type\":\"ListItem\",\"position\":1,\"name\":\"Home\",\"item\":\"https:\\\/\\\/www.hausamstrom.de\\\/de\\\/\"},{\"@type\":\"ListItem\",\"position\":2,\"name\":\"Biotopverbund f\u00fcr Amphibien\"}]},{\"@type\":\"WebSite\",\"@id\":\"https:\\\/\\\/www.hausamstrom.de\\\/de\\\/#website\",\"url\":\"https:\\\/\\\/www.hausamstrom.de\\\/de\\\/\",\"name\":\"Haus am Strom\",\"description\":\"Umweltbildungsstation im Passauer Donautal. Umweltbildung und Naturschutz f\u00fcr Kinder und Erwachsenen.\",\"publisher\":{\"@id\":\"https:\\\/\\\/www.hausamstrom.de\\\/de\\\/#organization\"},\"potentialAction\":[{\"@type\":\"SearchAction\",\"target\":{\"@type\":\"EntryPoint\",\"urlTemplate\":\"https:\\\/\\\/www.hausamstrom.de\\\/de\\\/?s={search_term_string}\"},\"query-input\":{\"@type\":\"PropertyValueSpecification\",\"valueRequired\":true,\"valueName\":\"search_term_string\"}}],\"inLanguage\":\"de\"},{\"@type\":\"Organization\",\"@id\":\"https:\\\/\\\/www.hausamstrom.de\\\/de\\\/#organization\",\"name\":\"Haus am Strom\",\"url\":\"https:\\\/\\\/www.hausamstrom.de\\\/de\\\/\",\"logo\":{\"@type\":\"ImageObject\",\"inLanguage\":\"de\",\"@id\":\"https:\\\/\\\/www.hausamstrom.de\\\/de\\\/#\\\/schema\\\/logo\\\/image\\\/\",\"url\":\"https:\\\/\\\/www.hausamstrom.de\\\/wp-content\\\/uploads\\\/2025\\\/06\\\/Logo-quadratisch-1024x1024.jpg\",\"contentUrl\":\"https:\\\/\\\/www.hausamstrom.de\\\/wp-content\\\/uploads\\\/2025\\\/06\\\/Logo-quadratisch-1024x1024.jpg\",\"width\":1024,\"height\":1024,\"caption\":\"Haus am Strom\"},\"image\":{\"@id\":\"https:\\\/\\\/www.hausamstrom.de\\\/de\\\/#\\\/schema\\\/logo\\\/image\\\/\"},\"sameAs\":[\"https:\\\/\\\/www.facebook.com\\\/hausamstrom\",\"https:\\\/\\\/www.instagram.com\\\/\"]}]}<\/script>\n<!-- \/ Yoast SEO plugin. -->","yoast_head_json":{"title":"Biotopverbund f\u00fcr Amphibien - Haus am Strom","robots":{"index":"index","follow":"follow","max-snippet":"max-snippet:-1","max-image-preview":"max-image-preview:large","max-video-preview":"max-video-preview:-1"},"canonical":"https:\/\/www.hausamstrom.de\/de\/biotopverbund-fuer-amphibien\/","og_locale":"de_DE","og_type":"article","og_title":"Biotopverbund f\u00fcr Amphibien - Haus am Strom","og_description":"[vc_row][vc_column width=&#8221;2\/3&#8243;][vc_column_text css=&#8221;&#8221;]Bevor der Mensch in den Flussverlauf der Donau z.B. durch Regulation von Schifffahrtswegen oder Kraftwerksbau eingegriffen hat, kamen hier sehr viele verschiedene Lebensr\u00e4ume vor: das langesam und schnell flie\u00dfende Wasser, Kiesb\u00e4nke, Altarme, umgest\u00fcrzte B\u00e4ume, die das Wasser aufhielten und so flie\u00dfber\u00fchigte Bereiche sorgten, Hochwasserfluten, die neues Material brachten und den ganzen Lebensraum umgestalteten. [&hellip;]","og_url":"https:\/\/www.hausamstrom.de\/de\/biotopverbund-fuer-amphibien\/","og_site_name":"Haus am Strom","article_publisher":"https:\/\/www.facebook.com\/hausamstrom","article_modified_time":"2026-02-20T15:11:48+00:00","twitter_card":"summary_large_image","twitter_misc":{"Gesch\u00e4tzte Lesezeit":"2\u00a0Minuten"},"schema":{"@context":"https:\/\/schema.org","@graph":[{"@type":"WebPage","@id":"https:\/\/www.hausamstrom.de\/de\/biotopverbund-fuer-amphibien\/","url":"https:\/\/www.hausamstrom.de\/de\/biotopverbund-fuer-amphibien\/","name":"Biotopverbund f\u00fcr Amphibien - Haus am Strom","isPartOf":{"@id":"https:\/\/www.hausamstrom.de\/de\/#website"},"datePublished":"2026-02-20T09:01:43+00:00","dateModified":"2026-02-20T15:11:48+00:00","breadcrumb":{"@id":"https:\/\/www.hausamstrom.de\/de\/biotopverbund-fuer-amphibien\/#breadcrumb"},"inLanguage":"de","potentialAction":[{"@type":"ReadAction","target":["https:\/\/www.hausamstrom.de\/de\/biotopverbund-fuer-amphibien\/"]}]},{"@type":"BreadcrumbList","@id":"https:\/\/www.hausamstrom.de\/de\/biotopverbund-fuer-amphibien\/#breadcrumb","itemListElement":[{"@type":"ListItem","position":1,"name":"Home","item":"https:\/\/www.hausamstrom.de\/de\/"},{"@type":"ListItem","position":2,"name":"Biotopverbund f\u00fcr Amphibien"}]},{"@type":"WebSite","@id":"https:\/\/www.hausamstrom.de\/de\/#website","url":"https:\/\/www.hausamstrom.de\/de\/","name":"Haus am Strom","description":"Umweltbildungsstation im Passauer Donautal. Umweltbildung und Naturschutz f\u00fcr Kinder und Erwachsenen.","publisher":{"@id":"https:\/\/www.hausamstrom.de\/de\/#organization"},"potentialAction":[{"@type":"SearchAction","target":{"@type":"EntryPoint","urlTemplate":"https:\/\/www.hausamstrom.de\/de\/?s={search_term_string}"},"query-input":{"@type":"PropertyValueSpecification","valueRequired":true,"valueName":"search_term_string"}}],"inLanguage":"de"},{"@type":"Organization","@id":"https:\/\/www.hausamstrom.de\/de\/#organization","name":"Haus am Strom","url":"https:\/\/www.hausamstrom.de\/de\/","logo":{"@type":"ImageObject","inLanguage":"de","@id":"https:\/\/www.hausamstrom.de\/de\/#\/schema\/logo\/image\/","url":"https:\/\/www.hausamstrom.de\/wp-content\/uploads\/2025\/06\/Logo-quadratisch-1024x1024.jpg","contentUrl":"https:\/\/www.hausamstrom.de\/wp-content\/uploads\/2025\/06\/Logo-quadratisch-1024x1024.jpg","width":1024,"height":1024,"caption":"Haus am Strom"},"image":{"@id":"https:\/\/www.hausamstrom.de\/de\/#\/schema\/logo\/image\/"},"sameAs":["https:\/\/www.facebook.com\/hausamstrom","https:\/\/www.instagram.com\/"]}]}},"_links":{"self":[{"href":"https:\/\/www.hausamstrom.de\/de\/wp-json\/wp\/v2\/pages\/14011","targetHints":{"allow":["GET"]}}],"collection":[{"href":"https:\/\/www.hausamstrom.de\/de\/wp-json\/wp\/v2\/pages"}],"about":[{"href":"https:\/\/www.hausamstrom.de\/de\/wp-json\/wp\/v2\/types\/page"}],"author":[{"embeddable":true,"href":"https:\/\/www.hausamstrom.de\/de\/wp-json\/wp\/v2\/users\/1"}],"replies":[{"embeddable":true,"href":"https:\/\/www.hausamstrom.de\/de\/wp-json\/wp\/v2\/comments?post=14011"}],"version-history":[{"count":7,"href":"https:\/\/www.hausamstrom.de\/de\/wp-json\/wp\/v2\/pages\/14011\/revisions"}],"predecessor-version":[{"id":14098,"href":"https:\/\/www.hausamstrom.de\/de\/wp-json\/wp\/v2\/pages\/14011\/revisions\/14098"}],"wp:attachment":[{"href":"https:\/\/www.hausamstrom.de\/de\/wp-json\/wp\/v2\/media?parent=14011"}],"curies":[{"name":"wp","href":"https:\/\/api.w.org\/{rel}","templated":true}]}}