{"id":14015,"date":"2026-02-20T10:02:55","date_gmt":"2026-02-20T09:02:55","guid":{"rendered":"https:\/\/www.hausamstrom.de\/?page_id=14015"},"modified":"2026-02-20T16:40:18","modified_gmt":"2026-02-20T15:40:18","slug":"horchboxen-zur-erfassung-von-seltenen-vogelarten","status":"publish","type":"page","link":"https:\/\/www.hausamstrom.de\/de\/horchboxen-zur-erfassung-von-seltenen-vogelarten\/","title":{"rendered":"Horchboxen zur Erfassung von seltenen Vogelarten"},"content":{"rendered":"<div class=\"wpb-content-wrapper\"><p>[vc_row][vc_column width=&#8221;1\/4&#8243;][vc_empty_space][vc_empty_space][vc_empty_space][vc_empty_space][vc_single_image image=&#8221;14102&#8243; img_size=&#8221;full&#8221; add_caption=&#8221;yes&#8221; css=&#8221;&#8221;][\/vc_column][vc_column width=&#8221;3\/4&#8243;][vc_column_text css=&#8221;&#8221;]Automatisierung ist ein vielgebrauchtes Schlagwort. L\u00e4ngst hat es auch in die Wissenschaft Einzug gehalten. Es gibt inzwischen Systeme, die Ger\u00e4usche zuverl\u00e4ssig aufzeichnen k\u00f6nnen. Die Ger\u00e4usche werden aufgezeichnet und auf ein Speichermedium abgespeichert. Dies k\u00f6nnen technische oder nat\u00fcrliche Ger\u00e4usche sein, ein vorbeifahrendes Auto oder ein Wolfsgeheul.<br \/>\nDie Akkuleistung der Rekorder h\u00e4lt etwa eine Woche und hat einen Empfangsradius von ca. 25m. In diesem Bereich werden alle Ger\u00e4usche aufgezeichnet. Das Ger\u00e4t wird als Horchbox bezeichnet.<br \/>\nDank KI ist es m\u00f6glich, die Ger\u00e4usche auf dem Speichermedium zu filtern. So gibt es bestimmte Klangmerkmale, die es m\u00f6glich machen, die Ger\u00e4usche bestimmten Vogelarten zuzuordnen, eine fl\u00f6tendene Tonabfolge einer Amsel oder ein schmetternder Gesag dem Zaunk\u00f6nig. Somit k\u00f6nnen automatisiert alle V\u00f6gel festgestellt werden, die in einem bestimmten Zeitraum dort vorkommen. Somit muss der Beobachter nicht anwesend sein und es werden alle V\u00f6gel erfasst, egal zu welcher Zeit sie rufen. Auch schwer erfassbare Arten, weil sie leise oder zu ungew\u00f6hnlichen Zeiten oder selten ruften, werden erfasst.<br \/>\nSomit k\u00f6nnen auch seltene Arten erkannt und erfasst werden.<br \/>\nDank der gro\u00dfz\u00fcgigen Unterst\u00fctung der <a href=\"https:\/\/www.audi-umweltstiftung.de\/de\/\">Audi Stiftung f\u00fcr Umwelt GmbH<\/a> konnten f\u00fcr das Haus am Strom f\u00fcnf Horchboxen angeschafft werden. Dadurch ist es m\u00f6glich, z.B. Nachweise von seltenen Spechtarten, Waldschnepfe und bei sehr viel Gl\u00fcck auch Haselhuhn zu erhalten.[\/vc_column_text][\/vc_column][\/vc_row]<\/p>\n<\/div>","protected":false},"excerpt":{"rendered":"<p>[vc_row][vc_column width=&#8221;1\/4&#8243;][vc_empty_space][vc_empty_space][vc_empty_space][vc_empty_space][vc_single_image image=&#8221;14102&#8243; img_size=&#8221;full&#8221; add_caption=&#8221;yes&#8221; css=&#8221;&#8221;][\/vc_column][vc_column width=&#8221;3\/4&#8243;][vc_column_text css=&#8221;&#8221;]Automatisierung ist ein vielgebrauchtes Schlagwort. L\u00e4ngst hat es auch in die Wissenschaft Einzug gehalten. Es gibt inzwischen Systeme, die Ger\u00e4usche zuverl\u00e4ssig aufzeichnen k\u00f6nnen. Die Ger\u00e4usche werden aufgezeichnet und auf ein Speichermedium abgespeichert. Dies k\u00f6nnen technische oder nat\u00fcrliche Ger\u00e4usche sein, ein vorbeifahrendes Auto oder ein Wolfsgeheul. Die Akkuleistung der [&hellip;]<\/p>\n","protected":false},"author":1,"featured_media":0,"parent":0,"menu_order":0,"comment_status":"closed","ping_status":"closed","template":"","meta":{"footnotes":""},"class_list":["post-14015","page","type-page","status-publish","hentry"],"yoast_head":"<!-- This site is optimized with the Yoast SEO plugin v27.4 - https:\/\/yoast.com\/product\/yoast-seo-wordpress\/ -->\n<title>Horchboxen zur Erfassung von seltenen Vogelarten - Haus am Strom<\/title>\n<meta name=\"robots\" content=\"index, follow, max-snippet:-1, max-image-preview:large, max-video-preview:-1\" \/>\n<link rel=\"canonical\" href=\"https:\/\/www.hausamstrom.de\/de\/horchboxen-zur-erfassung-von-seltenen-vogelarten\/\" \/>\n<meta property=\"og:locale\" content=\"de_DE\" \/>\n<meta property=\"og:type\" content=\"article\" \/>\n<meta property=\"og:title\" content=\"Horchboxen zur Erfassung von seltenen Vogelarten - Haus am Strom\" \/>\n<meta property=\"og:description\" content=\"[vc_row][vc_column width=&#8221;1\/4&#8243;][vc_empty_space][vc_empty_space][vc_empty_space][vc_empty_space][vc_single_image image=&#8221;14102&#8243; img_size=&#8221;full&#8221; add_caption=&#8221;yes&#8221; css=&#8221;&#8221;][\/vc_column][vc_column width=&#8221;3\/4&#8243;][vc_column_text css=&#8221;&#8221;]Automatisierung ist ein vielgebrauchtes Schlagwort. L\u00e4ngst hat es auch in die Wissenschaft Einzug gehalten. Es gibt inzwischen Systeme, die Ger\u00e4usche zuverl\u00e4ssig aufzeichnen k\u00f6nnen. Die Ger\u00e4usche werden aufgezeichnet und auf ein Speichermedium abgespeichert. Dies k\u00f6nnen technische oder nat\u00fcrliche Ger\u00e4usche sein, ein vorbeifahrendes Auto oder ein Wolfsgeheul. Die Akkuleistung der [&hellip;]\" \/>\n<meta property=\"og:url\" content=\"https:\/\/www.hausamstrom.de\/de\/horchboxen-zur-erfassung-von-seltenen-vogelarten\/\" \/>\n<meta property=\"og:site_name\" content=\"Haus am Strom\" \/>\n<meta property=\"article:publisher\" content=\"https:\/\/www.facebook.com\/hausamstrom\" \/>\n<meta property=\"article:modified_time\" content=\"2026-02-20T15:40:18+00:00\" \/>\n<meta name=\"twitter:card\" content=\"summary_large_image\" \/>\n<meta name=\"twitter:label1\" content=\"Gesch\u00e4tzte Lesezeit\" \/>\n\t<meta name=\"twitter:data1\" content=\"2\u00a0Minuten\" \/>\n<script type=\"application\/ld+json\" class=\"yoast-schema-graph\">{\"@context\":\"https:\\\/\\\/schema.org\",\"@graph\":[{\"@type\":\"WebPage\",\"@id\":\"https:\\\/\\\/www.hausamstrom.de\\\/de\\\/horchboxen-zur-erfassung-von-seltenen-vogelarten\\\/\",\"url\":\"https:\\\/\\\/www.hausamstrom.de\\\/de\\\/horchboxen-zur-erfassung-von-seltenen-vogelarten\\\/\",\"name\":\"Horchboxen zur Erfassung von seltenen Vogelarten - Haus am Strom\",\"isPartOf\":{\"@id\":\"https:\\\/\\\/www.hausamstrom.de\\\/de\\\/#website\"},\"datePublished\":\"2026-02-20T09:02:55+00:00\",\"dateModified\":\"2026-02-20T15:40:18+00:00\",\"breadcrumb\":{\"@id\":\"https:\\\/\\\/www.hausamstrom.de\\\/de\\\/horchboxen-zur-erfassung-von-seltenen-vogelarten\\\/#breadcrumb\"},\"inLanguage\":\"de\",\"potentialAction\":[{\"@type\":\"ReadAction\",\"target\":[\"https:\\\/\\\/www.hausamstrom.de\\\/de\\\/horchboxen-zur-erfassung-von-seltenen-vogelarten\\\/\"]}]},{\"@type\":\"BreadcrumbList\",\"@id\":\"https:\\\/\\\/www.hausamstrom.de\\\/de\\\/horchboxen-zur-erfassung-von-seltenen-vogelarten\\\/#breadcrumb\",\"itemListElement\":[{\"@type\":\"ListItem\",\"position\":1,\"name\":\"Home\",\"item\":\"https:\\\/\\\/www.hausamstrom.de\\\/de\\\/\"},{\"@type\":\"ListItem\",\"position\":2,\"name\":\"Horchboxen zur Erfassung von seltenen Vogelarten\"}]},{\"@type\":\"WebSite\",\"@id\":\"https:\\\/\\\/www.hausamstrom.de\\\/de\\\/#website\",\"url\":\"https:\\\/\\\/www.hausamstrom.de\\\/de\\\/\",\"name\":\"Haus am Strom\",\"description\":\"Umweltbildungsstation im Passauer Donautal. Umweltbildung und Naturschutz f\u00fcr Kinder und Erwachsenen.\",\"publisher\":{\"@id\":\"https:\\\/\\\/www.hausamstrom.de\\\/de\\\/#organization\"},\"potentialAction\":[{\"@type\":\"SearchAction\",\"target\":{\"@type\":\"EntryPoint\",\"urlTemplate\":\"https:\\\/\\\/www.hausamstrom.de\\\/de\\\/?s={search_term_string}\"},\"query-input\":{\"@type\":\"PropertyValueSpecification\",\"valueRequired\":true,\"valueName\":\"search_term_string\"}}],\"inLanguage\":\"de\"},{\"@type\":\"Organization\",\"@id\":\"https:\\\/\\\/www.hausamstrom.de\\\/de\\\/#organization\",\"name\":\"Haus am Strom\",\"url\":\"https:\\\/\\\/www.hausamstrom.de\\\/de\\\/\",\"logo\":{\"@type\":\"ImageObject\",\"inLanguage\":\"de\",\"@id\":\"https:\\\/\\\/www.hausamstrom.de\\\/de\\\/#\\\/schema\\\/logo\\\/image\\\/\",\"url\":\"https:\\\/\\\/www.hausamstrom.de\\\/wp-content\\\/uploads\\\/2025\\\/06\\\/Logo-quadratisch-1024x1024.jpg\",\"contentUrl\":\"https:\\\/\\\/www.hausamstrom.de\\\/wp-content\\\/uploads\\\/2025\\\/06\\\/Logo-quadratisch-1024x1024.jpg\",\"width\":1024,\"height\":1024,\"caption\":\"Haus am Strom\"},\"image\":{\"@id\":\"https:\\\/\\\/www.hausamstrom.de\\\/de\\\/#\\\/schema\\\/logo\\\/image\\\/\"},\"sameAs\":[\"https:\\\/\\\/www.facebook.com\\\/hausamstrom\",\"https:\\\/\\\/www.instagram.com\\\/\"]}]}<\/script>\n<!-- \/ Yoast SEO plugin. -->","yoast_head_json":{"title":"Horchboxen zur Erfassung von seltenen Vogelarten - Haus am Strom","robots":{"index":"index","follow":"follow","max-snippet":"max-snippet:-1","max-image-preview":"max-image-preview:large","max-video-preview":"max-video-preview:-1"},"canonical":"https:\/\/www.hausamstrom.de\/de\/horchboxen-zur-erfassung-von-seltenen-vogelarten\/","og_locale":"de_DE","og_type":"article","og_title":"Horchboxen zur Erfassung von seltenen Vogelarten - Haus am Strom","og_description":"[vc_row][vc_column width=&#8221;1\/4&#8243;][vc_empty_space][vc_empty_space][vc_empty_space][vc_empty_space][vc_single_image image=&#8221;14102&#8243; img_size=&#8221;full&#8221; add_caption=&#8221;yes&#8221; css=&#8221;&#8221;][\/vc_column][vc_column width=&#8221;3\/4&#8243;][vc_column_text css=&#8221;&#8221;]Automatisierung ist ein vielgebrauchtes Schlagwort. L\u00e4ngst hat es auch in die Wissenschaft Einzug gehalten. Es gibt inzwischen Systeme, die Ger\u00e4usche zuverl\u00e4ssig aufzeichnen k\u00f6nnen. Die Ger\u00e4usche werden aufgezeichnet und auf ein Speichermedium abgespeichert. Dies k\u00f6nnen technische oder nat\u00fcrliche Ger\u00e4usche sein, ein vorbeifahrendes Auto oder ein Wolfsgeheul. Die Akkuleistung der [&hellip;]","og_url":"https:\/\/www.hausamstrom.de\/de\/horchboxen-zur-erfassung-von-seltenen-vogelarten\/","og_site_name":"Haus am Strom","article_publisher":"https:\/\/www.facebook.com\/hausamstrom","article_modified_time":"2026-02-20T15:40:18+00:00","twitter_card":"summary_large_image","twitter_misc":{"Gesch\u00e4tzte Lesezeit":"2\u00a0Minuten"},"schema":{"@context":"https:\/\/schema.org","@graph":[{"@type":"WebPage","@id":"https:\/\/www.hausamstrom.de\/de\/horchboxen-zur-erfassung-von-seltenen-vogelarten\/","url":"https:\/\/www.hausamstrom.de\/de\/horchboxen-zur-erfassung-von-seltenen-vogelarten\/","name":"Horchboxen zur Erfassung von seltenen Vogelarten - Haus am Strom","isPartOf":{"@id":"https:\/\/www.hausamstrom.de\/de\/#website"},"datePublished":"2026-02-20T09:02:55+00:00","dateModified":"2026-02-20T15:40:18+00:00","breadcrumb":{"@id":"https:\/\/www.hausamstrom.de\/de\/horchboxen-zur-erfassung-von-seltenen-vogelarten\/#breadcrumb"},"inLanguage":"de","potentialAction":[{"@type":"ReadAction","target":["https:\/\/www.hausamstrom.de\/de\/horchboxen-zur-erfassung-von-seltenen-vogelarten\/"]}]},{"@type":"BreadcrumbList","@id":"https:\/\/www.hausamstrom.de\/de\/horchboxen-zur-erfassung-von-seltenen-vogelarten\/#breadcrumb","itemListElement":[{"@type":"ListItem","position":1,"name":"Home","item":"https:\/\/www.hausamstrom.de\/de\/"},{"@type":"ListItem","position":2,"name":"Horchboxen zur Erfassung von seltenen Vogelarten"}]},{"@type":"WebSite","@id":"https:\/\/www.hausamstrom.de\/de\/#website","url":"https:\/\/www.hausamstrom.de\/de\/","name":"Haus am Strom","description":"Umweltbildungsstation im Passauer Donautal. Umweltbildung und Naturschutz f\u00fcr Kinder und Erwachsenen.","publisher":{"@id":"https:\/\/www.hausamstrom.de\/de\/#organization"},"potentialAction":[{"@type":"SearchAction","target":{"@type":"EntryPoint","urlTemplate":"https:\/\/www.hausamstrom.de\/de\/?s={search_term_string}"},"query-input":{"@type":"PropertyValueSpecification","valueRequired":true,"valueName":"search_term_string"}}],"inLanguage":"de"},{"@type":"Organization","@id":"https:\/\/www.hausamstrom.de\/de\/#organization","name":"Haus am Strom","url":"https:\/\/www.hausamstrom.de\/de\/","logo":{"@type":"ImageObject","inLanguage":"de","@id":"https:\/\/www.hausamstrom.de\/de\/#\/schema\/logo\/image\/","url":"https:\/\/www.hausamstrom.de\/wp-content\/uploads\/2025\/06\/Logo-quadratisch-1024x1024.jpg","contentUrl":"https:\/\/www.hausamstrom.de\/wp-content\/uploads\/2025\/06\/Logo-quadratisch-1024x1024.jpg","width":1024,"height":1024,"caption":"Haus am Strom"},"image":{"@id":"https:\/\/www.hausamstrom.de\/de\/#\/schema\/logo\/image\/"},"sameAs":["https:\/\/www.facebook.com\/hausamstrom","https:\/\/www.instagram.com\/"]}]}},"_links":{"self":[{"href":"https:\/\/www.hausamstrom.de\/de\/wp-json\/wp\/v2\/pages\/14015","targetHints":{"allow":["GET"]}}],"collection":[{"href":"https:\/\/www.hausamstrom.de\/de\/wp-json\/wp\/v2\/pages"}],"about":[{"href":"https:\/\/www.hausamstrom.de\/de\/wp-json\/wp\/v2\/types\/page"}],"author":[{"embeddable":true,"href":"https:\/\/www.hausamstrom.de\/de\/wp-json\/wp\/v2\/users\/1"}],"replies":[{"embeddable":true,"href":"https:\/\/www.hausamstrom.de\/de\/wp-json\/wp\/v2\/comments?post=14015"}],"version-history":[{"count":6,"href":"https:\/\/www.hausamstrom.de\/de\/wp-json\/wp\/v2\/pages\/14015\/revisions"}],"predecessor-version":[{"id":14107,"href":"https:\/\/www.hausamstrom.de\/de\/wp-json\/wp\/v2\/pages\/14015\/revisions\/14107"}],"wp:attachment":[{"href":"https:\/\/www.hausamstrom.de\/de\/wp-json\/wp\/v2\/media?parent=14015"}],"curies":[{"name":"wp","href":"https:\/\/api.w.org\/{rel}","templated":true}]}}