{"id":1440,"date":"2016-04-22T14:11:22","date_gmt":"2016-04-22T12:11:22","guid":{"rendered":"http:\/\/hosting6807.af944.netcup.net\/?page_id=1440"},"modified":"2026-02-18T10:56:39","modified_gmt":"2026-02-18T09:56:39","slug":"uns-unterstuetzende-partner","status":"publish","type":"page","link":"https:\/\/www.hausamstrom.de\/de\/links\/freundeskreis\/uns-unterstuetzende-partner\/","title":{"rendered":"Weitere Partner"},"content":{"rendered":"<div class=\"wpb-content-wrapper\"><p>[vc_row][vc_column width=\u201d1\/3\u2033][vc_single_image image=\u201d6666\u2033 img_size=\u201dmedium\u201d][\/vc_column][vc_column width=\u201d1\/3\u2033][vc_single_image image=\u201d2083\u2033 img_size=\u201dmedium\u201d][\/vc_column][vc_column width=\u201d1\/3\u2033][vc_single_image image=\u201d2084\u2033 img_size=\u201dmedium\u201d][\/vc_column][\/vc_row][vc_row][vc_column][vc_column_text]<\/p>\n<div id=\"c301\" class=\"csc-default\">\n<div class=\"csc-textpic csc-textpic-left csc-textpic-below\">\n<div class=\"csc-textpic-text\">\n<p>Das Haus am Strom wurde mit finanzieller Unterst\u00fctzung der Allianz Umweltstiftung, des Landkreises Passau, des bayerischen Staatsministeriums f\u00fcr Umwelt und Verbraucherschutz und der Deutschen Bundesstiftung Umwelt erbaut.<\/p>\n<\/div>\n<\/div>\n<\/div>\n<div id=\"c301\" class=\"csc-default\">\n<div class=\"csc-textpic csc-textpic-left csc-textpic-below\">\n<div class=\"csc-textpic-text\">\n<p><a title=\"Opens external link in new window\" href=\"http:\/\/www.stmuv.bayern.de\/\" target=\"_blank\" rel=\"noopener noreferrer\">Bayerisches Staatsministerium f\u00fcr Umwelt und Verbraucherschutz<\/a><\/p>\n<\/div>\n<\/div>\n<\/div>\n<p>[\/vc_column_text]<div id=\"1583921298126-1a2b63d6-90c0\" class=\"dt-sc-empty-space\"><\/div>[vc_column_text]Das Haus am Strom und zahlreiche hier durchgef\u00fchrte Projekte wurden und werden von der Europ\u00e4ischen Union kofinanziert.[\/vc_column_text][\/vc_column][\/vc_row][vc_row][vc_column]<div id=\"1583921308269-fc7a5da7-cf28\" class=\"dt-sc-empty-space\"><\/div>[\/vc_column][\/vc_row][vc_row][vc_column width=\u201d1\/4\u2033][vc_single_image image=\u201d1464\u2033 img_size=\u201d200\u2033][\/vc_column][vc_column width=\u201d1\/4\u2033][vc_single_image image=\u201d5588\u2033 img_size=\u201d1464\u2033 onclick=\u201dcustom_link\u201d link=\u201dhttp:\/\/www.danubeparks.org\/\u201d][\/vc_column][vc_column width=\u201d1\/4\u2033][vc_single_image image=\u201d1467\u2033 img_size=\u201d200\u2033 onclick=\u201dcustom_link\u201d css=\u201d\u201d link=\u201dhttps:\/\/www.umweltbildung.bayern.de\/\u201d][\/vc_column][vc_column width=\u201d1\/4\u2033][vc_single_image image=\u201d1470\u2033 img_size=\u201dmedium\u201d onclick=\u201dcustom_link\u201d link=\u201dhttps:\/\/www.euregio.bayern\/wir-ueber-uns\/\u201d][\/vc_column][\/vc_row][vc_row][vc_column]<div id=\"1637675972939-ba3ac2d2-fbda\" class=\"dt-sc-empty-space\"><\/div>[\/vc_column][\/vc_row][vc_row][vc_column width=\u201d1\/3\u2033][vc_single_image image=\u201d5584\u2033 img_size=\u201dmedium\u201d onclick=\u201dcustom_link\u201d link=\u201dhttps:\/\/www.watermuseums.net\/\u201d][\/vc_column][vc_column width=\u201d1\/3\u2033][vc_single_image image=\u201d2977\u2033 img_size=\u201dmedium\u201d][vc_column_text css=\u201d\u201d]Das Haus am Strom wird von der Sparkasse Passau unterst\u00fctzt.[\/vc_column_text][\/vc_column][vc_column width=\u201d1\/3\u2033][vc_single_image image=\u201d2172\u2033 img_size=\u201dmedium\u201d onclick=\u201dcustom_link\u201d link=\u201dhttp:\/\/www.naturerleben-niederbayern.de\/\u201d][\/vc_column][\/vc_row][vc_row][vc_column width=\u201d1\/3\u2033][\/vc_column][vc_column width=\u201d1\/3\u2033][vc_single_image image=\u201d13839\u2033 img_size=\u201dmedium\u201d css=\u201d\u201d][\/vc_column][vc_column width=\u201d1\/3\u2033][\/vc_column][\/vc_row][vc_row][vc_column][vc_empty_space][vc_column_text]<strong>Das Haus am Strom bedankt sich herzlich bei allen Unterst\u00fctzern.<\/strong>[\/vc_column_text][vc_empty_space][vc_column_text]Wenn Sie Partner vom Haus am Strom sind oder es werden m\u00f6chten, setzen Sie sich bitte mit uns in Verbindung: info(at)hausamstrom.de[\/vc_column_text][\/vc_column][\/vc_row]<\/p>\n<\/div>","protected":false},"excerpt":{"rendered":"<p>[vc_row][vc_column width=\u201d1\/3\u2033][vc_single_image image=\u201d6666\u2033 img_size=\u201dmedium\u201d][\/vc_column][vc_column width=\u201d1\/3\u2033][vc_single_image image=\u201d2083\u2033 img_size=\u201dmedium\u201d][\/vc_column][vc_column width=\u201d1\/3\u2033][vc_single_image image=\u201d2084\u2033 img_size=\u201dmedium\u201d][\/vc_column][\/vc_row][vc_row][vc_column][vc_column_text] Das Haus am Strom wurde mit finanzieller Unterst\u00fctzung der Allianz Umweltstiftung, des Landkreises Passau, des bayerischen Staatsministeriums f\u00fcr Umwelt und Verbraucherschutz und der Deutschen Bundesstiftung Umwelt erbaut. Bayerisches Staatsministerium f\u00fcr Umwelt und Verbraucherschutz [\/vc_column_text][vc_column_text]Das Haus am Strom und zahlreiche hier durchgef\u00fchrte Projekte wurden und werden [&hellip;]<\/p>\n","protected":false},"author":1,"featured_media":0,"parent":425,"menu_order":0,"comment_status":"closed","ping_status":"closed","template":"","meta":{"footnotes":""},"class_list":["post-1440","page","type-page","status-publish","hentry"],"yoast_head":"<!-- This site is optimized with the Yoast SEO plugin v27.5 - https:\/\/yoast.com\/product\/yoast-seo-wordpress\/ -->\n<title>Weitere Partner - Haus am Strom<\/title>\n<meta name=\"robots\" content=\"index, follow, max-snippet:-1, max-image-preview:large, max-video-preview:-1\" \/>\n<link rel=\"canonical\" href=\"https:\/\/www.hausamstrom.de\/de\/links\/freundeskreis\/uns-unterstuetzende-partner\/\" \/>\n<meta property=\"og:locale\" content=\"de_DE\" \/>\n<meta property=\"og:type\" content=\"article\" \/>\n<meta property=\"og:title\" content=\"Weitere Partner - Haus am Strom\" \/>\n<meta property=\"og:description\" content=\"[vc_row][vc_column width=\u201d1\/3\u2033][vc_single_image image=\u201d6666\u2033 img_size=\u201dmedium\u201d][\/vc_column][vc_column width=\u201d1\/3\u2033][vc_single_image image=\u201d2083\u2033 img_size=\u201dmedium\u201d][\/vc_column][vc_column width=\u201d1\/3\u2033][vc_single_image image=\u201d2084\u2033 img_size=\u201dmedium\u201d][\/vc_column][\/vc_row][vc_row][vc_column][vc_column_text] Das Haus am Strom wurde mit finanzieller Unterst\u00fctzung der Allianz Umweltstiftung, des Landkreises Passau, des bayerischen Staatsministeriums f\u00fcr Umwelt und Verbraucherschutz und der Deutschen Bundesstiftung Umwelt erbaut. Bayerisches Staatsministerium f\u00fcr Umwelt und Verbraucherschutz [\/vc_column_text][vc_column_text]Das Haus am Strom und zahlreiche hier durchgef\u00fchrte Projekte wurden und werden [&hellip;]\" \/>\n<meta property=\"og:url\" content=\"https:\/\/www.hausamstrom.de\/de\/links\/freundeskreis\/uns-unterstuetzende-partner\/\" \/>\n<meta property=\"og:site_name\" content=\"Haus am Strom\" \/>\n<meta property=\"article:publisher\" content=\"https:\/\/www.facebook.com\/hausamstrom\" \/>\n<meta property=\"article:modified_time\" content=\"2026-02-18T09:56:39+00:00\" \/>\n<meta name=\"twitter:card\" content=\"summary_large_image\" \/>\n<meta name=\"twitter:label1\" content=\"Gesch\u00e4tzte Lesezeit\" \/>\n\t<meta name=\"twitter:data1\" content=\"1\u00a0Minute\" \/>\n<script type=\"application\/ld+json\" class=\"yoast-schema-graph\">{\"@context\":\"https:\\\/\\\/schema.org\",\"@graph\":[{\"@type\":\"WebPage\",\"@id\":\"https:\\\/\\\/www.hausamstrom.de\\\/de\\\/links\\\/freundeskreis\\\/uns-unterstuetzende-partner\\\/\",\"url\":\"https:\\\/\\\/www.hausamstrom.de\\\/de\\\/links\\\/freundeskreis\\\/uns-unterstuetzende-partner\\\/\",\"name\":\"Weitere Partner - Haus am Strom\",\"isPartOf\":{\"@id\":\"https:\\\/\\\/www.hausamstrom.de\\\/de\\\/#website\"},\"datePublished\":\"2016-04-22T12:11:22+00:00\",\"dateModified\":\"2026-02-18T09:56:39+00:00\",\"breadcrumb\":{\"@id\":\"https:\\\/\\\/www.hausamstrom.de\\\/de\\\/links\\\/freundeskreis\\\/uns-unterstuetzende-partner\\\/#breadcrumb\"},\"inLanguage\":\"de\",\"potentialAction\":[{\"@type\":\"ReadAction\",\"target\":[\"https:\\\/\\\/www.hausamstrom.de\\\/de\\\/links\\\/freundeskreis\\\/uns-unterstuetzende-partner\\\/\"]}]},{\"@type\":\"BreadcrumbList\",\"@id\":\"https:\\\/\\\/www.hausamstrom.de\\\/de\\\/links\\\/freundeskreis\\\/uns-unterstuetzende-partner\\\/#breadcrumb\",\"itemListElement\":[{\"@type\":\"ListItem\",\"position\":1,\"name\":\"Home\",\"item\":\"https:\\\/\\\/www.hausamstrom.de\\\/de\\\/\"},{\"@type\":\"ListItem\",\"position\":2,\"name\":\"Links\",\"item\":\"https:\\\/\\\/www.hausamstrom.de\\\/de\\\/links\\\/\"},{\"@type\":\"ListItem\",\"position\":3,\"name\":\"Partner\",\"item\":\"https:\\\/\\\/www.hausamstrom.de\\\/de\\\/links\\\/freundeskreis\\\/\"},{\"@type\":\"ListItem\",\"position\":4,\"name\":\"Weitere Partner\"}]},{\"@type\":\"WebSite\",\"@id\":\"https:\\\/\\\/www.hausamstrom.de\\\/de\\\/#website\",\"url\":\"https:\\\/\\\/www.hausamstrom.de\\\/de\\\/\",\"name\":\"Haus am Strom\",\"description\":\"Umweltbildungsstation im Passauer Donautal. Umweltbildung und Naturschutz f\u00fcr Kinder und Erwachsenen.\",\"publisher\":{\"@id\":\"https:\\\/\\\/www.hausamstrom.de\\\/de\\\/#organization\"},\"potentialAction\":[{\"@type\":\"SearchAction\",\"target\":{\"@type\":\"EntryPoint\",\"urlTemplate\":\"https:\\\/\\\/www.hausamstrom.de\\\/de\\\/?s={search_term_string}\"},\"query-input\":{\"@type\":\"PropertyValueSpecification\",\"valueRequired\":true,\"valueName\":\"search_term_string\"}}],\"inLanguage\":\"de\"},{\"@type\":\"Organization\",\"@id\":\"https:\\\/\\\/www.hausamstrom.de\\\/de\\\/#organization\",\"name\":\"Haus am Strom\",\"url\":\"https:\\\/\\\/www.hausamstrom.de\\\/de\\\/\",\"logo\":{\"@type\":\"ImageObject\",\"inLanguage\":\"de\",\"@id\":\"https:\\\/\\\/www.hausamstrom.de\\\/de\\\/#\\\/schema\\\/logo\\\/image\\\/\",\"url\":\"https:\\\/\\\/www.hausamstrom.de\\\/wp-content\\\/uploads\\\/2025\\\/06\\\/Logo-quadratisch-1024x1024.jpg\",\"contentUrl\":\"https:\\\/\\\/www.hausamstrom.de\\\/wp-content\\\/uploads\\\/2025\\\/06\\\/Logo-quadratisch-1024x1024.jpg\",\"width\":1024,\"height\":1024,\"caption\":\"Haus am Strom\"},\"image\":{\"@id\":\"https:\\\/\\\/www.hausamstrom.de\\\/de\\\/#\\\/schema\\\/logo\\\/image\\\/\"},\"sameAs\":[\"https:\\\/\\\/www.facebook.com\\\/hausamstrom\",\"https:\\\/\\\/www.instagram.com\\\/\"]}]}<\/script>\n<!-- \/ Yoast SEO plugin. -->","yoast_head_json":{"title":"Weitere Partner - Haus am Strom","robots":{"index":"index","follow":"follow","max-snippet":"max-snippet:-1","max-image-preview":"max-image-preview:large","max-video-preview":"max-video-preview:-1"},"canonical":"https:\/\/www.hausamstrom.de\/de\/links\/freundeskreis\/uns-unterstuetzende-partner\/","og_locale":"de_DE","og_type":"article","og_title":"Weitere Partner - Haus am Strom","og_description":"[vc_row][vc_column width=\u201d1\/3\u2033][vc_single_image image=\u201d6666\u2033 img_size=\u201dmedium\u201d][\/vc_column][vc_column width=\u201d1\/3\u2033][vc_single_image image=\u201d2083\u2033 img_size=\u201dmedium\u201d][\/vc_column][vc_column width=\u201d1\/3\u2033][vc_single_image image=\u201d2084\u2033 img_size=\u201dmedium\u201d][\/vc_column][\/vc_row][vc_row][vc_column][vc_column_text] Das Haus am Strom wurde mit finanzieller Unterst\u00fctzung der Allianz Umweltstiftung, des Landkreises Passau, des bayerischen Staatsministeriums f\u00fcr Umwelt und Verbraucherschutz und der Deutschen Bundesstiftung Umwelt erbaut. Bayerisches Staatsministerium f\u00fcr Umwelt und Verbraucherschutz [\/vc_column_text][vc_column_text]Das Haus am Strom und zahlreiche hier durchgef\u00fchrte Projekte wurden und werden [&hellip;]","og_url":"https:\/\/www.hausamstrom.de\/de\/links\/freundeskreis\/uns-unterstuetzende-partner\/","og_site_name":"Haus am Strom","article_publisher":"https:\/\/www.facebook.com\/hausamstrom","article_modified_time":"2026-02-18T09:56:39+00:00","twitter_card":"summary_large_image","twitter_misc":{"Gesch\u00e4tzte Lesezeit":"1\u00a0Minute"},"schema":{"@context":"https:\/\/schema.org","@graph":[{"@type":"WebPage","@id":"https:\/\/www.hausamstrom.de\/de\/links\/freundeskreis\/uns-unterstuetzende-partner\/","url":"https:\/\/www.hausamstrom.de\/de\/links\/freundeskreis\/uns-unterstuetzende-partner\/","name":"Weitere Partner - Haus am Strom","isPartOf":{"@id":"https:\/\/www.hausamstrom.de\/de\/#website"},"datePublished":"2016-04-22T12:11:22+00:00","dateModified":"2026-02-18T09:56:39+00:00","breadcrumb":{"@id":"https:\/\/www.hausamstrom.de\/de\/links\/freundeskreis\/uns-unterstuetzende-partner\/#breadcrumb"},"inLanguage":"de","potentialAction":[{"@type":"ReadAction","target":["https:\/\/www.hausamstrom.de\/de\/links\/freundeskreis\/uns-unterstuetzende-partner\/"]}]},{"@type":"BreadcrumbList","@id":"https:\/\/www.hausamstrom.de\/de\/links\/freundeskreis\/uns-unterstuetzende-partner\/#breadcrumb","itemListElement":[{"@type":"ListItem","position":1,"name":"Home","item":"https:\/\/www.hausamstrom.de\/de\/"},{"@type":"ListItem","position":2,"name":"Links","item":"https:\/\/www.hausamstrom.de\/de\/links\/"},{"@type":"ListItem","position":3,"name":"Partner","item":"https:\/\/www.hausamstrom.de\/de\/links\/freundeskreis\/"},{"@type":"ListItem","position":4,"name":"Weitere Partner"}]},{"@type":"WebSite","@id":"https:\/\/www.hausamstrom.de\/de\/#website","url":"https:\/\/www.hausamstrom.de\/de\/","name":"Haus am Strom","description":"Umweltbildungsstation im Passauer Donautal. Umweltbildung und Naturschutz f\u00fcr Kinder und Erwachsenen.","publisher":{"@id":"https:\/\/www.hausamstrom.de\/de\/#organization"},"potentialAction":[{"@type":"SearchAction","target":{"@type":"EntryPoint","urlTemplate":"https:\/\/www.hausamstrom.de\/de\/?s={search_term_string}"},"query-input":{"@type":"PropertyValueSpecification","valueRequired":true,"valueName":"search_term_string"}}],"inLanguage":"de"},{"@type":"Organization","@id":"https:\/\/www.hausamstrom.de\/de\/#organization","name":"Haus am Strom","url":"https:\/\/www.hausamstrom.de\/de\/","logo":{"@type":"ImageObject","inLanguage":"de","@id":"https:\/\/www.hausamstrom.de\/de\/#\/schema\/logo\/image\/","url":"https:\/\/www.hausamstrom.de\/wp-content\/uploads\/2025\/06\/Logo-quadratisch-1024x1024.jpg","contentUrl":"https:\/\/www.hausamstrom.de\/wp-content\/uploads\/2025\/06\/Logo-quadratisch-1024x1024.jpg","width":1024,"height":1024,"caption":"Haus am Strom"},"image":{"@id":"https:\/\/www.hausamstrom.de\/de\/#\/schema\/logo\/image\/"},"sameAs":["https:\/\/www.facebook.com\/hausamstrom","https:\/\/www.instagram.com\/"]}]}},"_links":{"self":[{"href":"https:\/\/www.hausamstrom.de\/de\/wp-json\/wp\/v2\/pages\/1440","targetHints":{"allow":["GET"]}}],"collection":[{"href":"https:\/\/www.hausamstrom.de\/de\/wp-json\/wp\/v2\/pages"}],"about":[{"href":"https:\/\/www.hausamstrom.de\/de\/wp-json\/wp\/v2\/types\/page"}],"author":[{"embeddable":true,"href":"https:\/\/www.hausamstrom.de\/de\/wp-json\/wp\/v2\/users\/1"}],"replies":[{"embeddable":true,"href":"https:\/\/www.hausamstrom.de\/de\/wp-json\/wp\/v2\/comments?post=1440"}],"version-history":[{"count":10,"href":"https:\/\/www.hausamstrom.de\/de\/wp-json\/wp\/v2\/pages\/1440\/revisions"}],"predecessor-version":[{"id":13964,"href":"https:\/\/www.hausamstrom.de\/de\/wp-json\/wp\/v2\/pages\/1440\/revisions\/13964"}],"up":[{"embeddable":true,"href":"https:\/\/www.hausamstrom.de\/de\/wp-json\/wp\/v2\/pages\/425"}],"wp:attachment":[{"href":"https:\/\/www.hausamstrom.de\/de\/wp-json\/wp\/v2\/media?parent=1440"}],"curies":[{"name":"wp","href":"https:\/\/api.w.org\/{rel}","templated":true}]}}