{"id":2300,"date":"2016-10-22T14:56:42","date_gmt":"2016-10-22T12:56:42","guid":{"rendered":"https:\/\/hausamstrom.de\/?page_id=2300"},"modified":"2022-04-20T10:46:29","modified_gmt":"2022-04-20T08:46:29","slug":"nutzung-geschichte","status":"publish","type":"page","link":"https:\/\/www.hausamstrom.de\/de\/donautal\/donauleiten\/nutzung-geschichte\/","title":{"rendered":"Nutzung &#038; Geschichte"},"content":{"rendered":"<h1>Weiterf\u00fchrende Betrachtungen zur Entwicklung der Donauleiten<\/h1>\n<p><img loading=\"lazy\" decoding=\"async\" class=\"size-medium wp-image-2572 alignleft\" src=\"https:\/\/hausamstrom.de\/wp-content\/uploads\/2016\/04\/Vgl_Jos-Leiten_-400x286.jpg\" alt=\"Landschaftswandel, Donautal, Passau, Donauleiten\" width=\"400\" height=\"286\" srcset=\"https:\/\/www.hausamstrom.de\/wp-content\/uploads\/2016\/04\/Vgl_Jos-Leiten_-400x286.jpg 400w, https:\/\/www.hausamstrom.de\/wp-content\/uploads\/2016\/04\/Vgl_Jos-Leiten_-1024x732.jpg 1024w, https:\/\/www.hausamstrom.de\/wp-content\/uploads\/2016\/04\/Vgl_Jos-Leiten_.jpg 1276w\" sizes=\"auto, (max-width: 400px) 100vw, 400px\" \/>Die Donauleiten sind ein Gebiet, welches sich durch seine Lebensraumvielfalt und die dadurch bedingte Artendiversit\u00e4t auszeichnet. Das <u>mosaikartige Nebeneinander<\/u> von oft klein- oder kleinstfl\u00e4chigen Lebensraumtypen ist ein hervorstechendes Merkmal der Passauer Donauh\u00e4nge. Dabei sind im Hinblick auf die biogeografische Lage des Durchbruchtals insbesondere offenere, w\u00e4rmeget\u00f6nte Biotoptypen (Blockhalden, Felsen und Felsk\u00f6pfe, lichte eichenbetonte Hangfl\u00e4chen) von besonderer Bedeutung. Die Donauleiten sind deshalb vor allem als Vorposten von Arten mit s\u00fcdeurop\u00e4ischen, pannonischen und kontinentalen Verbreitungsschwerpunkten zu bezeichnen.<\/p>\n<p>Nach der letzten Eiszeit und vor einer intensiven Nutzung des Donautals durch den Menschen (Landwirtschaft, Verkehr, Siedlungen am Talboden; Waldnutzung in den H\u00e4ngen), d\u00fcrften sich offene Lebensr\u00e4ume in den Donauleiten auf felsige Bereiche, Blockhalden, das Donauufer (Fels, Kies) und tempor\u00e4re Windwurffl\u00e4chen beschr\u00e4nkt haben. Die zunehmende Besiedlung hat vermutlich phasenweise zu einer Intensivierung der Nutzung sowohl am Talboden (Siedlungen, Wege, Landwirtschaft) als auch in den H\u00e4ngen (Forstwirtschaft) gef\u00fchrt. Die Nutzung der W\u00e4lder war dabei wahrscheinlich, je nach Ressourcenbedarf, unterschiedlich intensiv (z. B. Holzbedarf zur Eisenverh\u00fcttung w\u00e4hrend der Keltenzeit). Von einer, hinsichtlich Nutzungsintensit\u00e4t und \u2013form, kontinuierlichen Bewirtschaftung der Donauh\u00e4nge ist nicht auszugehen.<\/p>\n<p>Die j\u00fcngste Nutzungswelle der Waldbest\u00e4nde (mittel- und niederwaldartige Bewirtschaftung) seit etwa dem 18. Jahrhundert hat wahrscheinlich zu einer bedeutenden Erh\u00f6hung des Anteils \u201eoffener\u201c bzw. halboffener Lebensr\u00e4ume gef\u00fchrt. Durch Nutzungs\u00e4nderung bzw. -aufgabe seit etwa der 1950er ist aktuell ein umgekehrter Trend festzustellen (Kronendichtschluss). Sonderstandorte, wie Felsbereiche und Blockhalden, sind hier ausgenommen bzw. geht der Aufwuchs hier deutlich langsamer voran.<\/p>\n<p>Es ist festzustellen, dass der Kronendichtschluss seit etwa den 1950ern zu einer mehr oder weniger deutlichen Ver\u00e4nderung hinsichtlich der Lebensr\u00e4ume gef\u00fchrt hat. Bis zu diesem Zeitpunkt kann in zug\u00e4nglichen Gebietsteilen eine intensivere forstliche Nutzung festgestellt werden. Entsprechend hoch war der Anteil von Kahlschlagsfl\u00e4chen. In Folge dessen ist von einer kurzfristigen und lokalen F\u00f6rderung thermophiler Offenland- und Saumarten auszugehen. Sehr wahrscheinlich war die Offenheit der H\u00e4nge, als Folge derartiger \u201eNutzungsereignisse\u201c, generell aber von eher kurzer Dauer. Es ist von einer raschen Verbuschung (durch Stockausschl\u00e4ge und Samenanflug) und Wiederbewaldung auszugehen (Zeitraum ca. 10 Jahre). Ausgeglichen wurde dies wahrscheinlich durch eine relativ kleinfl\u00e4chige, mosaikartige, niederwaldartige Waldnutzung.<\/p>\n<p>Bedingt durch die Nutzungsextensivierung in den letzten ca. 60-70 Jahren sind trocken-warme, besonnte Hangfl\u00e4chen sukzessive verloren gegangen.\u00a0 Es ist von einer Verschiebung (quantitativ, teilweise evtl. qualitativ?) thermophiler Offenland- und Saumarten hin zu (thermophilen) Waldarten auszugehen. Die Zunahme an Wald und der Kronendichtschluss in ehemals lichten und offenen Lebensr\u00e4umen sind als kritisch zu betrachten. Zuk\u00fcnftig sollen in den Donauleiten sowohl lichte und offene Lebensr\u00e4ume verst\u00e4rkt gef\u00f6rdert, als auch Naturwald entwickelt werden.<\/p>\n<p>Generell stellt Wald nat\u00fcrlicherweise und nutzungsbedingt den \u00fcberwiegenden Anteil der Vegetation in den Donauleiten dar. Der aktuelle naturschutzfachliche Zustand vieler Waldfl\u00e4chen im Gebiet ist im Hinblick auf ihre Struktur (Reife, Naturn\u00e4he) als kaum oder m\u00e4\u00dfig wertvoll zu bezeichnen. Zur\u00fcckzuf\u00fchren ist dies auf das verh\u00e4ltnism\u00e4\u00dfig geringe Alter vieler Best\u00e4nde (&lt;70 Jahre). In (Buchen-) Waldbest\u00e4nden des Tieflandes bilden sich fl\u00e4chige Reifestrukturen ab einem Mindestbestandsalter von etwa 100 bis 150 Jahren. Sehr wertvolle Best\u00e4nde dahingegen befinden sich derzeit meist auf unzug\u00e4nglichen Standorten (z. B. Felsbereiche, Bachschluchten) oder aus anderen Gr\u00fcnden schon l\u00e4nger nicht genutzten Bereichen. Es kann jedoch festgestellt werden, dass trotz des geringen Alters vieler Waldbest\u00e4nde in den Donauleiten, bereits jetzt eine gewisse \u201eReifung\u201c und Dynamik einsetzt. Urs\u00e4chlich sind mit Sicherheit die stand\u00f6rtlichen Bedingungen in den H\u00e4ngen. Hier spielen vor allem N\u00e4hrstoff- und Wasserversorgung auf trockenen Standorten einerseits und der geringe Wurzelwiderstand des blockschuttigen Bodens andererseits eine wesentliche Rolle. Dies bedeutet zum einen mehr Stress (Trockenstress) und in Folge eine schnellere \u201eAlterung\u201c f\u00fcr die B\u00e4ume, zum anderen eine hohe Wahrscheinlichkeit von Windbruch. Letzteres belegen beispielsweise Windbruchereignisse der Jahre 2015 und 2016 im Jochensteiner Bereich, bei denen zudem kleinfl\u00e4chige Lichtungen (&lt;300 qm) entstanden sind. Es ist damit zu rechnen, dass derartige Ereignisse mit zunehmendem Bestandsalter h\u00e4ufiger werden, da sich der Raumwiderstand der einzelnen B\u00e4ume (Kronen) erh\u00f6ht. In Folge ist auch mit einer unregelm\u00e4\u00dfigen Neuentstehung von \u201eLichtinseln\u201c und einer Erh\u00f6hung des Totholzanteils im Wald zu rechnen.<\/p>\n","protected":false},"excerpt":{"rendered":"<p>Weiterf\u00fchrende Betrachtungen zur Entwicklung der Donauleiten Die Donauleiten sind ein Gebiet, welches sich durch seine Lebensraumvielfalt und die dadurch bedingte Artendiversit\u00e4t auszeichnet. Das mosaikartige Nebeneinander von oft klein- oder kleinstfl\u00e4chigen Lebensraumtypen ist ein hervorstechendes Merkmal der Passauer Donauh\u00e4nge. Dabei sind im Hinblick auf die biogeografische Lage des Durchbruchtals insbesondere offenere, w\u00e4rmeget\u00f6nte Biotoptypen (Blockhalden, Felsen und [&hellip;]<\/p>\n","protected":false},"author":1,"featured_media":0,"parent":381,"menu_order":0,"comment_status":"closed","ping_status":"closed","template":"","meta":{"footnotes":""},"class_list":["post-2300","page","type-page","status-publish","hentry"],"yoast_head":"<!-- This site is optimized with the Yoast SEO plugin v27.3 - https:\/\/yoast.com\/product\/yoast-seo-wordpress\/ -->\n<title>Nutzung &amp; Geschichte - Haus am Strom<\/title>\n<meta name=\"robots\" content=\"index, follow, max-snippet:-1, max-image-preview:large, max-video-preview:-1\" \/>\n<link rel=\"canonical\" href=\"https:\/\/www.hausamstrom.de\/de\/donautal\/donauleiten\/nutzung-geschichte\/\" \/>\n<meta property=\"og:locale\" content=\"de_DE\" \/>\n<meta property=\"og:type\" content=\"article\" \/>\n<meta property=\"og:title\" content=\"Nutzung &amp; Geschichte - Haus am Strom\" \/>\n<meta property=\"og:description\" content=\"Weiterf\u00fchrende Betrachtungen zur Entwicklung der Donauleiten Die Donauleiten sind ein Gebiet, welches sich durch seine Lebensraumvielfalt und die dadurch bedingte Artendiversit\u00e4t auszeichnet. Das mosaikartige Nebeneinander von oft klein- oder kleinstfl\u00e4chigen Lebensraumtypen ist ein hervorstechendes Merkmal der Passauer Donauh\u00e4nge. Dabei sind im Hinblick auf die biogeografische Lage des Durchbruchtals insbesondere offenere, w\u00e4rmeget\u00f6nte Biotoptypen (Blockhalden, Felsen und [&hellip;]\" \/>\n<meta property=\"og:url\" content=\"https:\/\/www.hausamstrom.de\/de\/donautal\/donauleiten\/nutzung-geschichte\/\" \/>\n<meta property=\"og:site_name\" content=\"Haus am Strom\" \/>\n<meta property=\"article:publisher\" content=\"https:\/\/www.facebook.com\/hausamstrom\" \/>\n<meta property=\"article:modified_time\" content=\"2022-04-20T08:46:29+00:00\" \/>\n<meta property=\"og:image\" content=\"https:\/\/hausamstrom.de\/wp-content\/uploads\/2016\/04\/Vgl_Jos-Leiten_-400x286.jpg\" \/>\n<meta name=\"twitter:card\" content=\"summary_large_image\" \/>\n<meta name=\"twitter:label1\" content=\"Gesch\u00e4tzte Lesezeit\" \/>\n\t<meta name=\"twitter:data1\" content=\"4\u00a0Minuten\" \/>\n<script type=\"application\/ld+json\" class=\"yoast-schema-graph\">{\"@context\":\"https:\\\/\\\/schema.org\",\"@graph\":[{\"@type\":\"WebPage\",\"@id\":\"https:\\\/\\\/www.hausamstrom.de\\\/de\\\/donautal\\\/donauleiten\\\/nutzung-geschichte\\\/\",\"url\":\"https:\\\/\\\/www.hausamstrom.de\\\/de\\\/donautal\\\/donauleiten\\\/nutzung-geschichte\\\/\",\"name\":\"Nutzung & Geschichte - Haus am Strom\",\"isPartOf\":{\"@id\":\"https:\\\/\\\/www.hausamstrom.de\\\/de\\\/#website\"},\"primaryImageOfPage\":{\"@id\":\"https:\\\/\\\/www.hausamstrom.de\\\/de\\\/donautal\\\/donauleiten\\\/nutzung-geschichte\\\/#primaryimage\"},\"image\":{\"@id\":\"https:\\\/\\\/www.hausamstrom.de\\\/de\\\/donautal\\\/donauleiten\\\/nutzung-geschichte\\\/#primaryimage\"},\"thumbnailUrl\":\"https:\\\/\\\/hausamstrom.de\\\/wp-content\\\/uploads\\\/2016\\\/04\\\/Vgl_Jos-Leiten_-400x286.jpg\",\"datePublished\":\"2016-10-22T12:56:42+00:00\",\"dateModified\":\"2022-04-20T08:46:29+00:00\",\"breadcrumb\":{\"@id\":\"https:\\\/\\\/www.hausamstrom.de\\\/de\\\/donautal\\\/donauleiten\\\/nutzung-geschichte\\\/#breadcrumb\"},\"inLanguage\":\"de\",\"potentialAction\":[{\"@type\":\"ReadAction\",\"target\":[\"https:\\\/\\\/www.hausamstrom.de\\\/de\\\/donautal\\\/donauleiten\\\/nutzung-geschichte\\\/\"]}]},{\"@type\":\"ImageObject\",\"inLanguage\":\"de\",\"@id\":\"https:\\\/\\\/www.hausamstrom.de\\\/de\\\/donautal\\\/donauleiten\\\/nutzung-geschichte\\\/#primaryimage\",\"url\":\"https:\\\/\\\/hausamstrom.de\\\/wp-content\\\/uploads\\\/2016\\\/04\\\/Vgl_Jos-Leiten_-400x286.jpg\",\"contentUrl\":\"https:\\\/\\\/hausamstrom.de\\\/wp-content\\\/uploads\\\/2016\\\/04\\\/Vgl_Jos-Leiten_-400x286.jpg\"},{\"@type\":\"BreadcrumbList\",\"@id\":\"https:\\\/\\\/www.hausamstrom.de\\\/de\\\/donautal\\\/donauleiten\\\/nutzung-geschichte\\\/#breadcrumb\",\"itemListElement\":[{\"@type\":\"ListItem\",\"position\":1,\"name\":\"Home\",\"item\":\"https:\\\/\\\/www.hausamstrom.de\\\/de\\\/\"},{\"@type\":\"ListItem\",\"position\":2,\"name\":\"Donautal\",\"item\":\"https:\\\/\\\/www.hausamstrom.de\\\/de\\\/donautal\\\/\"},{\"@type\":\"ListItem\",\"position\":3,\"name\":\"Donauleiten\",\"item\":\"https:\\\/\\\/www.hausamstrom.de\\\/de\\\/donautal\\\/donauleiten\\\/\"},{\"@type\":\"ListItem\",\"position\":4,\"name\":\"Nutzung &#038; Geschichte\"}]},{\"@type\":\"WebSite\",\"@id\":\"https:\\\/\\\/www.hausamstrom.de\\\/de\\\/#website\",\"url\":\"https:\\\/\\\/www.hausamstrom.de\\\/de\\\/\",\"name\":\"Haus am Strom\",\"description\":\"Umweltbildungsstation im Passauer Donautal. Umweltbildung und Naturschutz f\u00fcr Kinder und Erwachsenen.\",\"publisher\":{\"@id\":\"https:\\\/\\\/www.hausamstrom.de\\\/de\\\/#organization\"},\"potentialAction\":[{\"@type\":\"SearchAction\",\"target\":{\"@type\":\"EntryPoint\",\"urlTemplate\":\"https:\\\/\\\/www.hausamstrom.de\\\/de\\\/?s={search_term_string}\"},\"query-input\":{\"@type\":\"PropertyValueSpecification\",\"valueRequired\":true,\"valueName\":\"search_term_string\"}}],\"inLanguage\":\"de\"},{\"@type\":\"Organization\",\"@id\":\"https:\\\/\\\/www.hausamstrom.de\\\/de\\\/#organization\",\"name\":\"Haus am Strom\",\"url\":\"https:\\\/\\\/www.hausamstrom.de\\\/de\\\/\",\"logo\":{\"@type\":\"ImageObject\",\"inLanguage\":\"de\",\"@id\":\"https:\\\/\\\/www.hausamstrom.de\\\/de\\\/#\\\/schema\\\/logo\\\/image\\\/\",\"url\":\"https:\\\/\\\/www.hausamstrom.de\\\/wp-content\\\/uploads\\\/2025\\\/06\\\/Logo-quadratisch-1024x1024.jpg\",\"contentUrl\":\"https:\\\/\\\/www.hausamstrom.de\\\/wp-content\\\/uploads\\\/2025\\\/06\\\/Logo-quadratisch-1024x1024.jpg\",\"width\":1024,\"height\":1024,\"caption\":\"Haus am Strom\"},\"image\":{\"@id\":\"https:\\\/\\\/www.hausamstrom.de\\\/de\\\/#\\\/schema\\\/logo\\\/image\\\/\"},\"sameAs\":[\"https:\\\/\\\/www.facebook.com\\\/hausamstrom\",\"https:\\\/\\\/www.instagram.com\\\/\"]}]}<\/script>\n<!-- \/ Yoast SEO plugin. -->","yoast_head_json":{"title":"Nutzung & Geschichte - Haus am Strom","robots":{"index":"index","follow":"follow","max-snippet":"max-snippet:-1","max-image-preview":"max-image-preview:large","max-video-preview":"max-video-preview:-1"},"canonical":"https:\/\/www.hausamstrom.de\/de\/donautal\/donauleiten\/nutzung-geschichte\/","og_locale":"de_DE","og_type":"article","og_title":"Nutzung & Geschichte - Haus am Strom","og_description":"Weiterf\u00fchrende Betrachtungen zur Entwicklung der Donauleiten Die Donauleiten sind ein Gebiet, welches sich durch seine Lebensraumvielfalt und die dadurch bedingte Artendiversit\u00e4t auszeichnet. Das mosaikartige Nebeneinander von oft klein- oder kleinstfl\u00e4chigen Lebensraumtypen ist ein hervorstechendes Merkmal der Passauer Donauh\u00e4nge. Dabei sind im Hinblick auf die biogeografische Lage des Durchbruchtals insbesondere offenere, w\u00e4rmeget\u00f6nte Biotoptypen (Blockhalden, Felsen und [&hellip;]","og_url":"https:\/\/www.hausamstrom.de\/de\/donautal\/donauleiten\/nutzung-geschichte\/","og_site_name":"Haus am Strom","article_publisher":"https:\/\/www.facebook.com\/hausamstrom","article_modified_time":"2022-04-20T08:46:29+00:00","og_image":[{"url":"https:\/\/hausamstrom.de\/wp-content\/uploads\/2016\/04\/Vgl_Jos-Leiten_-400x286.jpg","type":"","width":"","height":""}],"twitter_card":"summary_large_image","twitter_misc":{"Gesch\u00e4tzte Lesezeit":"4\u00a0Minuten"},"schema":{"@context":"https:\/\/schema.org","@graph":[{"@type":"WebPage","@id":"https:\/\/www.hausamstrom.de\/de\/donautal\/donauleiten\/nutzung-geschichte\/","url":"https:\/\/www.hausamstrom.de\/de\/donautal\/donauleiten\/nutzung-geschichte\/","name":"Nutzung & Geschichte - Haus am Strom","isPartOf":{"@id":"https:\/\/www.hausamstrom.de\/de\/#website"},"primaryImageOfPage":{"@id":"https:\/\/www.hausamstrom.de\/de\/donautal\/donauleiten\/nutzung-geschichte\/#primaryimage"},"image":{"@id":"https:\/\/www.hausamstrom.de\/de\/donautal\/donauleiten\/nutzung-geschichte\/#primaryimage"},"thumbnailUrl":"https:\/\/hausamstrom.de\/wp-content\/uploads\/2016\/04\/Vgl_Jos-Leiten_-400x286.jpg","datePublished":"2016-10-22T12:56:42+00:00","dateModified":"2022-04-20T08:46:29+00:00","breadcrumb":{"@id":"https:\/\/www.hausamstrom.de\/de\/donautal\/donauleiten\/nutzung-geschichte\/#breadcrumb"},"inLanguage":"de","potentialAction":[{"@type":"ReadAction","target":["https:\/\/www.hausamstrom.de\/de\/donautal\/donauleiten\/nutzung-geschichte\/"]}]},{"@type":"ImageObject","inLanguage":"de","@id":"https:\/\/www.hausamstrom.de\/de\/donautal\/donauleiten\/nutzung-geschichte\/#primaryimage","url":"https:\/\/hausamstrom.de\/wp-content\/uploads\/2016\/04\/Vgl_Jos-Leiten_-400x286.jpg","contentUrl":"https:\/\/hausamstrom.de\/wp-content\/uploads\/2016\/04\/Vgl_Jos-Leiten_-400x286.jpg"},{"@type":"BreadcrumbList","@id":"https:\/\/www.hausamstrom.de\/de\/donautal\/donauleiten\/nutzung-geschichte\/#breadcrumb","itemListElement":[{"@type":"ListItem","position":1,"name":"Home","item":"https:\/\/www.hausamstrom.de\/de\/"},{"@type":"ListItem","position":2,"name":"Donautal","item":"https:\/\/www.hausamstrom.de\/de\/donautal\/"},{"@type":"ListItem","position":3,"name":"Donauleiten","item":"https:\/\/www.hausamstrom.de\/de\/donautal\/donauleiten\/"},{"@type":"ListItem","position":4,"name":"Nutzung &#038; Geschichte"}]},{"@type":"WebSite","@id":"https:\/\/www.hausamstrom.de\/de\/#website","url":"https:\/\/www.hausamstrom.de\/de\/","name":"Haus am Strom","description":"Umweltbildungsstation im Passauer Donautal. Umweltbildung und Naturschutz f\u00fcr Kinder und Erwachsenen.","publisher":{"@id":"https:\/\/www.hausamstrom.de\/de\/#organization"},"potentialAction":[{"@type":"SearchAction","target":{"@type":"EntryPoint","urlTemplate":"https:\/\/www.hausamstrom.de\/de\/?s={search_term_string}"},"query-input":{"@type":"PropertyValueSpecification","valueRequired":true,"valueName":"search_term_string"}}],"inLanguage":"de"},{"@type":"Organization","@id":"https:\/\/www.hausamstrom.de\/de\/#organization","name":"Haus am Strom","url":"https:\/\/www.hausamstrom.de\/de\/","logo":{"@type":"ImageObject","inLanguage":"de","@id":"https:\/\/www.hausamstrom.de\/de\/#\/schema\/logo\/image\/","url":"https:\/\/www.hausamstrom.de\/wp-content\/uploads\/2025\/06\/Logo-quadratisch-1024x1024.jpg","contentUrl":"https:\/\/www.hausamstrom.de\/wp-content\/uploads\/2025\/06\/Logo-quadratisch-1024x1024.jpg","width":1024,"height":1024,"caption":"Haus am Strom"},"image":{"@id":"https:\/\/www.hausamstrom.de\/de\/#\/schema\/logo\/image\/"},"sameAs":["https:\/\/www.facebook.com\/hausamstrom","https:\/\/www.instagram.com\/"]}]}},"_links":{"self":[{"href":"https:\/\/www.hausamstrom.de\/de\/wp-json\/wp\/v2\/pages\/2300","targetHints":{"allow":["GET"]}}],"collection":[{"href":"https:\/\/www.hausamstrom.de\/de\/wp-json\/wp\/v2\/pages"}],"about":[{"href":"https:\/\/www.hausamstrom.de\/de\/wp-json\/wp\/v2\/types\/page"}],"author":[{"embeddable":true,"href":"https:\/\/www.hausamstrom.de\/de\/wp-json\/wp\/v2\/users\/1"}],"replies":[{"embeddable":true,"href":"https:\/\/www.hausamstrom.de\/de\/wp-json\/wp\/v2\/comments?post=2300"}],"version-history":[{"count":10,"href":"https:\/\/www.hausamstrom.de\/de\/wp-json\/wp\/v2\/pages\/2300\/revisions"}],"predecessor-version":[{"id":10740,"href":"https:\/\/www.hausamstrom.de\/de\/wp-json\/wp\/v2\/pages\/2300\/revisions\/10740"}],"up":[{"embeddable":true,"href":"https:\/\/www.hausamstrom.de\/de\/wp-json\/wp\/v2\/pages\/381"}],"wp:attachment":[{"href":"https:\/\/www.hausamstrom.de\/de\/wp-json\/wp\/v2\/media?parent=2300"}],"curies":[{"name":"wp","href":"https:\/\/api.w.org\/{rel}","templated":true}]}}