{"id":2450,"date":"2017-01-17T14:36:53","date_gmt":"2017-01-17T13:36:53","guid":{"rendered":"https:\/\/hausamstrom.de\/?page_id=2450"},"modified":"2026-01-07T09:56:03","modified_gmt":"2026-01-07T08:56:03","slug":"gps-programm","status":"publish","type":"page","link":"https:\/\/www.hausamstrom.de\/de\/programm\/buchbares\/schulen\/gps-programm\/","title":{"rendered":"Finde deinen Weg &#8211; GPS"},"content":{"rendered":"<div class=\"wpb-content-wrapper\"><p>[vc_row][vc_column][vc_column_text css=\u201d\u201d]In Kleingruppen m\u00fcssen versteckte sog. \u201ccaches\u201d im Gel\u00e4nde gefunden werden. Eine spannende Aufgabe, die nur im Team zu l\u00f6sen ist. Orientierung in der Natur, Selbst\u00e4ndigkeit und Kombinationsgabe werden hier spielerisch gef\u00f6rdert.<\/p>\n<p><strong>Leistungen:<\/strong><\/p>\n<p>\u2013 GPS-Ger\u00e4te<\/p>\n<p>\u2013 fachlich qualifizierte Leitung<\/p>\n<p><strong>Dauer:<\/strong> 2,5 Std.<\/p>\n<p><strong>Treffpunkt:<\/strong>\u00a0Haus am Strom<\/p>\n<p><strong>Preis: <\/strong><\/p>\n<p>\u2013 6,00\u20ac pro Person<\/p>\n<p>\u2013 mindestens 60,00\u20ac pro F\u00fchrung<\/p>\n<div class=\"brlbs-cmpnt-container brlbs-cmpnt-content-blocker brlbs-cmpnt-with-individual-styles\" data-borlabs-cookie-content-blocker-id=\"default\" data-borlabs-cookie-content=\"PGlmcmFtZSBzcmM9Imh0dHBzOi8vd3d3LnlvdXR1YmUtbm9jb29raWUuY29tL2VtYmVkL0lCeFJfR2ZDeDgwP3JlbD0wIiB3aWR0aD0iNTYwIiBoZWlnaHQ9IjMxNSIgZnJhbWVib3JkZXI9IjAiIGFsbG93ZnVsbHNjcmVlbj0iYWxsb3dmdWxsc2NyZWVuIj48L2lmcmFtZT4=\">\n<div class=\"brlbs-cmpnt-cb-preset-a\">\n<p class=\"brlbs-cmpnt-cb-description\">Sie sehen gerade einen Platzhalterinhalt von <strong>Standard<\/strong>. Um auf den eigentlichen Inhalt zuzugreifen, klicken Sie auf den Button unten. Bitte beachten Sie, dass dabei Daten an Drittanbieter weitergegeben werden.<\/p>\n<div class=\"brlbs-cmpnt-cb-buttons\"> <a class=\"brlbs-cmpnt-cb-btn\" href=\"#\" data-borlabs-cookie-unblock role=\"button\">Inhalt entsperren<\/a> <a class=\"brlbs-cmpnt-cb-btn\" href=\"#\" data-borlabs-cookie-accept-service role=\"button\" style=\"display: none\">Erforderlichen Service akzeptieren und Inhalte entsperren<\/a> <\/div>\n<p> <a class=\"brlbs-cmpnt-cb-provider-toggle\" href=\"#\" data-borlabs-cookie-show-provider-information role=\"button\">Weitere Informationen<\/a> <\/div>\n<\/div>\n<p>[\/vc_column_text][\/vc_column][\/vc_row]<\/p>\n<\/div>","protected":false},"excerpt":{"rendered":"<p>[vc_row][vc_column][vc_column_text css=\u201d\u201d]In Kleingruppen m\u00fcssen versteckte sog. \u201ccaches\u201d im Gel\u00e4nde gefunden werden. Eine spannende Aufgabe, die nur im Team zu l\u00f6sen ist. Orientierung in der Natur, Selbst\u00e4ndigkeit und Kombinationsgabe werden hier spielerisch gef\u00f6rdert. Leistungen: \u2013 GPS-Ger\u00e4te \u2013 fachlich qualifizierte Leitung Dauer: 2,5 Std. Treffpunkt:\u00a0Haus am Strom Preis: \u2013 6,00\u20ac pro Person \u2013 mindestens 60,00\u20ac pro F\u00fchrung [&hellip;]<\/p>\n","protected":false},"author":1,"featured_media":0,"parent":367,"menu_order":0,"comment_status":"closed","ping_status":"closed","template":"","meta":{"footnotes":""},"class_list":["post-2450","page","type-page","status-publish","hentry"],"yoast_head":"<!-- This site is optimized with the Yoast SEO plugin v27.5 - https:\/\/yoast.com\/product\/yoast-seo-wordpress\/ -->\n<title>Finde deinen Weg - GPS - Haus am Strom<\/title>\n<meta name=\"robots\" content=\"index, follow, max-snippet:-1, max-image-preview:large, max-video-preview:-1\" \/>\n<link rel=\"canonical\" href=\"https:\/\/www.hausamstrom.de\/de\/programm\/buchbares\/schulen\/gps-programm\/\" \/>\n<meta property=\"og:locale\" content=\"de_DE\" \/>\n<meta property=\"og:type\" content=\"article\" \/>\n<meta property=\"og:title\" content=\"Finde deinen Weg - GPS - Haus am Strom\" \/>\n<meta property=\"og:description\" content=\"[vc_row][vc_column][vc_column_text css=\u201d\u201d]In Kleingruppen m\u00fcssen versteckte sog. \u201ccaches\u201d im Gel\u00e4nde gefunden werden. Eine spannende Aufgabe, die nur im Team zu l\u00f6sen ist. Orientierung in der Natur, Selbst\u00e4ndigkeit und Kombinationsgabe werden hier spielerisch gef\u00f6rdert. Leistungen: \u2013 GPS-Ger\u00e4te \u2013 fachlich qualifizierte Leitung Dauer: 2,5 Std. Treffpunkt:\u00a0Haus am Strom Preis: \u2013 6,00\u20ac pro Person \u2013 mindestens 60,00\u20ac pro F\u00fchrung [&hellip;]\" \/>\n<meta property=\"og:url\" content=\"https:\/\/www.hausamstrom.de\/de\/programm\/buchbares\/schulen\/gps-programm\/\" \/>\n<meta property=\"og:site_name\" content=\"Haus am Strom\" \/>\n<meta property=\"article:publisher\" content=\"https:\/\/www.facebook.com\/hausamstrom\" \/>\n<meta property=\"article:modified_time\" content=\"2026-01-07T08:56:03+00:00\" \/>\n<meta name=\"twitter:card\" content=\"summary_large_image\" \/>\n<meta name=\"twitter:label1\" content=\"Gesch\u00e4tzte Lesezeit\" \/>\n\t<meta name=\"twitter:data1\" content=\"1\u00a0Minute\" \/>\n<script type=\"application\/ld+json\" class=\"yoast-schema-graph\">{\"@context\":\"https:\\\/\\\/schema.org\",\"@graph\":[{\"@type\":\"WebPage\",\"@id\":\"https:\\\/\\\/www.hausamstrom.de\\\/de\\\/programm\\\/buchbares\\\/schulen\\\/gps-programm\\\/\",\"url\":\"https:\\\/\\\/www.hausamstrom.de\\\/de\\\/programm\\\/buchbares\\\/schulen\\\/gps-programm\\\/\",\"name\":\"Finde deinen Weg - GPS - Haus am Strom\",\"isPartOf\":{\"@id\":\"https:\\\/\\\/www.hausamstrom.de\\\/de\\\/#website\"},\"datePublished\":\"2017-01-17T13:36:53+00:00\",\"dateModified\":\"2026-01-07T08:56:03+00:00\",\"breadcrumb\":{\"@id\":\"https:\\\/\\\/www.hausamstrom.de\\\/de\\\/programm\\\/buchbares\\\/schulen\\\/gps-programm\\\/#breadcrumb\"},\"inLanguage\":\"de\",\"potentialAction\":[{\"@type\":\"ReadAction\",\"target\":[\"https:\\\/\\\/www.hausamstrom.de\\\/de\\\/programm\\\/buchbares\\\/schulen\\\/gps-programm\\\/\"]}]},{\"@type\":\"BreadcrumbList\",\"@id\":\"https:\\\/\\\/www.hausamstrom.de\\\/de\\\/programm\\\/buchbares\\\/schulen\\\/gps-programm\\\/#breadcrumb\",\"itemListElement\":[{\"@type\":\"ListItem\",\"position\":1,\"name\":\"Home\",\"item\":\"https:\\\/\\\/www.hausamstrom.de\\\/de\\\/\"},{\"@type\":\"ListItem\",\"position\":2,\"name\":\"Programm\",\"item\":\"https:\\\/\\\/www.hausamstrom.de\\\/de\\\/programm\\\/\"},{\"@type\":\"ListItem\",\"position\":3,\"name\":\"Buchbares\",\"item\":\"https:\\\/\\\/www.hausamstrom.de\\\/de\\\/programm\\\/buchbares\\\/\"},{\"@type\":\"ListItem\",\"position\":4,\"name\":\"Schulen\",\"item\":\"https:\\\/\\\/www.hausamstrom.de\\\/de\\\/programm\\\/buchbares\\\/schulen\\\/\"},{\"@type\":\"ListItem\",\"position\":5,\"name\":\"Finde deinen Weg &#8211; GPS\"}]},{\"@type\":\"WebSite\",\"@id\":\"https:\\\/\\\/www.hausamstrom.de\\\/de\\\/#website\",\"url\":\"https:\\\/\\\/www.hausamstrom.de\\\/de\\\/\",\"name\":\"Haus am Strom\",\"description\":\"Umweltbildungsstation im Passauer Donautal. Umweltbildung und Naturschutz f\u00fcr Kinder und Erwachsenen.\",\"publisher\":{\"@id\":\"https:\\\/\\\/www.hausamstrom.de\\\/de\\\/#organization\"},\"potentialAction\":[{\"@type\":\"SearchAction\",\"target\":{\"@type\":\"EntryPoint\",\"urlTemplate\":\"https:\\\/\\\/www.hausamstrom.de\\\/de\\\/?s={search_term_string}\"},\"query-input\":{\"@type\":\"PropertyValueSpecification\",\"valueRequired\":true,\"valueName\":\"search_term_string\"}}],\"inLanguage\":\"de\"},{\"@type\":\"Organization\",\"@id\":\"https:\\\/\\\/www.hausamstrom.de\\\/de\\\/#organization\",\"name\":\"Haus am Strom\",\"url\":\"https:\\\/\\\/www.hausamstrom.de\\\/de\\\/\",\"logo\":{\"@type\":\"ImageObject\",\"inLanguage\":\"de\",\"@id\":\"https:\\\/\\\/www.hausamstrom.de\\\/de\\\/#\\\/schema\\\/logo\\\/image\\\/\",\"url\":\"https:\\\/\\\/www.hausamstrom.de\\\/wp-content\\\/uploads\\\/2025\\\/06\\\/Logo-quadratisch-1024x1024.jpg\",\"contentUrl\":\"https:\\\/\\\/www.hausamstrom.de\\\/wp-content\\\/uploads\\\/2025\\\/06\\\/Logo-quadratisch-1024x1024.jpg\",\"width\":1024,\"height\":1024,\"caption\":\"Haus am Strom\"},\"image\":{\"@id\":\"https:\\\/\\\/www.hausamstrom.de\\\/de\\\/#\\\/schema\\\/logo\\\/image\\\/\"},\"sameAs\":[\"https:\\\/\\\/www.facebook.com\\\/hausamstrom\",\"https:\\\/\\\/www.instagram.com\\\/\"]}]}<\/script>\n<!-- \/ Yoast SEO plugin. -->","yoast_head_json":{"title":"Finde deinen Weg - GPS - Haus am Strom","robots":{"index":"index","follow":"follow","max-snippet":"max-snippet:-1","max-image-preview":"max-image-preview:large","max-video-preview":"max-video-preview:-1"},"canonical":"https:\/\/www.hausamstrom.de\/de\/programm\/buchbares\/schulen\/gps-programm\/","og_locale":"de_DE","og_type":"article","og_title":"Finde deinen Weg - GPS - Haus am Strom","og_description":"[vc_row][vc_column][vc_column_text css=\u201d\u201d]In Kleingruppen m\u00fcssen versteckte sog. \u201ccaches\u201d im Gel\u00e4nde gefunden werden. Eine spannende Aufgabe, die nur im Team zu l\u00f6sen ist. Orientierung in der Natur, Selbst\u00e4ndigkeit und Kombinationsgabe werden hier spielerisch gef\u00f6rdert. Leistungen: \u2013 GPS-Ger\u00e4te \u2013 fachlich qualifizierte Leitung Dauer: 2,5 Std. Treffpunkt:\u00a0Haus am Strom Preis: \u2013 6,00\u20ac pro Person \u2013 mindestens 60,00\u20ac pro F\u00fchrung [&hellip;]","og_url":"https:\/\/www.hausamstrom.de\/de\/programm\/buchbares\/schulen\/gps-programm\/","og_site_name":"Haus am Strom","article_publisher":"https:\/\/www.facebook.com\/hausamstrom","article_modified_time":"2026-01-07T08:56:03+00:00","twitter_card":"summary_large_image","twitter_misc":{"Gesch\u00e4tzte Lesezeit":"1\u00a0Minute"},"schema":{"@context":"https:\/\/schema.org","@graph":[{"@type":"WebPage","@id":"https:\/\/www.hausamstrom.de\/de\/programm\/buchbares\/schulen\/gps-programm\/","url":"https:\/\/www.hausamstrom.de\/de\/programm\/buchbares\/schulen\/gps-programm\/","name":"Finde deinen Weg - GPS - Haus am Strom","isPartOf":{"@id":"https:\/\/www.hausamstrom.de\/de\/#website"},"datePublished":"2017-01-17T13:36:53+00:00","dateModified":"2026-01-07T08:56:03+00:00","breadcrumb":{"@id":"https:\/\/www.hausamstrom.de\/de\/programm\/buchbares\/schulen\/gps-programm\/#breadcrumb"},"inLanguage":"de","potentialAction":[{"@type":"ReadAction","target":["https:\/\/www.hausamstrom.de\/de\/programm\/buchbares\/schulen\/gps-programm\/"]}]},{"@type":"BreadcrumbList","@id":"https:\/\/www.hausamstrom.de\/de\/programm\/buchbares\/schulen\/gps-programm\/#breadcrumb","itemListElement":[{"@type":"ListItem","position":1,"name":"Home","item":"https:\/\/www.hausamstrom.de\/de\/"},{"@type":"ListItem","position":2,"name":"Programm","item":"https:\/\/www.hausamstrom.de\/de\/programm\/"},{"@type":"ListItem","position":3,"name":"Buchbares","item":"https:\/\/www.hausamstrom.de\/de\/programm\/buchbares\/"},{"@type":"ListItem","position":4,"name":"Schulen","item":"https:\/\/www.hausamstrom.de\/de\/programm\/buchbares\/schulen\/"},{"@type":"ListItem","position":5,"name":"Finde deinen Weg &#8211; GPS"}]},{"@type":"WebSite","@id":"https:\/\/www.hausamstrom.de\/de\/#website","url":"https:\/\/www.hausamstrom.de\/de\/","name":"Haus am Strom","description":"Umweltbildungsstation im Passauer Donautal. Umweltbildung und Naturschutz f\u00fcr Kinder und Erwachsenen.","publisher":{"@id":"https:\/\/www.hausamstrom.de\/de\/#organization"},"potentialAction":[{"@type":"SearchAction","target":{"@type":"EntryPoint","urlTemplate":"https:\/\/www.hausamstrom.de\/de\/?s={search_term_string}"},"query-input":{"@type":"PropertyValueSpecification","valueRequired":true,"valueName":"search_term_string"}}],"inLanguage":"de"},{"@type":"Organization","@id":"https:\/\/www.hausamstrom.de\/de\/#organization","name":"Haus am Strom","url":"https:\/\/www.hausamstrom.de\/de\/","logo":{"@type":"ImageObject","inLanguage":"de","@id":"https:\/\/www.hausamstrom.de\/de\/#\/schema\/logo\/image\/","url":"https:\/\/www.hausamstrom.de\/wp-content\/uploads\/2025\/06\/Logo-quadratisch-1024x1024.jpg","contentUrl":"https:\/\/www.hausamstrom.de\/wp-content\/uploads\/2025\/06\/Logo-quadratisch-1024x1024.jpg","width":1024,"height":1024,"caption":"Haus am Strom"},"image":{"@id":"https:\/\/www.hausamstrom.de\/de\/#\/schema\/logo\/image\/"},"sameAs":["https:\/\/www.facebook.com\/hausamstrom","https:\/\/www.instagram.com\/"]}]}},"_links":{"self":[{"href":"https:\/\/www.hausamstrom.de\/de\/wp-json\/wp\/v2\/pages\/2450","targetHints":{"allow":["GET"]}}],"collection":[{"href":"https:\/\/www.hausamstrom.de\/de\/wp-json\/wp\/v2\/pages"}],"about":[{"href":"https:\/\/www.hausamstrom.de\/de\/wp-json\/wp\/v2\/types\/page"}],"author":[{"embeddable":true,"href":"https:\/\/www.hausamstrom.de\/de\/wp-json\/wp\/v2\/users\/1"}],"replies":[{"embeddable":true,"href":"https:\/\/www.hausamstrom.de\/de\/wp-json\/wp\/v2\/comments?post=2450"}],"version-history":[{"count":10,"href":"https:\/\/www.hausamstrom.de\/de\/wp-json\/wp\/v2\/pages\/2450\/revisions"}],"predecessor-version":[{"id":13870,"href":"https:\/\/www.hausamstrom.de\/de\/wp-json\/wp\/v2\/pages\/2450\/revisions\/13870"}],"up":[{"embeddable":true,"href":"https:\/\/www.hausamstrom.de\/de\/wp-json\/wp\/v2\/pages\/367"}],"wp:attachment":[{"href":"https:\/\/www.hausamstrom.de\/de\/wp-json\/wp\/v2\/media?parent=2450"}],"curies":[{"name":"wp","href":"https:\/\/api.w.org\/{rel}","templated":true}]}}