{"id":2861,"date":"2017-10-18T17:34:48","date_gmt":"2017-10-18T15:34:48","guid":{"rendered":"https:\/\/hausamstrom.de\/?page_id=2861"},"modified":"2022-01-26T17:31:35","modified_gmt":"2022-01-26T16:31:35","slug":"interreg-oesterreich-bayern-2014-2020","status":"publish","type":"page","link":"https:\/\/www.hausamstrom.de\/de\/interreg-oesterreich-bayern-2014-2020\/","title":{"rendered":"INTERREG \u00d6sterreich Bayern 2014-2020"},"content":{"rendered":"<p><img loading=\"lazy\" decoding=\"async\" class=\"alignnone size-medium wp-image-2854\" src=\"https:\/\/hausamstrom.de\/wp-content\/uploads\/2016\/03\/Logo_FINAL-400x95.jpg\" alt=\"Interreg Bayern \u00d6sterreich\" width=\"400\" height=\"95\" \/><\/p>\n<p>&nbsp;<\/p>\n<p><strong>INTERREG \u00d6sterreich-Bayern 2014-2020 &#8211; Kleinprojekt IV-03 &#8211; Grenzenlos flie\u00dfende Donauimpressionen<\/strong><\/p>\n<p><em><strong>Grenzenlos flie\u00dfende Donauimpressionen<\/strong><\/em><\/p>\n<p>&nbsp;<\/p>\n<p><em>Beschreibung des Projektes:<\/em><\/p>\n<p><em>Ausgangslage:<\/em><\/p>\n<p>Das Donautal wurde von den Kreuzfahrtschiffen als neue Destination entdeckt! So kommen auf die Tourismusorganisationen neue Herausforderungen und Anpassungen zu. Die Hauptakteure im Oberen Donautal sind die <a href=\"http:\/\/www.donauregion.at\/oesterreich-poi\/detail\/102846\/wgd-donau-oberoesterreich-tourismus-gmbh.html\">Werbegemeinschaft Donau Ober\u00f6sterreich Tourismus GmbH<\/a> als Betreiber der Anlegestellen, sowie der Verein <a href=\"http:\/\/www.kultur-tourismus-engelhartszell.at\">Kultur an der Donau<\/a> im Markt Engelhartszell und das <a href=\"https:\/\/www.hausamstrom.de\">Haus am Strom <\/a>im Landkreis Passau, die gemeinsame Landausfl\u00fcge f\u00fcr Kreuzfahrer anbieten.<\/p>\n<p>&nbsp;<\/p>\n<p><em>Projektziele:<\/em><\/p>\n<p>Gemeinsam wird nach M\u00f6glichkeiten gesucht, den Anforderungen der Kreuzfahrtschiff-Reedereien zu entsprechen. Dies erfordert eine enge Zusammenarbeit der genannten Akteure, denn die G\u00e4ste der Kreuzfahrtschiffe nehmen nicht einzelne Orte, sondern das bayerisch-ober\u00f6sterreichische Donautal als Gesamtes wahr. Um diese Zielgruppen zu erreichen, will man gemeinsame Ma\u00dfnahmen setzen, die langfristig und nachhaltig wirken werden. Konkret geplant sind die Nutzung einer Panoramakamera in HD Qualit\u00e4t auf den jeweiligen Websites, die Entwicklung gemeinsamer Produkte (Landausflugsprogramme) und die gemeinsame Durchf\u00fchrung von kreuzfahrttouristischen Produkten (Landausfl\u00fcge).<\/p>\n<p>&nbsp;<\/p>\n<p><em>Projektinhalt:<\/em><\/p>\n<p>Geplant ist eine gemeinsame Marketingoffensive zur Pr\u00e4sentation des Angebotes f\u00fcr Kreuzfahrer im Internet, die mittels einer Panoramakamera Bilder und Filme aus dem ober\u00f6sterreichisch-bayerischen Donautal bei Engelhartszell an die jeweiligen Websites der Projektpartner und somit an die Homepage-Besucher aller Partner liefert. Die neuartige Technik dieser Panoramakamera in HD Qualit\u00e4t wird ausschlie\u00dflich von den Projektteilnehmern genutzt (Nutzungsdauer mindestens f\u00fcnf Jahre). Die Bilder, die dabei entstehen, dienen zur Erarbeitung und Erstellung einer gemeinsamen Brosch\u00fcre f\u00fcr Landausfl\u00fcge in diesem Donau-Abschnitt, die den Kreuzfahrt-Reedereien zur Verf\u00fcgung gestellt werden. Gemeinsam erstellte Bilder oder Videos an rund 20-25 ausgesuchten Hotspots sind eine weitere M\u00f6glichkeit der Zielgruppe das Donau-Grenzgebiet langfristig und nachhaltig nahe zu bringen.<\/p>\n<p>&nbsp;<\/p>\n<p><em>Was ist der grenz\u00fcberschreitende Mehrwert des Projekts?<\/em><\/p>\n<p>Das ober\u00f6sterreichisch-bayerische Donautal wird als Einheit dargestellt und von der Zielgruppe der Kreuzfahrer durch die einheitliche Pr\u00e4sentation \u00fcber die Panoramakamera auch so wahrgenommen. Die gemeinsam erstellten Landausflugsprogramme werden von den Projektpartnern f\u00fcr einen effizienten Einsatz bei Messen und Kreuzfahrtevents gemeinsam genutzt.<\/p>\n<p>&nbsp;<\/p>\n<p><em>Wie soll die dauerhafte (institutionelle) grenz\u00fcbergreifende Zusammenarbeit der Projekttr\u00e4ger sichergestellt werden?<\/em><\/p>\n<p>Die Projektteilnehmer werden auch nach Beendigung des Projektes weiterhin im Bereich der Donaukreuzschifffahrt zusammenarbeiten und ihr Angebot \u00fcber die Panoramakamera auf ihren Websites pr\u00e4sentieren. Das Angebot der Landausflugsprogramme bleibt bestehen und wird in Zusammenarbeit der Projektteilnehmer regelm\u00e4\u00dfig adaptiert. Da aufgrund des neuen O\u00d6 Tourismusgesetzes in absehbarer Zeit der Tourismusverband Engelhartszell aufgel\u00f6st wird, \u00fcbernimmt der Verein \u201eKultur an der Donau\u201c diverse touristische Funktionen vor Ort. Die Zusammenarbeit bei grenz\u00fcberschreitenden Projekten geh\u00f6rt zu den ideellen T\u00e4tigkeiten des Vereines und ist in seinen Statuten verankert. Die Projekt-Finanzierung erfolgt durch den Verein \u201eKultur an der Donau in Engelhartszell (40%), WGD Donau Ober\u00f6sterreich Tourismus GmbH (40%) und Haus am Strom gGmbH (20%). Die Betreuung und Wartungsarbeiten der Panoramakamera w\u00e4hrend der Nutzungsdauer \u00fcbernimmt der Verein \u201eKultur an der Donau\u201c.<\/p>\n<p>Weitere gemeinsame Ma\u00dfnahmen, die in Zukunft im Zusammenhang mit Kreuzfahrtschiffen im Oberen Donautal notwendig sind, werden \u00fcberlegt. Eine Erweiterung der Kooperation \u00fcber die bisherigen Partner hinaus (Nachbargemeinden) ist m\u00f6glich und w\u00fcnschenswert. Manche Punkte im Projekt Donauengtal entdecken, z.B. Naturschutzgebiete Donauleiten und Natura 2000-Gebiete k\u00f6nnen durch die neuartige Technik dieser Panoramakamera bestens vermittelt werden.<\/p>\n<p>&nbsp;<\/p>\n<p>Das Kleinprojekt IV-03 &#8211; Grenzenlose Donauimpressionen wird gef\u00f6rdert aus Mitteln der Europ\u00e4ischen Union &#8211; Europ\u00e4ischer Fonds f\u00fcr Regionale Entwicklung!<\/p>\n","protected":false},"excerpt":{"rendered":"<p>&nbsp; INTERREG \u00d6sterreich-Bayern 2014-2020 &#8211; Kleinprojekt IV-03 &#8211; Grenzenlos flie\u00dfende Donauimpressionen Grenzenlos flie\u00dfende Donauimpressionen &nbsp; Beschreibung des Projektes: Ausgangslage: Das Donautal wurde von den Kreuzfahrtschiffen als neue Destination entdeckt! So kommen auf die Tourismusorganisationen neue Herausforderungen und Anpassungen zu. Die Hauptakteure im Oberen Donautal sind die Werbegemeinschaft Donau Ober\u00f6sterreich Tourismus GmbH als Betreiber der Anlegestellen, [&hellip;]<\/p>\n","protected":false},"author":1,"featured_media":0,"parent":0,"menu_order":0,"comment_status":"closed","ping_status":"closed","template":"","meta":{"footnotes":""},"class_list":["post-2861","page","type-page","status-publish","hentry"],"yoast_head":"<!-- This site is optimized with the Yoast SEO plugin v27.3 - https:\/\/yoast.com\/product\/yoast-seo-wordpress\/ -->\n<title>INTERREG \u00d6sterreich Bayern 2014-2020 - Haus am Strom<\/title>\n<meta name=\"robots\" content=\"index, follow, max-snippet:-1, max-image-preview:large, max-video-preview:-1\" \/>\n<link rel=\"canonical\" href=\"https:\/\/www.hausamstrom.de\/de\/interreg-oesterreich-bayern-2014-2020\/\" \/>\n<meta property=\"og:locale\" content=\"de_DE\" \/>\n<meta property=\"og:type\" content=\"article\" \/>\n<meta property=\"og:title\" content=\"INTERREG \u00d6sterreich Bayern 2014-2020 - Haus am Strom\" \/>\n<meta property=\"og:description\" content=\"&nbsp; INTERREG \u00d6sterreich-Bayern 2014-2020 &#8211; Kleinprojekt IV-03 &#8211; Grenzenlos flie\u00dfende Donauimpressionen Grenzenlos flie\u00dfende Donauimpressionen &nbsp; Beschreibung des Projektes: Ausgangslage: Das Donautal wurde von den Kreuzfahrtschiffen als neue Destination entdeckt! So kommen auf die Tourismusorganisationen neue Herausforderungen und Anpassungen zu. Die Hauptakteure im Oberen Donautal sind die Werbegemeinschaft Donau Ober\u00f6sterreich Tourismus GmbH als Betreiber der Anlegestellen, [&hellip;]\" \/>\n<meta property=\"og:url\" content=\"https:\/\/www.hausamstrom.de\/de\/interreg-oesterreich-bayern-2014-2020\/\" \/>\n<meta property=\"og:site_name\" content=\"Haus am Strom\" \/>\n<meta property=\"article:publisher\" content=\"https:\/\/www.facebook.com\/hausamstrom\" \/>\n<meta property=\"article:modified_time\" content=\"2022-01-26T16:31:35+00:00\" \/>\n<meta property=\"og:image\" content=\"https:\/\/hausamstrom.de\/wp-content\/uploads\/2016\/03\/Logo_FINAL-400x95.jpg\" \/>\n<meta name=\"twitter:card\" content=\"summary_large_image\" \/>\n<meta name=\"twitter:label1\" content=\"Gesch\u00e4tzte Lesezeit\" \/>\n\t<meta name=\"twitter:data1\" content=\"3\u00a0Minuten\" \/>\n<script type=\"application\/ld+json\" class=\"yoast-schema-graph\">{\"@context\":\"https:\\\/\\\/schema.org\",\"@graph\":[{\"@type\":\"WebPage\",\"@id\":\"https:\\\/\\\/www.hausamstrom.de\\\/de\\\/interreg-oesterreich-bayern-2014-2020\\\/\",\"url\":\"https:\\\/\\\/www.hausamstrom.de\\\/de\\\/interreg-oesterreich-bayern-2014-2020\\\/\",\"name\":\"INTERREG \u00d6sterreich Bayern 2014-2020 - Haus am Strom\",\"isPartOf\":{\"@id\":\"https:\\\/\\\/www.hausamstrom.de\\\/de\\\/#website\"},\"primaryImageOfPage\":{\"@id\":\"https:\\\/\\\/www.hausamstrom.de\\\/de\\\/interreg-oesterreich-bayern-2014-2020\\\/#primaryimage\"},\"image\":{\"@id\":\"https:\\\/\\\/www.hausamstrom.de\\\/de\\\/interreg-oesterreich-bayern-2014-2020\\\/#primaryimage\"},\"thumbnailUrl\":\"https:\\\/\\\/hausamstrom.de\\\/wp-content\\\/uploads\\\/2016\\\/03\\\/Logo_FINAL-400x95.jpg\",\"datePublished\":\"2017-10-18T15:34:48+00:00\",\"dateModified\":\"2022-01-26T16:31:35+00:00\",\"breadcrumb\":{\"@id\":\"https:\\\/\\\/www.hausamstrom.de\\\/de\\\/interreg-oesterreich-bayern-2014-2020\\\/#breadcrumb\"},\"inLanguage\":\"de\",\"potentialAction\":[{\"@type\":\"ReadAction\",\"target\":[\"https:\\\/\\\/www.hausamstrom.de\\\/de\\\/interreg-oesterreich-bayern-2014-2020\\\/\"]}]},{\"@type\":\"ImageObject\",\"inLanguage\":\"de\",\"@id\":\"https:\\\/\\\/www.hausamstrom.de\\\/de\\\/interreg-oesterreich-bayern-2014-2020\\\/#primaryimage\",\"url\":\"https:\\\/\\\/hausamstrom.de\\\/wp-content\\\/uploads\\\/2016\\\/03\\\/Logo_FINAL-400x95.jpg\",\"contentUrl\":\"https:\\\/\\\/hausamstrom.de\\\/wp-content\\\/uploads\\\/2016\\\/03\\\/Logo_FINAL-400x95.jpg\"},{\"@type\":\"BreadcrumbList\",\"@id\":\"https:\\\/\\\/www.hausamstrom.de\\\/de\\\/interreg-oesterreich-bayern-2014-2020\\\/#breadcrumb\",\"itemListElement\":[{\"@type\":\"ListItem\",\"position\":1,\"name\":\"Home\",\"item\":\"https:\\\/\\\/www.hausamstrom.de\\\/de\\\/\"},{\"@type\":\"ListItem\",\"position\":2,\"name\":\"INTERREG \u00d6sterreich Bayern 2014-2020\"}]},{\"@type\":\"WebSite\",\"@id\":\"https:\\\/\\\/www.hausamstrom.de\\\/de\\\/#website\",\"url\":\"https:\\\/\\\/www.hausamstrom.de\\\/de\\\/\",\"name\":\"Haus am Strom\",\"description\":\"Umweltbildungsstation im Passauer Donautal. Umweltbildung und Naturschutz f\u00fcr Kinder und Erwachsenen.\",\"publisher\":{\"@id\":\"https:\\\/\\\/www.hausamstrom.de\\\/de\\\/#organization\"},\"potentialAction\":[{\"@type\":\"SearchAction\",\"target\":{\"@type\":\"EntryPoint\",\"urlTemplate\":\"https:\\\/\\\/www.hausamstrom.de\\\/de\\\/?s={search_term_string}\"},\"query-input\":{\"@type\":\"PropertyValueSpecification\",\"valueRequired\":true,\"valueName\":\"search_term_string\"}}],\"inLanguage\":\"de\"},{\"@type\":\"Organization\",\"@id\":\"https:\\\/\\\/www.hausamstrom.de\\\/de\\\/#organization\",\"name\":\"Haus am Strom\",\"url\":\"https:\\\/\\\/www.hausamstrom.de\\\/de\\\/\",\"logo\":{\"@type\":\"ImageObject\",\"inLanguage\":\"de\",\"@id\":\"https:\\\/\\\/www.hausamstrom.de\\\/de\\\/#\\\/schema\\\/logo\\\/image\\\/\",\"url\":\"https:\\\/\\\/www.hausamstrom.de\\\/wp-content\\\/uploads\\\/2025\\\/06\\\/Logo-quadratisch-1024x1024.jpg\",\"contentUrl\":\"https:\\\/\\\/www.hausamstrom.de\\\/wp-content\\\/uploads\\\/2025\\\/06\\\/Logo-quadratisch-1024x1024.jpg\",\"width\":1024,\"height\":1024,\"caption\":\"Haus am Strom\"},\"image\":{\"@id\":\"https:\\\/\\\/www.hausamstrom.de\\\/de\\\/#\\\/schema\\\/logo\\\/image\\\/\"},\"sameAs\":[\"https:\\\/\\\/www.facebook.com\\\/hausamstrom\",\"https:\\\/\\\/www.instagram.com\\\/\"]}]}<\/script>\n<!-- \/ Yoast SEO plugin. -->","yoast_head_json":{"title":"INTERREG \u00d6sterreich Bayern 2014-2020 - Haus am Strom","robots":{"index":"index","follow":"follow","max-snippet":"max-snippet:-1","max-image-preview":"max-image-preview:large","max-video-preview":"max-video-preview:-1"},"canonical":"https:\/\/www.hausamstrom.de\/de\/interreg-oesterreich-bayern-2014-2020\/","og_locale":"de_DE","og_type":"article","og_title":"INTERREG \u00d6sterreich Bayern 2014-2020 - Haus am Strom","og_description":"&nbsp; INTERREG \u00d6sterreich-Bayern 2014-2020 &#8211; Kleinprojekt IV-03 &#8211; Grenzenlos flie\u00dfende Donauimpressionen Grenzenlos flie\u00dfende Donauimpressionen &nbsp; Beschreibung des Projektes: Ausgangslage: Das Donautal wurde von den Kreuzfahrtschiffen als neue Destination entdeckt! So kommen auf die Tourismusorganisationen neue Herausforderungen und Anpassungen zu. Die Hauptakteure im Oberen Donautal sind die Werbegemeinschaft Donau Ober\u00f6sterreich Tourismus GmbH als Betreiber der Anlegestellen, [&hellip;]","og_url":"https:\/\/www.hausamstrom.de\/de\/interreg-oesterreich-bayern-2014-2020\/","og_site_name":"Haus am Strom","article_publisher":"https:\/\/www.facebook.com\/hausamstrom","article_modified_time":"2022-01-26T16:31:35+00:00","og_image":[{"url":"https:\/\/hausamstrom.de\/wp-content\/uploads\/2016\/03\/Logo_FINAL-400x95.jpg","type":"","width":"","height":""}],"twitter_card":"summary_large_image","twitter_misc":{"Gesch\u00e4tzte Lesezeit":"3\u00a0Minuten"},"schema":{"@context":"https:\/\/schema.org","@graph":[{"@type":"WebPage","@id":"https:\/\/www.hausamstrom.de\/de\/interreg-oesterreich-bayern-2014-2020\/","url":"https:\/\/www.hausamstrom.de\/de\/interreg-oesterreich-bayern-2014-2020\/","name":"INTERREG \u00d6sterreich Bayern 2014-2020 - Haus am Strom","isPartOf":{"@id":"https:\/\/www.hausamstrom.de\/de\/#website"},"primaryImageOfPage":{"@id":"https:\/\/www.hausamstrom.de\/de\/interreg-oesterreich-bayern-2014-2020\/#primaryimage"},"image":{"@id":"https:\/\/www.hausamstrom.de\/de\/interreg-oesterreich-bayern-2014-2020\/#primaryimage"},"thumbnailUrl":"https:\/\/hausamstrom.de\/wp-content\/uploads\/2016\/03\/Logo_FINAL-400x95.jpg","datePublished":"2017-10-18T15:34:48+00:00","dateModified":"2022-01-26T16:31:35+00:00","breadcrumb":{"@id":"https:\/\/www.hausamstrom.de\/de\/interreg-oesterreich-bayern-2014-2020\/#breadcrumb"},"inLanguage":"de","potentialAction":[{"@type":"ReadAction","target":["https:\/\/www.hausamstrom.de\/de\/interreg-oesterreich-bayern-2014-2020\/"]}]},{"@type":"ImageObject","inLanguage":"de","@id":"https:\/\/www.hausamstrom.de\/de\/interreg-oesterreich-bayern-2014-2020\/#primaryimage","url":"https:\/\/hausamstrom.de\/wp-content\/uploads\/2016\/03\/Logo_FINAL-400x95.jpg","contentUrl":"https:\/\/hausamstrom.de\/wp-content\/uploads\/2016\/03\/Logo_FINAL-400x95.jpg"},{"@type":"BreadcrumbList","@id":"https:\/\/www.hausamstrom.de\/de\/interreg-oesterreich-bayern-2014-2020\/#breadcrumb","itemListElement":[{"@type":"ListItem","position":1,"name":"Home","item":"https:\/\/www.hausamstrom.de\/de\/"},{"@type":"ListItem","position":2,"name":"INTERREG \u00d6sterreich Bayern 2014-2020"}]},{"@type":"WebSite","@id":"https:\/\/www.hausamstrom.de\/de\/#website","url":"https:\/\/www.hausamstrom.de\/de\/","name":"Haus am Strom","description":"Umweltbildungsstation im Passauer Donautal. Umweltbildung und Naturschutz f\u00fcr Kinder und Erwachsenen.","publisher":{"@id":"https:\/\/www.hausamstrom.de\/de\/#organization"},"potentialAction":[{"@type":"SearchAction","target":{"@type":"EntryPoint","urlTemplate":"https:\/\/www.hausamstrom.de\/de\/?s={search_term_string}"},"query-input":{"@type":"PropertyValueSpecification","valueRequired":true,"valueName":"search_term_string"}}],"inLanguage":"de"},{"@type":"Organization","@id":"https:\/\/www.hausamstrom.de\/de\/#organization","name":"Haus am Strom","url":"https:\/\/www.hausamstrom.de\/de\/","logo":{"@type":"ImageObject","inLanguage":"de","@id":"https:\/\/www.hausamstrom.de\/de\/#\/schema\/logo\/image\/","url":"https:\/\/www.hausamstrom.de\/wp-content\/uploads\/2025\/06\/Logo-quadratisch-1024x1024.jpg","contentUrl":"https:\/\/www.hausamstrom.de\/wp-content\/uploads\/2025\/06\/Logo-quadratisch-1024x1024.jpg","width":1024,"height":1024,"caption":"Haus am Strom"},"image":{"@id":"https:\/\/www.hausamstrom.de\/de\/#\/schema\/logo\/image\/"},"sameAs":["https:\/\/www.facebook.com\/hausamstrom","https:\/\/www.instagram.com\/"]}]}},"_links":{"self":[{"href":"https:\/\/www.hausamstrom.de\/de\/wp-json\/wp\/v2\/pages\/2861","targetHints":{"allow":["GET"]}}],"collection":[{"href":"https:\/\/www.hausamstrom.de\/de\/wp-json\/wp\/v2\/pages"}],"about":[{"href":"https:\/\/www.hausamstrom.de\/de\/wp-json\/wp\/v2\/types\/page"}],"author":[{"embeddable":true,"href":"https:\/\/www.hausamstrom.de\/de\/wp-json\/wp\/v2\/users\/1"}],"replies":[{"embeddable":true,"href":"https:\/\/www.hausamstrom.de\/de\/wp-json\/wp\/v2\/comments?post=2861"}],"version-history":[{"count":9,"href":"https:\/\/www.hausamstrom.de\/de\/wp-json\/wp\/v2\/pages\/2861\/revisions"}],"predecessor-version":[{"id":10575,"href":"https:\/\/www.hausamstrom.de\/de\/wp-json\/wp\/v2\/pages\/2861\/revisions\/10575"}],"wp:attachment":[{"href":"https:\/\/www.hausamstrom.de\/de\/wp-json\/wp\/v2\/media?parent=2861"}],"curies":[{"name":"wp","href":"https:\/\/api.w.org\/{rel}","templated":true}]}}