{"id":3211,"date":"2018-04-11T14:59:20","date_gmt":"2018-04-11T12:59:20","guid":{"rendered":"https:\/\/hausamstrom.de\/?page_id=3211"},"modified":"2026-05-07T12:06:16","modified_gmt":"2026-05-07T10:06:16","slug":"garten","status":"publish","type":"page","link":"https:\/\/www.hausamstrom.de\/de\/haus\/garten\/","title":{"rendered":"Garten"},"content":{"rendered":"<div class=\"wpb-content-wrapper\"><p>[vc_row][vc_column width=\u201d2\/3\u2033][vc_custom_heading text=\u201dDonaugarten beim Haus am Strom\u201d google_fonts=\u201dfont_family:Bubblegum%20Sans%3Aregular|font_style:400%20regular%3A400%3Anormal\u201d][vc_column_text]Seit 2017 sind wir damit besch\u00e4ftigt, einen naturnahen \u201cLehrgarten\u201d direkt neben dem Haus am Strom anzulegen. Unser Garten soll den Besuchern nahebringen, dass es nicht immer ein englischer Rasen sein muss. Gerade wenn man etwas f\u00fcr Bienen, Schmetterlinge, V\u00f6gel & Co machen m\u00f6chte, darf es ruhig etwas unordentlicher zugehen.<\/p>\n<p>Au\u00dferdem vermitteln wir, wie man naturnahes G\u00e4rtnern und \u00d6kologie unter einen Hut bekommt.[\/vc_column_text][\/vc_column][vc_column width=\u201d1\/3\u2033][vc_single_image image=\u201d7146\u2033 img_size=\u201dmedium\u201d][\/vc_column][\/vc_row][vc_row][vc_column width=\u201d2\/3\u2033][vc_custom_heading text=\u201dPflanzenrarit\u00e4ten aus den Donauleiten\u201d google_fonts=\u201dfont_family:Bubblegum%20Sans%3Aregular|font_style:400%20regular%3A400%3Anormal\u201d][vc_column_text css=\u201d\u201d]In unserer seit 2011 bestehenden Pflanzensammlung finden Sie floristische Rarit\u00e4ten aus dem Passauer Donautal. Von der Akeleibl\u00e4ttrigen Wiesenraute bis zum Wiesensalbei \u2013 hier k\u00f6nnen Sie Pflanzen bestaunen, die typisch f\u00fcr das Passauer Donautal sind oder waren. Sogar einige extrem seltene Vertreter der Pflanzenwelt sind in unseren Pflanztr\u00f6gen ausgestellt.<\/p>\n<p>Der Garten wurde 2011 gemeinsam mit Sch\u00fclern des Gymnasiums Untergriesbach eingerichtet. Gef\u00f6rdert wurde die Anlage von der Europ\u00e4ischen Union (Tr\u00f6ge) und dem Bayerischen Naturschutzfonds (Beschilderung). Die im Jahr 2017 stattgefundene Erweiterung wurde ebenfalls von der Europ\u00e4ischen Union kofinanziert. Die Betreuung des Schaugartens erfolgt durch den Gebietsbetreuer f\u00fcr das Naturschutzgebiet Donauleiten.<\/p>\n<p>\u00a0<\/p>\n<p>Eine Liste mit den derzeit vorhandenen Pflanzen k\u00f6nnen Sie gerne bei uns anfordern.[\/vc_column_text][\/vc_column][vc_column width=\u201d1\/3\u2033][vc_single_image image=\u201d11705\u2033 img_size=\u201dmedium\u201d css=\u201d\u201d][vc_single_image image=\u201d12498\u2033 img_size=\u201dMedium\u201d css=\u201d\u201d][\/vc_column][\/vc_row][vc_row][vc_column][vc_column_text css=\u201d\u201d]Sie k\u00f6nnen auch noch <a href=\"https:\/\/www.hausamstrom.de\/wp-content\/uploads\/2026\/05\/Flyer_Donaugarten.pdf\">hier <\/a>unseren Flyer ansehen[\/vc_column_text][\/vc_column][\/vc_row]<\/p>\n<\/div>","protected":false},"excerpt":{"rendered":"<p>[vc_row][vc_column width=\u201d2\/3\u2033][vc_custom_heading text=\u201dDonaugarten beim Haus am Strom\u201d google_fonts=\u201dfont_family:Bubblegum%20Sans%3Aregular|font_style:400%20regular%3A400%3Anormal\u201d][vc_column_text]Seit 2017 sind wir damit besch\u00e4ftigt, einen naturnahen \u201cLehrgarten\u201d direkt neben dem Haus am Strom anzulegen. Unser Garten soll den Besuchern nahebringen, dass es nicht immer ein englischer Rasen sein muss. Gerade wenn man etwas f\u00fcr Bienen, Schmetterlinge, V\u00f6gel &#038; Co machen m\u00f6chte, darf es ruhig etwas unordentlicher [&hellip;]<\/p>\n","protected":false},"author":1,"featured_media":0,"parent":45,"menu_order":5,"comment_status":"closed","ping_status":"closed","template":"","meta":{"footnotes":""},"class_list":["post-3211","page","type-page","status-publish","hentry"],"yoast_head":"<!-- This site is optimized with the Yoast SEO plugin v27.6 - https:\/\/yoast.com\/product\/yoast-seo-wordpress\/ -->\n<title>Garten - Haus am Strom<\/title>\n<meta name=\"robots\" content=\"index, follow, max-snippet:-1, max-image-preview:large, max-video-preview:-1\" \/>\n<link rel=\"canonical\" href=\"https:\/\/www.hausamstrom.de\/de\/haus\/garten\/\" \/>\n<meta property=\"og:locale\" content=\"de_DE\" \/>\n<meta property=\"og:type\" content=\"article\" \/>\n<meta property=\"og:title\" content=\"Garten - Haus am Strom\" \/>\n<meta property=\"og:description\" content=\"[vc_row][vc_column width=\u201d2\/3\u2033][vc_custom_heading text=\u201dDonaugarten beim Haus am Strom\u201d google_fonts=\u201dfont_family:Bubblegum%20Sans%3Aregular|font_style:400%20regular%3A400%3Anormal\u201d][vc_column_text]Seit 2017 sind wir damit besch\u00e4ftigt, einen naturnahen \u201cLehrgarten\u201d direkt neben dem Haus am Strom anzulegen. Unser Garten soll den Besuchern nahebringen, dass es nicht immer ein englischer Rasen sein muss. Gerade wenn man etwas f\u00fcr Bienen, Schmetterlinge, V\u00f6gel &amp; Co machen m\u00f6chte, darf es ruhig etwas unordentlicher [&hellip;]\" \/>\n<meta property=\"og:url\" content=\"https:\/\/www.hausamstrom.de\/de\/haus\/garten\/\" \/>\n<meta property=\"og:site_name\" content=\"Haus am Strom\" \/>\n<meta property=\"article:publisher\" content=\"https:\/\/www.facebook.com\/hausamstrom\" \/>\n<meta property=\"article:modified_time\" content=\"2026-05-07T10:06:16+00:00\" \/>\n<meta name=\"twitter:card\" content=\"summary_large_image\" \/>\n<meta name=\"twitter:label1\" content=\"Gesch\u00e4tzte Lesezeit\" \/>\n\t<meta name=\"twitter:data1\" content=\"2\u00a0Minuten\" \/>\n<script type=\"application\/ld+json\" class=\"yoast-schema-graph\">{\"@context\":\"https:\\\/\\\/schema.org\",\"@graph\":[{\"@type\":\"WebPage\",\"@id\":\"https:\\\/\\\/www.hausamstrom.de\\\/de\\\/haus\\\/garten\\\/\",\"url\":\"https:\\\/\\\/www.hausamstrom.de\\\/de\\\/haus\\\/garten\\\/\",\"name\":\"Garten - Haus am Strom\",\"isPartOf\":{\"@id\":\"https:\\\/\\\/www.hausamstrom.de\\\/de\\\/#website\"},\"datePublished\":\"2018-04-11T12:59:20+00:00\",\"dateModified\":\"2026-05-07T10:06:16+00:00\",\"breadcrumb\":{\"@id\":\"https:\\\/\\\/www.hausamstrom.de\\\/de\\\/haus\\\/garten\\\/#breadcrumb\"},\"inLanguage\":\"de\",\"potentialAction\":[{\"@type\":\"ReadAction\",\"target\":[\"https:\\\/\\\/www.hausamstrom.de\\\/de\\\/haus\\\/garten\\\/\"]}]},{\"@type\":\"BreadcrumbList\",\"@id\":\"https:\\\/\\\/www.hausamstrom.de\\\/de\\\/haus\\\/garten\\\/#breadcrumb\",\"itemListElement\":[{\"@type\":\"ListItem\",\"position\":1,\"name\":\"Home\",\"item\":\"https:\\\/\\\/www.hausamstrom.de\\\/de\\\/\"},{\"@type\":\"ListItem\",\"position\":2,\"name\":\"Haus\",\"item\":\"https:\\\/\\\/www.hausamstrom.de\\\/de\\\/haus\\\/\"},{\"@type\":\"ListItem\",\"position\":3,\"name\":\"Garten\"}]},{\"@type\":\"WebSite\",\"@id\":\"https:\\\/\\\/www.hausamstrom.de\\\/de\\\/#website\",\"url\":\"https:\\\/\\\/www.hausamstrom.de\\\/de\\\/\",\"name\":\"Haus am Strom\",\"description\":\"Umweltbildungsstation im Passauer Donautal. Umweltbildung und Naturschutz f\u00fcr Kinder und Erwachsenen.\",\"publisher\":{\"@id\":\"https:\\\/\\\/www.hausamstrom.de\\\/de\\\/#organization\"},\"potentialAction\":[{\"@type\":\"SearchAction\",\"target\":{\"@type\":\"EntryPoint\",\"urlTemplate\":\"https:\\\/\\\/www.hausamstrom.de\\\/de\\\/?s={search_term_string}\"},\"query-input\":{\"@type\":\"PropertyValueSpecification\",\"valueRequired\":true,\"valueName\":\"search_term_string\"}}],\"inLanguage\":\"de\"},{\"@type\":\"Organization\",\"@id\":\"https:\\\/\\\/www.hausamstrom.de\\\/de\\\/#organization\",\"name\":\"Haus am Strom\",\"url\":\"https:\\\/\\\/www.hausamstrom.de\\\/de\\\/\",\"logo\":{\"@type\":\"ImageObject\",\"inLanguage\":\"de\",\"@id\":\"https:\\\/\\\/www.hausamstrom.de\\\/de\\\/#\\\/schema\\\/logo\\\/image\\\/\",\"url\":\"https:\\\/\\\/www.hausamstrom.de\\\/wp-content\\\/uploads\\\/2025\\\/06\\\/Logo-quadratisch-1024x1024.jpg\",\"contentUrl\":\"https:\\\/\\\/www.hausamstrom.de\\\/wp-content\\\/uploads\\\/2025\\\/06\\\/Logo-quadratisch-1024x1024.jpg\",\"width\":1024,\"height\":1024,\"caption\":\"Haus am Strom\"},\"image\":{\"@id\":\"https:\\\/\\\/www.hausamstrom.de\\\/de\\\/#\\\/schema\\\/logo\\\/image\\\/\"},\"sameAs\":[\"https:\\\/\\\/www.facebook.com\\\/hausamstrom\",\"https:\\\/\\\/www.instagram.com\\\/\"]}]}<\/script>\n<!-- \/ Yoast SEO plugin. -->","yoast_head_json":{"title":"Garten - Haus am Strom","robots":{"index":"index","follow":"follow","max-snippet":"max-snippet:-1","max-image-preview":"max-image-preview:large","max-video-preview":"max-video-preview:-1"},"canonical":"https:\/\/www.hausamstrom.de\/de\/haus\/garten\/","og_locale":"de_DE","og_type":"article","og_title":"Garten - Haus am Strom","og_description":"[vc_row][vc_column width=\u201d2\/3\u2033][vc_custom_heading text=\u201dDonaugarten beim Haus am Strom\u201d google_fonts=\u201dfont_family:Bubblegum%20Sans%3Aregular|font_style:400%20regular%3A400%3Anormal\u201d][vc_column_text]Seit 2017 sind wir damit besch\u00e4ftigt, einen naturnahen \u201cLehrgarten\u201d direkt neben dem Haus am Strom anzulegen. Unser Garten soll den Besuchern nahebringen, dass es nicht immer ein englischer Rasen sein muss. Gerade wenn man etwas f\u00fcr Bienen, Schmetterlinge, V\u00f6gel & Co machen m\u00f6chte, darf es ruhig etwas unordentlicher [&hellip;]","og_url":"https:\/\/www.hausamstrom.de\/de\/haus\/garten\/","og_site_name":"Haus am Strom","article_publisher":"https:\/\/www.facebook.com\/hausamstrom","article_modified_time":"2026-05-07T10:06:16+00:00","twitter_card":"summary_large_image","twitter_misc":{"Gesch\u00e4tzte Lesezeit":"2\u00a0Minuten"},"schema":{"@context":"https:\/\/schema.org","@graph":[{"@type":"WebPage","@id":"https:\/\/www.hausamstrom.de\/de\/haus\/garten\/","url":"https:\/\/www.hausamstrom.de\/de\/haus\/garten\/","name":"Garten - Haus am Strom","isPartOf":{"@id":"https:\/\/www.hausamstrom.de\/de\/#website"},"datePublished":"2018-04-11T12:59:20+00:00","dateModified":"2026-05-07T10:06:16+00:00","breadcrumb":{"@id":"https:\/\/www.hausamstrom.de\/de\/haus\/garten\/#breadcrumb"},"inLanguage":"de","potentialAction":[{"@type":"ReadAction","target":["https:\/\/www.hausamstrom.de\/de\/haus\/garten\/"]}]},{"@type":"BreadcrumbList","@id":"https:\/\/www.hausamstrom.de\/de\/haus\/garten\/#breadcrumb","itemListElement":[{"@type":"ListItem","position":1,"name":"Home","item":"https:\/\/www.hausamstrom.de\/de\/"},{"@type":"ListItem","position":2,"name":"Haus","item":"https:\/\/www.hausamstrom.de\/de\/haus\/"},{"@type":"ListItem","position":3,"name":"Garten"}]},{"@type":"WebSite","@id":"https:\/\/www.hausamstrom.de\/de\/#website","url":"https:\/\/www.hausamstrom.de\/de\/","name":"Haus am Strom","description":"Umweltbildungsstation im Passauer Donautal. Umweltbildung und Naturschutz f\u00fcr Kinder und Erwachsenen.","publisher":{"@id":"https:\/\/www.hausamstrom.de\/de\/#organization"},"potentialAction":[{"@type":"SearchAction","target":{"@type":"EntryPoint","urlTemplate":"https:\/\/www.hausamstrom.de\/de\/?s={search_term_string}"},"query-input":{"@type":"PropertyValueSpecification","valueRequired":true,"valueName":"search_term_string"}}],"inLanguage":"de"},{"@type":"Organization","@id":"https:\/\/www.hausamstrom.de\/de\/#organization","name":"Haus am Strom","url":"https:\/\/www.hausamstrom.de\/de\/","logo":{"@type":"ImageObject","inLanguage":"de","@id":"https:\/\/www.hausamstrom.de\/de\/#\/schema\/logo\/image\/","url":"https:\/\/www.hausamstrom.de\/wp-content\/uploads\/2025\/06\/Logo-quadratisch-1024x1024.jpg","contentUrl":"https:\/\/www.hausamstrom.de\/wp-content\/uploads\/2025\/06\/Logo-quadratisch-1024x1024.jpg","width":1024,"height":1024,"caption":"Haus am Strom"},"image":{"@id":"https:\/\/www.hausamstrom.de\/de\/#\/schema\/logo\/image\/"},"sameAs":["https:\/\/www.facebook.com\/hausamstrom","https:\/\/www.instagram.com\/"]}]}},"_links":{"self":[{"href":"https:\/\/www.hausamstrom.de\/de\/wp-json\/wp\/v2\/pages\/3211","targetHints":{"allow":["GET"]}}],"collection":[{"href":"https:\/\/www.hausamstrom.de\/de\/wp-json\/wp\/v2\/pages"}],"about":[{"href":"https:\/\/www.hausamstrom.de\/de\/wp-json\/wp\/v2\/types\/page"}],"author":[{"embeddable":true,"href":"https:\/\/www.hausamstrom.de\/de\/wp-json\/wp\/v2\/users\/1"}],"replies":[{"embeddable":true,"href":"https:\/\/www.hausamstrom.de\/de\/wp-json\/wp\/v2\/comments?post=3211"}],"version-history":[{"count":10,"href":"https:\/\/www.hausamstrom.de\/de\/wp-json\/wp\/v2\/pages\/3211\/revisions"}],"predecessor-version":[{"id":3927,"href":"https:\/\/www.hausamstrom.de\/de\/wp-json\/wp\/v2\/pages\/3211\/revisions\/3927"}],"up":[{"embeddable":true,"href":"https:\/\/www.hausamstrom.de\/de\/wp-json\/wp\/v2\/pages\/45"}],"wp:attachment":[{"href":"https:\/\/www.hausamstrom.de\/de\/wp-json\/wp\/v2\/media?parent=3211"}],"curies":[{"name":"wp","href":"https:\/\/api.w.org\/{rel}","templated":true}]}}