{"id":349,"date":"2016-03-01T14:25:39","date_gmt":"2016-03-01T13:25:39","guid":{"rendered":"http:\/\/hosting6807.af944.netcup.net\/?page_id=349"},"modified":"2026-02-17T14:35:21","modified_gmt":"2026-02-17T13:35:21","slug":"umweltstation","status":"publish","type":"page","link":"https:\/\/www.hausamstrom.de\/de\/haus\/umweltstation\/","title":{"rendered":"Umweltstation Haus am Strom"},"content":{"rendered":"<div class=\"wpb-content-wrapper\"><p>[vc_row][vc_column][vc_single_image image=\u201d5065\u2033 img_size=\u201dlarge\u201d][\/vc_column][\/vc_row][vc_row][vc_column][vc_custom_heading text=\u201dHaus am Strom \u2013 nachhaltig mehr erleben\u201d google_fonts=\u201dfont_family:Bubblegum%20Sans%3Aregular|font_style:400%20regular%3A400%3Anormal\u201d][\/vc_column][\/vc_row][vc_row][vc_column width=\u201d5\/6\u2033][vc_column_text]Umweltbildung ist der Schl\u00fcssel zu einer nachhaltigen Entwicklung unserer Gesellschaft. Mit dem Qualit\u00e4tssiegel \u201eUmweltbildung.Bayern\u201c kennzeichnet das bayerische Staatsministerium Einrichtungen und Netzwerke in Bayern, die qualitativ hochwertige Veranstaltungen im Sinne einer Bildung f\u00fcr nachhaltige Entwicklung anbieten.<\/p>\n<p>Das Haus am Strom hat dieses Qualit\u00e4tssiegel verliehen bekommen. Zus\u00e4tzlich sind wir eine staatlich anerkannte Umweltbildungsstation.<\/p>\n<p>Voraussetzungen daf\u00fcr sind:<\/p>\n<ul>\n<li>ein fundiertes umweltp\u00e4dagogisches Konzept<\/li>\n<li>Erm\u00f6glichung von handlungsorientiertem Lernen<\/li>\n<li>Ausbildung von Umweltbewusstsein und Vermittlung von Gestaltungskompetenzen<\/li>\n<li>ausreichend R\u00e4umlichkeiten und Au\u00dfengel\u00e4nde f\u00fcr die Durchf\u00fchrung von Veranstaltungen<\/li>\n<li>regelm\u00e4\u00dfige Teilnahme an Qualifizierungs- und Weiterbildungsma\u00dfnahmen<\/li>\n<\/ul>\n<p>[\/vc_column_text][\/vc_column][vc_column width=\u201d1\/6\u2033][vc_single_image image=\u201d13589\u2033 img_size=\u201dmedium\u201d css=\u201d\u201d][\/vc_column][\/vc_row][vc_row][vc_column][\/vc_column][\/vc_row]<\/p>\n<\/div>","protected":false},"excerpt":{"rendered":"<p>[vc_row][vc_column][vc_single_image image=\u201d5065\u2033 img_size=\u201dlarge\u201d][\/vc_column][\/vc_row][vc_row][vc_column][vc_custom_heading text=\u201dHaus am Strom \u2013 nachhaltig mehr erleben\u201d google_fonts=\u201dfont_family:Bubblegum%20Sans%3Aregular|font_style:400%20regular%3A400%3Anormal\u201d][\/vc_column][\/vc_row][vc_row][vc_column width=\u201d5\/6\u2033][vc_column_text]Umweltbildung ist der Schl\u00fcssel zu einer nachhaltigen Entwicklung unserer Gesellschaft. Mit dem Qualit\u00e4tssiegel \u201eUmweltbildung.Bayern\u201c kennzeichnet das bayerische Staatsministerium Einrichtungen und Netzwerke in Bayern, die qualitativ hochwertige Veranstaltungen im Sinne einer Bildung f\u00fcr nachhaltige Entwicklung anbieten. Das Haus am Strom hat dieses Qualit\u00e4tssiegel verliehen bekommen. [&hellip;]<\/p>\n","protected":false},"author":1,"featured_media":0,"parent":45,"menu_order":1,"comment_status":"closed","ping_status":"closed","template":"","meta":{"footnotes":""},"class_list":["post-349","page","type-page","status-publish","hentry"],"yoast_head":"<!-- This site is optimized with the Yoast SEO plugin v27.5 - https:\/\/yoast.com\/product\/yoast-seo-wordpress\/ -->\n<title>Umweltstation Haus am Strom - Haus am Strom<\/title>\n<meta name=\"robots\" content=\"index, follow, max-snippet:-1, max-image-preview:large, max-video-preview:-1\" \/>\n<link rel=\"canonical\" href=\"https:\/\/www.hausamstrom.de\/de\/haus\/umweltstation\/\" \/>\n<meta property=\"og:locale\" content=\"de_DE\" \/>\n<meta property=\"og:type\" content=\"article\" \/>\n<meta property=\"og:title\" content=\"Umweltstation Haus am Strom - Haus am Strom\" \/>\n<meta property=\"og:description\" content=\"[vc_row][vc_column][vc_single_image image=\u201d5065\u2033 img_size=\u201dlarge\u201d][\/vc_column][\/vc_row][vc_row][vc_column][vc_custom_heading text=\u201dHaus am Strom \u2013 nachhaltig mehr erleben\u201d google_fonts=\u201dfont_family:Bubblegum%20Sans%3Aregular|font_style:400%20regular%3A400%3Anormal\u201d][\/vc_column][\/vc_row][vc_row][vc_column width=\u201d5\/6\u2033][vc_column_text]Umweltbildung ist der Schl\u00fcssel zu einer nachhaltigen Entwicklung unserer Gesellschaft. Mit dem Qualit\u00e4tssiegel \u201eUmweltbildung.Bayern\u201c kennzeichnet das bayerische Staatsministerium Einrichtungen und Netzwerke in Bayern, die qualitativ hochwertige Veranstaltungen im Sinne einer Bildung f\u00fcr nachhaltige Entwicklung anbieten. Das Haus am Strom hat dieses Qualit\u00e4tssiegel verliehen bekommen. [&hellip;]\" \/>\n<meta property=\"og:url\" content=\"https:\/\/www.hausamstrom.de\/de\/haus\/umweltstation\/\" \/>\n<meta property=\"og:site_name\" content=\"Haus am Strom\" \/>\n<meta property=\"article:publisher\" content=\"https:\/\/www.facebook.com\/hausamstrom\" \/>\n<meta property=\"article:modified_time\" content=\"2026-02-17T13:35:21+00:00\" \/>\n<meta name=\"twitter:card\" content=\"summary_large_image\" \/>\n<meta name=\"twitter:label1\" content=\"Gesch\u00e4tzte Lesezeit\" \/>\n\t<meta name=\"twitter:data1\" content=\"1\u00a0Minute\" \/>\n<script type=\"application\/ld+json\" class=\"yoast-schema-graph\">{\"@context\":\"https:\\\/\\\/schema.org\",\"@graph\":[{\"@type\":\"WebPage\",\"@id\":\"https:\\\/\\\/www.hausamstrom.de\\\/de\\\/haus\\\/umweltstation\\\/\",\"url\":\"https:\\\/\\\/www.hausamstrom.de\\\/de\\\/haus\\\/umweltstation\\\/\",\"name\":\"Umweltstation Haus am Strom - Haus am Strom\",\"isPartOf\":{\"@id\":\"https:\\\/\\\/www.hausamstrom.de\\\/de\\\/#website\"},\"datePublished\":\"2016-03-01T13:25:39+00:00\",\"dateModified\":\"2026-02-17T13:35:21+00:00\",\"breadcrumb\":{\"@id\":\"https:\\\/\\\/www.hausamstrom.de\\\/de\\\/haus\\\/umweltstation\\\/#breadcrumb\"},\"inLanguage\":\"de\",\"potentialAction\":[{\"@type\":\"ReadAction\",\"target\":[\"https:\\\/\\\/www.hausamstrom.de\\\/de\\\/haus\\\/umweltstation\\\/\"]}]},{\"@type\":\"BreadcrumbList\",\"@id\":\"https:\\\/\\\/www.hausamstrom.de\\\/de\\\/haus\\\/umweltstation\\\/#breadcrumb\",\"itemListElement\":[{\"@type\":\"ListItem\",\"position\":1,\"name\":\"Home\",\"item\":\"https:\\\/\\\/www.hausamstrom.de\\\/de\\\/\"},{\"@type\":\"ListItem\",\"position\":2,\"name\":\"Haus\",\"item\":\"https:\\\/\\\/www.hausamstrom.de\\\/de\\\/haus\\\/\"},{\"@type\":\"ListItem\",\"position\":3,\"name\":\"Umweltstation Haus am Strom\"}]},{\"@type\":\"WebSite\",\"@id\":\"https:\\\/\\\/www.hausamstrom.de\\\/de\\\/#website\",\"url\":\"https:\\\/\\\/www.hausamstrom.de\\\/de\\\/\",\"name\":\"Haus am Strom\",\"description\":\"Umweltbildungsstation im Passauer Donautal. Umweltbildung und Naturschutz f\u00fcr Kinder und Erwachsenen.\",\"publisher\":{\"@id\":\"https:\\\/\\\/www.hausamstrom.de\\\/de\\\/#organization\"},\"potentialAction\":[{\"@type\":\"SearchAction\",\"target\":{\"@type\":\"EntryPoint\",\"urlTemplate\":\"https:\\\/\\\/www.hausamstrom.de\\\/de\\\/?s={search_term_string}\"},\"query-input\":{\"@type\":\"PropertyValueSpecification\",\"valueRequired\":true,\"valueName\":\"search_term_string\"}}],\"inLanguage\":\"de\"},{\"@type\":\"Organization\",\"@id\":\"https:\\\/\\\/www.hausamstrom.de\\\/de\\\/#organization\",\"name\":\"Haus am Strom\",\"url\":\"https:\\\/\\\/www.hausamstrom.de\\\/de\\\/\",\"logo\":{\"@type\":\"ImageObject\",\"inLanguage\":\"de\",\"@id\":\"https:\\\/\\\/www.hausamstrom.de\\\/de\\\/#\\\/schema\\\/logo\\\/image\\\/\",\"url\":\"https:\\\/\\\/www.hausamstrom.de\\\/wp-content\\\/uploads\\\/2025\\\/06\\\/Logo-quadratisch-1024x1024.jpg\",\"contentUrl\":\"https:\\\/\\\/www.hausamstrom.de\\\/wp-content\\\/uploads\\\/2025\\\/06\\\/Logo-quadratisch-1024x1024.jpg\",\"width\":1024,\"height\":1024,\"caption\":\"Haus am Strom\"},\"image\":{\"@id\":\"https:\\\/\\\/www.hausamstrom.de\\\/de\\\/#\\\/schema\\\/logo\\\/image\\\/\"},\"sameAs\":[\"https:\\\/\\\/www.facebook.com\\\/hausamstrom\",\"https:\\\/\\\/www.instagram.com\\\/\"]}]}<\/script>\n<!-- \/ Yoast SEO plugin. -->","yoast_head_json":{"title":"Umweltstation Haus am Strom - Haus am Strom","robots":{"index":"index","follow":"follow","max-snippet":"max-snippet:-1","max-image-preview":"max-image-preview:large","max-video-preview":"max-video-preview:-1"},"canonical":"https:\/\/www.hausamstrom.de\/de\/haus\/umweltstation\/","og_locale":"de_DE","og_type":"article","og_title":"Umweltstation Haus am Strom - Haus am Strom","og_description":"[vc_row][vc_column][vc_single_image image=\u201d5065\u2033 img_size=\u201dlarge\u201d][\/vc_column][\/vc_row][vc_row][vc_column][vc_custom_heading text=\u201dHaus am Strom \u2013 nachhaltig mehr erleben\u201d google_fonts=\u201dfont_family:Bubblegum%20Sans%3Aregular|font_style:400%20regular%3A400%3Anormal\u201d][\/vc_column][\/vc_row][vc_row][vc_column width=\u201d5\/6\u2033][vc_column_text]Umweltbildung ist der Schl\u00fcssel zu einer nachhaltigen Entwicklung unserer Gesellschaft. Mit dem Qualit\u00e4tssiegel \u201eUmweltbildung.Bayern\u201c kennzeichnet das bayerische Staatsministerium Einrichtungen und Netzwerke in Bayern, die qualitativ hochwertige Veranstaltungen im Sinne einer Bildung f\u00fcr nachhaltige Entwicklung anbieten. Das Haus am Strom hat dieses Qualit\u00e4tssiegel verliehen bekommen. [&hellip;]","og_url":"https:\/\/www.hausamstrom.de\/de\/haus\/umweltstation\/","og_site_name":"Haus am Strom","article_publisher":"https:\/\/www.facebook.com\/hausamstrom","article_modified_time":"2026-02-17T13:35:21+00:00","twitter_card":"summary_large_image","twitter_misc":{"Gesch\u00e4tzte Lesezeit":"1\u00a0Minute"},"schema":{"@context":"https:\/\/schema.org","@graph":[{"@type":"WebPage","@id":"https:\/\/www.hausamstrom.de\/de\/haus\/umweltstation\/","url":"https:\/\/www.hausamstrom.de\/de\/haus\/umweltstation\/","name":"Umweltstation Haus am Strom - Haus am Strom","isPartOf":{"@id":"https:\/\/www.hausamstrom.de\/de\/#website"},"datePublished":"2016-03-01T13:25:39+00:00","dateModified":"2026-02-17T13:35:21+00:00","breadcrumb":{"@id":"https:\/\/www.hausamstrom.de\/de\/haus\/umweltstation\/#breadcrumb"},"inLanguage":"de","potentialAction":[{"@type":"ReadAction","target":["https:\/\/www.hausamstrom.de\/de\/haus\/umweltstation\/"]}]},{"@type":"BreadcrumbList","@id":"https:\/\/www.hausamstrom.de\/de\/haus\/umweltstation\/#breadcrumb","itemListElement":[{"@type":"ListItem","position":1,"name":"Home","item":"https:\/\/www.hausamstrom.de\/de\/"},{"@type":"ListItem","position":2,"name":"Haus","item":"https:\/\/www.hausamstrom.de\/de\/haus\/"},{"@type":"ListItem","position":3,"name":"Umweltstation Haus am Strom"}]},{"@type":"WebSite","@id":"https:\/\/www.hausamstrom.de\/de\/#website","url":"https:\/\/www.hausamstrom.de\/de\/","name":"Haus am Strom","description":"Umweltbildungsstation im Passauer Donautal. Umweltbildung und Naturschutz f\u00fcr Kinder und Erwachsenen.","publisher":{"@id":"https:\/\/www.hausamstrom.de\/de\/#organization"},"potentialAction":[{"@type":"SearchAction","target":{"@type":"EntryPoint","urlTemplate":"https:\/\/www.hausamstrom.de\/de\/?s={search_term_string}"},"query-input":{"@type":"PropertyValueSpecification","valueRequired":true,"valueName":"search_term_string"}}],"inLanguage":"de"},{"@type":"Organization","@id":"https:\/\/www.hausamstrom.de\/de\/#organization","name":"Haus am Strom","url":"https:\/\/www.hausamstrom.de\/de\/","logo":{"@type":"ImageObject","inLanguage":"de","@id":"https:\/\/www.hausamstrom.de\/de\/#\/schema\/logo\/image\/","url":"https:\/\/www.hausamstrom.de\/wp-content\/uploads\/2025\/06\/Logo-quadratisch-1024x1024.jpg","contentUrl":"https:\/\/www.hausamstrom.de\/wp-content\/uploads\/2025\/06\/Logo-quadratisch-1024x1024.jpg","width":1024,"height":1024,"caption":"Haus am Strom"},"image":{"@id":"https:\/\/www.hausamstrom.de\/de\/#\/schema\/logo\/image\/"},"sameAs":["https:\/\/www.facebook.com\/hausamstrom","https:\/\/www.instagram.com\/"]}]}},"_links":{"self":[{"href":"https:\/\/www.hausamstrom.de\/de\/wp-json\/wp\/v2\/pages\/349","targetHints":{"allow":["GET"]}}],"collection":[{"href":"https:\/\/www.hausamstrom.de\/de\/wp-json\/wp\/v2\/pages"}],"about":[{"href":"https:\/\/www.hausamstrom.de\/de\/wp-json\/wp\/v2\/types\/page"}],"author":[{"embeddable":true,"href":"https:\/\/www.hausamstrom.de\/de\/wp-json\/wp\/v2\/users\/1"}],"replies":[{"embeddable":true,"href":"https:\/\/www.hausamstrom.de\/de\/wp-json\/wp\/v2\/comments?post=349"}],"version-history":[{"count":10,"href":"https:\/\/www.hausamstrom.de\/de\/wp-json\/wp\/v2\/pages\/349\/revisions"}],"predecessor-version":[{"id":13915,"href":"https:\/\/www.hausamstrom.de\/de\/wp-json\/wp\/v2\/pages\/349\/revisions\/13915"}],"up":[{"embeddable":true,"href":"https:\/\/www.hausamstrom.de\/de\/wp-json\/wp\/v2\/pages\/45"}],"wp:attachment":[{"href":"https:\/\/www.hausamstrom.de\/de\/wp-json\/wp\/v2\/media?parent=349"}],"curies":[{"name":"wp","href":"https:\/\/api.w.org\/{rel}","templated":true}]}}