{"id":351,"date":"2016-03-01T14:26:12","date_gmt":"2016-03-01T13:26:12","guid":{"rendered":"http:\/\/hosting6807.af944.netcup.net\/?page_id=351"},"modified":"2026-02-20T09:49:52","modified_gmt":"2026-02-20T08:49:52","slug":"ausstellung","status":"publish","type":"page","link":"https:\/\/www.hausamstrom.de\/de\/haus\/ausstellung\/","title":{"rendered":"Ausstellung"},"content":{"rendered":"<div class=\"wpb-content-wrapper\"><p>[vc_row][vc_column][vc_row_inner][vc_column_inner width=\u201d1\/2\u2033][vc_single_image image=\u201d12790\u2033 img_size=\u201d400\u00d7300\u2033 alignment=\u201dcenter\u201d][\/vc_column_inner][vc_column_inner width=\u201d1\/2\u2033][vc_single_image image=\u201d13082\u2033 img_size=\u201d400\u00d7300\u2033 alignment=\u201dcenter\u201d css=\u201d\u201d][\/vc_column_inner][\/vc_row_inner][vc_custom_heading text=\u201dSelber spielen und steuern oder ruhig beobachten und zuh\u00f6ren\u201d google_fonts=\u201dfont_family:Bubblegum%20Sans%3Aregular|font_style:400%20regular%3A400%3Anormal\u201d]<div id=\"1638351076252-87c49ba9-39b5\" class=\"dt-sc-empty-space\"><\/div>[vc_column_text css=\u201d\u201d]Die Erlebnisausstellung im Haus am Strom erm\u00f6glicht einen fr\u00f6hlichen und unbeschwerten Zugang zu wichtigen Themen des Passauer Donauengtals: Natur, Energie, Nachhaltigkeit und Wasser. Der Wasserfahrstuhl im Haus zeigt wie Natur und Technik, \u00d6kologie und \u00d6konomie zu einer Symbiose werden \u2013 verpackt in einer einzigartigen Architektur, die das Thema Wasser optisch widerspiegelt.<\/p>\n<p>Einen Flyer zur Ausstellung finden Sie hier:\u00a0\u00a0<a href=\"https:\/\/www.hausamstrom.de\/wp-content\/uploads\/2024\/10\/HAS_Faltblatt_2024_06.pdf\">Austellungs Flyer<\/a>[\/vc_column_text][vc_column_text css=\u201d\u201d][\/vc_column_text]<div id=\"1729431649080-692cdae3-bba5\" class=\"dt-sc-empty-space\"><\/div>[vc_btn title=\u201d\u00d6ffnungszeiten\/Preise\u201d color=\u201dgreen\u201d size=\u201dlg\u201d css=\u201d\u201d link=\u201durl:https%3A%2F%2Fwww.hausamstrom.de%2Fde%2Fservice%2Fpreise%2F|title:%C3%96ffnungszeiten%20und%20Preise\u201d]<div id=\"1729431726032-d90ec909-6bd6\" class=\"dt-sc-empty-space\"><\/div>[\/vc_column][\/vc_row][vc_row][vc_column]<div id=\"1559488187703-bff3bdfd-8a78\" class=\"dt-sc-empty-space\"><\/div>[vc_custom_heading text=\u201dRaum 1\u2033 font_container=\u201dtag:h3|font_size:30px|text_align:left\u201d google_fonts=\u201dfont_family:Bubblegum%20Sans%3Aregular|font_style:400%20regular%3A400%3Anormal\u201d][\/vc_column][\/vc_row][vc_row content_placement=\u201dmiddle\u201d][vc_column width=\u201d1\/3\u2033][vc_single_image image=\u201d13077\u2033 img_size=\u201dmedium\u201d alignment=\u201dcenter\u201d css=\u201d\u201d][\/vc_column][vc_column width=\u201d2\/3\u2033][vc_column_text css=\u201d\u201d]Das Landschaftsmodell verschafft schnell einen \u00dcberblick \u00fcber das Donautal und macht mit ansprechenden Fotos Lust auf das eigene Entdecken. Betrachten Sie die geografischen Gegebenheiten der Region. Hier steht Ihnen auf wenigen Quadratmetern die Welt des Donautals offen.<\/p>\n<p>In einem Terrarium k\u00f6nnen Sie ein Exemplar der Smaragdeidechse, den Edelstein des Donautals, bewundern. F\u00fcr alle Wissbegierigen gibt es das <a href=\"https:\/\/www.bfn.de\/thema\/natura-2000\" target=\"_blank\" rel=\"noopener\">Natura 2000<\/a>\u2013 Schatzk\u00e4stchen, in dem sich viele verschiedene Informationen zur Umgebung, als auch zum europ\u00e4ischen Schutzgebietsnetzwerk wiederfinden.[\/vc_column_text][\/vc_column][\/vc_row][vc_row][vc_column]<div id=\"1559488439413-0b12d341-9cd1\" class=\"dt-sc-empty-space\"><\/div>[vc_custom_heading text=\u201dRaum 2\u2033 font_container=\u201dtag:h3|font_size:30px|text_align:left\u201d google_fonts=\u201dfont_family:Bubblegum%20Sans%3Aregular|font_style:400%20regular%3A400%3Anormal\u201d][\/vc_column][\/vc_row][vc_row content_placement=\u201dmiddle\u201d][vc_column width=\u201d1\/3\u2033][vc_single_image image=\u201d12794\u2033 img_size=\u201dmedium\u201d alignment=\u201dcenter\u201d][\/vc_column][vc_column width=\u201d2\/3\u2033][vc_column_text css=\u201d\u201d]<\/p>\n<div id=\"c1300\" class=\"csc-default\">\n<div class=\"csc-textpic csc-textpic-center csc-textpic-above\">\n<div class=\"csc-textpic-text\">\n<p>Bei der Ruderfahrt durch Passau k\u00f6nnen Sie selber Energie erzeugen: Der Kraftaufwand in KW l\u00e4sst sich am Bildschirm ablesen. In dieser Station fahren rudern Sie mit einem Ruderger\u00e4t durch Passau und k\u00f6nnen neben dem Blick auf die Stadt auch erfahren, wie viel Kraft es ben\u00f6tigt, um elektrische Ger\u00e4te zum Laufen zu bringen. Probieren Sie es aus!<\/p>\n<p>Setzten Sie mithilfe des Hochwassermodells Passau unter Wasser und sehen Sie, wie Passau \u00fcber die Jahre mit Hochwassern zu k\u00e4mpfen hatte. Als Energie-Manager erfahren Sie, wie schwierig es ist, eine Region mit ausreichend Strom zu versorgen. F\u00fcr alle, die gerne etwas \u201ein der Hand haben\u201c, ist das Geodrom mit den Gesteinsproben genau das Richtige. Und wer lieber mit Holz anstatt Stein zu tun hat, der kann sich als Biber versuchen!<\/p>\n<\/div>\n<\/div>\n<\/div>\n<p>[\/vc_column_text][\/vc_column][\/vc_row][vc_row][vc_column]<div id=\"1559488535447-c0991454-6aab\" class=\"dt-sc-empty-space\"><\/div>[vc_custom_heading text=\u201dRaum 3\u2033 font_container=\u201dtag:h3|font_size:30px|text_align:left\u201d google_fonts=\u201dfont_family:Bubblegum%20Sans%3Aregular|font_style:400%20regular%3A400%3Anormal\u201d][\/vc_column][\/vc_row][vc_row content_placement=\u201dmiddle\u201d][vc_column width=\u201d1\/3\u2033][vc_single_image image=\u201d12733\u2033 img_size=\u201dmedium\u201d alignment=\u201dcenter\u201d css=\u201d\u201d][\/vc_column][vc_column width=\u201d2\/3\u2033][vc_column_text css=\u201d\u201d]Wie entwickelte sich die Kultur an der Donau? Wie nutzt der Mensch die Donau? Publikumsmagnet im Haus am Strom ist das lebensgro\u00dfe Modell eines Hausen, dem Giganten der Donau. Ein kleiner Verwandter des Giganten findet sich im\u00a0 Aquarium, das mit heimischen und zugewanderten Fischarten einen Einblick in die Welt unter Wasser bietet.<\/p>\n<p>Entdecken Sie unsere Nachhaltigkeitswand. Verschiedene Filme geben einen kleinen Einblick \u00fcber nachhaltige Projekte in der Region und beim \u00f6kologischen Handabdruck kann man selbst \u00fcberlegen, wie man seine Umwelt nachhaltig beeinflusst.[\/vc_column_text][\/vc_column][\/vc_row][vc_row][vc_column]<div id=\"1559488610504-cd0b6eed-28b2\" class=\"dt-sc-empty-space\"><\/div>[vc_custom_heading text=\u201dRaum 4\u2033 font_container=\u201dtag:h3|font_size:30px|text_align:left\u201d google_fonts=\u201dfont_family:Bubblegum%20Sans%3Aregular|font_style:400%20regular%3A400%3Anormal\u201d][\/vc_column][\/vc_row][vc_row content_placement=\u201dmiddle\u201d][vc_column width=\u201d1\/3\u2033][vc_single_image image=\u201d12802\u2033 img_size=\u201dmedium\u201d alignment=\u201dcenter\u201d][\/vc_column][vc_column width=\u201d2\/3\u2033][vc_column_text css=\u201d\u201d]Ob am Computer oder Mikroskop, Wissen \u00fcber das lebenswichtige Element Wasser zu sammeln ist spannend und macht Spa\u00df. Erleben Sie mit der VR-Brille selbst, wie es ist, als Regentropfen \u00fcber die Donauleiten zu fliegen.[\/vc_column_text][\/vc_column][\/vc_row][vc_row][vc_column][\/vc_column][\/vc_row]<\/p>\n<\/div>","protected":false},"excerpt":{"rendered":"<p>[vc_row][vc_column][vc_row_inner][vc_column_inner width=\u201d1\/2\u2033][vc_single_image image=\u201d12790\u2033 img_size=\u201d400\u00d7300\u2033 alignment=\u201dcenter\u201d][\/vc_column_inner][vc_column_inner width=\u201d1\/2\u2033][vc_single_image image=\u201d13082\u2033 img_size=\u201d400\u00d7300\u2033 alignment=\u201dcenter\u201d css=\u201d\u201d][\/vc_column_inner][\/vc_row_inner][vc_custom_heading text=\u201dSelber spielen und steuern oder ruhig beobachten und zuh\u00f6ren\u201d google_fonts=\u201dfont_family:Bubblegum%20Sans%3Aregular|font_style:400%20regular%3A400%3Anormal\u201d][vc_column_text css=\u201d\u201d]Die Erlebnisausstellung im Haus am Strom erm\u00f6glicht einen fr\u00f6hlichen und unbeschwerten Zugang zu wichtigen Themen des Passauer Donauengtals: Natur, Energie, Nachhaltigkeit und Wasser. Der Wasserfahrstuhl im Haus zeigt wie Natur und Technik, \u00d6kologie und \u00d6konomie [&hellip;]<\/p>\n","protected":false},"author":1,"featured_media":0,"parent":45,"menu_order":2,"comment_status":"closed","ping_status":"closed","template":"","meta":{"footnotes":""},"class_list":["post-351","page","type-page","status-publish","hentry"],"yoast_head":"<!-- This site is optimized with the Yoast SEO plugin v27.6 - https:\/\/yoast.com\/product\/yoast-seo-wordpress\/ -->\n<title>Ausstellung - Haus am Strom<\/title>\n<meta name=\"robots\" content=\"index, follow, max-snippet:-1, max-image-preview:large, max-video-preview:-1\" \/>\n<link rel=\"canonical\" href=\"https:\/\/www.hausamstrom.de\/de\/haus\/ausstellung\/\" \/>\n<meta property=\"og:locale\" content=\"de_DE\" \/>\n<meta property=\"og:type\" content=\"article\" \/>\n<meta property=\"og:title\" content=\"Ausstellung - Haus am Strom\" \/>\n<meta property=\"og:description\" content=\"[vc_row][vc_column][vc_row_inner][vc_column_inner width=\u201d1\/2\u2033][vc_single_image image=\u201d12790\u2033 img_size=\u201d400\u00d7300\u2033 alignment=\u201dcenter\u201d][\/vc_column_inner][vc_column_inner width=\u201d1\/2\u2033][vc_single_image image=\u201d13082\u2033 img_size=\u201d400\u00d7300\u2033 alignment=\u201dcenter\u201d css=\u201d\u201d][\/vc_column_inner][\/vc_row_inner][vc_custom_heading text=\u201dSelber spielen und steuern oder ruhig beobachten und zuh\u00f6ren\u201d google_fonts=\u201dfont_family:Bubblegum%20Sans%3Aregular|font_style:400%20regular%3A400%3Anormal\u201d][vc_column_text css=\u201d\u201d]Die Erlebnisausstellung im Haus am Strom erm\u00f6glicht einen fr\u00f6hlichen und unbeschwerten Zugang zu wichtigen Themen des Passauer Donauengtals: Natur, Energie, Nachhaltigkeit und Wasser. Der Wasserfahrstuhl im Haus zeigt wie Natur und Technik, \u00d6kologie und \u00d6konomie [&hellip;]\" \/>\n<meta property=\"og:url\" content=\"https:\/\/www.hausamstrom.de\/de\/haus\/ausstellung\/\" \/>\n<meta property=\"og:site_name\" content=\"Haus am Strom\" \/>\n<meta property=\"article:publisher\" content=\"https:\/\/www.facebook.com\/hausamstrom\" \/>\n<meta property=\"article:modified_time\" content=\"2026-02-20T08:49:52+00:00\" \/>\n<meta name=\"twitter:card\" content=\"summary_large_image\" \/>\n<meta name=\"twitter:label1\" content=\"Gesch\u00e4tzte Lesezeit\" \/>\n\t<meta name=\"twitter:data1\" content=\"4\u00a0Minuten\" \/>\n<script type=\"application\/ld+json\" class=\"yoast-schema-graph\">{\"@context\":\"https:\\\/\\\/schema.org\",\"@graph\":[{\"@type\":\"WebPage\",\"@id\":\"https:\\\/\\\/www.hausamstrom.de\\\/de\\\/haus\\\/ausstellung\\\/\",\"url\":\"https:\\\/\\\/www.hausamstrom.de\\\/de\\\/haus\\\/ausstellung\\\/\",\"name\":\"Ausstellung - Haus am Strom\",\"isPartOf\":{\"@id\":\"https:\\\/\\\/www.hausamstrom.de\\\/de\\\/#website\"},\"datePublished\":\"2016-03-01T13:26:12+00:00\",\"dateModified\":\"2026-02-20T08:49:52+00:00\",\"breadcrumb\":{\"@id\":\"https:\\\/\\\/www.hausamstrom.de\\\/de\\\/haus\\\/ausstellung\\\/#breadcrumb\"},\"inLanguage\":\"de\",\"potentialAction\":[{\"@type\":\"ReadAction\",\"target\":[\"https:\\\/\\\/www.hausamstrom.de\\\/de\\\/haus\\\/ausstellung\\\/\"]}]},{\"@type\":\"BreadcrumbList\",\"@id\":\"https:\\\/\\\/www.hausamstrom.de\\\/de\\\/haus\\\/ausstellung\\\/#breadcrumb\",\"itemListElement\":[{\"@type\":\"ListItem\",\"position\":1,\"name\":\"Home\",\"item\":\"https:\\\/\\\/www.hausamstrom.de\\\/de\\\/\"},{\"@type\":\"ListItem\",\"position\":2,\"name\":\"Haus\",\"item\":\"https:\\\/\\\/www.hausamstrom.de\\\/de\\\/haus\\\/\"},{\"@type\":\"ListItem\",\"position\":3,\"name\":\"Ausstellung\"}]},{\"@type\":\"WebSite\",\"@id\":\"https:\\\/\\\/www.hausamstrom.de\\\/de\\\/#website\",\"url\":\"https:\\\/\\\/www.hausamstrom.de\\\/de\\\/\",\"name\":\"Haus am Strom\",\"description\":\"Umweltbildungsstation im Passauer Donautal. Umweltbildung und Naturschutz f\u00fcr Kinder und Erwachsenen.\",\"publisher\":{\"@id\":\"https:\\\/\\\/www.hausamstrom.de\\\/de\\\/#organization\"},\"potentialAction\":[{\"@type\":\"SearchAction\",\"target\":{\"@type\":\"EntryPoint\",\"urlTemplate\":\"https:\\\/\\\/www.hausamstrom.de\\\/de\\\/?s={search_term_string}\"},\"query-input\":{\"@type\":\"PropertyValueSpecification\",\"valueRequired\":true,\"valueName\":\"search_term_string\"}}],\"inLanguage\":\"de\"},{\"@type\":\"Organization\",\"@id\":\"https:\\\/\\\/www.hausamstrom.de\\\/de\\\/#organization\",\"name\":\"Haus am Strom\",\"url\":\"https:\\\/\\\/www.hausamstrom.de\\\/de\\\/\",\"logo\":{\"@type\":\"ImageObject\",\"inLanguage\":\"de\",\"@id\":\"https:\\\/\\\/www.hausamstrom.de\\\/de\\\/#\\\/schema\\\/logo\\\/image\\\/\",\"url\":\"https:\\\/\\\/www.hausamstrom.de\\\/wp-content\\\/uploads\\\/2025\\\/06\\\/Logo-quadratisch-1024x1024.jpg\",\"contentUrl\":\"https:\\\/\\\/www.hausamstrom.de\\\/wp-content\\\/uploads\\\/2025\\\/06\\\/Logo-quadratisch-1024x1024.jpg\",\"width\":1024,\"height\":1024,\"caption\":\"Haus am Strom\"},\"image\":{\"@id\":\"https:\\\/\\\/www.hausamstrom.de\\\/de\\\/#\\\/schema\\\/logo\\\/image\\\/\"},\"sameAs\":[\"https:\\\/\\\/www.facebook.com\\\/hausamstrom\",\"https:\\\/\\\/www.instagram.com\\\/\"]}]}<\/script>\n<!-- \/ Yoast SEO plugin. -->","yoast_head_json":{"title":"Ausstellung - Haus am Strom","robots":{"index":"index","follow":"follow","max-snippet":"max-snippet:-1","max-image-preview":"max-image-preview:large","max-video-preview":"max-video-preview:-1"},"canonical":"https:\/\/www.hausamstrom.de\/de\/haus\/ausstellung\/","og_locale":"de_DE","og_type":"article","og_title":"Ausstellung - Haus am Strom","og_description":"[vc_row][vc_column][vc_row_inner][vc_column_inner width=\u201d1\/2\u2033][vc_single_image image=\u201d12790\u2033 img_size=\u201d400\u00d7300\u2033 alignment=\u201dcenter\u201d][\/vc_column_inner][vc_column_inner width=\u201d1\/2\u2033][vc_single_image image=\u201d13082\u2033 img_size=\u201d400\u00d7300\u2033 alignment=\u201dcenter\u201d css=\u201d\u201d][\/vc_column_inner][\/vc_row_inner][vc_custom_heading text=\u201dSelber spielen und steuern oder ruhig beobachten und zuh\u00f6ren\u201d google_fonts=\u201dfont_family:Bubblegum%20Sans%3Aregular|font_style:400%20regular%3A400%3Anormal\u201d][vc_column_text css=\u201d\u201d]Die Erlebnisausstellung im Haus am Strom erm\u00f6glicht einen fr\u00f6hlichen und unbeschwerten Zugang zu wichtigen Themen des Passauer Donauengtals: Natur, Energie, Nachhaltigkeit und Wasser. Der Wasserfahrstuhl im Haus zeigt wie Natur und Technik, \u00d6kologie und \u00d6konomie [&hellip;]","og_url":"https:\/\/www.hausamstrom.de\/de\/haus\/ausstellung\/","og_site_name":"Haus am Strom","article_publisher":"https:\/\/www.facebook.com\/hausamstrom","article_modified_time":"2026-02-20T08:49:52+00:00","twitter_card":"summary_large_image","twitter_misc":{"Gesch\u00e4tzte Lesezeit":"4\u00a0Minuten"},"schema":{"@context":"https:\/\/schema.org","@graph":[{"@type":"WebPage","@id":"https:\/\/www.hausamstrom.de\/de\/haus\/ausstellung\/","url":"https:\/\/www.hausamstrom.de\/de\/haus\/ausstellung\/","name":"Ausstellung - Haus am Strom","isPartOf":{"@id":"https:\/\/www.hausamstrom.de\/de\/#website"},"datePublished":"2016-03-01T13:26:12+00:00","dateModified":"2026-02-20T08:49:52+00:00","breadcrumb":{"@id":"https:\/\/www.hausamstrom.de\/de\/haus\/ausstellung\/#breadcrumb"},"inLanguage":"de","potentialAction":[{"@type":"ReadAction","target":["https:\/\/www.hausamstrom.de\/de\/haus\/ausstellung\/"]}]},{"@type":"BreadcrumbList","@id":"https:\/\/www.hausamstrom.de\/de\/haus\/ausstellung\/#breadcrumb","itemListElement":[{"@type":"ListItem","position":1,"name":"Home","item":"https:\/\/www.hausamstrom.de\/de\/"},{"@type":"ListItem","position":2,"name":"Haus","item":"https:\/\/www.hausamstrom.de\/de\/haus\/"},{"@type":"ListItem","position":3,"name":"Ausstellung"}]},{"@type":"WebSite","@id":"https:\/\/www.hausamstrom.de\/de\/#website","url":"https:\/\/www.hausamstrom.de\/de\/","name":"Haus am Strom","description":"Umweltbildungsstation im Passauer Donautal. Umweltbildung und Naturschutz f\u00fcr Kinder und Erwachsenen.","publisher":{"@id":"https:\/\/www.hausamstrom.de\/de\/#organization"},"potentialAction":[{"@type":"SearchAction","target":{"@type":"EntryPoint","urlTemplate":"https:\/\/www.hausamstrom.de\/de\/?s={search_term_string}"},"query-input":{"@type":"PropertyValueSpecification","valueRequired":true,"valueName":"search_term_string"}}],"inLanguage":"de"},{"@type":"Organization","@id":"https:\/\/www.hausamstrom.de\/de\/#organization","name":"Haus am Strom","url":"https:\/\/www.hausamstrom.de\/de\/","logo":{"@type":"ImageObject","inLanguage":"de","@id":"https:\/\/www.hausamstrom.de\/de\/#\/schema\/logo\/image\/","url":"https:\/\/www.hausamstrom.de\/wp-content\/uploads\/2025\/06\/Logo-quadratisch-1024x1024.jpg","contentUrl":"https:\/\/www.hausamstrom.de\/wp-content\/uploads\/2025\/06\/Logo-quadratisch-1024x1024.jpg","width":1024,"height":1024,"caption":"Haus am Strom"},"image":{"@id":"https:\/\/www.hausamstrom.de\/de\/#\/schema\/logo\/image\/"},"sameAs":["https:\/\/www.facebook.com\/hausamstrom","https:\/\/www.instagram.com\/"]}]}},"_links":{"self":[{"href":"https:\/\/www.hausamstrom.de\/de\/wp-json\/wp\/v2\/pages\/351","targetHints":{"allow":["GET"]}}],"collection":[{"href":"https:\/\/www.hausamstrom.de\/de\/wp-json\/wp\/v2\/pages"}],"about":[{"href":"https:\/\/www.hausamstrom.de\/de\/wp-json\/wp\/v2\/types\/page"}],"author":[{"embeddable":true,"href":"https:\/\/www.hausamstrom.de\/de\/wp-json\/wp\/v2\/users\/1"}],"replies":[{"embeddable":true,"href":"https:\/\/www.hausamstrom.de\/de\/wp-json\/wp\/v2\/comments?post=351"}],"version-history":[{"count":10,"href":"https:\/\/www.hausamstrom.de\/de\/wp-json\/wp\/v2\/pages\/351\/revisions"}],"predecessor-version":[{"id":14009,"href":"https:\/\/www.hausamstrom.de\/de\/wp-json\/wp\/v2\/pages\/351\/revisions\/14009"}],"up":[{"embeddable":true,"href":"https:\/\/www.hausamstrom.de\/de\/wp-json\/wp\/v2\/pages\/45"}],"wp:attachment":[{"href":"https:\/\/www.hausamstrom.de\/de\/wp-json\/wp\/v2\/media?parent=351"}],"curies":[{"name":"wp","href":"https:\/\/api.w.org\/{rel}","templated":true}]}}