{"id":355,"date":"2016-03-01T14:27:11","date_gmt":"2016-03-01T13:27:11","guid":{"rendered":"http:\/\/hosting6807.af944.netcup.net\/?page_id=355"},"modified":"2023-12-06T15:55:10","modified_gmt":"2023-12-06T14:55:10","slug":"erlebnisweg","status":"publish","type":"page","link":"https:\/\/www.hausamstrom.de\/de\/haus\/erlebnisweg\/","title":{"rendered":"Erlebnisweg"},"content":{"rendered":"<div class=\"wpb-content-wrapper\"><p>[vc_row][vc_column][vc_custom_heading text=&#8221;Mit Spa\u00df und Spiel die Sch\u00e4tze im Donautal erkunden&#8221; google_fonts=&#8221;font_family:Bubblegum%20Sans%3Aregular|font_style:400%20regular%3A400%3Anormal&#8221;][\/vc_column][vc_column][vc_column_text]18 Stationen verteilt auf ca. 3,5 Kilometer laden zu einem vergn\u00fcglichen Spaziergang ein. Dabei steht der Spa\u00df im Vordergrund: Am Klangspiel bringen die Wanderer Steine zum Klingen, am Mahlstein wird Getreide zu Mehl. K\u00fcnstler haben einen beeindruckenden Hirschk\u00e4fer und Feuersalamander geschaffen. Besonders f\u00fcr die Kleinsten ist die Station zum Graphit lustig: Der Stein, der in der Region gef\u00f6rdert wird, f\u00e4rbt schwarz ab, sodass man sich damit bemalen kann. Der Erlebnisweg kann unter Auslassung des Waldweges mit dem Kinderwagen befahren werden.[\/vc_column_text][\/vc_column][\/vc_row][vc_row][vc_column width=&#8221;1\/2&#8243;][vc_single_image image=&#8221;7784&#8243; img_size=&#8221;medium&#8221;][\/vc_column][vc_column width=&#8221;1\/2&#8243;][vc_single_image image=&#8221;1157&#8243; img_size=&#8221;medium&#8221;][\/vc_column][\/vc_row][vc_row][vc_column][vc_column_text]Den Flyer f\u00fcr die Schatzsuche k\u00f6nnen Sie <strong><a href=\"https:\/\/hausamstrom.de\/wp-content\/uploads\/2018\/10\/Flyer_Erlebnisweg_v3.pdf\" target=\"_blank\" rel=\"noopener\">hier<\/a> <\/strong>herunterladen.[\/vc_column_text][\/vc_column][\/vc_row]<\/p>\n<\/div>","protected":false},"excerpt":{"rendered":"<p>[vc_row][vc_column][vc_custom_heading text=&#8221;Mit Spa\u00df und Spiel die Sch\u00e4tze im Donautal erkunden&#8221; google_fonts=&#8221;font_family:Bubblegum%20Sans%3Aregular|font_style:400%20regular%3A400%3Anormal&#8221;][\/vc_column][vc_column][vc_column_text]18 Stationen verteilt auf ca. 3,5 Kilometer laden zu einem vergn\u00fcglichen Spaziergang ein. Dabei steht der Spa\u00df im Vordergrund: Am Klangspiel bringen die Wanderer Steine zum Klingen, am Mahlstein wird Getreide zu Mehl. K\u00fcnstler haben einen beeindruckenden Hirschk\u00e4fer und Feuersalamander geschaffen. Besonders f\u00fcr die Kleinsten [&hellip;]<\/p>\n","protected":false},"author":1,"featured_media":0,"parent":45,"menu_order":4,"comment_status":"closed","ping_status":"closed","template":"","meta":{"footnotes":""},"class_list":["post-355","page","type-page","status-publish","hentry"],"yoast_head":"<!-- This site is optimized with the Yoast SEO plugin v27.3 - https:\/\/yoast.com\/product\/yoast-seo-wordpress\/ -->\n<title>Erlebnisweg - Haus am Strom<\/title>\n<meta name=\"robots\" content=\"index, follow, max-snippet:-1, max-image-preview:large, max-video-preview:-1\" \/>\n<link rel=\"canonical\" href=\"https:\/\/www.hausamstrom.de\/de\/haus\/erlebnisweg\/\" \/>\n<meta property=\"og:locale\" content=\"de_DE\" \/>\n<meta property=\"og:type\" content=\"article\" \/>\n<meta property=\"og:title\" content=\"Erlebnisweg - Haus am Strom\" \/>\n<meta property=\"og:description\" content=\"[vc_row][vc_column][vc_custom_heading text=&#8221;Mit Spa\u00df und Spiel die Sch\u00e4tze im Donautal erkunden&#8221; google_fonts=&#8221;font_family:Bubblegum%20Sans%3Aregular|font_style:400%20regular%3A400%3Anormal&#8221;][\/vc_column][vc_column][vc_column_text]18 Stationen verteilt auf ca. 3,5 Kilometer laden zu einem vergn\u00fcglichen Spaziergang ein. Dabei steht der Spa\u00df im Vordergrund: Am Klangspiel bringen die Wanderer Steine zum Klingen, am Mahlstein wird Getreide zu Mehl. K\u00fcnstler haben einen beeindruckenden Hirschk\u00e4fer und Feuersalamander geschaffen. Besonders f\u00fcr die Kleinsten [&hellip;]\" \/>\n<meta property=\"og:url\" content=\"https:\/\/www.hausamstrom.de\/de\/haus\/erlebnisweg\/\" \/>\n<meta property=\"og:site_name\" content=\"Haus am Strom\" \/>\n<meta property=\"article:publisher\" content=\"https:\/\/www.facebook.com\/hausamstrom\" \/>\n<meta property=\"article:modified_time\" content=\"2023-12-06T14:55:10+00:00\" \/>\n<meta name=\"twitter:card\" content=\"summary_large_image\" \/>\n<meta name=\"twitter:label1\" content=\"Gesch\u00e4tzte Lesezeit\" \/>\n\t<meta name=\"twitter:data1\" content=\"1\u00a0Minute\" \/>\n<script type=\"application\/ld+json\" class=\"yoast-schema-graph\">{\"@context\":\"https:\\\/\\\/schema.org\",\"@graph\":[{\"@type\":\"WebPage\",\"@id\":\"https:\\\/\\\/www.hausamstrom.de\\\/de\\\/haus\\\/erlebnisweg\\\/\",\"url\":\"https:\\\/\\\/www.hausamstrom.de\\\/de\\\/haus\\\/erlebnisweg\\\/\",\"name\":\"Erlebnisweg - Haus am Strom\",\"isPartOf\":{\"@id\":\"https:\\\/\\\/www.hausamstrom.de\\\/de\\\/#website\"},\"datePublished\":\"2016-03-01T13:27:11+00:00\",\"dateModified\":\"2023-12-06T14:55:10+00:00\",\"breadcrumb\":{\"@id\":\"https:\\\/\\\/www.hausamstrom.de\\\/de\\\/haus\\\/erlebnisweg\\\/#breadcrumb\"},\"inLanguage\":\"de\",\"potentialAction\":[{\"@type\":\"ReadAction\",\"target\":[\"https:\\\/\\\/www.hausamstrom.de\\\/de\\\/haus\\\/erlebnisweg\\\/\"]}]},{\"@type\":\"BreadcrumbList\",\"@id\":\"https:\\\/\\\/www.hausamstrom.de\\\/de\\\/haus\\\/erlebnisweg\\\/#breadcrumb\",\"itemListElement\":[{\"@type\":\"ListItem\",\"position\":1,\"name\":\"Home\",\"item\":\"https:\\\/\\\/www.hausamstrom.de\\\/de\\\/\"},{\"@type\":\"ListItem\",\"position\":2,\"name\":\"Haus\",\"item\":\"https:\\\/\\\/www.hausamstrom.de\\\/de\\\/haus\\\/\"},{\"@type\":\"ListItem\",\"position\":3,\"name\":\"Erlebnisweg\"}]},{\"@type\":\"WebSite\",\"@id\":\"https:\\\/\\\/www.hausamstrom.de\\\/de\\\/#website\",\"url\":\"https:\\\/\\\/www.hausamstrom.de\\\/de\\\/\",\"name\":\"Haus am Strom\",\"description\":\"Umweltbildungsstation im Passauer Donautal. Umweltbildung und Naturschutz f\u00fcr Kinder und Erwachsenen.\",\"publisher\":{\"@id\":\"https:\\\/\\\/www.hausamstrom.de\\\/de\\\/#organization\"},\"potentialAction\":[{\"@type\":\"SearchAction\",\"target\":{\"@type\":\"EntryPoint\",\"urlTemplate\":\"https:\\\/\\\/www.hausamstrom.de\\\/de\\\/?s={search_term_string}\"},\"query-input\":{\"@type\":\"PropertyValueSpecification\",\"valueRequired\":true,\"valueName\":\"search_term_string\"}}],\"inLanguage\":\"de\"},{\"@type\":\"Organization\",\"@id\":\"https:\\\/\\\/www.hausamstrom.de\\\/de\\\/#organization\",\"name\":\"Haus am Strom\",\"url\":\"https:\\\/\\\/www.hausamstrom.de\\\/de\\\/\",\"logo\":{\"@type\":\"ImageObject\",\"inLanguage\":\"de\",\"@id\":\"https:\\\/\\\/www.hausamstrom.de\\\/de\\\/#\\\/schema\\\/logo\\\/image\\\/\",\"url\":\"https:\\\/\\\/www.hausamstrom.de\\\/wp-content\\\/uploads\\\/2025\\\/06\\\/Logo-quadratisch-1024x1024.jpg\",\"contentUrl\":\"https:\\\/\\\/www.hausamstrom.de\\\/wp-content\\\/uploads\\\/2025\\\/06\\\/Logo-quadratisch-1024x1024.jpg\",\"width\":1024,\"height\":1024,\"caption\":\"Haus am Strom\"},\"image\":{\"@id\":\"https:\\\/\\\/www.hausamstrom.de\\\/de\\\/#\\\/schema\\\/logo\\\/image\\\/\"},\"sameAs\":[\"https:\\\/\\\/www.facebook.com\\\/hausamstrom\",\"https:\\\/\\\/www.instagram.com\\\/\"]}]}<\/script>\n<!-- \/ Yoast SEO plugin. -->","yoast_head_json":{"title":"Erlebnisweg - Haus am Strom","robots":{"index":"index","follow":"follow","max-snippet":"max-snippet:-1","max-image-preview":"max-image-preview:large","max-video-preview":"max-video-preview:-1"},"canonical":"https:\/\/www.hausamstrom.de\/de\/haus\/erlebnisweg\/","og_locale":"de_DE","og_type":"article","og_title":"Erlebnisweg - Haus am Strom","og_description":"[vc_row][vc_column][vc_custom_heading text=&#8221;Mit Spa\u00df und Spiel die Sch\u00e4tze im Donautal erkunden&#8221; google_fonts=&#8221;font_family:Bubblegum%20Sans%3Aregular|font_style:400%20regular%3A400%3Anormal&#8221;][\/vc_column][vc_column][vc_column_text]18 Stationen verteilt auf ca. 3,5 Kilometer laden zu einem vergn\u00fcglichen Spaziergang ein. Dabei steht der Spa\u00df im Vordergrund: Am Klangspiel bringen die Wanderer Steine zum Klingen, am Mahlstein wird Getreide zu Mehl. K\u00fcnstler haben einen beeindruckenden Hirschk\u00e4fer und Feuersalamander geschaffen. Besonders f\u00fcr die Kleinsten [&hellip;]","og_url":"https:\/\/www.hausamstrom.de\/de\/haus\/erlebnisweg\/","og_site_name":"Haus am Strom","article_publisher":"https:\/\/www.facebook.com\/hausamstrom","article_modified_time":"2023-12-06T14:55:10+00:00","twitter_card":"summary_large_image","twitter_misc":{"Gesch\u00e4tzte Lesezeit":"1\u00a0Minute"},"schema":{"@context":"https:\/\/schema.org","@graph":[{"@type":"WebPage","@id":"https:\/\/www.hausamstrom.de\/de\/haus\/erlebnisweg\/","url":"https:\/\/www.hausamstrom.de\/de\/haus\/erlebnisweg\/","name":"Erlebnisweg - Haus am Strom","isPartOf":{"@id":"https:\/\/www.hausamstrom.de\/de\/#website"},"datePublished":"2016-03-01T13:27:11+00:00","dateModified":"2023-12-06T14:55:10+00:00","breadcrumb":{"@id":"https:\/\/www.hausamstrom.de\/de\/haus\/erlebnisweg\/#breadcrumb"},"inLanguage":"de","potentialAction":[{"@type":"ReadAction","target":["https:\/\/www.hausamstrom.de\/de\/haus\/erlebnisweg\/"]}]},{"@type":"BreadcrumbList","@id":"https:\/\/www.hausamstrom.de\/de\/haus\/erlebnisweg\/#breadcrumb","itemListElement":[{"@type":"ListItem","position":1,"name":"Home","item":"https:\/\/www.hausamstrom.de\/de\/"},{"@type":"ListItem","position":2,"name":"Haus","item":"https:\/\/www.hausamstrom.de\/de\/haus\/"},{"@type":"ListItem","position":3,"name":"Erlebnisweg"}]},{"@type":"WebSite","@id":"https:\/\/www.hausamstrom.de\/de\/#website","url":"https:\/\/www.hausamstrom.de\/de\/","name":"Haus am Strom","description":"Umweltbildungsstation im Passauer Donautal. Umweltbildung und Naturschutz f\u00fcr Kinder und Erwachsenen.","publisher":{"@id":"https:\/\/www.hausamstrom.de\/de\/#organization"},"potentialAction":[{"@type":"SearchAction","target":{"@type":"EntryPoint","urlTemplate":"https:\/\/www.hausamstrom.de\/de\/?s={search_term_string}"},"query-input":{"@type":"PropertyValueSpecification","valueRequired":true,"valueName":"search_term_string"}}],"inLanguage":"de"},{"@type":"Organization","@id":"https:\/\/www.hausamstrom.de\/de\/#organization","name":"Haus am Strom","url":"https:\/\/www.hausamstrom.de\/de\/","logo":{"@type":"ImageObject","inLanguage":"de","@id":"https:\/\/www.hausamstrom.de\/de\/#\/schema\/logo\/image\/","url":"https:\/\/www.hausamstrom.de\/wp-content\/uploads\/2025\/06\/Logo-quadratisch-1024x1024.jpg","contentUrl":"https:\/\/www.hausamstrom.de\/wp-content\/uploads\/2025\/06\/Logo-quadratisch-1024x1024.jpg","width":1024,"height":1024,"caption":"Haus am Strom"},"image":{"@id":"https:\/\/www.hausamstrom.de\/de\/#\/schema\/logo\/image\/"},"sameAs":["https:\/\/www.facebook.com\/hausamstrom","https:\/\/www.instagram.com\/"]}]}},"_links":{"self":[{"href":"https:\/\/www.hausamstrom.de\/de\/wp-json\/wp\/v2\/pages\/355","targetHints":{"allow":["GET"]}}],"collection":[{"href":"https:\/\/www.hausamstrom.de\/de\/wp-json\/wp\/v2\/pages"}],"about":[{"href":"https:\/\/www.hausamstrom.de\/de\/wp-json\/wp\/v2\/types\/page"}],"author":[{"embeddable":true,"href":"https:\/\/www.hausamstrom.de\/de\/wp-json\/wp\/v2\/users\/1"}],"replies":[{"embeddable":true,"href":"https:\/\/www.hausamstrom.de\/de\/wp-json\/wp\/v2\/comments?post=355"}],"version-history":[{"count":10,"href":"https:\/\/www.hausamstrom.de\/de\/wp-json\/wp\/v2\/pages\/355\/revisions"}],"predecessor-version":[{"id":11973,"href":"https:\/\/www.hausamstrom.de\/de\/wp-json\/wp\/v2\/pages\/355\/revisions\/11973"}],"up":[{"embeddable":true,"href":"https:\/\/www.hausamstrom.de\/de\/wp-json\/wp\/v2\/pages\/45"}],"wp:attachment":[{"href":"https:\/\/www.hausamstrom.de\/de\/wp-json\/wp\/v2\/media?parent=355"}],"curies":[{"name":"wp","href":"https:\/\/api.w.org\/{rel}","templated":true}]}}