{"id":365,"date":"2016-03-01T14:30:27","date_gmt":"2016-03-01T13:30:27","guid":{"rendered":"http:\/\/hosting6807.af944.netcup.net\/?page_id=365"},"modified":"2026-01-07T09:17:47","modified_gmt":"2026-01-07T08:17:47","slug":"dauerbrenner","status":"publish","type":"page","link":"https:\/\/www.hausamstrom.de\/de\/programm\/buchbares\/dauerbrenner\/","title":{"rendered":"Dauerbrenner"},"content":{"rendered":"<div class=\"wpb-content-wrapper\"><p>[vc_row][vc_column width=&#8221;1\/3&#8243;][vc_single_image image=&#8221;12802&#8243; img_size=&#8221;medium&#8221; alignment=&#8221;center&#8221; css=&#8221;&#8221;][\/vc_column][vc_column width=&#8221;2\/3&#8243;][vc_column_text css=&#8221;&#8221;]<\/p>\n<h3>Eintritt in die Erlebnisausstellung<\/h3>\n<p style=\"background: #F0F3F3; vertical-align: baseline; margin: 0cm 0cm 7.5pt 0cm;\"><span style=\"font-size: 13.0pt; font-family: 'Lato',serif; color: #5c5c5c;\">Natur, Energie und Wasser sind die Leitthemen des Hauses am Strom. Das erkennt man schon an der Architektur des Hauses, welche einer Donauwelle gleicht. <\/span><\/p>\n<p style=\"background: #F0F3F3; vertical-align: baseline; margin: 0cm 0cm 7.5pt 0cm;\"><span style=\"font-size: 13.0pt; font-family: 'Lato',serif; color: #5c5c5c;\">Lernen Sie spielerisch die Artenvielfalt in den Donauleiten kennen, beobachten Sie eine Smaragdeidechse und erzeugen Sie Ihren eigenen Strom!<\/span><\/p>\n<p>[\/vc_column_text][vc_btn title=&#8221;\u00d6ffnungszeiten\/Preise&#8221; color=&#8221;sky&#8221; size=&#8221;lg&#8221; css=&#8221;&#8221; link=&#8221;url:https%3A%2F%2Fwww.hausamstrom.de%2Fde%2Fservice%2Fpreise%2F|title:%C3%96ffnungszeiten%20und%20Preise&#8221;][\/vc_column][\/vc_row][vc_row][vc_column]<div id=\"1560012877081-84f6fca4-ff18\" class=\"dt-sc-empty-space\"><\/div>[vc_separator]<div id=\"1560012882269-3f185820-febe\" class=\"dt-sc-empty-space\"><\/div>[\/vc_column][\/vc_row][vc_row][vc_column width=&#8221;1\/3&#8243;][vc_single_image image=&#8221;12733&#8243; img_size=&#8221;medium&#8221; alignment=&#8221;center&#8221; css=&#8221;&#8221;][\/vc_column][vc_column width=&#8221;2\/3&#8243;][vc_column_text css=&#8221;&#8221;]<\/p>\n<h3>F\u00fchrung durch die Ausstellung<\/h3>\n<p style=\"background: #F0F3F3; vertical-align: baseline; margin: 0cm 0cm 7.5pt 0cm;\"><span style=\"font-size: 13.0pt; font-family: 'Lato',serif; color: #5c5c5c;\">Natur, Energie und Wasser sind die Leitthemen des Hauses am Strom. Das erkennt man schon an der Architektur des Hauses, die einer Donauwelle gleicht. <\/span><\/p>\n<p style=\"background: #F0F3F3; vertical-align: baseline; margin: 0cm 0cm 7.5pt 0cm;\"><span style=\"font-size: 13.0pt; font-family: 'Lato',serif; color: #5c5c5c;\">Lernen Sie spielerisch die Artenvielfalt in den Donauleiten kennen, beobachten Sie eine Smaragdeidechse und erzeugen Sie Ihren eigenen Strom! <\/span><\/p>\n<p style=\"background: #F0F3F3; vertical-align: baseline; margin: 0cm 0cm 7.5pt 0cm;\"><span style=\"font-size: 13.0pt; font-family: 'Lato',serif; color: #5c5c5c;\">Lassen Sie sich unsere Highlights durch eine fachkundige F\u00fchrung n\u00e4herbringen.\u00a0<\/span><\/p>\n<p>[\/vc_column_text][\/vc_column][\/vc_row][vc_row][vc_column]<div id=\"1560012891698-10b70138-7c45\" class=\"dt-sc-empty-space\"><\/div>[vc_separator]<div id=\"1560012891733-f9a77e16-bdaf\" class=\"dt-sc-empty-space\"><\/div>[\/vc_column][\/vc_row][vc_row][vc_column width=&#8221;1\/3&#8243;][vc_single_image image=&#8221;11804&#8243; img_size=&#8221;medium&#8221; alignment=&#8221;center&#8221;][\/vc_column][vc_column width=&#8221;2\/3&#8243;][vc_column_text css=&#8221;&#8221;]<\/p>\n<h3>F\u00fchrung durch das Naturschutzgebiet<\/h3>\n<p>Das Naturschutzgebiet Donauleiten ist eine der eindrucksvollsten und spannendsten Landschaften Mitteleuropas. Mit seiner Vielzahl an naturnahen Lebensr\u00e4umen, seinem einmaligen Bestand seltener Tier- und Pflanzenarten und der besonderen Geschichte ist diese F\u00fchrung zu jeder Jahreszeit ein faszinierendes Erlebnis. Ob Flussperlmuschel oder Feuersalamander, es gibt garantiert immer etwas zu sehen![\/vc_column_text][\/vc_column][\/vc_row][vc_row][vc_column]<div id=\"1560012965738-0f0b544a-6c14\" class=\"dt-sc-empty-space\"><\/div>[vc_separator]<div id=\"1560012965778-3b9ecb5e-581f\" class=\"dt-sc-empty-space\"><\/div>[\/vc_column][\/vc_row][vc_row][vc_column width=&#8221;1\/3&#8243;][vc_single_image image=&#8221;1606&#8243; img_size=&#8221;medium&#8221; alignment=&#8221;center&#8221;][\/vc_column][vc_column width=&#8221;2\/3&#8243;][vc_column_text css=&#8221;&#8221;]<\/p>\n<h3>Wasserkraft live im Kraftwerk Jochenstein \u2013 F\u00fchrung durch das Kraftwerk<\/h3>\n<p style=\"background: #F0F3F3; vertical-align: baseline; margin: 0cm 0cm 7.5pt 0cm;\"><span style=\"font-size: 13.0pt; font-family: 'Lato',serif; color: #5c5c5c;\">Das Grenzkraftwerk Jochenstein verbindet Ober\u00f6sterreich und Bayern und ist das gr\u00f6\u00dfte Laufkraftwerk Deutschlands. Mitarbeiter der\u00a0 Kraftwerksanlagen erkl\u00e4ren Stromerzeugung, Technik und Schaltwarte, Schleuse und Maschinenhalle. <\/span><\/p>\n<p style=\"background: #F0F3F3; vertical-align: baseline; margin: 0cm 0cm 7.5pt 0cm;\"><span style=\"font-size: 13.0pt; font-family: 'Lato',serif; color: #5c5c5c;\">Bitte beachten Sie, dass eine F\u00fchrung erst ab 25 Personen stattfinden kann.\u00a0<\/span><\/p>\n<p>[\/vc_column_text][\/vc_column][\/vc_row][vc_row][vc_column]<div id=\"1560013033938-f7b46b56-4537\" class=\"dt-sc-empty-space\"><\/div>[vc_separator]<div id=\"1560013033995-fd97a91a-7832\" class=\"dt-sc-empty-space\"><\/div>[\/vc_column][\/vc_row][vc_row][vc_column width=&#8221;1\/3&#8243;][vc_single_image image=&#8221;7800&#8243; img_size=&#8221;medium&#8221; alignment=&#8221;center&#8221;][\/vc_column][vc_column width=&#8221;2\/3&#8243;][vc_column_text css=&#8221;&#8221;]<\/p>\n<h3>Veranstaltungen f\u00fcr Menschen mit Behinderung<\/h3>\n<p style=\"background: #F0F3F3; vertical-align: baseline; margin: 0cm 0cm 7.5pt 0cm;\"><span style=\"font-size: 13.0pt; font-family: 'Lato',serif; color: #5c5c5c;\">Das Haus am Strom widmet sich im Besonderen der Integration von Menschen mit Behinderung. Daher sind viele Angebote auf Menschen mit Behinderung abgestimmt oder in modifizierter Form geeignet. Gerne erstellen wir Ihnen ein Angebot nach Absprache.\u00a0<\/span><\/p>\n<p>[\/vc_column_text][\/vc_column][\/vc_row]<\/p>\n<\/div>","protected":false},"excerpt":{"rendered":"<p>[vc_row][vc_column width=&#8221;1\/3&#8243;][vc_single_image image=&#8221;12802&#8243; img_size=&#8221;medium&#8221; alignment=&#8221;center&#8221; css=&#8221;&#8221;][\/vc_column][vc_column width=&#8221;2\/3&#8243;][vc_column_text css=&#8221;&#8221;] Eintritt in die Erlebnisausstellung Natur, Energie und Wasser sind die Leitthemen des Hauses am Strom. Das erkennt man schon an der Architektur des Hauses, welche einer Donauwelle gleicht. Lernen Sie spielerisch die Artenvielfalt in den Donauleiten kennen, beobachten Sie eine Smaragdeidechse und erzeugen Sie Ihren eigenen Strom! [&hellip;]<\/p>\n","protected":false},"author":1,"featured_media":0,"parent":361,"menu_order":0,"comment_status":"closed","ping_status":"closed","template":"","meta":{"footnotes":""},"class_list":["post-365","page","type-page","status-publish","hentry"],"yoast_head":"<!-- This site is optimized with the Yoast SEO plugin v27.4 - https:\/\/yoast.com\/product\/yoast-seo-wordpress\/ -->\n<title>Dauerbrenner - Haus am Strom<\/title>\n<meta name=\"robots\" content=\"index, follow, max-snippet:-1, max-image-preview:large, max-video-preview:-1\" \/>\n<link rel=\"canonical\" href=\"https:\/\/www.hausamstrom.de\/de\/programm\/buchbares\/dauerbrenner\/\" \/>\n<meta property=\"og:locale\" content=\"de_DE\" \/>\n<meta property=\"og:type\" content=\"article\" \/>\n<meta property=\"og:title\" content=\"Dauerbrenner - Haus am Strom\" \/>\n<meta property=\"og:description\" content=\"[vc_row][vc_column width=&#8221;1\/3&#8243;][vc_single_image image=&#8221;12802&#8243; img_size=&#8221;medium&#8221; alignment=&#8221;center&#8221; css=&#8221;&#8221;][\/vc_column][vc_column width=&#8221;2\/3&#8243;][vc_column_text css=&#8221;&#8221;] Eintritt in die Erlebnisausstellung Natur, Energie und Wasser sind die Leitthemen des Hauses am Strom. Das erkennt man schon an der Architektur des Hauses, welche einer Donauwelle gleicht. Lernen Sie spielerisch die Artenvielfalt in den Donauleiten kennen, beobachten Sie eine Smaragdeidechse und erzeugen Sie Ihren eigenen Strom! [&hellip;]\" \/>\n<meta property=\"og:url\" content=\"https:\/\/www.hausamstrom.de\/de\/programm\/buchbares\/dauerbrenner\/\" \/>\n<meta property=\"og:site_name\" content=\"Haus am Strom\" \/>\n<meta property=\"article:publisher\" content=\"https:\/\/www.facebook.com\/hausamstrom\" \/>\n<meta property=\"article:modified_time\" content=\"2026-01-07T08:17:47+00:00\" \/>\n<meta name=\"twitter:card\" content=\"summary_large_image\" \/>\n<meta name=\"twitter:label1\" content=\"Gesch\u00e4tzte Lesezeit\" \/>\n\t<meta name=\"twitter:data1\" content=\"3\u00a0Minuten\" \/>\n<script type=\"application\/ld+json\" class=\"yoast-schema-graph\">{\"@context\":\"https:\\\/\\\/schema.org\",\"@graph\":[{\"@type\":\"WebPage\",\"@id\":\"https:\\\/\\\/www.hausamstrom.de\\\/de\\\/programm\\\/buchbares\\\/dauerbrenner\\\/\",\"url\":\"https:\\\/\\\/www.hausamstrom.de\\\/de\\\/programm\\\/buchbares\\\/dauerbrenner\\\/\",\"name\":\"Dauerbrenner - Haus am Strom\",\"isPartOf\":{\"@id\":\"https:\\\/\\\/www.hausamstrom.de\\\/de\\\/#website\"},\"datePublished\":\"2016-03-01T13:30:27+00:00\",\"dateModified\":\"2026-01-07T08:17:47+00:00\",\"breadcrumb\":{\"@id\":\"https:\\\/\\\/www.hausamstrom.de\\\/de\\\/programm\\\/buchbares\\\/dauerbrenner\\\/#breadcrumb\"},\"inLanguage\":\"de\",\"potentialAction\":[{\"@type\":\"ReadAction\",\"target\":[\"https:\\\/\\\/www.hausamstrom.de\\\/de\\\/programm\\\/buchbares\\\/dauerbrenner\\\/\"]}]},{\"@type\":\"BreadcrumbList\",\"@id\":\"https:\\\/\\\/www.hausamstrom.de\\\/de\\\/programm\\\/buchbares\\\/dauerbrenner\\\/#breadcrumb\",\"itemListElement\":[{\"@type\":\"ListItem\",\"position\":1,\"name\":\"Home\",\"item\":\"https:\\\/\\\/www.hausamstrom.de\\\/de\\\/\"},{\"@type\":\"ListItem\",\"position\":2,\"name\":\"Programm\",\"item\":\"https:\\\/\\\/www.hausamstrom.de\\\/de\\\/programm\\\/\"},{\"@type\":\"ListItem\",\"position\":3,\"name\":\"Buchbares\",\"item\":\"https:\\\/\\\/www.hausamstrom.de\\\/de\\\/programm\\\/buchbares\\\/\"},{\"@type\":\"ListItem\",\"position\":4,\"name\":\"Dauerbrenner\"}]},{\"@type\":\"WebSite\",\"@id\":\"https:\\\/\\\/www.hausamstrom.de\\\/de\\\/#website\",\"url\":\"https:\\\/\\\/www.hausamstrom.de\\\/de\\\/\",\"name\":\"Haus am Strom\",\"description\":\"Umweltbildungsstation im Passauer Donautal. Umweltbildung und Naturschutz f\u00fcr Kinder und Erwachsenen.\",\"publisher\":{\"@id\":\"https:\\\/\\\/www.hausamstrom.de\\\/de\\\/#organization\"},\"potentialAction\":[{\"@type\":\"SearchAction\",\"target\":{\"@type\":\"EntryPoint\",\"urlTemplate\":\"https:\\\/\\\/www.hausamstrom.de\\\/de\\\/?s={search_term_string}\"},\"query-input\":{\"@type\":\"PropertyValueSpecification\",\"valueRequired\":true,\"valueName\":\"search_term_string\"}}],\"inLanguage\":\"de\"},{\"@type\":\"Organization\",\"@id\":\"https:\\\/\\\/www.hausamstrom.de\\\/de\\\/#organization\",\"name\":\"Haus am Strom\",\"url\":\"https:\\\/\\\/www.hausamstrom.de\\\/de\\\/\",\"logo\":{\"@type\":\"ImageObject\",\"inLanguage\":\"de\",\"@id\":\"https:\\\/\\\/www.hausamstrom.de\\\/de\\\/#\\\/schema\\\/logo\\\/image\\\/\",\"url\":\"https:\\\/\\\/www.hausamstrom.de\\\/wp-content\\\/uploads\\\/2025\\\/06\\\/Logo-quadratisch-1024x1024.jpg\",\"contentUrl\":\"https:\\\/\\\/www.hausamstrom.de\\\/wp-content\\\/uploads\\\/2025\\\/06\\\/Logo-quadratisch-1024x1024.jpg\",\"width\":1024,\"height\":1024,\"caption\":\"Haus am Strom\"},\"image\":{\"@id\":\"https:\\\/\\\/www.hausamstrom.de\\\/de\\\/#\\\/schema\\\/logo\\\/image\\\/\"},\"sameAs\":[\"https:\\\/\\\/www.facebook.com\\\/hausamstrom\",\"https:\\\/\\\/www.instagram.com\\\/\"]}]}<\/script>\n<!-- \/ Yoast SEO plugin. -->","yoast_head_json":{"title":"Dauerbrenner - Haus am Strom","robots":{"index":"index","follow":"follow","max-snippet":"max-snippet:-1","max-image-preview":"max-image-preview:large","max-video-preview":"max-video-preview:-1"},"canonical":"https:\/\/www.hausamstrom.de\/de\/programm\/buchbares\/dauerbrenner\/","og_locale":"de_DE","og_type":"article","og_title":"Dauerbrenner - Haus am Strom","og_description":"[vc_row][vc_column width=&#8221;1\/3&#8243;][vc_single_image image=&#8221;12802&#8243; img_size=&#8221;medium&#8221; alignment=&#8221;center&#8221; css=&#8221;&#8221;][\/vc_column][vc_column width=&#8221;2\/3&#8243;][vc_column_text css=&#8221;&#8221;] Eintritt in die Erlebnisausstellung Natur, Energie und Wasser sind die Leitthemen des Hauses am Strom. Das erkennt man schon an der Architektur des Hauses, welche einer Donauwelle gleicht. Lernen Sie spielerisch die Artenvielfalt in den Donauleiten kennen, beobachten Sie eine Smaragdeidechse und erzeugen Sie Ihren eigenen Strom! [&hellip;]","og_url":"https:\/\/www.hausamstrom.de\/de\/programm\/buchbares\/dauerbrenner\/","og_site_name":"Haus am Strom","article_publisher":"https:\/\/www.facebook.com\/hausamstrom","article_modified_time":"2026-01-07T08:17:47+00:00","twitter_card":"summary_large_image","twitter_misc":{"Gesch\u00e4tzte Lesezeit":"3\u00a0Minuten"},"schema":{"@context":"https:\/\/schema.org","@graph":[{"@type":"WebPage","@id":"https:\/\/www.hausamstrom.de\/de\/programm\/buchbares\/dauerbrenner\/","url":"https:\/\/www.hausamstrom.de\/de\/programm\/buchbares\/dauerbrenner\/","name":"Dauerbrenner - Haus am Strom","isPartOf":{"@id":"https:\/\/www.hausamstrom.de\/de\/#website"},"datePublished":"2016-03-01T13:30:27+00:00","dateModified":"2026-01-07T08:17:47+00:00","breadcrumb":{"@id":"https:\/\/www.hausamstrom.de\/de\/programm\/buchbares\/dauerbrenner\/#breadcrumb"},"inLanguage":"de","potentialAction":[{"@type":"ReadAction","target":["https:\/\/www.hausamstrom.de\/de\/programm\/buchbares\/dauerbrenner\/"]}]},{"@type":"BreadcrumbList","@id":"https:\/\/www.hausamstrom.de\/de\/programm\/buchbares\/dauerbrenner\/#breadcrumb","itemListElement":[{"@type":"ListItem","position":1,"name":"Home","item":"https:\/\/www.hausamstrom.de\/de\/"},{"@type":"ListItem","position":2,"name":"Programm","item":"https:\/\/www.hausamstrom.de\/de\/programm\/"},{"@type":"ListItem","position":3,"name":"Buchbares","item":"https:\/\/www.hausamstrom.de\/de\/programm\/buchbares\/"},{"@type":"ListItem","position":4,"name":"Dauerbrenner"}]},{"@type":"WebSite","@id":"https:\/\/www.hausamstrom.de\/de\/#website","url":"https:\/\/www.hausamstrom.de\/de\/","name":"Haus am Strom","description":"Umweltbildungsstation im Passauer Donautal. Umweltbildung und Naturschutz f\u00fcr Kinder und Erwachsenen.","publisher":{"@id":"https:\/\/www.hausamstrom.de\/de\/#organization"},"potentialAction":[{"@type":"SearchAction","target":{"@type":"EntryPoint","urlTemplate":"https:\/\/www.hausamstrom.de\/de\/?s={search_term_string}"},"query-input":{"@type":"PropertyValueSpecification","valueRequired":true,"valueName":"search_term_string"}}],"inLanguage":"de"},{"@type":"Organization","@id":"https:\/\/www.hausamstrom.de\/de\/#organization","name":"Haus am Strom","url":"https:\/\/www.hausamstrom.de\/de\/","logo":{"@type":"ImageObject","inLanguage":"de","@id":"https:\/\/www.hausamstrom.de\/de\/#\/schema\/logo\/image\/","url":"https:\/\/www.hausamstrom.de\/wp-content\/uploads\/2025\/06\/Logo-quadratisch-1024x1024.jpg","contentUrl":"https:\/\/www.hausamstrom.de\/wp-content\/uploads\/2025\/06\/Logo-quadratisch-1024x1024.jpg","width":1024,"height":1024,"caption":"Haus am Strom"},"image":{"@id":"https:\/\/www.hausamstrom.de\/de\/#\/schema\/logo\/image\/"},"sameAs":["https:\/\/www.facebook.com\/hausamstrom","https:\/\/www.instagram.com\/"]}]}},"_links":{"self":[{"href":"https:\/\/www.hausamstrom.de\/de\/wp-json\/wp\/v2\/pages\/365","targetHints":{"allow":["GET"]}}],"collection":[{"href":"https:\/\/www.hausamstrom.de\/de\/wp-json\/wp\/v2\/pages"}],"about":[{"href":"https:\/\/www.hausamstrom.de\/de\/wp-json\/wp\/v2\/types\/page"}],"author":[{"embeddable":true,"href":"https:\/\/www.hausamstrom.de\/de\/wp-json\/wp\/v2\/users\/1"}],"replies":[{"embeddable":true,"href":"https:\/\/www.hausamstrom.de\/de\/wp-json\/wp\/v2\/comments?post=365"}],"version-history":[{"count":10,"href":"https:\/\/www.hausamstrom.de\/de\/wp-json\/wp\/v2\/pages\/365\/revisions"}],"predecessor-version":[{"id":13862,"href":"https:\/\/www.hausamstrom.de\/de\/wp-json\/wp\/v2\/pages\/365\/revisions\/13862"}],"up":[{"embeddable":true,"href":"https:\/\/www.hausamstrom.de\/de\/wp-json\/wp\/v2\/pages\/361"}],"wp:attachment":[{"href":"https:\/\/www.hausamstrom.de\/de\/wp-json\/wp\/v2\/media?parent=365"}],"curies":[{"name":"wp","href":"https:\/\/api.w.org\/{rel}","templated":true}]}}