{"id":367,"date":"2016-03-01T14:32:03","date_gmt":"2016-03-01T13:32:03","guid":{"rendered":"http:\/\/hosting6807.af944.netcup.net\/?page_id=367"},"modified":"2025-10-28T10:08:25","modified_gmt":"2025-10-28T09:08:25","slug":"schulen","status":"publish","type":"page","link":"https:\/\/www.hausamstrom.de\/de\/programm\/buchbares\/schulen\/","title":{"rendered":"Schulen"},"content":{"rendered":"<div class=\"wpb-content-wrapper\"><p>[vc_row content_placement=\u201dmiddle\u201d][vc_column width=\u201d1\/3\u2033][vc_single_image image=\u201d1889\u2033 img_size=\u201dmedium\u201d alignment=\u201dcenter\u201d css=\u201d.vc_custom_1733391638069{border-radius: 1px !important;}\u201d][\/vc_column][vc_column width=\u201d2\/3\u2033][vc_column_text]<\/p>\n<h3>Bildungsangebote \u2013\u00a0Seminare, Projekttage, Fortbildungen und andere Themen auf Nachfrage<\/h3>\n<p>[\/vc_column_text][vc_column_text css=\u201d\u201d]Sie sind an Seminaren, Projekttagen oder Fortbildungen interessiert? Oder Sie finden Ihr Wunschthema in unserem Angebot nicht? Dann fragen Sie uns, vielleicht haben wir schon ein fertiges Konzept in der Schublade.[\/vc_column_text][\/vc_column][\/vc_row][vc_row][vc_column]<div id=\"1560012882269-3f185820-febe\" class=\"dt-sc-empty-space\"><\/div>[vc_row_inner][vc_column_inner][\/vc_column_inner][\/vc_row_inner][\/vc_column][\/vc_row][vc_row content_placement=\u201dmiddle\u201d][vc_column width=\u201d1\/3\u2033][vc_single_image image=\u201d1560\u2033 img_size=\u201dmedium\u201d alignment=\u201dcenter\u201d css=\u201d.vc_custom_1733391657701{border-radius: 1px !important;}\u201d][\/vc_column][vc_column width=\u201d2\/3\u2033][vc_column_text]<\/p>\n<h3>Donautalrallye \u2013 Rallye durch die Ausstellung<\/h3>\n<p>[\/vc_column_text][vc_column_text css=\u201d\u201d]Nach einer kurzen, kindgerechten F\u00fchrung durch die Erlebnisausstellung erarbeiten sich die Kinder selber anhand von Fragen diese Inhalte: Natur, Wasser, Geologie, Energie und Mensch im Donautal. Die Rallye ist f\u00fcr unterschiedliche Altersgruppen ausgearbeitet und besonders geeignet bei schlechtem Wetter![\/vc_column_text][vc_btn title=\u201dWeiterlesen\u201d color=\u201dprimary\u201d css=\u201d\u201d link=\u201durl:https%3A%2F%2Fwww.hausamstrom.de%2Fde%2Fprogramm%2Fbuchbares%2Fschulen%2Fdonautalrallye-rallye-durch-die-ausstellung%2F|title:Weiterlesen\u201d][\/vc_column][\/vc_row][vc_row][vc_column]<div id=\"1560012891733-f9a77e16-bdaf\" class=\"dt-sc-empty-space\"><\/div>[vc_row_inner][vc_column_inner][\/vc_column_inner][\/vc_row_inner][\/vc_column][\/vc_row][vc_row content_placement=\u201dmiddle\u201d][vc_column width=\u201d1\/3\u2033][vc_single_image image=\u201d3683\u2033 img_size=\u201dmedium\u201d alignment=\u201dcenter\u201d][\/vc_column][vc_column width=\u201d2\/3\u2033][vc_column_text]<\/p>\n<h3>3 Sch\u00e4tze \u2013 Rallye durch die Ausstellung<\/h3>\n<p>[\/vc_column_text][vc_column_text css=\u201d\u201d]Die 3 Sch\u00e4tze im Passauer Land bestehen aus der Umweltstation Haus am Strom mit dem Wasserkraftwerk Jochenstein, dem Granitzentrum Hauzenberg und dem Graphit Besucherbergwerk Kropfm\u00fchl. In allen 3 Einrichtungen kann eine Rallye durch die Ausstellung gemacht werden.[\/vc_column_text][vc_btn title=\u201dWeiterlesen\u201d color=\u201dprimary\u201d css=\u201d\u201d link=\u201durl:https%3A%2F%2Fhausamstrom.de%2Fprogramm%2Fbuchbares%2Fschulen%2F3-schaetze-eine-ralley-durch-die-ausstellung|title:Weiterlesen\u201d][\/vc_column][\/vc_row][vc_row][vc_column]<div id=\"1560012965778-3b9ecb5e-581f\" class=\"dt-sc-empty-space\"><\/div>[vc_row_inner][vc_column_inner][\/vc_column_inner][\/vc_row_inner][\/vc_column][\/vc_row][vc_row content_placement=\u201dmiddle\u201d][vc_column width=\u201d1\/3\u2033][vc_single_image image=\u201d8040\u2033 img_size=\u201dmedium\u201d alignment=\u201dcenter\u201d][\/vc_column][vc_column width=\u201d2\/3\u2033][vc_column_text]<\/p>\n<h3>Wasserstationen \u2013\u00a0Wasser,\u00a0ein\u00a0lebendiges Element kennen lernen<\/h3>\n<p>[\/vc_column_text][vc_column_text css=\u201d\u201d]Im Haus am Strom dreht sich alles um das Thema Wasser.\u00a0 Speziell f\u00fcr den Unterricht bieten die interaktiven Stationen die M\u00f6glichkeit, Wasser einmal hautnah zu erleben.[\/vc_column_text][vc_btn title=\u201dWeiterlesen\u201d color=\u201dprimary\u201d css=\u201d\u201d link=\u201durl:https%3A%2F%2Fwww.hausamstrom.de%2Fde%2Fprogramm%2Fbuchbares%2Fschulen%2Fwasserstationen-wasser-schmecken-fuehlen-und-erkunden%2F|title:Weiterlesen\u201d][\/vc_column][\/vc_row][vc_row][vc_column]<div id=\"1560013033995-fd97a91a-7832\" class=\"dt-sc-empty-space\"><\/div>[vc_row_inner][vc_column_inner][\/vc_column_inner][\/vc_row_inner][\/vc_column][\/vc_row][vc_row content_placement=\u201dmiddle\u201d][vc_column width=\u201d1\/3\u2033][vc_single_image image=\u201d7280\u2033 img_size=\u201dmedium\u201d alignment=\u201dcenter\u201d][\/vc_column][vc_column width=\u201d2\/3\u2033][vc_column_text]<\/p>\n<h3>Lebenswelt Wiese<\/h3>\n<p>[\/vc_column_text][vc_column_text css=\u201d\u201d]Die Kinder entdecken das bunte Leben auf der Wiese und gehen auf Forschungsreise. Die verschiedenen Farben und Formen der Pflanzen lassen uns staunen, und vielerlei Krabbeltiere lassen sich in der Becherlupe betrachten.[\/vc_column_text][vc_btn title=\u201dWeiterlesen\u201d color=\u201dprimary\u201d css=\u201d\u201d link=\u201durl:https%3A%2F%2Fhausamstrom.de%2Fprogramm%2Fbuchbares%2Fschulen%2Flebenswelt-wiese|title:Weiterlesen\u201d][\/vc_column][\/vc_row][vc_row][vc_column]<div id=\"1560090485943-784e2879-a32c\" class=\"dt-sc-empty-space\"><\/div>[vc_row_inner][vc_column_inner][\/vc_column_inner][\/vc_row_inner][\/vc_column][\/vc_row][vc_row content_placement=\u201dmiddle\u201d][vc_column width=\u201d1\/3\u2033][vc_single_image image=\u201d1894\u2033 img_size=\u201dmedium\u201d alignment=\u201dcenter\u201d][\/vc_column][vc_column width=\u201d2\/3\u2033][vc_column_text]<\/p>\n<h3>Lebensgrundlage Boden<\/h3>\n<p>[\/vc_column_text][vc_column_text css=\u201d\u201d]Boden ist Lebensgrundlage f\u00fcr uns Menschen, \u00d6kosystem und Lebensraum f\u00fcr viele Tiere, Pflanzen und Mikroorganismen. Und doch ist er f\u00fcr die meisten eine vollkommen unbekannte Welt. Die Teilnehmer bekommen einen Einblick in den Lebensraum Boden mit seinen Strukturen, Prozessen und Organismen.[\/vc_column_text][vc_btn title=\u201dWeiterlesen\u201d color=\u201dprimary\u201d css=\u201d\u201d link=\u201durl:https%3A%2F%2Fhausamstrom.de%2Fprogramm%2Fbuchbares%2Fschulen%2Flebensgrundlage-boden%2F|title:Weiterlesen\u201d][\/vc_column][\/vc_row][vc_row][vc_column]<div id=\"1560090546404-a123b3bf-4f09\" class=\"dt-sc-empty-space\"><\/div>[vc_row_inner][vc_column_inner][\/vc_column_inner][\/vc_row_inner][\/vc_column][\/vc_row][vc_row content_placement=\u201dmiddle\u201d][vc_column width=\u201d1\/3\u2033][vc_single_image image=\u201d11828\u2033 img_size=\u201dmedium\u201d alignment=\u201dcenter\u201d css=\u201d\u201d][\/vc_column][vc_column width=\u201d2\/3\u2033][vc_column_text]<\/p>\n<h3>Finde deinen Weg \u2013 GPS<\/h3>\n<p>[\/vc_column_text][vc_column_text css=\u201d\u201d]Dieses Programm ist eine Mischung aus moderner Schnitzeljagd und Schatzsuche. Mittels Satellitennavigation begeben sich die Teilnehmer auf Entdeckungstour durch die Donauleiten und das Donautal.[\/vc_column_text][vc_btn title=\u201dWeiterlesen\u201d color=\u201dprimary\u201d css=\u201d\u201d link=\u201durl:https%3A%2F%2Fhausamstrom.de%2Fprogramm%2Fbuchbares%2Fschulen%2Fgps-programm|title:Weiterlesen\u201d][\/vc_column][\/vc_row][vc_row][vc_column]<div id=\"1733310212687-7e293106-a29c\" class=\"dt-sc-empty-space\"><\/div>[vc_row_inner][vc_column_inner][\/vc_column_inner][\/vc_row_inner][\/vc_column][\/vc_row][vc_row content_placement=\u201dmiddle\u201d][vc_column width=\u201d1\/3\u2033][vc_separator][vc_single_image image=\u201d13008\u2033 img_size=\u201dmedium\u201d alignment=\u201dcenter\u201d css=\u201d\u201d][\/vc_column][vc_column width=\u201d2\/3\u2033][vc_column_text css=\u201d\u201d]<\/p>\n<h3><\/h3>\n<h3><\/h3>\n<h3><\/h3>\n<h3>Klima Escape Box \u2013 Wege aus der Klimakrise<\/h3>\n<p>[\/vc_column_text][vc_column_text css=\u201d\u201d]Beim kreativen Spielerlebnis mit der Escape Box suchen die Teilnehmer zusammen mit viel Spa\u00df Wege aus der Klimakrise.[\/vc_column_text][vc_btn title=\u201dWeiterlesen\u201d color=\u201dprimary\u201d css=\u201d\u201d link=\u201durl:https%3A%2F%2Fwww.hausamstrom.de%2Fde%2Fprogramm-buchbares-schulen-klima-escape-box%2F|title:Weiterlesen\u201d][\/vc_column][\/vc_row][vc_row][vc_column]<div id=\"1560090753250-a7340667-8f6e\" class=\"dt-sc-empty-space\"><\/div>[vc_row_inner][vc_column_inner][\/vc_column_inner][\/vc_row_inner][\/vc_column][\/vc_row][vc_row content_placement=\u201dmiddle\u201d][vc_column width=\u201d1\/3\u2033][vc_single_image image=\u201d12173\u2033 img_size=\u201dmedium\u201d alignment=\u201dcenter\u201d][\/vc_column][vc_column width=\u201d2\/3\u2033][vc_column_text]<\/p>\n<h3>Energieprogramm<\/h3>\n<p>[\/vc_column_text][vc_column_text css=\u201d\u201d]Ein fachlich-spielerisches Programm zum Thema Energie.[\/vc_column_text][vc_btn title=\u201dWeiterlesen\u201d color=\u201dprimary\u201d css=\u201d\u201d link=\u201durl:https%3A%2F%2Fhausamstrom.de%2Fprogramm%2Fbuchbares%2Fschulen%2Fkraft-in-der-natur-energieerzeugung-aus-der-natur-erleben|title:Weiterlesen\u201d][\/vc_column][\/vc_row][vc_row][vc_column]<div id=\"1733310278992-f387fd70-6b3e\" class=\"dt-sc-empty-space\"><\/div>[vc_row_inner][vc_column_inner][\/vc_column_inner][\/vc_row_inner][\/vc_column][\/vc_row][vc_row content_placement=\u201dmiddle\u201d][vc_column width=\u201d1\/3\u2033][vc_single_image image=\u201d8059\u2033 img_size=\u201dmedium\u201d alignment=\u201dcenter\u201d][\/vc_column][vc_column width=\u201d2\/3\u2033][vc_column_text]<\/p>\n<h3>Lebensraum Burg<\/h3>\n<p>[\/vc_column_text][vc_column_text css=\u201d\u201d]Als Forscherteam begeben wir uns auf \u201eZeitreise in die Vergangenheit\u201c und erkunden Burggr\u00e4ben und Schanzen auf der Suche nach besonderen Pflanzen.[\/vc_column_text][vc_btn title=\u201dWeiterlesen\u201d color=\u201dprimary\u201d css=\u201d\u201d link=\u201durl:https%3A%2F%2Fhausamstrom.de%2Fprogramm%2Fbuchbares%2Fschulen%2Fzauberkraut-und-kleine-drachen|title:Weiterlesen\u201d][\/vc_column][\/vc_row][vc_row][vc_column]<div id=\"1560090827393-784c1a54-461c\" class=\"dt-sc-empty-space\"><\/div>[vc_row_inner][vc_column_inner][\/vc_column_inner][\/vc_row_inner][\/vc_column][\/vc_row][vc_row content_placement=\u201dmiddle\u201d][vc_column width=\u201d1\/3\u2033][vc_single_image image=\u201d276\u2033 img_size=\u201dmedium\u201d alignment=\u201dcenter\u201d][\/vc_column][vc_column width=\u201d2\/3\u2033][vc_column_text]<\/p>\n<h3>\u00a0Expedition Ilz<\/h3>\n<p>[\/vc_column_text][vc_column_text css=\u201d\u201d]Wir erkunden den alten Trifttunnel und machen unerwartete Entdeckungen in Wasser und Boden.[\/vc_column_text][vc_btn title=\u201dWeiterlesen\u201d color=\u201dprimary\u201d css=\u201d\u201d link=\u201durl:https%3A%2F%2Fhausamstrom.de%2Fprogramm%2Fbuchbares%2Fschulen%2FExpedition-ilz|title:Weiterlesen\u201d][\/vc_column][\/vc_row][vc_row][vc_column]<div id=\"1733310310426-5b36e6e4-ca96\" class=\"dt-sc-empty-space\"><\/div>[\/vc_column][\/vc_row]<\/p>\n<\/div>","protected":false},"excerpt":{"rendered":"<p>[vc_row content_placement=\u201dmiddle\u201d][vc_column width=\u201d1\/3\u2033][vc_single_image image=\u201d1889\u2033 img_size=\u201dmedium\u201d alignment=\u201dcenter\u201d css=\u201d.vc_custom_1733391638069{border-radius: 1px !important;}\u201d][\/vc_column][vc_column width=\u201d2\/3\u2033][vc_column_text] Bildungsangebote \u2013\u00a0Seminare, Projekttage, Fortbildungen und andere Themen auf Nachfrage [\/vc_column_text][vc_column_text css=\u201d\u201d]Sie sind an Seminaren, Projekttagen oder Fortbildungen interessiert? Oder Sie finden Ihr Wunschthema in unserem Angebot nicht? Dann fragen Sie uns, vielleicht haben wir schon ein fertiges Konzept in der Schublade.[\/vc_column_text][\/vc_column][\/vc_row][vc_row][vc_column][vc_row_inner][vc_column_inner][\/vc_column_inner][\/vc_row_inner][\/vc_column][\/vc_row][vc_row content_placement=\u201dmiddle\u201d][vc_column width=\u201d1\/3\u2033][vc_single_image image=\u201d1560\u2033 img_size=\u201dmedium\u201d [&hellip;]<\/p>\n","protected":false},"author":1,"featured_media":0,"parent":361,"menu_order":1,"comment_status":"closed","ping_status":"closed","template":"","meta":{"footnotes":""},"class_list":["post-367","page","type-page","status-publish","hentry"],"yoast_head":"<!-- This site is optimized with the Yoast SEO plugin v27.5 - https:\/\/yoast.com\/product\/yoast-seo-wordpress\/ -->\n<title>Schulen - Haus am Strom<\/title>\n<meta name=\"robots\" content=\"index, follow, max-snippet:-1, max-image-preview:large, max-video-preview:-1\" \/>\n<link rel=\"canonical\" href=\"https:\/\/www.hausamstrom.de\/de\/programm\/buchbares\/schulen\/\" \/>\n<meta property=\"og:locale\" content=\"de_DE\" \/>\n<meta property=\"og:type\" content=\"article\" \/>\n<meta property=\"og:title\" content=\"Schulen - Haus am Strom\" \/>\n<meta property=\"og:description\" content=\"[vc_row content_placement=\u201dmiddle\u201d][vc_column width=\u201d1\/3\u2033][vc_single_image image=\u201d1889\u2033 img_size=\u201dmedium\u201d alignment=\u201dcenter\u201d css=\u201d.vc_custom_1733391638069{border-radius: 1px !important;}\u201d][\/vc_column][vc_column width=\u201d2\/3\u2033][vc_column_text] Bildungsangebote \u2013\u00a0Seminare, Projekttage, Fortbildungen und andere Themen auf Nachfrage [\/vc_column_text][vc_column_text css=\u201d\u201d]Sie sind an Seminaren, Projekttagen oder Fortbildungen interessiert? Oder Sie finden Ihr Wunschthema in unserem Angebot nicht? Dann fragen Sie uns, vielleicht haben wir schon ein fertiges Konzept in der Schublade.[\/vc_column_text][\/vc_column][\/vc_row][vc_row][vc_column][vc_row_inner][vc_column_inner][\/vc_column_inner][\/vc_row_inner][\/vc_column][\/vc_row][vc_row content_placement=\u201dmiddle\u201d][vc_column width=\u201d1\/3\u2033][vc_single_image image=\u201d1560\u2033 img_size=\u201dmedium\u201d [&hellip;]\" \/>\n<meta property=\"og:url\" content=\"https:\/\/www.hausamstrom.de\/de\/programm\/buchbares\/schulen\/\" \/>\n<meta property=\"og:site_name\" content=\"Haus am Strom\" \/>\n<meta property=\"article:publisher\" content=\"https:\/\/www.facebook.com\/hausamstrom\" \/>\n<meta property=\"article:modified_time\" content=\"2025-10-28T09:08:25+00:00\" \/>\n<meta name=\"twitter:card\" content=\"summary_large_image\" \/>\n<meta name=\"twitter:label1\" content=\"Gesch\u00e4tzte Lesezeit\" \/>\n\t<meta name=\"twitter:data1\" content=\"6\u00a0Minuten\" \/>\n<script type=\"application\/ld+json\" class=\"yoast-schema-graph\">{\"@context\":\"https:\\\/\\\/schema.org\",\"@graph\":[{\"@type\":\"WebPage\",\"@id\":\"https:\\\/\\\/www.hausamstrom.de\\\/de\\\/programm\\\/buchbares\\\/schulen\\\/\",\"url\":\"https:\\\/\\\/www.hausamstrom.de\\\/de\\\/programm\\\/buchbares\\\/schulen\\\/\",\"name\":\"Schulen - Haus am Strom\",\"isPartOf\":{\"@id\":\"https:\\\/\\\/www.hausamstrom.de\\\/de\\\/#website\"},\"datePublished\":\"2016-03-01T13:32:03+00:00\",\"dateModified\":\"2025-10-28T09:08:25+00:00\",\"breadcrumb\":{\"@id\":\"https:\\\/\\\/www.hausamstrom.de\\\/de\\\/programm\\\/buchbares\\\/schulen\\\/#breadcrumb\"},\"inLanguage\":\"de\",\"potentialAction\":[{\"@type\":\"ReadAction\",\"target\":[\"https:\\\/\\\/www.hausamstrom.de\\\/de\\\/programm\\\/buchbares\\\/schulen\\\/\"]}]},{\"@type\":\"BreadcrumbList\",\"@id\":\"https:\\\/\\\/www.hausamstrom.de\\\/de\\\/programm\\\/buchbares\\\/schulen\\\/#breadcrumb\",\"itemListElement\":[{\"@type\":\"ListItem\",\"position\":1,\"name\":\"Home\",\"item\":\"https:\\\/\\\/www.hausamstrom.de\\\/de\\\/\"},{\"@type\":\"ListItem\",\"position\":2,\"name\":\"Programm\",\"item\":\"https:\\\/\\\/www.hausamstrom.de\\\/de\\\/programm\\\/\"},{\"@type\":\"ListItem\",\"position\":3,\"name\":\"Buchbares\",\"item\":\"https:\\\/\\\/www.hausamstrom.de\\\/de\\\/programm\\\/buchbares\\\/\"},{\"@type\":\"ListItem\",\"position\":4,\"name\":\"Schulen\"}]},{\"@type\":\"WebSite\",\"@id\":\"https:\\\/\\\/www.hausamstrom.de\\\/de\\\/#website\",\"url\":\"https:\\\/\\\/www.hausamstrom.de\\\/de\\\/\",\"name\":\"Haus am Strom\",\"description\":\"Umweltbildungsstation im Passauer Donautal. Umweltbildung und Naturschutz f\u00fcr Kinder und Erwachsenen.\",\"publisher\":{\"@id\":\"https:\\\/\\\/www.hausamstrom.de\\\/de\\\/#organization\"},\"potentialAction\":[{\"@type\":\"SearchAction\",\"target\":{\"@type\":\"EntryPoint\",\"urlTemplate\":\"https:\\\/\\\/www.hausamstrom.de\\\/de\\\/?s={search_term_string}\"},\"query-input\":{\"@type\":\"PropertyValueSpecification\",\"valueRequired\":true,\"valueName\":\"search_term_string\"}}],\"inLanguage\":\"de\"},{\"@type\":\"Organization\",\"@id\":\"https:\\\/\\\/www.hausamstrom.de\\\/de\\\/#organization\",\"name\":\"Haus am Strom\",\"url\":\"https:\\\/\\\/www.hausamstrom.de\\\/de\\\/\",\"logo\":{\"@type\":\"ImageObject\",\"inLanguage\":\"de\",\"@id\":\"https:\\\/\\\/www.hausamstrom.de\\\/de\\\/#\\\/schema\\\/logo\\\/image\\\/\",\"url\":\"https:\\\/\\\/www.hausamstrom.de\\\/wp-content\\\/uploads\\\/2025\\\/06\\\/Logo-quadratisch-1024x1024.jpg\",\"contentUrl\":\"https:\\\/\\\/www.hausamstrom.de\\\/wp-content\\\/uploads\\\/2025\\\/06\\\/Logo-quadratisch-1024x1024.jpg\",\"width\":1024,\"height\":1024,\"caption\":\"Haus am Strom\"},\"image\":{\"@id\":\"https:\\\/\\\/www.hausamstrom.de\\\/de\\\/#\\\/schema\\\/logo\\\/image\\\/\"},\"sameAs\":[\"https:\\\/\\\/www.facebook.com\\\/hausamstrom\",\"https:\\\/\\\/www.instagram.com\\\/\"]}]}<\/script>\n<!-- \/ Yoast SEO plugin. -->","yoast_head_json":{"title":"Schulen - Haus am Strom","robots":{"index":"index","follow":"follow","max-snippet":"max-snippet:-1","max-image-preview":"max-image-preview:large","max-video-preview":"max-video-preview:-1"},"canonical":"https:\/\/www.hausamstrom.de\/de\/programm\/buchbares\/schulen\/","og_locale":"de_DE","og_type":"article","og_title":"Schulen - Haus am Strom","og_description":"[vc_row content_placement=\u201dmiddle\u201d][vc_column width=\u201d1\/3\u2033][vc_single_image image=\u201d1889\u2033 img_size=\u201dmedium\u201d alignment=\u201dcenter\u201d css=\u201d.vc_custom_1733391638069{border-radius: 1px !important;}\u201d][\/vc_column][vc_column width=\u201d2\/3\u2033][vc_column_text] Bildungsangebote \u2013\u00a0Seminare, Projekttage, Fortbildungen und andere Themen auf Nachfrage [\/vc_column_text][vc_column_text css=\u201d\u201d]Sie sind an Seminaren, Projekttagen oder Fortbildungen interessiert? Oder Sie finden Ihr Wunschthema in unserem Angebot nicht? Dann fragen Sie uns, vielleicht haben wir schon ein fertiges Konzept in der Schublade.[\/vc_column_text][\/vc_column][\/vc_row][vc_row][vc_column][vc_row_inner][vc_column_inner][\/vc_column_inner][\/vc_row_inner][\/vc_column][\/vc_row][vc_row content_placement=\u201dmiddle\u201d][vc_column width=\u201d1\/3\u2033][vc_single_image image=\u201d1560\u2033 img_size=\u201dmedium\u201d [&hellip;]","og_url":"https:\/\/www.hausamstrom.de\/de\/programm\/buchbares\/schulen\/","og_site_name":"Haus am Strom","article_publisher":"https:\/\/www.facebook.com\/hausamstrom","article_modified_time":"2025-10-28T09:08:25+00:00","twitter_card":"summary_large_image","twitter_misc":{"Gesch\u00e4tzte Lesezeit":"6\u00a0Minuten"},"schema":{"@context":"https:\/\/schema.org","@graph":[{"@type":"WebPage","@id":"https:\/\/www.hausamstrom.de\/de\/programm\/buchbares\/schulen\/","url":"https:\/\/www.hausamstrom.de\/de\/programm\/buchbares\/schulen\/","name":"Schulen - Haus am Strom","isPartOf":{"@id":"https:\/\/www.hausamstrom.de\/de\/#website"},"datePublished":"2016-03-01T13:32:03+00:00","dateModified":"2025-10-28T09:08:25+00:00","breadcrumb":{"@id":"https:\/\/www.hausamstrom.de\/de\/programm\/buchbares\/schulen\/#breadcrumb"},"inLanguage":"de","potentialAction":[{"@type":"ReadAction","target":["https:\/\/www.hausamstrom.de\/de\/programm\/buchbares\/schulen\/"]}]},{"@type":"BreadcrumbList","@id":"https:\/\/www.hausamstrom.de\/de\/programm\/buchbares\/schulen\/#breadcrumb","itemListElement":[{"@type":"ListItem","position":1,"name":"Home","item":"https:\/\/www.hausamstrom.de\/de\/"},{"@type":"ListItem","position":2,"name":"Programm","item":"https:\/\/www.hausamstrom.de\/de\/programm\/"},{"@type":"ListItem","position":3,"name":"Buchbares","item":"https:\/\/www.hausamstrom.de\/de\/programm\/buchbares\/"},{"@type":"ListItem","position":4,"name":"Schulen"}]},{"@type":"WebSite","@id":"https:\/\/www.hausamstrom.de\/de\/#website","url":"https:\/\/www.hausamstrom.de\/de\/","name":"Haus am Strom","description":"Umweltbildungsstation im Passauer Donautal. Umweltbildung und Naturschutz f\u00fcr Kinder und Erwachsenen.","publisher":{"@id":"https:\/\/www.hausamstrom.de\/de\/#organization"},"potentialAction":[{"@type":"SearchAction","target":{"@type":"EntryPoint","urlTemplate":"https:\/\/www.hausamstrom.de\/de\/?s={search_term_string}"},"query-input":{"@type":"PropertyValueSpecification","valueRequired":true,"valueName":"search_term_string"}}],"inLanguage":"de"},{"@type":"Organization","@id":"https:\/\/www.hausamstrom.de\/de\/#organization","name":"Haus am Strom","url":"https:\/\/www.hausamstrom.de\/de\/","logo":{"@type":"ImageObject","inLanguage":"de","@id":"https:\/\/www.hausamstrom.de\/de\/#\/schema\/logo\/image\/","url":"https:\/\/www.hausamstrom.de\/wp-content\/uploads\/2025\/06\/Logo-quadratisch-1024x1024.jpg","contentUrl":"https:\/\/www.hausamstrom.de\/wp-content\/uploads\/2025\/06\/Logo-quadratisch-1024x1024.jpg","width":1024,"height":1024,"caption":"Haus am Strom"},"image":{"@id":"https:\/\/www.hausamstrom.de\/de\/#\/schema\/logo\/image\/"},"sameAs":["https:\/\/www.facebook.com\/hausamstrom","https:\/\/www.instagram.com\/"]}]}},"_links":{"self":[{"href":"https:\/\/www.hausamstrom.de\/de\/wp-json\/wp\/v2\/pages\/367","targetHints":{"allow":["GET"]}}],"collection":[{"href":"https:\/\/www.hausamstrom.de\/de\/wp-json\/wp\/v2\/pages"}],"about":[{"href":"https:\/\/www.hausamstrom.de\/de\/wp-json\/wp\/v2\/types\/page"}],"author":[{"embeddable":true,"href":"https:\/\/www.hausamstrom.de\/de\/wp-json\/wp\/v2\/users\/1"}],"replies":[{"embeddable":true,"href":"https:\/\/www.hausamstrom.de\/de\/wp-json\/wp\/v2\/comments?post=367"}],"version-history":[{"count":10,"href":"https:\/\/www.hausamstrom.de\/de\/wp-json\/wp\/v2\/pages\/367\/revisions"}],"predecessor-version":[{"id":13679,"href":"https:\/\/www.hausamstrom.de\/de\/wp-json\/wp\/v2\/pages\/367\/revisions\/13679"}],"up":[{"embeddable":true,"href":"https:\/\/www.hausamstrom.de\/de\/wp-json\/wp\/v2\/pages\/361"}],"wp:attachment":[{"href":"https:\/\/www.hausamstrom.de\/de\/wp-json\/wp\/v2\/media?parent=367"}],"curies":[{"name":"wp","href":"https:\/\/api.w.org\/{rel}","templated":true}]}}