{"id":369,"date":"2016-03-01T14:32:30","date_gmt":"2016-03-01T13:32:30","guid":{"rendered":"http:\/\/hosting6807.af944.netcup.net\/?page_id=369"},"modified":"2026-04-22T14:30:40","modified_gmt":"2026-04-22T12:30:40","slug":"kinder","status":"publish","type":"page","link":"https:\/\/www.hausamstrom.de\/de\/programm\/buchbares\/kinder\/","title":{"rendered":"Kindergeburtstage"},"content":{"rendered":"<div class=\"wpb-content-wrapper\"><p>[vc_row][vc_column][vc_column_text css=\u201d\u201d]<\/p>\n<h2>Geburtstagserlebnisse in der Natur<\/h2>\n<p>Mit unseren Geburtstagsprogrammen kannst du mit deinen Freunden\u00a0 besondere Orte entdecken, verlorene Sch\u00e4tze finden, T\u00e4ter entlarven und einiges mehr. W\u00e4hle dein Lieblingsthema und lass diesen Tag zu einem unvergesslichen Erlebnis werden!<\/p>\n<p>Spielerische Aktivit\u00e4ten in Wald und Flur f\u00f6rdern den nachhaltigen und sorgsamen Umgang mit unserer Natur.<\/p>\n<p>\u00a0<\/p>\n<p><strong>Kosten und Leistungen:<\/strong><\/p>\n<ul>\n<li>14,00\u20ac pro Kind (<strong>mindestens 140,00\u20ac<\/strong> f\u00fcr das gebuchte Programm)<\/li>\n<li>Dauer: 3 Stunden inkl. Pause<\/li>\n<li>Das Geburtstagskind erh\u00e4lt ein kleines Geschenk.<\/li>\n<li>Das Erkunden der Erlebnisausstellung ist im Preis enthalten.<\/li>\n<\/ul>\n<p>Sie k\u00f6nnen im Bistro zus\u00e4tzlich einen Geburtstagstisch bestellen. Der Mindestumsatz betr\u00e4gt 35,00\u20ac.<\/p>\n<p>Hier k\u00f6nnen Sie Kuchen und Essen bestellen oder auch eigenen Kuchen mitbringen.<\/p>\n<p>\u00a0<\/p>\n<p><strong>Spielplatz: <\/strong><\/p>\n<p>Der Aufenthalt auf unserem Spielplatz ist jederzeit m\u00f6glich.<\/p>\n<p>[\/vc_column_text][\/vc_column][\/vc_row][vc_row][vc_column]<div id=\"1560013445550-17b209be-d73a\" class=\"dt-sc-empty-space\"><\/div>[vc_separator]<div id=\"1560013445624-5df207a2-4dad\" class=\"dt-sc-empty-space\"><\/div>[\/vc_column][\/vc_row][vc_row][vc_column width=\u201d1\/3\u2033][vc_single_image image=\u201d12351\u2033 img_size=\u201dmedium\u201d alignment=\u201dcenter\u201d css=\u201d\u201d][\/vc_column][vc_column width=\u201d2\/3\u2033][vc_column_text]<\/p>\n<h3>Krimiwanderung 1 \u2013 SOKO Natursp\u00fcrnasen im Einsatz<\/h3>\n<p>[\/vc_column_text][vc_column_text css=\u201d\u201d]Tatort Donautal! Gelingt es uns, den T\u00e4ter zu entlarven? Hat der Unbekannte Hinweise hinterlassen? Wir lesen Spuren und l\u00f6sen den Fall.<\/p>\n<p><strong>Treffpunkt:\u00a0<\/strong>Haus am Strom<\/p>\n<p><strong>Alter:<\/strong>\u00a06-8 Jahre<\/p>\n<p>Das Angebot findet ihr auch auf:<\/p>\n<p><a href=\"https:\/\/de.bester-geburtstag.de\/activities\/krimiwanderung-soko-naturspurnasen-im-einsatz-1562\">Krimi Naturgeburtstag in Untergriesbach \u2013 Haus am Strom<\/a>[\/vc_column_text][\/vc_column][\/vc_row][vc_row][vc_column]<div id=\"1560012877081-84f6fca4-ff18\" class=\"dt-sc-empty-space\"><\/div>[vc_separator]<div id=\"1560012882269-3f185820-febe\" class=\"dt-sc-empty-space\"><\/div>[\/vc_column][\/vc_row][vc_row][vc_column width=\u201d1\/3\u2033][vc_single_image image=\u201d12342\u2033 img_size=\u201dmedium\u201d alignment=\u201dcenter\u201d css=\u201d\u201d][\/vc_column][vc_column width=\u201d2\/3\u2033][vc_column_text css=\u201d\u201d]<\/p>\n<h3>Krimiwanderung 2 \u2013 Die SOKO Natursp\u00fcrnasen sind wieder aktiv<\/h3>\n<p>[\/vc_column_text][vc_column_text css=\u201d\u201d]Meisterdetektive aufgepasst! Die Sonderkommission ermittelt erneut. Wieder geht es um einen mysteri\u00f6sen Kriminalfall, der eng mit der Tierwelt des Donautals zusammenh\u00e4ngt. Wir pirschen durch die Donauleiten, suchen nach Indizien und folgen einer Zeugenaussage.<\/p>\n<p><strong>Treffpunkt:\u00a0<\/strong>Haus am Strom<\/p>\n<p><strong>Alter:<\/strong>\u00a08-10 Jahre<\/p>\n<p>Das Angebot findet ihr auch auf:<\/p>\n<p><a href=\"https:\/\/de.bester-geburtstag.de\/activities\/krimiwanderung-soko-naturspurnasen-im-einsatz-1562\">Krimi Naturgeburtstag in Untergriesbach \u2013 Haus am Strom<\/a>[\/vc_column_text][\/vc_column][\/vc_row][vc_row][vc_column]<div id=\"1560012891698-10b70138-7c45\" class=\"dt-sc-empty-space\"><\/div>[vc_separator]<div id=\"1560012891733-f9a77e16-bdaf\" class=\"dt-sc-empty-space\"><\/div>[\/vc_column][\/vc_row][vc_row][vc_column width=\u201d1\/3\u2033][vc_single_image image=\u201d7285\u2033 img_size=\u201dmedium\u201d alignment=\u201dcenter\u201d][\/vc_column][vc_column width=\u201d2\/3\u2033][vc_column_text]<\/p>\n<h3>Die Duftdetektive \u2013 Sinneswerkstatt der D\u00fcfte<\/h3>\n<p>[\/vc_column_text][vc_column_text css=\u201d\u201d]Eine kreative Reise f\u00fcr Kids in die geheimnisvolle Welt der D\u00fcfte. Wir schnuppern uns durch anregende und heilende Duft\u00f6le, stellen unser eigenes, duftendes K\u00f6rper- und Massage\u00f6l her, spielen Riech-Memory, lernen die Wirkung und Bedeutung von R\u00e4ucher-Ritualen kennen und mischen uns noch ein herrliches Parf\u00fcm mit unserem Lieblingsduft!<\/p>\n<p><strong>Leistungen:<\/strong><\/p>\n<p>\u2013 ein K\u00f6rper- und Massage\u00f6l zum Mitnehmen<br \/>\n\u2013 ein Kinderparf\u00fcm<br \/>\n\u2013 Kennenlernen verschiedener \u00e4therischer \u00d6le und R\u00e4ucher-Rituale<\/p>\n<p><strong>Treffpunkt:\u00a0<\/strong>nach Absprache<\/p>\n<p><strong>Alter:<\/strong>\u00a05-12 Jahre<\/p>\n<p>Das Angebot findet ihr auch auf:<\/p>\n<p><a href=\"https:\/\/de.bester-geburtstag.de\/activities\/die-duftdetektive-sinneswerkstatt-der-dufte-1564\">Duftdetektive zum Kindergeburtstag \u2013 Haus am Strom<\/a>[\/vc_column_text][\/vc_column][\/vc_row][vc_row][vc_column]<div id=\"1560013747539-d36fe1e3-ffa2\" class=\"dt-sc-empty-space\"><\/div>[vc_separator]<div id=\"1560013747615-39e7c432-5c00\" class=\"dt-sc-empty-space\"><\/div>[\/vc_column][\/vc_row][vc_row][vc_column width=\u201d1\/3\u2033][vc_single_image image=\u201d12310\u2033 img_size=\u201dmedium\u201d alignment=\u201dcenter\u201d css=\u201d\u201d][\/vc_column][vc_column width=\u201d2\/3\u2033][vc_column_text]<\/p>\n<h3>Schatzsuche \u2013 Der Schatz des Donaupiraten<\/h3>\n<p>[\/vc_column_text][vc_column_text css=\u201d\u201d]Der listige Pirat Kaspar Kobold hat vor langer Zeit seinen Schatz im Donautal versteckt. In seinem geheimnisvollen Reich warten r\u00e4tselhafte Aufgaben auf uns. Werden wir den Schatz finden?<\/p>\n<p><strong>Treffpunkt:<\/strong>\u00a0Haus am Strom<\/p>\n<p><strong>Alter<\/strong>: 8-10 Jahre<\/p>\n<p>Das Angebot findet ihr auch auf:<\/p>\n<p><a href=\"https:\/\/de.bester-geburtstag.de\/activities\/schatzsuche-der-schatz-des-donaupiraten-1563\">Schatzsuche zum Kindergeburtstag \u2013 Haus am Strom<\/a>[\/vc_column_text][\/vc_column][\/vc_row][vc_row][vc_column]<div id=\"1560013857865-b8e43896-f5af\" class=\"dt-sc-empty-space\"><\/div>[vc_separator]<div id=\"1560013857933-f297e9c3-3cbb\" class=\"dt-sc-empty-space\"><\/div>[\/vc_column][\/vc_row][vc_row][vc_column width=\u201d1\/3\u2033][vc_single_image image=\u201d4005\u2033 img_size=\u201dmedium\u201d alignment=\u201dcenter\u201d][\/vc_column][vc_column width=\u201d2\/3\u2033][vc_column_text]<\/p>\n<h3>F\u00e4hrtensucher \u2013 Eine spannende Spurensuche<\/h3>\n<p>[\/vc_column_text][vc_column_text css=\u201d\u201d]Wir gehen auf Forschertour, finden Spuren, lernen Neues \u00fcber Tierkinder und schleichen mit gespitzten Ohren durch das Gel\u00e4nde. D\u00fcrfen wir auch eine Spur hinterlassen?<\/p>\n<p>\u00a0<\/p>\n<p><strong>Treffpunkt:<\/strong>\u00a0Haus am Strom<\/p>\n<p><strong>Alter<\/strong>: 5-6 Jahre[\/vc_column_text][\/vc_column][\/vc_row][vc_row][vc_column]<div id=\"1651218833497-53d76cb1-2f41\" class=\"dt-sc-empty-space\"><\/div>[vc_separator]<div id=\"1651218792962-4e0ea09e-5cae\" class=\"dt-sc-empty-space\"><\/div>[\/vc_column][\/vc_row][vc_row][vc_column width=\u201d1\/3\u2033][\/vc_column][vc_column width=\u201d2\/3\u2033][\/vc_column][\/vc_row]<\/p>\n<\/div>","protected":false},"excerpt":{"rendered":"<p>[vc_row][vc_column][vc_column_text css=\u201d\u201d] Geburtstagserlebnisse in der Natur Mit unseren Geburtstagsprogrammen kannst du mit deinen Freunden\u00a0 besondere Orte entdecken, verlorene Sch\u00e4tze finden, T\u00e4ter entlarven und einiges mehr. W\u00e4hle dein Lieblingsthema und lass diesen Tag zu einem unvergesslichen Erlebnis werden! Spielerische Aktivit\u00e4ten in Wald und Flur f\u00f6rdern den nachhaltigen und sorgsamen Umgang mit unserer Natur. \u00a0 Kosten und [&hellip;]<\/p>\n","protected":false},"author":1,"featured_media":0,"parent":361,"menu_order":2,"comment_status":"closed","ping_status":"closed","template":"","meta":{"footnotes":""},"class_list":["post-369","page","type-page","status-publish","hentry"],"yoast_head":"<!-- This site is optimized with the Yoast SEO plugin v27.6 - https:\/\/yoast.com\/product\/yoast-seo-wordpress\/ -->\n<title>Kindergeburtstage - Haus am Strom<\/title>\n<meta name=\"robots\" content=\"index, follow, max-snippet:-1, max-image-preview:large, max-video-preview:-1\" \/>\n<link rel=\"canonical\" href=\"https:\/\/www.hausamstrom.de\/de\/programm\/buchbares\/kinder\/\" \/>\n<meta property=\"og:locale\" content=\"de_DE\" \/>\n<meta property=\"og:type\" content=\"article\" \/>\n<meta property=\"og:title\" content=\"Kindergeburtstage - Haus am Strom\" \/>\n<meta property=\"og:description\" content=\"[vc_row][vc_column][vc_column_text css=\u201d\u201d] Geburtstagserlebnisse in der Natur Mit unseren Geburtstagsprogrammen kannst du mit deinen Freunden\u00a0 besondere Orte entdecken, verlorene Sch\u00e4tze finden, T\u00e4ter entlarven und einiges mehr. W\u00e4hle dein Lieblingsthema und lass diesen Tag zu einem unvergesslichen Erlebnis werden! Spielerische Aktivit\u00e4ten in Wald und Flur f\u00f6rdern den nachhaltigen und sorgsamen Umgang mit unserer Natur. \u00a0 Kosten und [&hellip;]\" \/>\n<meta property=\"og:url\" content=\"https:\/\/www.hausamstrom.de\/de\/programm\/buchbares\/kinder\/\" \/>\n<meta property=\"og:site_name\" content=\"Haus am Strom\" \/>\n<meta property=\"article:publisher\" content=\"https:\/\/www.facebook.com\/hausamstrom\" \/>\n<meta property=\"article:modified_time\" content=\"2026-04-22T12:30:40+00:00\" \/>\n<meta name=\"twitter:card\" content=\"summary_large_image\" \/>\n<meta name=\"twitter:label1\" content=\"Gesch\u00e4tzte Lesezeit\" \/>\n\t<meta name=\"twitter:data1\" content=\"4\u00a0Minuten\" \/>\n<script type=\"application\/ld+json\" class=\"yoast-schema-graph\">{\"@context\":\"https:\\\/\\\/schema.org\",\"@graph\":[{\"@type\":\"WebPage\",\"@id\":\"https:\\\/\\\/www.hausamstrom.de\\\/de\\\/programm\\\/buchbares\\\/kinder\\\/\",\"url\":\"https:\\\/\\\/www.hausamstrom.de\\\/de\\\/programm\\\/buchbares\\\/kinder\\\/\",\"name\":\"Kindergeburtstage - Haus am Strom\",\"isPartOf\":{\"@id\":\"https:\\\/\\\/www.hausamstrom.de\\\/de\\\/#website\"},\"datePublished\":\"2016-03-01T13:32:30+00:00\",\"dateModified\":\"2026-04-22T12:30:40+00:00\",\"breadcrumb\":{\"@id\":\"https:\\\/\\\/www.hausamstrom.de\\\/de\\\/programm\\\/buchbares\\\/kinder\\\/#breadcrumb\"},\"inLanguage\":\"de\",\"potentialAction\":[{\"@type\":\"ReadAction\",\"target\":[\"https:\\\/\\\/www.hausamstrom.de\\\/de\\\/programm\\\/buchbares\\\/kinder\\\/\"]}]},{\"@type\":\"BreadcrumbList\",\"@id\":\"https:\\\/\\\/www.hausamstrom.de\\\/de\\\/programm\\\/buchbares\\\/kinder\\\/#breadcrumb\",\"itemListElement\":[{\"@type\":\"ListItem\",\"position\":1,\"name\":\"Home\",\"item\":\"https:\\\/\\\/www.hausamstrom.de\\\/de\\\/\"},{\"@type\":\"ListItem\",\"position\":2,\"name\":\"Programm\",\"item\":\"https:\\\/\\\/www.hausamstrom.de\\\/de\\\/programm\\\/\"},{\"@type\":\"ListItem\",\"position\":3,\"name\":\"Buchbares\",\"item\":\"https:\\\/\\\/www.hausamstrom.de\\\/de\\\/programm\\\/buchbares\\\/\"},{\"@type\":\"ListItem\",\"position\":4,\"name\":\"Kindergeburtstage\"}]},{\"@type\":\"WebSite\",\"@id\":\"https:\\\/\\\/www.hausamstrom.de\\\/de\\\/#website\",\"url\":\"https:\\\/\\\/www.hausamstrom.de\\\/de\\\/\",\"name\":\"Haus am Strom\",\"description\":\"Umweltbildungsstation im Passauer Donautal. Umweltbildung und Naturschutz f\u00fcr Kinder und Erwachsenen.\",\"publisher\":{\"@id\":\"https:\\\/\\\/www.hausamstrom.de\\\/de\\\/#organization\"},\"potentialAction\":[{\"@type\":\"SearchAction\",\"target\":{\"@type\":\"EntryPoint\",\"urlTemplate\":\"https:\\\/\\\/www.hausamstrom.de\\\/de\\\/?s={search_term_string}\"},\"query-input\":{\"@type\":\"PropertyValueSpecification\",\"valueRequired\":true,\"valueName\":\"search_term_string\"}}],\"inLanguage\":\"de\"},{\"@type\":\"Organization\",\"@id\":\"https:\\\/\\\/www.hausamstrom.de\\\/de\\\/#organization\",\"name\":\"Haus am Strom\",\"url\":\"https:\\\/\\\/www.hausamstrom.de\\\/de\\\/\",\"logo\":{\"@type\":\"ImageObject\",\"inLanguage\":\"de\",\"@id\":\"https:\\\/\\\/www.hausamstrom.de\\\/de\\\/#\\\/schema\\\/logo\\\/image\\\/\",\"url\":\"https:\\\/\\\/www.hausamstrom.de\\\/wp-content\\\/uploads\\\/2025\\\/06\\\/Logo-quadratisch-1024x1024.jpg\",\"contentUrl\":\"https:\\\/\\\/www.hausamstrom.de\\\/wp-content\\\/uploads\\\/2025\\\/06\\\/Logo-quadratisch-1024x1024.jpg\",\"width\":1024,\"height\":1024,\"caption\":\"Haus am Strom\"},\"image\":{\"@id\":\"https:\\\/\\\/www.hausamstrom.de\\\/de\\\/#\\\/schema\\\/logo\\\/image\\\/\"},\"sameAs\":[\"https:\\\/\\\/www.facebook.com\\\/hausamstrom\",\"https:\\\/\\\/www.instagram.com\\\/\"]}]}<\/script>\n<!-- \/ Yoast SEO plugin. -->","yoast_head_json":{"title":"Kindergeburtstage - Haus am Strom","robots":{"index":"index","follow":"follow","max-snippet":"max-snippet:-1","max-image-preview":"max-image-preview:large","max-video-preview":"max-video-preview:-1"},"canonical":"https:\/\/www.hausamstrom.de\/de\/programm\/buchbares\/kinder\/","og_locale":"de_DE","og_type":"article","og_title":"Kindergeburtstage - Haus am Strom","og_description":"[vc_row][vc_column][vc_column_text css=\u201d\u201d] Geburtstagserlebnisse in der Natur Mit unseren Geburtstagsprogrammen kannst du mit deinen Freunden\u00a0 besondere Orte entdecken, verlorene Sch\u00e4tze finden, T\u00e4ter entlarven und einiges mehr. W\u00e4hle dein Lieblingsthema und lass diesen Tag zu einem unvergesslichen Erlebnis werden! Spielerische Aktivit\u00e4ten in Wald und Flur f\u00f6rdern den nachhaltigen und sorgsamen Umgang mit unserer Natur. \u00a0 Kosten und [&hellip;]","og_url":"https:\/\/www.hausamstrom.de\/de\/programm\/buchbares\/kinder\/","og_site_name":"Haus am Strom","article_publisher":"https:\/\/www.facebook.com\/hausamstrom","article_modified_time":"2026-04-22T12:30:40+00:00","twitter_card":"summary_large_image","twitter_misc":{"Gesch\u00e4tzte Lesezeit":"4\u00a0Minuten"},"schema":{"@context":"https:\/\/schema.org","@graph":[{"@type":"WebPage","@id":"https:\/\/www.hausamstrom.de\/de\/programm\/buchbares\/kinder\/","url":"https:\/\/www.hausamstrom.de\/de\/programm\/buchbares\/kinder\/","name":"Kindergeburtstage - Haus am Strom","isPartOf":{"@id":"https:\/\/www.hausamstrom.de\/de\/#website"},"datePublished":"2016-03-01T13:32:30+00:00","dateModified":"2026-04-22T12:30:40+00:00","breadcrumb":{"@id":"https:\/\/www.hausamstrom.de\/de\/programm\/buchbares\/kinder\/#breadcrumb"},"inLanguage":"de","potentialAction":[{"@type":"ReadAction","target":["https:\/\/www.hausamstrom.de\/de\/programm\/buchbares\/kinder\/"]}]},{"@type":"BreadcrumbList","@id":"https:\/\/www.hausamstrom.de\/de\/programm\/buchbares\/kinder\/#breadcrumb","itemListElement":[{"@type":"ListItem","position":1,"name":"Home","item":"https:\/\/www.hausamstrom.de\/de\/"},{"@type":"ListItem","position":2,"name":"Programm","item":"https:\/\/www.hausamstrom.de\/de\/programm\/"},{"@type":"ListItem","position":3,"name":"Buchbares","item":"https:\/\/www.hausamstrom.de\/de\/programm\/buchbares\/"},{"@type":"ListItem","position":4,"name":"Kindergeburtstage"}]},{"@type":"WebSite","@id":"https:\/\/www.hausamstrom.de\/de\/#website","url":"https:\/\/www.hausamstrom.de\/de\/","name":"Haus am Strom","description":"Umweltbildungsstation im Passauer Donautal. Umweltbildung und Naturschutz f\u00fcr Kinder und Erwachsenen.","publisher":{"@id":"https:\/\/www.hausamstrom.de\/de\/#organization"},"potentialAction":[{"@type":"SearchAction","target":{"@type":"EntryPoint","urlTemplate":"https:\/\/www.hausamstrom.de\/de\/?s={search_term_string}"},"query-input":{"@type":"PropertyValueSpecification","valueRequired":true,"valueName":"search_term_string"}}],"inLanguage":"de"},{"@type":"Organization","@id":"https:\/\/www.hausamstrom.de\/de\/#organization","name":"Haus am Strom","url":"https:\/\/www.hausamstrom.de\/de\/","logo":{"@type":"ImageObject","inLanguage":"de","@id":"https:\/\/www.hausamstrom.de\/de\/#\/schema\/logo\/image\/","url":"https:\/\/www.hausamstrom.de\/wp-content\/uploads\/2025\/06\/Logo-quadratisch-1024x1024.jpg","contentUrl":"https:\/\/www.hausamstrom.de\/wp-content\/uploads\/2025\/06\/Logo-quadratisch-1024x1024.jpg","width":1024,"height":1024,"caption":"Haus am Strom"},"image":{"@id":"https:\/\/www.hausamstrom.de\/de\/#\/schema\/logo\/image\/"},"sameAs":["https:\/\/www.facebook.com\/hausamstrom","https:\/\/www.instagram.com\/"]}]}},"_links":{"self":[{"href":"https:\/\/www.hausamstrom.de\/de\/wp-json\/wp\/v2\/pages\/369","targetHints":{"allow":["GET"]}}],"collection":[{"href":"https:\/\/www.hausamstrom.de\/de\/wp-json\/wp\/v2\/pages"}],"about":[{"href":"https:\/\/www.hausamstrom.de\/de\/wp-json\/wp\/v2\/types\/page"}],"author":[{"embeddable":true,"href":"https:\/\/www.hausamstrom.de\/de\/wp-json\/wp\/v2\/users\/1"}],"replies":[{"embeddable":true,"href":"https:\/\/www.hausamstrom.de\/de\/wp-json\/wp\/v2\/comments?post=369"}],"version-history":[{"count":10,"href":"https:\/\/www.hausamstrom.de\/de\/wp-json\/wp\/v2\/pages\/369\/revisions"}],"predecessor-version":[{"id":14482,"href":"https:\/\/www.hausamstrom.de\/de\/wp-json\/wp\/v2\/pages\/369\/revisions\/14482"}],"up":[{"embeddable":true,"href":"https:\/\/www.hausamstrom.de\/de\/wp-json\/wp\/v2\/pages\/361"}],"wp:attachment":[{"href":"https:\/\/www.hausamstrom.de\/de\/wp-json\/wp\/v2\/media?parent=369"}],"curies":[{"name":"wp","href":"https:\/\/api.w.org\/{rel}","templated":true}]}}