{"id":379,"date":"2016-03-01T14:39:22","date_gmt":"2016-03-01T13:39:22","guid":{"rendered":"http:\/\/hosting6807.af944.netcup.net\/?page_id=379"},"modified":"2023-12-06T13:57:09","modified_gmt":"2023-12-06T12:57:09","slug":"donau","status":"publish","type":"page","link":"https:\/\/www.hausamstrom.de\/de\/donautal\/donau\/","title":{"rendered":"Donau"},"content":{"rendered":"<div class=\"wpb-content-wrapper\"><p>[vc_row][vc_column][vc_custom_heading text=\u201dDie Donau\u201d][\/vc_column][\/vc_row][vc_row][vc_column width=\u201d1\/2\u2033][vc_single_image image=\u201d11872\u2033 img_size=\u201dmedium\u201d][\/vc_column][vc_column width=\u201d1\/2\u2033][vc_single_image image=\u201d11885\u2033 img_size=\u201dlarge\u201d][\/vc_column][\/vc_row][vc_row][vc_column][vc_column_text]Die Donau durchflie\u00dft unterschiedlichste Landschaften und verbindet Mitteleuropa mit dem S\u00fcdosten. Mit ihren 2857 Kilometern ist sie der zweit l\u00e4ngste Strom Europas.<\/p>\n<p>Die Donau durchflie\u00dft auf ihrem Weg ins Schwarze Meer 10 L\u00e4nder und ist auf einer L\u00e4nge von 1071 km Grenzfluss. Ihr Einzugsgebiet umfasst 817.000 Quadratkilometer.<\/p>\n<p>Von der offiziellen Donauquelle in Donaueschingen bis zur deutsch-\u00f6sterreichischen Landesgrenze in Jochenstein, beim Haus am Strom, hat die Donau bereits 633 Kilometer zur\u00fcckgelegt und ist zu einem beachtlichen Strom herangewachsen.[\/vc_column_text][\/vc_column][\/vc_row]<\/p>\n<\/div>","protected":false},"excerpt":{"rendered":"<p>[vc_row][vc_column][vc_custom_heading text=\u201dDie Donau\u201d][\/vc_column][\/vc_row][vc_row][vc_column width=\u201d1\/2\u2033][vc_single_image image=\u201d11872\u2033 img_size=\u201dmedium\u201d][\/vc_column][vc_column width=\u201d1\/2\u2033][vc_single_image image=\u201d11885\u2033 img_size=\u201dlarge\u201d][\/vc_column][\/vc_row][vc_row][vc_column][vc_column_text]Die Donau durchflie\u00dft unterschiedlichste Landschaften und verbindet Mitteleuropa mit dem S\u00fcdosten. Mit ihren 2857 Kilometern ist sie der zweit l\u00e4ngste Strom Europas. Die Donau durchflie\u00dft auf ihrem Weg ins Schwarze Meer 10 L\u00e4nder und ist auf einer L\u00e4nge von 1071 km Grenzfluss. Ihr Einzugsgebiet umfasst 817.000 Quadratkilometer. [&hellip;]<\/p>\n","protected":false},"author":1,"featured_media":0,"parent":49,"menu_order":0,"comment_status":"closed","ping_status":"closed","template":"","meta":{"footnotes":""},"class_list":["post-379","page","type-page","status-publish","hentry"],"yoast_head":"<!-- This site is optimized with the Yoast SEO plugin v27.5 - https:\/\/yoast.com\/product\/yoast-seo-wordpress\/ -->\n<title>Donau - Haus am Strom<\/title>\n<meta name=\"robots\" content=\"index, follow, max-snippet:-1, max-image-preview:large, max-video-preview:-1\" \/>\n<link rel=\"canonical\" href=\"https:\/\/www.hausamstrom.de\/de\/donautal\/donau\/\" \/>\n<meta property=\"og:locale\" content=\"de_DE\" \/>\n<meta property=\"og:type\" content=\"article\" \/>\n<meta property=\"og:title\" content=\"Donau - Haus am Strom\" \/>\n<meta property=\"og:description\" content=\"[vc_row][vc_column][vc_custom_heading text=\u201dDie Donau\u201d][\/vc_column][\/vc_row][vc_row][vc_column width=\u201d1\/2\u2033][vc_single_image image=\u201d11872\u2033 img_size=\u201dmedium\u201d][\/vc_column][vc_column width=\u201d1\/2\u2033][vc_single_image image=\u201d11885\u2033 img_size=\u201dlarge\u201d][\/vc_column][\/vc_row][vc_row][vc_column][vc_column_text]Die Donau durchflie\u00dft unterschiedlichste Landschaften und verbindet Mitteleuropa mit dem S\u00fcdosten. Mit ihren 2857 Kilometern ist sie der zweit l\u00e4ngste Strom Europas. Die Donau durchflie\u00dft auf ihrem Weg ins Schwarze Meer 10 L\u00e4nder und ist auf einer L\u00e4nge von 1071 km Grenzfluss. Ihr Einzugsgebiet umfasst 817.000 Quadratkilometer. [&hellip;]\" \/>\n<meta property=\"og:url\" content=\"https:\/\/www.hausamstrom.de\/de\/donautal\/donau\/\" \/>\n<meta property=\"og:site_name\" content=\"Haus am Strom\" \/>\n<meta property=\"article:publisher\" content=\"https:\/\/www.facebook.com\/hausamstrom\" \/>\n<meta property=\"article:modified_time\" content=\"2023-12-06T12:57:09+00:00\" \/>\n<meta name=\"twitter:card\" content=\"summary_large_image\" \/>\n<meta name=\"twitter:label1\" content=\"Gesch\u00e4tzte Lesezeit\" \/>\n\t<meta name=\"twitter:data1\" content=\"1\u00a0Minute\" \/>\n<script type=\"application\/ld+json\" class=\"yoast-schema-graph\">{\"@context\":\"https:\\\/\\\/schema.org\",\"@graph\":[{\"@type\":\"WebPage\",\"@id\":\"https:\\\/\\\/www.hausamstrom.de\\\/de\\\/donautal\\\/donau\\\/\",\"url\":\"https:\\\/\\\/www.hausamstrom.de\\\/de\\\/donautal\\\/donau\\\/\",\"name\":\"Donau - Haus am Strom\",\"isPartOf\":{\"@id\":\"https:\\\/\\\/www.hausamstrom.de\\\/de\\\/#website\"},\"datePublished\":\"2016-03-01T13:39:22+00:00\",\"dateModified\":\"2023-12-06T12:57:09+00:00\",\"breadcrumb\":{\"@id\":\"https:\\\/\\\/www.hausamstrom.de\\\/de\\\/donautal\\\/donau\\\/#breadcrumb\"},\"inLanguage\":\"de\",\"potentialAction\":[{\"@type\":\"ReadAction\",\"target\":[\"https:\\\/\\\/www.hausamstrom.de\\\/de\\\/donautal\\\/donau\\\/\"]}]},{\"@type\":\"BreadcrumbList\",\"@id\":\"https:\\\/\\\/www.hausamstrom.de\\\/de\\\/donautal\\\/donau\\\/#breadcrumb\",\"itemListElement\":[{\"@type\":\"ListItem\",\"position\":1,\"name\":\"Home\",\"item\":\"https:\\\/\\\/www.hausamstrom.de\\\/de\\\/\"},{\"@type\":\"ListItem\",\"position\":2,\"name\":\"Donautal\",\"item\":\"https:\\\/\\\/www.hausamstrom.de\\\/de\\\/donautal\\\/\"},{\"@type\":\"ListItem\",\"position\":3,\"name\":\"Donau\"}]},{\"@type\":\"WebSite\",\"@id\":\"https:\\\/\\\/www.hausamstrom.de\\\/de\\\/#website\",\"url\":\"https:\\\/\\\/www.hausamstrom.de\\\/de\\\/\",\"name\":\"Haus am Strom\",\"description\":\"Umweltbildungsstation im Passauer Donautal. Umweltbildung und Naturschutz f\u00fcr Kinder und Erwachsenen.\",\"publisher\":{\"@id\":\"https:\\\/\\\/www.hausamstrom.de\\\/de\\\/#organization\"},\"potentialAction\":[{\"@type\":\"SearchAction\",\"target\":{\"@type\":\"EntryPoint\",\"urlTemplate\":\"https:\\\/\\\/www.hausamstrom.de\\\/de\\\/?s={search_term_string}\"},\"query-input\":{\"@type\":\"PropertyValueSpecification\",\"valueRequired\":true,\"valueName\":\"search_term_string\"}}],\"inLanguage\":\"de\"},{\"@type\":\"Organization\",\"@id\":\"https:\\\/\\\/www.hausamstrom.de\\\/de\\\/#organization\",\"name\":\"Haus am Strom\",\"url\":\"https:\\\/\\\/www.hausamstrom.de\\\/de\\\/\",\"logo\":{\"@type\":\"ImageObject\",\"inLanguage\":\"de\",\"@id\":\"https:\\\/\\\/www.hausamstrom.de\\\/de\\\/#\\\/schema\\\/logo\\\/image\\\/\",\"url\":\"https:\\\/\\\/www.hausamstrom.de\\\/wp-content\\\/uploads\\\/2025\\\/06\\\/Logo-quadratisch-1024x1024.jpg\",\"contentUrl\":\"https:\\\/\\\/www.hausamstrom.de\\\/wp-content\\\/uploads\\\/2025\\\/06\\\/Logo-quadratisch-1024x1024.jpg\",\"width\":1024,\"height\":1024,\"caption\":\"Haus am Strom\"},\"image\":{\"@id\":\"https:\\\/\\\/www.hausamstrom.de\\\/de\\\/#\\\/schema\\\/logo\\\/image\\\/\"},\"sameAs\":[\"https:\\\/\\\/www.facebook.com\\\/hausamstrom\",\"https:\\\/\\\/www.instagram.com\\\/\"]}]}<\/script>\n<!-- \/ Yoast SEO plugin. -->","yoast_head_json":{"title":"Donau - Haus am Strom","robots":{"index":"index","follow":"follow","max-snippet":"max-snippet:-1","max-image-preview":"max-image-preview:large","max-video-preview":"max-video-preview:-1"},"canonical":"https:\/\/www.hausamstrom.de\/de\/donautal\/donau\/","og_locale":"de_DE","og_type":"article","og_title":"Donau - Haus am Strom","og_description":"[vc_row][vc_column][vc_custom_heading text=\u201dDie Donau\u201d][\/vc_column][\/vc_row][vc_row][vc_column width=\u201d1\/2\u2033][vc_single_image image=\u201d11872\u2033 img_size=\u201dmedium\u201d][\/vc_column][vc_column width=\u201d1\/2\u2033][vc_single_image image=\u201d11885\u2033 img_size=\u201dlarge\u201d][\/vc_column][\/vc_row][vc_row][vc_column][vc_column_text]Die Donau durchflie\u00dft unterschiedlichste Landschaften und verbindet Mitteleuropa mit dem S\u00fcdosten. Mit ihren 2857 Kilometern ist sie der zweit l\u00e4ngste Strom Europas. Die Donau durchflie\u00dft auf ihrem Weg ins Schwarze Meer 10 L\u00e4nder und ist auf einer L\u00e4nge von 1071 km Grenzfluss. Ihr Einzugsgebiet umfasst 817.000 Quadratkilometer. [&hellip;]","og_url":"https:\/\/www.hausamstrom.de\/de\/donautal\/donau\/","og_site_name":"Haus am Strom","article_publisher":"https:\/\/www.facebook.com\/hausamstrom","article_modified_time":"2023-12-06T12:57:09+00:00","twitter_card":"summary_large_image","twitter_misc":{"Gesch\u00e4tzte Lesezeit":"1\u00a0Minute"},"schema":{"@context":"https:\/\/schema.org","@graph":[{"@type":"WebPage","@id":"https:\/\/www.hausamstrom.de\/de\/donautal\/donau\/","url":"https:\/\/www.hausamstrom.de\/de\/donautal\/donau\/","name":"Donau - Haus am Strom","isPartOf":{"@id":"https:\/\/www.hausamstrom.de\/de\/#website"},"datePublished":"2016-03-01T13:39:22+00:00","dateModified":"2023-12-06T12:57:09+00:00","breadcrumb":{"@id":"https:\/\/www.hausamstrom.de\/de\/donautal\/donau\/#breadcrumb"},"inLanguage":"de","potentialAction":[{"@type":"ReadAction","target":["https:\/\/www.hausamstrom.de\/de\/donautal\/donau\/"]}]},{"@type":"BreadcrumbList","@id":"https:\/\/www.hausamstrom.de\/de\/donautal\/donau\/#breadcrumb","itemListElement":[{"@type":"ListItem","position":1,"name":"Home","item":"https:\/\/www.hausamstrom.de\/de\/"},{"@type":"ListItem","position":2,"name":"Donautal","item":"https:\/\/www.hausamstrom.de\/de\/donautal\/"},{"@type":"ListItem","position":3,"name":"Donau"}]},{"@type":"WebSite","@id":"https:\/\/www.hausamstrom.de\/de\/#website","url":"https:\/\/www.hausamstrom.de\/de\/","name":"Haus am Strom","description":"Umweltbildungsstation im Passauer Donautal. Umweltbildung und Naturschutz f\u00fcr Kinder und Erwachsenen.","publisher":{"@id":"https:\/\/www.hausamstrom.de\/de\/#organization"},"potentialAction":[{"@type":"SearchAction","target":{"@type":"EntryPoint","urlTemplate":"https:\/\/www.hausamstrom.de\/de\/?s={search_term_string}"},"query-input":{"@type":"PropertyValueSpecification","valueRequired":true,"valueName":"search_term_string"}}],"inLanguage":"de"},{"@type":"Organization","@id":"https:\/\/www.hausamstrom.de\/de\/#organization","name":"Haus am Strom","url":"https:\/\/www.hausamstrom.de\/de\/","logo":{"@type":"ImageObject","inLanguage":"de","@id":"https:\/\/www.hausamstrom.de\/de\/#\/schema\/logo\/image\/","url":"https:\/\/www.hausamstrom.de\/wp-content\/uploads\/2025\/06\/Logo-quadratisch-1024x1024.jpg","contentUrl":"https:\/\/www.hausamstrom.de\/wp-content\/uploads\/2025\/06\/Logo-quadratisch-1024x1024.jpg","width":1024,"height":1024,"caption":"Haus am Strom"},"image":{"@id":"https:\/\/www.hausamstrom.de\/de\/#\/schema\/logo\/image\/"},"sameAs":["https:\/\/www.facebook.com\/hausamstrom","https:\/\/www.instagram.com\/"]}]}},"_links":{"self":[{"href":"https:\/\/www.hausamstrom.de\/de\/wp-json\/wp\/v2\/pages\/379","targetHints":{"allow":["GET"]}}],"collection":[{"href":"https:\/\/www.hausamstrom.de\/de\/wp-json\/wp\/v2\/pages"}],"about":[{"href":"https:\/\/www.hausamstrom.de\/de\/wp-json\/wp\/v2\/types\/page"}],"author":[{"embeddable":true,"href":"https:\/\/www.hausamstrom.de\/de\/wp-json\/wp\/v2\/users\/1"}],"replies":[{"embeddable":true,"href":"https:\/\/www.hausamstrom.de\/de\/wp-json\/wp\/v2\/comments?post=379"}],"version-history":[{"count":10,"href":"https:\/\/www.hausamstrom.de\/de\/wp-json\/wp\/v2\/pages\/379\/revisions"}],"predecessor-version":[{"id":11892,"href":"https:\/\/www.hausamstrom.de\/de\/wp-json\/wp\/v2\/pages\/379\/revisions\/11892"}],"up":[{"embeddable":true,"href":"https:\/\/www.hausamstrom.de\/de\/wp-json\/wp\/v2\/pages\/49"}],"wp:attachment":[{"href":"https:\/\/www.hausamstrom.de\/de\/wp-json\/wp\/v2\/media?parent=379"}],"curies":[{"name":"wp","href":"https:\/\/api.w.org\/{rel}","templated":true}]}}