{"id":381,"date":"2016-03-01T14:41:13","date_gmt":"2016-03-01T13:41:13","guid":{"rendered":"http:\/\/hosting6807.af944.netcup.net\/?page_id=381"},"modified":"2026-02-18T10:13:29","modified_gmt":"2026-02-18T09:13:29","slug":"donauleiten","status":"publish","type":"page","link":"https:\/\/www.hausamstrom.de\/de\/donautal\/donauleiten\/","title":{"rendered":"Donauleiten"},"content":{"rendered":"<div class=\"wpb-content-wrapper\"><p>[vc_row][vc_column][vc_custom_heading text=\u201dDie Donauleiten von Passau bis Jochenstein\u201d][vc_column_text]<a href=\"https:\/\/www.hausamstrom.de\/wp-content\/uploads\/2020\/06\/DJI_0142-02_kl.jpg\"><img loading=\"lazy\" decoding=\"async\" class=\"alignleft wp-image-7547\" src=\"https:\/\/www.hausamstrom.de\/wp-content\/uploads\/2020\/06\/DJI_0142-02_kl-400x300.jpg\" alt=\"Quelle: salzluft.net\" width=\"300\" height=\"225\" srcset=\"https:\/\/www.hausamstrom.de\/wp-content\/uploads\/2020\/06\/DJI_0142-02_kl-400x300.jpg 400w, https:\/\/www.hausamstrom.de\/wp-content\/uploads\/2020\/06\/DJI_0142-02_kl-1024x768.jpg 1024w, https:\/\/www.hausamstrom.de\/wp-content\/uploads\/2020\/06\/DJI_0142-02_kl-750x563.jpg 750w, https:\/\/www.hausamstrom.de\/wp-content\/uploads\/2020\/06\/DJI_0142-02_kl-540x405.jpg 540w, https:\/\/www.hausamstrom.de\/wp-content\/uploads\/2020\/06\/DJI_0142-02_kl-960x720.jpg 960w, https:\/\/www.hausamstrom.de\/wp-content\/uploads\/2020\/06\/DJI_0142-02_kl-640x480.jpg 640w, https:\/\/www.hausamstrom.de\/wp-content\/uploads\/2020\/06\/DJI_0142-02_kl-510x383.jpg 510w, https:\/\/www.hausamstrom.de\/wp-content\/uploads\/2020\/06\/DJI_0142-02_kl-780x585.jpg 780w, https:\/\/www.hausamstrom.de\/wp-content\/uploads\/2020\/06\/DJI_0142-02_kl.jpg 1500w\" sizes=\"auto, (max-width: 300px) 100vw, 300px\" \/><\/a><\/p>\n<p>Das Naturschutzgebiet (NSG) \u201cDonauleiten von Passau bis Jochenstein\u201d ist Bestandteil des europ\u00e4ischen Schutzgebietssystems NATURA 2000, einem bedeutenden Netzwerk von europ\u00e4ischen Schutzgebieten.<\/p>\n<p>Das Naturschutzgebiet wurde 1986 ausgewiesen und hat eine Gr\u00f6\u00dfe von 401 ha. Es erstreckt sich \u00fcber mehrere Teile auf einer L\u00e4nge von ca. 30 km, von etwa 290 m \u00fc. NN bis auf ca. 550 m \u00fc. NN. Deutliche Unterschiede weisen die H\u00e4nge in ihrer Temperaturverteilung auf; an den Oberh\u00e4ngen ist es zumindest zeitweise um einige Grad k\u00fchler als am Hangfu\u00df.[\/vc_column_text]<div id=\"1620816434774-7cdf09ab-f22f\" class=\"dt-sc-empty-space\"><\/div>[vc_separator color=\u201dturquoise\u201d]<div id=\"1591790374713-025e6fd4-e0ea\" class=\"dt-sc-empty-space\"><\/div>[vc_custom_heading text=\u201dZahlen, Fakten, Daten im \u00dcberblick\u201d font_container=\u201dtag:h3|text_align:left\u201d][vc_column_text]<strong>Naturraum, Geografie:<\/strong><\/p>\n<p>Es ist Teil des etwa 90 km langen Engtals im S\u00fcdosten des B\u00f6hmischen Grundgebirges zwischen Hofkirchen an der Donau in Bayern und Aschach an der Donau in Ober\u00f6sterreich. Gr\u00f6\u00dftenteils gibt es s\u00fcdexponierte Steilh\u00e4nge. Die H\u00f6henlage betr\u00e4gt zwischen 290 m \u00fc. NN und 550 m \u00fc. NN. Mehr zur Enstehung des Donautals finden Sie <a title=\"Entstehung\" href=\"https:\/\/www.hausamstrom.de\/de\/donautal\/geografie\/entstehung\/\" target=\"_blank\" rel=\"noopener\">hier<\/a>.<\/p>\n<p><strong>Geologie:<\/strong><\/p>\n<p>Epigenetisches Durchbruchstal aus dem Pleistoz\u00e4n, Gesteine der moldanubischen Scholle (\u201cBunte Serie\u201d). Haupts\u00e4chlich Perlgneis und Granite, stellenweise Kalklinsen (Marmor) und Graphit. Mehr zur Geologie erfahren Sie <a title=\"Geologie im Bayrischen Wald und im Donautal\" href=\"https:\/\/www.hausamstrom.de\/de\/donautal\/geografie\/geologie-im-bayer-wald-und-im-donautal\/\" target=\"_blank\" rel=\"noopener\">hier<\/a>.<\/p>\n<p><strong>Arealgeografische Situation:<\/strong><\/p>\n<p>Das Gebiet weist einen deutlichen Klimagradienten auf: von West nach Ost nehmen die Niederschl\u00e4ge deutlich zu, das Lokalklima wird insgesamt humider.<\/p>\n<ul>\n<li><em>pr\u00e4alpine\/ montane Gruppe<\/em>: aus den Alpen und dem Bayerischen Wald, z.B. das Alpenveilchen, Wald-Gei\u00dfbart, Berg-Alpengl\u00f6ckchen, Alpen-Strauchschrecke, Achat-Felsenschnecke, Braune Knopfschnecke<\/li>\n<li><em>subatlantische Gruppe<\/em>: aus westlichen Gebieten mit ausgeglichenen Verh\u00e4ltnissen, z.B. Salbei-Gamander, Schwarzer Streifenfarn<\/li>\n<li><em>kontinentale Gruppe<\/em>: aus \u00f6stlichen Steppengebieten, z.B. Gro\u00dfbl\u00fctiger Fingerhut, Bleichschwingel, Berglauch, Aufrechte Waldrebe, Siebenpunktierter Halsbock, Wirtelschnecke, Russischer B\u00e4r<\/li>\n<li><em>submediterrane Gruppe<\/em>: besonders w\u00e4rmeliebende Arten, manchmal Reliktvorkommen und \u201cVorposten\u201d, z.B. Pimpernu\u00df, Gew\u00f6hnliche Zwergmispel, Immenblatt, \u00c4skulapnatter, Smaragdeidechse<\/li>\n<\/ul>\n<p>[\/vc_column_text]<div id=\"1620816946100-992b3e1b-ec30\" class=\"dt-sc-empty-space\"><\/div>[vc_separator color=\u201dturquoise\u201d]<div id=\"1591790833330-571376c4-050f\" class=\"dt-sc-empty-space\"><\/div>[vc_custom_heading text=\u201dNutzung & Geschichte\u201d font_container=\u201dtag:h3|text_align:left\u201d][vc_column_text]<img loading=\"lazy\" decoding=\"async\" class=\"size-medium wp-image-2572 alignleft\" src=\"https:\/\/www.hausamstrom.de\/wp-content\/uploads\/2016\/04\/Vgl_Jos-Leiten_-400x286.jpg\" alt=\"Landschaftswandel, Donautal, Passau, Donauleiten\" width=\"400\" height=\"286\" srcset=\"https:\/\/www.hausamstrom.de\/wp-content\/uploads\/2016\/04\/Vgl_Jos-Leiten_-400x286.jpg 400w, https:\/\/www.hausamstrom.de\/wp-content\/uploads\/2016\/04\/Vgl_Jos-Leiten_-1024x732.jpg 1024w, https:\/\/www.hausamstrom.de\/wp-content\/uploads\/2016\/04\/Vgl_Jos-Leiten_.jpg 1276w\" sizes=\"auto, (max-width: 400px) 100vw, 400px\" \/>Fr\u00fcher wurden die Donauleiten phasenweise und lokal \u2013 oft kleinr\u00e4umig \u2013 genutzt. Abh\u00e4ngig vom Ressourcenbedarf. Es kamen verschiedene Nutzungsformen vor: nieder- und mittelwaldartige Nutzung, Streugewinnung, Waldweide, Birkenwaldwirtschaft, im Mittelalter teilweise Weinbau (Obernzell, Passau).<\/p>\n<p>Heute m\u00e4\u00dfige Brennholznutzung in streifenf\u00f6rmigen Kahlschl\u00e4gen mit Naturverj\u00fcngung oder Entnahme\/ F\u00e4llung von Einzelb\u00e4umen (Plenterwirtschaft). Unter anderem auch Entnahme von Totholz zur Herstellung von Hackschnitzeln. Wegetechnisch sind die Donauleiten wenig erschlossen, weshalb die Holzbringung erschwert ist.<\/p>\n<p>Noch mehr Infos zu Nutzung und Geschichte? <a href=\"https:\/\/hausamstrom.de\/donautal\/donauleiten\/nutzung-geschichte\/\" target=\"_blank\" rel=\"noopener\">HIER!<\/a>[\/vc_column_text]<div id=\"1620816961071-2e219f7d-510d\" class=\"dt-sc-empty-space\"><\/div>[vc_separator color=\u201dturquoise\u201d]<div id=\"1591790430499-e3b60f88-9944\" class=\"dt-sc-empty-space\"><\/div>[vc_custom_heading text=\u201dPflanzen & Tiere\u201d font_container=\u201dtag:h3|text_align:left\u201d][vc_column_text css=\u201d\u201d]<strong>E<\/strong>twa 450 verschiedene Pflanzenarten, darunter Rarit\u00e4ten wie die Michelis-Segge (<em>Carex michelii<\/em>), Neunbl\u00e4ttrige Zahnwurz (<em>Dentaria enneaphyllos)<\/em>, Klebriger Salbei (<em>Salvia glutinosa<\/em>), Karth\u00e4user Nelke (<em>Dianthus carthusianorum<\/em>), Schwalbenwurz (<em>Vincetoxicum hirundinaria<\/em>), Gro\u00dfe Fetthenne (<em>Sedum maximum<\/em>) und viele andere.<\/p>\n<p><strong>\u00dc<\/strong>ber 2000 Tierarten. Unter den hier vorkommenden Arten sind etwa 88 Vogelarten wie der Uhu, Schwarzstorch, Baumfalke, Wespenbussard oder Wasseramsel zu nennen. Allein 7 verschiedene Reptilienarten kommen in diesem Gebiet vor, darunter die deutschlandweit sehr seltene \u00c4skulapnatter und Smaragdeidechse. Desweiteren kommen hier 8 verschiedene Amphibienarten, \u00fcber 500 Insektenarten, 96 Molluskenarten und 55 Spinnenarten vor.<\/p>\n<p>Ein Projekt, das permant von der Gebietsbetreuung bearbeitet wird, ist die Aktualisierung und Erweiterung der Gesamtartenliste aller vorkommenden Tier- und Pflanzenarten der Donauleiten. Dabei kommt den vielen haupt- und ehrenamtlichen Artenkennern der Region eine bedeutende Rolle zu. Durch deren Engagement konnten in den letzten Jahren viele Arten neu f\u00fcr die Donauleiten nachgewiesen werden. Auch das Team vom Haus am Strom wirkt an der Erfassung neuer Arten mit.[\/vc_column_text]<div id=\"1591790447763-acd012b7-e9e7\" class=\"dt-sc-empty-space\"><\/div>[vc_separator color=\u201dturquoise\u201d]<div id=\"1620816977338-e45ab51c-0d77\" class=\"dt-sc-empty-space\"><\/div>[vc_custom_heading text=\u201dSchutzstatus\u201d font_container=\u201dtag:h3|text_align:left\u201d][vc_column_text css=\u201d\u201d]<img loading=\"lazy\" decoding=\"async\" class=\" wp-image-1721 alignright\" src=\"https:\/\/www.hausamstrom.de\/wp-content\/uploads\/2016\/02\/647px-Sonderschild_Naturschutzgebiet_Bayerisches_Landesamt_f\u00fcr_Umwelt_Stand_12-2007.svg_-400x352.png\" alt=\"\" width=\"232\" height=\"204\" srcset=\"https:\/\/www.hausamstrom.de\/wp-content\/uploads\/2016\/02\/647px-Sonderschild_Naturschutzgebiet_Bayerisches_Landesamt_f\u00fcr_Umwelt_Stand_12-2007.svg_-400x352.png 400w, https:\/\/www.hausamstrom.de\/wp-content\/uploads\/2016\/02\/647px-Sonderschild_Naturschutzgebiet_Bayerisches_Landesamt_f\u00fcr_Umwelt_Stand_12-2007.svg_.png 647w\" sizes=\"auto, (max-width: 232px) 100vw, 232px\" \/>Die Donauleiten sind aufgrund ihrer besonderen Bedeutung f\u00fcr die heimische Tier- und Pflanzenwelt unter Schutz gestellt.<\/p>\n<ul>\n<li><em>Naturschutzgebiet<\/em> (NSG) \u201cDonauleiten von Passau bis Jochenstein\u201d seit 1986, 401 ha<\/li>\n<li><em>Landschaftsschutzgebiet<\/em> (LSG) \u201cDonauengtal Erlau \u2013 Jochenstein seit 1967, aktualisiert 1996, 660 ha<\/li>\n<li><em>Fauna-Flora-Habitat-\/ Natura 2000-Gebiet<\/em>, 534 ha<\/li>\n<\/ul>\n<p>\u00a0<\/p>\n<h4><img loading=\"lazy\" decoding=\"async\" class=\" wp-image-1722 alignright\" src=\"https:\/\/www.hausamstrom.de\/wp-content\/uploads\/2016\/02\/Natura_2000_logo.png\" alt=\"Natura 2000, FFH-Richtlinie, Donauleiten, Donautal\" width=\"193\" height=\"133\" \/>Wichtige Info!<\/h4>\n<p>Die amtliche Verordnung zum Naturschutzgebiet Donauleiten finden Sie <a href=\"https:\/\/hausamstrom.de\/wp-content\/uploads\/2016\/02\/nsgv58_Donauleiten_von_Passau_bis_Jochenstein.pdf\" target=\"_blank\" rel=\"noopener\">hier<\/a>.[\/vc_column_text]<div id=\"1591790469013-5166a39d-6253\" class=\"dt-sc-empty-space\"><\/div>[vc_separator color=\u201dturquoise\u201d]<div id=\"1620816987989-27cf4f09-22ba\" class=\"dt-sc-empty-space\"><\/div>[vc_custom_heading text=\u201dReptilien\u201d font_container=\u201dtag:h3|text_align:left\u201d][vc_column_text]<img loading=\"lazy\" decoding=\"async\" class=\" wp-image-266 alignleft\" src=\"https:\/\/www.hausamstrom.de\/wp-content\/uploads\/2016\/02\/DSC_1739-400x268.jpg\" alt=\"\u00c4skulapnatter, Passau, Donautal, Donauleiten\" width=\"293\" height=\"196\" srcset=\"https:\/\/www.hausamstrom.de\/wp-content\/uploads\/2016\/02\/DSC_1739-400x268.jpg 400w, https:\/\/www.hausamstrom.de\/wp-content\/uploads\/2016\/02\/DSC_1739-1024x686.jpg 1024w, https:\/\/www.hausamstrom.de\/wp-content\/uploads\/2016\/02\/DSC_1739.jpg 1250w\" sizes=\"auto, (max-width: 293px) 100vw, 293px\" \/><\/p>\n<p>\u00a0<\/p>\n<p>Mehr \u00fcber unsere heimischen Reptilien erfahren Sie <a title=\"Reptilien\" href=\"https:\/\/www.hausamstrom.de\/de\/donautal\/donauleiten\/reptilien\/\" target=\"_blank\" rel=\"noopener\">hier<\/a>.<\/p>\n<p><a href=\"http:\/\/www.lars-ev.de\/index.htm\" target=\"_blank\" rel=\"noopener\">Landesverband f\u00fcr Amphibien- und Reptilienschutz in Bayern e. V.<\/a>[\/vc_column_text]<div id=\"1591282977365-21be398e-b475\" class=\"dt-sc-empty-space\"><\/div>[vc_separator color=\u201dturquoise\u201d]<div id=\"1620816998670-c2a234e1-7b68\" class=\"dt-sc-empty-space\"><\/div>[vc_custom_heading text=\u201dHirschk\u00e4fer\u201d font_container=\u201dtag:h3|text_align:left\u201d][vc_column_text]<img loading=\"lazy\" decoding=\"async\" class=\"wp-image-11894 alignleft\" src=\"https:\/\/www.hausamstrom.de\/wp-content\/uploads\/2023\/12\/Hirschkaefer-3556-400x300.jpg\" alt=\"\" width=\"299\" height=\"224\" srcset=\"https:\/\/www.hausamstrom.de\/wp-content\/uploads\/2023\/12\/Hirschkaefer-3556-400x300.jpg 400w, https:\/\/www.hausamstrom.de\/wp-content\/uploads\/2023\/12\/Hirschkaefer-3556-1024x768.jpg 1024w, https:\/\/www.hausamstrom.de\/wp-content\/uploads\/2023\/12\/Hirschkaefer-3556-1536x1152.jpg 1536w, https:\/\/www.hausamstrom.de\/wp-content\/uploads\/2023\/12\/Hirschkaefer-3556-2048x1535.jpg 2048w, https:\/\/www.hausamstrom.de\/wp-content\/uploads\/2023\/12\/Hirschkaefer-3556-750x562.jpg 750w, https:\/\/www.hausamstrom.de\/wp-content\/uploads\/2023\/12\/Hirschkaefer-3556-540x405.jpg 540w, https:\/\/www.hausamstrom.de\/wp-content\/uploads\/2023\/12\/Hirschkaefer-3556-960x720.jpg 960w, https:\/\/www.hausamstrom.de\/wp-content\/uploads\/2023\/12\/Hirschkaefer-3556-640x480.jpg 640w, https:\/\/www.hausamstrom.de\/wp-content\/uploads\/2023\/12\/Hirschkaefer-3556-510x383.jpg 510w, https:\/\/www.hausamstrom.de\/wp-content\/uploads\/2023\/12\/Hirschkaefer-3556-780x585.jpg 780w\" sizes=\"auto, (max-width: 299px) 100vw, 299px\" \/><\/p>\n<p>\u00a0<\/p>\n<p>\u00a0<\/p>\n<p>Mehr \u00fcber den Hirschk\u00e4fer erfahren Sie <a href=\"https:\/\/www.hausamstrom.de\/de\/donautal\/donauleiten\/hirschkaefer\/\" target=\"_blank\" rel=\"noopener\">hier.<\/a>[\/vc_column_text][\/vc_column][\/vc_row][vc_row][vc_column]<div id=\"1591282934805-3542a9c0-020b\" class=\"dt-sc-empty-space\"><\/div>[\/vc_column][\/vc_row][vc_row][vc_column][vc_separator color=\u201dturquoise\u201d][\/vc_column][\/vc_row][vc_row][vc_column]<div id=\"1591282950262-441b491a-517c\" class=\"dt-sc-empty-space\"><\/div>[\/vc_column][\/vc_row]<\/p>\n<\/div>","protected":false},"excerpt":{"rendered":"<p>[vc_row][vc_column][vc_custom_heading text=\u201dDie Donauleiten von Passau bis Jochenstein\u201d][vc_column_text] Das Naturschutzgebiet (NSG) \u201cDonauleiten von Passau bis Jochenstein\u201d ist Bestandteil des europ\u00e4ischen Schutzgebietssystems NATURA 2000, einem bedeutenden Netzwerk von europ\u00e4ischen Schutzgebieten. Das Naturschutzgebiet wurde 1986 ausgewiesen und hat eine Gr\u00f6\u00dfe von 401 ha. Es erstreckt sich \u00fcber mehrere Teile auf einer L\u00e4nge von ca. 30 km, von etwa [&hellip;]<\/p>\n","protected":false},"author":1,"featured_media":0,"parent":49,"menu_order":1,"comment_status":"closed","ping_status":"closed","template":"","meta":{"footnotes":""},"class_list":["post-381","page","type-page","status-publish","hentry"],"yoast_head":"<!-- This site is optimized with the Yoast SEO plugin v27.5 - https:\/\/yoast.com\/product\/yoast-seo-wordpress\/ -->\n<title>Donauleiten - Haus am Strom<\/title>\n<meta name=\"robots\" content=\"index, follow, max-snippet:-1, max-image-preview:large, max-video-preview:-1\" \/>\n<link rel=\"canonical\" href=\"https:\/\/www.hausamstrom.de\/de\/donautal\/donauleiten\/\" \/>\n<meta property=\"og:locale\" content=\"de_DE\" \/>\n<meta property=\"og:type\" content=\"article\" \/>\n<meta property=\"og:title\" content=\"Donauleiten - Haus am Strom\" \/>\n<meta property=\"og:description\" content=\"[vc_row][vc_column][vc_custom_heading text=\u201dDie Donauleiten von Passau bis Jochenstein\u201d][vc_column_text] Das Naturschutzgebiet (NSG) \u201cDonauleiten von Passau bis Jochenstein\u201d ist Bestandteil des europ\u00e4ischen Schutzgebietssystems NATURA 2000, einem bedeutenden Netzwerk von europ\u00e4ischen Schutzgebieten. Das Naturschutzgebiet wurde 1986 ausgewiesen und hat eine Gr\u00f6\u00dfe von 401 ha. Es erstreckt sich \u00fcber mehrere Teile auf einer L\u00e4nge von ca. 30 km, von etwa [&hellip;]\" \/>\n<meta property=\"og:url\" content=\"https:\/\/www.hausamstrom.de\/de\/donautal\/donauleiten\/\" \/>\n<meta property=\"og:site_name\" content=\"Haus am Strom\" \/>\n<meta property=\"article:publisher\" content=\"https:\/\/www.facebook.com\/hausamstrom\" \/>\n<meta property=\"article:modified_time\" content=\"2026-02-18T09:13:29+00:00\" \/>\n<meta property=\"og:image\" content=\"https:\/\/www.hausamstrom.de\/wp-content\/uploads\/2020\/06\/DJI_0142-02_kl.jpg\" \/>\n\t<meta property=\"og:image:width\" content=\"1500\" \/>\n\t<meta property=\"og:image:height\" content=\"1125\" \/>\n\t<meta property=\"og:image:type\" content=\"image\/jpeg\" \/>\n<meta name=\"twitter:card\" content=\"summary_large_image\" \/>\n<meta name=\"twitter:label1\" content=\"Gesch\u00e4tzte Lesezeit\" \/>\n\t<meta name=\"twitter:data1\" content=\"5\u00a0Minuten\" \/>\n<script type=\"application\/ld+json\" class=\"yoast-schema-graph\">{\"@context\":\"https:\\\/\\\/schema.org\",\"@graph\":[{\"@type\":\"WebPage\",\"@id\":\"https:\\\/\\\/www.hausamstrom.de\\\/de\\\/donautal\\\/donauleiten\\\/\",\"url\":\"https:\\\/\\\/www.hausamstrom.de\\\/de\\\/donautal\\\/donauleiten\\\/\",\"name\":\"Donauleiten - Haus am Strom\",\"isPartOf\":{\"@id\":\"https:\\\/\\\/www.hausamstrom.de\\\/de\\\/#website\"},\"primaryImageOfPage\":{\"@id\":\"https:\\\/\\\/www.hausamstrom.de\\\/de\\\/donautal\\\/donauleiten\\\/#primaryimage\"},\"image\":{\"@id\":\"https:\\\/\\\/www.hausamstrom.de\\\/de\\\/donautal\\\/donauleiten\\\/#primaryimage\"},\"thumbnailUrl\":\"https:\\\/\\\/www.hausamstrom.de\\\/wp-content\\\/uploads\\\/2020\\\/06\\\/DJI_0142-02_kl-400x300.jpg\",\"datePublished\":\"2016-03-01T13:41:13+00:00\",\"dateModified\":\"2026-02-18T09:13:29+00:00\",\"breadcrumb\":{\"@id\":\"https:\\\/\\\/www.hausamstrom.de\\\/de\\\/donautal\\\/donauleiten\\\/#breadcrumb\"},\"inLanguage\":\"de\",\"potentialAction\":[{\"@type\":\"ReadAction\",\"target\":[\"https:\\\/\\\/www.hausamstrom.de\\\/de\\\/donautal\\\/donauleiten\\\/\"]}]},{\"@type\":\"ImageObject\",\"inLanguage\":\"de\",\"@id\":\"https:\\\/\\\/www.hausamstrom.de\\\/de\\\/donautal\\\/donauleiten\\\/#primaryimage\",\"url\":\"https:\\\/\\\/www.hausamstrom.de\\\/wp-content\\\/uploads\\\/2020\\\/06\\\/DJI_0142-02_kl-400x300.jpg\",\"contentUrl\":\"https:\\\/\\\/www.hausamstrom.de\\\/wp-content\\\/uploads\\\/2020\\\/06\\\/DJI_0142-02_kl-400x300.jpg\"},{\"@type\":\"BreadcrumbList\",\"@id\":\"https:\\\/\\\/www.hausamstrom.de\\\/de\\\/donautal\\\/donauleiten\\\/#breadcrumb\",\"itemListElement\":[{\"@type\":\"ListItem\",\"position\":1,\"name\":\"Home\",\"item\":\"https:\\\/\\\/www.hausamstrom.de\\\/de\\\/\"},{\"@type\":\"ListItem\",\"position\":2,\"name\":\"Donautal\",\"item\":\"https:\\\/\\\/www.hausamstrom.de\\\/de\\\/donautal\\\/\"},{\"@type\":\"ListItem\",\"position\":3,\"name\":\"Donauleiten\"}]},{\"@type\":\"WebSite\",\"@id\":\"https:\\\/\\\/www.hausamstrom.de\\\/de\\\/#website\",\"url\":\"https:\\\/\\\/www.hausamstrom.de\\\/de\\\/\",\"name\":\"Haus am Strom\",\"description\":\"Umweltbildungsstation im Passauer Donautal. Umweltbildung und Naturschutz f\u00fcr Kinder und Erwachsenen.\",\"publisher\":{\"@id\":\"https:\\\/\\\/www.hausamstrom.de\\\/de\\\/#organization\"},\"potentialAction\":[{\"@type\":\"SearchAction\",\"target\":{\"@type\":\"EntryPoint\",\"urlTemplate\":\"https:\\\/\\\/www.hausamstrom.de\\\/de\\\/?s={search_term_string}\"},\"query-input\":{\"@type\":\"PropertyValueSpecification\",\"valueRequired\":true,\"valueName\":\"search_term_string\"}}],\"inLanguage\":\"de\"},{\"@type\":\"Organization\",\"@id\":\"https:\\\/\\\/www.hausamstrom.de\\\/de\\\/#organization\",\"name\":\"Haus am Strom\",\"url\":\"https:\\\/\\\/www.hausamstrom.de\\\/de\\\/\",\"logo\":{\"@type\":\"ImageObject\",\"inLanguage\":\"de\",\"@id\":\"https:\\\/\\\/www.hausamstrom.de\\\/de\\\/#\\\/schema\\\/logo\\\/image\\\/\",\"url\":\"https:\\\/\\\/www.hausamstrom.de\\\/wp-content\\\/uploads\\\/2025\\\/06\\\/Logo-quadratisch-1024x1024.jpg\",\"contentUrl\":\"https:\\\/\\\/www.hausamstrom.de\\\/wp-content\\\/uploads\\\/2025\\\/06\\\/Logo-quadratisch-1024x1024.jpg\",\"width\":1024,\"height\":1024,\"caption\":\"Haus am Strom\"},\"image\":{\"@id\":\"https:\\\/\\\/www.hausamstrom.de\\\/de\\\/#\\\/schema\\\/logo\\\/image\\\/\"},\"sameAs\":[\"https:\\\/\\\/www.facebook.com\\\/hausamstrom\",\"https:\\\/\\\/www.instagram.com\\\/\"]}]}<\/script>\n<!-- \/ Yoast SEO plugin. -->","yoast_head_json":{"title":"Donauleiten - Haus am Strom","robots":{"index":"index","follow":"follow","max-snippet":"max-snippet:-1","max-image-preview":"max-image-preview:large","max-video-preview":"max-video-preview:-1"},"canonical":"https:\/\/www.hausamstrom.de\/de\/donautal\/donauleiten\/","og_locale":"de_DE","og_type":"article","og_title":"Donauleiten - Haus am Strom","og_description":"[vc_row][vc_column][vc_custom_heading text=\u201dDie Donauleiten von Passau bis Jochenstein\u201d][vc_column_text] Das Naturschutzgebiet (NSG) \u201cDonauleiten von Passau bis Jochenstein\u201d ist Bestandteil des europ\u00e4ischen Schutzgebietssystems NATURA 2000, einem bedeutenden Netzwerk von europ\u00e4ischen Schutzgebieten. Das Naturschutzgebiet wurde 1986 ausgewiesen und hat eine Gr\u00f6\u00dfe von 401 ha. Es erstreckt sich \u00fcber mehrere Teile auf einer L\u00e4nge von ca. 30 km, von etwa [&hellip;]","og_url":"https:\/\/www.hausamstrom.de\/de\/donautal\/donauleiten\/","og_site_name":"Haus am Strom","article_publisher":"https:\/\/www.facebook.com\/hausamstrom","article_modified_time":"2026-02-18T09:13:29+00:00","og_image":[{"width":1500,"height":1125,"url":"https:\/\/www.hausamstrom.de\/wp-content\/uploads\/2020\/06\/DJI_0142-02_kl.jpg","type":"image\/jpeg"}],"twitter_card":"summary_large_image","twitter_misc":{"Gesch\u00e4tzte Lesezeit":"5\u00a0Minuten"},"schema":{"@context":"https:\/\/schema.org","@graph":[{"@type":"WebPage","@id":"https:\/\/www.hausamstrom.de\/de\/donautal\/donauleiten\/","url":"https:\/\/www.hausamstrom.de\/de\/donautal\/donauleiten\/","name":"Donauleiten - Haus am Strom","isPartOf":{"@id":"https:\/\/www.hausamstrom.de\/de\/#website"},"primaryImageOfPage":{"@id":"https:\/\/www.hausamstrom.de\/de\/donautal\/donauleiten\/#primaryimage"},"image":{"@id":"https:\/\/www.hausamstrom.de\/de\/donautal\/donauleiten\/#primaryimage"},"thumbnailUrl":"https:\/\/www.hausamstrom.de\/wp-content\/uploads\/2020\/06\/DJI_0142-02_kl-400x300.jpg","datePublished":"2016-03-01T13:41:13+00:00","dateModified":"2026-02-18T09:13:29+00:00","breadcrumb":{"@id":"https:\/\/www.hausamstrom.de\/de\/donautal\/donauleiten\/#breadcrumb"},"inLanguage":"de","potentialAction":[{"@type":"ReadAction","target":["https:\/\/www.hausamstrom.de\/de\/donautal\/donauleiten\/"]}]},{"@type":"ImageObject","inLanguage":"de","@id":"https:\/\/www.hausamstrom.de\/de\/donautal\/donauleiten\/#primaryimage","url":"https:\/\/www.hausamstrom.de\/wp-content\/uploads\/2020\/06\/DJI_0142-02_kl-400x300.jpg","contentUrl":"https:\/\/www.hausamstrom.de\/wp-content\/uploads\/2020\/06\/DJI_0142-02_kl-400x300.jpg"},{"@type":"BreadcrumbList","@id":"https:\/\/www.hausamstrom.de\/de\/donautal\/donauleiten\/#breadcrumb","itemListElement":[{"@type":"ListItem","position":1,"name":"Home","item":"https:\/\/www.hausamstrom.de\/de\/"},{"@type":"ListItem","position":2,"name":"Donautal","item":"https:\/\/www.hausamstrom.de\/de\/donautal\/"},{"@type":"ListItem","position":3,"name":"Donauleiten"}]},{"@type":"WebSite","@id":"https:\/\/www.hausamstrom.de\/de\/#website","url":"https:\/\/www.hausamstrom.de\/de\/","name":"Haus am Strom","description":"Umweltbildungsstation im Passauer Donautal. Umweltbildung und Naturschutz f\u00fcr Kinder und Erwachsenen.","publisher":{"@id":"https:\/\/www.hausamstrom.de\/de\/#organization"},"potentialAction":[{"@type":"SearchAction","target":{"@type":"EntryPoint","urlTemplate":"https:\/\/www.hausamstrom.de\/de\/?s={search_term_string}"},"query-input":{"@type":"PropertyValueSpecification","valueRequired":true,"valueName":"search_term_string"}}],"inLanguage":"de"},{"@type":"Organization","@id":"https:\/\/www.hausamstrom.de\/de\/#organization","name":"Haus am Strom","url":"https:\/\/www.hausamstrom.de\/de\/","logo":{"@type":"ImageObject","inLanguage":"de","@id":"https:\/\/www.hausamstrom.de\/de\/#\/schema\/logo\/image\/","url":"https:\/\/www.hausamstrom.de\/wp-content\/uploads\/2025\/06\/Logo-quadratisch-1024x1024.jpg","contentUrl":"https:\/\/www.hausamstrom.de\/wp-content\/uploads\/2025\/06\/Logo-quadratisch-1024x1024.jpg","width":1024,"height":1024,"caption":"Haus am Strom"},"image":{"@id":"https:\/\/www.hausamstrom.de\/de\/#\/schema\/logo\/image\/"},"sameAs":["https:\/\/www.facebook.com\/hausamstrom","https:\/\/www.instagram.com\/"]}]}},"_links":{"self":[{"href":"https:\/\/www.hausamstrom.de\/de\/wp-json\/wp\/v2\/pages\/381","targetHints":{"allow":["GET"]}}],"collection":[{"href":"https:\/\/www.hausamstrom.de\/de\/wp-json\/wp\/v2\/pages"}],"about":[{"href":"https:\/\/www.hausamstrom.de\/de\/wp-json\/wp\/v2\/types\/page"}],"author":[{"embeddable":true,"href":"https:\/\/www.hausamstrom.de\/de\/wp-json\/wp\/v2\/users\/1"}],"replies":[{"embeddable":true,"href":"https:\/\/www.hausamstrom.de\/de\/wp-json\/wp\/v2\/comments?post=381"}],"version-history":[{"count":10,"href":"https:\/\/www.hausamstrom.de\/de\/wp-json\/wp\/v2\/pages\/381\/revisions"}],"predecessor-version":[{"id":13946,"href":"https:\/\/www.hausamstrom.de\/de\/wp-json\/wp\/v2\/pages\/381\/revisions\/13946"}],"up":[{"embeddable":true,"href":"https:\/\/www.hausamstrom.de\/de\/wp-json\/wp\/v2\/pages\/49"}],"wp:attachment":[{"href":"https:\/\/www.hausamstrom.de\/de\/wp-json\/wp\/v2\/media?parent=381"}],"curies":[{"name":"wp","href":"https:\/\/api.w.org\/{rel}","templated":true}]}}