{"id":383,"date":"2016-03-01T14:41:44","date_gmt":"2016-03-01T13:41:44","guid":{"rendered":"http:\/\/hosting6807.af944.netcup.net\/?page_id=383"},"modified":"2026-03-12T10:49:54","modified_gmt":"2026-03-12T09:49:54","slug":"gebietsbetreuung","status":"publish","type":"page","link":"https:\/\/www.hausamstrom.de\/de\/donautal\/gebietsbetreuung\/","title":{"rendered":"Gebietsbetreuung"},"content":{"rendered":"<div class=\"wpb-content-wrapper\"><p>[vc_row][vc_column][vc_custom_heading text=\u201dGebietsbetreuung in Bayern \u2013 Naturschutz. F\u00fcr Dich. Vor Ort\u201d css=\u201d\u201d][\/vc_column][\/vc_row][vc_row][vc_column width=\u201d2\/3\u2033][vc_column_text css=\u201d\u201d]Die Gebietsbetreuung f\u00fcr das Naturschutz- und Natura2000-Gebiet \u201cDonauleiten von Passau bis Jochenstein\u201d k\u00fcmmert sich seit 2003 um das Schutzgebiet. Aktueller Gebietsbetreuer ist <strong>Daniel Gueffroy<\/strong>, Sprechstunde ist immer dienstags.<\/p>\n<p>Zu den Aufgaben der Gebietsbetreuung geh\u00f6ren unter anderem:<\/p>\n<ul>\n<li>\u00d6ffentlichkeitsarbeit: Medienarbeit und Verfassen von Informationsmaterialien<\/li>\n<li>Umweltbildung: z. B. F\u00fchrungen durch und Vortr\u00e4ge \u00fcber das Naturschutzgebiet Donauleiten<\/li>\n<li>Besucherlenkung: wie z. B. die Herausgabe eines Flyers \u00fcber das Naturschutzgebiet und eine \u00dcbersicht \u00fcber die Wanderwege, Erarbeiten von Besucherlenkungskonzepten<\/li>\n<li>Arten- und Biotopschutz: Erheben und Sammeln von naturschutzfachlichen Daten wie z. B. Standorte von besonders gesch\u00fctzten Pflanzen, Erarbeitung und Begleitung von Monitoringkonzepten, Initiierung und Planung von Artenhilfsma\u00dfnahmen, Unterst\u00fctzung von Beh\u00f6rden bei der Planung und Durchf\u00fchrung von Ma\u00dfnahmen<\/li>\n<li>Vernetzung: Aufbau und Pflege von Netzwerken (z. B. Landnutzer, Beh\u00f6rden, Forst, J\u00e4gerschaft, Naturschutzverb\u00e4nden, Ehrenamtlichen etc.)<\/li>\n<li>Beratung unterschiedlicher Interessensgruppen (Naturschutz, Bildung, Tourismus und Land- und Forstwirtschaft), Konfliktl\u00f6sung, Mediation<\/li>\n<\/ul>\n<div data-subtree=\"aimfl,mfl\" data-processed=\"true\">In Bayern sind derzeit \u00fcber 70 Gebietsbetreuerinnen und Gebietsbetreuer in der Naturschutzarbeit aktiv. Wenn Sie sich \u00fcber die betreuten Gebiete oder die Arbeit vor Ort informieren oder direkt Kontakt aufnehmen m\u00f6chten, finden Sie die Informationen auf der Website der Gebietsbetreuer in Bayern unter <a href=\"https:\/\/gebietsbetreuung.bayern\/\">www.gebietsbetreuung.de<\/a>.<\/div>\n<p>[\/vc_column_text][\/vc_column][vc_column width=\u201d1\/3\u2033][vc_single_image image=\u201d13922\u2033 img_size=\u201dfull\u201d css=\u201d\u201d][vc_empty_space][\/vc_column][\/vc_row][vc_row][vc_column][vc_empty_space][\/vc_column][\/vc_row][vc_row][vc_column][vc_separator color=\u201dturquoise\u201d][\/vc_column][vc_column][vc_empty_space][vc_custom_heading text=\u201dThemen der Gebietsbetreuung\u201d font_container=\u201dtag:h3|text_align:left\u201d]<div id=\"1711531384544-57e01346-d037\" class=\"dt-sc-empty-space\"><\/div>[\/vc_column][\/vc_row][vc_row][vc_column width=\u201d1\/4\u2033][vc_single_image image=\u201d13935\u2033 img_size=\u201dmedium\u201d css=\u201d\u201d]<div id=\"1711532384727-cdf0ca74-3c3b\" class=\"dt-sc-empty-space\"><\/div>[vc_single_image image=\u201d12528\u2033 img_size=\u201dmedium\u201d css=\u201d\u201d]<div id=\"1716541284610-3a3b0efa-912a\" class=\"dt-sc-empty-space\"><\/div>[vc_single_image image=\u201d13941\u2033 img_size=\u201dmedium\u201d css=\u201d\u201d]<div id=\"1716543461062-cb2b8d58-cb2a\" class=\"dt-sc-empty-space\"><\/div>[vc_single_image image=\u201d13947\u2033 img_size=\u201dmedium\u201d css=\u201d\u201d]<div id=\"1771407419378-0274bf7a-dbde\" class=\"dt-sc-empty-space\"><\/div>[vc_single_image image=\u201d13951\u2033 img_size=\u201dmedium\u201d css=\u201d\u201d][\/vc_column][vc_column width=\u201d3\/4\u2033]<div id=\"1711532895907-1fafb14b-036c\" class=\"dt-sc-empty-space\"><\/div>[vc_btn title=\u201dSchutz gef\u00e4hrdeter Pflanzenarten in Fels-, Wald- und Wiesenbiotopen\u201d color=\u201dprimary\u201d css=\u201d\u201d link=\u201durl:https%3A%2F%2Fwww.hausamstrom.de%2Fde%2Fgefaehrdete-pflanzen%2F|title:Gefaehrdete%20Pflanzen\u201d]<div id=\"1711533162300-4d2fdbae-4283\" class=\"dt-sc-empty-space\"><\/div><div id=\"1711533167427-9eea6b9a-dfb9\" class=\"dt-sc-empty-space\"><\/div><div id=\"1711546628966-90b94340-ae9f\" class=\"dt-sc-empty-space\"><\/div><div id=\"1711543523614-b025ea7f-3fd0\" class=\"dt-sc-empty-space\"><\/div>[vc_btn title=\u201dBiotopverbund f\u00fcr Amphibien\u201d color=\u201dprimary\u201d css=\u201d\u201d link=\u201durl:https%3A%2F%2Fwww.hausamstrom.de%2Fde%2Fbiotopverbund-fuer-amphibien%2F|title:Fr%C3%BChjahrsaspekt%20in%20den%20Donauleiten\u201d]<div id=\"1716541455689-273d8d2c-d0fb\" class=\"dt-sc-empty-space\"><\/div><div id=\"1716541459566-1c75127b-bf4b\" class=\"dt-sc-empty-space\"><\/div><div id=\"1771407611002-6bf8e602-11bf\" class=\"dt-sc-empty-space\"><\/div><div id=\"1716541459405-fc39e9f7-f611\" class=\"dt-sc-empty-space\"><\/div><div id=\"1716541459040-ca6b148f-08b7\" class=\"dt-sc-empty-space\"><\/div>[vc_btn title=\u201dHorchboxen zur Erfassung von seltenen Vogelarten\u201d color=\u201dprimary\u201d css=\u201d\u201d link=\u201durl:https%3A%2F%2Fwww.hausamstrom.de%2Fde%2Fhorchboxen-zur-erfassung-von-seltenen-vogelarten|title:Bergmolch\u201d]<div id=\"1716542403658-d3360a1f-cf49\" class=\"dt-sc-empty-space\"><\/div><div id=\"1771407517449-83ec7a2f-6429\" class=\"dt-sc-empty-space\"><\/div><div id=\"1716542403388-3ea20469-be13\" class=\"dt-sc-empty-space\"><\/div><div id=\"1771407581653-62c825cd-0b1a\" class=\"dt-sc-empty-space\"><\/div><div id=\"1716542403093-5ce2e722-667b\" class=\"dt-sc-empty-space\"><\/div><div id=\"1771407481613-da1aa729-6a09\" class=\"dt-sc-empty-space\"><\/div><div id=\"1771407479455-88091f10-7c49\" class=\"dt-sc-empty-space\"><\/div>[vc_btn title=\u201dHaselmauserfassung\u201d color=\u201dprimary\u201d css=\u201d\u201d link=\u201durl:https%3A%2F%2Fwww.hausamstrom.de%2Fde%2Fhaselmauserfassung%2F%3F|title:Haselmaus\u201d]<div id=\"1716543535995-dc516522-5323\" class=\"dt-sc-empty-space\"><\/div><div id=\"1716543540282-ba106e6b-5f02\" class=\"dt-sc-empty-space\"><\/div><div id=\"1771407484601-b258ee36-f764\" class=\"dt-sc-empty-space\"><\/div><div id=\"1716543540138-89a0a1e1-ee70\" class=\"dt-sc-empty-space\"><\/div><div id=\"1771407544875-13e4a233-e9ea\" class=\"dt-sc-empty-space\"><\/div><div id=\"1716543539987-32ff318b-6de8\" class=\"dt-sc-empty-space\"><\/div>[vc_btn title=\u201dWildtierkameras\u201d color=\u201dprimary\u201d css=\u201d\u201d link=\u201durl:https%3A%2F%2Fwww.hausamstrom.de%2Fde%2Fwiltierkameras%2F\u201d][\/vc_column][vc_column]<div id=\"1711533608021-01f28654-0fd4\" class=\"dt-sc-empty-space\"><\/div>[vc_separator color=\u201dturquoise\u201d]<div id=\"1711533612016-d16543d6-3b95\" class=\"dt-sc-empty-space\"><\/div>[vc_custom_heading text=\u201dDas neue Mal- und R\u00e4tselbuch f\u00fcr Kinder\u201d font_container=\u201dtag:h3|text_align:left\u201d]<div id=\"1716544752447-7a22cc35-e1d7\" class=\"dt-sc-empty-space\"><\/div>[\/vc_column][\/vc_row][vc_row][vc_column width=\u201d1\/4\u2033][vc_single_image image=\u201d12666\u2033 img_size=\u201dmedium\u201d][\/vc_column][vc_column width=\u201d3\/4\u2033]<div id=\"1716544938645-eef923c3-168e\" class=\"dt-sc-empty-space\"><\/div>[vc_btn title=\u201dMal- und R\u00e4tselbuch\u201d color=\u201dprimary\u201d css=\u201d\u201d link=\u201durl:https%3A%2F%2Fwww.hausamstrom.de%2Fwp-content%2Fuploads%2F2024%2F05%2FMalbuch-Kinder-Webseite.pdf|title:Mal-%20und%20R%C3%A4tselbuch%20\u2033]<div id=\"1716544947469-0bf37d25-3000\" class=\"dt-sc-empty-space\"><\/div><div id=\"1716545009732-714da5f7-0d6e\" class=\"dt-sc-empty-space\"><\/div>[\/vc_column][vc_column][vc_separator color=\u201dturquoise\u201d]<div id=\"1716545015114-379db50c-91a7\" class=\"dt-sc-empty-space\"><\/div>[\/vc_column][vc_column][vc_column_text]Die Gebietsbetreuung wird vom Bayerischen Naturschutzfonds gef\u00f6rdert.<\/p>\n<p>\u00a0<\/p>\n<p><img loading=\"lazy\" decoding=\"async\" class=\"size-medium wp-image-1479 alignleft\" src=\"https:\/\/www.hausamstrom.de\/wp-content\/uploads\/2016\/02\/BayNF_F\u00f6rderhinweis_2015_2-400x80.png\" alt=\"\" width=\"400\" height=\"80\" srcset=\"https:\/\/www.hausamstrom.de\/wp-content\/uploads\/2016\/02\/BayNF_F\u00f6rderhinweis_2015_2-400x80.png 400w, https:\/\/www.hausamstrom.de\/wp-content\/uploads\/2016\/02\/BayNF_F\u00f6rderhinweis_2015_2-600x121.png 600w, https:\/\/www.hausamstrom.de\/wp-content\/uploads\/2016\/02\/BayNF_F\u00f6rderhinweis_2015_2.png 608w\" sizes=\"auto, (max-width: 400px) 100vw, 400px\" \/>[\/vc_column_text][\/vc_column][\/vc_row]<\/p>\n<\/div>","protected":false},"excerpt":{"rendered":"<p>[vc_row][vc_column][vc_custom_heading text=\u201dGebietsbetreuung in Bayern \u2013 Naturschutz. F\u00fcr Dich. Vor Ort\u201d css=\u201d\u201d][\/vc_column][\/vc_row][vc_row][vc_column width=\u201d2\/3\u2033][vc_column_text css=\u201d\u201d]Die Gebietsbetreuung f\u00fcr das Naturschutz- und Natura2000-Gebiet \u201cDonauleiten von Passau bis Jochenstein\u201d k\u00fcmmert sich seit 2003 um das Schutzgebiet. Aktueller Gebietsbetreuer ist Daniel Gueffroy, Sprechstunde ist immer dienstags. Zu den Aufgaben der Gebietsbetreuung geh\u00f6ren unter anderem: \u00d6ffentlichkeitsarbeit: Medienarbeit und Verfassen von Informationsmaterialien Umweltbildung: [&hellip;]<\/p>\n","protected":false},"author":1,"featured_media":0,"parent":49,"menu_order":2,"comment_status":"closed","ping_status":"closed","template":"","meta":{"footnotes":""},"class_list":["post-383","page","type-page","status-publish","hentry"],"yoast_head":"<!-- This site is optimized with the Yoast SEO plugin v27.5 - https:\/\/yoast.com\/product\/yoast-seo-wordpress\/ -->\n<title>Gebietsbetreuung - Haus am Strom<\/title>\n<meta name=\"robots\" content=\"index, follow, max-snippet:-1, max-image-preview:large, max-video-preview:-1\" \/>\n<link rel=\"canonical\" href=\"https:\/\/www.hausamstrom.de\/de\/donautal\/gebietsbetreuung\/\" \/>\n<meta property=\"og:locale\" content=\"de_DE\" \/>\n<meta property=\"og:type\" content=\"article\" \/>\n<meta property=\"og:title\" content=\"Gebietsbetreuung - Haus am Strom\" \/>\n<meta property=\"og:description\" content=\"[vc_row][vc_column][vc_custom_heading text=\u201dGebietsbetreuung in Bayern \u2013 Naturschutz. F\u00fcr Dich. Vor Ort\u201d css=\u201d\u201d][\/vc_column][\/vc_row][vc_row][vc_column width=\u201d2\/3\u2033][vc_column_text css=\u201d\u201d]Die Gebietsbetreuung f\u00fcr das Naturschutz- und Natura2000-Gebiet \u201cDonauleiten von Passau bis Jochenstein\u201d k\u00fcmmert sich seit 2003 um das Schutzgebiet. Aktueller Gebietsbetreuer ist Daniel Gueffroy, Sprechstunde ist immer dienstags. Zu den Aufgaben der Gebietsbetreuung geh\u00f6ren unter anderem: \u00d6ffentlichkeitsarbeit: Medienarbeit und Verfassen von Informationsmaterialien Umweltbildung: [&hellip;]\" \/>\n<meta property=\"og:url\" content=\"https:\/\/www.hausamstrom.de\/de\/donautal\/gebietsbetreuung\/\" \/>\n<meta property=\"og:site_name\" content=\"Haus am Strom\" \/>\n<meta property=\"article:publisher\" content=\"https:\/\/www.facebook.com\/hausamstrom\" \/>\n<meta property=\"article:modified_time\" content=\"2026-03-12T09:49:54+00:00\" \/>\n<meta name=\"twitter:card\" content=\"summary_large_image\" \/>\n<meta name=\"twitter:label1\" content=\"Gesch\u00e4tzte Lesezeit\" \/>\n\t<meta name=\"twitter:data1\" content=\"5\u00a0Minuten\" \/>\n<script type=\"application\/ld+json\" class=\"yoast-schema-graph\">{\"@context\":\"https:\\\/\\\/schema.org\",\"@graph\":[{\"@type\":\"WebPage\",\"@id\":\"https:\\\/\\\/www.hausamstrom.de\\\/de\\\/donautal\\\/gebietsbetreuung\\\/\",\"url\":\"https:\\\/\\\/www.hausamstrom.de\\\/de\\\/donautal\\\/gebietsbetreuung\\\/\",\"name\":\"Gebietsbetreuung - Haus am Strom\",\"isPartOf\":{\"@id\":\"https:\\\/\\\/www.hausamstrom.de\\\/de\\\/#website\"},\"datePublished\":\"2016-03-01T13:41:44+00:00\",\"dateModified\":\"2026-03-12T09:49:54+00:00\",\"breadcrumb\":{\"@id\":\"https:\\\/\\\/www.hausamstrom.de\\\/de\\\/donautal\\\/gebietsbetreuung\\\/#breadcrumb\"},\"inLanguage\":\"de\",\"potentialAction\":[{\"@type\":\"ReadAction\",\"target\":[\"https:\\\/\\\/www.hausamstrom.de\\\/de\\\/donautal\\\/gebietsbetreuung\\\/\"]}]},{\"@type\":\"BreadcrumbList\",\"@id\":\"https:\\\/\\\/www.hausamstrom.de\\\/de\\\/donautal\\\/gebietsbetreuung\\\/#breadcrumb\",\"itemListElement\":[{\"@type\":\"ListItem\",\"position\":1,\"name\":\"Home\",\"item\":\"https:\\\/\\\/www.hausamstrom.de\\\/de\\\/\"},{\"@type\":\"ListItem\",\"position\":2,\"name\":\"Donautal\",\"item\":\"https:\\\/\\\/www.hausamstrom.de\\\/de\\\/donautal\\\/\"},{\"@type\":\"ListItem\",\"position\":3,\"name\":\"Gebietsbetreuung\"}]},{\"@type\":\"WebSite\",\"@id\":\"https:\\\/\\\/www.hausamstrom.de\\\/de\\\/#website\",\"url\":\"https:\\\/\\\/www.hausamstrom.de\\\/de\\\/\",\"name\":\"Haus am Strom\",\"description\":\"Umweltbildungsstation im Passauer Donautal. Umweltbildung und Naturschutz f\u00fcr Kinder und Erwachsenen.\",\"publisher\":{\"@id\":\"https:\\\/\\\/www.hausamstrom.de\\\/de\\\/#organization\"},\"potentialAction\":[{\"@type\":\"SearchAction\",\"target\":{\"@type\":\"EntryPoint\",\"urlTemplate\":\"https:\\\/\\\/www.hausamstrom.de\\\/de\\\/?s={search_term_string}\"},\"query-input\":{\"@type\":\"PropertyValueSpecification\",\"valueRequired\":true,\"valueName\":\"search_term_string\"}}],\"inLanguage\":\"de\"},{\"@type\":\"Organization\",\"@id\":\"https:\\\/\\\/www.hausamstrom.de\\\/de\\\/#organization\",\"name\":\"Haus am Strom\",\"url\":\"https:\\\/\\\/www.hausamstrom.de\\\/de\\\/\",\"logo\":{\"@type\":\"ImageObject\",\"inLanguage\":\"de\",\"@id\":\"https:\\\/\\\/www.hausamstrom.de\\\/de\\\/#\\\/schema\\\/logo\\\/image\\\/\",\"url\":\"https:\\\/\\\/www.hausamstrom.de\\\/wp-content\\\/uploads\\\/2025\\\/06\\\/Logo-quadratisch-1024x1024.jpg\",\"contentUrl\":\"https:\\\/\\\/www.hausamstrom.de\\\/wp-content\\\/uploads\\\/2025\\\/06\\\/Logo-quadratisch-1024x1024.jpg\",\"width\":1024,\"height\":1024,\"caption\":\"Haus am Strom\"},\"image\":{\"@id\":\"https:\\\/\\\/www.hausamstrom.de\\\/de\\\/#\\\/schema\\\/logo\\\/image\\\/\"},\"sameAs\":[\"https:\\\/\\\/www.facebook.com\\\/hausamstrom\",\"https:\\\/\\\/www.instagram.com\\\/\"]}]}<\/script>\n<!-- \/ Yoast SEO plugin. -->","yoast_head_json":{"title":"Gebietsbetreuung - Haus am Strom","robots":{"index":"index","follow":"follow","max-snippet":"max-snippet:-1","max-image-preview":"max-image-preview:large","max-video-preview":"max-video-preview:-1"},"canonical":"https:\/\/www.hausamstrom.de\/de\/donautal\/gebietsbetreuung\/","og_locale":"de_DE","og_type":"article","og_title":"Gebietsbetreuung - Haus am Strom","og_description":"[vc_row][vc_column][vc_custom_heading text=\u201dGebietsbetreuung in Bayern \u2013 Naturschutz. F\u00fcr Dich. Vor Ort\u201d css=\u201d\u201d][\/vc_column][\/vc_row][vc_row][vc_column width=\u201d2\/3\u2033][vc_column_text css=\u201d\u201d]Die Gebietsbetreuung f\u00fcr das Naturschutz- und Natura2000-Gebiet \u201cDonauleiten von Passau bis Jochenstein\u201d k\u00fcmmert sich seit 2003 um das Schutzgebiet. Aktueller Gebietsbetreuer ist Daniel Gueffroy, Sprechstunde ist immer dienstags. Zu den Aufgaben der Gebietsbetreuung geh\u00f6ren unter anderem: \u00d6ffentlichkeitsarbeit: Medienarbeit und Verfassen von Informationsmaterialien Umweltbildung: [&hellip;]","og_url":"https:\/\/www.hausamstrom.de\/de\/donautal\/gebietsbetreuung\/","og_site_name":"Haus am Strom","article_publisher":"https:\/\/www.facebook.com\/hausamstrom","article_modified_time":"2026-03-12T09:49:54+00:00","twitter_card":"summary_large_image","twitter_misc":{"Gesch\u00e4tzte Lesezeit":"5\u00a0Minuten"},"schema":{"@context":"https:\/\/schema.org","@graph":[{"@type":"WebPage","@id":"https:\/\/www.hausamstrom.de\/de\/donautal\/gebietsbetreuung\/","url":"https:\/\/www.hausamstrom.de\/de\/donautal\/gebietsbetreuung\/","name":"Gebietsbetreuung - Haus am Strom","isPartOf":{"@id":"https:\/\/www.hausamstrom.de\/de\/#website"},"datePublished":"2016-03-01T13:41:44+00:00","dateModified":"2026-03-12T09:49:54+00:00","breadcrumb":{"@id":"https:\/\/www.hausamstrom.de\/de\/donautal\/gebietsbetreuung\/#breadcrumb"},"inLanguage":"de","potentialAction":[{"@type":"ReadAction","target":["https:\/\/www.hausamstrom.de\/de\/donautal\/gebietsbetreuung\/"]}]},{"@type":"BreadcrumbList","@id":"https:\/\/www.hausamstrom.de\/de\/donautal\/gebietsbetreuung\/#breadcrumb","itemListElement":[{"@type":"ListItem","position":1,"name":"Home","item":"https:\/\/www.hausamstrom.de\/de\/"},{"@type":"ListItem","position":2,"name":"Donautal","item":"https:\/\/www.hausamstrom.de\/de\/donautal\/"},{"@type":"ListItem","position":3,"name":"Gebietsbetreuung"}]},{"@type":"WebSite","@id":"https:\/\/www.hausamstrom.de\/de\/#website","url":"https:\/\/www.hausamstrom.de\/de\/","name":"Haus am Strom","description":"Umweltbildungsstation im Passauer Donautal. Umweltbildung und Naturschutz f\u00fcr Kinder und Erwachsenen.","publisher":{"@id":"https:\/\/www.hausamstrom.de\/de\/#organization"},"potentialAction":[{"@type":"SearchAction","target":{"@type":"EntryPoint","urlTemplate":"https:\/\/www.hausamstrom.de\/de\/?s={search_term_string}"},"query-input":{"@type":"PropertyValueSpecification","valueRequired":true,"valueName":"search_term_string"}}],"inLanguage":"de"},{"@type":"Organization","@id":"https:\/\/www.hausamstrom.de\/de\/#organization","name":"Haus am Strom","url":"https:\/\/www.hausamstrom.de\/de\/","logo":{"@type":"ImageObject","inLanguage":"de","@id":"https:\/\/www.hausamstrom.de\/de\/#\/schema\/logo\/image\/","url":"https:\/\/www.hausamstrom.de\/wp-content\/uploads\/2025\/06\/Logo-quadratisch-1024x1024.jpg","contentUrl":"https:\/\/www.hausamstrom.de\/wp-content\/uploads\/2025\/06\/Logo-quadratisch-1024x1024.jpg","width":1024,"height":1024,"caption":"Haus am Strom"},"image":{"@id":"https:\/\/www.hausamstrom.de\/de\/#\/schema\/logo\/image\/"},"sameAs":["https:\/\/www.facebook.com\/hausamstrom","https:\/\/www.instagram.com\/"]}]}},"_links":{"self":[{"href":"https:\/\/www.hausamstrom.de\/de\/wp-json\/wp\/v2\/pages\/383","targetHints":{"allow":["GET"]}}],"collection":[{"href":"https:\/\/www.hausamstrom.de\/de\/wp-json\/wp\/v2\/pages"}],"about":[{"href":"https:\/\/www.hausamstrom.de\/de\/wp-json\/wp\/v2\/types\/page"}],"author":[{"embeddable":true,"href":"https:\/\/www.hausamstrom.de\/de\/wp-json\/wp\/v2\/users\/1"}],"replies":[{"embeddable":true,"href":"https:\/\/www.hausamstrom.de\/de\/wp-json\/wp\/v2\/comments?post=383"}],"version-history":[{"count":10,"href":"https:\/\/www.hausamstrom.de\/de\/wp-json\/wp\/v2\/pages\/383\/revisions"}],"predecessor-version":[{"id":14349,"href":"https:\/\/www.hausamstrom.de\/de\/wp-json\/wp\/v2\/pages\/383\/revisions\/14349"}],"up":[{"embeddable":true,"href":"https:\/\/www.hausamstrom.de\/de\/wp-json\/wp\/v2\/pages\/49"}],"wp:attachment":[{"href":"https:\/\/www.hausamstrom.de\/de\/wp-json\/wp\/v2\/media?parent=383"}],"curies":[{"name":"wp","href":"https:\/\/api.w.org\/{rel}","templated":true}]}}