{"id":385,"date":"2016-03-01T14:42:10","date_gmt":"2016-03-01T13:42:10","guid":{"rendered":"http:\/\/hosting6807.af944.netcup.net\/?page_id=385"},"modified":"2026-02-18T08:40:24","modified_gmt":"2026-02-18T07:40:24","slug":"wandern","status":"publish","type":"page","link":"https:\/\/www.hausamstrom.de\/de\/donautal\/wandern\/","title":{"rendered":"Wandern"},"content":{"rendered":"<div class=\"wpb-content-wrapper\"><p>[vc_row][vc_column][vc_custom_heading text=\u201dWandern im Donautal\u201d][vc_single_image image=\u201d11951\u2033 img_size=\u201dmedium\u201d][vc_column_text css=\u201d\u201d]Die Donauleiten laden zu jeder Jahreszeit zu einer Wanderung ein. Gerade im Fr\u00fchjahr, aber auch im Herbst zeigen sich die H\u00e4nge von ihrer sch\u00f6nsten Seite. Am Wegesrand lassen sich so manche Kostbarkeiten, wie Smaragdeidechse, Alpenveilchen oder Hirschk\u00e4fer, entdecken.<\/p>\n<p>Jetzt gibt\u2019s viele Wanderangebote in den Donauleiten auch auf outdooractive.com. Nutzen Sie die detaillierten Informationen auf Ihrem GPS-Ger\u00e4t, Tablet oder Smartphone. Oder drucken Sie einfach alles auf Papier.<\/p>\n<ul>\n<li><a class=\"external-link-new-window\" title=\"Opens external link in new window\" href=\"https:\/\/www.outdooractive.com\/de\/route\/wanderung\/bayerischer-wald-mittelgebirge-\/auf-schleichwegen-durch-passau\/102010144\/\" target=\"_blank\" rel=\"noopener noreferrer\">Auf Schleichwegen durch Passau<\/a><\/li>\n<li><a class=\"external-link-new-window\" title=\"Opens external link in new window\" href=\"https:\/\/www.outdooractive.com\/de\/route\/wanderung\/bayerischer-wald-mittelgebirge-\/wildes-erlautal\/101971997\/\" target=\"_blank\" rel=\"noopener noreferrer\">Wildes Erlautal<\/a><\/li>\n<li><a class=\"external-link-new-window\" title=\"Opens external link in new window\" href=\"https:\/\/www.outdooractive.com\/de\/route\/wanderung\/bayerischer-wald-mittelgebirge-\/kohlbachtal-rundwanderung\/101875049\/\" target=\"_blank\" rel=\"noopener noreferrer\">Kohlbachtal-Rundwanderung<\/a><\/li>\n<li><a class=\"external-link-new-window\" title=\"Opens external link in new window\" href=\"https:\/\/www.outdooractive.com\/de\/route\/wanderung\/bayerischer-wald-mittelgebirge-\/ebenstein-runde\/101976305\/\" target=\"_blank\" rel=\"noopener noreferrer\">Ebenstein-Runde<\/a> (mit beeindruckender Aussicht)<\/li>\n<li><a class=\"external-link-new-window\" title=\"Opens external link in new window\" href=\"https:\/\/www.outdooractive.com\/de\/route\/themenweg\/bayerischer-wald-mittelgebirge-\/life-naturwald-weg-donauleiten\/101736176\/\" target=\"_blank\" rel=\"noopener noreferrer\">LIFE-Naturwald-Weg<\/a><\/li>\n<li><a href=\"https:\/\/www.outdooractive.com\/de\/route\/themenweg\/bayerischer-wald-mittelgebirge-\/erlebnisweg-vom-haus-am-strom\/115251566\/\" target=\"_blank\" rel=\"noopener noreferrer\">Erlebnisweg<\/a><\/li>\n<\/ul>\n<p>Ein Service der Gebietsbetreuung f\u00fcr das Naturschutzgebiet Donauleiten unter Nutzung der Website <a href=\"http:\/\/www.outdooractive.com\/\">outdooractive.com<\/a>.[\/vc_column_text]<div id=\"1628754246621-fc1b9b1b-a309\" class=\"dt-sc-empty-space\"><\/div>[vc_separator color=\u201dturquoise\u201d]<div id=\"1620829041098-6f191d63-9ad3\" class=\"dt-sc-empty-space\"><\/div>[vc_custom_heading text=\u201dWanderwege in den Jochensteiner Leiten\u201d][vc_column_text]Laden Sie hier den Flyer mit den sch\u00f6nsten Wanderwegen im Naturschutzgebiet Donauleiten herunter (auf das Foto klicken).<\/p>\n<p><a href=\"https:\/\/www.hausamstrom.de\/wp-content\/uploads\/2016\/04\/HaS_flyer_wanderweg__10_16.pdf\"><img loading=\"lazy\" decoding=\"async\" class=\"alignleft wp-image-1501 size-medium\" src=\"https:\/\/www.hausamstrom.de\/wp-content\/uploads\/2016\/02\/has_wanderwegeflyer_img-400x133.jpg\" alt=\"\" width=\"400\" height=\"133\" srcset=\"https:\/\/www.hausamstrom.de\/wp-content\/uploads\/2016\/02\/has_wanderwegeflyer_img-400x133.jpg 400w, https:\/\/www.hausamstrom.de\/wp-content\/uploads\/2016\/02\/has_wanderwegeflyer_img-1024x341.jpg 1024w, https:\/\/www.hausamstrom.de\/wp-content\/uploads\/2016\/02\/has_wanderwegeflyer_img.jpg 1362w\" sizes=\"auto, (max-width: 400px) 100vw, 400px\" \/><\/a>[\/vc_column_text]<div id=\"1591801685240-00f9c2d5-4015\" class=\"dt-sc-empty-space\"><\/div>[vc_column_text]Hinweis: Die Rambach-Runde ist nicht beschildert! Es handelt sich um keinen offiziellen Wanderweg. Das Begehen erfolgt auf eigene Gefahr![\/vc_column_text]<div id=\"1628754215194-9acfedf1-4d90\" class=\"dt-sc-empty-space\"><\/div>[vc_separator color=\u201dturquoise\u201d]<div id=\"1620829087138-225a9226-d132\" class=\"dt-sc-empty-space\"><\/div>[vc_custom_heading text=\u201dWichtiger Hinweis f\u00fcr Hundehalter\u201d][vc_column_text css=\u201d\u201d]<img loading=\"lazy\" decoding=\"async\" class=\" wp-image-2608 alignleft\" src=\"https:\/\/www.hausamstrom.de\/wp-content\/uploads\/2016\/03\/hunde-400x400.jpg\" alt=\"Naturschutzgebiet Donauleiten, Hunde\" width=\"123\" height=\"123\" srcset=\"https:\/\/www.hausamstrom.de\/wp-content\/uploads\/2016\/03\/hunde-400x400.jpg 400w, https:\/\/www.hausamstrom.de\/wp-content\/uploads\/2016\/03\/hunde-150x150.jpg 150w, https:\/\/www.hausamstrom.de\/wp-content\/uploads\/2016\/03\/hunde-180x180.jpg 180w, https:\/\/www.hausamstrom.de\/wp-content\/uploads\/2016\/03\/hunde-300x300.jpg 300w, https:\/\/www.hausamstrom.de\/wp-content\/uploads\/2016\/03\/hunde-600x600.jpg 600w, https:\/\/www.hausamstrom.de\/wp-content\/uploads\/2016\/03\/hunde.jpg 709w\" sizes=\"auto, (max-width: 123px) 100vw, 123px\" \/>Bitte nehmen Sie Ihren Hund bei Wanderungen durch die Donauleiten an die Leine. Da Hunde von Natur aus einen Jagdinstinkt besitzen, besteht die Gefahr, dass Wildtiere beeintr\u00e4chtigt werden. Zum Schutz der wertvollen Fauna sollte dies unbedingt vermieden werden. Es besteht au\u00dferdem die Gefahr, dass Ihre Hunde beim Kontakt mit den im Gebiet h\u00e4ufig vorkommenden Feuersalamandern einen ernsthaften, ggf. lebensbedrohlichen Schaden erleiden.[\/vc_column_text]<div id=\"1628754283009-4f015c8e-c7cf\" class=\"dt-sc-empty-space\"><\/div>[\/vc_column][\/vc_row][vc_row][vc_column][vc_message message_box_color=\u201dalert-warning\u201d icon_fontawesome=\u201dfas fa-exclamation-triangle\u201d]Das Haus am Strom \u00fcbernimmt keine Haftung f\u00fcr Unf\u00e4lle oder Sch\u00e4den, die im Rahmen einer von uns beworbenen Wanderung entstehen!<\/p>\n<p>Bitte informieren Sie sich beim Haus am Strom oder der zust\u00e4ndigen Gemeinde stets tagesaktuell \u00fcber Zustand und Passierbarkeit der Wege. Im Zuge von Unwettern kommt es \u00f6fter zu Wegsperrungen!<\/p>\n<p>Weiterhin \u00fcbernehmen wir keine Garantie, dass Sie die bildlich und textlich beschriebenen Tier- und Pflanzenarten auch tats\u00e4chlich beobachten werden. N\u00e4here Informationen hierzu erfragen Sie bitte bei der Gebietsbetreuung im Haus am Strom![\/vc_message][\/vc_column][\/vc_row]<\/p>\n<\/div>","protected":false},"excerpt":{"rendered":"<p>[vc_row][vc_column][vc_custom_heading text=\u201dWandern im Donautal\u201d][vc_single_image image=\u201d11951\u2033 img_size=\u201dmedium\u201d][vc_column_text css=\u201d\u201d]Die Donauleiten laden zu jeder Jahreszeit zu einer Wanderung ein. Gerade im Fr\u00fchjahr, aber auch im Herbst zeigen sich die H\u00e4nge von ihrer sch\u00f6nsten Seite. Am Wegesrand lassen sich so manche Kostbarkeiten, wie Smaragdeidechse, Alpenveilchen oder Hirschk\u00e4fer, entdecken. Jetzt gibt\u2019s viele Wanderangebote in den Donauleiten auch auf outdooractive.com. Nutzen [&hellip;]<\/p>\n","protected":false},"author":1,"featured_media":0,"parent":49,"menu_order":3,"comment_status":"closed","ping_status":"closed","template":"","meta":{"footnotes":""},"class_list":["post-385","page","type-page","status-publish","hentry"],"yoast_head":"<!-- This site is optimized with the Yoast SEO plugin v27.6 - https:\/\/yoast.com\/product\/yoast-seo-wordpress\/ -->\n<title>Wandern - Haus am Strom<\/title>\n<meta name=\"robots\" content=\"index, follow, max-snippet:-1, max-image-preview:large, max-video-preview:-1\" \/>\n<link rel=\"canonical\" href=\"https:\/\/www.hausamstrom.de\/de\/donautal\/wandern\/\" \/>\n<meta property=\"og:locale\" content=\"de_DE\" \/>\n<meta property=\"og:type\" content=\"article\" \/>\n<meta property=\"og:title\" content=\"Wandern - Haus am Strom\" \/>\n<meta property=\"og:description\" content=\"[vc_row][vc_column][vc_custom_heading text=\u201dWandern im Donautal\u201d][vc_single_image image=\u201d11951\u2033 img_size=\u201dmedium\u201d][vc_column_text css=\u201d\u201d]Die Donauleiten laden zu jeder Jahreszeit zu einer Wanderung ein. Gerade im Fr\u00fchjahr, aber auch im Herbst zeigen sich die H\u00e4nge von ihrer sch\u00f6nsten Seite. Am Wegesrand lassen sich so manche Kostbarkeiten, wie Smaragdeidechse, Alpenveilchen oder Hirschk\u00e4fer, entdecken. Jetzt gibt\u2019s viele Wanderangebote in den Donauleiten auch auf outdooractive.com. Nutzen [&hellip;]\" \/>\n<meta property=\"og:url\" content=\"https:\/\/www.hausamstrom.de\/de\/donautal\/wandern\/\" \/>\n<meta property=\"og:site_name\" content=\"Haus am Strom\" \/>\n<meta property=\"article:publisher\" content=\"https:\/\/www.facebook.com\/hausamstrom\" \/>\n<meta property=\"article:modified_time\" content=\"2026-02-18T07:40:24+00:00\" \/>\n<meta property=\"og:image\" content=\"https:\/\/www.hausamstrom.de\/wp-content\/uploads\/2016\/02\/has_wanderwegeflyer_img-400x133.jpg\" \/>\n<meta name=\"twitter:card\" content=\"summary_large_image\" \/>\n<meta name=\"twitter:label1\" content=\"Gesch\u00e4tzte Lesezeit\" \/>\n\t<meta name=\"twitter:data1\" content=\"3\u00a0Minuten\" \/>\n<script type=\"application\/ld+json\" class=\"yoast-schema-graph\">{\"@context\":\"https:\\\/\\\/schema.org\",\"@graph\":[{\"@type\":\"WebPage\",\"@id\":\"https:\\\/\\\/www.hausamstrom.de\\\/de\\\/donautal\\\/wandern\\\/\",\"url\":\"https:\\\/\\\/www.hausamstrom.de\\\/de\\\/donautal\\\/wandern\\\/\",\"name\":\"Wandern - Haus am Strom\",\"isPartOf\":{\"@id\":\"https:\\\/\\\/www.hausamstrom.de\\\/de\\\/#website\"},\"primaryImageOfPage\":{\"@id\":\"https:\\\/\\\/www.hausamstrom.de\\\/de\\\/donautal\\\/wandern\\\/#primaryimage\"},\"image\":{\"@id\":\"https:\\\/\\\/www.hausamstrom.de\\\/de\\\/donautal\\\/wandern\\\/#primaryimage\"},\"thumbnailUrl\":\"https:\\\/\\\/www.hausamstrom.de\\\/wp-content\\\/uploads\\\/2016\\\/02\\\/has_wanderwegeflyer_img-400x133.jpg\",\"datePublished\":\"2016-03-01T13:42:10+00:00\",\"dateModified\":\"2026-02-18T07:40:24+00:00\",\"breadcrumb\":{\"@id\":\"https:\\\/\\\/www.hausamstrom.de\\\/de\\\/donautal\\\/wandern\\\/#breadcrumb\"},\"inLanguage\":\"de\",\"potentialAction\":[{\"@type\":\"ReadAction\",\"target\":[\"https:\\\/\\\/www.hausamstrom.de\\\/de\\\/donautal\\\/wandern\\\/\"]}]},{\"@type\":\"ImageObject\",\"inLanguage\":\"de\",\"@id\":\"https:\\\/\\\/www.hausamstrom.de\\\/de\\\/donautal\\\/wandern\\\/#primaryimage\",\"url\":\"https:\\\/\\\/www.hausamstrom.de\\\/wp-content\\\/uploads\\\/2016\\\/02\\\/has_wanderwegeflyer_img-400x133.jpg\",\"contentUrl\":\"https:\\\/\\\/www.hausamstrom.de\\\/wp-content\\\/uploads\\\/2016\\\/02\\\/has_wanderwegeflyer_img-400x133.jpg\"},{\"@type\":\"BreadcrumbList\",\"@id\":\"https:\\\/\\\/www.hausamstrom.de\\\/de\\\/donautal\\\/wandern\\\/#breadcrumb\",\"itemListElement\":[{\"@type\":\"ListItem\",\"position\":1,\"name\":\"Home\",\"item\":\"https:\\\/\\\/www.hausamstrom.de\\\/de\\\/\"},{\"@type\":\"ListItem\",\"position\":2,\"name\":\"Donautal\",\"item\":\"https:\\\/\\\/www.hausamstrom.de\\\/de\\\/donautal\\\/\"},{\"@type\":\"ListItem\",\"position\":3,\"name\":\"Wandern\"}]},{\"@type\":\"WebSite\",\"@id\":\"https:\\\/\\\/www.hausamstrom.de\\\/de\\\/#website\",\"url\":\"https:\\\/\\\/www.hausamstrom.de\\\/de\\\/\",\"name\":\"Haus am Strom\",\"description\":\"Umweltbildungsstation im Passauer Donautal. Umweltbildung und Naturschutz f\u00fcr Kinder und Erwachsenen.\",\"publisher\":{\"@id\":\"https:\\\/\\\/www.hausamstrom.de\\\/de\\\/#organization\"},\"potentialAction\":[{\"@type\":\"SearchAction\",\"target\":{\"@type\":\"EntryPoint\",\"urlTemplate\":\"https:\\\/\\\/www.hausamstrom.de\\\/de\\\/?s={search_term_string}\"},\"query-input\":{\"@type\":\"PropertyValueSpecification\",\"valueRequired\":true,\"valueName\":\"search_term_string\"}}],\"inLanguage\":\"de\"},{\"@type\":\"Organization\",\"@id\":\"https:\\\/\\\/www.hausamstrom.de\\\/de\\\/#organization\",\"name\":\"Haus am Strom\",\"url\":\"https:\\\/\\\/www.hausamstrom.de\\\/de\\\/\",\"logo\":{\"@type\":\"ImageObject\",\"inLanguage\":\"de\",\"@id\":\"https:\\\/\\\/www.hausamstrom.de\\\/de\\\/#\\\/schema\\\/logo\\\/image\\\/\",\"url\":\"https:\\\/\\\/www.hausamstrom.de\\\/wp-content\\\/uploads\\\/2025\\\/06\\\/Logo-quadratisch-1024x1024.jpg\",\"contentUrl\":\"https:\\\/\\\/www.hausamstrom.de\\\/wp-content\\\/uploads\\\/2025\\\/06\\\/Logo-quadratisch-1024x1024.jpg\",\"width\":1024,\"height\":1024,\"caption\":\"Haus am Strom\"},\"image\":{\"@id\":\"https:\\\/\\\/www.hausamstrom.de\\\/de\\\/#\\\/schema\\\/logo\\\/image\\\/\"},\"sameAs\":[\"https:\\\/\\\/www.facebook.com\\\/hausamstrom\",\"https:\\\/\\\/www.instagram.com\\\/\"]}]}<\/script>\n<!-- \/ Yoast SEO plugin. -->","yoast_head_json":{"title":"Wandern - Haus am Strom","robots":{"index":"index","follow":"follow","max-snippet":"max-snippet:-1","max-image-preview":"max-image-preview:large","max-video-preview":"max-video-preview:-1"},"canonical":"https:\/\/www.hausamstrom.de\/de\/donautal\/wandern\/","og_locale":"de_DE","og_type":"article","og_title":"Wandern - Haus am Strom","og_description":"[vc_row][vc_column][vc_custom_heading text=\u201dWandern im Donautal\u201d][vc_single_image image=\u201d11951\u2033 img_size=\u201dmedium\u201d][vc_column_text css=\u201d\u201d]Die Donauleiten laden zu jeder Jahreszeit zu einer Wanderung ein. Gerade im Fr\u00fchjahr, aber auch im Herbst zeigen sich die H\u00e4nge von ihrer sch\u00f6nsten Seite. Am Wegesrand lassen sich so manche Kostbarkeiten, wie Smaragdeidechse, Alpenveilchen oder Hirschk\u00e4fer, entdecken. Jetzt gibt\u2019s viele Wanderangebote in den Donauleiten auch auf outdooractive.com. Nutzen [&hellip;]","og_url":"https:\/\/www.hausamstrom.de\/de\/donautal\/wandern\/","og_site_name":"Haus am Strom","article_publisher":"https:\/\/www.facebook.com\/hausamstrom","article_modified_time":"2026-02-18T07:40:24+00:00","og_image":[{"url":"https:\/\/www.hausamstrom.de\/wp-content\/uploads\/2016\/02\/has_wanderwegeflyer_img-400x133.jpg","type":"","width":"","height":""}],"twitter_card":"summary_large_image","twitter_misc":{"Gesch\u00e4tzte Lesezeit":"3\u00a0Minuten"},"schema":{"@context":"https:\/\/schema.org","@graph":[{"@type":"WebPage","@id":"https:\/\/www.hausamstrom.de\/de\/donautal\/wandern\/","url":"https:\/\/www.hausamstrom.de\/de\/donautal\/wandern\/","name":"Wandern - Haus am Strom","isPartOf":{"@id":"https:\/\/www.hausamstrom.de\/de\/#website"},"primaryImageOfPage":{"@id":"https:\/\/www.hausamstrom.de\/de\/donautal\/wandern\/#primaryimage"},"image":{"@id":"https:\/\/www.hausamstrom.de\/de\/donautal\/wandern\/#primaryimage"},"thumbnailUrl":"https:\/\/www.hausamstrom.de\/wp-content\/uploads\/2016\/02\/has_wanderwegeflyer_img-400x133.jpg","datePublished":"2016-03-01T13:42:10+00:00","dateModified":"2026-02-18T07:40:24+00:00","breadcrumb":{"@id":"https:\/\/www.hausamstrom.de\/de\/donautal\/wandern\/#breadcrumb"},"inLanguage":"de","potentialAction":[{"@type":"ReadAction","target":["https:\/\/www.hausamstrom.de\/de\/donautal\/wandern\/"]}]},{"@type":"ImageObject","inLanguage":"de","@id":"https:\/\/www.hausamstrom.de\/de\/donautal\/wandern\/#primaryimage","url":"https:\/\/www.hausamstrom.de\/wp-content\/uploads\/2016\/02\/has_wanderwegeflyer_img-400x133.jpg","contentUrl":"https:\/\/www.hausamstrom.de\/wp-content\/uploads\/2016\/02\/has_wanderwegeflyer_img-400x133.jpg"},{"@type":"BreadcrumbList","@id":"https:\/\/www.hausamstrom.de\/de\/donautal\/wandern\/#breadcrumb","itemListElement":[{"@type":"ListItem","position":1,"name":"Home","item":"https:\/\/www.hausamstrom.de\/de\/"},{"@type":"ListItem","position":2,"name":"Donautal","item":"https:\/\/www.hausamstrom.de\/de\/donautal\/"},{"@type":"ListItem","position":3,"name":"Wandern"}]},{"@type":"WebSite","@id":"https:\/\/www.hausamstrom.de\/de\/#website","url":"https:\/\/www.hausamstrom.de\/de\/","name":"Haus am Strom","description":"Umweltbildungsstation im Passauer Donautal. Umweltbildung und Naturschutz f\u00fcr Kinder und Erwachsenen.","publisher":{"@id":"https:\/\/www.hausamstrom.de\/de\/#organization"},"potentialAction":[{"@type":"SearchAction","target":{"@type":"EntryPoint","urlTemplate":"https:\/\/www.hausamstrom.de\/de\/?s={search_term_string}"},"query-input":{"@type":"PropertyValueSpecification","valueRequired":true,"valueName":"search_term_string"}}],"inLanguage":"de"},{"@type":"Organization","@id":"https:\/\/www.hausamstrom.de\/de\/#organization","name":"Haus am Strom","url":"https:\/\/www.hausamstrom.de\/de\/","logo":{"@type":"ImageObject","inLanguage":"de","@id":"https:\/\/www.hausamstrom.de\/de\/#\/schema\/logo\/image\/","url":"https:\/\/www.hausamstrom.de\/wp-content\/uploads\/2025\/06\/Logo-quadratisch-1024x1024.jpg","contentUrl":"https:\/\/www.hausamstrom.de\/wp-content\/uploads\/2025\/06\/Logo-quadratisch-1024x1024.jpg","width":1024,"height":1024,"caption":"Haus am Strom"},"image":{"@id":"https:\/\/www.hausamstrom.de\/de\/#\/schema\/logo\/image\/"},"sameAs":["https:\/\/www.facebook.com\/hausamstrom","https:\/\/www.instagram.com\/"]}]}},"_links":{"self":[{"href":"https:\/\/www.hausamstrom.de\/de\/wp-json\/wp\/v2\/pages\/385","targetHints":{"allow":["GET"]}}],"collection":[{"href":"https:\/\/www.hausamstrom.de\/de\/wp-json\/wp\/v2\/pages"}],"about":[{"href":"https:\/\/www.hausamstrom.de\/de\/wp-json\/wp\/v2\/types\/page"}],"author":[{"embeddable":true,"href":"https:\/\/www.hausamstrom.de\/de\/wp-json\/wp\/v2\/users\/1"}],"replies":[{"embeddable":true,"href":"https:\/\/www.hausamstrom.de\/de\/wp-json\/wp\/v2\/comments?post=385"}],"version-history":[{"count":10,"href":"https:\/\/www.hausamstrom.de\/de\/wp-json\/wp\/v2\/pages\/385\/revisions"}],"predecessor-version":[{"id":13921,"href":"https:\/\/www.hausamstrom.de\/de\/wp-json\/wp\/v2\/pages\/385\/revisions\/13921"}],"up":[{"embeddable":true,"href":"https:\/\/www.hausamstrom.de\/de\/wp-json\/wp\/v2\/pages\/49"}],"wp:attachment":[{"href":"https:\/\/www.hausamstrom.de\/de\/wp-json\/wp\/v2\/media?parent=385"}],"curies":[{"name":"wp","href":"https:\/\/api.w.org\/{rel}","templated":true}]}}