{"id":393,"date":"2016-03-01T14:47:38","date_gmt":"2016-03-01T13:47:38","guid":{"rendered":"http:\/\/hosting6807.af944.netcup.net\/?page_id=393"},"modified":"2025-07-30T10:45:23","modified_gmt":"2025-07-30T08:45:23","slug":"info-zentrum","status":"publish","type":"page","link":"https:\/\/www.hausamstrom.de\/de\/kraftwerk\/info-zentrum\/","title":{"rendered":"Info-Zentrum"},"content":{"rendered":"<div class=\"wpb-content-wrapper\"><p>[vc_row][vc_column][vc_custom_heading text=&#8221;Info-Zentrum der Energiewirtschaft&#8221;][\/vc_column][\/vc_row][vc_row][vc_column]<div id=\"1628752898587-6063a309-7140\" class=\"dt-sc-empty-space\"><\/div>[\/vc_column][\/vc_row][vc_row][vc_column width=&#8221;1\/2&#8243;][vc_single_image image=&#8221;1880&#8243; img_size=&#8221;medium&#8221;][\/vc_column][vc_column width=&#8221;1\/2&#8243;][vc_column_text]Im ehemaligen Wehrw\u00e4rterhaus k\u00f6nnen Sie kostenlos das Info-Zentrum der E-Wirtschaft besichtigen. Sie erfahren Wissenswertes \u00fcber Stromerzeugung, Verteilung und Kraftwerksbau sowie wertvolle Routentipps f\u00fcr Radfahrer.<\/p>\n<p>Nutzen Sie auch die <a title=\"Kraftwerk App\" href=\"https:\/\/www.hausamstrom.de\/de\/kraftwerk\/kraftwerk-app\/\" target=\"_blank\" rel=\"noopener\">Kraftwerks-App<\/a>, um das Bauwerk und seine Funktionen kennenzulernen. Die ben\u00f6tigte VR-Brille bekommen Sie im Info-Zentrum!<\/p>\n<p>Das Energieerlebnis Jochenstein hat vom: 1. April bis 31. Oktober: t\u00e4glich 9:00 bis 18:00 Uhr und 1. November bis 31.M\u00e4rz: Samstag, Sonn- und Feiertage 9:00 bis 16:00 Uhr, ge\u00f6ffnet.[\/vc_column_text][\/vc_column][\/vc_row]<\/p>\n<\/div>","protected":false},"excerpt":{"rendered":"<p>[vc_row][vc_column][vc_custom_heading text=&#8221;Info-Zentrum der Energiewirtschaft&#8221;][\/vc_column][\/vc_row][vc_row][vc_column][\/vc_column][\/vc_row][vc_row][vc_column width=&#8221;1\/2&#8243;][vc_single_image image=&#8221;1880&#8243; img_size=&#8221;medium&#8221;][\/vc_column][vc_column width=&#8221;1\/2&#8243;][vc_column_text]Im ehemaligen Wehrw\u00e4rterhaus k\u00f6nnen Sie kostenlos das Info-Zentrum der E-Wirtschaft besichtigen. Sie erfahren Wissenswertes \u00fcber Stromerzeugung, Verteilung und Kraftwerksbau sowie wertvolle Routentipps f\u00fcr Radfahrer. Nutzen Sie auch die Kraftwerks-App, um das Bauwerk und seine Funktionen kennenzulernen. Die ben\u00f6tigte VR-Brille bekommen Sie im Info-Zentrum! Das Energieerlebnis Jochenstein hat vom: [&hellip;]<\/p>\n","protected":false},"author":1,"featured_media":0,"parent":389,"menu_order":1,"comment_status":"closed","ping_status":"closed","template":"","meta":{"footnotes":""},"class_list":["post-393","page","type-page","status-publish","hentry"],"yoast_head":"<!-- This site is optimized with the Yoast SEO plugin v27.3 - https:\/\/yoast.com\/product\/yoast-seo-wordpress\/ -->\n<title>Info-Zentrum - Haus am Strom<\/title>\n<meta name=\"robots\" content=\"index, follow, max-snippet:-1, max-image-preview:large, max-video-preview:-1\" \/>\n<link rel=\"canonical\" href=\"https:\/\/www.hausamstrom.de\/de\/kraftwerk\/info-zentrum\/\" \/>\n<meta property=\"og:locale\" content=\"de_DE\" \/>\n<meta property=\"og:type\" content=\"article\" \/>\n<meta property=\"og:title\" content=\"Info-Zentrum - Haus am Strom\" \/>\n<meta property=\"og:description\" content=\"[vc_row][vc_column][vc_custom_heading text=&#8221;Info-Zentrum der Energiewirtschaft&#8221;][\/vc_column][\/vc_row][vc_row][vc_column][\/vc_column][\/vc_row][vc_row][vc_column width=&#8221;1\/2&#8243;][vc_single_image image=&#8221;1880&#8243; img_size=&#8221;medium&#8221;][\/vc_column][vc_column width=&#8221;1\/2&#8243;][vc_column_text]Im ehemaligen Wehrw\u00e4rterhaus k\u00f6nnen Sie kostenlos das Info-Zentrum der E-Wirtschaft besichtigen. Sie erfahren Wissenswertes \u00fcber Stromerzeugung, Verteilung und Kraftwerksbau sowie wertvolle Routentipps f\u00fcr Radfahrer. Nutzen Sie auch die Kraftwerks-App, um das Bauwerk und seine Funktionen kennenzulernen. Die ben\u00f6tigte VR-Brille bekommen Sie im Info-Zentrum! Das Energieerlebnis Jochenstein hat vom: [&hellip;]\" \/>\n<meta property=\"og:url\" content=\"https:\/\/www.hausamstrom.de\/de\/kraftwerk\/info-zentrum\/\" \/>\n<meta property=\"og:site_name\" content=\"Haus am Strom\" \/>\n<meta property=\"article:publisher\" content=\"https:\/\/www.facebook.com\/hausamstrom\" \/>\n<meta property=\"article:modified_time\" content=\"2025-07-30T08:45:23+00:00\" \/>\n<meta name=\"twitter:card\" content=\"summary_large_image\" \/>\n<meta name=\"twitter:label1\" content=\"Gesch\u00e4tzte Lesezeit\" \/>\n\t<meta name=\"twitter:data1\" content=\"1\u00a0Minute\" \/>\n<script type=\"application\/ld+json\" class=\"yoast-schema-graph\">{\"@context\":\"https:\\\/\\\/schema.org\",\"@graph\":[{\"@type\":\"WebPage\",\"@id\":\"https:\\\/\\\/www.hausamstrom.de\\\/de\\\/kraftwerk\\\/info-zentrum\\\/\",\"url\":\"https:\\\/\\\/www.hausamstrom.de\\\/de\\\/kraftwerk\\\/info-zentrum\\\/\",\"name\":\"Info-Zentrum - Haus am Strom\",\"isPartOf\":{\"@id\":\"https:\\\/\\\/www.hausamstrom.de\\\/de\\\/#website\"},\"datePublished\":\"2016-03-01T13:47:38+00:00\",\"dateModified\":\"2025-07-30T08:45:23+00:00\",\"breadcrumb\":{\"@id\":\"https:\\\/\\\/www.hausamstrom.de\\\/de\\\/kraftwerk\\\/info-zentrum\\\/#breadcrumb\"},\"inLanguage\":\"de\",\"potentialAction\":[{\"@type\":\"ReadAction\",\"target\":[\"https:\\\/\\\/www.hausamstrom.de\\\/de\\\/kraftwerk\\\/info-zentrum\\\/\"]}]},{\"@type\":\"BreadcrumbList\",\"@id\":\"https:\\\/\\\/www.hausamstrom.de\\\/de\\\/kraftwerk\\\/info-zentrum\\\/#breadcrumb\",\"itemListElement\":[{\"@type\":\"ListItem\",\"position\":1,\"name\":\"Home\",\"item\":\"https:\\\/\\\/www.hausamstrom.de\\\/de\\\/\"},{\"@type\":\"ListItem\",\"position\":2,\"name\":\"Kraftwerk\",\"item\":\"https:\\\/\\\/www.hausamstrom.de\\\/de\\\/kraftwerk\\\/\"},{\"@type\":\"ListItem\",\"position\":3,\"name\":\"Info-Zentrum\"}]},{\"@type\":\"WebSite\",\"@id\":\"https:\\\/\\\/www.hausamstrom.de\\\/de\\\/#website\",\"url\":\"https:\\\/\\\/www.hausamstrom.de\\\/de\\\/\",\"name\":\"Haus am Strom\",\"description\":\"Umweltbildungsstation im Passauer Donautal. Umweltbildung und Naturschutz f\u00fcr Kinder und Erwachsenen.\",\"publisher\":{\"@id\":\"https:\\\/\\\/www.hausamstrom.de\\\/de\\\/#organization\"},\"potentialAction\":[{\"@type\":\"SearchAction\",\"target\":{\"@type\":\"EntryPoint\",\"urlTemplate\":\"https:\\\/\\\/www.hausamstrom.de\\\/de\\\/?s={search_term_string}\"},\"query-input\":{\"@type\":\"PropertyValueSpecification\",\"valueRequired\":true,\"valueName\":\"search_term_string\"}}],\"inLanguage\":\"de\"},{\"@type\":\"Organization\",\"@id\":\"https:\\\/\\\/www.hausamstrom.de\\\/de\\\/#organization\",\"name\":\"Haus am Strom\",\"url\":\"https:\\\/\\\/www.hausamstrom.de\\\/de\\\/\",\"logo\":{\"@type\":\"ImageObject\",\"inLanguage\":\"de\",\"@id\":\"https:\\\/\\\/www.hausamstrom.de\\\/de\\\/#\\\/schema\\\/logo\\\/image\\\/\",\"url\":\"https:\\\/\\\/www.hausamstrom.de\\\/wp-content\\\/uploads\\\/2025\\\/06\\\/Logo-quadratisch-1024x1024.jpg\",\"contentUrl\":\"https:\\\/\\\/www.hausamstrom.de\\\/wp-content\\\/uploads\\\/2025\\\/06\\\/Logo-quadratisch-1024x1024.jpg\",\"width\":1024,\"height\":1024,\"caption\":\"Haus am Strom\"},\"image\":{\"@id\":\"https:\\\/\\\/www.hausamstrom.de\\\/de\\\/#\\\/schema\\\/logo\\\/image\\\/\"},\"sameAs\":[\"https:\\\/\\\/www.facebook.com\\\/hausamstrom\",\"https:\\\/\\\/www.instagram.com\\\/\"]}]}<\/script>\n<!-- \/ Yoast SEO plugin. -->","yoast_head_json":{"title":"Info-Zentrum - Haus am Strom","robots":{"index":"index","follow":"follow","max-snippet":"max-snippet:-1","max-image-preview":"max-image-preview:large","max-video-preview":"max-video-preview:-1"},"canonical":"https:\/\/www.hausamstrom.de\/de\/kraftwerk\/info-zentrum\/","og_locale":"de_DE","og_type":"article","og_title":"Info-Zentrum - Haus am Strom","og_description":"[vc_row][vc_column][vc_custom_heading text=&#8221;Info-Zentrum der Energiewirtschaft&#8221;][\/vc_column][\/vc_row][vc_row][vc_column][\/vc_column][\/vc_row][vc_row][vc_column width=&#8221;1\/2&#8243;][vc_single_image image=&#8221;1880&#8243; img_size=&#8221;medium&#8221;][\/vc_column][vc_column width=&#8221;1\/2&#8243;][vc_column_text]Im ehemaligen Wehrw\u00e4rterhaus k\u00f6nnen Sie kostenlos das Info-Zentrum der E-Wirtschaft besichtigen. Sie erfahren Wissenswertes \u00fcber Stromerzeugung, Verteilung und Kraftwerksbau sowie wertvolle Routentipps f\u00fcr Radfahrer. Nutzen Sie auch die Kraftwerks-App, um das Bauwerk und seine Funktionen kennenzulernen. Die ben\u00f6tigte VR-Brille bekommen Sie im Info-Zentrum! Das Energieerlebnis Jochenstein hat vom: [&hellip;]","og_url":"https:\/\/www.hausamstrom.de\/de\/kraftwerk\/info-zentrum\/","og_site_name":"Haus am Strom","article_publisher":"https:\/\/www.facebook.com\/hausamstrom","article_modified_time":"2025-07-30T08:45:23+00:00","twitter_card":"summary_large_image","twitter_misc":{"Gesch\u00e4tzte Lesezeit":"1\u00a0Minute"},"schema":{"@context":"https:\/\/schema.org","@graph":[{"@type":"WebPage","@id":"https:\/\/www.hausamstrom.de\/de\/kraftwerk\/info-zentrum\/","url":"https:\/\/www.hausamstrom.de\/de\/kraftwerk\/info-zentrum\/","name":"Info-Zentrum - Haus am Strom","isPartOf":{"@id":"https:\/\/www.hausamstrom.de\/de\/#website"},"datePublished":"2016-03-01T13:47:38+00:00","dateModified":"2025-07-30T08:45:23+00:00","breadcrumb":{"@id":"https:\/\/www.hausamstrom.de\/de\/kraftwerk\/info-zentrum\/#breadcrumb"},"inLanguage":"de","potentialAction":[{"@type":"ReadAction","target":["https:\/\/www.hausamstrom.de\/de\/kraftwerk\/info-zentrum\/"]}]},{"@type":"BreadcrumbList","@id":"https:\/\/www.hausamstrom.de\/de\/kraftwerk\/info-zentrum\/#breadcrumb","itemListElement":[{"@type":"ListItem","position":1,"name":"Home","item":"https:\/\/www.hausamstrom.de\/de\/"},{"@type":"ListItem","position":2,"name":"Kraftwerk","item":"https:\/\/www.hausamstrom.de\/de\/kraftwerk\/"},{"@type":"ListItem","position":3,"name":"Info-Zentrum"}]},{"@type":"WebSite","@id":"https:\/\/www.hausamstrom.de\/de\/#website","url":"https:\/\/www.hausamstrom.de\/de\/","name":"Haus am Strom","description":"Umweltbildungsstation im Passauer Donautal. Umweltbildung und Naturschutz f\u00fcr Kinder und Erwachsenen.","publisher":{"@id":"https:\/\/www.hausamstrom.de\/de\/#organization"},"potentialAction":[{"@type":"SearchAction","target":{"@type":"EntryPoint","urlTemplate":"https:\/\/www.hausamstrom.de\/de\/?s={search_term_string}"},"query-input":{"@type":"PropertyValueSpecification","valueRequired":true,"valueName":"search_term_string"}}],"inLanguage":"de"},{"@type":"Organization","@id":"https:\/\/www.hausamstrom.de\/de\/#organization","name":"Haus am Strom","url":"https:\/\/www.hausamstrom.de\/de\/","logo":{"@type":"ImageObject","inLanguage":"de","@id":"https:\/\/www.hausamstrom.de\/de\/#\/schema\/logo\/image\/","url":"https:\/\/www.hausamstrom.de\/wp-content\/uploads\/2025\/06\/Logo-quadratisch-1024x1024.jpg","contentUrl":"https:\/\/www.hausamstrom.de\/wp-content\/uploads\/2025\/06\/Logo-quadratisch-1024x1024.jpg","width":1024,"height":1024,"caption":"Haus am Strom"},"image":{"@id":"https:\/\/www.hausamstrom.de\/de\/#\/schema\/logo\/image\/"},"sameAs":["https:\/\/www.facebook.com\/hausamstrom","https:\/\/www.instagram.com\/"]}]}},"_links":{"self":[{"href":"https:\/\/www.hausamstrom.de\/de\/wp-json\/wp\/v2\/pages\/393","targetHints":{"allow":["GET"]}}],"collection":[{"href":"https:\/\/www.hausamstrom.de\/de\/wp-json\/wp\/v2\/pages"}],"about":[{"href":"https:\/\/www.hausamstrom.de\/de\/wp-json\/wp\/v2\/types\/page"}],"author":[{"embeddable":true,"href":"https:\/\/www.hausamstrom.de\/de\/wp-json\/wp\/v2\/users\/1"}],"replies":[{"embeddable":true,"href":"https:\/\/www.hausamstrom.de\/de\/wp-json\/wp\/v2\/comments?post=393"}],"version-history":[{"count":10,"href":"https:\/\/www.hausamstrom.de\/de\/wp-json\/wp\/v2\/pages\/393\/revisions"}],"predecessor-version":[{"id":13472,"href":"https:\/\/www.hausamstrom.de\/de\/wp-json\/wp\/v2\/pages\/393\/revisions\/13472"}],"up":[{"embeddable":true,"href":"https:\/\/www.hausamstrom.de\/de\/wp-json\/wp\/v2\/pages\/389"}],"wp:attachment":[{"href":"https:\/\/www.hausamstrom.de\/de\/wp-json\/wp\/v2\/media?parent=393"}],"curies":[{"name":"wp","href":"https:\/\/api.w.org\/{rel}","templated":true}]}}