{"id":403,"date":"2016-03-01T14:51:43","date_gmt":"2016-03-01T13:51:43","guid":{"rendered":"http:\/\/hosting6807.af944.netcup.net\/?page_id=403"},"modified":"2026-03-18T09:50:10","modified_gmt":"2026-03-18T08:50:10","slug":"downloadbereich","status":"publish","type":"page","link":"https:\/\/www.hausamstrom.de\/de\/service\/downloadbereich\/","title":{"rendered":"Downloadbereich"},"content":{"rendered":"<div class=\"wpb-content-wrapper\"><p>[vc_row][vc_column][vc_column_text css=\u201d\u201d]<\/p>\n<h2>Jahresprogramm 2026<\/h2>\n<p>Unser Programm mit allen Veranstaltungen zum downloaden:<\/p>\n<p><a href=\"https:\/\/www.hausamstrom.de\/wp-content\/uploads\/2026\/01\/jahresprogramm_aussenseite_1_26.pdf\">jahresprogramm_aussenseite_1_26<\/a><\/p>\n<p><a href=\"https:\/\/www.hausamstrom.de\/wp-content\/uploads\/2026\/01\/jahresprogramm_innenseite_1_26.pdf\">jahresprogramm_innenseite_1_26<\/a><\/p>\n<p><img loading=\"lazy\" decoding=\"async\" class=\"alignnone wp-image-14174\" src=\"https:\/\/www.hausamstrom.de\/wp-content\/uploads\/2026\/03\/Jahresprogramm-Titelfoto-400x187.png\" alt=\"\" width=\"518\" height=\"242\" srcset=\"https:\/\/www.hausamstrom.de\/wp-content\/uploads\/2026\/03\/Jahresprogramm-Titelfoto-400x187.png 400w, https:\/\/www.hausamstrom.de\/wp-content\/uploads\/2026\/03\/Jahresprogramm-Titelfoto-1024x478.png 1024w, https:\/\/www.hausamstrom.de\/wp-content\/uploads\/2026\/03\/Jahresprogramm-Titelfoto-1536x717.png 1536w, https:\/\/www.hausamstrom.de\/wp-content\/uploads\/2026\/03\/Jahresprogramm-Titelfoto-750x350.png 750w, https:\/\/www.hausamstrom.de\/wp-content\/uploads\/2026\/03\/Jahresprogramm-Titelfoto-540x252.png 540w, https:\/\/www.hausamstrom.de\/wp-content\/uploads\/2026\/03\/Jahresprogramm-Titelfoto.png 1549w\" sizes=\"auto, (max-width: 518px) 100vw, 518px\" \/>[\/vc_column_text][vc_separator color=\u201dturquoise\u201d border_width=\u201d2\u2033 css=\u201d\u201d][\/vc_column][\/vc_row][vc_row][vc_column][vc_column_text css=\u201d\u201d]<\/p>\n<h2>Haus am Strom<\/h2>\n<p>Hier finden Sie unseren Hausflyer mit Informationen zu unserer neuen Ausstellung.<\/p>\n<p><a href=\"https:\/\/www.hausamstrom.de\/wp-content\/uploads\/2024\/10\/HAS_Faltblatt_2024_06.pdf\">HAS_Hausflyer_2024_06<\/a><\/p>\n<p><img loading=\"lazy\" decoding=\"async\" class=\"alignnone size-medium wp-image-12733\" src=\"https:\/\/www.hausamstrom.de\/wp-content\/uploads\/2024\/08\/Handabdruck_S2_0249-400x267.jpg\" alt=\"\" width=\"400\" height=\"267\" srcset=\"https:\/\/www.hausamstrom.de\/wp-content\/uploads\/2024\/08\/Handabdruck_S2_0249-400x267.jpg 400w, https:\/\/www.hausamstrom.de\/wp-content\/uploads\/2024\/08\/Handabdruck_S2_0249-1024x683.jpg 1024w, https:\/\/www.hausamstrom.de\/wp-content\/uploads\/2024\/08\/Handabdruck_S2_0249-1536x1024.jpg 1536w, https:\/\/www.hausamstrom.de\/wp-content\/uploads\/2024\/08\/Handabdruck_S2_0249-2048x1366.jpg 2048w, https:\/\/www.hausamstrom.de\/wp-content\/uploads\/2024\/08\/Handabdruck_S2_0249-540x360.jpg 540w, https:\/\/www.hausamstrom.de\/wp-content\/uploads\/2024\/08\/Handabdruck_S2_0249-600x400.jpg 600w, https:\/\/www.hausamstrom.de\/wp-content\/uploads\/2024\/08\/Handabdruck_S2_0249-750x500.jpg 750w\" sizes=\"auto, (max-width: 400px) 100vw, 400px\" \/>[\/vc_column_text][\/vc_column][\/vc_row][vc_row][vc_column][vc_separator color=\u201dturquoise\u201d border_width=\u201d2\u2033][\/vc_column][\/vc_row][vc_row][vc_column][vc_column_text css=\u201d\u201d]<\/p>\n<h2>Handreichung 3 Sch\u00e4tze<\/h2>\n<p><img loading=\"lazy\" decoding=\"async\" class=\"\" src=\"https:\/\/www.hausamstrom.de\/wp-content\/uploads\/2024\/10\/3-Schaetze-scaled.jpg\" width=\"387\" height=\"387\" \/><\/p>\n<p>Die 3 Sch\u00e4tze im Passauer Land bestehen aus der Umweltstation Haus am Strom mit dem Wasserkraftwerk Jochenstein, dem Granitzentrum Hauzenberg und dem Graphit Besucherbergwerk Kropfm\u00fchl. F\u00fcr diese 3 Einrichtungen wurde vom GEO-Zentrum an der KTB und von dem Geozentrum Nordbayern der Universit\u00e4t Erlangen-N\u00fcrnberg in der Zusammenarbeit mit Lehrkr\u00e4ften verschiedener Schulen und Vertretern der 3 Sch\u00e4tze eine Handreichung f\u00fcr Lehrer erarbeitet. Diese erm\u00f6glicht Sch\u00fclern Einblicke zum Thema Natur, Energie und Rohstoff. Nun ist es Ihnen m\u00f6glich, die 3 Einrichtungen auf eigene Faust und eng an den Lehrpl\u00e4nen orientiert zu erkunden.<\/p>\n<p><a href=\"https:\/\/hausamstrom.de\/wp-content\/uploads\/2018\/12\/B-Regelous_Holzf\u00f6rster_2018-Kap_1_2_3_Die-drei-Sch\u00e4tze-im-Passauer-Land.pdf\" target=\"_blank\" rel=\"noopener\">Einleitung, Lehrplanbez\u00fcge, Einf\u00fchrung in das Thema Rohstoffe und geologischer \u00dcberblick \u00fcber das Passauer Land\u00a0\u00a0<\/a>[\/vc_column_text][\/vc_column][\/vc_row][vc_row][vc_column][vc_separator color=\u201dturquoise\u201d border_width=\u201d2\u2033][\/vc_column][\/vc_row][vc_row][vc_column width=\u201d1\/3\u2033][vc_column_text]<\/p>\n<h3>Granitzentrum Hauzenberg<\/h3>\n<p>\u00a0<\/p>\n<p><a href=\"https:\/\/hausamstrom.de\/wp-content\/uploads\/2018\/12\/C-Regelous_Holzf\u00f6rster_2018-Kap_4_Rohstoff-Granit.pdf\" target=\"_blank\" rel=\"noopener\">Rohstoff Granit<\/a>: Entstehung, Bildung und Verwendung des Rohstoffes Granit, Informationen \u00fcber das Granitzentrum Hauzenberg<\/p>\n<p><a href=\"https:\/\/hausamstrom.de\/wp-content\/uploads\/2018\/12\/D1-Regelous_Holzf\u00f6rster_2018-Kap_4_6_1-Aufgaben-Rallye-Granit34.pdf\" target=\"_blank\" rel=\"noopener noreferrer\">Rallye 3.+4. Klasse<\/a><\/p>\n<p><a href=\"https:\/\/hausamstrom.de\/wp-content\/uploads\/2018\/12\/D2-Regelous_Holzf\u00f6rster_2018-Kap_4_6_1-Aufgaben-Rallye-Granit34_Musterl\u00f6sung.pdf\" target=\"_blank\" rel=\"noopener noreferrer\">Musterl\u00f6sung<\/a><\/p>\n<p><a href=\"https:\/\/hausamstrom.de\/wp-content\/uploads\/2018\/12\/E1-Regelous_Holzf\u00f6rster_2018-Kap_4_6_2-Aufgaben-Rallye-Granit56.pdf\" target=\"_blank\" rel=\"noopener noreferrer\">Rallye 5.+6. Klasse<\/a><\/p>\n<p><a href=\"https:\/\/hausamstrom.de\/wp-content\/uploads\/2018\/12\/E2-Regelous_Holzf\u00f6rster_2018-Kap_4_6_2-Aufgaben-Rallye-Granit56_Musterl\u00f6sung.pdf\" target=\"_blank\" rel=\"noopener noreferrer\">Musterl\u00f6sung<\/a><\/p>\n<p><a href=\"https:\/\/hausamstrom.de\/wp-content\/uploads\/2018\/12\/F1-Regelous_Holzf\u00f6rster_2018-Kap_4_6_3-Aufgaben-Rallye-Granit9.pdf\" target=\"_blank\" rel=\"noopener noreferrer\">Rallye 9.Klasse<\/a><\/p>\n<p><a href=\"https:\/\/hausamstrom.de\/wp-content\/uploads\/2018\/12\/F2-Regelous_Holzf\u00f6rster_2018-Kap_4_6_3-Aufgaben-Rallye-Granit9_Musterl\u00f6sung.pdf\" target=\"_blank\" rel=\"noopener noreferrer\">Musterl\u00f6sung<\/a>[\/vc_column_text][\/vc_column][vc_column width=\u201d1\/3\u2033][vc_column_text css=\u201d\u201d]<\/p>\n<h3>Haus am Strom Unterrichtsmaterial<\/h3>\n<p><a href=\"https:\/\/hausamstrom.de\/wp-content\/uploads\/2018\/12\/V-Final_5-Rohstoff-Wasser.pdf\" target=\"_blank\" rel=\"noopener noreferrer\">Rohstoff Wasser<\/a>: Eigenschaften, Bildung und Nutzung des Donautals, Informationen \u00fcber das Haus am Strom<\/p>\n<p><a href=\"https:\/\/www.hausamstrom.de\/wp-content\/uploads\/2026\/03\/Hausrallye-Grundschule-1-neu.pdf\" target=\"_blank\" rel=\"noopener noreferrer\">Rallye f\u00fcr\u00a0 3.+4. Klasse<\/a><\/p>\n<p><a href=\"https:\/\/www.hausamstrom.de\/wp-content\/uploads\/2026\/03\/Loesungen-Hausrallye-juengere-Gruppe-1-neu.pdf\">L\u00f6sungen \u2013 Hausrallye 3. + 4. Klasse<\/a><\/p>\n<p><a href=\"https:\/\/www.hausamstrom.de\/wp-content\/uploads\/2026\/03\/Hausralley-5.-7.-neu.pdf\">Hausrallye 5.-7. neu<\/a><\/p>\n<p><a href=\"https:\/\/www.hausamstrom.de\/wp-content\/uploads\/2026\/03\/Loesungen-Hausralley-5.-7.-neu.pdf\">L\u00f6sungen \u2013 Hausrallye 5.-7. neu<\/a>[\/vc_column_text][\/vc_column][vc_column width=\u201d1\/3\u2033][vc_column_text]<\/p>\n<h3>Graphit Besucherbergwerk Kropfm\u00fchl<\/h3>\n<p><a href=\"https:\/\/hausamstrom.de\/wp-content\/uploads\/2018\/12\/K-Regelous_Holzf\u00f6rster_2018-Kap_6-Rohstoff-Graphit.pdf\" target=\"_blank\" rel=\"noopener noreferrer\">Rohstoff Graphit<\/a>: Entstehung, Bildung und Verwendung von Graphit, Informationen \u00fcber das Besucherbergwerk Kropfm\u00fchl<\/p>\n<p><a href=\"https:\/\/hausamstrom.de\/wp-content\/uploads\/2018\/12\/L1-Regelous_Holzf\u00f6rster_2018-Kap_6_6_1-Aufgaben-Rallye-Graphit34.pdf\" target=\"_blank\" rel=\"noopener noreferrer\">Rallye 3.+4. Klasse<\/a><\/p>\n<p><a href=\"https:\/\/hausamstrom.de\/wp-content\/uploads\/2018\/12\/L2-Regelous_Holzf\u00f6rster_2018-Kap_6_6_1-Aufgaben-Rallye-Graphit34_Musterl\u00f6sung.pdf\" target=\"_blank\" rel=\"noopener noreferrer\">Musterl\u00f6sung<\/a><\/p>\n<p><a href=\"https:\/\/hausamstrom.de\/wp-content\/uploads\/2018\/12\/M1-Regelous_Holzf\u00f6rster_2018-Kap_6_6_2-Aufgaben-Rallye-Graphit56.pdf\" target=\"_blank\" rel=\"noopener noreferrer\">Rallye 5.+6. Klasse\u00a0<\/a><\/p>\n<p><a href=\"https:\/\/hausamstrom.de\/wp-content\/uploads\/2018\/12\/M2-Regelous_Holzf\u00f6rster_2018-Kap_6_6_2-Aufgaben-Rallye-Graphit56_Musterl\u00f6sung.pdf\" target=\"_blank\" rel=\"noopener noreferrer\">Musterl\u00f6sung<\/a><\/p>\n<p><a href=\"https:\/\/hausamstrom.de\/wp-content\/uploads\/2018\/12\/N1-Regelous_Holzf\u00f6rster_2018-Kap_6_6_3-Aufgaben-Rallye-Graphit910.pdf\" target=\"_blank\" rel=\"noopener noreferrer\">Rallye 9.+10. Klasse\u00a0<\/a><\/p>\n<p><a href=\"https:\/\/hausamstrom.de\/wp-content\/uploads\/2018\/12\/N2-Regelous_Holzf\u00f6rster_2018-Kap_6_6_3-Aufgaben-Rallye-Graphit910_Musterl\u00f6sung.pdf\" target=\"_blank\" rel=\"noopener noreferrer\">Musterl\u00f6sung<\/a><\/p>\n<p><a href=\"https:\/\/hausamstrom.de\/wp-content\/uploads\/2018\/12\/O-Regelous_Holzf\u00f6rster_2018-Kap_Glossar.pdf\" target=\"_blank\" rel=\"noopener noreferrer\">Glossar<\/a><\/p>\n<p><a href=\"https:\/\/hausamstrom.de\/wp-content\/uploads\/2018\/12\/P-Regelous_Holzf\u00f6rster_2018-Kap_Literatur.pdf\" target=\"_blank\" rel=\"noopener noreferrer\">Literatur<\/a>[\/vc_column_text][\/vc_column][\/vc_row][vc_row][vc_column][vc_separator color=\u201dturquoise\u201d border_width=\u201d2\u2033][\/vc_column][\/vc_row][vc_row][vc_column width=\u201d1\/2\u2033][vc_column_text css=\u201d\u201d]<\/p>\n<h2>Energieerlebnis Jochenstein<\/h2>\n<p>Um den Flyer herunterzuladen klicken Sie <a href=\"https:\/\/hausamstrom.de\/wp-content\/uploads\/2018\/12\/Folder_EnergieerlebnisJochenstein-dt.pdf\" target=\"_blank\" rel=\"noopener\">hier<\/a>.[\/vc_column_text][\/vc_column][vc_column width=\u201d1\/2\u2033][\/vc_column][\/vc_row][vc_row][vc_column][vc_separator color=\u201dturquoise\u201d border_width=\u201d2\u2033][\/vc_column][\/vc_row][vc_row][vc_column][vc_column_text]<\/p>\n<h2>Projekt \u201cFremde Arten\u201d<\/h2>\n<p>Hier k\u00f6nnen Sie den Flyer zum Projekt \u201c<a href=\"https:\/\/www.hausamstrom.de\/wp-content\/uploads\/2020\/12\/HaS_flyer_fremde-Arten__11_19.pdf\" target=\"_blank\" rel=\"noopener\">Fremde Arten<\/a>\u201d herunterladen.[\/vc_column_text][\/vc_column][\/vc_row]<\/p>\n<\/div>","protected":false},"excerpt":{"rendered":"<p>[vc_row][vc_column][vc_column_text css=\u201d\u201d] Jahresprogramm 2026 Unser Programm mit allen Veranstaltungen zum downloaden: jahresprogramm_aussenseite_1_26 jahresprogramm_innenseite_1_26 [\/vc_column_text][vc_separator color=\u201dturquoise\u201d border_width=\u201d2\u2033 css=\u201d\u201d][\/vc_column][\/vc_row][vc_row][vc_column][vc_column_text css=\u201d\u201d] Haus am Strom Hier finden Sie unseren Hausflyer mit Informationen zu unserer neuen Ausstellung. HAS_Hausflyer_2024_06 [\/vc_column_text][\/vc_column][\/vc_row][vc_row][vc_column][vc_separator color=\u201dturquoise\u201d border_width=\u201d2\u2033][\/vc_column][\/vc_row][vc_row][vc_column][vc_column_text css=\u201d\u201d] Handreichung 3 Sch\u00e4tze Die 3 Sch\u00e4tze im Passauer Land bestehen aus der Umweltstation Haus am Strom mit dem [&hellip;]<\/p>\n","protected":false},"author":1,"featured_media":0,"parent":341,"menu_order":0,"comment_status":"closed","ping_status":"closed","template":"","meta":{"footnotes":""},"class_list":["post-403","page","type-page","status-publish","hentry"],"yoast_head":"<!-- This site is optimized with the Yoast SEO plugin v27.6 - https:\/\/yoast.com\/product\/yoast-seo-wordpress\/ -->\n<title>Downloadbereich - Haus am Strom<\/title>\n<meta name=\"robots\" content=\"index, follow, max-snippet:-1, max-image-preview:large, max-video-preview:-1\" \/>\n<link rel=\"canonical\" href=\"https:\/\/www.hausamstrom.de\/de\/service\/downloadbereich\/\" \/>\n<meta property=\"og:locale\" content=\"de_DE\" \/>\n<meta property=\"og:type\" content=\"article\" \/>\n<meta property=\"og:title\" content=\"Downloadbereich - Haus am Strom\" \/>\n<meta property=\"og:description\" content=\"[vc_row][vc_column][vc_column_text css=\u201d\u201d] Jahresprogramm 2026 Unser Programm mit allen Veranstaltungen zum downloaden: jahresprogramm_aussenseite_1_26 jahresprogramm_innenseite_1_26 [\/vc_column_text][vc_separator color=\u201dturquoise\u201d border_width=\u201d2\u2033 css=\u201d\u201d][\/vc_column][\/vc_row][vc_row][vc_column][vc_column_text css=\u201d\u201d] Haus am Strom Hier finden Sie unseren Hausflyer mit Informationen zu unserer neuen Ausstellung. HAS_Hausflyer_2024_06 [\/vc_column_text][\/vc_column][\/vc_row][vc_row][vc_column][vc_separator color=\u201dturquoise\u201d border_width=\u201d2\u2033][\/vc_column][\/vc_row][vc_row][vc_column][vc_column_text css=\u201d\u201d] Handreichung 3 Sch\u00e4tze Die 3 Sch\u00e4tze im Passauer Land bestehen aus der Umweltstation Haus am Strom mit dem [&hellip;]\" \/>\n<meta property=\"og:url\" content=\"https:\/\/www.hausamstrom.de\/de\/service\/downloadbereich\/\" \/>\n<meta property=\"og:site_name\" content=\"Haus am Strom\" \/>\n<meta property=\"article:publisher\" content=\"https:\/\/www.facebook.com\/hausamstrom\" \/>\n<meta property=\"article:modified_time\" content=\"2026-03-18T08:50:10+00:00\" \/>\n<meta property=\"og:image\" content=\"https:\/\/www.hausamstrom.de\/wp-content\/uploads\/2026\/03\/Jahresprogramm-Titelfoto.png\" \/>\n\t<meta property=\"og:image:width\" content=\"1549\" \/>\n\t<meta property=\"og:image:height\" content=\"723\" \/>\n\t<meta property=\"og:image:type\" content=\"image\/png\" \/>\n<meta name=\"twitter:card\" content=\"summary_large_image\" \/>\n<meta name=\"twitter:label1\" content=\"Gesch\u00e4tzte Lesezeit\" \/>\n\t<meta name=\"twitter:data1\" content=\"3\u00a0Minuten\" \/>\n<script type=\"application\/ld+json\" class=\"yoast-schema-graph\">{\"@context\":\"https:\\\/\\\/schema.org\",\"@graph\":[{\"@type\":\"WebPage\",\"@id\":\"https:\\\/\\\/www.hausamstrom.de\\\/de\\\/service\\\/downloadbereich\\\/\",\"url\":\"https:\\\/\\\/www.hausamstrom.de\\\/de\\\/service\\\/downloadbereich\\\/\",\"name\":\"Downloadbereich - Haus am Strom\",\"isPartOf\":{\"@id\":\"https:\\\/\\\/www.hausamstrom.de\\\/de\\\/#website\"},\"primaryImageOfPage\":{\"@id\":\"https:\\\/\\\/www.hausamstrom.de\\\/de\\\/service\\\/downloadbereich\\\/#primaryimage\"},\"image\":{\"@id\":\"https:\\\/\\\/www.hausamstrom.de\\\/de\\\/service\\\/downloadbereich\\\/#primaryimage\"},\"thumbnailUrl\":\"https:\\\/\\\/www.hausamstrom.de\\\/wp-content\\\/uploads\\\/2026\\\/03\\\/Jahresprogramm-Titelfoto-400x187.png\",\"datePublished\":\"2016-03-01T13:51:43+00:00\",\"dateModified\":\"2026-03-18T08:50:10+00:00\",\"breadcrumb\":{\"@id\":\"https:\\\/\\\/www.hausamstrom.de\\\/de\\\/service\\\/downloadbereich\\\/#breadcrumb\"},\"inLanguage\":\"de\",\"potentialAction\":[{\"@type\":\"ReadAction\",\"target\":[\"https:\\\/\\\/www.hausamstrom.de\\\/de\\\/service\\\/downloadbereich\\\/\"]}]},{\"@type\":\"ImageObject\",\"inLanguage\":\"de\",\"@id\":\"https:\\\/\\\/www.hausamstrom.de\\\/de\\\/service\\\/downloadbereich\\\/#primaryimage\",\"url\":\"https:\\\/\\\/www.hausamstrom.de\\\/wp-content\\\/uploads\\\/2026\\\/03\\\/Jahresprogramm-Titelfoto-400x187.png\",\"contentUrl\":\"https:\\\/\\\/www.hausamstrom.de\\\/wp-content\\\/uploads\\\/2026\\\/03\\\/Jahresprogramm-Titelfoto-400x187.png\"},{\"@type\":\"BreadcrumbList\",\"@id\":\"https:\\\/\\\/www.hausamstrom.de\\\/de\\\/service\\\/downloadbereich\\\/#breadcrumb\",\"itemListElement\":[{\"@type\":\"ListItem\",\"position\":1,\"name\":\"Home\",\"item\":\"https:\\\/\\\/www.hausamstrom.de\\\/de\\\/\"},{\"@type\":\"ListItem\",\"position\":2,\"name\":\"Service\",\"item\":\"https:\\\/\\\/www.hausamstrom.de\\\/de\\\/service\\\/\"},{\"@type\":\"ListItem\",\"position\":3,\"name\":\"Downloadbereich\"}]},{\"@type\":\"WebSite\",\"@id\":\"https:\\\/\\\/www.hausamstrom.de\\\/de\\\/#website\",\"url\":\"https:\\\/\\\/www.hausamstrom.de\\\/de\\\/\",\"name\":\"Haus am Strom\",\"description\":\"Umweltbildungsstation im Passauer Donautal. Umweltbildung und Naturschutz f\u00fcr Kinder und Erwachsenen.\",\"publisher\":{\"@id\":\"https:\\\/\\\/www.hausamstrom.de\\\/de\\\/#organization\"},\"potentialAction\":[{\"@type\":\"SearchAction\",\"target\":{\"@type\":\"EntryPoint\",\"urlTemplate\":\"https:\\\/\\\/www.hausamstrom.de\\\/de\\\/?s={search_term_string}\"},\"query-input\":{\"@type\":\"PropertyValueSpecification\",\"valueRequired\":true,\"valueName\":\"search_term_string\"}}],\"inLanguage\":\"de\"},{\"@type\":\"Organization\",\"@id\":\"https:\\\/\\\/www.hausamstrom.de\\\/de\\\/#organization\",\"name\":\"Haus am Strom\",\"url\":\"https:\\\/\\\/www.hausamstrom.de\\\/de\\\/\",\"logo\":{\"@type\":\"ImageObject\",\"inLanguage\":\"de\",\"@id\":\"https:\\\/\\\/www.hausamstrom.de\\\/de\\\/#\\\/schema\\\/logo\\\/image\\\/\",\"url\":\"https:\\\/\\\/www.hausamstrom.de\\\/wp-content\\\/uploads\\\/2025\\\/06\\\/Logo-quadratisch-1024x1024.jpg\",\"contentUrl\":\"https:\\\/\\\/www.hausamstrom.de\\\/wp-content\\\/uploads\\\/2025\\\/06\\\/Logo-quadratisch-1024x1024.jpg\",\"width\":1024,\"height\":1024,\"caption\":\"Haus am Strom\"},\"image\":{\"@id\":\"https:\\\/\\\/www.hausamstrom.de\\\/de\\\/#\\\/schema\\\/logo\\\/image\\\/\"},\"sameAs\":[\"https:\\\/\\\/www.facebook.com\\\/hausamstrom\",\"https:\\\/\\\/www.instagram.com\\\/\"]}]}<\/script>\n<!-- \/ Yoast SEO plugin. -->","yoast_head_json":{"title":"Downloadbereich - Haus am Strom","robots":{"index":"index","follow":"follow","max-snippet":"max-snippet:-1","max-image-preview":"max-image-preview:large","max-video-preview":"max-video-preview:-1"},"canonical":"https:\/\/www.hausamstrom.de\/de\/service\/downloadbereich\/","og_locale":"de_DE","og_type":"article","og_title":"Downloadbereich - Haus am Strom","og_description":"[vc_row][vc_column][vc_column_text css=\u201d\u201d] Jahresprogramm 2026 Unser Programm mit allen Veranstaltungen zum downloaden: jahresprogramm_aussenseite_1_26 jahresprogramm_innenseite_1_26 [\/vc_column_text][vc_separator color=\u201dturquoise\u201d border_width=\u201d2\u2033 css=\u201d\u201d][\/vc_column][\/vc_row][vc_row][vc_column][vc_column_text css=\u201d\u201d] Haus am Strom Hier finden Sie unseren Hausflyer mit Informationen zu unserer neuen Ausstellung. HAS_Hausflyer_2024_06 [\/vc_column_text][\/vc_column][\/vc_row][vc_row][vc_column][vc_separator color=\u201dturquoise\u201d border_width=\u201d2\u2033][\/vc_column][\/vc_row][vc_row][vc_column][vc_column_text css=\u201d\u201d] Handreichung 3 Sch\u00e4tze Die 3 Sch\u00e4tze im Passauer Land bestehen aus der Umweltstation Haus am Strom mit dem [&hellip;]","og_url":"https:\/\/www.hausamstrom.de\/de\/service\/downloadbereich\/","og_site_name":"Haus am Strom","article_publisher":"https:\/\/www.facebook.com\/hausamstrom","article_modified_time":"2026-03-18T08:50:10+00:00","og_image":[{"width":1549,"height":723,"url":"https:\/\/www.hausamstrom.de\/wp-content\/uploads\/2026\/03\/Jahresprogramm-Titelfoto.png","type":"image\/png"}],"twitter_card":"summary_large_image","twitter_misc":{"Gesch\u00e4tzte Lesezeit":"3\u00a0Minuten"},"schema":{"@context":"https:\/\/schema.org","@graph":[{"@type":"WebPage","@id":"https:\/\/www.hausamstrom.de\/de\/service\/downloadbereich\/","url":"https:\/\/www.hausamstrom.de\/de\/service\/downloadbereich\/","name":"Downloadbereich - Haus am Strom","isPartOf":{"@id":"https:\/\/www.hausamstrom.de\/de\/#website"},"primaryImageOfPage":{"@id":"https:\/\/www.hausamstrom.de\/de\/service\/downloadbereich\/#primaryimage"},"image":{"@id":"https:\/\/www.hausamstrom.de\/de\/service\/downloadbereich\/#primaryimage"},"thumbnailUrl":"https:\/\/www.hausamstrom.de\/wp-content\/uploads\/2026\/03\/Jahresprogramm-Titelfoto-400x187.png","datePublished":"2016-03-01T13:51:43+00:00","dateModified":"2026-03-18T08:50:10+00:00","breadcrumb":{"@id":"https:\/\/www.hausamstrom.de\/de\/service\/downloadbereich\/#breadcrumb"},"inLanguage":"de","potentialAction":[{"@type":"ReadAction","target":["https:\/\/www.hausamstrom.de\/de\/service\/downloadbereich\/"]}]},{"@type":"ImageObject","inLanguage":"de","@id":"https:\/\/www.hausamstrom.de\/de\/service\/downloadbereich\/#primaryimage","url":"https:\/\/www.hausamstrom.de\/wp-content\/uploads\/2026\/03\/Jahresprogramm-Titelfoto-400x187.png","contentUrl":"https:\/\/www.hausamstrom.de\/wp-content\/uploads\/2026\/03\/Jahresprogramm-Titelfoto-400x187.png"},{"@type":"BreadcrumbList","@id":"https:\/\/www.hausamstrom.de\/de\/service\/downloadbereich\/#breadcrumb","itemListElement":[{"@type":"ListItem","position":1,"name":"Home","item":"https:\/\/www.hausamstrom.de\/de\/"},{"@type":"ListItem","position":2,"name":"Service","item":"https:\/\/www.hausamstrom.de\/de\/service\/"},{"@type":"ListItem","position":3,"name":"Downloadbereich"}]},{"@type":"WebSite","@id":"https:\/\/www.hausamstrom.de\/de\/#website","url":"https:\/\/www.hausamstrom.de\/de\/","name":"Haus am Strom","description":"Umweltbildungsstation im Passauer Donautal. Umweltbildung und Naturschutz f\u00fcr Kinder und Erwachsenen.","publisher":{"@id":"https:\/\/www.hausamstrom.de\/de\/#organization"},"potentialAction":[{"@type":"SearchAction","target":{"@type":"EntryPoint","urlTemplate":"https:\/\/www.hausamstrom.de\/de\/?s={search_term_string}"},"query-input":{"@type":"PropertyValueSpecification","valueRequired":true,"valueName":"search_term_string"}}],"inLanguage":"de"},{"@type":"Organization","@id":"https:\/\/www.hausamstrom.de\/de\/#organization","name":"Haus am Strom","url":"https:\/\/www.hausamstrom.de\/de\/","logo":{"@type":"ImageObject","inLanguage":"de","@id":"https:\/\/www.hausamstrom.de\/de\/#\/schema\/logo\/image\/","url":"https:\/\/www.hausamstrom.de\/wp-content\/uploads\/2025\/06\/Logo-quadratisch-1024x1024.jpg","contentUrl":"https:\/\/www.hausamstrom.de\/wp-content\/uploads\/2025\/06\/Logo-quadratisch-1024x1024.jpg","width":1024,"height":1024,"caption":"Haus am Strom"},"image":{"@id":"https:\/\/www.hausamstrom.de\/de\/#\/schema\/logo\/image\/"},"sameAs":["https:\/\/www.facebook.com\/hausamstrom","https:\/\/www.instagram.com\/"]}]}},"_links":{"self":[{"href":"https:\/\/www.hausamstrom.de\/de\/wp-json\/wp\/v2\/pages\/403","targetHints":{"allow":["GET"]}}],"collection":[{"href":"https:\/\/www.hausamstrom.de\/de\/wp-json\/wp\/v2\/pages"}],"about":[{"href":"https:\/\/www.hausamstrom.de\/de\/wp-json\/wp\/v2\/types\/page"}],"author":[{"embeddable":true,"href":"https:\/\/www.hausamstrom.de\/de\/wp-json\/wp\/v2\/users\/1"}],"replies":[{"embeddable":true,"href":"https:\/\/www.hausamstrom.de\/de\/wp-json\/wp\/v2\/comments?post=403"}],"version-history":[{"count":10,"href":"https:\/\/www.hausamstrom.de\/de\/wp-json\/wp\/v2\/pages\/403\/revisions"}],"predecessor-version":[{"id":14416,"href":"https:\/\/www.hausamstrom.de\/de\/wp-json\/wp\/v2\/pages\/403\/revisions\/14416"}],"up":[{"embeddable":true,"href":"https:\/\/www.hausamstrom.de\/de\/wp-json\/wp\/v2\/pages\/341"}],"wp:attachment":[{"href":"https:\/\/www.hausamstrom.de\/de\/wp-json\/wp\/v2\/media?parent=403"}],"curies":[{"name":"wp","href":"https:\/\/api.w.org\/{rel}","templated":true}]}}