{"id":415,"date":"2016-03-01T15:00:06","date_gmt":"2016-03-01T14:00:06","guid":{"rendered":"http:\/\/hosting6807.af944.netcup.net\/?page_id=415"},"modified":"2025-11-28T13:58:16","modified_gmt":"2025-11-28T12:58:16","slug":"anfahrt","status":"publish","type":"page","link":"https:\/\/www.hausamstrom.de\/de\/service\/anfahrt\/","title":{"rendered":"Anfahrt"},"content":{"rendered":"<div class=\"wpb-content-wrapper\"><p>[vc_row][vc_column][vc_custom_heading text=\u201dAnfahrtsplan\u201d][vc_empty_space][vc_custom_heading text=\u201dAnfahrt\u201d font_container=\u201dtag:h3|text_align:left\u201d][vc_column_text]Das Haus am Strom liegt ca. 25 km s\u00fcd\u00f6stlich von Passau am n\u00f6rdlichen Donauufer.[\/vc_column_text][vc_single_image image=\u201d1783\u2033 img_size=\u201dlarge\u201d onclick=\u201dzoom\u201d][vc_empty_space][vc_custom_heading text=\u201dAnreise mit dem Auto\u201d font_container=\u201dtag:h3|text_align:left\u201d][vc_column_text css=\u201d\u201d]<\/p>\n<h4><strong>aus Richtung Passau\/ A3:<\/strong><\/h4>\n<p>durch Passau, auf der B 388 (linke Donauseite) \u00fcber Obernzell, Richtung Jochenstein, der Beschilderung folgend<\/p>\n<h4><strong>aus Richtung Linz:<\/strong><\/h4>\n<p>\u00fcber die Nibelungenbundesstrasse B 130 (rechte Donauseite), dann entweder fu\u00dfl\u00e4ufig \u00fcber das Kraftwerk Jochenstein oder mit der Autof\u00e4hre nach Obernzell \u00fcbersetzen und Richtung Jochenstein<\/p>\n<p><em>Hinweis:<\/em> Zwischen Passau und Wesenufer (O\u00d6) gibt es keine Br\u00fccken \u00fcber die Donau! In Obernzell haben Sie die M\u00f6glichkeit die Donau mittels einer F\u00e4hre zu \u00fcberqueren (hier geht\u2019s zu den <a href=\"https:\/\/www.obernzell.de\/tourismus-und-service\/mobilitaet-vor-ort\/donau-schifffahrt\" target=\"_blank\" rel=\"noopener noreferrer\">Fahrzeiten<\/a>)[\/vc_column_text][vc_column_text css=\u201d\u201d]Parkpl\u00e4tze stehen f\u00fcr Sie direkt vor dem Haus zur Verf\u00fcgung.<\/p>\n<p>F\u00fcr E-Autos bestehen zwei Parkpl\u00e4tze mit kostenpflichtiger Ladem\u00f6glichkeit, ebenso gibt es zwei\u00a0Behindertenparkpl\u00e4tze.[\/vc_column_text][vc_empty_space][vc_custom_heading text=\u201dAnreise mit \u00f6ffentlichen Verkehrsmitteln\u201d font_container=\u201dtag:h3|text_align:left\u201d][vc_column_text css=\u201d\u201d]Leider ist die Busverbindung nach Jochenstein sehr schlecht. Sollten Sie mit dem \u00d6PNV anreisen wollen, so empfehlen wir mit dem Bus von Passau nach Obernzell zu fahren. Beachten Sie bitte hierzu die aktuellen Fahrpl\u00e4ne.[\/vc_column_text][vc_custom_heading text=\u201dSportliche Anreise\u201d font_container=\u201dtag:h3|text_align:left\u201d][vc_column_text]Reisen Sie mit Rad oder Inline-Skates sportlich und umweltbewusst auf dem Donau-Radweg Passau-Linz-Wien an.[\/vc_column_text][\/vc_column][vc_column][\/vc_column][\/vc_row]<\/p>\n<\/div>","protected":false},"excerpt":{"rendered":"<p>[vc_row][vc_column][vc_custom_heading text=\u201dAnfahrtsplan\u201d][vc_empty_space][vc_custom_heading text=\u201dAnfahrt\u201d font_container=\u201dtag:h3|text_align:left\u201d][vc_column_text]Das Haus am Strom liegt ca. 25 km s\u00fcd\u00f6stlich von Passau am n\u00f6rdlichen Donauufer.[\/vc_column_text][vc_single_image image=\u201d1783\u2033 img_size=\u201dlarge\u201d onclick=\u201dzoom\u201d][vc_empty_space][vc_custom_heading text=\u201dAnreise mit dem Auto\u201d font_container=\u201dtag:h3|text_align:left\u201d][vc_column_text css=\u201d\u201d] aus Richtung Passau\/ A3: durch Passau, auf der B 388 (linke Donauseite) \u00fcber Obernzell, Richtung Jochenstein, der Beschilderung folgend aus Richtung Linz: \u00fcber die Nibelungenbundesstrasse B 130 (rechte Donauseite), [&hellip;]<\/p>\n","protected":false},"author":1,"featured_media":0,"parent":341,"menu_order":6,"comment_status":"closed","ping_status":"closed","template":"","meta":{"footnotes":""},"class_list":["post-415","page","type-page","status-publish","hentry"],"yoast_head":"<!-- This site is optimized with the Yoast SEO plugin v27.5 - https:\/\/yoast.com\/product\/yoast-seo-wordpress\/ -->\n<title>Anfahrt - Haus am Strom<\/title>\n<meta name=\"robots\" content=\"index, follow, max-snippet:-1, max-image-preview:large, max-video-preview:-1\" \/>\n<link rel=\"canonical\" href=\"https:\/\/www.hausamstrom.de\/de\/service\/anfahrt\/\" \/>\n<meta property=\"og:locale\" content=\"de_DE\" \/>\n<meta property=\"og:type\" content=\"article\" \/>\n<meta property=\"og:title\" content=\"Anfahrt - Haus am Strom\" \/>\n<meta property=\"og:description\" content=\"[vc_row][vc_column][vc_custom_heading text=\u201dAnfahrtsplan\u201d][vc_empty_space][vc_custom_heading text=\u201dAnfahrt\u201d font_container=\u201dtag:h3|text_align:left\u201d][vc_column_text]Das Haus am Strom liegt ca. 25 km s\u00fcd\u00f6stlich von Passau am n\u00f6rdlichen Donauufer.[\/vc_column_text][vc_single_image image=\u201d1783\u2033 img_size=\u201dlarge\u201d onclick=\u201dzoom\u201d][vc_empty_space][vc_custom_heading text=\u201dAnreise mit dem Auto\u201d font_container=\u201dtag:h3|text_align:left\u201d][vc_column_text css=\u201d\u201d] aus Richtung Passau\/ A3: durch Passau, auf der B 388 (linke Donauseite) \u00fcber Obernzell, Richtung Jochenstein, der Beschilderung folgend aus Richtung Linz: \u00fcber die Nibelungenbundesstrasse B 130 (rechte Donauseite), [&hellip;]\" \/>\n<meta property=\"og:url\" content=\"https:\/\/www.hausamstrom.de\/de\/service\/anfahrt\/\" \/>\n<meta property=\"og:site_name\" content=\"Haus am Strom\" \/>\n<meta property=\"article:publisher\" content=\"https:\/\/www.facebook.com\/hausamstrom\" \/>\n<meta property=\"article:modified_time\" content=\"2025-11-28T12:58:16+00:00\" \/>\n<meta name=\"twitter:card\" content=\"summary_large_image\" \/>\n<meta name=\"twitter:label1\" content=\"Gesch\u00e4tzte Lesezeit\" \/>\n\t<meta name=\"twitter:data1\" content=\"2\u00a0Minuten\" \/>\n<script type=\"application\/ld+json\" class=\"yoast-schema-graph\">{\"@context\":\"https:\\\/\\\/schema.org\",\"@graph\":[{\"@type\":\"WebPage\",\"@id\":\"https:\\\/\\\/www.hausamstrom.de\\\/de\\\/service\\\/anfahrt\\\/\",\"url\":\"https:\\\/\\\/www.hausamstrom.de\\\/de\\\/service\\\/anfahrt\\\/\",\"name\":\"Anfahrt - Haus am Strom\",\"isPartOf\":{\"@id\":\"https:\\\/\\\/www.hausamstrom.de\\\/de\\\/#website\"},\"datePublished\":\"2016-03-01T14:00:06+00:00\",\"dateModified\":\"2025-11-28T12:58:16+00:00\",\"breadcrumb\":{\"@id\":\"https:\\\/\\\/www.hausamstrom.de\\\/de\\\/service\\\/anfahrt\\\/#breadcrumb\"},\"inLanguage\":\"de\",\"potentialAction\":[{\"@type\":\"ReadAction\",\"target\":[\"https:\\\/\\\/www.hausamstrom.de\\\/de\\\/service\\\/anfahrt\\\/\"]}]},{\"@type\":\"BreadcrumbList\",\"@id\":\"https:\\\/\\\/www.hausamstrom.de\\\/de\\\/service\\\/anfahrt\\\/#breadcrumb\",\"itemListElement\":[{\"@type\":\"ListItem\",\"position\":1,\"name\":\"Home\",\"item\":\"https:\\\/\\\/www.hausamstrom.de\\\/de\\\/\"},{\"@type\":\"ListItem\",\"position\":2,\"name\":\"Service\",\"item\":\"https:\\\/\\\/www.hausamstrom.de\\\/de\\\/service\\\/\"},{\"@type\":\"ListItem\",\"position\":3,\"name\":\"Anfahrt\"}]},{\"@type\":\"WebSite\",\"@id\":\"https:\\\/\\\/www.hausamstrom.de\\\/de\\\/#website\",\"url\":\"https:\\\/\\\/www.hausamstrom.de\\\/de\\\/\",\"name\":\"Haus am Strom\",\"description\":\"Umweltbildungsstation im Passauer Donautal. Umweltbildung und Naturschutz f\u00fcr Kinder und Erwachsenen.\",\"publisher\":{\"@id\":\"https:\\\/\\\/www.hausamstrom.de\\\/de\\\/#organization\"},\"potentialAction\":[{\"@type\":\"SearchAction\",\"target\":{\"@type\":\"EntryPoint\",\"urlTemplate\":\"https:\\\/\\\/www.hausamstrom.de\\\/de\\\/?s={search_term_string}\"},\"query-input\":{\"@type\":\"PropertyValueSpecification\",\"valueRequired\":true,\"valueName\":\"search_term_string\"}}],\"inLanguage\":\"de\"},{\"@type\":\"Organization\",\"@id\":\"https:\\\/\\\/www.hausamstrom.de\\\/de\\\/#organization\",\"name\":\"Haus am Strom\",\"url\":\"https:\\\/\\\/www.hausamstrom.de\\\/de\\\/\",\"logo\":{\"@type\":\"ImageObject\",\"inLanguage\":\"de\",\"@id\":\"https:\\\/\\\/www.hausamstrom.de\\\/de\\\/#\\\/schema\\\/logo\\\/image\\\/\",\"url\":\"https:\\\/\\\/www.hausamstrom.de\\\/wp-content\\\/uploads\\\/2025\\\/06\\\/Logo-quadratisch-1024x1024.jpg\",\"contentUrl\":\"https:\\\/\\\/www.hausamstrom.de\\\/wp-content\\\/uploads\\\/2025\\\/06\\\/Logo-quadratisch-1024x1024.jpg\",\"width\":1024,\"height\":1024,\"caption\":\"Haus am Strom\"},\"image\":{\"@id\":\"https:\\\/\\\/www.hausamstrom.de\\\/de\\\/#\\\/schema\\\/logo\\\/image\\\/\"},\"sameAs\":[\"https:\\\/\\\/www.facebook.com\\\/hausamstrom\",\"https:\\\/\\\/www.instagram.com\\\/\"]}]}<\/script>\n<!-- \/ Yoast SEO plugin. -->","yoast_head_json":{"title":"Anfahrt - Haus am Strom","robots":{"index":"index","follow":"follow","max-snippet":"max-snippet:-1","max-image-preview":"max-image-preview:large","max-video-preview":"max-video-preview:-1"},"canonical":"https:\/\/www.hausamstrom.de\/de\/service\/anfahrt\/","og_locale":"de_DE","og_type":"article","og_title":"Anfahrt - Haus am Strom","og_description":"[vc_row][vc_column][vc_custom_heading text=\u201dAnfahrtsplan\u201d][vc_empty_space][vc_custom_heading text=\u201dAnfahrt\u201d font_container=\u201dtag:h3|text_align:left\u201d][vc_column_text]Das Haus am Strom liegt ca. 25 km s\u00fcd\u00f6stlich von Passau am n\u00f6rdlichen Donauufer.[\/vc_column_text][vc_single_image image=\u201d1783\u2033 img_size=\u201dlarge\u201d onclick=\u201dzoom\u201d][vc_empty_space][vc_custom_heading text=\u201dAnreise mit dem Auto\u201d font_container=\u201dtag:h3|text_align:left\u201d][vc_column_text css=\u201d\u201d] aus Richtung Passau\/ A3: durch Passau, auf der B 388 (linke Donauseite) \u00fcber Obernzell, Richtung Jochenstein, der Beschilderung folgend aus Richtung Linz: \u00fcber die Nibelungenbundesstrasse B 130 (rechte Donauseite), [&hellip;]","og_url":"https:\/\/www.hausamstrom.de\/de\/service\/anfahrt\/","og_site_name":"Haus am Strom","article_publisher":"https:\/\/www.facebook.com\/hausamstrom","article_modified_time":"2025-11-28T12:58:16+00:00","twitter_card":"summary_large_image","twitter_misc":{"Gesch\u00e4tzte Lesezeit":"2\u00a0Minuten"},"schema":{"@context":"https:\/\/schema.org","@graph":[{"@type":"WebPage","@id":"https:\/\/www.hausamstrom.de\/de\/service\/anfahrt\/","url":"https:\/\/www.hausamstrom.de\/de\/service\/anfahrt\/","name":"Anfahrt - Haus am Strom","isPartOf":{"@id":"https:\/\/www.hausamstrom.de\/de\/#website"},"datePublished":"2016-03-01T14:00:06+00:00","dateModified":"2025-11-28T12:58:16+00:00","breadcrumb":{"@id":"https:\/\/www.hausamstrom.de\/de\/service\/anfahrt\/#breadcrumb"},"inLanguage":"de","potentialAction":[{"@type":"ReadAction","target":["https:\/\/www.hausamstrom.de\/de\/service\/anfahrt\/"]}]},{"@type":"BreadcrumbList","@id":"https:\/\/www.hausamstrom.de\/de\/service\/anfahrt\/#breadcrumb","itemListElement":[{"@type":"ListItem","position":1,"name":"Home","item":"https:\/\/www.hausamstrom.de\/de\/"},{"@type":"ListItem","position":2,"name":"Service","item":"https:\/\/www.hausamstrom.de\/de\/service\/"},{"@type":"ListItem","position":3,"name":"Anfahrt"}]},{"@type":"WebSite","@id":"https:\/\/www.hausamstrom.de\/de\/#website","url":"https:\/\/www.hausamstrom.de\/de\/","name":"Haus am Strom","description":"Umweltbildungsstation im Passauer Donautal. Umweltbildung und Naturschutz f\u00fcr Kinder und Erwachsenen.","publisher":{"@id":"https:\/\/www.hausamstrom.de\/de\/#organization"},"potentialAction":[{"@type":"SearchAction","target":{"@type":"EntryPoint","urlTemplate":"https:\/\/www.hausamstrom.de\/de\/?s={search_term_string}"},"query-input":{"@type":"PropertyValueSpecification","valueRequired":true,"valueName":"search_term_string"}}],"inLanguage":"de"},{"@type":"Organization","@id":"https:\/\/www.hausamstrom.de\/de\/#organization","name":"Haus am Strom","url":"https:\/\/www.hausamstrom.de\/de\/","logo":{"@type":"ImageObject","inLanguage":"de","@id":"https:\/\/www.hausamstrom.de\/de\/#\/schema\/logo\/image\/","url":"https:\/\/www.hausamstrom.de\/wp-content\/uploads\/2025\/06\/Logo-quadratisch-1024x1024.jpg","contentUrl":"https:\/\/www.hausamstrom.de\/wp-content\/uploads\/2025\/06\/Logo-quadratisch-1024x1024.jpg","width":1024,"height":1024,"caption":"Haus am Strom"},"image":{"@id":"https:\/\/www.hausamstrom.de\/de\/#\/schema\/logo\/image\/"},"sameAs":["https:\/\/www.facebook.com\/hausamstrom","https:\/\/www.instagram.com\/"]}]}},"_links":{"self":[{"href":"https:\/\/www.hausamstrom.de\/de\/wp-json\/wp\/v2\/pages\/415","targetHints":{"allow":["GET"]}}],"collection":[{"href":"https:\/\/www.hausamstrom.de\/de\/wp-json\/wp\/v2\/pages"}],"about":[{"href":"https:\/\/www.hausamstrom.de\/de\/wp-json\/wp\/v2\/types\/page"}],"author":[{"embeddable":true,"href":"https:\/\/www.hausamstrom.de\/de\/wp-json\/wp\/v2\/users\/1"}],"replies":[{"embeddable":true,"href":"https:\/\/www.hausamstrom.de\/de\/wp-json\/wp\/v2\/comments?post=415"}],"version-history":[{"count":10,"href":"https:\/\/www.hausamstrom.de\/de\/wp-json\/wp\/v2\/pages\/415\/revisions"}],"predecessor-version":[{"id":750,"href":"https:\/\/www.hausamstrom.de\/de\/wp-json\/wp\/v2\/pages\/415\/revisions\/750"}],"up":[{"embeddable":true,"href":"https:\/\/www.hausamstrom.de\/de\/wp-json\/wp\/v2\/pages\/341"}],"wp:attachment":[{"href":"https:\/\/www.hausamstrom.de\/de\/wp-json\/wp\/v2\/media?parent=415"}],"curies":[{"name":"wp","href":"https:\/\/api.w.org\/{rel}","templated":true}]}}