{"id":419,"date":"2016-03-01T15:06:12","date_gmt":"2016-03-01T14:06:12","guid":{"rendered":"http:\/\/hosting6807.af944.netcup.net\/?page_id=419"},"modified":"2026-03-17T11:57:35","modified_gmt":"2026-03-17T10:57:35","slug":"archiv","status":"publish","type":"page","link":"https:\/\/www.hausamstrom.de\/de\/service\/archiv\/","title":{"rendered":"Archiv"},"content":{"rendered":"<div class=\"wpb-content-wrapper\"><p>[vc_row][vc_column][vc_column_text css=&#8221;&#8221;]<\/p>\n<h4><\/h4>\n<h4><\/h4>\n<h4>2026 | <a href=\"https:\/\/www.hausamstrom.de\/wp-content\/uploads\/2026\/03\/Jahresbericht2025.pdf\">2025<\/a> |\u00a0<a href=\"https:\/\/www.hausamstrom.de\/wp-content\/uploads\/2025\/04\/Jahresbericht2024-pdf.pdf\">2024<\/a> | <a href=\"https:\/\/www.hausamstrom.de\/wp-content\/uploads\/2024\/11\/Jahresbericht2023.pdf\">2023<\/a>\u00a0| <a href=\"https:\/\/www.hausamstrom.de\/wp-content\/uploads\/2024\/11\/Jahresbericht2022.pdf\">2022<\/a> \u00a0| \u00a0<a href=\"https:\/\/www.hausamstrom.de\/wp-content\/uploads\/2024\/11\/Jahresbericht2021.pdf\">2021<\/a>\u00a0| \u00a0<a href=\"https:\/\/www.hausamstrom.de\/wp-content\/uploads\/2024\/11\/Jahresbericht2020.pdf\">2020<\/a> | <a href=\"https:\/\/www.hausamstrom.de\/wp-content\/uploads\/2022\/02\/Jahresbericht-2019_web.pdf\">2019<\/a>\u00a0\u00a0| \u00a0<a href=\"https:\/\/www.hausamstrom.de\/wp-content\/uploads\/2022\/02\/Jahresbericht-2018_web.pdf\">2018\u00a0<\/a>\u00a0| \u00a0<a href=\"https:\/\/www.hausamstrom.de\/wp-content\/uploads\/2022\/02\/Jahresbericht-2017_web.pdf\">2017<\/a>\u00a0 |\u00a0<a href=\"https:\/\/www.hausamstrom.de\/wp-content\/uploads\/2022\/02\/Jahresbericht-2016_web.pdf\">2016<\/a> \u00a0| \u00a0<a href=\"https:\/\/www.hausamstrom.de\/wp-content\/uploads\/2024\/12\/Jahresbericht2015_web.pdf\">2015<\/a>\u00a0 | <a href=\"https:\/\/www.hausamstrom.de\/wp-content\/uploads\/2024\/12\/Jahresbericht2014_web.pdf\">\u00a02014<\/a> \u00a0|<\/h4>\n<div class=\"csc-textpic-imagewrap\">\n<p><img loading=\"lazy\" decoding=\"async\" class=\" wp-image-2060\" src=\"https:\/\/hausamstrom.de\/wp-content\/uploads\/2016\/02\/P1010014-400x300.jpg\" alt=\"OLYMPUS DIGITAL CAMERA\" width=\"353\" height=\"265\" srcset=\"https:\/\/www.hausamstrom.de\/wp-content\/uploads\/2016\/02\/P1010014-400x300.jpg 400w, https:\/\/www.hausamstrom.de\/wp-content\/uploads\/2016\/02\/P1010014.jpg 1024w\" sizes=\"auto, (max-width: 353px) 100vw, 353px\" \/><\/p>\n<\/div>\n<div class=\"csc-textpic-text\">\n<p>&nbsp;<\/p>\n<p>Im Laufe der Zeit hat sich einiges bei uns im Haus am Strom getan und auch ver\u00e4ndert.<\/p>\n<p>Hier k\u00f6nnen Sie nach Lust und Laune in unserem Archiv st\u00f6bern. Lesen Sie \u00e4ltere, sowie auch aktuellere Eintr\u00e4ge in unserem Archiv nach.<\/p>\n<\/div>\n<p>[\/vc_column_text][\/vc_column][\/vc_row]<\/p>\n<\/div>","protected":false},"excerpt":{"rendered":"<p>[vc_row][vc_column][vc_column_text css=&#8221;&#8221;] 2026 | 2025 |\u00a02024 | 2023\u00a0| 2022 \u00a0| \u00a02021\u00a0| \u00a02020 | 2019\u00a0\u00a0| \u00a02018\u00a0\u00a0| \u00a02017\u00a0 |\u00a02016 \u00a0| \u00a02015\u00a0 | \u00a02014 \u00a0| &nbsp; Im Laufe der Zeit hat sich einiges bei uns im Haus am Strom getan und auch ver\u00e4ndert. Hier k\u00f6nnen Sie nach Lust und Laune in unserem Archiv st\u00f6bern. Lesen Sie \u00e4ltere, sowie [&hellip;]<\/p>\n","protected":false},"author":1,"featured_media":0,"parent":341,"menu_order":10,"comment_status":"closed","ping_status":"closed","template":"","meta":{"footnotes":""},"class_list":["post-419","page","type-page","status-publish","hentry"],"yoast_head":"<!-- This site is optimized with the Yoast SEO plugin v27.4 - https:\/\/yoast.com\/product\/yoast-seo-wordpress\/ -->\n<title>Archiv - Haus am Strom<\/title>\n<meta name=\"robots\" content=\"index, follow, max-snippet:-1, max-image-preview:large, max-video-preview:-1\" \/>\n<link rel=\"canonical\" href=\"https:\/\/www.hausamstrom.de\/de\/service\/archiv\/\" \/>\n<meta property=\"og:locale\" content=\"de_DE\" \/>\n<meta property=\"og:type\" content=\"article\" \/>\n<meta property=\"og:title\" content=\"Archiv - Haus am Strom\" \/>\n<meta property=\"og:description\" content=\"[vc_row][vc_column][vc_column_text css=&#8221;&#8221;] 2026 | 2025 |\u00a02024 | 2023\u00a0| 2022 \u00a0| \u00a02021\u00a0| \u00a02020 | 2019\u00a0\u00a0| \u00a02018\u00a0\u00a0| \u00a02017\u00a0 |\u00a02016 \u00a0| \u00a02015\u00a0 | \u00a02014 \u00a0| &nbsp; Im Laufe der Zeit hat sich einiges bei uns im Haus am Strom getan und auch ver\u00e4ndert. Hier k\u00f6nnen Sie nach Lust und Laune in unserem Archiv st\u00f6bern. Lesen Sie \u00e4ltere, sowie [&hellip;]\" \/>\n<meta property=\"og:url\" content=\"https:\/\/www.hausamstrom.de\/de\/service\/archiv\/\" \/>\n<meta property=\"og:site_name\" content=\"Haus am Strom\" \/>\n<meta property=\"article:publisher\" content=\"https:\/\/www.facebook.com\/hausamstrom\" \/>\n<meta property=\"article:modified_time\" content=\"2026-03-17T10:57:35+00:00\" \/>\n<meta property=\"og:image\" content=\"https:\/\/www.hausamstrom.de\/wp-content\/uploads\/2016\/02\/P1010014.jpg\" \/>\n\t<meta property=\"og:image:width\" content=\"1024\" \/>\n\t<meta property=\"og:image:height\" content=\"768\" \/>\n\t<meta property=\"og:image:type\" content=\"image\/jpeg\" \/>\n<meta name=\"twitter:card\" content=\"summary_large_image\" \/>\n<meta name=\"twitter:label1\" content=\"Gesch\u00e4tzte Lesezeit\" \/>\n\t<meta name=\"twitter:data1\" content=\"1\u00a0Minute\" \/>\n<script type=\"application\/ld+json\" class=\"yoast-schema-graph\">{\"@context\":\"https:\\\/\\\/schema.org\",\"@graph\":[{\"@type\":\"WebPage\",\"@id\":\"https:\\\/\\\/www.hausamstrom.de\\\/de\\\/service\\\/archiv\\\/\",\"url\":\"https:\\\/\\\/www.hausamstrom.de\\\/de\\\/service\\\/archiv\\\/\",\"name\":\"Archiv - Haus am Strom\",\"isPartOf\":{\"@id\":\"https:\\\/\\\/www.hausamstrom.de\\\/de\\\/#website\"},\"primaryImageOfPage\":{\"@id\":\"https:\\\/\\\/www.hausamstrom.de\\\/de\\\/service\\\/archiv\\\/#primaryimage\"},\"image\":{\"@id\":\"https:\\\/\\\/www.hausamstrom.de\\\/de\\\/service\\\/archiv\\\/#primaryimage\"},\"thumbnailUrl\":\"https:\\\/\\\/hausamstrom.de\\\/wp-content\\\/uploads\\\/2016\\\/02\\\/P1010014-400x300.jpg\",\"datePublished\":\"2016-03-01T14:06:12+00:00\",\"dateModified\":\"2026-03-17T10:57:35+00:00\",\"breadcrumb\":{\"@id\":\"https:\\\/\\\/www.hausamstrom.de\\\/de\\\/service\\\/archiv\\\/#breadcrumb\"},\"inLanguage\":\"de\",\"potentialAction\":[{\"@type\":\"ReadAction\",\"target\":[\"https:\\\/\\\/www.hausamstrom.de\\\/de\\\/service\\\/archiv\\\/\"]}]},{\"@type\":\"ImageObject\",\"inLanguage\":\"de\",\"@id\":\"https:\\\/\\\/www.hausamstrom.de\\\/de\\\/service\\\/archiv\\\/#primaryimage\",\"url\":\"https:\\\/\\\/hausamstrom.de\\\/wp-content\\\/uploads\\\/2016\\\/02\\\/P1010014-400x300.jpg\",\"contentUrl\":\"https:\\\/\\\/hausamstrom.de\\\/wp-content\\\/uploads\\\/2016\\\/02\\\/P1010014-400x300.jpg\"},{\"@type\":\"BreadcrumbList\",\"@id\":\"https:\\\/\\\/www.hausamstrom.de\\\/de\\\/service\\\/archiv\\\/#breadcrumb\",\"itemListElement\":[{\"@type\":\"ListItem\",\"position\":1,\"name\":\"Home\",\"item\":\"https:\\\/\\\/www.hausamstrom.de\\\/de\\\/\"},{\"@type\":\"ListItem\",\"position\":2,\"name\":\"Service\",\"item\":\"https:\\\/\\\/www.hausamstrom.de\\\/de\\\/service\\\/\"},{\"@type\":\"ListItem\",\"position\":3,\"name\":\"Archiv\"}]},{\"@type\":\"WebSite\",\"@id\":\"https:\\\/\\\/www.hausamstrom.de\\\/de\\\/#website\",\"url\":\"https:\\\/\\\/www.hausamstrom.de\\\/de\\\/\",\"name\":\"Haus am Strom\",\"description\":\"Umweltbildungsstation im Passauer Donautal. Umweltbildung und Naturschutz f\u00fcr Kinder und Erwachsenen.\",\"publisher\":{\"@id\":\"https:\\\/\\\/www.hausamstrom.de\\\/de\\\/#organization\"},\"potentialAction\":[{\"@type\":\"SearchAction\",\"target\":{\"@type\":\"EntryPoint\",\"urlTemplate\":\"https:\\\/\\\/www.hausamstrom.de\\\/de\\\/?s={search_term_string}\"},\"query-input\":{\"@type\":\"PropertyValueSpecification\",\"valueRequired\":true,\"valueName\":\"search_term_string\"}}],\"inLanguage\":\"de\"},{\"@type\":\"Organization\",\"@id\":\"https:\\\/\\\/www.hausamstrom.de\\\/de\\\/#organization\",\"name\":\"Haus am Strom\",\"url\":\"https:\\\/\\\/www.hausamstrom.de\\\/de\\\/\",\"logo\":{\"@type\":\"ImageObject\",\"inLanguage\":\"de\",\"@id\":\"https:\\\/\\\/www.hausamstrom.de\\\/de\\\/#\\\/schema\\\/logo\\\/image\\\/\",\"url\":\"https:\\\/\\\/www.hausamstrom.de\\\/wp-content\\\/uploads\\\/2025\\\/06\\\/Logo-quadratisch-1024x1024.jpg\",\"contentUrl\":\"https:\\\/\\\/www.hausamstrom.de\\\/wp-content\\\/uploads\\\/2025\\\/06\\\/Logo-quadratisch-1024x1024.jpg\",\"width\":1024,\"height\":1024,\"caption\":\"Haus am Strom\"},\"image\":{\"@id\":\"https:\\\/\\\/www.hausamstrom.de\\\/de\\\/#\\\/schema\\\/logo\\\/image\\\/\"},\"sameAs\":[\"https:\\\/\\\/www.facebook.com\\\/hausamstrom\",\"https:\\\/\\\/www.instagram.com\\\/\"]}]}<\/script>\n<!-- \/ Yoast SEO plugin. -->","yoast_head_json":{"title":"Archiv - Haus am Strom","robots":{"index":"index","follow":"follow","max-snippet":"max-snippet:-1","max-image-preview":"max-image-preview:large","max-video-preview":"max-video-preview:-1"},"canonical":"https:\/\/www.hausamstrom.de\/de\/service\/archiv\/","og_locale":"de_DE","og_type":"article","og_title":"Archiv - Haus am Strom","og_description":"[vc_row][vc_column][vc_column_text css=&#8221;&#8221;] 2026 | 2025 |\u00a02024 | 2023\u00a0| 2022 \u00a0| \u00a02021\u00a0| \u00a02020 | 2019\u00a0\u00a0| \u00a02018\u00a0\u00a0| \u00a02017\u00a0 |\u00a02016 \u00a0| \u00a02015\u00a0 | \u00a02014 \u00a0| &nbsp; Im Laufe der Zeit hat sich einiges bei uns im Haus am Strom getan und auch ver\u00e4ndert. Hier k\u00f6nnen Sie nach Lust und Laune in unserem Archiv st\u00f6bern. Lesen Sie \u00e4ltere, sowie [&hellip;]","og_url":"https:\/\/www.hausamstrom.de\/de\/service\/archiv\/","og_site_name":"Haus am Strom","article_publisher":"https:\/\/www.facebook.com\/hausamstrom","article_modified_time":"2026-03-17T10:57:35+00:00","og_image":[{"width":1024,"height":768,"url":"https:\/\/www.hausamstrom.de\/wp-content\/uploads\/2016\/02\/P1010014.jpg","type":"image\/jpeg"}],"twitter_card":"summary_large_image","twitter_misc":{"Gesch\u00e4tzte Lesezeit":"1\u00a0Minute"},"schema":{"@context":"https:\/\/schema.org","@graph":[{"@type":"WebPage","@id":"https:\/\/www.hausamstrom.de\/de\/service\/archiv\/","url":"https:\/\/www.hausamstrom.de\/de\/service\/archiv\/","name":"Archiv - Haus am Strom","isPartOf":{"@id":"https:\/\/www.hausamstrom.de\/de\/#website"},"primaryImageOfPage":{"@id":"https:\/\/www.hausamstrom.de\/de\/service\/archiv\/#primaryimage"},"image":{"@id":"https:\/\/www.hausamstrom.de\/de\/service\/archiv\/#primaryimage"},"thumbnailUrl":"https:\/\/hausamstrom.de\/wp-content\/uploads\/2016\/02\/P1010014-400x300.jpg","datePublished":"2016-03-01T14:06:12+00:00","dateModified":"2026-03-17T10:57:35+00:00","breadcrumb":{"@id":"https:\/\/www.hausamstrom.de\/de\/service\/archiv\/#breadcrumb"},"inLanguage":"de","potentialAction":[{"@type":"ReadAction","target":["https:\/\/www.hausamstrom.de\/de\/service\/archiv\/"]}]},{"@type":"ImageObject","inLanguage":"de","@id":"https:\/\/www.hausamstrom.de\/de\/service\/archiv\/#primaryimage","url":"https:\/\/hausamstrom.de\/wp-content\/uploads\/2016\/02\/P1010014-400x300.jpg","contentUrl":"https:\/\/hausamstrom.de\/wp-content\/uploads\/2016\/02\/P1010014-400x300.jpg"},{"@type":"BreadcrumbList","@id":"https:\/\/www.hausamstrom.de\/de\/service\/archiv\/#breadcrumb","itemListElement":[{"@type":"ListItem","position":1,"name":"Home","item":"https:\/\/www.hausamstrom.de\/de\/"},{"@type":"ListItem","position":2,"name":"Service","item":"https:\/\/www.hausamstrom.de\/de\/service\/"},{"@type":"ListItem","position":3,"name":"Archiv"}]},{"@type":"WebSite","@id":"https:\/\/www.hausamstrom.de\/de\/#website","url":"https:\/\/www.hausamstrom.de\/de\/","name":"Haus am Strom","description":"Umweltbildungsstation im Passauer Donautal. Umweltbildung und Naturschutz f\u00fcr Kinder und Erwachsenen.","publisher":{"@id":"https:\/\/www.hausamstrom.de\/de\/#organization"},"potentialAction":[{"@type":"SearchAction","target":{"@type":"EntryPoint","urlTemplate":"https:\/\/www.hausamstrom.de\/de\/?s={search_term_string}"},"query-input":{"@type":"PropertyValueSpecification","valueRequired":true,"valueName":"search_term_string"}}],"inLanguage":"de"},{"@type":"Organization","@id":"https:\/\/www.hausamstrom.de\/de\/#organization","name":"Haus am Strom","url":"https:\/\/www.hausamstrom.de\/de\/","logo":{"@type":"ImageObject","inLanguage":"de","@id":"https:\/\/www.hausamstrom.de\/de\/#\/schema\/logo\/image\/","url":"https:\/\/www.hausamstrom.de\/wp-content\/uploads\/2025\/06\/Logo-quadratisch-1024x1024.jpg","contentUrl":"https:\/\/www.hausamstrom.de\/wp-content\/uploads\/2025\/06\/Logo-quadratisch-1024x1024.jpg","width":1024,"height":1024,"caption":"Haus am Strom"},"image":{"@id":"https:\/\/www.hausamstrom.de\/de\/#\/schema\/logo\/image\/"},"sameAs":["https:\/\/www.facebook.com\/hausamstrom","https:\/\/www.instagram.com\/"]}]}},"_links":{"self":[{"href":"https:\/\/www.hausamstrom.de\/de\/wp-json\/wp\/v2\/pages\/419","targetHints":{"allow":["GET"]}}],"collection":[{"href":"https:\/\/www.hausamstrom.de\/de\/wp-json\/wp\/v2\/pages"}],"about":[{"href":"https:\/\/www.hausamstrom.de\/de\/wp-json\/wp\/v2\/types\/page"}],"author":[{"embeddable":true,"href":"https:\/\/www.hausamstrom.de\/de\/wp-json\/wp\/v2\/users\/1"}],"replies":[{"embeddable":true,"href":"https:\/\/www.hausamstrom.de\/de\/wp-json\/wp\/v2\/comments?post=419"}],"version-history":[{"count":10,"href":"https:\/\/www.hausamstrom.de\/de\/wp-json\/wp\/v2\/pages\/419\/revisions"}],"predecessor-version":[{"id":14377,"href":"https:\/\/www.hausamstrom.de\/de\/wp-json\/wp\/v2\/pages\/419\/revisions\/14377"}],"up":[{"embeddable":true,"href":"https:\/\/www.hausamstrom.de\/de\/wp-json\/wp\/v2\/pages\/341"}],"wp:attachment":[{"href":"https:\/\/www.hausamstrom.de\/de\/wp-json\/wp\/v2\/media?parent=419"}],"curies":[{"name":"wp","href":"https:\/\/api.w.org\/{rel}","templated":true}]}}