{"id":47,"date":"2016-02-11T19:03:39","date_gmt":"2016-02-11T18:03:39","guid":{"rendered":"http:\/\/hosting6807.af944.netcup.net\/?page_id=47"},"modified":"2025-10-28T09:54:23","modified_gmt":"2025-10-28T08:54:23","slug":"programm","status":"publish","type":"page","link":"https:\/\/www.hausamstrom.de\/de\/programm\/","title":{"rendered":"Programm"},"content":{"rendered":"<div class=\"wpb-content-wrapper\"><p>[vc_row][vc_column width=\u201d1\/2\u2033][vc_single_image image=\u201d1889\u2033 img_size=\u201dlarge\u201d alignment=\u201dcenter\u201d]<div id=\"1559491759930-ee4cb4c2-56d1\" class=\"dt-sc-empty-space\"><\/div>[\/vc_column][vc_column width=\u201d1\/2\u2033][vc_column_text]<\/p>\n<h1>Naturerlebnis f\u00fcr Alt und Jung<\/h1>\n<ul>\n<li>Mit viel Spa\u00df und Aktion die Umwelt erkunden<\/li>\n<li>Natur mit allen Sinnen erfahren<\/li>\n<li>In der Gruppe handeln<\/li>\n<\/ul>\n<p>Lassen Sie sich faszinieren![\/vc_column_text]<div id=\"1587716840846-7d5ff31d-b896\" class=\"dt-sc-empty-space\"><\/div>[\/vc_column][\/vc_row][vc_row][vc_column width=\u201d1\/2\u2033][vc_column_text]<\/p>\n<h1>Buchbare Angebote<\/h1>\n<p>Buchen Sie Ihre Veranstaltungen zum Wunschtermin![\/vc_column_text][vc_btn title=\u201dBuchbares\u201d color=\u201dprimary\u201d css=\u201d\u201d link=\u201durl:https%3A%2F%2Fwww.hausamstrom.de%2Fde%2Fprogramm%2Fbuchbares%2F|title:Buchbares\u201d][\/vc_column][vc_column width=\u201d1\/2\u2033][vc_column_text css=\u201d\u201d]<\/p>\n<h1>Veranstaltungskalender<\/h1>\n<p>Hier bekommen Sie eine \u00dcbersicht \u00fcber unsere Veranstaltungen!<\/p>\n<p>F\u00fcr alle in unsrem Kalender aufgef\u00fchrten Veranstaltungen bitten wir Sie sich bei Interesse baldm\u00f6glichst anzumelden.[\/vc_column_text][vc_btn title=\u201dKalender\u201d color=\u201dprimary\u201d css=\u201d\u201d link=\u201durl:https%3A%2F%2Fwww.hausamstrom.de%2Fde%2Fprogramm%2Fveranstaltungskalender%2F|title:Kalender\u201d][\/vc_column][\/vc_row]<\/p>\n<\/div>","protected":false},"excerpt":{"rendered":"<p>[vc_row][vc_column width=\u201d1\/2\u2033][vc_single_image image=\u201d1889\u2033 img_size=\u201dlarge\u201d alignment=\u201dcenter\u201d][\/vc_column][vc_column width=\u201d1\/2\u2033][vc_column_text] Naturerlebnis f\u00fcr Alt und Jung Mit viel Spa\u00df und Aktion die Umwelt erkunden Natur mit allen Sinnen erfahren In der Gruppe handeln Lassen Sie sich faszinieren![\/vc_column_text][\/vc_column][\/vc_row][vc_row][vc_column width=\u201d1\/2\u2033][vc_column_text] Buchbare Angebote Buchen Sie Ihre Veranstaltungen zum Wunschtermin![\/vc_column_text][vc_btn title=\u201dBuchbares\u201d color=\u201dprimary\u201d css=\u201d\u201d link=\u201durl:https%3A%2F%2Fwww.hausamstrom.de%2Fde%2Fprogramm%2Fbuchbares%2F|title:Buchbares\u201d][\/vc_column][vc_column width=\u201d1\/2\u2033][vc_column_text css=\u201d\u201d] Veranstaltungskalender Hier bekommen Sie eine \u00dcbersicht \u00fcber unsere [&hellip;]<\/p>\n","protected":false},"author":1,"featured_media":0,"parent":0,"menu_order":2,"comment_status":"closed","ping_status":"closed","template":"","meta":{"footnotes":""},"class_list":["post-47","page","type-page","status-publish","hentry"],"yoast_head":"<!-- This site is optimized with the Yoast SEO plugin v27.5 - https:\/\/yoast.com\/product\/yoast-seo-wordpress\/ -->\n<title>Programm - Haus am Strom<\/title>\n<meta name=\"robots\" content=\"index, follow, max-snippet:-1, max-image-preview:large, max-video-preview:-1\" \/>\n<link rel=\"canonical\" href=\"https:\/\/www.hausamstrom.de\/de\/programm\/\" \/>\n<meta property=\"og:locale\" content=\"de_DE\" \/>\n<meta property=\"og:type\" content=\"article\" \/>\n<meta property=\"og:title\" content=\"Programm - Haus am Strom\" \/>\n<meta property=\"og:description\" content=\"[vc_row][vc_column width=\u201d1\/2\u2033][vc_single_image image=\u201d1889\u2033 img_size=\u201dlarge\u201d alignment=\u201dcenter\u201d][\/vc_column][vc_column width=\u201d1\/2\u2033][vc_column_text] Naturerlebnis f\u00fcr Alt und Jung Mit viel Spa\u00df und Aktion die Umwelt erkunden Natur mit allen Sinnen erfahren In der Gruppe handeln Lassen Sie sich faszinieren![\/vc_column_text][\/vc_column][\/vc_row][vc_row][vc_column width=\u201d1\/2\u2033][vc_column_text] Buchbare Angebote Buchen Sie Ihre Veranstaltungen zum Wunschtermin![\/vc_column_text][vc_btn title=\u201dBuchbares\u201d color=\u201dprimary\u201d css=\u201d\u201d link=\u201durl:https%3A%2F%2Fwww.hausamstrom.de%2Fde%2Fprogramm%2Fbuchbares%2F|title:Buchbares\u201d][\/vc_column][vc_column width=\u201d1\/2\u2033][vc_column_text css=\u201d\u201d] Veranstaltungskalender Hier bekommen Sie eine \u00dcbersicht \u00fcber unsere [&hellip;]\" \/>\n<meta property=\"og:url\" content=\"https:\/\/www.hausamstrom.de\/de\/programm\/\" \/>\n<meta property=\"og:site_name\" content=\"Haus am Strom\" \/>\n<meta property=\"article:publisher\" content=\"https:\/\/www.facebook.com\/hausamstrom\" \/>\n<meta property=\"article:modified_time\" content=\"2025-10-28T08:54:23+00:00\" \/>\n<meta name=\"twitter:card\" content=\"summary_large_image\" \/>\n<meta name=\"twitter:label1\" content=\"Gesch\u00e4tzte Lesezeit\" \/>\n\t<meta name=\"twitter:data1\" content=\"1\u00a0Minute\" \/>\n<script type=\"application\/ld+json\" class=\"yoast-schema-graph\">{\"@context\":\"https:\\\/\\\/schema.org\",\"@graph\":[{\"@type\":\"WebPage\",\"@id\":\"https:\\\/\\\/www.hausamstrom.de\\\/de\\\/programm\\\/\",\"url\":\"https:\\\/\\\/www.hausamstrom.de\\\/de\\\/programm\\\/\",\"name\":\"Programm - Haus am Strom\",\"isPartOf\":{\"@id\":\"https:\\\/\\\/www.hausamstrom.de\\\/de\\\/#website\"},\"datePublished\":\"2016-02-11T18:03:39+00:00\",\"dateModified\":\"2025-10-28T08:54:23+00:00\",\"breadcrumb\":{\"@id\":\"https:\\\/\\\/www.hausamstrom.de\\\/de\\\/programm\\\/#breadcrumb\"},\"inLanguage\":\"de\",\"potentialAction\":[{\"@type\":\"ReadAction\",\"target\":[\"https:\\\/\\\/www.hausamstrom.de\\\/de\\\/programm\\\/\"]}]},{\"@type\":\"BreadcrumbList\",\"@id\":\"https:\\\/\\\/www.hausamstrom.de\\\/de\\\/programm\\\/#breadcrumb\",\"itemListElement\":[{\"@type\":\"ListItem\",\"position\":1,\"name\":\"Home\",\"item\":\"https:\\\/\\\/www.hausamstrom.de\\\/de\\\/\"},{\"@type\":\"ListItem\",\"position\":2,\"name\":\"Programm\"}]},{\"@type\":\"WebSite\",\"@id\":\"https:\\\/\\\/www.hausamstrom.de\\\/de\\\/#website\",\"url\":\"https:\\\/\\\/www.hausamstrom.de\\\/de\\\/\",\"name\":\"Haus am Strom\",\"description\":\"Umweltbildungsstation im Passauer Donautal. Umweltbildung und Naturschutz f\u00fcr Kinder und Erwachsenen.\",\"publisher\":{\"@id\":\"https:\\\/\\\/www.hausamstrom.de\\\/de\\\/#organization\"},\"potentialAction\":[{\"@type\":\"SearchAction\",\"target\":{\"@type\":\"EntryPoint\",\"urlTemplate\":\"https:\\\/\\\/www.hausamstrom.de\\\/de\\\/?s={search_term_string}\"},\"query-input\":{\"@type\":\"PropertyValueSpecification\",\"valueRequired\":true,\"valueName\":\"search_term_string\"}}],\"inLanguage\":\"de\"},{\"@type\":\"Organization\",\"@id\":\"https:\\\/\\\/www.hausamstrom.de\\\/de\\\/#organization\",\"name\":\"Haus am Strom\",\"url\":\"https:\\\/\\\/www.hausamstrom.de\\\/de\\\/\",\"logo\":{\"@type\":\"ImageObject\",\"inLanguage\":\"de\",\"@id\":\"https:\\\/\\\/www.hausamstrom.de\\\/de\\\/#\\\/schema\\\/logo\\\/image\\\/\",\"url\":\"https:\\\/\\\/www.hausamstrom.de\\\/wp-content\\\/uploads\\\/2025\\\/06\\\/Logo-quadratisch-1024x1024.jpg\",\"contentUrl\":\"https:\\\/\\\/www.hausamstrom.de\\\/wp-content\\\/uploads\\\/2025\\\/06\\\/Logo-quadratisch-1024x1024.jpg\",\"width\":1024,\"height\":1024,\"caption\":\"Haus am Strom\"},\"image\":{\"@id\":\"https:\\\/\\\/www.hausamstrom.de\\\/de\\\/#\\\/schema\\\/logo\\\/image\\\/\"},\"sameAs\":[\"https:\\\/\\\/www.facebook.com\\\/hausamstrom\",\"https:\\\/\\\/www.instagram.com\\\/\"]}]}<\/script>\n<!-- \/ Yoast SEO plugin. -->","yoast_head_json":{"title":"Programm - Haus am Strom","robots":{"index":"index","follow":"follow","max-snippet":"max-snippet:-1","max-image-preview":"max-image-preview:large","max-video-preview":"max-video-preview:-1"},"canonical":"https:\/\/www.hausamstrom.de\/de\/programm\/","og_locale":"de_DE","og_type":"article","og_title":"Programm - Haus am Strom","og_description":"[vc_row][vc_column width=\u201d1\/2\u2033][vc_single_image image=\u201d1889\u2033 img_size=\u201dlarge\u201d alignment=\u201dcenter\u201d][\/vc_column][vc_column width=\u201d1\/2\u2033][vc_column_text] Naturerlebnis f\u00fcr Alt und Jung Mit viel Spa\u00df und Aktion die Umwelt erkunden Natur mit allen Sinnen erfahren In der Gruppe handeln Lassen Sie sich faszinieren![\/vc_column_text][\/vc_column][\/vc_row][vc_row][vc_column width=\u201d1\/2\u2033][vc_column_text] Buchbare Angebote Buchen Sie Ihre Veranstaltungen zum Wunschtermin![\/vc_column_text][vc_btn title=\u201dBuchbares\u201d color=\u201dprimary\u201d css=\u201d\u201d link=\u201durl:https%3A%2F%2Fwww.hausamstrom.de%2Fde%2Fprogramm%2Fbuchbares%2F|title:Buchbares\u201d][\/vc_column][vc_column width=\u201d1\/2\u2033][vc_column_text css=\u201d\u201d] Veranstaltungskalender Hier bekommen Sie eine \u00dcbersicht \u00fcber unsere [&hellip;]","og_url":"https:\/\/www.hausamstrom.de\/de\/programm\/","og_site_name":"Haus am Strom","article_publisher":"https:\/\/www.facebook.com\/hausamstrom","article_modified_time":"2025-10-28T08:54:23+00:00","twitter_card":"summary_large_image","twitter_misc":{"Gesch\u00e4tzte Lesezeit":"1\u00a0Minute"},"schema":{"@context":"https:\/\/schema.org","@graph":[{"@type":"WebPage","@id":"https:\/\/www.hausamstrom.de\/de\/programm\/","url":"https:\/\/www.hausamstrom.de\/de\/programm\/","name":"Programm - Haus am Strom","isPartOf":{"@id":"https:\/\/www.hausamstrom.de\/de\/#website"},"datePublished":"2016-02-11T18:03:39+00:00","dateModified":"2025-10-28T08:54:23+00:00","breadcrumb":{"@id":"https:\/\/www.hausamstrom.de\/de\/programm\/#breadcrumb"},"inLanguage":"de","potentialAction":[{"@type":"ReadAction","target":["https:\/\/www.hausamstrom.de\/de\/programm\/"]}]},{"@type":"BreadcrumbList","@id":"https:\/\/www.hausamstrom.de\/de\/programm\/#breadcrumb","itemListElement":[{"@type":"ListItem","position":1,"name":"Home","item":"https:\/\/www.hausamstrom.de\/de\/"},{"@type":"ListItem","position":2,"name":"Programm"}]},{"@type":"WebSite","@id":"https:\/\/www.hausamstrom.de\/de\/#website","url":"https:\/\/www.hausamstrom.de\/de\/","name":"Haus am Strom","description":"Umweltbildungsstation im Passauer Donautal. Umweltbildung und Naturschutz f\u00fcr Kinder und Erwachsenen.","publisher":{"@id":"https:\/\/www.hausamstrom.de\/de\/#organization"},"potentialAction":[{"@type":"SearchAction","target":{"@type":"EntryPoint","urlTemplate":"https:\/\/www.hausamstrom.de\/de\/?s={search_term_string}"},"query-input":{"@type":"PropertyValueSpecification","valueRequired":true,"valueName":"search_term_string"}}],"inLanguage":"de"},{"@type":"Organization","@id":"https:\/\/www.hausamstrom.de\/de\/#organization","name":"Haus am Strom","url":"https:\/\/www.hausamstrom.de\/de\/","logo":{"@type":"ImageObject","inLanguage":"de","@id":"https:\/\/www.hausamstrom.de\/de\/#\/schema\/logo\/image\/","url":"https:\/\/www.hausamstrom.de\/wp-content\/uploads\/2025\/06\/Logo-quadratisch-1024x1024.jpg","contentUrl":"https:\/\/www.hausamstrom.de\/wp-content\/uploads\/2025\/06\/Logo-quadratisch-1024x1024.jpg","width":1024,"height":1024,"caption":"Haus am Strom"},"image":{"@id":"https:\/\/www.hausamstrom.de\/de\/#\/schema\/logo\/image\/"},"sameAs":["https:\/\/www.facebook.com\/hausamstrom","https:\/\/www.instagram.com\/"]}]}},"_links":{"self":[{"href":"https:\/\/www.hausamstrom.de\/de\/wp-json\/wp\/v2\/pages\/47","targetHints":{"allow":["GET"]}}],"collection":[{"href":"https:\/\/www.hausamstrom.de\/de\/wp-json\/wp\/v2\/pages"}],"about":[{"href":"https:\/\/www.hausamstrom.de\/de\/wp-json\/wp\/v2\/types\/page"}],"author":[{"embeddable":true,"href":"https:\/\/www.hausamstrom.de\/de\/wp-json\/wp\/v2\/users\/1"}],"replies":[{"embeddable":true,"href":"https:\/\/www.hausamstrom.de\/de\/wp-json\/wp\/v2\/comments?post=47"}],"version-history":[{"count":10,"href":"https:\/\/www.hausamstrom.de\/de\/wp-json\/wp\/v2\/pages\/47\/revisions"}],"predecessor-version":[{"id":241,"href":"https:\/\/www.hausamstrom.de\/de\/wp-json\/wp\/v2\/pages\/47\/revisions\/241"}],"wp:attachment":[{"href":"https:\/\/www.hausamstrom.de\/de\/wp-json\/wp\/v2\/media?parent=47"}],"curies":[{"name":"wp","href":"https:\/\/api.w.org\/{rel}","templated":true}]}}