{"id":49,"date":"2016-02-11T19:10:32","date_gmt":"2016-02-11T18:10:32","guid":{"rendered":"http:\/\/hosting6807.af944.netcup.net\/?page_id=49"},"modified":"2026-02-20T13:34:09","modified_gmt":"2026-02-20T12:34:09","slug":"donautal","status":"publish","type":"page","link":"https:\/\/www.hausamstrom.de\/de\/donautal\/","title":{"rendered":"Donautal"},"content":{"rendered":"<div class=\"wpb-content-wrapper\"><p>[vc_row][vc_column][vc_single_image image=\u201d7457\u2033 img_size=\u201dfull\u201d]<div id=\"1650442421523-3570ae3f-2df3\" class=\"dt-sc-empty-space\"><\/div>[\/vc_column][\/vc_row][vc_row][vc_column][vc_column_text]Bevor die Donau nach ungef\u00e4hr 600 km Deutschland Richtung \u00d6sterreich verl\u00e4sst durchflie\u00dft sie auf ihren letzten Kilometern ein beeindruckendes Durchbruchstal. Dieses markante, im Landkreis Passau und dem Land Ober\u00f6sterreich gelegene Tal z\u00e4hlt zu den sch\u00f6nsten Flusslandschaften Mitteleuropas.<\/p>\n<p>Die H\u00e4nge der Donau, die sogenannten Donauleiten, k\u00f6nnen zu Recht als eine der artenreichsten Regionen in Deutschland bezeichnet werden. Durch die heterogene Struktur der H\u00e4nge finden sich ein kleinr\u00e4umiges Mosaik aus steilen und trockenen Hangw\u00e4lder und feuchten und k\u00fchlen Schluchtw\u00e4ldern. Zudem gibt es noch Sonderstandorte wie nackte Felsk\u00f6pfe und vegetationsfreie Blockhalden. Durch die Funktion der Donau und ihrer Zufl\u00fcsse als Wanderkorridore finden sich hier auch Arten aus den Alpen, den Mittelgebirgen, \u00f6stlichen Steppengebieten und dem Mittelmeerraum. F\u00fcr Deutschland von besonderer Bedeutung ist die hohe Vielfalt an <a title=\"Reptilien\" href=\"https:\/\/www.hausamstrom.de\/de\/donautal\/donauleiten\/reptilien\/\" target=\"_blank\" rel=\"noopener\">Reptilien<\/a>. Darunter befinden sich Arten wie die \u00c4skulapnatter oder die \u00d6stliche Smaragdeidechse, die zwar in S\u00fcd- und S\u00fcdosteuropa h\u00e4ufig, in Deutschland aber extrem selten sind. Auch viele andere, vor allem w\u00e4rme liebende Arten, finden in den H\u00e4ngen ein Zuhause. Und im Rahmen des Klimawandels wandern immer wieder neue Arten aus S\u00fcdeuropa ein. Auch die Donau selbst beherbergt zahlreiche, teils seltene Fischarten. Darunter die einzige in Deutschland reproduzierende Population des Donau-St\u00f6rs. Nicht zuletzt sind auch die Inseln der Donau wichtige Lebensr\u00e4ume.<\/p>\n<p>Auch f\u00fcr den Menschen spielte die Donau eine bedeutende Rolle bei der Besiedlung und politischen Entwicklung Mittel- und S\u00fcdosteuropas. Die zahlreichen Burgen und Schl\u00f6sser zeugen von dieser Zeit. Als Handelsstra\u00dfe f\u00fcr zahlreiche G\u00fcter, darunter auch Salz, war die Donau von enormer Bedeutung. Passau, das Zentrum des Donautals, profitierte sehr von dem damaligen Handel.<\/p>\n<p>Heutzutage l\u00e4d die herrliche Landschaft und die idyllische Lage des Donautals zum Wandern und Radfahren ein. So kann man zum Beispiel bei einer gem\u00fctlichen Wanderung in aller Ruhe die Besonderheiten der Region erkunden und die beeindruckenden Ausblicke genie\u00dfen.[\/vc_column_text]<div id=\"1559492297810-add16276-705a\" class=\"dt-sc-empty-space\"><\/div>[\/vc_column][\/vc_row][vc_row][vc_column width=\u201d1\/2\u2033][vc_single_image image=\u201d11951\u2033 img_size=\u201dmedium\u201d alignment=\u201dcenter\u201d][vc_btn title=\u201dWandern\u201d color=\u201dprimary\u201d css=\u201d\u201d link=\u201durl:https%3A%2F%2Fwww.hausamstrom.de%2Fde%2Fdonautal%2Fwandern%2F|title:Wandern\u201d][\/vc_column][vc_column width=\u201d1\/2\u2033][vc_single_image image=\u201d1481\u2033 img_size=\u201dmedium\u201d alignment=\u201dcenter\u201d][vc_btn title=\u201dGeographie\u201d color=\u201dprimary\u201d css=\u201d\u201d link=\u201durl:https%3A%2F%2Fwww.hausamstrom.de%2Fde%2Fdonautal%2Fgeografie%2F|title:Geographie\u201d][\/vc_column][\/vc_row][vc_row][vc_column width=\u201d1\/2\u2033]<div id=\"1587640543611-34c6dba4-e0d0\" class=\"dt-sc-empty-space\"><\/div><div id=\"1587640538882-8a4330d3-67c4\" class=\"dt-sc-empty-space\"><\/div>[vc_single_image image=\u201d14037\u2033 img_size=\u201dfull\u201d alignment=\u201dcenter\u201d css=\u201d\u201d]<div id=\"1771590738110-2b233ecc-2717\" class=\"dt-sc-empty-space\"><\/div>[vc_btn title=\u201dGebietsbetreuung\u201d color=\u201dprimary\u201d css=\u201d\u201d link=\u201durl:https%3A%2F%2Fwww.hausamstrom.de%2Fde%2Fdonautal%2Fgebietsbetreuung%2F|title:Gebietsbetreuung\u201d][\/vc_column][vc_column width=\u201d1\/2\u2033]<div id=\"1587640552612-e7c004d3-7c7a\" class=\"dt-sc-empty-space\"><\/div><div id=\"1587640547940-561df201-b478\" class=\"dt-sc-empty-space\"><\/div>[vc_single_image image=\u201d1482\u2033 img_size=\u201dmedium\u201d alignment=\u201dcenter\u201d][vc_btn title=\u201dNaturschutzgebiet Donauleiten\u201d color=\u201dprimary\u201d css=\u201d\u201d link=\u201durl:https%3A%2F%2Fwww.hausamstrom.de%2Fde%2Fdonautal%2Fdonauleiten%2F|title:Naturschutzgebiet%20Donauleiten\u201d][\/vc_column][\/vc_row]<\/p>\n<\/div>","protected":false},"excerpt":{"rendered":"<p>[vc_row][vc_column][vc_single_image image=\u201d7457\u2033 img_size=\u201dfull\u201d][\/vc_column][\/vc_row][vc_row][vc_column][vc_column_text]Bevor die Donau nach ungef\u00e4hr 600 km Deutschland Richtung \u00d6sterreich verl\u00e4sst durchflie\u00dft sie auf ihren letzten Kilometern ein beeindruckendes Durchbruchstal. Dieses markante, im Landkreis Passau und dem Land Ober\u00f6sterreich gelegene Tal z\u00e4hlt zu den sch\u00f6nsten Flusslandschaften Mitteleuropas. Die H\u00e4nge der Donau, die sogenannten Donauleiten, k\u00f6nnen zu Recht als eine der artenreichsten Regionen in [&hellip;]<\/p>\n","protected":false},"author":1,"featured_media":0,"parent":0,"menu_order":4,"comment_status":"closed","ping_status":"closed","template":"","meta":{"footnotes":""},"class_list":["post-49","page","type-page","status-publish","hentry"],"yoast_head":"<!-- This site is optimized with the Yoast SEO plugin v27.6 - https:\/\/yoast.com\/product\/yoast-seo-wordpress\/ -->\n<title>Donautal - Haus am Strom<\/title>\n<meta name=\"robots\" content=\"index, follow, max-snippet:-1, max-image-preview:large, max-video-preview:-1\" \/>\n<link rel=\"canonical\" href=\"https:\/\/www.hausamstrom.de\/de\/donautal\/\" \/>\n<meta property=\"og:locale\" content=\"de_DE\" \/>\n<meta property=\"og:type\" content=\"article\" \/>\n<meta property=\"og:title\" content=\"Donautal - Haus am Strom\" \/>\n<meta property=\"og:description\" content=\"[vc_row][vc_column][vc_single_image image=\u201d7457\u2033 img_size=\u201dfull\u201d][\/vc_column][\/vc_row][vc_row][vc_column][vc_column_text]Bevor die Donau nach ungef\u00e4hr 600 km Deutschland Richtung \u00d6sterreich verl\u00e4sst durchflie\u00dft sie auf ihren letzten Kilometern ein beeindruckendes Durchbruchstal. Dieses markante, im Landkreis Passau und dem Land Ober\u00f6sterreich gelegene Tal z\u00e4hlt zu den sch\u00f6nsten Flusslandschaften Mitteleuropas. Die H\u00e4nge der Donau, die sogenannten Donauleiten, k\u00f6nnen zu Recht als eine der artenreichsten Regionen in [&hellip;]\" \/>\n<meta property=\"og:url\" content=\"https:\/\/www.hausamstrom.de\/de\/donautal\/\" \/>\n<meta property=\"og:site_name\" content=\"Haus am Strom\" \/>\n<meta property=\"article:publisher\" content=\"https:\/\/www.facebook.com\/hausamstrom\" \/>\n<meta property=\"article:modified_time\" content=\"2026-02-20T12:34:09+00:00\" \/>\n<meta name=\"twitter:card\" content=\"summary_large_image\" \/>\n<meta name=\"twitter:label1\" content=\"Gesch\u00e4tzte Lesezeit\" \/>\n\t<meta name=\"twitter:data1\" content=\"4\u00a0Minuten\" \/>\n<script type=\"application\/ld+json\" class=\"yoast-schema-graph\">{\"@context\":\"https:\\\/\\\/schema.org\",\"@graph\":[{\"@type\":\"WebPage\",\"@id\":\"https:\\\/\\\/www.hausamstrom.de\\\/de\\\/donautal\\\/\",\"url\":\"https:\\\/\\\/www.hausamstrom.de\\\/de\\\/donautal\\\/\",\"name\":\"Donautal - Haus am Strom\",\"isPartOf\":{\"@id\":\"https:\\\/\\\/www.hausamstrom.de\\\/de\\\/#website\"},\"datePublished\":\"2016-02-11T18:10:32+00:00\",\"dateModified\":\"2026-02-20T12:34:09+00:00\",\"breadcrumb\":{\"@id\":\"https:\\\/\\\/www.hausamstrom.de\\\/de\\\/donautal\\\/#breadcrumb\"},\"inLanguage\":\"de\",\"potentialAction\":[{\"@type\":\"ReadAction\",\"target\":[\"https:\\\/\\\/www.hausamstrom.de\\\/de\\\/donautal\\\/\"]}]},{\"@type\":\"BreadcrumbList\",\"@id\":\"https:\\\/\\\/www.hausamstrom.de\\\/de\\\/donautal\\\/#breadcrumb\",\"itemListElement\":[{\"@type\":\"ListItem\",\"position\":1,\"name\":\"Home\",\"item\":\"https:\\\/\\\/www.hausamstrom.de\\\/de\\\/\"},{\"@type\":\"ListItem\",\"position\":2,\"name\":\"Donautal\"}]},{\"@type\":\"WebSite\",\"@id\":\"https:\\\/\\\/www.hausamstrom.de\\\/de\\\/#website\",\"url\":\"https:\\\/\\\/www.hausamstrom.de\\\/de\\\/\",\"name\":\"Haus am Strom\",\"description\":\"Umweltbildungsstation im Passauer Donautal. Umweltbildung und Naturschutz f\u00fcr Kinder und Erwachsenen.\",\"publisher\":{\"@id\":\"https:\\\/\\\/www.hausamstrom.de\\\/de\\\/#organization\"},\"potentialAction\":[{\"@type\":\"SearchAction\",\"target\":{\"@type\":\"EntryPoint\",\"urlTemplate\":\"https:\\\/\\\/www.hausamstrom.de\\\/de\\\/?s={search_term_string}\"},\"query-input\":{\"@type\":\"PropertyValueSpecification\",\"valueRequired\":true,\"valueName\":\"search_term_string\"}}],\"inLanguage\":\"de\"},{\"@type\":\"Organization\",\"@id\":\"https:\\\/\\\/www.hausamstrom.de\\\/de\\\/#organization\",\"name\":\"Haus am Strom\",\"url\":\"https:\\\/\\\/www.hausamstrom.de\\\/de\\\/\",\"logo\":{\"@type\":\"ImageObject\",\"inLanguage\":\"de\",\"@id\":\"https:\\\/\\\/www.hausamstrom.de\\\/de\\\/#\\\/schema\\\/logo\\\/image\\\/\",\"url\":\"https:\\\/\\\/www.hausamstrom.de\\\/wp-content\\\/uploads\\\/2025\\\/06\\\/Logo-quadratisch-1024x1024.jpg\",\"contentUrl\":\"https:\\\/\\\/www.hausamstrom.de\\\/wp-content\\\/uploads\\\/2025\\\/06\\\/Logo-quadratisch-1024x1024.jpg\",\"width\":1024,\"height\":1024,\"caption\":\"Haus am Strom\"},\"image\":{\"@id\":\"https:\\\/\\\/www.hausamstrom.de\\\/de\\\/#\\\/schema\\\/logo\\\/image\\\/\"},\"sameAs\":[\"https:\\\/\\\/www.facebook.com\\\/hausamstrom\",\"https:\\\/\\\/www.instagram.com\\\/\"]}]}<\/script>\n<!-- \/ Yoast SEO plugin. -->","yoast_head_json":{"title":"Donautal - Haus am Strom","robots":{"index":"index","follow":"follow","max-snippet":"max-snippet:-1","max-image-preview":"max-image-preview:large","max-video-preview":"max-video-preview:-1"},"canonical":"https:\/\/www.hausamstrom.de\/de\/donautal\/","og_locale":"de_DE","og_type":"article","og_title":"Donautal - Haus am Strom","og_description":"[vc_row][vc_column][vc_single_image image=\u201d7457\u2033 img_size=\u201dfull\u201d][\/vc_column][\/vc_row][vc_row][vc_column][vc_column_text]Bevor die Donau nach ungef\u00e4hr 600 km Deutschland Richtung \u00d6sterreich verl\u00e4sst durchflie\u00dft sie auf ihren letzten Kilometern ein beeindruckendes Durchbruchstal. Dieses markante, im Landkreis Passau und dem Land Ober\u00f6sterreich gelegene Tal z\u00e4hlt zu den sch\u00f6nsten Flusslandschaften Mitteleuropas. Die H\u00e4nge der Donau, die sogenannten Donauleiten, k\u00f6nnen zu Recht als eine der artenreichsten Regionen in [&hellip;]","og_url":"https:\/\/www.hausamstrom.de\/de\/donautal\/","og_site_name":"Haus am Strom","article_publisher":"https:\/\/www.facebook.com\/hausamstrom","article_modified_time":"2026-02-20T12:34:09+00:00","twitter_card":"summary_large_image","twitter_misc":{"Gesch\u00e4tzte Lesezeit":"4\u00a0Minuten"},"schema":{"@context":"https:\/\/schema.org","@graph":[{"@type":"WebPage","@id":"https:\/\/www.hausamstrom.de\/de\/donautal\/","url":"https:\/\/www.hausamstrom.de\/de\/donautal\/","name":"Donautal - Haus am Strom","isPartOf":{"@id":"https:\/\/www.hausamstrom.de\/de\/#website"},"datePublished":"2016-02-11T18:10:32+00:00","dateModified":"2026-02-20T12:34:09+00:00","breadcrumb":{"@id":"https:\/\/www.hausamstrom.de\/de\/donautal\/#breadcrumb"},"inLanguage":"de","potentialAction":[{"@type":"ReadAction","target":["https:\/\/www.hausamstrom.de\/de\/donautal\/"]}]},{"@type":"BreadcrumbList","@id":"https:\/\/www.hausamstrom.de\/de\/donautal\/#breadcrumb","itemListElement":[{"@type":"ListItem","position":1,"name":"Home","item":"https:\/\/www.hausamstrom.de\/de\/"},{"@type":"ListItem","position":2,"name":"Donautal"}]},{"@type":"WebSite","@id":"https:\/\/www.hausamstrom.de\/de\/#website","url":"https:\/\/www.hausamstrom.de\/de\/","name":"Haus am Strom","description":"Umweltbildungsstation im Passauer Donautal. Umweltbildung und Naturschutz f\u00fcr Kinder und Erwachsenen.","publisher":{"@id":"https:\/\/www.hausamstrom.de\/de\/#organization"},"potentialAction":[{"@type":"SearchAction","target":{"@type":"EntryPoint","urlTemplate":"https:\/\/www.hausamstrom.de\/de\/?s={search_term_string}"},"query-input":{"@type":"PropertyValueSpecification","valueRequired":true,"valueName":"search_term_string"}}],"inLanguage":"de"},{"@type":"Organization","@id":"https:\/\/www.hausamstrom.de\/de\/#organization","name":"Haus am Strom","url":"https:\/\/www.hausamstrom.de\/de\/","logo":{"@type":"ImageObject","inLanguage":"de","@id":"https:\/\/www.hausamstrom.de\/de\/#\/schema\/logo\/image\/","url":"https:\/\/www.hausamstrom.de\/wp-content\/uploads\/2025\/06\/Logo-quadratisch-1024x1024.jpg","contentUrl":"https:\/\/www.hausamstrom.de\/wp-content\/uploads\/2025\/06\/Logo-quadratisch-1024x1024.jpg","width":1024,"height":1024,"caption":"Haus am Strom"},"image":{"@id":"https:\/\/www.hausamstrom.de\/de\/#\/schema\/logo\/image\/"},"sameAs":["https:\/\/www.facebook.com\/hausamstrom","https:\/\/www.instagram.com\/"]}]}},"_links":{"self":[{"href":"https:\/\/www.hausamstrom.de\/de\/wp-json\/wp\/v2\/pages\/49","targetHints":{"allow":["GET"]}}],"collection":[{"href":"https:\/\/www.hausamstrom.de\/de\/wp-json\/wp\/v2\/pages"}],"about":[{"href":"https:\/\/www.hausamstrom.de\/de\/wp-json\/wp\/v2\/types\/page"}],"author":[{"embeddable":true,"href":"https:\/\/www.hausamstrom.de\/de\/wp-json\/wp\/v2\/users\/1"}],"replies":[{"embeddable":true,"href":"https:\/\/www.hausamstrom.de\/de\/wp-json\/wp\/v2\/comments?post=49"}],"version-history":[{"count":9,"href":"https:\/\/www.hausamstrom.de\/de\/wp-json\/wp\/v2\/pages\/49\/revisions"}],"predecessor-version":[{"id":14044,"href":"https:\/\/www.hausamstrom.de\/de\/wp-json\/wp\/v2\/pages\/49\/revisions\/14044"}],"wp:attachment":[{"href":"https:\/\/www.hausamstrom.de\/de\/wp-json\/wp\/v2\/media?parent=49"}],"curies":[{"name":"wp","href":"https:\/\/api.w.org\/{rel}","templated":true}]}}