{"id":4976,"date":"2019-08-07T17:33:42","date_gmt":"2019-08-07T15:33:42","guid":{"rendered":"https:\/\/hausamstrom.de\/?page_id=4976"},"modified":"2026-02-18T09:46:36","modified_gmt":"2026-02-18T08:46:36","slug":"spenden","status":"publish","type":"page","link":"https:\/\/www.hausamstrom.de\/de\/service\/spenden\/","title":{"rendered":"Spenden"},"content":{"rendered":"<div class=\"wpb-content-wrapper\"><p>[vc_row][vc_column][vc_column_text css=\u201d\u201d]<strong>F\u00fcr unsere Arbeit ben\u00f6tigen wir Ihre Unterst\u00fctzung!<\/strong><\/p>\n<p>Das Haus am Strom ist seit 2000 die Umweltbildungseinrichtung im Landkreis Passau und wirkt im ganzen s\u00fcdostbayerischen Raum. In den letzten zwei Jahrzehnten haben wir mit viel Freude und Engagement hunderttausenden Menschen die Themen Natur und Umwelt n\u00e4hergebracht. Und wir haben viele weitere Projekt- und Veranstaltungsideen mit denen wir auch zuk\u00fcnftig Menschen f\u00fcr unsere Natur und den Umweltschutz begeistern wollen. Und hierf\u00fcr brauchen wir Ihre Unterst\u00fctzung!<\/p>\n<p>Wir sagen vielen Dank!<\/p>\n<p>Selbstverst\u00e4ndlich erhalten Sie von der gemeinn\u00fctzigen GmbH eine Spendenquittung. Voraussetzung ist, dass Sie Ihre Adresse im Formular eingegeben haben.<\/p>\n<p><strong>Wenn Sie spenden m\u00f6chten, haben Sie viele M\u00f6glichkeiten, uns zu helfen!<\/strong><\/p>\n<p>Sie helfen uns am effektivsten, wenn Sie uns Ihre Spende ohne Zweckbindung anvertrauen. So sind wir flexibel und k\u00f6nnen die Spende gezielt dort einsetzen, wo sie momentan gebraucht wird. Wir garantieren Ihnen, jede Spende verantwortungsbewusst einzusetzen. F\u00fcr den Fall jedoch, dass Sie zweckgebunden spenden m\u00f6chten, k\u00f6nnen Sie f\u00fcr unsere Bildungsveranstaltungen spenden, f\u00fcr die interaktive Ausstellung, f\u00fcr Naturschutzarbeit oder f\u00fcr andere gegebene Projekte. Zum Beispiel k\u00f6nnen Sie einer konkreten Gruppe eine F\u00fchrung sponsern \u2013 sprechen Sie mit uns.<\/p>\n<p><strong>\u00a0<\/strong><\/p>\n<p><strong>\u00dcberweisung<\/strong><\/p>\n<p>Haus am Strom<\/p>\n<p>Gemeinn\u00fctzige Gesellschaft zum Betrieb des Zentrums f\u00fcr nachhaltiges Wirtschaften Haus am Strom Passau-Jochenstein-Engelhartszell mbH<\/p>\n<p>VR-Bank Passau eG<\/p>\n<p>IBAN: DE22 7409 0000 0008 9180 23<\/p>\n<p>BIC: GENODEF1PA1<\/p>\n<p><strong>\u00a0<\/strong><\/p>\n<p><strong>Online-Spende<\/strong><\/p>\n<p>Die Abwicklung einer Online-Spende \u00fcber den Button \u201cSpenden Sie jetzt\u201d wird von unserem Partner betterplace.org kostenfrei \u00fcbernommen. Wir m\u00f6chten Sie darauf aufmerksam machen, dass betterplace.org als Zahlungsempf\u00e4nger auf dem Kontoauszug zu Ihrer Spende ausgewiesen und die Spendenquittung von betterplace.org ausgestellt wird. Eine Best\u00e4tigungsmail zu Ihrer Online-Spende erhalten Sie ebenfalls von betterplace.org. Die von Ihnen \u00fcber den Service von Helpdirect gespendete Summe kommt zu 100% ohne Abzug dem Haus am Strom zugute. Wahlweise k\u00f6nnen Sie im Spendenformular ein \u201cTrinkgeld\u201d parallel an betterplace spenden. Ihre Daten werden mit einem SSL-Zertifikat gesch\u00fctzt.<br \/>\nWir danken betterplace.org f\u00fcr die Kooperation und Ihnen f\u00fcr Ihre Spende![\/vc_column_text][vc_btn title=\u201dSpende f\u00fcr die Natur im Donautal\u201d color=\u201dsuccess\u201d css=\u201d\u201d link=\u201durl:https%3A%2F%2Fwww.betterplace.org%2Fde%2Fprojects%2F152260-ihre-spende-fuer-die-natur-im-donautal|title:Ihre%20Spende%20f%C3%BCr%20die%20Natur%20im%20Donautal\u201d][vc_empty_space height=\u201d10px\u201d][vc_btn title=\u201dSpende f\u00fcr Bildungsarbeit zur Nachhaltigkeit\u201d color=\u201dsuccess\u201d css=\u201d\u201d link=\u201durl:https%3A%2F%2Fwww.betterplace.org%2Fde%2Fprojects%2F139548-ihre-spende-fuer-bildungsarbeit-zur-nachhaltigkeit|title:Ihre%20Spende%20f%C3%BCr%20Bildungsarbeit%20zur%20Nachhaltigkeit\u201d][vc_column_text css=\u201d\u201d]<strong>Kreditkarte \/ Bankeinzug \/ Paypal<\/strong><\/p>\n<p>Dieser Service wird uns durch unseren Partner \u201cgemeinn\u00fctzige Stiftung Betterplace.org\u201d kostenfrei zur Verf\u00fcgung gestellt. Um zu spenden klicken Sie bitte auf der Seite unseres Partners betterplace.org auf \u201cSpenden\u201d. Die von Ihnen \u00fcber den Service von betterplace.org gespendete Summe kommt zu 100% ohne Abzug dem Haus am Strom zugute. Die Spendenquittung erhalten Sie unmittelbar \u00fcber betterplace.org.<\/p>\n<p><strong>Spenden beim online shoppen<\/strong><\/p>\n<p>Wer gerne online shoppt, kann dabei gemeinn\u00fctzige Einrichtungen unterst\u00fctzen. In \u00fcber 1600 Online-Shops weltweit kann man ohne Mehrkosten einkaufen und diese Shops geben dann eine Pr\u00e4mie ab. Auch das Haus am Strom ist bei <u>Helpshops<\/u> und <u>amazon-smile<\/u> gelistet. Ganz einfach dort registrieren, Haus am Strom ausw\u00e4hlen und das gew\u00fcnschte Produkt kaufen.<\/p>\n<p><strong>Mit Geldauflagen helfen<\/strong><\/p>\n<p>Nicht nur bei Vergehen im Bereich Natur- und Umweltschutz bietet sich eine Zuweisung von Geldauflagen durch Gerichte und Staatsanwaltschaften an das Haus am Strom an. Diese sind f\u00fcr unsere Umweltstation sehr wertvoll!<\/p>\n<p><strong>Sachspenden<\/strong><\/p>\n<p>Neben Geldspenden k\u00f6nne wir auch Sachspenden wie etwa umweltfreundliche Give-Aways, Tierfutter, \u2026 und je nach aktuellem Bedarf verschiedenes ben\u00f6tigen. Mal kann das ein B\u00fcroschrank sein, mal Blument\u00f6pfe. Bitte verstehen Sie aber, dass Sie vorher mit uns abkl\u00e4ren m\u00fcssen, ob bei uns Bedarf f\u00fcr das jeweilige Gut besteht. F\u00fcr den Gegenwert der Sachspenden stellen wir dann gerne eine Spendenquittung aus.[\/vc_column_text][\/vc_column][\/vc_row]<\/p>\n<\/div>","protected":false},"excerpt":{"rendered":"<p>[vc_row][vc_column][vc_column_text css=\u201d\u201d]F\u00fcr unsere Arbeit ben\u00f6tigen wir Ihre Unterst\u00fctzung! Das Haus am Strom ist seit 2000 die Umweltbildungseinrichtung im Landkreis Passau und wirkt im ganzen s\u00fcdostbayerischen Raum. In den letzten zwei Jahrzehnten haben wir mit viel Freude und Engagement hunderttausenden Menschen die Themen Natur und Umwelt n\u00e4hergebracht. Und wir haben viele weitere Projekt- und Veranstaltungsideen mit [&hellip;]<\/p>\n","protected":false},"author":1,"featured_media":0,"parent":341,"menu_order":0,"comment_status":"closed","ping_status":"closed","template":"","meta":{"footnotes":""},"class_list":["post-4976","page","type-page","status-publish","hentry"],"yoast_head":"<!-- This site is optimized with the Yoast SEO plugin v27.5 - https:\/\/yoast.com\/product\/yoast-seo-wordpress\/ -->\n<title>Spenden - Haus am Strom<\/title>\n<meta name=\"robots\" content=\"index, follow, max-snippet:-1, max-image-preview:large, max-video-preview:-1\" \/>\n<link rel=\"canonical\" href=\"https:\/\/www.hausamstrom.de\/de\/service\/spenden\/\" \/>\n<meta property=\"og:locale\" content=\"de_DE\" \/>\n<meta property=\"og:type\" content=\"article\" \/>\n<meta property=\"og:title\" content=\"Spenden - Haus am Strom\" \/>\n<meta property=\"og:description\" content=\"[vc_row][vc_column][vc_column_text css=\u201d\u201d]F\u00fcr unsere Arbeit ben\u00f6tigen wir Ihre Unterst\u00fctzung! Das Haus am Strom ist seit 2000 die Umweltbildungseinrichtung im Landkreis Passau und wirkt im ganzen s\u00fcdostbayerischen Raum. In den letzten zwei Jahrzehnten haben wir mit viel Freude und Engagement hunderttausenden Menschen die Themen Natur und Umwelt n\u00e4hergebracht. Und wir haben viele weitere Projekt- und Veranstaltungsideen mit [&hellip;]\" \/>\n<meta property=\"og:url\" content=\"https:\/\/www.hausamstrom.de\/de\/service\/spenden\/\" \/>\n<meta property=\"og:site_name\" content=\"Haus am Strom\" \/>\n<meta property=\"article:publisher\" content=\"https:\/\/www.facebook.com\/hausamstrom\" \/>\n<meta property=\"article:modified_time\" content=\"2026-02-18T08:46:36+00:00\" \/>\n<meta name=\"twitter:card\" content=\"summary_large_image\" \/>\n<meta name=\"twitter:label1\" content=\"Gesch\u00e4tzte Lesezeit\" \/>\n\t<meta name=\"twitter:data1\" content=\"4\u00a0Minuten\" \/>\n<script type=\"application\/ld+json\" class=\"yoast-schema-graph\">{\"@context\":\"https:\\\/\\\/schema.org\",\"@graph\":[{\"@type\":\"WebPage\",\"@id\":\"https:\\\/\\\/www.hausamstrom.de\\\/de\\\/service\\\/spenden\\\/\",\"url\":\"https:\\\/\\\/www.hausamstrom.de\\\/de\\\/service\\\/spenden\\\/\",\"name\":\"Spenden - Haus am Strom\",\"isPartOf\":{\"@id\":\"https:\\\/\\\/www.hausamstrom.de\\\/de\\\/#website\"},\"datePublished\":\"2019-08-07T15:33:42+00:00\",\"dateModified\":\"2026-02-18T08:46:36+00:00\",\"breadcrumb\":{\"@id\":\"https:\\\/\\\/www.hausamstrom.de\\\/de\\\/service\\\/spenden\\\/#breadcrumb\"},\"inLanguage\":\"de\",\"potentialAction\":[{\"@type\":\"ReadAction\",\"target\":[\"https:\\\/\\\/www.hausamstrom.de\\\/de\\\/service\\\/spenden\\\/\"]}]},{\"@type\":\"BreadcrumbList\",\"@id\":\"https:\\\/\\\/www.hausamstrom.de\\\/de\\\/service\\\/spenden\\\/#breadcrumb\",\"itemListElement\":[{\"@type\":\"ListItem\",\"position\":1,\"name\":\"Home\",\"item\":\"https:\\\/\\\/www.hausamstrom.de\\\/de\\\/\"},{\"@type\":\"ListItem\",\"position\":2,\"name\":\"Service\",\"item\":\"https:\\\/\\\/www.hausamstrom.de\\\/de\\\/service\\\/\"},{\"@type\":\"ListItem\",\"position\":3,\"name\":\"Spenden\"}]},{\"@type\":\"WebSite\",\"@id\":\"https:\\\/\\\/www.hausamstrom.de\\\/de\\\/#website\",\"url\":\"https:\\\/\\\/www.hausamstrom.de\\\/de\\\/\",\"name\":\"Haus am Strom\",\"description\":\"Umweltbildungsstation im Passauer Donautal. Umweltbildung und Naturschutz f\u00fcr Kinder und Erwachsenen.\",\"publisher\":{\"@id\":\"https:\\\/\\\/www.hausamstrom.de\\\/de\\\/#organization\"},\"potentialAction\":[{\"@type\":\"SearchAction\",\"target\":{\"@type\":\"EntryPoint\",\"urlTemplate\":\"https:\\\/\\\/www.hausamstrom.de\\\/de\\\/?s={search_term_string}\"},\"query-input\":{\"@type\":\"PropertyValueSpecification\",\"valueRequired\":true,\"valueName\":\"search_term_string\"}}],\"inLanguage\":\"de\"},{\"@type\":\"Organization\",\"@id\":\"https:\\\/\\\/www.hausamstrom.de\\\/de\\\/#organization\",\"name\":\"Haus am Strom\",\"url\":\"https:\\\/\\\/www.hausamstrom.de\\\/de\\\/\",\"logo\":{\"@type\":\"ImageObject\",\"inLanguage\":\"de\",\"@id\":\"https:\\\/\\\/www.hausamstrom.de\\\/de\\\/#\\\/schema\\\/logo\\\/image\\\/\",\"url\":\"https:\\\/\\\/www.hausamstrom.de\\\/wp-content\\\/uploads\\\/2025\\\/06\\\/Logo-quadratisch-1024x1024.jpg\",\"contentUrl\":\"https:\\\/\\\/www.hausamstrom.de\\\/wp-content\\\/uploads\\\/2025\\\/06\\\/Logo-quadratisch-1024x1024.jpg\",\"width\":1024,\"height\":1024,\"caption\":\"Haus am Strom\"},\"image\":{\"@id\":\"https:\\\/\\\/www.hausamstrom.de\\\/de\\\/#\\\/schema\\\/logo\\\/image\\\/\"},\"sameAs\":[\"https:\\\/\\\/www.facebook.com\\\/hausamstrom\",\"https:\\\/\\\/www.instagram.com\\\/\"]}]}<\/script>\n<!-- \/ Yoast SEO plugin. -->","yoast_head_json":{"title":"Spenden - Haus am Strom","robots":{"index":"index","follow":"follow","max-snippet":"max-snippet:-1","max-image-preview":"max-image-preview:large","max-video-preview":"max-video-preview:-1"},"canonical":"https:\/\/www.hausamstrom.de\/de\/service\/spenden\/","og_locale":"de_DE","og_type":"article","og_title":"Spenden - Haus am Strom","og_description":"[vc_row][vc_column][vc_column_text css=\u201d\u201d]F\u00fcr unsere Arbeit ben\u00f6tigen wir Ihre Unterst\u00fctzung! Das Haus am Strom ist seit 2000 die Umweltbildungseinrichtung im Landkreis Passau und wirkt im ganzen s\u00fcdostbayerischen Raum. In den letzten zwei Jahrzehnten haben wir mit viel Freude und Engagement hunderttausenden Menschen die Themen Natur und Umwelt n\u00e4hergebracht. Und wir haben viele weitere Projekt- und Veranstaltungsideen mit [&hellip;]","og_url":"https:\/\/www.hausamstrom.de\/de\/service\/spenden\/","og_site_name":"Haus am Strom","article_publisher":"https:\/\/www.facebook.com\/hausamstrom","article_modified_time":"2026-02-18T08:46:36+00:00","twitter_card":"summary_large_image","twitter_misc":{"Gesch\u00e4tzte Lesezeit":"4\u00a0Minuten"},"schema":{"@context":"https:\/\/schema.org","@graph":[{"@type":"WebPage","@id":"https:\/\/www.hausamstrom.de\/de\/service\/spenden\/","url":"https:\/\/www.hausamstrom.de\/de\/service\/spenden\/","name":"Spenden - Haus am Strom","isPartOf":{"@id":"https:\/\/www.hausamstrom.de\/de\/#website"},"datePublished":"2019-08-07T15:33:42+00:00","dateModified":"2026-02-18T08:46:36+00:00","breadcrumb":{"@id":"https:\/\/www.hausamstrom.de\/de\/service\/spenden\/#breadcrumb"},"inLanguage":"de","potentialAction":[{"@type":"ReadAction","target":["https:\/\/www.hausamstrom.de\/de\/service\/spenden\/"]}]},{"@type":"BreadcrumbList","@id":"https:\/\/www.hausamstrom.de\/de\/service\/spenden\/#breadcrumb","itemListElement":[{"@type":"ListItem","position":1,"name":"Home","item":"https:\/\/www.hausamstrom.de\/de\/"},{"@type":"ListItem","position":2,"name":"Service","item":"https:\/\/www.hausamstrom.de\/de\/service\/"},{"@type":"ListItem","position":3,"name":"Spenden"}]},{"@type":"WebSite","@id":"https:\/\/www.hausamstrom.de\/de\/#website","url":"https:\/\/www.hausamstrom.de\/de\/","name":"Haus am Strom","description":"Umweltbildungsstation im Passauer Donautal. Umweltbildung und Naturschutz f\u00fcr Kinder und Erwachsenen.","publisher":{"@id":"https:\/\/www.hausamstrom.de\/de\/#organization"},"potentialAction":[{"@type":"SearchAction","target":{"@type":"EntryPoint","urlTemplate":"https:\/\/www.hausamstrom.de\/de\/?s={search_term_string}"},"query-input":{"@type":"PropertyValueSpecification","valueRequired":true,"valueName":"search_term_string"}}],"inLanguage":"de"},{"@type":"Organization","@id":"https:\/\/www.hausamstrom.de\/de\/#organization","name":"Haus am Strom","url":"https:\/\/www.hausamstrom.de\/de\/","logo":{"@type":"ImageObject","inLanguage":"de","@id":"https:\/\/www.hausamstrom.de\/de\/#\/schema\/logo\/image\/","url":"https:\/\/www.hausamstrom.de\/wp-content\/uploads\/2025\/06\/Logo-quadratisch-1024x1024.jpg","contentUrl":"https:\/\/www.hausamstrom.de\/wp-content\/uploads\/2025\/06\/Logo-quadratisch-1024x1024.jpg","width":1024,"height":1024,"caption":"Haus am Strom"},"image":{"@id":"https:\/\/www.hausamstrom.de\/de\/#\/schema\/logo\/image\/"},"sameAs":["https:\/\/www.facebook.com\/hausamstrom","https:\/\/www.instagram.com\/"]}]}},"_links":{"self":[{"href":"https:\/\/www.hausamstrom.de\/de\/wp-json\/wp\/v2\/pages\/4976","targetHints":{"allow":["GET"]}}],"collection":[{"href":"https:\/\/www.hausamstrom.de\/de\/wp-json\/wp\/v2\/pages"}],"about":[{"href":"https:\/\/www.hausamstrom.de\/de\/wp-json\/wp\/v2\/types\/page"}],"author":[{"embeddable":true,"href":"https:\/\/www.hausamstrom.de\/de\/wp-json\/wp\/v2\/users\/1"}],"replies":[{"embeddable":true,"href":"https:\/\/www.hausamstrom.de\/de\/wp-json\/wp\/v2\/comments?post=4976"}],"version-history":[{"count":9,"href":"https:\/\/www.hausamstrom.de\/de\/wp-json\/wp\/v2\/pages\/4976\/revisions"}],"predecessor-version":[{"id":13930,"href":"https:\/\/www.hausamstrom.de\/de\/wp-json\/wp\/v2\/pages\/4976\/revisions\/13930"}],"up":[{"embeddable":true,"href":"https:\/\/www.hausamstrom.de\/de\/wp-json\/wp\/v2\/pages\/341"}],"wp:attachment":[{"href":"https:\/\/www.hausamstrom.de\/de\/wp-json\/wp\/v2\/media?parent=4976"}],"curies":[{"name":"wp","href":"https:\/\/api.w.org\/{rel}","templated":true}]}}