{"id":7471,"date":"2020-06-04T15:02:38","date_gmt":"2020-06-04T13:02:38","guid":{"rendered":"https:\/\/www.hausamstrom.de\/?page_id=7471"},"modified":"2024-01-11T13:21:33","modified_gmt":"2024-01-11T12:21:33","slug":"hirschkaefer","status":"publish","type":"page","link":"https:\/\/www.hausamstrom.de\/de\/donautal\/donauleiten\/hirschkaefer\/","title":{"rendered":"Hirschk\u00e4fer"},"content":{"rendered":"<div class=\"wpb-content-wrapper\"><p>[vc_row][vc_column][vc_custom_heading text=\u201dDer Hirschk\u00e4fer\u201d][vc_column_text]<img loading=\"lazy\" decoding=\"async\" class=\" wp-image-11894 alignleft\" src=\"https:\/\/www.hausamstrom.de\/wp-content\/uploads\/2023\/12\/Hirschkaefer-3556-400x300.jpg\" alt=\"\" width=\"277\" height=\"208\" srcset=\"https:\/\/www.hausamstrom.de\/wp-content\/uploads\/2023\/12\/Hirschkaefer-3556-400x300.jpg 400w, https:\/\/www.hausamstrom.de\/wp-content\/uploads\/2023\/12\/Hirschkaefer-3556-1024x768.jpg 1024w, https:\/\/www.hausamstrom.de\/wp-content\/uploads\/2023\/12\/Hirschkaefer-3556-1536x1152.jpg 1536w, https:\/\/www.hausamstrom.de\/wp-content\/uploads\/2023\/12\/Hirschkaefer-3556-2048x1535.jpg 2048w, https:\/\/www.hausamstrom.de\/wp-content\/uploads\/2023\/12\/Hirschkaefer-3556-750x562.jpg 750w, https:\/\/www.hausamstrom.de\/wp-content\/uploads\/2023\/12\/Hirschkaefer-3556-540x405.jpg 540w, https:\/\/www.hausamstrom.de\/wp-content\/uploads\/2023\/12\/Hirschkaefer-3556-960x720.jpg 960w, https:\/\/www.hausamstrom.de\/wp-content\/uploads\/2023\/12\/Hirschkaefer-3556-640x480.jpg 640w, https:\/\/www.hausamstrom.de\/wp-content\/uploads\/2023\/12\/Hirschkaefer-3556-510x383.jpg 510w, https:\/\/www.hausamstrom.de\/wp-content\/uploads\/2023\/12\/Hirschkaefer-3556-780x585.jpg 780w\" sizes=\"auto, (max-width: 277px) 100vw, 277px\" \/><\/p>\n<p>\u00a0<\/p>\n<p>\u00a0<\/p>\n<p>\u00a0<\/p>\n<p>\u00a0<\/p>\n<p>\u00a0<\/p>\n<p>\u00a0<\/p>\n<p>Der Hirschk\u00e4fer ist in Bayern ein eher seltenes Tier. Vor allem in S\u00fcdbayern sind seine Populationen in den letzten Jahrzehnten stark zur\u00fcckgegangen. Verantwotlich hierf\u00fcr sind vermutlich Ver\u00e4nderungen im Wald und der Landschaft im Allgemeinen, so dass der Hirschk\u00e4fer nicht mehr ausreichend Lebensraum findet.<\/p>\n<p>Eine der wenigen gr\u00f6\u00dferen Populationen des Hirschk\u00e4fers in S\u00fcdostbayern befindet sich in den Donauleiten. Hier kann man mancherorts noch Dutzende antreffen. Damit das so bleibt wird versucht, ein gro\u00dfes Totholzangebot \u2013 die Nahrungsgrundlage der Hirschk\u00e4fer-Larve \u2013 zu erhalten.<\/p>\n<p>Aber nicht nur heute, auch in fr\u00fcheren Zeiten schenkte der Mensch dem Hirschk\u00e4fer seine Aufmerksamkeit. Bereits in der Literatur der Antike finden sich Hinweise auf diesen imposanten und gr\u00f6\u00dften einheimischen K\u00e4fer. So erz\u00e4hlt der griechische Dichter ARISTOPHANES (448 -380 v. Chr.) in seiner Kom\u00f6die \u201eDie Wolken\u201d, Vers 761 \u2013 763, von einem Kinderspiel, das im alten Griechenland verbreitet war und bei welchem an einen Faden gebundene Hirschk\u00e4fer zum Wohlgefallen der Kinder durch die L\u00fcfte segeln mussten. Auch in sp\u00e4teren Zeiten war dies ein beliebtes Kinderspiel. Und noch heute steht in Frankreich der Begriff \u201ecerf-volant\u201c (fliegender Hirsch) gleicherma\u00dfen f\u00fcr den Hirschk\u00e4fer und die Flugdrachen.<\/p>\n<p>Zahlreiche andere Mythen ranken sich um das Tier. Die Germanen beispielsweise schrieben ihm \u00fcbernat\u00fcrliche Kr\u00e4fte zu und brachten ihn mit dem Gott Thor (Donar) in Verbindung. Als g\u00f6ttliches Wesen soll der K\u00e4fer Blitze angezogen haben. Andere \u00dcberlieferungen berichten von Hirschk\u00e4fern, die mit ihren Zangen gl\u00fchende Kohlen aus den Kohlemeilern in die H\u00e4user der Menschen getragen haben sollen. Bis heute haben sich volkst\u00fcmliche Bezeichnungen, wie Donnaguggi oder Hausbrenner erhalten. Auch positives, wenn gleich heute \u00fcberholtes Wissen, ist aus fr\u00fcheren Zeiten \u00fcberliefert. So soll die Asche des Hirschk\u00e4fers aphrodisierend wirken. Auch als Orakel oder gegen Zauberei kamen die Tiere zur Anwendung. In einigen Regionen Bayerns trug man das \u201eGeweih\u201c des Hirschk\u00e4fers am Charivari (Schmuckkette an der Lederhose).<\/p>\n<p>So am\u00fcsant die Geschichten aus fr\u00fcheren Zeiten auch sein m\u00f6gen, so traurig ist es, betrachtet man das Schicksal des Hirschk\u00e4fers. Im Jahr 1749 schreibt der Naturforscher Johann August R\u00f6sel von Rosenhof \u201eOb er [der Hirschk\u00e4fer] nun aber gleich jedermann, und auch so gar denen Kindern bekannt ist, [\u2026]\u201c. Heute kennen nur mehr einige, vor allem \u00e4ltere Menschen den Hirschk\u00e4fer; die wenigsten haben je einen zu Gesicht bekommen. Dies liegt wohl nicht am mangelnden Interesse f\u00fcr dieses beeindruckende Insekt. Der Grund ist viel mehr die gegenw\u00e4rtige Seltenheit des Tieres in Bayern. Ursache hierf\u00fcr d\u00fcrfte allen voran das Verschwinden naturnaher Laubw\u00e4lder aus der bayerischen Landschaft sein. Bereits vor \u00fcber 200 Jahren begann man in Bayern mit der Kultivierung von Fichten dominierten Forsten. Wo fr\u00fcher ausgedehnte und strukturreiche Laub- und Mischw\u00e4lder stockten findet man heute oft strukturarme, monotone Fichten- und Mischw\u00e4lder. Als zweite Ursache l\u00e4sst sich das Verst\u00e4ndnis von Ordnung und Sauberkeit im deutschen Forst anf\u00fchren. Am Boden liegendes Totholz und Baumst\u00fcmpfe \u2013 die Nahrungsgrundlage f\u00fcr die Larve des Hirschk\u00e4fers \u2013 wurden nicht geduldet und verschwanden vielerorts.[\/vc_column_text]<div id=\"1650446234395-2aba773b-28c2\" class=\"dt-sc-empty-space\"><\/div>[vc_column_text]Schauen Sie auch beim Projekt \u201c<a href=\"https:\/\/www.hirschkaefer-suche.de\/\" target=\"_blank\" rel=\"noopener\">Hirschk\u00e4fer-Suche<\/a>\u201d vorbei. Hier finden Sie interessante Informationen zum Hirschk\u00e4fer.[\/vc_column_text][\/vc_column][\/vc_row]<\/p>\n<\/div>","protected":false},"excerpt":{"rendered":"<p>[vc_row][vc_column][vc_custom_heading text=\u201dDer Hirschk\u00e4fer\u201d][vc_column_text] \u00a0 \u00a0 \u00a0 \u00a0 \u00a0 \u00a0 Der Hirschk\u00e4fer ist in Bayern ein eher seltenes Tier. Vor allem in S\u00fcdbayern sind seine Populationen in den letzten Jahrzehnten stark zur\u00fcckgegangen. Verantwotlich hierf\u00fcr sind vermutlich Ver\u00e4nderungen im Wald und der Landschaft im Allgemeinen, so dass der Hirschk\u00e4fer nicht mehr ausreichend Lebensraum findet. Eine der wenigen [&hellip;]<\/p>\n","protected":false},"author":1,"featured_media":0,"parent":381,"menu_order":0,"comment_status":"closed","ping_status":"closed","template":"","meta":{"footnotes":""},"class_list":["post-7471","page","type-page","status-publish","hentry"],"yoast_head":"<!-- This site is optimized with the Yoast SEO plugin v27.6 - https:\/\/yoast.com\/product\/yoast-seo-wordpress\/ -->\n<title>Hirschk\u00e4fer - Haus am Strom<\/title>\n<meta name=\"robots\" content=\"index, follow, max-snippet:-1, max-image-preview:large, max-video-preview:-1\" \/>\n<link rel=\"canonical\" href=\"https:\/\/www.hausamstrom.de\/de\/donautal\/donauleiten\/hirschkaefer\/\" \/>\n<meta property=\"og:locale\" content=\"de_DE\" \/>\n<meta property=\"og:type\" content=\"article\" \/>\n<meta property=\"og:title\" content=\"Hirschk\u00e4fer - Haus am Strom\" \/>\n<meta property=\"og:description\" content=\"[vc_row][vc_column][vc_custom_heading text=\u201dDer Hirschk\u00e4fer\u201d][vc_column_text] \u00a0 \u00a0 \u00a0 \u00a0 \u00a0 \u00a0 Der Hirschk\u00e4fer ist in Bayern ein eher seltenes Tier. Vor allem in S\u00fcdbayern sind seine Populationen in den letzten Jahrzehnten stark zur\u00fcckgegangen. Verantwotlich hierf\u00fcr sind vermutlich Ver\u00e4nderungen im Wald und der Landschaft im Allgemeinen, so dass der Hirschk\u00e4fer nicht mehr ausreichend Lebensraum findet. Eine der wenigen [&hellip;]\" \/>\n<meta property=\"og:url\" content=\"https:\/\/www.hausamstrom.de\/de\/donautal\/donauleiten\/hirschkaefer\/\" \/>\n<meta property=\"og:site_name\" content=\"Haus am Strom\" \/>\n<meta property=\"article:publisher\" content=\"https:\/\/www.facebook.com\/hausamstrom\" \/>\n<meta property=\"article:modified_time\" content=\"2024-01-11T12:21:33+00:00\" \/>\n<meta property=\"og:image\" content=\"https:\/\/www.hausamstrom.de\/wp-content\/uploads\/2023\/12\/Hirschkaefer-3556-400x300.jpg\" \/>\n<meta name=\"twitter:card\" content=\"summary_large_image\" \/>\n<meta name=\"twitter:label1\" content=\"Gesch\u00e4tzte Lesezeit\" \/>\n\t<meta name=\"twitter:data1\" content=\"3\u00a0Minuten\" \/>\n<script type=\"application\/ld+json\" class=\"yoast-schema-graph\">{\"@context\":\"https:\\\/\\\/schema.org\",\"@graph\":[{\"@type\":\"WebPage\",\"@id\":\"https:\\\/\\\/www.hausamstrom.de\\\/de\\\/donautal\\\/donauleiten\\\/hirschkaefer\\\/\",\"url\":\"https:\\\/\\\/www.hausamstrom.de\\\/de\\\/donautal\\\/donauleiten\\\/hirschkaefer\\\/\",\"name\":\"Hirschk\u00e4fer - Haus am Strom\",\"isPartOf\":{\"@id\":\"https:\\\/\\\/www.hausamstrom.de\\\/de\\\/#website\"},\"primaryImageOfPage\":{\"@id\":\"https:\\\/\\\/www.hausamstrom.de\\\/de\\\/donautal\\\/donauleiten\\\/hirschkaefer\\\/#primaryimage\"},\"image\":{\"@id\":\"https:\\\/\\\/www.hausamstrom.de\\\/de\\\/donautal\\\/donauleiten\\\/hirschkaefer\\\/#primaryimage\"},\"thumbnailUrl\":\"https:\\\/\\\/www.hausamstrom.de\\\/wp-content\\\/uploads\\\/2023\\\/12\\\/Hirschkaefer-3556-400x300.jpg\",\"datePublished\":\"2020-06-04T13:02:38+00:00\",\"dateModified\":\"2024-01-11T12:21:33+00:00\",\"breadcrumb\":{\"@id\":\"https:\\\/\\\/www.hausamstrom.de\\\/de\\\/donautal\\\/donauleiten\\\/hirschkaefer\\\/#breadcrumb\"},\"inLanguage\":\"de\",\"potentialAction\":[{\"@type\":\"ReadAction\",\"target\":[\"https:\\\/\\\/www.hausamstrom.de\\\/de\\\/donautal\\\/donauleiten\\\/hirschkaefer\\\/\"]}]},{\"@type\":\"ImageObject\",\"inLanguage\":\"de\",\"@id\":\"https:\\\/\\\/www.hausamstrom.de\\\/de\\\/donautal\\\/donauleiten\\\/hirschkaefer\\\/#primaryimage\",\"url\":\"https:\\\/\\\/www.hausamstrom.de\\\/wp-content\\\/uploads\\\/2023\\\/12\\\/Hirschkaefer-3556-400x300.jpg\",\"contentUrl\":\"https:\\\/\\\/www.hausamstrom.de\\\/wp-content\\\/uploads\\\/2023\\\/12\\\/Hirschkaefer-3556-400x300.jpg\"},{\"@type\":\"BreadcrumbList\",\"@id\":\"https:\\\/\\\/www.hausamstrom.de\\\/de\\\/donautal\\\/donauleiten\\\/hirschkaefer\\\/#breadcrumb\",\"itemListElement\":[{\"@type\":\"ListItem\",\"position\":1,\"name\":\"Home\",\"item\":\"https:\\\/\\\/www.hausamstrom.de\\\/de\\\/\"},{\"@type\":\"ListItem\",\"position\":2,\"name\":\"Donautal\",\"item\":\"https:\\\/\\\/www.hausamstrom.de\\\/de\\\/donautal\\\/\"},{\"@type\":\"ListItem\",\"position\":3,\"name\":\"Donauleiten\",\"item\":\"https:\\\/\\\/www.hausamstrom.de\\\/de\\\/donautal\\\/donauleiten\\\/\"},{\"@type\":\"ListItem\",\"position\":4,\"name\":\"Hirschk\u00e4fer\"}]},{\"@type\":\"WebSite\",\"@id\":\"https:\\\/\\\/www.hausamstrom.de\\\/de\\\/#website\",\"url\":\"https:\\\/\\\/www.hausamstrom.de\\\/de\\\/\",\"name\":\"Haus am Strom\",\"description\":\"Umweltbildungsstation im Passauer Donautal. Umweltbildung und Naturschutz f\u00fcr Kinder und Erwachsenen.\",\"publisher\":{\"@id\":\"https:\\\/\\\/www.hausamstrom.de\\\/de\\\/#organization\"},\"potentialAction\":[{\"@type\":\"SearchAction\",\"target\":{\"@type\":\"EntryPoint\",\"urlTemplate\":\"https:\\\/\\\/www.hausamstrom.de\\\/de\\\/?s={search_term_string}\"},\"query-input\":{\"@type\":\"PropertyValueSpecification\",\"valueRequired\":true,\"valueName\":\"search_term_string\"}}],\"inLanguage\":\"de\"},{\"@type\":\"Organization\",\"@id\":\"https:\\\/\\\/www.hausamstrom.de\\\/de\\\/#organization\",\"name\":\"Haus am Strom\",\"url\":\"https:\\\/\\\/www.hausamstrom.de\\\/de\\\/\",\"logo\":{\"@type\":\"ImageObject\",\"inLanguage\":\"de\",\"@id\":\"https:\\\/\\\/www.hausamstrom.de\\\/de\\\/#\\\/schema\\\/logo\\\/image\\\/\",\"url\":\"https:\\\/\\\/www.hausamstrom.de\\\/wp-content\\\/uploads\\\/2025\\\/06\\\/Logo-quadratisch-1024x1024.jpg\",\"contentUrl\":\"https:\\\/\\\/www.hausamstrom.de\\\/wp-content\\\/uploads\\\/2025\\\/06\\\/Logo-quadratisch-1024x1024.jpg\",\"width\":1024,\"height\":1024,\"caption\":\"Haus am Strom\"},\"image\":{\"@id\":\"https:\\\/\\\/www.hausamstrom.de\\\/de\\\/#\\\/schema\\\/logo\\\/image\\\/\"},\"sameAs\":[\"https:\\\/\\\/www.facebook.com\\\/hausamstrom\",\"https:\\\/\\\/www.instagram.com\\\/\"]}]}<\/script>\n<!-- \/ Yoast SEO plugin. -->","yoast_head_json":{"title":"Hirschk\u00e4fer - Haus am Strom","robots":{"index":"index","follow":"follow","max-snippet":"max-snippet:-1","max-image-preview":"max-image-preview:large","max-video-preview":"max-video-preview:-1"},"canonical":"https:\/\/www.hausamstrom.de\/de\/donautal\/donauleiten\/hirschkaefer\/","og_locale":"de_DE","og_type":"article","og_title":"Hirschk\u00e4fer - Haus am Strom","og_description":"[vc_row][vc_column][vc_custom_heading text=\u201dDer Hirschk\u00e4fer\u201d][vc_column_text] \u00a0 \u00a0 \u00a0 \u00a0 \u00a0 \u00a0 Der Hirschk\u00e4fer ist in Bayern ein eher seltenes Tier. Vor allem in S\u00fcdbayern sind seine Populationen in den letzten Jahrzehnten stark zur\u00fcckgegangen. Verantwotlich hierf\u00fcr sind vermutlich Ver\u00e4nderungen im Wald und der Landschaft im Allgemeinen, so dass der Hirschk\u00e4fer nicht mehr ausreichend Lebensraum findet. Eine der wenigen [&hellip;]","og_url":"https:\/\/www.hausamstrom.de\/de\/donautal\/donauleiten\/hirschkaefer\/","og_site_name":"Haus am Strom","article_publisher":"https:\/\/www.facebook.com\/hausamstrom","article_modified_time":"2024-01-11T12:21:33+00:00","og_image":[{"url":"https:\/\/www.hausamstrom.de\/wp-content\/uploads\/2023\/12\/Hirschkaefer-3556-400x300.jpg","type":"","width":"","height":""}],"twitter_card":"summary_large_image","twitter_misc":{"Gesch\u00e4tzte Lesezeit":"3\u00a0Minuten"},"schema":{"@context":"https:\/\/schema.org","@graph":[{"@type":"WebPage","@id":"https:\/\/www.hausamstrom.de\/de\/donautal\/donauleiten\/hirschkaefer\/","url":"https:\/\/www.hausamstrom.de\/de\/donautal\/donauleiten\/hirschkaefer\/","name":"Hirschk\u00e4fer - Haus am Strom","isPartOf":{"@id":"https:\/\/www.hausamstrom.de\/de\/#website"},"primaryImageOfPage":{"@id":"https:\/\/www.hausamstrom.de\/de\/donautal\/donauleiten\/hirschkaefer\/#primaryimage"},"image":{"@id":"https:\/\/www.hausamstrom.de\/de\/donautal\/donauleiten\/hirschkaefer\/#primaryimage"},"thumbnailUrl":"https:\/\/www.hausamstrom.de\/wp-content\/uploads\/2023\/12\/Hirschkaefer-3556-400x300.jpg","datePublished":"2020-06-04T13:02:38+00:00","dateModified":"2024-01-11T12:21:33+00:00","breadcrumb":{"@id":"https:\/\/www.hausamstrom.de\/de\/donautal\/donauleiten\/hirschkaefer\/#breadcrumb"},"inLanguage":"de","potentialAction":[{"@type":"ReadAction","target":["https:\/\/www.hausamstrom.de\/de\/donautal\/donauleiten\/hirschkaefer\/"]}]},{"@type":"ImageObject","inLanguage":"de","@id":"https:\/\/www.hausamstrom.de\/de\/donautal\/donauleiten\/hirschkaefer\/#primaryimage","url":"https:\/\/www.hausamstrom.de\/wp-content\/uploads\/2023\/12\/Hirschkaefer-3556-400x300.jpg","contentUrl":"https:\/\/www.hausamstrom.de\/wp-content\/uploads\/2023\/12\/Hirschkaefer-3556-400x300.jpg"},{"@type":"BreadcrumbList","@id":"https:\/\/www.hausamstrom.de\/de\/donautal\/donauleiten\/hirschkaefer\/#breadcrumb","itemListElement":[{"@type":"ListItem","position":1,"name":"Home","item":"https:\/\/www.hausamstrom.de\/de\/"},{"@type":"ListItem","position":2,"name":"Donautal","item":"https:\/\/www.hausamstrom.de\/de\/donautal\/"},{"@type":"ListItem","position":3,"name":"Donauleiten","item":"https:\/\/www.hausamstrom.de\/de\/donautal\/donauleiten\/"},{"@type":"ListItem","position":4,"name":"Hirschk\u00e4fer"}]},{"@type":"WebSite","@id":"https:\/\/www.hausamstrom.de\/de\/#website","url":"https:\/\/www.hausamstrom.de\/de\/","name":"Haus am Strom","description":"Umweltbildungsstation im Passauer Donautal. Umweltbildung und Naturschutz f\u00fcr Kinder und Erwachsenen.","publisher":{"@id":"https:\/\/www.hausamstrom.de\/de\/#organization"},"potentialAction":[{"@type":"SearchAction","target":{"@type":"EntryPoint","urlTemplate":"https:\/\/www.hausamstrom.de\/de\/?s={search_term_string}"},"query-input":{"@type":"PropertyValueSpecification","valueRequired":true,"valueName":"search_term_string"}}],"inLanguage":"de"},{"@type":"Organization","@id":"https:\/\/www.hausamstrom.de\/de\/#organization","name":"Haus am Strom","url":"https:\/\/www.hausamstrom.de\/de\/","logo":{"@type":"ImageObject","inLanguage":"de","@id":"https:\/\/www.hausamstrom.de\/de\/#\/schema\/logo\/image\/","url":"https:\/\/www.hausamstrom.de\/wp-content\/uploads\/2025\/06\/Logo-quadratisch-1024x1024.jpg","contentUrl":"https:\/\/www.hausamstrom.de\/wp-content\/uploads\/2025\/06\/Logo-quadratisch-1024x1024.jpg","width":1024,"height":1024,"caption":"Haus am Strom"},"image":{"@id":"https:\/\/www.hausamstrom.de\/de\/#\/schema\/logo\/image\/"},"sameAs":["https:\/\/www.facebook.com\/hausamstrom","https:\/\/www.instagram.com\/"]}]}},"_links":{"self":[{"href":"https:\/\/www.hausamstrom.de\/de\/wp-json\/wp\/v2\/pages\/7471","targetHints":{"allow":["GET"]}}],"collection":[{"href":"https:\/\/www.hausamstrom.de\/de\/wp-json\/wp\/v2\/pages"}],"about":[{"href":"https:\/\/www.hausamstrom.de\/de\/wp-json\/wp\/v2\/types\/page"}],"author":[{"embeddable":true,"href":"https:\/\/www.hausamstrom.de\/de\/wp-json\/wp\/v2\/users\/1"}],"replies":[{"embeddable":true,"href":"https:\/\/www.hausamstrom.de\/de\/wp-json\/wp\/v2\/comments?post=7471"}],"version-history":[{"count":10,"href":"https:\/\/www.hausamstrom.de\/de\/wp-json\/wp\/v2\/pages\/7471\/revisions"}],"predecessor-version":[{"id":12185,"href":"https:\/\/www.hausamstrom.de\/de\/wp-json\/wp\/v2\/pages\/7471\/revisions\/12185"}],"up":[{"embeddable":true,"href":"https:\/\/www.hausamstrom.de\/de\/wp-json\/wp\/v2\/pages\/381"}],"wp:attachment":[{"href":"https:\/\/www.hausamstrom.de\/de\/wp-json\/wp\/v2\/media?parent=7471"}],"curies":[{"name":"wp","href":"https:\/\/api.w.org\/{rel}","templated":true}]}}