{"id":758,"date":"2016-04-07T10:27:08","date_gmt":"2016-04-07T08:27:08","guid":{"rendered":"http:\/\/hosting6807.af944.netcup.net\/?page_id=758"},"modified":"2023-11-09T13:17:09","modified_gmt":"2023-11-09T12:17:09","slug":"entstehung","status":"publish","type":"page","link":"https:\/\/www.hausamstrom.de\/de\/donautal\/geografie\/entstehung\/","title":{"rendered":"Entstehung"},"content":{"rendered":"<div class=\"wpb-content-wrapper\"><p>[vc_row][vc_column][vc_column_text]<img loading=\"lazy\" decoding=\"async\" class=\"wp-image-759 alignright\" src=\"https:\/\/hausamstrom.de\/wp-content\/uploads\/2016\/04\/csm_Schl\u00f6gener_Schlinge_7398cc01a6-400x223.jpg\" alt=\"csm_Schl\u00f6gener_Schlinge_7398cc01a6\" width=\"488\" height=\"272\" \/><\/p>\n<p>Die Geschichte des Tals beginnt mit der Heraushebung der B\u00f6hmischen Masse vor 17-18 Millionen Jahren im Terti\u00e4r. Die urspr\u00fcnglichen Sturkturen der Talanlagen waren in dieser Zeit aber schon geschaffen. Denn schon in der fr\u00fchen Erdgeschichte, im Pr\u00e4kambrium vor 1000 Millionen Jahren, wurden die noch im Bau des Gebirges erkennbaren Strukturen und Richtungen angelegt.<\/p>\n<p>Eine wichtige Rolle f\u00fcr den Verlauf der Donau spielt seit jeher die Anlage der diesen Raum durchziehenden tektonischen St\u00f6rungen. Die Donau folgt ab Regensburg exakt der Richtung der Hauptst\u00f6rungslinien von Westnordwest nach Osts\u00fcdost. Bis zum Eintritt ins Kristallin an der Ruine Hilgartsberg folgt die Donau dem sog. Donaurandbruch. Dies ist eine Bruchlinie, an der das Grundgebirge bis \u00fcber 1000 Meter gegen\u00fcber dem s\u00fcdlichen terti\u00e4ren Vorland angehoben wurde. W\u00e4hrend der Donaurandbruch bei Hofkirchen nach S\u00fcden abweicht und sich bei Griesbach und Pocking verliert, setzt die Donau ihren Weg nach S\u00fcdosten fort. Ein Vorl\u00e4ufer einer Urdonau, von Ober\u00f6sterreich kommend, hat hier wohl nach Westen durch r\u00fcckschreitende Erosion das Tal weiter eingeschnitten und so den jetzigen Donauverlauf bestimmt.<\/p>\n<p>Einer anderen Theorie nach k\u00f6nnte der Verlauf der Urdonau ab Osterhofen bis Passau auch der Hengersberger Terti\u00e4rbucht und weiter dem Aicha-Halser-Nebenpfahl, dem \u201ckleinen Bruder\u201d der Pfahlst\u00f6rung, gefolgt sein. Die Fortsetzung nach Osten k\u00f6nnte dann von Passau nach S\u00fcden und \u00fcber den Sch\u00e4rdinger Raum s\u00fcdlich um das Kristallin in Richtung \u00d6sterreich gef\u00fchrt haben. Wohl erst am Ende des Terti\u00e4rs fand die Donau dann ihr heutiges Bett. Oberhalb von Passau wurde sie dabei durch Abschwemmungen an den s\u00fcdlichen Rand des Kristallins gedr\u00e4ngt. Und unterhalb von Passau folgt die Donau heute der Donauleitenst\u00f6rung in direkter Fortsetzung der Donaurandst\u00f6rung und des Aicha-Halser-Nebenpfahles.<\/p>\n<p>W\u00e4hrend des Pleistoz\u00e4n (vor ca. 1,5 Millionen Jahren), also w\u00e4hrend des Eiszeitalters, fand dann durch die fortlaufende Hebung der gesamten B\u00f6hmischen Masse die wesentliche Ausr\u00e4umung und Bildung des heutigen Donautales statt. Es kam zur Entstehung des heute vorliegenden epigenetischen Durchbruchstales, was nichts anderes bedeutet, als dass zeitgleich mit der Hebung des Gebirges die Eintiefung des Tales erfolgte. Der Einschnitt der Donau wurde dabei durch die bereits geschilderten vorgezeichneten tektonischen Linien erleichtert.<\/p>\n<p>Die Enge des Donautales wird immer wieder unterbrochen von Verebnungsfl\u00e4chen, an denen der Fluss Kiese und Sande abgelagert hat. Diese Fl\u00e4chen stellen sowohl wichtige Siedlungsbereiche dar, dienen aber durch ihre Speicherf\u00e4higkeit auch als wichtiges Grundwasserreservoir. So beziehen die Stadt Passau, aber auch die Gemeinden Obernzell oder Jochenstein ihr Trinkwasser aus den kiesigen Ablagerungen in den Donauauen.[\/vc_column_text][\/vc_column][\/vc_row]<\/p>\n<\/div>","protected":false},"excerpt":{"rendered":"<p>[vc_row][vc_column][vc_column_text] Die Geschichte des Tals beginnt mit der Heraushebung der B\u00f6hmischen Masse vor 17-18 Millionen Jahren im Terti\u00e4r. Die urspr\u00fcnglichen Sturkturen der Talanlagen waren in dieser Zeit aber schon geschaffen. Denn schon in der fr\u00fchen Erdgeschichte, im Pr\u00e4kambrium vor 1000 Millionen Jahren, wurden die noch im Bau des Gebirges erkennbaren Strukturen und Richtungen angelegt. Eine [&hellip;]<\/p>\n","protected":false},"author":1,"featured_media":0,"parent":387,"menu_order":0,"comment_status":"closed","ping_status":"closed","template":"","meta":{"footnotes":""},"class_list":["post-758","page","type-page","status-publish","hentry"],"yoast_head":"<!-- This site is optimized with the Yoast SEO plugin v27.5 - https:\/\/yoast.com\/product\/yoast-seo-wordpress\/ -->\n<title>Entstehung - Haus am Strom<\/title>\n<meta name=\"robots\" content=\"index, follow, max-snippet:-1, max-image-preview:large, max-video-preview:-1\" \/>\n<link rel=\"canonical\" href=\"https:\/\/www.hausamstrom.de\/de\/donautal\/geografie\/entstehung\/\" \/>\n<meta property=\"og:locale\" content=\"de_DE\" \/>\n<meta property=\"og:type\" content=\"article\" \/>\n<meta property=\"og:title\" content=\"Entstehung - Haus am Strom\" \/>\n<meta property=\"og:description\" content=\"[vc_row][vc_column][vc_column_text] Die Geschichte des Tals beginnt mit der Heraushebung der B\u00f6hmischen Masse vor 17-18 Millionen Jahren im Terti\u00e4r. Die urspr\u00fcnglichen Sturkturen der Talanlagen waren in dieser Zeit aber schon geschaffen. Denn schon in der fr\u00fchen Erdgeschichte, im Pr\u00e4kambrium vor 1000 Millionen Jahren, wurden die noch im Bau des Gebirges erkennbaren Strukturen und Richtungen angelegt. Eine [&hellip;]\" \/>\n<meta property=\"og:url\" content=\"https:\/\/www.hausamstrom.de\/de\/donautal\/geografie\/entstehung\/\" \/>\n<meta property=\"og:site_name\" content=\"Haus am Strom\" \/>\n<meta property=\"article:publisher\" content=\"https:\/\/www.facebook.com\/hausamstrom\" \/>\n<meta property=\"article:modified_time\" content=\"2023-11-09T12:17:09+00:00\" \/>\n<meta name=\"twitter:card\" content=\"summary_large_image\" \/>\n<meta name=\"twitter:label1\" content=\"Gesch\u00e4tzte Lesezeit\" \/>\n\t<meta name=\"twitter:data1\" content=\"2\u00a0Minuten\" \/>\n<script type=\"application\/ld+json\" class=\"yoast-schema-graph\">{\"@context\":\"https:\\\/\\\/schema.org\",\"@graph\":[{\"@type\":\"WebPage\",\"@id\":\"https:\\\/\\\/www.hausamstrom.de\\\/de\\\/donautal\\\/geografie\\\/entstehung\\\/\",\"url\":\"https:\\\/\\\/www.hausamstrom.de\\\/de\\\/donautal\\\/geografie\\\/entstehung\\\/\",\"name\":\"Entstehung - Haus am Strom\",\"isPartOf\":{\"@id\":\"https:\\\/\\\/www.hausamstrom.de\\\/de\\\/#website\"},\"datePublished\":\"2016-04-07T08:27:08+00:00\",\"dateModified\":\"2023-11-09T12:17:09+00:00\",\"breadcrumb\":{\"@id\":\"https:\\\/\\\/www.hausamstrom.de\\\/de\\\/donautal\\\/geografie\\\/entstehung\\\/#breadcrumb\"},\"inLanguage\":\"de\",\"potentialAction\":[{\"@type\":\"ReadAction\",\"target\":[\"https:\\\/\\\/www.hausamstrom.de\\\/de\\\/donautal\\\/geografie\\\/entstehung\\\/\"]}]},{\"@type\":\"BreadcrumbList\",\"@id\":\"https:\\\/\\\/www.hausamstrom.de\\\/de\\\/donautal\\\/geografie\\\/entstehung\\\/#breadcrumb\",\"itemListElement\":[{\"@type\":\"ListItem\",\"position\":1,\"name\":\"Home\",\"item\":\"https:\\\/\\\/www.hausamstrom.de\\\/de\\\/\"},{\"@type\":\"ListItem\",\"position\":2,\"name\":\"Donautal\",\"item\":\"https:\\\/\\\/www.hausamstrom.de\\\/de\\\/donautal\\\/\"},{\"@type\":\"ListItem\",\"position\":3,\"name\":\"Geografie\",\"item\":\"https:\\\/\\\/www.hausamstrom.de\\\/de\\\/donautal\\\/geografie\\\/\"},{\"@type\":\"ListItem\",\"position\":4,\"name\":\"Entstehung\"}]},{\"@type\":\"WebSite\",\"@id\":\"https:\\\/\\\/www.hausamstrom.de\\\/de\\\/#website\",\"url\":\"https:\\\/\\\/www.hausamstrom.de\\\/de\\\/\",\"name\":\"Haus am Strom\",\"description\":\"Umweltbildungsstation im Passauer Donautal. Umweltbildung und Naturschutz f\u00fcr Kinder und Erwachsenen.\",\"publisher\":{\"@id\":\"https:\\\/\\\/www.hausamstrom.de\\\/de\\\/#organization\"},\"potentialAction\":[{\"@type\":\"SearchAction\",\"target\":{\"@type\":\"EntryPoint\",\"urlTemplate\":\"https:\\\/\\\/www.hausamstrom.de\\\/de\\\/?s={search_term_string}\"},\"query-input\":{\"@type\":\"PropertyValueSpecification\",\"valueRequired\":true,\"valueName\":\"search_term_string\"}}],\"inLanguage\":\"de\"},{\"@type\":\"Organization\",\"@id\":\"https:\\\/\\\/www.hausamstrom.de\\\/de\\\/#organization\",\"name\":\"Haus am Strom\",\"url\":\"https:\\\/\\\/www.hausamstrom.de\\\/de\\\/\",\"logo\":{\"@type\":\"ImageObject\",\"inLanguage\":\"de\",\"@id\":\"https:\\\/\\\/www.hausamstrom.de\\\/de\\\/#\\\/schema\\\/logo\\\/image\\\/\",\"url\":\"https:\\\/\\\/www.hausamstrom.de\\\/wp-content\\\/uploads\\\/2025\\\/06\\\/Logo-quadratisch-1024x1024.jpg\",\"contentUrl\":\"https:\\\/\\\/www.hausamstrom.de\\\/wp-content\\\/uploads\\\/2025\\\/06\\\/Logo-quadratisch-1024x1024.jpg\",\"width\":1024,\"height\":1024,\"caption\":\"Haus am Strom\"},\"image\":{\"@id\":\"https:\\\/\\\/www.hausamstrom.de\\\/de\\\/#\\\/schema\\\/logo\\\/image\\\/\"},\"sameAs\":[\"https:\\\/\\\/www.facebook.com\\\/hausamstrom\",\"https:\\\/\\\/www.instagram.com\\\/\"]}]}<\/script>\n<!-- \/ Yoast SEO plugin. -->","yoast_head_json":{"title":"Entstehung - Haus am Strom","robots":{"index":"index","follow":"follow","max-snippet":"max-snippet:-1","max-image-preview":"max-image-preview:large","max-video-preview":"max-video-preview:-1"},"canonical":"https:\/\/www.hausamstrom.de\/de\/donautal\/geografie\/entstehung\/","og_locale":"de_DE","og_type":"article","og_title":"Entstehung - Haus am Strom","og_description":"[vc_row][vc_column][vc_column_text] Die Geschichte des Tals beginnt mit der Heraushebung der B\u00f6hmischen Masse vor 17-18 Millionen Jahren im Terti\u00e4r. Die urspr\u00fcnglichen Sturkturen der Talanlagen waren in dieser Zeit aber schon geschaffen. Denn schon in der fr\u00fchen Erdgeschichte, im Pr\u00e4kambrium vor 1000 Millionen Jahren, wurden die noch im Bau des Gebirges erkennbaren Strukturen und Richtungen angelegt. Eine [&hellip;]","og_url":"https:\/\/www.hausamstrom.de\/de\/donautal\/geografie\/entstehung\/","og_site_name":"Haus am Strom","article_publisher":"https:\/\/www.facebook.com\/hausamstrom","article_modified_time":"2023-11-09T12:17:09+00:00","twitter_card":"summary_large_image","twitter_misc":{"Gesch\u00e4tzte Lesezeit":"2\u00a0Minuten"},"schema":{"@context":"https:\/\/schema.org","@graph":[{"@type":"WebPage","@id":"https:\/\/www.hausamstrom.de\/de\/donautal\/geografie\/entstehung\/","url":"https:\/\/www.hausamstrom.de\/de\/donautal\/geografie\/entstehung\/","name":"Entstehung - Haus am Strom","isPartOf":{"@id":"https:\/\/www.hausamstrom.de\/de\/#website"},"datePublished":"2016-04-07T08:27:08+00:00","dateModified":"2023-11-09T12:17:09+00:00","breadcrumb":{"@id":"https:\/\/www.hausamstrom.de\/de\/donautal\/geografie\/entstehung\/#breadcrumb"},"inLanguage":"de","potentialAction":[{"@type":"ReadAction","target":["https:\/\/www.hausamstrom.de\/de\/donautal\/geografie\/entstehung\/"]}]},{"@type":"BreadcrumbList","@id":"https:\/\/www.hausamstrom.de\/de\/donautal\/geografie\/entstehung\/#breadcrumb","itemListElement":[{"@type":"ListItem","position":1,"name":"Home","item":"https:\/\/www.hausamstrom.de\/de\/"},{"@type":"ListItem","position":2,"name":"Donautal","item":"https:\/\/www.hausamstrom.de\/de\/donautal\/"},{"@type":"ListItem","position":3,"name":"Geografie","item":"https:\/\/www.hausamstrom.de\/de\/donautal\/geografie\/"},{"@type":"ListItem","position":4,"name":"Entstehung"}]},{"@type":"WebSite","@id":"https:\/\/www.hausamstrom.de\/de\/#website","url":"https:\/\/www.hausamstrom.de\/de\/","name":"Haus am Strom","description":"Umweltbildungsstation im Passauer Donautal. Umweltbildung und Naturschutz f\u00fcr Kinder und Erwachsenen.","publisher":{"@id":"https:\/\/www.hausamstrom.de\/de\/#organization"},"potentialAction":[{"@type":"SearchAction","target":{"@type":"EntryPoint","urlTemplate":"https:\/\/www.hausamstrom.de\/de\/?s={search_term_string}"},"query-input":{"@type":"PropertyValueSpecification","valueRequired":true,"valueName":"search_term_string"}}],"inLanguage":"de"},{"@type":"Organization","@id":"https:\/\/www.hausamstrom.de\/de\/#organization","name":"Haus am Strom","url":"https:\/\/www.hausamstrom.de\/de\/","logo":{"@type":"ImageObject","inLanguage":"de","@id":"https:\/\/www.hausamstrom.de\/de\/#\/schema\/logo\/image\/","url":"https:\/\/www.hausamstrom.de\/wp-content\/uploads\/2025\/06\/Logo-quadratisch-1024x1024.jpg","contentUrl":"https:\/\/www.hausamstrom.de\/wp-content\/uploads\/2025\/06\/Logo-quadratisch-1024x1024.jpg","width":1024,"height":1024,"caption":"Haus am Strom"},"image":{"@id":"https:\/\/www.hausamstrom.de\/de\/#\/schema\/logo\/image\/"},"sameAs":["https:\/\/www.facebook.com\/hausamstrom","https:\/\/www.instagram.com\/"]}]}},"_links":{"self":[{"href":"https:\/\/www.hausamstrom.de\/de\/wp-json\/wp\/v2\/pages\/758","targetHints":{"allow":["GET"]}}],"collection":[{"href":"https:\/\/www.hausamstrom.de\/de\/wp-json\/wp\/v2\/pages"}],"about":[{"href":"https:\/\/www.hausamstrom.de\/de\/wp-json\/wp\/v2\/types\/page"}],"author":[{"embeddable":true,"href":"https:\/\/www.hausamstrom.de\/de\/wp-json\/wp\/v2\/users\/1"}],"replies":[{"embeddable":true,"href":"https:\/\/www.hausamstrom.de\/de\/wp-json\/wp\/v2\/comments?post=758"}],"version-history":[{"count":7,"href":"https:\/\/www.hausamstrom.de\/de\/wp-json\/wp\/v2\/pages\/758\/revisions"}],"predecessor-version":[{"id":11603,"href":"https:\/\/www.hausamstrom.de\/de\/wp-json\/wp\/v2\/pages\/758\/revisions\/11603"}],"up":[{"embeddable":true,"href":"https:\/\/www.hausamstrom.de\/de\/wp-json\/wp\/v2\/pages\/387"}],"wp:attachment":[{"href":"https:\/\/www.hausamstrom.de\/de\/wp-json\/wp\/v2\/media?parent=758"}],"curies":[{"name":"wp","href":"https:\/\/api.w.org\/{rel}","templated":true}]}}